{"id":39953,"date":"2023-02-10T10:51:25","date_gmt":"2023-02-10T09:51:25","guid":{"rendered":"https:\/\/www.naturgy.com\/policies-and-codes-of-conduct\/market-abuse-regulation-mar\/"},"modified":"2023-03-30T13:27:02","modified_gmt":"2023-03-30T11:27:02","slug":"regulamento-de-abuso-de-mercado-mar","status":"publish","type":"page","link":"https:\/\/www.naturgy.com\/gl\/conecenos-naturgy\/o-grupo\/politicas-e-codigos-de-conduta\/regulamento-de-abuso-de-mercado-mar\/","title":{"rendered":"Regulamento de abuso de mercado (MAR)"},"content":{"rendered":"\t\t<div data-elementor-type=\"wp-page\" data-elementor-id=\"39953\" class=\"elementor elementor-39953 elementor-21713\" data-elementor-post-type=\"page\">\n\t\t\t\t<div class=\"elementor-element elementor-element-51df468c e-flex e-con-boxed e-con e-parent\" data-id=\"51df468c\" data-element_type=\"container\">\n\t\t\t\t\t<div class=\"e-con-inner\">\n\t\t<div class=\"elementor-element elementor-element-4836e061 e-con-full e-flex e-con e-parent\" data-id=\"4836e061\" data-element_type=\"container\">\n\t\t\t\t<div class=\"elementor-element elementor-element-4ea4621b elementor-widget elementor-widget-shortcode\" data-id=\"4ea4621b\" data-element_type=\"widget\" data-widget_type=\"shortcode.default\">\n\t\t\t\t<div class=\"elementor-widget-container\">\n\t\t\t\t\t\t\t<div class=\"elementor-shortcode\"><nav aria-label=\"breadcrumbs\" class=\"rank-math-breadcrumb\"><p><span class=\"last\">Comeza<\/span><\/p><\/nav><\/div>\n\t\t\t\t\t\t<\/div>\n\t\t\t\t<\/div>\n\t\t\t\t<div class=\"elementor-element elementor-element-3f924e9b elementor-widget elementor-widget-heading\" data-id=\"3f924e9b\" data-element_type=\"widget\" data-widget_type=\"heading.default\">\n\t\t\t\t<div class=\"elementor-widget-container\">\n\t\t\t\t\t<h1 class=\"elementor-heading-title elementor-size-default\">Regulamento de abuso de mercado (MAR)<\/h1>\t\t\t\t<\/div>\n\t\t\t\t<\/div>\n\t\t\t\t<\/div>\n\t\t<div class=\"elementor-element elementor-element-44538196 e-con-full e-flex e-con e-parent\" data-id=\"44538196\" data-element_type=\"container\">\n\t\t\t\t<div class=\"elementor-element elementor-element-59631b6d elementor-widget elementor-widget-spacer\" data-id=\"59631b6d\" data-element_type=\"widget\" data-widget_type=\"spacer.default\">\n\t\t\t\t<div class=\"elementor-widget-container\">\n\t\t\t\t\t\t\t<div class=\"elementor-spacer\">\n\t\t\t<div class=\"elementor-spacer-inner\"><\/div>\n\t\t<\/div>\n\t\t\t\t\t\t<\/div>\n\t\t\t\t<\/div>\n\t\t\t\t<\/div>\n\t\t\t\t\t<\/div>\n\t\t\t\t<\/div>\n\t\t<div class=\"elementor-element elementor-element-43abe279 e-flex e-con-boxed e-con e-parent\" data-id=\"43abe279\" data-element_type=\"container\">\n\t\t\t\t\t<div class=\"e-con-inner\">\n\t\t\t\t<div class=\"elementor-element elementor-element-252aa86d elementor-widget elementor-widget-text-editor\" data-id=\"252aa86d\" data-element_type=\"widget\" data-widget_type=\"text-editor.default\">\n\t\t\t\t<div class=\"elementor-widget-container\">\n\t\t\t\t\t\t\t\t\t<div id=\"fila2\" class=\"bg-fluid \">\n<div class=\"container\">\n<div class=\"row\">\n<div class=\"col-md-12\">\n<div class=\"flex-row flex-center-xs\">\n<div class=\"flex-col-xs-12 flex-col-sm-12\">\n<div class=\"textFree \">\n<div class=\"textFree__text\">No noso firme compromiso permanente por cumprir coa normativa vixente nos mercados nos que operamos, temos establecidos mecanismos de control para asegurar o cumprimento da\u00a0<strong>normativa europea sobre abuso de mercado<\/strong>\u00a0(MAR).<\/div>\n<\/div>\n<\/div>\n<div><\/div>\n<\/div>\n<\/div>\n<\/div>\n<\/div>\n<\/div>\n<div id=\"fila3\" class=\"bg-fluid \">\n<div class=\"container\">\n<div class=\"row\">\n<div class=\"col-md-12\">\n<div class=\"flex-row flex-center-xs\">\n<div class=\"flex-col-xs-12 flex-col-sm-12\">\n<div class=\"textFree \">\n<div><\/div>\n<div class=\"textFree__text\">O Regulamento de abuso de mercado (MAR) do Parlamento e o Consello Europeo est\u00e1 vixente dende o 3 de xullo de 2016 e ten como <strong>obxectivo\u00a0<\/strong><strong>evitaras<\/strong> seguintes condutas:<\/div>\n<\/div>\n<\/div>\n<\/div>\n<\/div>\n<\/div>\n<\/div>\n<\/div>\t\t\t\t\t\t\t\t<\/div>\n\t\t\t\t<\/div>\n\t\t\t\t\t<\/div>\n\t\t\t\t<\/div>\n\t\t<div class=\"elementor-element elementor-element-17763d9e e-con-full e-flex e-con e-parent\" data-id=\"17763d9e\" data-element_type=\"container\">\n\t\t\t\t<div class=\"elementor-element elementor-element-61143e0d elementor-widget elementor-widget-spacer\" data-id=\"61143e0d\" data-element_type=\"widget\" data-widget_type=\"spacer.default\">\n\t\t\t\t<div class=\"elementor-widget-container\">\n\t\t\t\t\t\t\t<div class=\"elementor-spacer\">\n\t\t\t<div class=\"elementor-spacer-inner\"><\/div>\n\t\t<\/div>\n\t\t\t\t\t\t<\/div>\n\t\t\t\t<\/div>\n\t\t\t\t<\/div>\n\t\t<div class=\"elementor-element elementor-element-7f0e13f9 grid col-3 e-flex e-con-boxed e-con e-parent\" data-id=\"7f0e13f9\" data-element_type=\"container\">\n\t\t\t\t\t<div class=\"e-con-inner\">\n\t\t<div class=\"elementor-element elementor-element-1184c412 e-con-full e-flex e-con e-parent\" data-id=\"1184c412\" data-element_type=\"container\" data-settings=\"{&quot;background_background&quot;:&quot;classic&quot;}\">\n\t\t<div class=\"elementor-element elementor-element-152901fe e-con-full e-flex e-con e-parent\" data-id=\"152901fe\" data-element_type=\"container\">\n\t\t\t\t<div class=\"elementor-element elementor-element-78e5a678 elementor-widget elementor-widget-heading\" data-id=\"78e5a678\" data-element_type=\"widget\" data-widget_type=\"heading.default\">\n\t\t\t\t<div class=\"elementor-widget-container\">\n\t\t\t\t\t<div class=\"elementor-heading-title elementor-size-default\">O uso de informaci\u00f3n privilexiada para realizar operaci\u00f3ns<\/div>\t\t\t\t<\/div>\n\t\t\t\t<\/div>\n\t\t\t\t<\/div>\n\t\t\t\t<\/div>\n\t\t<div class=\"elementor-element elementor-element-42deac47 e-con-full e-flex e-con e-parent\" data-id=\"42deac47\" data-element_type=\"container\" data-settings=\"{&quot;background_background&quot;:&quot;classic&quot;}\">\n\t\t<div class=\"elementor-element elementor-element-4aae2625 e-con-full e-flex e-con e-parent\" data-id=\"4aae2625\" data-element_type=\"container\">\n\t\t\t\t<div class=\"elementor-element elementor-element-f1aa24f elementor-widget elementor-widget-heading\" data-id=\"f1aa24f\" data-element_type=\"widget\" data-widget_type=\"heading.default\">\n\t\t\t\t<div class=\"elementor-widget-container\">\n\t\t\t\t\t<div class=\"elementor-heading-title elementor-size-default\">A comunicaci\u00f3n de forma il\u00edcita de informaci\u00f3n privilexiada<\/div>\t\t\t\t<\/div>\n\t\t\t\t<\/div>\n\t\t\t\t<\/div>\n\t\t\t\t<\/div>\n\t\t<div class=\"elementor-element elementor-element-68687dfb e-con-full e-flex e-con e-parent\" data-id=\"68687dfb\" data-element_type=\"container\" data-settings=\"{&quot;background_background&quot;:&quot;classic&quot;}\">\n\t\t<div class=\"elementor-element elementor-element-ad17898 e-con-full e-flex e-con e-parent\" data-id=\"ad17898\" data-element_type=\"container\">\n\t\t\t\t<div class=\"elementor-element elementor-element-4002a08b elementor-widget elementor-widget-heading\" data-id=\"4002a08b\" data-element_type=\"widget\" data-widget_type=\"heading.default\">\n\t\t\t\t<div class=\"elementor-widget-container\">\n\t\t\t\t\t<div class=\"elementor-heading-title elementor-size-default\">A manipulaci\u00f3n ou abuso de mercados<\/div>\t\t\t\t<\/div>\n\t\t\t\t<\/div>\n\t\t\t\t<\/div>\n\t\t\t\t<\/div>\n\t\t\t\t\t<\/div>\n\t\t\t\t<\/div>\n\t\t<div class=\"elementor-element elementor-element-61f1f146 e-con-full e-flex e-con e-parent\" data-id=\"61f1f146\" data-element_type=\"container\">\n\t\t\t\t<div class=\"elementor-element elementor-element-2e41dc15 elementor-widget elementor-widget-spacer\" data-id=\"2e41dc15\" data-element_type=\"widget\" data-widget_type=\"spacer.default\">\n\t\t\t\t<div class=\"elementor-widget-container\">\n\t\t\t\t\t\t\t<div class=\"elementor-spacer\">\n\t\t\t<div class=\"elementor-spacer-inner\"><\/div>\n\t\t<\/div>\n\t\t\t\t\t\t<\/div>\n\t\t\t\t<\/div>\n\t\t\t\t<\/div>\n\t\t<div class=\"elementor-element elementor-element-593d6a6b e-flex e-con-boxed e-con e-parent\" data-id=\"593d6a6b\" data-element_type=\"container\" data-settings=\"{&quot;background_background&quot;:&quot;classic&quot;}\">\n\t\t\t\t\t<div class=\"e-con-inner\">\n\t\t\t\t<div class=\"elementor-element elementor-element-58c3daf9 elementor-align-center elementor-widget elementor-widget-button\" data-id=\"58c3daf9\" data-element_type=\"widget\" data-widget_type=\"button.default\">\n\t\t\t\t<div class=\"elementor-widget-container\">\n\t\t\t\t\t\t\t\t\t<div class=\"elementor-button-wrapper\">\n\t\t\t\t\t<a class=\"elementor-button elementor-button-link elementor-size-sm\" href=\"https:\/\/eur-lex.europa.eu\/legal-content\/EN\/TXT\/?qid=1496770863666&#038;uri=CELEX%3A02014R0596-20160703\" target=\"_blank\" rel=\"noopener\">\n\t\t\t\t\t\t<span class=\"elementor-button-content-wrapper\">\n\t\t\t\t\t\t\t\t\t<span class=\"elementor-button-text\">M\u00e1is informaci\u00f3n sobre o regulamento MAR<\/span>\n\t\t\t\t\t<\/span>\n\t\t\t\t\t<\/a>\n\t\t\t\t<\/div>\n\t\t\t\t\t\t\t\t<\/div>\n\t\t\t\t<\/div>\n\t\t\t\t\t<\/div>\n\t\t\t\t<\/div>\n\t\t<div class=\"elementor-element elementor-element-17bd253 e-con-full e-flex e-con e-parent\" data-id=\"17bd253\" data-element_type=\"container\" data-settings=\"{&quot;background_background&quot;:&quot;classic&quot;}\">\n\t\t\t\t<div class=\"elementor-element elementor-element-afdfad1 elementor-widget elementor-widget-spacer\" data-id=\"afdfad1\" data-element_type=\"widget\" data-widget_type=\"spacer.default\">\n\t\t\t\t<div class=\"elementor-widget-container\">\n\t\t\t\t\t\t\t<div class=\"elementor-spacer\">\n\t\t\t<div class=\"elementor-spacer-inner\"><\/div>\n\t\t<\/div>\n\t\t\t\t\t\t<\/div>\n\t\t\t\t<\/div>\n\t\t\t\t<\/div>\n\t\t\t\t<\/div>\n\t\t","protected":false},"excerpt":{"rendered":"<p>No noso firme compromiso permanente por cumprir coa normativa vixente nos mercados nos que operamos, temos establecidos mecanismos de control para asegurar o cumprimento da\u00a0normativa europea sobre abuso de mercado\u00a0(MAR). O Regulamento de abuso de mercado (MAR) do Parlamento e o Consello Europeo est\u00e1 vixente dende o 3 de xullo de 2016 e ten como [&hellip;]<\/p>\n","protected":false},"author":5,"featured_media":0,"parent":39943,"menu_order":8,"comment_status":"closed","ping_status":"closed","template":"","meta":{"_acf_changed":false,"footnotes":""},"class_list":["post-39953","page","type-page","status-publish","hentry"],"acf":[],"_links":{"self":[{"href":"https:\/\/www.naturgy.com\/gl\/wp-json\/wp\/v2\/pages\/39953","targetHints":{"allow":["GET"]}}],"collection":[{"href":"https:\/\/www.naturgy.com\/gl\/wp-json\/wp\/v2\/pages"}],"about":[{"href":"https:\/\/www.naturgy.com\/gl\/wp-json\/wp\/v2\/types\/page"}],"author":[{"embeddable":true,"href":"https:\/\/www.naturgy.com\/gl\/wp-json\/wp\/v2\/users\/5"}],"replies":[{"embeddable":true,"href":"https:\/\/www.naturgy.com\/gl\/wp-json\/wp\/v2\/comments?post=39953"}],"version-history":[{"count":8,"href":"https:\/\/www.naturgy.com\/gl\/wp-json\/wp\/v2\/pages\/39953\/revisions"}],"predecessor-version":[{"id":59086,"href":"https:\/\/www.naturgy.com\/gl\/wp-json\/wp\/v2\/pages\/39953\/revisions\/59086"}],"up":[{"embeddable":true,"href":"https:\/\/www.naturgy.com\/gl\/wp-json\/wp\/v2\/pages\/39943"}],"wp:attachment":[{"href":"https:\/\/www.naturgy.com\/gl\/wp-json\/wp\/v2\/media?parent=39953"}],"curies":[{"name":"wp","href":"https:\/\/api.w.org\/{rel}","templated":true}]}}