{"id":39955,"date":"2023-02-10T10:51:07","date_gmt":"2023-02-10T09:51:07","guid":{"rendered":"https:\/\/www.naturgy.com\/policies-and-codes-of-conduct\/management-criteria-for-nuclear-assets\/"},"modified":"2026-03-25T12:00:55","modified_gmt":"2026-03-25T11:00:55","slug":"criterios-de-xestion-de-activos-nucleares","status":"publish","type":"page","link":"https:\/\/www.naturgy.com\/gl\/conecenos-naturgy\/o-grupo\/politicas-e-codigos-de-conduta\/criterios-de-xestion-de-activos-nucleares\/","title":{"rendered":"Criterios de xesti\u00f3n de activos nucleares"},"content":{"rendered":"\t\t<div data-elementor-type=\"wp-page\" data-elementor-id=\"39955\" class=\"elementor elementor-39955 elementor-21709\" data-elementor-post-type=\"page\">\n\t\t\t\t<div class=\"elementor-element elementor-element-1f5119bf e-flex e-con-boxed e-con e-parent\" data-id=\"1f5119bf\" data-element_type=\"container\">\n\t\t\t\t\t<div class=\"e-con-inner\">\n\t\t<div class=\"elementor-element elementor-element-52f6df0e e-con-full e-flex e-con e-child\" data-id=\"52f6df0e\" data-element_type=\"container\">\n\t\t\t\t<div class=\"elementor-element elementor-element-2743427f elementor-widget elementor-widget-shortcode\" data-id=\"2743427f\" data-element_type=\"widget\" data-widget_type=\"shortcode.default\">\n\t\t\t\t<div class=\"elementor-widget-container\">\n\t\t\t\t\t\t\t<div class=\"elementor-shortcode\"><nav aria-label=\"breadcrumbs\" class=\"rank-math-breadcrumb\"><p><span class=\"last\">Comeza<\/span><\/p><\/nav><\/div>\n\t\t\t\t\t\t<\/div>\n\t\t\t\t<\/div>\n\t\t\t\t<div class=\"elementor-element elementor-element-206ce231 elementor-widget elementor-widget-heading\" data-id=\"206ce231\" data-element_type=\"widget\" data-widget_type=\"heading.default\">\n\t\t\t\t<div class=\"elementor-widget-container\">\n\t\t\t\t\t<h1 class=\"elementor-heading-title elementor-size-default\">Criterios de xesti\u00f3n de activos nucleares<\/h1>\t\t\t\t<\/div>\n\t\t\t\t<\/div>\n\t\t\t\t<\/div>\n\t\t\t\t\t<\/div>\n\t\t\t\t<\/div>\n\t\t<div class=\"elementor-element elementor-element-fe0f8ae e-con-full e-flex e-con e-parent\" data-id=\"fe0f8ae\" data-element_type=\"container\">\n\t\t\t\t<div class=\"elementor-element elementor-element-67420f94 elementor-widget elementor-widget-spacer\" data-id=\"67420f94\" data-element_type=\"widget\" data-widget_type=\"spacer.default\">\n\t\t\t\t<div class=\"elementor-widget-container\">\n\t\t\t\t\t\t\t<div class=\"elementor-spacer\">\n\t\t\t<div class=\"elementor-spacer-inner\"><\/div>\n\t\t<\/div>\n\t\t\t\t\t\t<\/div>\n\t\t\t\t<\/div>\n\t\t\t\t<\/div>\n\t\t<div class=\"elementor-element elementor-element-858dde0 e-flex e-con-boxed e-con e-parent\" data-id=\"858dde0\" data-element_type=\"container\" data-settings=\"{&quot;background_background&quot;:&quot;classic&quot;}\">\n\t\t\t\t\t<div class=\"e-con-inner\">\n\t\t<div class=\"elementor-element elementor-element-01deb5b e-flex e-con-boxed e-con e-child\" data-id=\"01deb5b\" data-element_type=\"container\">\n\t\t\t\t\t<div class=\"e-con-inner\">\n\t\t<div class=\"elementor-element elementor-element-a06e704 e-flex e-con-boxed e-con e-child\" data-id=\"a06e704\" data-element_type=\"container\">\n\t\t\t\t\t<div class=\"e-con-inner\">\n\t\t\t\t<div class=\"elementor-element elementor-element-b72bae2 elementor-widget elementor-widget-image\" data-id=\"b72bae2\" data-element_type=\"widget\" data-widget_type=\"image.default\">\n\t\t\t\t<div class=\"elementor-widget-container\">\n\t\t\t\t\t\t\t\t\t\t\t\t\t\t\t<img fetchpriority=\"high\" decoding=\"async\" width=\"720\" height=\"519\" src=\"https:\/\/www.naturgy.com\/\/app\/uploads\/2023\/03\/20100208_GENERACION_NUCLEAR_ESP_15877_defi.jpg\" class=\"attachment-large size-large wp-image-59090\" alt=\"\" srcset=\"https:\/\/www.naturgy.com\/\/app\/uploads\/2023\/03\/20100208_GENERACION_NUCLEAR_ESP_15877_defi.jpg 720w, https:\/\/www.naturgy.com\/\/app\/uploads\/2023\/03\/20100208_GENERACION_NUCLEAR_ESP_15877_defi-300x216.jpg 300w\" sizes=\"(max-width: 720px) 100vw, 720px\" \/>\t\t\t\t\t\t\t\t\t\t\t\t\t\t\t<\/div>\n\t\t\t\t<\/div>\n\t\t\t\t\t<\/div>\n\t\t\t\t<\/div>\n\t\t<div class=\"elementor-element elementor-element-36e0f84 e-flex e-con-boxed e-con e-child\" data-id=\"36e0f84\" data-element_type=\"container\">\n\t\t\t\t\t<div class=\"e-con-inner\">\n\t\t<div class=\"elementor-element elementor-element-cdd3be9 e-con-full e-flex e-con e-child\" data-id=\"cdd3be9\" data-element_type=\"container\">\n\t\t\t\t<div class=\"elementor-element elementor-element-439ed57 elementor-widget elementor-widget-text-editor\" data-id=\"439ed57\" data-element_type=\"widget\" data-widget_type=\"text-editor.default\">\n\t\t\t\t<div class=\"elementor-widget-container\">\n\t\t\t\t\t\t\t\t\t<p style=\"text-align: left;\">Atendendo ao noso compromiso coa\u00a0<strong>transparencia informativa<\/strong>, ofrecemos aos nosos grupos de interese a informaci\u00f3n relacionada coa xesti\u00f3n das centrais nucleares nas que participamos:<\/p>\t\t\t\t\t\t\t\t<\/div>\n\t\t\t\t<\/div>\n\t\t\t\t<div class=\"elementor-element elementor-element-5ae407a elementor-align-start elementor-icon-list--layout-traditional elementor-list-item-link-full_width elementor-widget elementor-widget-icon-list\" data-id=\"5ae407a\" data-element_type=\"widget\" data-widget_type=\"icon-list.default\">\n\t\t\t\t<div class=\"elementor-widget-container\">\n\t\t\t\t\t\t\t<ul class=\"elementor-icon-list-items\">\n\t\t\t\t\t\t\t<li class=\"elementor-icon-list-item\">\n\t\t\t\t\t\t\t\t\t\t\t<span class=\"elementor-icon-list-icon\">\n\t\t\t\t\t\t\t<i aria-hidden=\"true\" class=\"personas personas-personas\"><\/i>\t\t\t\t\t\t<\/span>\n\t\t\t\t\t\t\t\t\t\t<span class=\"elementor-icon-list-text\">Un apartado de <b>Pol\u00edticas<\/b> no cal se establecen as estratexias e se definen as directrices e obxectivos da compa\u00f1\u00eda relativos \u00e1 Seguridade Nuclear, a Protecci\u00f3n Radiol\u00f3xica e a Xesti\u00f3n de Residuos.<\/span>\n\t\t\t\t\t\t\t\t\t<\/li>\n\t\t\t\t\t\t<\/ul>\n\t\t\t\t\t\t<\/div>\n\t\t\t\t<\/div>\n\t\t\t\t<\/div>\n\t\t<div class=\"elementor-element elementor-element-9ab6070 e-con-full e-flex e-con e-child\" data-id=\"9ab6070\" data-element_type=\"container\">\n\t\t\t\t<div class=\"elementor-element elementor-element-cb41fa1 elementor-align-start elementor-icon-list--layout-traditional elementor-list-item-link-full_width elementor-widget elementor-widget-icon-list\" data-id=\"cb41fa1\" data-element_type=\"widget\" data-widget_type=\"icon-list.default\">\n\t\t\t\t<div class=\"elementor-widget-container\">\n\t\t\t\t\t\t\t<ul class=\"elementor-icon-list-items\">\n\t\t\t\t\t\t\t<li class=\"elementor-icon-list-item\">\n\t\t\t\t\t\t\t\t\t\t\t<span class=\"elementor-icon-list-icon\">\n\t\t\t\t\t\t\t<i aria-hidden=\"true\" class=\"interfaz interfaz-ajustes\"><\/i>\t\t\t\t\t\t<\/span>\n\t\t\t\t\t\t\t\t\t\t<span class=\"elementor-icon-list-text\">Un apartado de <b>Sistemas de Xesti\u00f3n<\/b> no cal se describen os procesos, ferramentas e pr\u00e1cticas que a organizaci\u00f3n puxo en marcha para dar cumprimento \u00e1s pol\u00edticas.<\/span>\n\t\t\t\t\t\t\t\t\t<\/li>\n\t\t\t\t\t\t<\/ul>\n\t\t\t\t\t\t<\/div>\n\t\t\t\t<\/div>\n\t\t\t\t<\/div>\n\t\t<div class=\"elementor-element elementor-element-edce9f7 e-con-full e-flex e-con e-child\" data-id=\"edce9f7\" data-element_type=\"container\">\n\t\t\t\t<div class=\"elementor-element elementor-element-8024f14 elementor-align-start elementor-icon-list--layout-traditional elementor-list-item-link-full_width elementor-widget elementor-widget-icon-list\" data-id=\"8024f14\" data-element_type=\"widget\" data-widget_type=\"icon-list.default\">\n\t\t\t\t<div class=\"elementor-widget-container\">\n\t\t\t\t\t\t\t<ul class=\"elementor-icon-list-items\">\n\t\t\t\t\t\t\t<li class=\"elementor-icon-list-item\">\n\t\t\t\t\t\t\t\t\t\t\t<span class=\"elementor-icon-list-icon\">\n\t\t\t\t\t\t\t<i aria-hidden=\"true\" class=\"graficas graficas-estadisticas2\"><\/i>\t\t\t\t\t\t<\/span>\n\t\t\t\t\t\t\t\t\t\t<span class=\"elementor-icon-list-text\">Un apartado de <b>Resultados<\/b> no cal se incl\u00faen unha serie de indicadores de medida da eficacia dos procesos implantados, en relaci\u00f3n \u00e1s metas establecidas.<\/span>\n\t\t\t\t\t\t\t\t\t<\/li>\n\t\t\t\t\t\t<\/ul>\n\t\t\t\t\t\t<\/div>\n\t\t\t\t<\/div>\n\t\t\t\t<\/div>\n\t\t\t\t\t<\/div>\n\t\t\t\t<\/div>\n\t\t\t\t\t<\/div>\n\t\t\t\t<\/div>\n\t\t\t\t\t<\/div>\n\t\t\t\t<\/div>\n\t\t<div class=\"elementor-element elementor-element-166b4ef e-flex e-con-boxed e-con e-parent\" data-id=\"166b4ef\" data-element_type=\"container\">\n\t\t\t\t\t<div class=\"e-con-inner\">\n\t\t\t\t<div class=\"elementor-element elementor-element-25fea79 elementor-widget elementor-widget-spacer\" data-id=\"25fea79\" data-element_type=\"widget\" data-widget_type=\"spacer.default\">\n\t\t\t\t<div class=\"elementor-widget-container\">\n\t\t\t\t\t\t\t<div class=\"elementor-spacer\">\n\t\t\t<div class=\"elementor-spacer-inner\"><\/div>\n\t\t<\/div>\n\t\t\t\t\t\t<\/div>\n\t\t\t\t<\/div>\n\t\t\t\t\t<\/div>\n\t\t\t\t<\/div>\n\t\t<div class=\"elementor-element elementor-element-112a24f e-flex e-con-boxed e-con e-parent\" data-id=\"112a24f\" data-element_type=\"container\">\n\t\t\t\t\t<div class=\"e-con-inner\">\n\t\t<div class=\"elementor-element elementor-element-4eb9f42 e-flex e-con-boxed e-con e-child\" data-id=\"4eb9f42\" data-element_type=\"container\">\n\t\t\t\t\t<div class=\"e-con-inner\">\n\t\t\t\t<div class=\"elementor-element elementor-element-e7020b7 elementor-widget elementor-widget-heading\" data-id=\"e7020b7\" data-element_type=\"widget\" data-widget_type=\"heading.default\">\n\t\t\t\t<div class=\"elementor-widget-container\">\n\t\t\t\t\t<h2 class=\"elementor-heading-title elementor-size-default\">Ver o documento completo<\/h2>\t\t\t\t<\/div>\n\t\t\t\t<\/div>\n\t\t\t\t<div class=\"elementor-element elementor-element-0a21d54 has-icon elementor-widget elementor-widget-text-editor\" data-id=\"0a21d54\" data-element_type=\"widget\" data-widget_type=\"text-editor.default\">\n\t\t\t\t<div class=\"elementor-widget-container\">\n\t\t\t\t\t\t\t\t\t<p><a href=\"https:\/\/stproportalcorporativo.blob.core.windows.net\/uploads\/2026\/03\/Criterios-de-gestion-de-activos-nucleares-2025.docx\" target=\"_blank\" rel=\"noopener\">Criterios de xesti\u00f3n dos activos nucleares (espa\u00f1ol)<\/a><\/p><p><span class=\"file-title\"><a href=\"https:\/\/stproportalcorporativo.blob.core.windows.net\/uploads\/2026\/03\/Nuclear-asset-management-criteria-2025.docx\" target=\"_blank\" rel=\"noopener\">Criterios de xesti\u00f3n dos activos nucleares (ingl\u00e9s)<\/a><\/span><\/p>\t\t\t\t\t\t\t\t<\/div>\n\t\t\t\t<\/div>\n\t\t\t\t\t<\/div>\n\t\t\t\t<\/div>\n\t\t<div class=\"elementor-element elementor-element-0452b1d e-flex e-con-boxed e-con e-child\" data-id=\"0452b1d\" data-element_type=\"container\">\n\t\t\t\t\t<div class=\"e-con-inner\">\n\t\t\t\t<div class=\"elementor-element elementor-element-a879794 elementor-widget elementor-widget-heading\" data-id=\"a879794\" data-element_type=\"widget\" data-widget_type=\"heading.default\">\n\t\t\t\t<div class=\"elementor-widget-container\">\n\t\t\t\t\t<h2 class=\"elementor-heading-title elementor-size-default\">Ligaz\u00f3ns relacionadas<\/h2>\t\t\t\t<\/div>\n\t\t\t\t<\/div>\n\t\t\t\t<div class=\"elementor-element elementor-element-87ff1a5 has-icon elementor-widget elementor-widget-text-editor\" data-id=\"87ff1a5\" data-element_type=\"widget\" data-widget_type=\"text-editor.default\">\n\t\t\t\t<div class=\"elementor-widget-container\">\n\t\t\t\t\t\t\t\t\t<p><a href=\"https:\/\/www.cnat.es\/\" target=\"_blank\" rel=\"noopener\">Centrais nucleares Almaraz-Trillo<\/a><\/p>\t\t\t\t\t\t\t\t<\/div>\n\t\t\t\t<\/div>\n\t\t\t\t\t<\/div>\n\t\t\t\t<\/div>\n\t\t\t\t\t<\/div>\n\t\t\t\t<\/div>\n\t\t<div class=\"elementor-element elementor-element-daa25b1 e-flex e-con-boxed e-con e-parent\" data-id=\"daa25b1\" data-element_type=\"container\">\n\t\t\t\t\t<div class=\"e-con-inner\">\n\t\t\t\t<div class=\"elementor-element elementor-element-48b0c88 elementor-widget elementor-widget-spacer\" data-id=\"48b0c88\" data-element_type=\"widget\" data-widget_type=\"spacer.default\">\n\t\t\t\t<div class=\"elementor-widget-container\">\n\t\t\t\t\t\t\t<div class=\"elementor-spacer\">\n\t\t\t<div class=\"elementor-spacer-inner\"><\/div>\n\t\t<\/div>\n\t\t\t\t\t\t<\/div>\n\t\t\t\t<\/div>\n\t\t\t\t\t<\/div>\n\t\t\t\t<\/div>\n\t\t\t\t<\/div>\n\t\t","protected":false},"excerpt":{"rendered":"<p>Atendendo ao noso compromiso coa\u00a0transparencia informativa, ofrecemos aos nosos grupos de interese a informaci\u00f3n relacionada coa xesti\u00f3n das centrais nucleares nas que participamos: Un apartado de Pol\u00edticas no cal se establecen as estratexias e se definen as directrices e obxectivos da compa\u00f1\u00eda relativos \u00e1 Seguridade Nuclear, a Protecci\u00f3n Radiol\u00f3xica e a Xesti\u00f3n de Residuos. Un [&hellip;]<\/p>\n","protected":false},"author":5,"featured_media":0,"parent":39943,"menu_order":7,"comment_status":"closed","ping_status":"closed","template":"","meta":{"_acf_changed":false,"footnotes":""},"class_list":["post-39955","page","type-page","status-publish","hentry"],"acf":[],"_links":{"self":[{"href":"https:\/\/www.naturgy.com\/gl\/wp-json\/wp\/v2\/pages\/39955","targetHints":{"allow":["GET"]}}],"collection":[{"href":"https:\/\/www.naturgy.com\/gl\/wp-json\/wp\/v2\/pages"}],"about":[{"href":"https:\/\/www.naturgy.com\/gl\/wp-json\/wp\/v2\/types\/page"}],"author":[{"embeddable":true,"href":"https:\/\/www.naturgy.com\/gl\/wp-json\/wp\/v2\/users\/5"}],"replies":[{"embeddable":true,"href":"https:\/\/www.naturgy.com\/gl\/wp-json\/wp\/v2\/comments?post=39955"}],"version-history":[{"count":24,"href":"https:\/\/www.naturgy.com\/gl\/wp-json\/wp\/v2\/pages\/39955\/revisions"}],"predecessor-version":[{"id":142154,"href":"https:\/\/www.naturgy.com\/gl\/wp-json\/wp\/v2\/pages\/39955\/revisions\/142154"}],"up":[{"embeddable":true,"href":"https:\/\/www.naturgy.com\/gl\/wp-json\/wp\/v2\/pages\/39943"}],"wp:attachment":[{"href":"https:\/\/www.naturgy.com\/gl\/wp-json\/wp\/v2\/media?parent=39955"}],"curies":[{"name":"wp","href":"https:\/\/api.w.org\/{rel}","templated":true}]}}