{"id":39958,"date":"2023-02-10T10:51:51","date_gmt":"2023-02-10T09:51:51","guid":{"rendered":"https:\/\/www.naturgy.com\/policies-and-codes-of-conduct\/tax-strategy-and-tax-risk-management-and-control-policy\/"},"modified":"2026-02-25T16:05:22","modified_gmt":"2026-02-25T15:05:22","slug":"estratexia-fiscal-e-politica-de-control","status":"publish","type":"page","link":"https:\/\/www.naturgy.com\/gl\/conecenos-naturgy\/o-grupo\/politicas-e-codigos-de-conduta\/estratexia-fiscal-e-politica-de-control\/","title":{"rendered":"Estratexia fiscal e pol\u00edtica de control"},"content":{"rendered":"\t\t<div data-elementor-type=\"wp-page\" data-elementor-id=\"39958\" class=\"elementor elementor-39958 elementor-21714\" data-elementor-post-type=\"page\">\n\t\t\t\t<div class=\"elementor-element elementor-element-2a5cb66a e-flex e-con-boxed e-con e-parent\" data-id=\"2a5cb66a\" data-element_type=\"container\">\n\t\t\t\t\t<div class=\"e-con-inner\">\n\t\t<div class=\"elementor-element elementor-element-24ba8942 e-con-full e-flex e-con e-child\" data-id=\"24ba8942\" data-element_type=\"container\">\n\t\t\t\t<div class=\"elementor-element elementor-element-5a344a96 elementor-widget elementor-widget-shortcode\" data-id=\"5a344a96\" data-element_type=\"widget\" data-widget_type=\"shortcode.default\">\n\t\t\t\t<div class=\"elementor-widget-container\">\n\t\t\t\t\t\t\t<div class=\"elementor-shortcode\"><nav aria-label=\"breadcrumbs\" class=\"rank-math-breadcrumb\"><p><span class=\"last\">Comeza<\/span><\/p><\/nav><\/div>\n\t\t\t\t\t\t<\/div>\n\t\t\t\t<\/div>\n\t\t\t\t<div class=\"elementor-element elementor-element-1415ba8d elementor-widget elementor-widget-heading\" data-id=\"1415ba8d\" data-element_type=\"widget\" data-widget_type=\"heading.default\">\n\t\t\t\t<div class=\"elementor-widget-container\">\n\t\t\t\t\t<h1 class=\"elementor-heading-title elementor-size-default\">Estratexia fiscal e pol\u00edtica de control<\/h1>\t\t\t\t<\/div>\n\t\t\t\t<\/div>\n\t\t\t\t<\/div>\n\t\t<div class=\"elementor-element elementor-element-5441609b e-con-full e-flex e-con e-child\" data-id=\"5441609b\" data-element_type=\"container\">\n\t\t\t\t<div class=\"elementor-element elementor-element-315ee8e8 elementor-widget elementor-widget-spacer\" data-id=\"315ee8e8\" data-element_type=\"widget\" data-widget_type=\"spacer.default\">\n\t\t\t\t<div class=\"elementor-widget-container\">\n\t\t\t\t\t\t\t<div class=\"elementor-spacer\">\n\t\t\t<div class=\"elementor-spacer-inner\"><\/div>\n\t\t<\/div>\n\t\t\t\t\t\t<\/div>\n\t\t\t\t<\/div>\n\t\t\t\t<\/div>\n\t\t\t\t\t<\/div>\n\t\t\t\t<\/div>\n\t\t<div class=\"elementor-element elementor-element-3637cf9d e-flex e-con-boxed e-con e-parent\" data-id=\"3637cf9d\" data-element_type=\"container\">\n\t\t\t\t\t<div class=\"e-con-inner\">\n\t\t\t\t<div class=\"elementor-element elementor-element-4e475951 elementor-widget elementor-widget-text-editor\" data-id=\"4e475951\" data-element_type=\"widget\" data-widget_type=\"text-editor.default\">\n\t\t\t\t<div class=\"elementor-widget-container\">\n\t\t\t\t\t\t\t\t\t<p>A\u00a0<strong>Lei de sociedades de capital\u00a0<\/strong>establece que corresponde ao Consello de administraci\u00f3n, como facultade indelegable, a determinaci\u00f3n da estratexia fiscal e da pol\u00edtica de control e xesti\u00f3n de riscos fiscais.<br \/><br \/>Neste sentido, o Consello de administraci\u00f3n de Naturgy Energy Group, S.A. aprobou na s\u00faa sesi\u00f3n do 9 de xaneiro de 2018 o documento<strong>\u00a0&#8220;Estratexia fiscal e Pol\u00edtica de control e xesti\u00f3n de riscos fiscais&#8221;<\/strong>, que ten como\u00a0<strong>obxectivo<\/strong>\u00a0establecer as directrices fundamentais polas que se rexen a\u00a0<strong>Estratexia e a Pol\u00edtica de control\u00a0<\/strong>e xesti\u00f3n dos riscos fiscais de todas as sociedades controladas pola empresa.<\/p>\t\t\t\t\t\t\t\t<\/div>\n\t\t\t\t<\/div>\n\t\t\t\t\t<\/div>\n\t\t\t\t<\/div>\n\t\t<div class=\"elementor-element elementor-element-14299d03 e-con-full e-flex e-con e-parent\" data-id=\"14299d03\" data-element_type=\"container\">\n\t\t\t\t<div class=\"elementor-element elementor-element-32fea6f8 elementor-widget elementor-widget-spacer\" data-id=\"32fea6f8\" data-element_type=\"widget\" data-widget_type=\"spacer.default\">\n\t\t\t\t<div class=\"elementor-widget-container\">\n\t\t\t\t\t\t\t<div class=\"elementor-spacer\">\n\t\t\t<div class=\"elementor-spacer-inner\"><\/div>\n\t\t<\/div>\n\t\t\t\t\t\t<\/div>\n\t\t\t\t<\/div>\n\t\t\t\t<\/div>\n\t\t<div class=\"elementor-element elementor-element-1a6bab8c e-flex e-con-boxed e-con e-parent\" data-id=\"1a6bab8c\" data-element_type=\"container\">\n\t\t\t\t\t<div class=\"e-con-inner\">\n\t\t\t\t<div class=\"elementor-element elementor-element-d79ec81 elementor-widget elementor-widget-heading\" data-id=\"d79ec81\" data-element_type=\"widget\" data-widget_type=\"heading.default\">\n\t\t\t\t<div class=\"elementor-widget-container\">\n\t\t\t\t\t<h2 class=\"elementor-heading-title elementor-size-default\">Ver o documento completo<\/h2>\t\t\t\t<\/div>\n\t\t\t\t<\/div>\n\t\t\t\t<div class=\"elementor-element elementor-element-4760d4bc has-icon elementor-widget elementor-widget-text-editor\" data-id=\"4760d4bc\" data-element_type=\"widget\" data-widget_type=\"text-editor.default\">\n\t\t\t\t<div class=\"elementor-widget-container\">\n\t\t\t\t\t\t\t\t\t<p><a href=\"https:\/\/stproportalcorporativo.blob.core.windows.net\/uploads\/2026\/02\/Politica-Fiscalidad-Ed.1-Publica.pdf\" target=\"_blank\" rel=\"noopener\">Estratexia fiscal e Pol\u00edtica de control e xesti\u00f3n de riscos fiscais &#8211; Castel\u00e1n<\/a><\/p>\t\t\t\t\t\t\t\t<\/div>\n\t\t\t\t<\/div>\n\t\t\t\t\t<\/div>\n\t\t\t\t<\/div>\n\t\t<div class=\"elementor-element elementor-element-269711e1 e-con-full e-flex e-con e-parent\" data-id=\"269711e1\" data-element_type=\"container\">\n\t\t\t\t<div class=\"elementor-element elementor-element-448af0d6 elementor-widget elementor-widget-spacer\" data-id=\"448af0d6\" data-element_type=\"widget\" data-widget_type=\"spacer.default\">\n\t\t\t\t<div class=\"elementor-widget-container\">\n\t\t\t\t\t\t\t<div class=\"elementor-spacer\">\n\t\t\t<div class=\"elementor-spacer-inner\"><\/div>\n\t\t<\/div>\n\t\t\t\t\t\t<\/div>\n\t\t\t\t<\/div>\n\t\t\t\t<\/div>\n\t\t\t\t<\/div>\n\t\t","protected":false},"excerpt":{"rendered":"<p>A\u00a0Lei de sociedades de capital\u00a0establece que corresponde ao Consello de administraci\u00f3n, como facultade indelegable, a determinaci\u00f3n da estratexia fiscal e da pol\u00edtica de control e xesti\u00f3n de riscos fiscais. Neste sentido, o Consello de administraci\u00f3n de Naturgy Energy Group, S.A. aprobou na s\u00faa sesi\u00f3n do 9 de xaneiro de 2018 o documento\u00a0&#8220;Estratexia fiscal e Pol\u00edtica [&hellip;]<\/p>\n","protected":false},"author":5,"featured_media":0,"parent":39943,"menu_order":9,"comment_status":"closed","ping_status":"closed","template":"","meta":{"_acf_changed":false,"footnotes":""},"class_list":["post-39958","page","type-page","status-publish","hentry"],"acf":[],"_links":{"self":[{"href":"https:\/\/www.naturgy.com\/gl\/wp-json\/wp\/v2\/pages\/39958","targetHints":{"allow":["GET"]}}],"collection":[{"href":"https:\/\/www.naturgy.com\/gl\/wp-json\/wp\/v2\/pages"}],"about":[{"href":"https:\/\/www.naturgy.com\/gl\/wp-json\/wp\/v2\/types\/page"}],"author":[{"embeddable":true,"href":"https:\/\/www.naturgy.com\/gl\/wp-json\/wp\/v2\/users\/5"}],"replies":[{"embeddable":true,"href":"https:\/\/www.naturgy.com\/gl\/wp-json\/wp\/v2\/comments?post=39958"}],"version-history":[{"count":8,"href":"https:\/\/www.naturgy.com\/gl\/wp-json\/wp\/v2\/pages\/39958\/revisions"}],"predecessor-version":[{"id":139414,"href":"https:\/\/www.naturgy.com\/gl\/wp-json\/wp\/v2\/pages\/39958\/revisions\/139414"}],"up":[{"embeddable":true,"href":"https:\/\/www.naturgy.com\/gl\/wp-json\/wp\/v2\/pages\/39943"}],"wp:attachment":[{"href":"https:\/\/www.naturgy.com\/gl\/wp-json\/wp\/v2\/media?parent=39958"}],"curies":[{"name":"wp","href":"https:\/\/api.w.org\/{rel}","templated":true}]}}