{"id":40424,"date":"2023-01-20T15:26:17","date_gmt":"2023-01-20T14:26:17","guid":{"rendered":"https:\/\/www.naturgy.com\/corporate-responsibility\/sustainability-indexes\/"},"modified":"2026-03-19T12:31:03","modified_gmt":"2026-03-19T11:31:03","slug":"indices-de-sustentabilidade","status":"publish","type":"page","link":"https:\/\/www.naturgy.com\/gl\/sustenibilidade\/responsabilidade-corporativa\/indices-de-sustentabilidade\/","title":{"rendered":"\u00cdndices de sustentabilidade"},"content":{"rendered":"\t\t<div data-elementor-type=\"wp-page\" data-elementor-id=\"40424\" class=\"elementor elementor-40424 elementor-12487\" data-elementor-post-type=\"page\">\n\t\t\t\t<div class=\"elementor-element elementor-element-13d957ad e-flex e-con-boxed e-con e-parent\" data-id=\"13d957ad\" data-element_type=\"container\">\n\t\t\t\t\t<div class=\"e-con-inner\">\n\t\t<div class=\"elementor-element elementor-element-1f47fc5a e-con-full e-flex e-con e-child\" data-id=\"1f47fc5a\" data-element_type=\"container\">\n\t\t\t\t<div class=\"elementor-element elementor-element-31bde990 elementor-widget elementor-widget-shortcode\" data-id=\"31bde990\" data-element_type=\"widget\" data-widget_type=\"shortcode.default\">\n\t\t\t\t<div class=\"elementor-widget-container\">\n\t\t\t\t\t\t\t<div class=\"elementor-shortcode\"><nav aria-label=\"breadcrumbs\" class=\"rank-math-breadcrumb\"><p><span class=\"last\">Comeza<\/span><\/p><\/nav><\/div>\n\t\t\t\t\t\t<\/div>\n\t\t\t\t<\/div>\n\t\t\t\t<div class=\"elementor-element elementor-element-4c150348 elementor-widget elementor-widget-heading\" data-id=\"4c150348\" data-element_type=\"widget\" data-widget_type=\"heading.default\">\n\t\t\t\t<div class=\"elementor-widget-container\">\n\t\t\t\t\t<h1 class=\"elementor-heading-title elementor-size-default\">\u00cdndices de sustentabilidade<\/h1>\t\t\t\t<\/div>\n\t\t\t\t<\/div>\n\t\t\t\t<\/div>\n\t\t<div class=\"elementor-element elementor-element-7449590e e-con-full e-flex e-con e-child\" data-id=\"7449590e\" data-element_type=\"container\">\n\t\t\t\t<div class=\"elementor-element elementor-element-2a78730d elementor-widget elementor-widget-spacer\" data-id=\"2a78730d\" data-element_type=\"widget\" data-widget_type=\"spacer.default\">\n\t\t\t\t<div class=\"elementor-widget-container\">\n\t\t\t\t\t\t\t<div class=\"elementor-spacer\">\n\t\t\t<div class=\"elementor-spacer-inner\"><\/div>\n\t\t<\/div>\n\t\t\t\t\t\t<\/div>\n\t\t\t\t<\/div>\n\t\t\t\t<\/div>\n\t\t\t\t\t<\/div>\n\t\t\t\t<\/div>\n\t\t<div class=\"elementor-element elementor-element-b56ce8a e-flex e-con-boxed e-con e-parent\" data-id=\"b56ce8a\" data-element_type=\"container\">\n\t\t\t\t\t<div class=\"e-con-inner\">\n\t\t<div class=\"elementor-element elementor-element-28eb8ce e-flex e-con-boxed e-con e-child\" data-id=\"28eb8ce\" data-element_type=\"container\">\n\t\t\t\t\t<div class=\"e-con-inner\">\n\t\t<div class=\"elementor-element elementor-element-de54868 e-con-full e-flex e-con e-child\" data-id=\"de54868\" data-element_type=\"container\">\n\t\t\t\t<div class=\"elementor-element elementor-element-3999499 elementor-widget elementor-widget-text-editor\" data-id=\"3999499\" data-element_type=\"widget\" data-widget_type=\"text-editor.default\">\n\t\t\t\t<div class=\"elementor-widget-container\">\n\t\t\t\t\t\t\t\t\t<div class=\"col-sm-6\"><div class=\"generic__ckeditor\"><strong>A nosa presenza nestes \u00cdndices<\/strong>\u00a0pon en valor o esforzo en materia de responsabilidade corporativa e transparencia informativa e implica un reco\u00f1ecemento externo da boa evoluci\u00f3n das nosas actuaci\u00f3ns nesta materia.<\/div><\/div><div class=\"col-sm-6\"><div class=\"generic__img\">\u00a0<\/div><\/div>\t\t\t\t\t\t\t\t<\/div>\n\t\t\t\t<\/div>\n\t\t\t\t<\/div>\n\t\t\t\t\t<\/div>\n\t\t\t\t<\/div>\n\t\t<div class=\"elementor-element elementor-element-631bbd0 e-flex e-con-boxed e-con e-child\" data-id=\"631bbd0\" data-element_type=\"container\">\n\t\t\t\t\t<div class=\"e-con-inner\">\n\t\t\t\t<div class=\"elementor-element elementor-element-1781a49 elementor-widget elementor-widget-image\" data-id=\"1781a49\" data-element_type=\"widget\" data-widget_type=\"image.default\">\n\t\t\t\t<div class=\"elementor-widget-container\">\n\t\t\t\t\t\t\t\t\t\t\t\t\t\t\t<img fetchpriority=\"high\" decoding=\"async\" width=\"564\" height=\"448\" src=\"https:\/\/stproportalcorporativo.blob.core.windows.net\/uploads\/2023\/04\/indices_sostenibilidad.png\" class=\"attachment-large size-large wp-image-60734\" alt=\"\" srcset=\"https:\/\/stproportalcorporativo.blob.core.windows.net\/uploads\/2023\/04\/indices_sostenibilidad.png 564w, https:\/\/stproportalcorporativo.blob.core.windows.net\/uploads\/2023\/04\/indices_sostenibilidad-300x238.png 300w\" sizes=\"(max-width: 564px) 100vw, 564px\" \/>\t\t\t\t\t\t\t\t\t\t\t\t\t\t\t<\/div>\n\t\t\t\t<\/div>\n\t\t\t\t\t<\/div>\n\t\t\t\t<\/div>\n\t\t\t\t\t<\/div>\n\t\t\t\t<\/div>\n\t\t<div class=\"elementor-element elementor-element-d15e945 e-con-full e-flex e-con e-parent\" data-id=\"d15e945\" data-element_type=\"container\">\n\t\t\t\t<div class=\"elementor-element elementor-element-1a93604 elementor-widget elementor-widget-spacer\" data-id=\"1a93604\" data-element_type=\"widget\" data-widget_type=\"spacer.default\">\n\t\t\t\t<div class=\"elementor-widget-container\">\n\t\t\t\t\t\t\t<div class=\"elementor-spacer\">\n\t\t\t<div class=\"elementor-spacer-inner\"><\/div>\n\t\t<\/div>\n\t\t\t\t\t\t<\/div>\n\t\t\t\t<\/div>\n\t\t\t\t<\/div>\n\t\t<div class=\"elementor-element elementor-element-a90f9c2 grid col-3 e-flex e-con-boxed e-con e-parent\" data-id=\"a90f9c2\" data-element_type=\"container\">\n\t\t\t\t\t<div class=\"e-con-inner\">\n\t\t<div class=\"elementor-element elementor-element-e605add e-con-full e-flex e-con e-child\" data-id=\"e605add\" data-element_type=\"container\">\n\t\t\t\t<div class=\"elementor-element elementor-element-2b97e6c elementor-widget elementor-widget-image\" data-id=\"2b97e6c\" data-element_type=\"widget\" data-widget_type=\"image.default\">\n\t\t\t\t<div class=\"elementor-widget-container\">\n\t\t\t\t\t\t\t\t\t\t\t\t\t\t\t<img decoding=\"async\" width=\"365\" height=\"244\" src=\"https:\/\/stproportalcorporativo.blob.core.windows.net\/uploads\/2023\/04\/Logo_FTS4Good.png\" class=\"attachment-medium_large size-medium_large wp-image-60738\" alt=\"\" srcset=\"https:\/\/stproportalcorporativo.blob.core.windows.net\/uploads\/2023\/04\/Logo_FTS4Good.png 365w, https:\/\/stproportalcorporativo.blob.core.windows.net\/uploads\/2023\/04\/Logo_FTS4Good-300x201.png 300w\" sizes=\"(max-width: 365px) 100vw, 365px\" \/>\t\t\t\t\t\t\t\t\t\t\t\t\t\t\t<\/div>\n\t\t\t\t<\/div>\n\t\t\t\t<div class=\"elementor-element elementor-element-572e453 elementor-widget elementor-widget-heading\" data-id=\"572e453\" data-element_type=\"widget\" data-widget_type=\"heading.default\">\n\t\t\t\t<div class=\"elementor-widget-container\">\n\t\t\t\t\t<div class=\"elementor-heading-title elementor-size-default\"><b>FTSE4Good<\/b><\/div>\t\t\t\t<\/div>\n\t\t\t\t<\/div>\n\t\t\t\t<div class=\"elementor-element elementor-element-6b33e02 elementor-widget elementor-widget-heading\" data-id=\"6b33e02\" data-element_type=\"widget\" data-widget_type=\"heading.default\">\n\t\t\t\t<div class=\"elementor-widget-container\">\n\t\t\t\t\t<div class=\"elementor-heading-title elementor-size-default\">Ano de inclusi\u00f3n: 2001<\/div>\t\t\t\t<\/div>\n\t\t\t\t<\/div>\n\t\t\t\t<div class=\"elementor-element elementor-element-cbae51e elementor-widget elementor-widget-text-editor\" data-id=\"cbae51e\" data-element_type=\"widget\" data-widget_type=\"text-editor.default\">\n\t\t\t\t<div class=\"elementor-widget-container\">\n\t\t\t\t\t\t\t\t\t<p>Renovaci\u00f3n do liderado entre as empresas m\u00e1is sostibles do sector <em>Utilities<\/em><\/p>\t\t\t\t\t\t\t\t<\/div>\n\t\t\t\t<\/div>\n\t\t\t\t<\/div>\n\t\t<div class=\"elementor-element elementor-element-442692e e-con-full elementor-hidden-desktop elementor-hidden-tablet elementor-hidden-mobile e-flex e-con e-child\" data-id=\"442692e\" data-element_type=\"container\">\n\t\t\t\t<div class=\"elementor-element elementor-element-f534c17 elementor-widget elementor-widget-image\" data-id=\"f534c17\" data-element_type=\"widget\" data-widget_type=\"image.default\">\n\t\t\t\t<div class=\"elementor-widget-container\">\n\t\t\t\t\t\t\t\t\t\t\t\t\t\t\t<img decoding=\"async\" width=\"500\" height=\"336\" src=\"https:\/\/www.naturgy.com\/\/app\/uploads\/2023\/03\/logoeuronext.png\" class=\"attachment-medium_large size-medium_large wp-image-120097\" alt=\"\" srcset=\"https:\/\/www.naturgy.com\/\/app\/uploads\/2023\/03\/logoeuronext.png 500w, https:\/\/www.naturgy.com\/\/app\/uploads\/2023\/03\/logoeuronext-300x202.png 300w\" sizes=\"(max-width: 500px) 100vw, 500px\" \/>\t\t\t\t\t\t\t\t\t\t\t\t\t\t\t<\/div>\n\t\t\t\t<\/div>\n\t\t\t\t<div class=\"elementor-element elementor-element-5fddd9d elementor-widget elementor-widget-heading\" data-id=\"5fddd9d\" data-element_type=\"widget\" data-widget_type=\"heading.default\">\n\t\t\t\t<div class=\"elementor-widget-container\">\n\t\t\t\t\t<div class=\"elementor-heading-title elementor-size-default\">Euronext \n<\/div>\t\t\t\t<\/div>\n\t\t\t\t<\/div>\n\t\t\t\t<div class=\"elementor-element elementor-element-219a6f1 elementor-widget elementor-widget-heading\" data-id=\"219a6f1\" data-element_type=\"widget\" data-widget_type=\"heading.default\">\n\t\t\t\t<div class=\"elementor-widget-container\">\n\t\t\t\t\t<div class=\"elementor-heading-title elementor-size-default\">Ano de inclusi\u00f3n: 2013<\/div>\t\t\t\t<\/div>\n\t\t\t\t<\/div>\n\t\t\t\t<div class=\"elementor-element elementor-element-7247cc1 elementor-widget elementor-widget-text-editor\" data-id=\"7247cc1\" data-element_type=\"widget\" data-widget_type=\"text-editor.default\">\n\t\t\t\t<div class=\"elementor-widget-container\">\n\t\t\t\t\t\t\t\t\t<p>Formamos parte do \u00edndice Euronext Sustainable Europe 120, a partir da avaliaci\u00f3n realizada por Moody\u2019s cada dous anos<\/p>\t\t\t\t\t\t\t\t<\/div>\n\t\t\t\t<\/div>\n\t\t\t\t<\/div>\n\t\t<div class=\"elementor-element elementor-element-ebc02b7 e-con-full e-flex e-con e-child\" data-id=\"ebc02b7\" data-element_type=\"container\">\n\t\t\t\t<div class=\"elementor-element elementor-element-ffe36ec elementor-widget elementor-widget-image\" data-id=\"ffe36ec\" data-element_type=\"widget\" data-widget_type=\"image.default\">\n\t\t\t\t<div class=\"elementor-widget-container\">\n\t\t\t\t\t\t\t\t\t\t\t\t\t\t\t<img loading=\"lazy\" decoding=\"async\" width=\"600\" height=\"400\" src=\"https:\/\/www.naturgy.com\/\/app\/uploads\/2023\/03\/Rated.png\" class=\"attachment-medium_large size-medium_large wp-image-100273\" alt=\"\" srcset=\"https:\/\/www.naturgy.com\/\/app\/uploads\/2023\/03\/Rated.png 600w, https:\/\/www.naturgy.com\/\/app\/uploads\/2023\/03\/Rated-300x200.png 300w\" sizes=\"(max-width: 600px) 100vw, 600px\" \/>\t\t\t\t\t\t\t\t\t\t\t\t\t\t\t<\/div>\n\t\t\t\t<\/div>\n\t\t\t\t<div class=\"elementor-element elementor-element-0cad223 elementor-widget elementor-widget-heading\" data-id=\"0cad223\" data-element_type=\"widget\" data-widget_type=\"heading.default\">\n\t\t\t\t<div class=\"elementor-widget-container\">\n\t\t\t\t\t<div class=\"elementor-heading-title elementor-size-default\"><b>Sustainalytics ESG Rating<\/b><\/div>\t\t\t\t<\/div>\n\t\t\t\t<\/div>\n\t\t\t\t<div class=\"elementor-element elementor-element-3f086f9 elementor-widget elementor-widget-heading\" data-id=\"3f086f9\" data-element_type=\"widget\" data-widget_type=\"heading.default\">\n\t\t\t\t<div class=\"elementor-widget-container\">\n\t\t\t\t\t<div class=\"elementor-heading-title elementor-size-default\">Ano de inclusi\u00f3n: 2017\n<\/div>\t\t\t\t<\/div>\n\t\t\t\t<\/div>\n\t\t\t\t<div class=\"elementor-element elementor-element-de34f3d elementor-widget elementor-widget-text-editor\" data-id=\"de34f3d\" data-element_type=\"widget\" data-widget_type=\"text-editor.default\">\n\t\t\t\t<div class=\"elementor-widget-container\">\n\t\t\t\t\t\t\t\t\t<p>Presentamos un perfil de risco medio fronte \u00e1s 706 utilities avaliadas.<\/p>\t\t\t\t\t\t\t\t<\/div>\n\t\t\t\t<\/div>\n\t\t\t\t<\/div>\n\t\t<div class=\"elementor-element elementor-element-35617ce e-con-full e-flex e-con e-child\" data-id=\"35617ce\" data-element_type=\"container\">\n\t\t\t\t<div class=\"elementor-element elementor-element-65c2d02 elementor-widget elementor-widget-image\" data-id=\"65c2d02\" data-element_type=\"widget\" data-widget_type=\"image.default\">\n\t\t\t\t<div class=\"elementor-widget-container\">\n\t\t\t\t\t\t\t\t\t\t\t\t\t\t\t<img loading=\"lazy\" decoding=\"async\" width=\"365\" height=\"244\" src=\"https:\/\/www.naturgy.com\/\/app\/uploads\/2023\/04\/Logo_ISS_ESG.png\" class=\"attachment-medium_large size-medium_large wp-image-60758\" alt=\"\" srcset=\"https:\/\/www.naturgy.com\/\/app\/uploads\/2023\/04\/Logo_ISS_ESG.png 365w, https:\/\/www.naturgy.com\/\/app\/uploads\/2023\/04\/Logo_ISS_ESG-300x201.png 300w\" sizes=\"(max-width: 365px) 100vw, 365px\" \/>\t\t\t\t\t\t\t\t\t\t\t\t\t\t\t<\/div>\n\t\t\t\t<\/div>\n\t\t\t\t<div class=\"elementor-element elementor-element-b1e9bbc elementor-widget elementor-widget-heading\" data-id=\"b1e9bbc\" data-element_type=\"widget\" data-widget_type=\"heading.default\">\n\t\t\t\t<div class=\"elementor-widget-container\">\n\t\t\t\t\t<div class=\"elementor-heading-title elementor-size-default\"><b>ISS ESG Rating\n<\/b><\/div>\t\t\t\t<\/div>\n\t\t\t\t<\/div>\n\t\t\t\t<div class=\"elementor-element elementor-element-450d3f2 elementor-widget elementor-widget-heading\" data-id=\"450d3f2\" data-element_type=\"widget\" data-widget_type=\"heading.default\">\n\t\t\t\t<div class=\"elementor-widget-container\">\n\t\t\t\t\t<div class=\"elementor-heading-title elementor-size-default\"> Ano de inclusi\u00f3n: 2014\n<\/div>\t\t\t\t<\/div>\n\t\t\t\t<\/div>\n\t\t\t\t<div class=\"elementor-element elementor-element-e1bff82 elementor-widget elementor-widget-text-editor\" data-id=\"e1bff82\" data-element_type=\"widget\" data-widget_type=\"text-editor.default\">\n\t\t\t\t<div class=\"elementor-widget-container\">\n\t\t\t\t\t\t\t\t\t<p>Mant\u00e9monos dentro do 10% de empresas do sector con mellor valoraci\u00f3n<\/p>\t\t\t\t\t\t\t\t<\/div>\n\t\t\t\t<\/div>\n\t\t\t\t<\/div>\n\t\t<div class=\"elementor-element elementor-element-2a4bf77 e-con-full e-flex e-con e-child\" data-id=\"2a4bf77\" data-element_type=\"container\">\n\t\t\t\t<div class=\"elementor-element elementor-element-8d135d4 elementor-widget elementor-widget-image\" data-id=\"8d135d4\" data-element_type=\"widget\" data-widget_type=\"image.default\">\n\t\t\t\t<div class=\"elementor-widget-container\">\n\t\t\t\t\t\t\t\t\t\t\t\t\t\t\t<img loading=\"lazy\" decoding=\"async\" width=\"365\" height=\"244\" src=\"https:\/\/www.naturgy.com\/\/app\/uploads\/2023\/03\/evadis_2025.png\" class=\"attachment-medium_large size-medium_large wp-image-141331\" alt=\"\" srcset=\"https:\/\/www.naturgy.com\/\/app\/uploads\/2023\/03\/evadis_2025.png 365w, https:\/\/www.naturgy.com\/\/app\/uploads\/2023\/03\/evadis_2025-300x201.png 300w\" sizes=\"(max-width: 365px) 100vw, 365px\" \/>\t\t\t\t\t\t\t\t\t\t\t\t\t\t\t<\/div>\n\t\t\t\t<\/div>\n\t\t\t\t<div class=\"elementor-element elementor-element-7d5255b elementor-widget elementor-widget-heading\" data-id=\"7d5255b\" data-element_type=\"widget\" data-widget_type=\"heading.default\">\n\t\t\t\t<div class=\"elementor-widget-container\">\n\t\t\t\t\t<div class=\"elementor-heading-title elementor-size-default\"><b>Ecovadis<\/b><\/div>\t\t\t\t<\/div>\n\t\t\t\t<\/div>\n\t\t\t\t<div class=\"elementor-element elementor-element-2083b5a elementor-widget elementor-widget-text-editor\" data-id=\"2083b5a\" data-element_type=\"widget\" data-widget_type=\"text-editor.default\">\n\t\t\t\t<div class=\"elementor-widget-container\">\n\t\t\t\t\t\t\t\t\t<p>Valorado coa medalla de ouro o noso desempe\u00f1o en materia social, medioambiental e de bo goberno por parte deste provedor mundial de cualificaci\u00f3n de sostibilidade empresarial<\/p>\t\t\t\t\t\t\t\t<\/div>\n\t\t\t\t<\/div>\n\t\t\t\t<\/div>\n\t\t\t\t\t<\/div>\n\t\t\t\t<\/div>\n\t\t<div class=\"elementor-element elementor-element-8ae38dd e-con-full e-flex e-con e-parent\" data-id=\"8ae38dd\" data-element_type=\"container\">\n\t\t\t\t<div class=\"elementor-element elementor-element-5c4c7aa elementor-widget elementor-widget-spacer\" data-id=\"5c4c7aa\" data-element_type=\"widget\" data-widget_type=\"spacer.default\">\n\t\t\t\t<div class=\"elementor-widget-container\">\n\t\t\t\t\t\t\t<div class=\"elementor-spacer\">\n\t\t\t<div class=\"elementor-spacer-inner\"><\/div>\n\t\t<\/div>\n\t\t\t\t\t\t<\/div>\n\t\t\t\t<\/div>\n\t\t\t\t<\/div>\n\t\t<div class=\"elementor-element elementor-element-01fb2d9 grid col-3 e-flex e-con-boxed e-con e-parent\" data-id=\"01fb2d9\" data-element_type=\"container\">\n\t\t\t\t\t<div class=\"e-con-inner\">\n\t\t<div class=\"elementor-element elementor-element-62c42c7 e-con-full elementor-hidden-desktop elementor-hidden-tablet elementor-hidden-mobile e-flex e-con e-child\" data-id=\"62c42c7\" data-element_type=\"container\">\n\t\t\t\t<div class=\"elementor-element elementor-element-9981a3b elementor-widget elementor-widget-image\" data-id=\"9981a3b\" data-element_type=\"widget\" data-widget_type=\"image.default\">\n\t\t\t\t<div class=\"elementor-widget-container\">\n\t\t\t\t\t\t\t\t\t\t\t\t\t\t\t<img loading=\"lazy\" decoding=\"async\" width=\"600\" height=\"400\" src=\"https:\/\/www.naturgy.com\/\/app\/uploads\/2023\/03\/SP-Global-Corporate-Sustainability-Assesment.png\" class=\"attachment-medium_large size-medium_large wp-image-102576\" alt=\"\" srcset=\"https:\/\/www.naturgy.com\/\/app\/uploads\/2023\/03\/SP-Global-Corporate-Sustainability-Assesment.png 600w, https:\/\/www.naturgy.com\/\/app\/uploads\/2023\/03\/SP-Global-Corporate-Sustainability-Assesment-300x200.png 300w\" sizes=\"(max-width: 600px) 100vw, 600px\" \/>\t\t\t\t\t\t\t\t\t\t\t\t\t\t\t<\/div>\n\t\t\t\t<\/div>\n\t\t\t\t<div class=\"elementor-element elementor-element-ad6c2ca elementor-widget elementor-widget-heading\" data-id=\"ad6c2ca\" data-element_type=\"widget\" data-widget_type=\"heading.default\">\n\t\t\t\t<div class=\"elementor-widget-container\">\n\t\t\t\t\t<div class=\"elementor-heading-title elementor-size-default\"><b>S&amp;P Global<\/b><\/div>\t\t\t\t<\/div>\n\t\t\t\t<\/div>\n\t\t\t\t<div class=\"elementor-element elementor-element-4ddac4f elementor-widget elementor-widget-heading\" data-id=\"4ddac4f\" data-element_type=\"widget\" data-widget_type=\"heading.default\">\n\t\t\t\t<div class=\"elementor-widget-container\">\n\t\t\t\t\t<div class=\"elementor-heading-title elementor-size-default\"> Ano de inclusi\u00f3n: 2004<\/div>\t\t\t\t<\/div>\n\t\t\t\t<\/div>\n\t\t\t\t<div class=\"elementor-element elementor-element-cec1ca5 elementor-widget elementor-widget-text-editor\" data-id=\"cec1ca5\" data-element_type=\"widget\" data-widget_type=\"text-editor.default\">\n\t\t\t\t<div class=\"elementor-widget-container\">\n\t\t\t\t\t\t\t\t\t<p>Sit\u00faa a compa\u00f1\u00eda entre o 10\u00a0% con mellor puntuaci\u00f3n no \u2018Sustainability Yearbook 2024\u2019 realizado a partir da avaliaci\u00f3n de sostibilidade realizada pola axencia no ano 2023.<\/p>\t\t\t\t\t\t\t\t<\/div>\n\t\t\t\t<\/div>\n\t\t\t\t<\/div>\n\t\t<div class=\"elementor-element elementor-element-546b756 e-con-full elementor-hidden-desktop elementor-hidden-tablet elementor-hidden-mobile e-flex e-con e-child\" data-id=\"546b756\" data-element_type=\"container\">\n\t\t\t\t<div class=\"elementor-element elementor-element-da5f288 elementor-widget elementor-widget-image\" data-id=\"da5f288\" data-element_type=\"widget\" data-widget_type=\"image.default\">\n\t\t\t\t<div class=\"elementor-widget-container\">\n\t\t\t\t\t\t\t\t\t\t\t\t\t\t\t<img loading=\"lazy\" decoding=\"async\" width=\"600\" height=\"400\" src=\"https:\/\/www.naturgy.com\/\/app\/uploads\/2023\/03\/Moodys.png\" class=\"attachment-medium_large size-medium_large wp-image-100277\" alt=\"\" srcset=\"https:\/\/www.naturgy.com\/\/app\/uploads\/2023\/03\/Moodys.png 600w, https:\/\/www.naturgy.com\/\/app\/uploads\/2023\/03\/Moodys-300x200.png 300w\" sizes=\"(max-width: 600px) 100vw, 600px\" \/>\t\t\t\t\t\t\t\t\t\t\t\t\t\t\t<\/div>\n\t\t\t\t<\/div>\n\t\t\t\t<div class=\"elementor-element elementor-element-5ceedf2 elementor-widget elementor-widget-heading\" data-id=\"5ceedf2\" data-element_type=\"widget\" data-widget_type=\"heading.default\">\n\t\t\t\t<div class=\"elementor-widget-container\">\n\t\t\t\t\t<div class=\"elementor-heading-title elementor-size-default\"><b>Moody\u2019s ESG solution<\/b><\/div>\t\t\t\t<\/div>\n\t\t\t\t<\/div>\n\t\t\t\t<div class=\"elementor-element elementor-element-44ce163 elementor-widget elementor-widget-text-editor\" data-id=\"44ce163\" data-element_type=\"widget\" data-widget_type=\"text-editor.default\">\n\t\t\t\t<div class=\"elementor-widget-container\">\n\t\t\t\t\t\t\t\t\t<p>Out\u00f3rganos unha puntuaci\u00f3n de 60 puntos sobre un m\u00e1ximo de 100, o que nos sit\u00faa nunha categor\u00eda avanzada de desempe\u00f1o.<\/p>\t\t\t\t\t\t\t\t<\/div>\n\t\t\t\t<\/div>\n\t\t\t\t<\/div>\n\t\t\t\t\t<\/div>\n\t\t\t\t<\/div>\n\t\t<div class=\"elementor-element elementor-element-a670fc5 e-con-full e-flex e-con e-parent\" data-id=\"a670fc5\" data-element_type=\"container\">\n\t\t\t\t<div class=\"elementor-element elementor-element-f4338e2 elementor-widget elementor-widget-spacer\" data-id=\"f4338e2\" data-element_type=\"widget\" data-widget_type=\"spacer.default\">\n\t\t\t\t<div class=\"elementor-widget-container\">\n\t\t\t\t\t\t\t<div class=\"elementor-spacer\">\n\t\t\t<div class=\"elementor-spacer-inner\"><\/div>\n\t\t<\/div>\n\t\t\t\t\t\t<\/div>\n\t\t\t\t<\/div>\n\t\t\t\t<\/div>\n\t\t\t\t<\/div>\n\t\t","protected":false},"excerpt":{"rendered":"<p>A nosa presenza nestes \u00cdndices\u00a0pon en valor o esforzo en materia de responsabilidade corporativa e transparencia informativa e implica un reco\u00f1ecemento externo da boa evoluci\u00f3n das nosas actuaci\u00f3ns nesta materia.\u00a0 FTSE4Good Ano de inclusi\u00f3n: 2001 Renovaci\u00f3n do liderado entre as empresas m\u00e1is sostibles do sector Utilities Euronext Ano de inclusi\u00f3n: 2013 Formamos parte do \u00edndice [&hellip;]<\/p>\n","protected":false},"author":5,"featured_media":0,"parent":39949,"menu_order":2,"comment_status":"closed","ping_status":"closed","template":"","meta":{"_acf_changed":false,"footnotes":""},"class_list":["post-40424","page","type-page","status-publish","hentry"],"acf":[],"_links":{"self":[{"href":"https:\/\/www.naturgy.com\/gl\/wp-json\/wp\/v2\/pages\/40424","targetHints":{"allow":["GET"]}}],"collection":[{"href":"https:\/\/www.naturgy.com\/gl\/wp-json\/wp\/v2\/pages"}],"about":[{"href":"https:\/\/www.naturgy.com\/gl\/wp-json\/wp\/v2\/types\/page"}],"author":[{"embeddable":true,"href":"https:\/\/www.naturgy.com\/gl\/wp-json\/wp\/v2\/users\/5"}],"replies":[{"embeddable":true,"href":"https:\/\/www.naturgy.com\/gl\/wp-json\/wp\/v2\/comments?post=40424"}],"version-history":[{"count":30,"href":"https:\/\/www.naturgy.com\/gl\/wp-json\/wp\/v2\/pages\/40424\/revisions"}],"predecessor-version":[{"id":141553,"href":"https:\/\/www.naturgy.com\/gl\/wp-json\/wp\/v2\/pages\/40424\/revisions\/141553"}],"up":[{"embeddable":true,"href":"https:\/\/www.naturgy.com\/gl\/wp-json\/wp\/v2\/pages\/39949"}],"wp:attachment":[{"href":"https:\/\/www.naturgy.com\/gl\/wp-json\/wp\/v2\/media?parent=40424"}],"curies":[{"name":"wp","href":"https:\/\/api.w.org\/{rel}","templated":true}]}}