{"id":40444,"date":"2023-02-26T01:14:41","date_gmt":"2023-02-26T00:14:41","guid":{"rendered":"https:\/\/www.naturgy.com\/compromiso-social\/"},"modified":"2023-03-29T17:04:45","modified_gmt":"2023-03-29T15:04:45","slug":"compromiso-social","status":"publish","type":"page","link":"https:\/\/www.naturgy.com\/gl\/compromiso-social\/","title":{"rendered":"Compromiso social"},"content":{"rendered":"\t\t<div data-elementor-type=\"wp-page\" data-elementor-id=\"40444\" class=\"elementor elementor-40444 elementor-31875\" data-elementor-post-type=\"page\">\n\t\t\t\t<div class=\"elementor-element elementor-element-7fb48d96 e-flex e-con-boxed e-con e-parent\" data-id=\"7fb48d96\" data-element_type=\"container\">\n\t\t\t\t\t<div class=\"e-con-inner\">\n\t\t<div class=\"elementor-element elementor-element-7d51142b e-con-full e-flex e-con e-parent\" data-id=\"7d51142b\" data-element_type=\"container\">\n\t\t\t\t<div class=\"elementor-element elementor-element-12818f0f elementor-widget elementor-widget-shortcode\" data-id=\"12818f0f\" data-element_type=\"widget\" data-widget_type=\"shortcode.default\">\n\t\t\t\t<div class=\"elementor-widget-container\">\n\t\t\t\t\t\t\t<div class=\"elementor-shortcode\"><nav aria-label=\"breadcrumbs\" class=\"rank-math-breadcrumb\"><p><span class=\"last\">Comeza<\/span><\/p><\/nav><\/div>\n\t\t\t\t\t\t<\/div>\n\t\t\t\t<\/div>\n\t\t\t\t<div class=\"elementor-element elementor-element-2810f668 elementor-widget elementor-widget-heading\" data-id=\"2810f668\" data-element_type=\"widget\" data-widget_type=\"heading.default\">\n\t\t\t\t<div class=\"elementor-widget-container\">\n\t\t\t\t\t<h1 class=\"elementor-heading-title elementor-size-default\">Compromiso social<\/h1>\t\t\t\t<\/div>\n\t\t\t\t<\/div>\n\t\t\t\t<\/div>\n\t\t<div class=\"elementor-element elementor-element-5c4fa917 e-con-full e-flex e-con e-parent\" data-id=\"5c4fa917\" data-element_type=\"container\">\n\t\t\t\t<div class=\"elementor-element elementor-element-3ac22706 elementor-widget elementor-widget-spacer\" data-id=\"3ac22706\" data-element_type=\"widget\" data-widget_type=\"spacer.default\">\n\t\t\t\t<div class=\"elementor-widget-container\">\n\t\t\t\t\t\t\t<div class=\"elementor-spacer\">\n\t\t\t<div class=\"elementor-spacer-inner\"><\/div>\n\t\t<\/div>\n\t\t\t\t\t\t<\/div>\n\t\t\t\t<\/div>\n\t\t\t\t<\/div>\n\t\t\t\t\t<\/div>\n\t\t\t\t<\/div>\n\t\t<div class=\"elementor-element elementor-element-4248e103 e-flex e-con-boxed e-con e-parent\" data-id=\"4248e103\" data-element_type=\"container\">\n\t\t\t\t\t<div class=\"e-con-inner\">\n\t\t\t\t<div class=\"elementor-element elementor-element-2191b4ca elementor-widget elementor-widget-image\" data-id=\"2191b4ca\" data-element_type=\"widget\" data-widget_type=\"image.default\">\n\t\t\t\t<div class=\"elementor-widget-container\">\n\t\t\t\t\t\t\t\t\t\t\t\t\t\t\t<img fetchpriority=\"high\" decoding=\"async\" width=\"1151\" height=\"400\" src=\"https:\/\/www.naturgy.com\/\/app\/uploads\/2023\/02\/Compromiso_social_d.png\" class=\"attachment-full size-full wp-image-32600\" alt=\"\" srcset=\"https:\/\/www.naturgy.com\/\/app\/uploads\/2023\/02\/Compromiso_social_d.png 1151w, https:\/\/www.naturgy.com\/\/app\/uploads\/2023\/02\/Compromiso_social_d-300x104.png 300w, https:\/\/www.naturgy.com\/\/app\/uploads\/2023\/02\/Compromiso_social_d-1024x356.png 1024w, https:\/\/www.naturgy.com\/\/app\/uploads\/2023\/02\/Compromiso_social_d-768x267.png 768w\" sizes=\"(max-width: 1151px) 100vw, 1151px\" \/>\t\t\t\t\t\t\t\t\t\t\t\t\t\t\t<\/div>\n\t\t\t\t<\/div>\n\t\t\t\t<div class=\"elementor-element elementor-element-4229bd3e elementor-widget elementor-widget-heading\" data-id=\"4229bd3e\" data-element_type=\"widget\" data-widget_type=\"heading.default\">\n\t\t\t\t<div class=\"elementor-widget-container\">\n\t\t\t\t\t<h2 class=\"elementor-heading-title elementor-size-default\">Dialogamos coas comunidades locais para poder investir en desenvolvemento social, econ\u00f3mico e humano dos pa\u00edses onde realizamos as nosas actividades<\/h2>\t\t\t\t<\/div>\n\t\t\t\t<\/div>\n\t\t\t\t<div class=\"elementor-element elementor-element-6a99d642 elementor-widget elementor-widget-text-editor\" data-id=\"6a99d642\" data-element_type=\"widget\" data-widget_type=\"text-editor.default\">\n\t\t\t\t<div class=\"elementor-widget-container\">\n\t\t\t\t\t\t\t\t\tEstamos comprometidos co desenvolvemento econ\u00f3mico e social das rexi\u00f3ns nas que realizamos as nosas actividades, achegando co\u00f1ecementos, capacidade de xesti\u00f3n e dedicando parte dos nosos beneficios ao investimento social. O di\u00e1logo flu\u00eddo e permanente coa sociedade perm\u00edtenos co\u00f1ecer as expectativas e intereses das comunidades onde operamos e poder as\u00ed implicarnos no seu desenvolvemento.\t\t\t\t\t\t\t\t<\/div>\n\t\t\t\t<\/div>\n\t\t\t\t\t<\/div>\n\t\t\t\t<\/div>\n\t\t<div class=\"elementor-element elementor-element-79f109c1 e-con-full e-flex e-con e-parent\" data-id=\"79f109c1\" data-element_type=\"container\">\n\t\t\t\t<div class=\"elementor-element elementor-element-4d271995 elementor-widget elementor-widget-spacer\" data-id=\"4d271995\" data-element_type=\"widget\" data-widget_type=\"spacer.default\">\n\t\t\t\t<div class=\"elementor-widget-container\">\n\t\t\t\t\t\t\t<div class=\"elementor-spacer\">\n\t\t\t<div class=\"elementor-spacer-inner\"><\/div>\n\t\t<\/div>\n\t\t\t\t\t\t<\/div>\n\t\t\t\t<\/div>\n\t\t\t\t<\/div>\n\t\t<div class=\"elementor-element elementor-element-1bce2d3 e-flex e-con-boxed e-con e-parent\" data-id=\"1bce2d3\" data-element_type=\"container\">\n\t\t\t\t\t<div class=\"e-con-inner\">\n\t\t\t\t<div class=\"elementor-element elementor-element-0c1d6f6 elementor-widget elementor-widget-heading\" data-id=\"0c1d6f6\" data-element_type=\"widget\" data-widget_type=\"heading.default\">\n\t\t\t\t<div class=\"elementor-widget-container\">\n\t\t\t\t\t<h3 class=\"elementor-heading-title elementor-size-default\">Compromisos e principios de actuaci\u00f3n responsable coa sociedade<\/h3>\t\t\t\t<\/div>\n\t\t\t\t<\/div>\n\t\t\t\t\t<\/div>\n\t\t\t\t<\/div>\n\t\t<div class=\"elementor-element elementor-element-c5246b3 e-con-full e-flex e-con e-parent\" data-id=\"c5246b3\" data-element_type=\"container\">\n\t\t\t\t<div class=\"elementor-element elementor-element-ebac891 elementor-widget elementor-widget-spacer\" data-id=\"ebac891\" data-element_type=\"widget\" data-widget_type=\"spacer.default\">\n\t\t\t\t<div class=\"elementor-widget-container\">\n\t\t\t\t\t\t\t<div class=\"elementor-spacer\">\n\t\t\t<div class=\"elementor-spacer-inner\"><\/div>\n\t\t<\/div>\n\t\t\t\t\t\t<\/div>\n\t\t\t\t<\/div>\n\t\t\t\t<\/div>\n\t\t<div class=\"elementor-element elementor-element-513f2684 grid col-3 e-flex e-con-boxed e-con e-parent\" data-id=\"513f2684\" data-element_type=\"container\">\n\t\t\t\t\t<div class=\"e-con-inner\">\n\t\t<div class=\"elementor-element elementor-element-47f61dd6 e-con-full e-flex e-con e-parent\" data-id=\"47f61dd6\" data-element_type=\"container\" data-settings=\"{&quot;background_background&quot;:&quot;classic&quot;}\">\n\t\t\t\t<div class=\"elementor-element elementor-element-499de6e7 elementor-widget elementor-widget-heading\" data-id=\"499de6e7\" data-element_type=\"widget\" data-widget_type=\"heading.default\">\n\t\t\t\t<div class=\"elementor-widget-container\">\n\t\t\t\t\t<div class=\"elementor-heading-title elementor-size-default\">Di\u00e1logo coa comunidade<\/div>\t\t\t\t<\/div>\n\t\t\t\t<\/div>\n\t\t\t\t<div class=\"elementor-element elementor-element-66443929 elementor-view-default elementor-widget elementor-widget-icon\" data-id=\"66443929\" data-element_type=\"widget\" data-widget_type=\"icon.default\">\n\t\t\t\t<div class=\"elementor-widget-container\">\n\t\t\t\t\t\t\t<div class=\"elementor-icon-wrapper\">\n\t\t\t<div class=\"elementor-icon\">\n\t\t\t<i aria-hidden=\"true\" class=\"interfaz interfaz-chat\"><\/i>\t\t\t<\/div>\n\t\t<\/div>\n\t\t\t\t\t\t<\/div>\n\t\t\t\t<\/div>\n\t\t\t\t<div class=\"elementor-element elementor-element-66a11a8e elementor-widget elementor-widget-text-editor\" data-id=\"66a11a8e\" data-element_type=\"widget\" data-widget_type=\"text-editor.default\">\n\t\t\t\t<div class=\"elementor-widget-container\">\n\t\t\t\t\t\t\t\t\t<p>Queremos garantir o\u00a0<strong>di\u00e1logo flu\u00eddo e bidireccional<\/strong>, e a implicaci\u00f3n nas\u00a0<strong>comunidades locais<\/strong>\u00a0respectando a s\u00faa cultura, as s\u00faas normas e a s\u00faa contorna, de modo que as s\u00faas preocupaci\u00f3ns sexan respondidas de xeito adecuado e dilixente.\u00a0<\/p>\t\t\t\t\t\t\t\t<\/div>\n\t\t\t\t<\/div>\n\t\t\t\t<\/div>\n\t\t<div class=\"elementor-element elementor-element-3bcdb7f e-con-full e-flex e-con e-parent\" data-id=\"3bcdb7f\" data-element_type=\"container\" data-settings=\"{&quot;background_background&quot;:&quot;classic&quot;}\">\n\t\t\t\t<div class=\"elementor-element elementor-element-d71141b elementor-widget elementor-widget-heading\" data-id=\"d71141b\" data-element_type=\"widget\" data-widget_type=\"heading.default\">\n\t\t\t\t<div class=\"elementor-widget-container\">\n\t\t\t\t\t<div class=\"elementor-heading-title elementor-size-default\">Avaliaci\u00f3n do impacto social<\/div>\t\t\t\t<\/div>\n\t\t\t\t<\/div>\n\t\t\t\t<div class=\"elementor-element elementor-element-fb2be42 elementor-view-default elementor-widget elementor-widget-icon\" data-id=\"fb2be42\" data-element_type=\"widget\" data-widget_type=\"icon.default\">\n\t\t\t\t<div class=\"elementor-widget-container\">\n\t\t\t\t\t\t\t<div class=\"elementor-icon-wrapper\">\n\t\t\t<div class=\"elementor-icon\">\n\t\t\t<i aria-hidden=\"true\" class=\"medioambiente medioambiente-sostenibilidad\"><\/i>\t\t\t<\/div>\n\t\t<\/div>\n\t\t\t\t\t\t<\/div>\n\t\t\t\t<\/div>\n\t\t\t\t<div class=\"elementor-element elementor-element-6792049 elementor-widget elementor-widget-text-editor\" data-id=\"6792049\" data-element_type=\"widget\" data-widget_type=\"text-editor.default\">\n\t\t\t\t<div class=\"elementor-widget-container\">\n\t\t\t\t\t\t\t\t\t<p>Facemos avaliaci\u00f3ns do impacto social que produce a nosa actividade para\u00a0<strong>evitar ou mitigar os efectos adversos<\/strong>\u00a0que se poidan xerar e potenciar os efectos\u00a0positivos.<\/p>\t\t\t\t\t\t\t\t<\/div>\n\t\t\t\t<\/div>\n\t\t\t\t<\/div>\n\t\t<div class=\"elementor-element elementor-element-3f0957e e-con-full e-flex e-con e-parent\" data-id=\"3f0957e\" data-element_type=\"container\" data-settings=\"{&quot;background_background&quot;:&quot;classic&quot;}\">\n\t\t\t\t<div class=\"elementor-element elementor-element-7a285fc elementor-widget elementor-widget-heading\" data-id=\"7a285fc\" data-element_type=\"widget\" data-widget_type=\"heading.default\">\n\t\t\t\t<div class=\"elementor-widget-container\">\n\t\t\t\t\t<div class=\"elementor-heading-title elementor-size-default\">Creaci\u00f3n de valor compartido<\/div>\t\t\t\t<\/div>\n\t\t\t\t<\/div>\n\t\t\t\t<div class=\"elementor-element elementor-element-1dd4f4b elementor-view-default elementor-widget elementor-widget-icon\" data-id=\"1dd4f4b\" data-element_type=\"widget\" data-widget_type=\"icon.default\">\n\t\t\t\t<div class=\"elementor-widget-container\">\n\t\t\t\t\t\t\t<div class=\"elementor-icon-wrapper\">\n\t\t\t<div class=\"elementor-icon\">\n\t\t\t<i aria-hidden=\"true\" class=\"edificios edificios-ciudad\"><\/i>\t\t\t<\/div>\n\t\t<\/div>\n\t\t\t\t\t\t<\/div>\n\t\t\t\t<\/div>\n\t\t\t\t<div class=\"elementor-element elementor-element-4b488a5 elementor-widget elementor-widget-text-editor\" data-id=\"4b488a5\" data-element_type=\"widget\" data-widget_type=\"text-editor.default\">\n\t\t\t\t<div class=\"elementor-widget-container\">\n\t\t\t\t\t\t\t\t\t<p>Desenvolvemos iniciativas no marco da\u00a0<em>venture philanthropy<\/em>\u00a0para a creaci\u00f3n de\u00a0<strong>valor compartido e de impacto social positivo\u00a0<\/strong>en proxectos enerx\u00e9ticos.<\/p>\t\t\t\t\t\t\t\t<\/div>\n\t\t\t\t<\/div>\n\t\t\t\t<\/div>\n\t\t<div class=\"elementor-element elementor-element-8bab46d e-con-full e-flex e-con e-parent\" data-id=\"8bab46d\" data-element_type=\"container\" data-settings=\"{&quot;background_background&quot;:&quot;classic&quot;}\">\n\t\t\t\t<div class=\"elementor-element elementor-element-39c67b0 elementor-widget elementor-widget-heading\" data-id=\"39c67b0\" data-element_type=\"widget\" data-widget_type=\"heading.default\">\n\t\t\t\t<div class=\"elementor-widget-container\">\n\t\t\t\t\t<div class=\"elementor-heading-title elementor-size-default\">Investimento social<\/div>\t\t\t\t<\/div>\n\t\t\t\t<\/div>\n\t\t\t\t<div class=\"elementor-element elementor-element-1685f34 elementor-view-default elementor-widget elementor-widget-icon\" data-id=\"1685f34\" data-element_type=\"widget\" data-widget_type=\"icon.default\">\n\t\t\t\t<div class=\"elementor-widget-container\">\n\t\t\t\t\t\t\t<div class=\"elementor-icon-wrapper\">\n\t\t\t<div class=\"elementor-icon\">\n\t\t\t<i aria-hidden=\"true\" class=\"interfaz interfaz-check-validar\"><\/i>\t\t\t<\/div>\n\t\t<\/div>\n\t\t\t\t\t\t<\/div>\n\t\t\t\t<\/div>\n\t\t\t\t<div class=\"elementor-element elementor-element-04a3ce5 elementor-widget elementor-widget-text-editor\" data-id=\"04a3ce5\" data-element_type=\"widget\" data-widget_type=\"text-editor.default\">\n\t\t\t\t<div class=\"elementor-widget-container\">\n\t\t\t\t\t\t\t\t\t<p>Promovemos a\u00a0<strong>educaci\u00f3n, a riqueza cultural, a sa\u00fade, a investigaci\u00f3n e a inclusi\u00f3n dos colectivos m\u00e1is desfavorecidos<\/strong> a trav\u00e9s do investimento social.<\/p>\t\t\t\t\t\t\t\t<\/div>\n\t\t\t\t<\/div>\n\t\t\t\t<\/div>\n\t\t<div class=\"elementor-element elementor-element-c78f795 e-con-full e-flex e-con e-parent\" data-id=\"c78f795\" data-element_type=\"container\" data-settings=\"{&quot;background_background&quot;:&quot;classic&quot;}\">\n\t\t\t\t<div class=\"elementor-element elementor-element-c82a002 elementor-widget elementor-widget-heading\" data-id=\"c82a002\" data-element_type=\"widget\" data-widget_type=\"heading.default\">\n\t\t\t\t<div class=\"elementor-widget-container\">\n\t\t\t\t\t<div class=\"elementor-heading-title elementor-size-default\">Co\u00f1ecemento<\/div>\t\t\t\t<\/div>\n\t\t\t\t<\/div>\n\t\t\t\t<div class=\"elementor-element elementor-element-449f009 elementor-view-default elementor-widget elementor-widget-icon\" data-id=\"449f009\" data-element_type=\"widget\" data-widget_type=\"icon.default\">\n\t\t\t\t<div class=\"elementor-widget-container\">\n\t\t\t\t\t\t\t<div class=\"elementor-icon-wrapper\">\n\t\t\t<div class=\"elementor-icon\">\n\t\t\t<i aria-hidden=\"true\" class=\"otros otros-formacion\"><\/i>\t\t\t<\/div>\n\t\t<\/div>\n\t\t\t\t\t\t<\/div>\n\t\t\t\t<\/div>\n\t\t\t\t<div class=\"elementor-element elementor-element-e04132d elementor-widget elementor-widget-text-editor\" data-id=\"e04132d\" data-element_type=\"widget\" data-widget_type=\"text-editor.default\">\n\t\t\t\t<div class=\"elementor-widget-container\">\n\t\t\t\t\t\t\t\t\t<p>Transferimos\u00a0<strong>co\u00f1ecemento e valores<\/strong>\u00a0\u00e1 sociedade a trav\u00e9s de acordos de\u00a0<strong>colaboraci\u00f3n coa comunidade acad\u00e9mica<\/strong>\u00a0e utilizamos\u00a0os mecanismos necesarios e\/ou existentes para transmitir\u00a0os niveis de calidade de servizo aos nosos provedores e\u00a0empresas colaboradoras.<\/p>\t\t\t\t\t\t\t\t<\/div>\n\t\t\t\t<\/div>\n\t\t\t\t<\/div>\n\t\t\t\t\t<\/div>\n\t\t\t\t<\/div>\n\t\t<div class=\"elementor-element elementor-element-28b1ec0 e-con-full e-flex e-con e-parent\" data-id=\"28b1ec0\" data-element_type=\"container\">\n\t\t\t\t<div class=\"elementor-element elementor-element-d6865d2 elementor-widget elementor-widget-spacer\" data-id=\"d6865d2\" data-element_type=\"widget\" data-widget_type=\"spacer.default\">\n\t\t\t\t<div class=\"elementor-widget-container\">\n\t\t\t\t\t\t\t<div class=\"elementor-spacer\">\n\t\t\t<div class=\"elementor-spacer-inner\"><\/div>\n\t\t<\/div>\n\t\t\t\t\t\t<\/div>\n\t\t\t\t<\/div>\n\t\t\t\t<\/div>\n\t\t<div class=\"elementor-element elementor-element-1cd74b2 e-flex e-con-boxed e-con e-parent\" data-id=\"1cd74b2\" data-element_type=\"container\">\n\t\t\t\t\t<div class=\"e-con-inner\">\n\t\t\t\t<div class=\"elementor-element elementor-element-4998b70 elementor-widget elementor-widget-heading\" data-id=\"4998b70\" data-element_type=\"widget\" data-widget_type=\"heading.default\">\n\t\t\t\t<div class=\"elementor-widget-container\">\n\t\t\t\t\t<h3 class=\"elementor-heading-title elementor-size-default\">Ligaz\u00f3ns relacionadas<\/h3>\t\t\t\t<\/div>\n\t\t\t\t<\/div>\n\t\t\t\t<div class=\"elementor-element elementor-element-507f2ba7 has-icon elementor-widget elementor-widget-text-editor\" data-id=\"507f2ba7\" data-element_type=\"widget\" data-widget_type=\"text-editor.default\">\n\t\t\t\t<div class=\"elementor-widget-container\">\n\t\t\t\t\t\t\t\t\t<p><a href=\"https:\/\/www.naturgy.com\/gl\/compromiso-social\/\">Relaci\u00f3n coas comunidades<\/a><\/p><p><a href=\"https:\/\/www.naturgy.com\/gl\/sustenibilidade\/comunidade-e-patrocinio\/\">Patrocinio<\/a><\/p>\t\t\t\t\t\t\t\t<\/div>\n\t\t\t\t<\/div>\n\t\t\t\t\t<\/div>\n\t\t\t\t<\/div>\n\t\t<div class=\"elementor-element elementor-element-f76a240 e-con-full e-flex e-con e-parent\" data-id=\"f76a240\" data-element_type=\"container\">\n\t\t\t\t<div class=\"elementor-element elementor-element-eae77bb elementor-widget elementor-widget-spacer\" data-id=\"eae77bb\" data-element_type=\"widget\" data-widget_type=\"spacer.default\">\n\t\t\t\t<div class=\"elementor-widget-container\">\n\t\t\t\t\t\t\t<div class=\"elementor-spacer\">\n\t\t\t<div class=\"elementor-spacer-inner\"><\/div>\n\t\t<\/div>\n\t\t\t\t\t\t<\/div>\n\t\t\t\t<\/div>\n\t\t\t\t<\/div>\n\t\t\t\t<\/div>\n\t\t","protected":false},"excerpt":{"rendered":"<p>Dialogamos coas comunidades locais para poder investir en desenvolvemento social, econ\u00f3mico e humano dos pa\u00edses onde realizamos as nosas actividades Estamos comprometidos co desenvolvemento econ\u00f3mico e social das rexi\u00f3ns nas que realizamos as nosas actividades, achegando co\u00f1ecementos, capacidade de xesti\u00f3n e dedicando parte dos nosos beneficios ao investimento social. O di\u00e1logo flu\u00eddo e permanente coa [&hellip;]<\/p>\n","protected":false},"author":5,"featured_media":0,"parent":0,"menu_order":0,"comment_status":"closed","ping_status":"closed","template":"","meta":{"_acf_changed":false,"footnotes":""},"class_list":["post-40444","page","type-page","status-publish","hentry"],"acf":[],"_links":{"self":[{"href":"https:\/\/www.naturgy.com\/gl\/wp-json\/wp\/v2\/pages\/40444","targetHints":{"allow":["GET"]}}],"collection":[{"href":"https:\/\/www.naturgy.com\/gl\/wp-json\/wp\/v2\/pages"}],"about":[{"href":"https:\/\/www.naturgy.com\/gl\/wp-json\/wp\/v2\/types\/page"}],"author":[{"embeddable":true,"href":"https:\/\/www.naturgy.com\/gl\/wp-json\/wp\/v2\/users\/5"}],"replies":[{"embeddable":true,"href":"https:\/\/www.naturgy.com\/gl\/wp-json\/wp\/v2\/comments?post=40444"}],"version-history":[{"count":7,"href":"https:\/\/www.naturgy.com\/gl\/wp-json\/wp\/v2\/pages\/40444\/revisions"}],"predecessor-version":[{"id":58601,"href":"https:\/\/www.naturgy.com\/gl\/wp-json\/wp\/v2\/pages\/40444\/revisions\/58601"}],"wp:attachment":[{"href":"https:\/\/www.naturgy.com\/gl\/wp-json\/wp\/v2\/media?parent=40444"}],"curies":[{"name":"wp","href":"https:\/\/api.w.org\/{rel}","templated":true}]}}