{"id":40635,"date":"2023-02-17T10:58:45","date_gmt":"2023-02-17T09:58:45","guid":{"rendered":"https:\/\/www.naturgy.com\/accesibilidad\/"},"modified":"2023-04-05T09:58:15","modified_gmt":"2023-04-05T07:58:15","slug":"accesibilidade","status":"publish","type":"page","link":"https:\/\/www.naturgy.com\/gl\/accesibilidade\/","title":{"rendered":"Accesibilidade"},"content":{"rendered":"\t\t<div data-elementor-type=\"wp-page\" data-elementor-id=\"40635\" class=\"elementor elementor-40635 elementor-27040\" data-elementor-post-type=\"page\">\n\t\t\t\t<div class=\"elementor-element elementor-element-646b57e0 e-flex e-con-boxed e-con e-parent\" data-id=\"646b57e0\" data-element_type=\"container\">\n\t\t\t\t\t<div class=\"e-con-inner\">\n\t\t<div class=\"elementor-element elementor-element-16a5c826 e-con-full e-flex e-con e-parent\" data-id=\"16a5c826\" data-element_type=\"container\">\n\t\t\t\t<div class=\"elementor-element elementor-element-6649f9c elementor-widget elementor-widget-shortcode\" data-id=\"6649f9c\" data-element_type=\"widget\" data-widget_type=\"shortcode.default\">\n\t\t\t\t<div class=\"elementor-widget-container\">\n\t\t\t\t\t\t\t<div class=\"elementor-shortcode\"><nav aria-label=\"breadcrumbs\" class=\"rank-math-breadcrumb\"><p><span class=\"last\">Comeza<\/span><\/p><\/nav><\/div>\n\t\t\t\t\t\t<\/div>\n\t\t\t\t<\/div>\n\t\t\t\t<div class=\"elementor-element elementor-element-3ed05d42 elementor-widget elementor-widget-heading\" data-id=\"3ed05d42\" data-element_type=\"widget\" data-widget_type=\"heading.default\">\n\t\t\t\t<div class=\"elementor-widget-container\">\n\t\t\t\t\t<h1 class=\"elementor-heading-title elementor-size-default\">Accesibilidade<\/h1>\t\t\t\t<\/div>\n\t\t\t\t<\/div>\n\t\t\t\t<\/div>\n\t\t<div class=\"elementor-element elementor-element-10b72ab7 e-con-full e-flex e-con e-parent\" data-id=\"10b72ab7\" data-element_type=\"container\">\n\t\t\t\t<div class=\"elementor-element elementor-element-6131eb7e elementor-widget elementor-widget-spacer\" data-id=\"6131eb7e\" data-element_type=\"widget\" data-widget_type=\"spacer.default\">\n\t\t\t\t<div class=\"elementor-widget-container\">\n\t\t\t\t\t\t\t<div class=\"elementor-spacer\">\n\t\t\t<div class=\"elementor-spacer-inner\"><\/div>\n\t\t<\/div>\n\t\t\t\t\t\t<\/div>\n\t\t\t\t<\/div>\n\t\t\t\t<\/div>\n\t\t\t\t\t<\/div>\n\t\t\t\t<\/div>\n\t\t<div class=\"elementor-element elementor-element-f5233a5 e-flex e-con-boxed e-con e-parent\" data-id=\"f5233a5\" data-element_type=\"container\">\n\t\t\t\t\t<div class=\"e-con-inner\">\n\t\t\t\t<div class=\"elementor-element elementor-element-7353281 elementor-widget elementor-widget-text-editor\" data-id=\"7353281\" data-element_type=\"widget\" data-widget_type=\"text-editor.default\">\n\t\t\t\t<div class=\"elementor-widget-container\">\n\t\t\t\t\t\t\t\t\t<p>O web corporativo de Naturgy ten como prioridade o achegamento ao usuario dende todas as perspectivas, polo que se realizou un\u00a0<strong>dese\u00f1o que permite\u00a0percibir, entender, navegar e interactuar co web<\/strong>.<\/p><ul><li>O proceso de conceptualizaci\u00f3n e dese\u00f1o tivo en conta a metodolox\u00eda denominada <strong>Dese\u00f1o Centrado no Usuario<\/strong>, e foi validado con usuarios finais a trav\u00e9s de probas de testaxe real.<\/li><\/ul><p>\u00a0<\/p><ul><li>Procurouse o <strong>acceso de todas as persoas<\/strong>, independentemente das s\u00faas condici\u00f3ns, xa sexa de contorna (ru\u00eddo, navegadores antigos, conexi\u00f3ns lentas,\u2026) como f\u00edsicas (deficiencias visuais, auditivas, motoras, de linguaxe ou relacionadas co envellecemento).<\/li><\/ul><p>\u00a0<\/p><ul><li>Tecnoloxicamente, desenvolveuse garantindo o cumprimento das <strong>normas UNE e do W3C <\/strong>(World Wide Web Consortium), no seu nivel intermedio (AA).<\/li><\/ul><p>\u00a0<\/p><ul><li>A capa de presentaci\u00f3n baseouse nas <strong>recomendaci\u00f3ns do W3C <\/strong>sobre as Follas de Estilo en Fervenza, Nivel 2 (CSS2) e empregouse o est\u00e1ndar recomendado en emprego de c\u00f3digo HTML verificando as recomendaci\u00f3ns usamos XHTML 1.0 Strict.<\/li><\/ul>\t\t\t\t\t\t\t\t<\/div>\n\t\t\t\t<\/div>\n\t\t<div class=\"elementor-element elementor-element-562c793 e-con-full e-flex e-con e-parent\" data-id=\"562c793\" data-element_type=\"container\">\n\t\t\t\t<div class=\"elementor-element elementor-element-a9abf12 elementor-widget elementor-widget-spacer\" data-id=\"a9abf12\" data-element_type=\"widget\" data-widget_type=\"spacer.default\">\n\t\t\t\t<div class=\"elementor-widget-container\">\n\t\t\t\t\t\t\t<div class=\"elementor-spacer\">\n\t\t\t<div class=\"elementor-spacer-inner\"><\/div>\n\t\t<\/div>\n\t\t\t\t\t\t<\/div>\n\t\t\t\t<\/div>\n\t\t\t\t<\/div>\n\t\t\t\t\t<\/div>\n\t\t\t\t<\/div>\n\t\t<div class=\"elementor-element elementor-element-1cad128 e-flex e-con-boxed e-con e-parent\" data-id=\"1cad128\" data-element_type=\"container\">\n\t\t\t\t\t<div class=\"e-con-inner\">\n\t\t\t\t<div class=\"elementor-element elementor-element-9d12713 elementor-widget elementor-widget-text-editor\" data-id=\"9d12713\" data-element_type=\"widget\" data-widget_type=\"text-editor.default\">\n\t\t\t\t<div class=\"elementor-widget-container\">\n\t\t\t\t\t\t\t\t\t<p>Con todo isto, consegu\u00edronse algunhas <strong>vantaxes<\/strong> como:<\/p><ul><li><strong>C\u00f3digo HTML e Follas de estilo axustadas<\/strong> para garantir a correcta visualizaci\u00f3n e que fan que o noso web se adapte aos distintos dispositivos logrando un acceso \u00e1 informaci\u00f3n case universal.<\/li><\/ul><p>\u00a0<\/p><ul><li>Ademais, os <strong>tama\u00f1os de fontes<\/strong> foron definidos con <strong>unidades relativas <\/strong>para que se poida ampliar ou diminu\u00edr dende o navegador.<\/li><\/ul><p>\u00a0<\/p><ul><li>Navegaci\u00f3n con ou sen <strong>follas de estilo<\/strong> activadas. As\u00ed mesmo, navegaci\u00f3n con ou sen JS activado. Con todo este labor conseguiuse que o noso sistema estea preparado para ofrecerlles o noso contido aos usuarios de forma universal.<\/li><\/ul>\t\t\t\t\t\t\t\t<\/div>\n\t\t\t\t<\/div>\n\t\t<div class=\"elementor-element elementor-element-44d0b78 e-con-full e-flex e-con e-parent\" data-id=\"44d0b78\" data-element_type=\"container\">\n\t\t\t\t<div class=\"elementor-element elementor-element-68ca2d6 elementor-widget elementor-widget-spacer\" data-id=\"68ca2d6\" data-element_type=\"widget\" data-widget_type=\"spacer.default\">\n\t\t\t\t<div class=\"elementor-widget-container\">\n\t\t\t\t\t\t\t<div class=\"elementor-spacer\">\n\t\t\t<div class=\"elementor-spacer-inner\"><\/div>\n\t\t<\/div>\n\t\t\t\t\t\t<\/div>\n\t\t\t\t<\/div>\n\t\t\t\t<\/div>\n\t\t\t\t\t<\/div>\n\t\t\t\t<\/div>\n\t\t<div class=\"elementor-element elementor-element-743c073 e-flex e-con-boxed e-con e-parent\" data-id=\"743c073\" data-element_type=\"container\">\n\t\t\t\t\t<div class=\"e-con-inner\">\n\t\t\t\t<div class=\"elementor-element elementor-element-c13e6c6 elementor-widget elementor-widget-text-editor\" data-id=\"c13e6c6\" data-element_type=\"widget\" data-widget_type=\"text-editor.default\">\n\t\t\t\t<div class=\"elementor-widget-container\">\n\t\t\t\t\t\t\t\t\t<p>Respecto \u00e1s <strong>funcionalidades<\/strong> ofrecidas, temos que diferenciar tres casu\u00edsticas:<\/p><ul><li>As <strong>funcionalidades sen integraci\u00f3n con outros sistemas<\/strong>, que foron desenvolvidas neste proxecto seguindo as pautas indicadas nas normas de accesibilidade.<\/li><\/ul><p>\u00a0<\/p><ul><li>As <strong>funcionalidades integradas con outros sistemas<\/strong>: a complexidade t\u00e9cnica de integraci\u00f3n con estes servizos imposibilitou o seu desenvolvemento. Neste sentido Naturgy comprom\u00e9tese a seguir traballando para conseguir que todas as s\u00faas aplicaci\u00f3ns sexan totalmente accesibles.<\/li><\/ul><p>\u00a0<\/p><ul><li>As funcionalidades de terceiros: o noso compromiso coa accesibilidade faise extensible a todas as empresas colaboradoras coas que traballamos. Polo tanto, solicit\u00f3uselles a todas elas o seu compromiso e xesti\u00f3n para garantir a accesibilidade das s\u00faas aplicaci\u00f3ns.<\/li><\/ul>\t\t\t\t\t\t\t\t<\/div>\n\t\t\t\t<\/div>\n\t\t<div class=\"elementor-element elementor-element-73f28b8 e-con-full e-flex e-con e-parent\" data-id=\"73f28b8\" data-element_type=\"container\">\n\t\t\t\t<div class=\"elementor-element elementor-element-dfbfc6d elementor-widget elementor-widget-spacer\" data-id=\"dfbfc6d\" data-element_type=\"widget\" data-widget_type=\"spacer.default\">\n\t\t\t\t<div class=\"elementor-widget-container\">\n\t\t\t\t\t\t\t<div class=\"elementor-spacer\">\n\t\t\t<div class=\"elementor-spacer-inner\"><\/div>\n\t\t<\/div>\n\t\t\t\t\t\t<\/div>\n\t\t\t\t<\/div>\n\t\t\t\t<\/div>\n\t\t\t\t\t<\/div>\n\t\t\t\t<\/div>\n\t\t<div class=\"elementor-element elementor-element-a300418 e-flex e-con-boxed e-con e-parent\" data-id=\"a300418\" data-element_type=\"container\">\n\t\t\t\t\t<div class=\"e-con-inner\">\n\t\t\t\t<div class=\"elementor-element elementor-element-72565fa6 elementor-widget elementor-widget-heading\" data-id=\"72565fa6\" data-element_type=\"widget\" data-widget_type=\"heading.default\">\n\t\t\t\t<div class=\"elementor-widget-container\">\n\t\t\t\t\t<h2 class=\"elementor-heading-title elementor-size-default\">Ligaz\u00f3ns relacionadas<\/h2>\t\t\t\t<\/div>\n\t\t\t\t<\/div>\n\t\t\t\t<div class=\"elementor-element elementor-element-17756e7e has-icon elementor-widget elementor-widget-text-editor\" data-id=\"17756e7e\" data-element_type=\"widget\" data-widget_type=\"text-editor.default\">\n\t\t\t\t<div class=\"elementor-widget-container\">\n\t\t\t\t\t\t\t\t\t<p><a href=\"https:\/\/chapters.w3.org\/hispano\/\" target=\"_blank\" rel=\"noopener\">Consorcio World Wide Web (W3C)<\/a><\/p>\t\t\t\t\t\t\t\t<\/div>\n\t\t\t\t<\/div>\n\t\t<div class=\"elementor-element elementor-element-95c6e16 e-con-full e-flex e-con e-parent\" data-id=\"95c6e16\" data-element_type=\"container\">\n\t\t\t\t<div class=\"elementor-element elementor-element-10c7776 elementor-widget elementor-widget-spacer\" data-id=\"10c7776\" data-element_type=\"widget\" data-widget_type=\"spacer.default\">\n\t\t\t\t<div class=\"elementor-widget-container\">\n\t\t\t\t\t\t\t<div class=\"elementor-spacer\">\n\t\t\t<div class=\"elementor-spacer-inner\"><\/div>\n\t\t<\/div>\n\t\t\t\t\t\t<\/div>\n\t\t\t\t<\/div>\n\t\t\t\t<\/div>\n\t\t\t\t\t<\/div>\n\t\t\t\t<\/div>\n\t\t\t\t<\/div>\n\t\t","protected":false},"excerpt":{"rendered":"<p>O web corporativo de Naturgy ten como prioridade o achegamento ao usuario dende todas as perspectivas, polo que se realizou un\u00a0dese\u00f1o que permite\u00a0percibir, entender, navegar e interactuar co web. O proceso de conceptualizaci\u00f3n e dese\u00f1o tivo en conta a metodolox\u00eda denominada Dese\u00f1o Centrado no Usuario, e foi validado con usuarios finais a trav\u00e9s de probas [&hellip;]<\/p>\n","protected":false},"author":5,"featured_media":0,"parent":0,"menu_order":0,"comment_status":"closed","ping_status":"closed","template":"","meta":{"_acf_changed":false,"footnotes":""},"class_list":["post-40635","page","type-page","status-publish","hentry"],"acf":[],"_links":{"self":[{"href":"https:\/\/www.naturgy.com\/gl\/wp-json\/wp\/v2\/pages\/40635","targetHints":{"allow":["GET"]}}],"collection":[{"href":"https:\/\/www.naturgy.com\/gl\/wp-json\/wp\/v2\/pages"}],"about":[{"href":"https:\/\/www.naturgy.com\/gl\/wp-json\/wp\/v2\/types\/page"}],"author":[{"embeddable":true,"href":"https:\/\/www.naturgy.com\/gl\/wp-json\/wp\/v2\/users\/5"}],"replies":[{"embeddable":true,"href":"https:\/\/www.naturgy.com\/gl\/wp-json\/wp\/v2\/comments?post=40635"}],"version-history":[{"count":11,"href":"https:\/\/www.naturgy.com\/gl\/wp-json\/wp\/v2\/pages\/40635\/revisions"}],"predecessor-version":[{"id":61468,"href":"https:\/\/www.naturgy.com\/gl\/wp-json\/wp\/v2\/pages\/40635\/revisions\/61468"}],"wp:attachment":[{"href":"https:\/\/www.naturgy.com\/gl\/wp-json\/wp\/v2\/media?parent=40635"}],"curies":[{"name":"wp","href":"https:\/\/api.w.org\/{rel}","templated":true}]}}