{"id":40709,"date":"2023-01-20T12:52:25","date_gmt":"2023-01-20T11:52:25","guid":{"rendered":"https:\/\/www.naturgy.com\/conocenos\/presencia-internacional\/"},"modified":"2024-10-04T14:01:15","modified_gmt":"2024-10-04T12:01:15","slug":"presencia-internacional","status":"publish","type":"page","link":"https:\/\/www.naturgy.com\/gl\/conecenos-naturgy\/presencia-internacional\/","title":{"rendered":"Presenza internacional"},"content":{"rendered":"\t\t<div data-elementor-type=\"wp-page\" data-elementor-id=\"40709\" class=\"elementor elementor-40709 elementor-12244\" data-elementor-post-type=\"page\">\n\t\t\t\t<div class=\"elementor-element elementor-element-4aee5a50 e-flex e-con-boxed e-con e-parent\" data-id=\"4aee5a50\" data-element_type=\"container\">\n\t\t\t\t\t<div class=\"e-con-inner\">\n\t\t<div class=\"elementor-element elementor-element-a6c4c72 e-con-full e-flex e-con e-child\" data-id=\"a6c4c72\" data-element_type=\"container\">\n\t\t\t\t<div class=\"elementor-element elementor-element-fc303d7 elementor-widget elementor-widget-shortcode\" data-id=\"fc303d7\" data-element_type=\"widget\" data-widget_type=\"shortcode.default\">\n\t\t\t\t<div class=\"elementor-widget-container\">\n\t\t\t\t\t\t\t<div class=\"elementor-shortcode\"><nav aria-label=\"breadcrumbs\" class=\"rank-math-breadcrumb\"><p><span class=\"last\">Comeza<\/span><\/p><\/nav><\/div>\n\t\t\t\t\t\t<\/div>\n\t\t\t\t<\/div>\n\t\t\t\t<div class=\"elementor-element elementor-element-f91b344 elementor-widget elementor-widget-heading\" data-id=\"f91b344\" data-element_type=\"widget\" data-widget_type=\"heading.default\">\n\t\t\t\t<div class=\"elementor-widget-container\">\n\t\t\t\t\t<h1 class=\"elementor-heading-title elementor-size-default\">Presenza internacional<\/h1>\t\t\t\t<\/div>\n\t\t\t\t<\/div>\n\t\t\t\t<\/div>\n\t\t<div class=\"elementor-element elementor-element-5a4d6636 e-con-full e-flex e-con e-child\" data-id=\"5a4d6636\" data-element_type=\"container\">\n\t\t\t\t<div class=\"elementor-element elementor-element-56663e3b elementor-widget elementor-widget-spacer\" data-id=\"56663e3b\" data-element_type=\"widget\" data-widget_type=\"spacer.default\">\n\t\t\t\t<div class=\"elementor-widget-container\">\n\t\t\t\t\t\t\t<div class=\"elementor-spacer\">\n\t\t\t<div class=\"elementor-spacer-inner\"><\/div>\n\t\t<\/div>\n\t\t\t\t\t\t<\/div>\n\t\t\t\t<\/div>\n\t\t\t\t<\/div>\n\t\t\t\t\t<\/div>\n\t\t\t\t<\/div>\n\t\t<div class=\"elementor-element elementor-element-9e2e7a9 e-flex e-con-boxed e-con e-parent\" data-id=\"9e2e7a9\" data-element_type=\"container\">\n\t\t\t\t\t<div class=\"e-con-inner\">\n\t\t\t\t<div class=\"elementor-element elementor-element-5d37ad7 elementor-widget elementor-widget-image\" data-id=\"5d37ad7\" data-element_type=\"widget\" data-widget_type=\"image.default\">\n\t\t\t\t<div class=\"elementor-widget-container\">\n\t\t\t\t\t\t\t\t\t\t\t\t\t\t\t<img fetchpriority=\"high\" decoding=\"async\" width=\"2280\" height=\"1258\" src=\"https:\/\/stproportalcorporativo.blob.core.windows.net\/uploads\/2024\/03\/Mapa_presencia_GA.webp\" class=\"attachment-full size-full wp-image-99707\" alt=\"\" srcset=\"https:\/\/stproportalcorporativo.blob.core.windows.net\/uploads\/2024\/03\/Mapa_presencia_GA.webp 2280w, https:\/\/stproportalcorporativo.blob.core.windows.net\/uploads\/2024\/03\/Mapa_presencia_GA-300x166.webp 300w, https:\/\/stproportalcorporativo.blob.core.windows.net\/uploads\/2024\/03\/Mapa_presencia_GA-1024x565.webp 1024w, https:\/\/stproportalcorporativo.blob.core.windows.net\/uploads\/2024\/03\/Mapa_presencia_GA-768x424.webp 768w, https:\/\/stproportalcorporativo.blob.core.windows.net\/uploads\/2024\/03\/Mapa_presencia_GA-1536x847.webp 1536w, https:\/\/stproportalcorporativo.blob.core.windows.net\/uploads\/2024\/03\/Mapa_presencia_GA-2048x1130.webp 2048w\" sizes=\"(max-width: 2280px) 100vw, 2280px\" \/>\t\t\t\t\t\t\t\t\t\t\t\t\t\t\t<\/div>\n\t\t\t\t<\/div>\n\t\t\t\t\t<\/div>\n\t\t\t\t<\/div>\n\t\t<div class=\"elementor-element elementor-element-e385932 grid col-3 e-flex e-con-boxed e-con e-parent\" data-id=\"e385932\" data-element_type=\"container\" data-settings=\"{&quot;background_background&quot;:&quot;classic&quot;}\">\n\t\t\t\t\t<div class=\"e-con-inner\">\n\t\t<div class=\"elementor-element elementor-element-dfd5ee2 e-con-full e-flex e-con e-child\" data-id=\"dfd5ee2\" data-element_type=\"container\">\n\t\t\t\t<div class=\"elementor-element elementor-element-0f09846 elementor-widget elementor-widget-image\" data-id=\"0f09846\" data-element_type=\"widget\" data-widget_type=\"image.default\">\n\t\t\t\t<div class=\"elementor-widget-container\">\n\t\t\t\t\t\t\t\t\t\t\t\t\t\t\t<img decoding=\"async\" width=\"604\" height=\"84\" src=\"https:\/\/www.naturgy.com\/\/app\/uploads\/2023\/03\/america-2.png\" class=\"attachment-large size-large wp-image-59137\" alt=\"\" srcset=\"https:\/\/www.naturgy.com\/\/app\/uploads\/2023\/03\/america-2.png 604w, https:\/\/www.naturgy.com\/\/app\/uploads\/2023\/03\/america-2-300x42.png 300w\" sizes=\"(max-width: 604px) 100vw, 604px\" \/>\t\t\t\t\t\t\t\t\t\t\t\t\t\t\t<\/div>\n\t\t\t\t<\/div>\n\t\t\t\t<div class=\"elementor-element elementor-element-30e80fc has-icon elementor-widget elementor-widget-text-editor\" data-id=\"30e80fc\" data-element_type=\"widget\" data-widget_type=\"text-editor.default\">\n\t\t\t\t<div class=\"elementor-widget-container\">\n\t\t\t\t\t\t\t\t\t<p><a href=\"https:\/\/www.naturgy.com\/gl\/conecenos-naturgy\/presencia-internacional\/america\/\">Am\u00e9rica<\/a><\/p>\t\t\t\t\t\t\t\t<\/div>\n\t\t\t\t<\/div>\n\t\t\t\t<div class=\"elementor-element elementor-element-e34429b elementor-widget elementor-widget-text-editor\" data-id=\"e34429b\" data-element_type=\"widget\" data-widget_type=\"text-editor.default\">\n\t\t\t\t<div class=\"elementor-widget-container\">\n\t\t\t\t\t\t\t\t\t<div><div>Distribuci\u00f3n de gas e electricidade.<\/div><div>Comercializaci\u00f3n e infraestrutura GN\/GNL.<\/div><div>Xeraci\u00f3n renovable (e\u00f3lica, solar e hidr\u00e1ulica).<br \/>Xeraci\u00f3n ciclos combinados e fuel.<br \/>Proxectos xeraci\u00f3n renovable (solar e almacenamento)<\/div>\u00a0<\/div>\t\t\t\t\t\t\t\t<\/div>\n\t\t\t\t<\/div>\n\t\t\t\t<div class=\"elementor-element elementor-element-7e465f5 has-icon elementor-widget elementor-widget-text-editor\" data-id=\"7e465f5\" data-element_type=\"widget\" data-widget_type=\"text-editor.default\">\n\t\t\t\t<div class=\"elementor-widget-container\">\n\t\t\t\t\t\t\t\t\t<p><a href=\"https:\/\/www.naturgy.com\/gl\/conecenos-naturgy\/presencia-internacional\/oceania\/\">Ocean\u00eda<\/a><\/p>\t\t\t\t\t\t\t\t<\/div>\n\t\t\t\t<\/div>\n\t\t\t\t<div class=\"elementor-element elementor-element-4358c1b elementor-widget elementor-widget-text-editor\" data-id=\"4358c1b\" data-element_type=\"widget\" data-widget_type=\"text-editor.default\">\n\t\t\t\t<div class=\"elementor-widget-container\">\n\t\t\t\t\t\t\t\t\t<div>\u200bAprovisionamento, infraestrutura e comercializaci\u00f3n GN\/GNL<\/div><div>Xeraci\u00f3n e\u00f3lica<br \/>Gasoduto<\/div>\t\t\t\t\t\t\t\t<\/div>\n\t\t\t\t<\/div>\n\t\t\t\t<\/div>\n\t\t<div class=\"elementor-element elementor-element-8206af7 e-con-full e-flex e-con e-child\" data-id=\"8206af7\" data-element_type=\"container\">\n\t\t\t\t<div class=\"elementor-element elementor-element-d368de2 elementor-widget elementor-widget-image\" data-id=\"d368de2\" data-element_type=\"widget\" data-widget_type=\"image.default\">\n\t\t\t\t<div class=\"elementor-widget-container\">\n\t\t\t\t\t\t\t\t\t\t\t\t\t\t\t<img decoding=\"async\" width=\"604\" height=\"84\" src=\"https:\/\/www.naturgy.com\/\/app\/uploads\/2023\/03\/espana-europa-2.jpeg\" class=\"attachment-large size-large wp-image-59141\" alt=\"\" srcset=\"https:\/\/www.naturgy.com\/\/app\/uploads\/2023\/03\/espana-europa-2.jpeg 604w, https:\/\/www.naturgy.com\/\/app\/uploads\/2023\/03\/espana-europa-2-300x42.jpeg 300w\" sizes=\"(max-width: 604px) 100vw, 604px\" \/>\t\t\t\t\t\t\t\t\t\t\t\t\t\t\t<\/div>\n\t\t\t\t<\/div>\n\t\t\t\t<div class=\"elementor-element elementor-element-dd4d0b1 has-icon elementor-widget elementor-widget-text-editor\" data-id=\"dd4d0b1\" data-element_type=\"widget\" data-widget_type=\"text-editor.default\">\n\t\t\t\t<div class=\"elementor-widget-container\">\n\t\t\t\t\t\t\t\t\t<p><a href=\"https:\/\/www.naturgy.com\/gl\/conecenos-naturgy\/presencia-internacional\/espana\/\">Espa\u00f1a<\/a><\/p>\t\t\t\t\t\t\t\t<\/div>\n\t\t\t\t<\/div>\n\t\t\t\t<div class=\"elementor-element elementor-element-d501f7b elementor-widget elementor-widget-text-editor\" data-id=\"d501f7b\" data-element_type=\"widget\" data-widget_type=\"text-editor.default\">\n\t\t\t\t<div class=\"elementor-widget-container\">\n\t\t\t\t\t\t\t\t\t<div>Transporte, distribuci\u00f3n e&nbsp;comercializaci\u00f3n de gas e&nbsp;electricidade.<\/div>\n<div>Xeraci\u00f3n: ciclo combinado, nuclear, hidr\u00e1ulica, solar, coxeraci\u00f3n, mini hidr\u00e1ulica e&nbsp;e\u00f3lica.<\/div>\t\t\t\t\t\t\t\t<\/div>\n\t\t\t\t<\/div>\n\t\t\t\t<div class=\"elementor-element elementor-element-3cf2de6 has-icon elementor-widget elementor-widget-text-editor\" data-id=\"3cf2de6\" data-element_type=\"widget\" data-widget_type=\"text-editor.default\">\n\t\t\t\t<div class=\"elementor-widget-container\">\n\t\t\t\t\t\t\t\t\t<p><a href=\"https:\/\/www.naturgy.com\/gl\/conecenos-naturgy\/presencia-internacional\/resto-de-europa\/\">Resto de Europa<\/a><\/p>\t\t\t\t\t\t\t\t<\/div>\n\t\t\t\t<\/div>\n\t\t\t\t<div class=\"elementor-element elementor-element-12b8cff elementor-widget elementor-widget-text-editor\" data-id=\"12b8cff\" data-element_type=\"widget\" data-widget_type=\"text-editor.default\">\n\t\t\t\t<div class=\"elementor-widget-container\">\n\t\t\t\t\t\t\t\t\t<p>Comercializaci\u00f3n GN\/GNL.<br \/>Comercializaci\u00f3n electricidade.<br \/>Regasificaci\u00f3n Montoir.<\/p>\t\t\t\t\t\t\t\t<\/div>\n\t\t\t\t<\/div>\n\t\t\t\t<\/div>\n\t\t<div class=\"elementor-element elementor-element-437f04d e-con-full e-flex e-con e-child\" data-id=\"437f04d\" data-element_type=\"container\">\n\t\t\t\t<div class=\"elementor-element elementor-element-5467a40 elementor-widget elementor-widget-image\" data-id=\"5467a40\" data-element_type=\"widget\" data-widget_type=\"image.default\">\n\t\t\t\t<div class=\"elementor-widget-container\">\n\t\t\t\t\t\t\t\t\t\t\t\t\t\t\t<img loading=\"lazy\" decoding=\"async\" width=\"604\" height=\"84\" src=\"https:\/\/www.naturgy.com\/\/app\/uploads\/2023\/03\/africa-asia-2.jpeg\" class=\"attachment-large size-large wp-image-59145\" alt=\"\" srcset=\"https:\/\/www.naturgy.com\/\/app\/uploads\/2023\/03\/africa-asia-2.jpeg 604w, https:\/\/www.naturgy.com\/\/app\/uploads\/2023\/03\/africa-asia-2-300x42.jpeg 300w\" sizes=\"(max-width: 604px) 100vw, 604px\" \/>\t\t\t\t\t\t\t\t\t\t\t\t\t\t\t<\/div>\n\t\t\t\t<\/div>\n\t\t\t\t<div class=\"elementor-element elementor-element-2718c86 has-icon elementor-widget elementor-widget-text-editor\" data-id=\"2718c86\" data-element_type=\"widget\" data-widget_type=\"text-editor.default\">\n\t\t\t\t<div class=\"elementor-widget-container\">\n\t\t\t\t\t\t\t\t\t<p><a href=\"https:\/\/www.naturgy.com\/gl\/conecenos-naturgy\/presencia-internacional\/africa\/\">\u00c1frica<\/a><\/p>\t\t\t\t\t\t\t\t<\/div>\n\t\t\t\t<\/div>\n\t\t\t\t<div class=\"elementor-element elementor-element-c0015f6 elementor-widget elementor-widget-text-editor\" data-id=\"c0015f6\" data-element_type=\"widget\" data-widget_type=\"text-editor.default\">\n\t\t\t\t<div class=\"elementor-widget-container\">\n\t\t\t\t\t\t\t\t\t<p>\u200bAprovisionamento e\u00a0infraestrutura GN\/GNL.<br \/>Gasoduto\u00a0Medgaz.<\/p>\t\t\t\t\t\t\t\t<\/div>\n\t\t\t\t<\/div>\n\t\t\t\t<div class=\"elementor-element elementor-element-c471084 has-icon elementor-widget elementor-widget-text-editor\" data-id=\"c471084\" data-element_type=\"widget\" data-widget_type=\"text-editor.default\">\n\t\t\t\t<div class=\"elementor-widget-container\">\n\t\t\t\t\t\t\t\t\t<p><a href=\"https:\/\/www.naturgy.com\/gl\/conecenos-naturgy\/presencia-internacional\/asia\/\">Asia<\/a><\/p>\t\t\t\t\t\t\t\t<\/div>\n\t\t\t\t<\/div>\n\t\t\t\t<div class=\"elementor-element elementor-element-1474582 elementor-widget elementor-widget-text-editor\" data-id=\"1474582\" data-element_type=\"widget\" data-widget_type=\"text-editor.default\">\n\t\t\t\t<div class=\"elementor-widget-container\">\n\t\t\t\t\t\t\t\t\t<p>\u200bAprovisionamento, infraestrutura e comercializaci\u00f3n GN\/GNL (planta licuefacci\u00f3n Qalhat).<\/p>\t\t\t\t\t\t\t\t<\/div>\n\t\t\t\t<\/div>\n\t\t\t\t<\/div>\n\t\t\t\t\t<\/div>\n\t\t\t\t<\/div>\n\t\t<div class=\"elementor-element elementor-element-8aeb8f9 e-con-full e-flex e-con e-parent\" data-id=\"8aeb8f9\" data-element_type=\"container\">\n\t\t\t\t<div class=\"elementor-element elementor-element-d0cb5ff elementor-widget elementor-widget-spacer\" data-id=\"d0cb5ff\" data-element_type=\"widget\" data-widget_type=\"spacer.default\">\n\t\t\t\t<div class=\"elementor-widget-container\">\n\t\t\t\t\t\t\t<div class=\"elementor-spacer\">\n\t\t\t<div class=\"elementor-spacer-inner\"><\/div>\n\t\t<\/div>\n\t\t\t\t\t\t<\/div>\n\t\t\t\t<\/div>\n\t\t\t\t<\/div>\n\t\t\t\t<\/div>\n\t\t","protected":false},"excerpt":{"rendered":"<p>Am\u00e9rica Distribuci\u00f3n de gas e electricidade.Comercializaci\u00f3n e infraestrutura GN\/GNL.Xeraci\u00f3n renovable (e\u00f3lica, solar e hidr\u00e1ulica).Xeraci\u00f3n ciclos combinados e fuel.Proxectos xeraci\u00f3n renovable (solar e almacenamento)\u00a0 Ocean\u00eda \u200bAprovisionamento, infraestrutura e comercializaci\u00f3n GN\/GNLXeraci\u00f3n e\u00f3licaGasoduto Espa\u00f1a Transporte, distribuci\u00f3n e&nbsp;comercializaci\u00f3n de gas e&nbsp;electricidade. Xeraci\u00f3n: ciclo combinado, nuclear, hidr\u00e1ulica, solar, coxeraci\u00f3n, mini hidr\u00e1ulica e&nbsp;e\u00f3lica. Resto de Europa Comercializaci\u00f3n GN\/GNL.Comercializaci\u00f3n electricidade.Regasificaci\u00f3n Montoir. \u00c1frica [&hellip;]<\/p>\n","protected":false},"author":5,"featured_media":0,"parent":70607,"menu_order":3,"comment_status":"closed","ping_status":"closed","template":"","meta":{"_acf_changed":false,"footnotes":""},"class_list":["post-40709","page","type-page","status-publish","hentry"],"acf":[],"_links":{"self":[{"href":"https:\/\/www.naturgy.com\/gl\/wp-json\/wp\/v2\/pages\/40709","targetHints":{"allow":["GET"]}}],"collection":[{"href":"https:\/\/www.naturgy.com\/gl\/wp-json\/wp\/v2\/pages"}],"about":[{"href":"https:\/\/www.naturgy.com\/gl\/wp-json\/wp\/v2\/types\/page"}],"author":[{"embeddable":true,"href":"https:\/\/www.naturgy.com\/gl\/wp-json\/wp\/v2\/users\/5"}],"replies":[{"embeddable":true,"href":"https:\/\/www.naturgy.com\/gl\/wp-json\/wp\/v2\/comments?post=40709"}],"version-history":[{"count":30,"href":"https:\/\/www.naturgy.com\/gl\/wp-json\/wp\/v2\/pages\/40709\/revisions"}],"predecessor-version":[{"id":109969,"href":"https:\/\/www.naturgy.com\/gl\/wp-json\/wp\/v2\/pages\/40709\/revisions\/109969"}],"up":[{"embeddable":true,"href":"https:\/\/www.naturgy.com\/gl\/wp-json\/wp\/v2\/pages\/70607"}],"wp:attachment":[{"href":"https:\/\/www.naturgy.com\/gl\/wp-json\/wp\/v2\/media?parent=40709"}],"curies":[{"name":"wp","href":"https:\/\/api.w.org\/{rel}","templated":true}]}}