{"id":40729,"date":"2023-02-09T13:12:28","date_gmt":"2023-02-09T12:12:28","guid":{"rendered":"https:\/\/www.naturgy.com\/participaciones-preferentes-2005\/"},"modified":"2023-03-31T13:27:24","modified_gmt":"2023-03-31T11:27:24","slug":"participacions-preferentes-2005","status":"publish","type":"page","link":"https:\/\/www.naturgy.com\/gl\/accionistas-e-investidores\/investidores\/renda-fixa\/participacions-preferentes-2005\/","title":{"rendered":"Participaci\u00f3ns preferentes 2005"},"content":{"rendered":"\t\t<div data-elementor-type=\"wp-page\" data-elementor-id=\"40729\" class=\"elementor elementor-40729 elementor-20982\" data-elementor-post-type=\"page\">\n\t\t\t\t<div class=\"elementor-element elementor-element-6f89a81d e-flex e-con-boxed e-con e-parent\" data-id=\"6f89a81d\" data-element_type=\"container\">\n\t\t\t\t\t<div class=\"e-con-inner\">\n\t\t<div class=\"elementor-element elementor-element-26677f80 e-con-full e-flex e-con e-parent\" data-id=\"26677f80\" data-element_type=\"container\">\n\t\t\t\t<div class=\"elementor-element elementor-element-7ba78e05 elementor-widget elementor-widget-shortcode\" data-id=\"7ba78e05\" data-element_type=\"widget\" data-widget_type=\"shortcode.default\">\n\t\t\t\t<div class=\"elementor-widget-container\">\n\t\t\t\t\t\t\t<div class=\"elementor-shortcode\"><nav aria-label=\"breadcrumbs\" class=\"rank-math-breadcrumb\"><p><span class=\"last\">Comeza<\/span><\/p><\/nav><\/div>\n\t\t\t\t\t\t<\/div>\n\t\t\t\t<\/div>\n\t\t\t\t<div class=\"elementor-element elementor-element-128e69f5 elementor-widget elementor-widget-heading\" data-id=\"128e69f5\" data-element_type=\"widget\" data-widget_type=\"heading.default\">\n\t\t\t\t<div class=\"elementor-widget-container\">\n\t\t\t\t\t<h1 class=\"elementor-heading-title elementor-size-default\">Participaci\u00f3ns preferentes 2005<\/h1>\t\t\t\t<\/div>\n\t\t\t\t<\/div>\n\t\t\t\t<\/div>\n\t\t<div class=\"elementor-element elementor-element-68f85d8c e-con-full e-flex e-con e-parent\" data-id=\"68f85d8c\" data-element_type=\"container\">\n\t\t\t\t<div class=\"elementor-element elementor-element-488cef3c elementor-widget elementor-widget-spacer\" data-id=\"488cef3c\" data-element_type=\"widget\" data-widget_type=\"spacer.default\">\n\t\t\t\t<div class=\"elementor-widget-container\">\n\t\t\t\t\t\t\t<div class=\"elementor-spacer\">\n\t\t\t<div class=\"elementor-spacer-inner\"><\/div>\n\t\t<\/div>\n\t\t\t\t\t\t<\/div>\n\t\t\t\t<\/div>\n\t\t\t\t<\/div>\n\t\t\t\t\t<\/div>\n\t\t\t\t<\/div>\n\t\t<div class=\"elementor-element elementor-element-5e88d75 e-flex e-con-boxed e-con e-parent\" data-id=\"5e88d75\" data-element_type=\"container\">\n\t\t\t\t\t<div class=\"e-con-inner\">\n\t\t\t\t<div class=\"elementor-element elementor-element-98fb483 elementor-widget elementor-widget-text-editor\" data-id=\"98fb483\" data-element_type=\"widget\" data-widget_type=\"text-editor.default\">\n\t\t\t\t<div class=\"elementor-widget-container\">\n\t\t\t\t\t\t\t\t\t<p>UNION FENOSA PREFERENTES, S.A.U. realiza unha oferta de compra das participaci\u00f3ns preferentes perpetuas emitidas o 30 de xu\u00f1o de 2005:<\/p>\t\t\t\t\t\t\t\t<\/div>\n\t\t\t\t<\/div>\n\t\t\t\t<div class=\"elementor-element elementor-element-d6d70b0 elementor-widget elementor-widget-spacer\" data-id=\"d6d70b0\" data-element_type=\"widget\" data-widget_type=\"spacer.default\">\n\t\t\t\t<div class=\"elementor-widget-container\">\n\t\t\t\t\t\t\t<div class=\"elementor-spacer\">\n\t\t\t<div class=\"elementor-spacer-inner\"><\/div>\n\t\t<\/div>\n\t\t\t\t\t\t<\/div>\n\t\t\t\t<\/div>\n\t\t\t\t\t<\/div>\n\t\t\t\t<\/div>\n\t\t<div class=\"elementor-element elementor-element-221b1b6 e-flex e-con-boxed e-con e-parent\" data-id=\"221b1b6\" data-element_type=\"container\" data-settings=\"{&quot;background_background&quot;:&quot;classic&quot;}\">\n\t\t\t\t\t<div class=\"e-con-inner\">\n\t\t\t\t<div class=\"elementor-element elementor-element-3e38c42 elementor-widget elementor-widget-heading\" data-id=\"3e38c42\" data-element_type=\"widget\" data-widget_type=\"heading.default\">\n\t\t\t\t<div class=\"elementor-widget-container\">\n\t\t\t\t\t<h2 class=\"elementor-heading-title elementor-size-default\"><b>Documentos<\/b><\/h2>\t\t\t\t<\/div>\n\t\t\t\t<\/div>\n\t\t\t\t<div class=\"elementor-element elementor-element-3b810c4 has-icon elementor-widget elementor-widget-text-editor\" data-id=\"3b810c4\" data-element_type=\"widget\" data-widget_type=\"text-editor.default\">\n\t\t\t\t<div class=\"elementor-widget-container\">\n\t\t\t\t\t\t\t\t\t<p><a href=\"https:\/\/stproportalcorporativo.blob.core.windows.net\/uploads\/2023\/02\/Hecho-relevante-Oferta-de-compra-4-de-mayo-de-2015.pdf\" target=\"_blank\" rel=\"noopener\">Feito relevante Oferta de compra 4 de maio de 2015<\/a><\/p><p><a href=\"https:\/\/stproportalcorporativo.blob.core.windows.net\/uploads\/2023\/02\/Hecho-Relevante-Resultado-Oferta-Compra-27-mayo-2015.pdf\" target=\"_blank\" rel=\"noopener\">Feito Relevante Resultado Oferta Compra 27 maio 2015<\/a><\/p>\t\t\t\t\t\t\t\t<\/div>\n\t\t\t\t<\/div>\n\t\t\t\t\t<\/div>\n\t\t\t\t<\/div>\n\t\t<div class=\"elementor-element elementor-element-307cd0a e-con-full e-flex e-con e-parent\" data-id=\"307cd0a\" data-element_type=\"container\">\n\t\t\t\t<div class=\"elementor-element elementor-element-c432235 elementor-widget elementor-widget-spacer\" data-id=\"c432235\" data-element_type=\"widget\" data-widget_type=\"spacer.default\">\n\t\t\t\t<div class=\"elementor-widget-container\">\n\t\t\t\t\t\t\t<div class=\"elementor-spacer\">\n\t\t\t<div class=\"elementor-spacer-inner\"><\/div>\n\t\t<\/div>\n\t\t\t\t\t\t<\/div>\n\t\t\t\t<\/div>\n\t\t\t\t<\/div>\n\t\t<div class=\"elementor-element elementor-element-6b7cf98 grid col-3 e-flex e-con-boxed e-con e-parent\" data-id=\"6b7cf98\" data-element_type=\"container\">\n\t\t\t\t\t<div class=\"e-con-inner\">\n\t\t\t\t<div class=\"elementor-element elementor-element-7a0172f kec-table elementor-widget elementor-widget-shortcode\" data-id=\"7a0172f\" data-element_type=\"widget\" data-widget_type=\"shortcode.default\">\n\t\t\t\t<div class=\"elementor-widget-container\">\n\t\t\t\t\t\t\t<div class=\"elementor-shortcode\">\n<table id=\"tablepress-332\" class=\"tablepress tablepress-id-332\">\n<thead>\n<tr class=\"row-1\">\n\t<th class=\"column-1\">Emisor<\/th><th class=\"column-2\">Uni\u00f3n Fenosa Preferentes, S.A.U.  (Sociedade Unipersoal)<\/th>\n<\/tr>\n<\/thead>\n<tbody>\n<tr class=\"row-2\">\n\t<td class=\"column-1\">Garante<\/td><td class=\"column-2\">Naturgy Energy Group, S.A.<\/td>\n<\/tr>\n<tr class=\"row-3\">\n\t<td class=\"column-1\">Importe<\/td><td class=\"column-2\">750 mill\u00f3ns \u20ac (*)<br \/>\nValor nominal: 50.000 \u20ac por cada participaci\u00f3n preferente<\/td>\n<\/tr>\n<tr class=\"row-4\">\n\t<td class=\"column-1\">Dividendos<\/td><td class=\"column-2\">Suxeito \u00e1 existencia de beneficio distribu\u00edble:<br \/>\nAta o 10\u00ba ano: Euribor a 3 meses + 0,65%<br \/>\nA partir do 10\u00ba ano: Euribor a 3 meses 1,65 %<br \/>\n<\/td>\n<\/tr>\n<tr class=\"row-5\">\n\t<td class=\"column-1\">Pagamento en especie<\/td><td class=\"column-2\">No caso de que non se lles aboe aos accionistas o dividendo ordinario e exista beneficio distribu\u00edble, o Emisor poder\u00e1 optar por pagar a remuneraci\u00f3n mediante o incremento do valor nominal das Participaci\u00f3ns: Preferentes.<\/td>\n<\/tr>\n<tr class=\"row-6\">\n\t<td class=\"column-1\">Amortizaci\u00f3n<\/td><td class=\"column-2\">A partir do 30 de xu\u00f1o de 2015, o Emisor poder\u00e1 amortizar anticipadamente as participaci\u00f3ns preferentes emitidas, total ou parcialmente.<\/td>\n<\/tr>\n<tr class=\"row-7\">\n\t<td class=\"column-1\">Cotizaci\u00f3n<\/td><td class=\"column-2\">Bolsa de Luxemburgo<\/td>\n<\/tr>\n<\/tbody>\n<\/table>\n<!-- #tablepress-332 from cache --><\/div>\n\t\t\t\t\t\t<\/div>\n\t\t\t\t<\/div>\n\t\t\t\t\t<\/div>\n\t\t\t\t<\/div>\n\t\t<div class=\"elementor-element elementor-element-119a207 e-con-full e-flex e-con e-parent\" data-id=\"119a207\" data-element_type=\"container\">\n\t\t\t\t<div class=\"elementor-element elementor-element-7ce3ba7 elementor-widget elementor-widget-spacer\" data-id=\"7ce3ba7\" data-element_type=\"widget\" data-widget_type=\"spacer.default\">\n\t\t\t\t<div class=\"elementor-widget-container\">\n\t\t\t\t\t\t\t<div class=\"elementor-spacer\">\n\t\t\t<div class=\"elementor-spacer-inner\"><\/div>\n\t\t<\/div>\n\t\t\t\t\t\t<\/div>\n\t\t\t\t<\/div>\n\t\t\t\t<\/div>\n\t\t<div class=\"elementor-element elementor-element-daae0ca e-flex e-con-boxed e-con e-parent\" data-id=\"daae0ca\" data-element_type=\"container\">\n\t\t\t\t\t<div class=\"e-con-inner\">\n\t\t\t\t<div class=\"elementor-element elementor-element-13055c7 elementor-widget elementor-widget-text-editor\" data-id=\"13055c7\" data-element_type=\"widget\" data-widget_type=\"text-editor.default\">\n\t\t\t\t<div class=\"elementor-widget-container\">\n\t\t\t\t\t\t\t\t\t<p>(*) Actualmente 110,3 mill\u00f3ns \u20ac en circulaci\u00f3n<\/p>\t\t\t\t\t\t\t\t<\/div>\n\t\t\t\t<\/div>\n\t\t\t\t\t<\/div>\n\t\t\t\t<\/div>\n\t\t<div class=\"elementor-element elementor-element-7c81b44 e-con-full e-flex e-con e-parent\" data-id=\"7c81b44\" data-element_type=\"container\">\n\t\t\t\t<div class=\"elementor-element elementor-element-647478a elementor-widget elementor-widget-spacer\" data-id=\"647478a\" data-element_type=\"widget\" data-widget_type=\"spacer.default\">\n\t\t\t\t<div class=\"elementor-widget-container\">\n\t\t\t\t\t\t\t<div class=\"elementor-spacer\">\n\t\t\t<div class=\"elementor-spacer-inner\"><\/div>\n\t\t<\/div>\n\t\t\t\t\t\t<\/div>\n\t\t\t\t<\/div>\n\t\t\t\t<\/div>\n\t\t<div class=\"elementor-element elementor-element-40dfcdb e-flex e-con-boxed e-con e-parent\" data-id=\"40dfcdb\" data-element_type=\"container\" data-settings=\"{&quot;background_background&quot;:&quot;classic&quot;}\">\n\t\t\t\t\t<div class=\"e-con-inner\">\n\t\t\t\t<div class=\"elementor-element elementor-element-365a971 elementor-widget elementor-widget-heading\" data-id=\"365a971\" data-element_type=\"widget\" data-widget_type=\"heading.default\">\n\t\t\t\t<div class=\"elementor-widget-container\">\n\t\t\t\t\t<h2 class=\"elementor-heading-title elementor-size-default\">Documentos<\/h2>\t\t\t\t<\/div>\n\t\t\t\t<\/div>\n\t\t\t\t<div class=\"elementor-element elementor-element-782b741 has-icon elementor-widget elementor-widget-text-editor\" data-id=\"782b741\" data-element_type=\"widget\" data-widget_type=\"text-editor.default\">\n\t\t\t\t<div class=\"elementor-widget-container\">\n\t\t\t\t\t\t\t\t\t<p><a href=\"https:\/\/stproportalcorporativo.blob.core.windows.net\/uploads\/2023\/02\/Documento-resumen-1.pdf\" target=\"_blank\" rel=\"noopener\">Documento resumo<\/a><\/p><p><a href=\"https:\/\/stproportalcorporativo.blob.core.windows.net\/uploads\/2023\/02\/Listing-Memorandum.pdf\" target=\"_blank\" rel=\"noopener\">Listing Memorandum<\/a><\/p>\t\t\t\t\t\t\t\t<\/div>\n\t\t\t\t<\/div>\n\t\t\t\t\t<\/div>\n\t\t\t\t<\/div>\n\t\t<div class=\"elementor-element elementor-element-b9eefcf e-con-full e-flex e-con e-parent\" data-id=\"b9eefcf\" data-element_type=\"container\">\n\t\t\t\t<div class=\"elementor-element elementor-element-8eae931 elementor-widget elementor-widget-spacer\" data-id=\"8eae931\" data-element_type=\"widget\" data-widget_type=\"spacer.default\">\n\t\t\t\t<div class=\"elementor-widget-container\">\n\t\t\t\t\t\t\t<div class=\"elementor-spacer\">\n\t\t\t<div class=\"elementor-spacer-inner\"><\/div>\n\t\t<\/div>\n\t\t\t\t\t\t<\/div>\n\t\t\t\t<\/div>\n\t\t\t\t<\/div>\n\t\t<div class=\"elementor-element elementor-element-f2a9e6d e-flex e-con-boxed e-con e-parent\" data-id=\"f2a9e6d\" data-element_type=\"container\" data-settings=\"{&quot;background_background&quot;:&quot;classic&quot;}\">\n\t\t\t\t\t<div class=\"e-con-inner\">\n\t\t\t\t<div class=\"elementor-element elementor-element-328941a elementor-widget elementor-widget-heading\" data-id=\"328941a\" data-element_type=\"widget\" data-widget_type=\"heading.default\">\n\t\t\t\t<div class=\"elementor-widget-container\">\n\t\t\t\t\t<h2 class=\"elementor-heading-title elementor-size-default\">Enlace relacionado<\/h2>\t\t\t\t<\/div>\n\t\t\t\t<\/div>\n\t\t\t\t<div class=\"elementor-element elementor-element-b95cdaf has-icon elementor-widget elementor-widget-text-editor\" data-id=\"b95cdaf\" data-element_type=\"widget\" data-widget_type=\"text-editor.default\">\n\t\t\t\t<div class=\"elementor-widget-container\">\n\t\t\t\t\t\t\t\t\t<a href=\"https:\/\/www.naturgy.com\/accionistas-e-inversores\/inversores\/renta-fija\/participaciones-preferentes-2005\/retribucion-de-dividendos-2005\/\">Retribuci\u00f3n do dividendo<\/a>\t\t\t\t\t\t\t\t<\/div>\n\t\t\t\t<\/div>\n\t\t\t\t\t<\/div>\n\t\t\t\t<\/div>\n\t\t<div class=\"elementor-element elementor-element-dd79893 e-con-full e-flex e-con e-parent\" data-id=\"dd79893\" data-element_type=\"container\">\n\t\t\t\t<div class=\"elementor-element elementor-element-1c1edc7 elementor-widget elementor-widget-spacer\" data-id=\"1c1edc7\" data-element_type=\"widget\" data-widget_type=\"spacer.default\">\n\t\t\t\t<div class=\"elementor-widget-container\">\n\t\t\t\t\t\t\t<div class=\"elementor-spacer\">\n\t\t\t<div class=\"elementor-spacer-inner\"><\/div>\n\t\t<\/div>\n\t\t\t\t\t\t<\/div>\n\t\t\t\t<\/div>\n\t\t\t\t<\/div>\n\t\t\t\t<\/div>\n\t\t","protected":false},"excerpt":{"rendered":"<p>UNION FENOSA PREFERENTES, S.A.U. realiza unha oferta de compra das participaci\u00f3ns preferentes perpetuas emitidas o 30 de xu\u00f1o de 2005: Documentos Feito relevante Oferta de compra 4 de maio de 2015 Feito Relevante Resultado Oferta Compra 27 maio 2015 (*) Actualmente 110,3 mill\u00f3ns \u20ac en circulaci\u00f3n Documentos Documento resumo Listing Memorandum Enlace relacionado Retribuci\u00f3n do [&hellip;]<\/p>\n","protected":false},"author":9,"featured_media":0,"parent":41746,"menu_order":6,"comment_status":"closed","ping_status":"closed","template":"","meta":{"_acf_changed":false,"footnotes":""},"class_list":["post-40729","page","type-page","status-publish","hentry"],"acf":[],"_links":{"self":[{"href":"https:\/\/www.naturgy.com\/gl\/wp-json\/wp\/v2\/pages\/40729","targetHints":{"allow":["GET"]}}],"collection":[{"href":"https:\/\/www.naturgy.com\/gl\/wp-json\/wp\/v2\/pages"}],"about":[{"href":"https:\/\/www.naturgy.com\/gl\/wp-json\/wp\/v2\/types\/page"}],"author":[{"embeddable":true,"href":"https:\/\/www.naturgy.com\/gl\/wp-json\/wp\/v2\/users\/9"}],"replies":[{"embeddable":true,"href":"https:\/\/www.naturgy.com\/gl\/wp-json\/wp\/v2\/comments?post=40729"}],"version-history":[{"count":6,"href":"https:\/\/www.naturgy.com\/gl\/wp-json\/wp\/v2\/pages\/40729\/revisions"}],"predecessor-version":[{"id":62345,"href":"https:\/\/www.naturgy.com\/gl\/wp-json\/wp\/v2\/pages\/40729\/revisions\/62345"}],"up":[{"embeddable":true,"href":"https:\/\/www.naturgy.com\/gl\/wp-json\/wp\/v2\/pages\/41746"}],"wp:attachment":[{"href":"https:\/\/www.naturgy.com\/gl\/wp-json\/wp\/v2\/media?parent=40729"}],"curies":[{"name":"wp","href":"https:\/\/api.w.org\/{rel}","templated":true}]}}