{"id":40735,"date":"2023-02-20T09:04:10","date_gmt":"2023-02-20T08:04:10","guid":{"rendered":"https:\/\/www.naturgy.com\/plan-estrategico-2018-2022\/"},"modified":"2023-04-13T12:43:14","modified_gmt":"2023-04-13T10:43:14","slug":"plan-estratexico-2018-2022","status":"publish","type":"page","link":"https:\/\/www.naturgy.com\/gl\/accionistas-e-investidores\/investidores\/plan-estratexico-2021-2025\/plan-estratexico-2018-2022\/","title":{"rendered":"Plan Estrat\u00e9xico 2018-2022"},"content":{"rendered":"\t\t<div data-elementor-type=\"wp-page\" data-elementor-id=\"40735\" class=\"elementor elementor-40735 elementor-27676\" data-elementor-post-type=\"page\">\n\t\t\t\t<div class=\"elementor-element elementor-element-20e04914 e-flex e-con-boxed e-con e-parent\" data-id=\"20e04914\" data-element_type=\"container\">\n\t\t\t\t\t<div class=\"e-con-inner\">\n\t\t<div class=\"elementor-element elementor-element-160b4c62 e-con-full e-flex e-con e-parent\" data-id=\"160b4c62\" data-element_type=\"container\">\n\t\t\t\t<div class=\"elementor-element elementor-element-256d5a33 elementor-widget elementor-widget-shortcode\" data-id=\"256d5a33\" data-element_type=\"widget\" data-widget_type=\"shortcode.default\">\n\t\t\t\t<div class=\"elementor-widget-container\">\n\t\t\t\t\t\t\t<div class=\"elementor-shortcode\"><nav aria-label=\"breadcrumbs\" class=\"rank-math-breadcrumb\"><p><span class=\"last\">Comeza<\/span><\/p><\/nav><\/div>\n\t\t\t\t\t\t<\/div>\n\t\t\t\t<\/div>\n\t\t\t\t<div class=\"elementor-element elementor-element-5310c183 elementor-widget elementor-widget-heading\" data-id=\"5310c183\" data-element_type=\"widget\" data-widget_type=\"heading.default\">\n\t\t\t\t<div class=\"elementor-widget-container\">\n\t\t\t\t\t<h1 class=\"elementor-heading-title elementor-size-default\">Plan Estrat\u00e9xico 2018-2022<\/h1>\t\t\t\t<\/div>\n\t\t\t\t<\/div>\n\t\t\t\t<\/div>\n\t\t<div class=\"elementor-element elementor-element-61d4f8c2 e-con-full e-flex e-con e-parent\" data-id=\"61d4f8c2\" data-element_type=\"container\">\n\t\t\t\t<div class=\"elementor-element elementor-element-7419b975 elementor-widget elementor-widget-spacer\" data-id=\"7419b975\" data-element_type=\"widget\" data-widget_type=\"spacer.default\">\n\t\t\t\t<div class=\"elementor-widget-container\">\n\t\t\t\t\t\t\t<div class=\"elementor-spacer\">\n\t\t\t<div class=\"elementor-spacer-inner\"><\/div>\n\t\t<\/div>\n\t\t\t\t\t\t<\/div>\n\t\t\t\t<\/div>\n\t\t\t\t<\/div>\n\t\t\t\t\t<\/div>\n\t\t\t\t<\/div>\n\t\t<div class=\"elementor-element elementor-element-2625ed0b e-flex e-con-boxed e-con e-parent\" data-id=\"2625ed0b\" data-element_type=\"container\">\n\t\t\t\t\t<div class=\"e-con-inner\">\n\t\t\t\t<div class=\"elementor-element elementor-element-2a3aab84 elementor-widget elementor-widget-text-editor\" data-id=\"2a3aab84\" data-element_type=\"widget\" data-widget_type=\"text-editor.default\">\n\t\t\t\t<div class=\"elementor-widget-container\">\n\t\t\t\t\t\t\t\t\t<p><iframe title=\"vimeo-player\" src=\"https:\/\/player.vimeo.com\/video\/425449763?h=0fd8b978ed\" width=\"640\" height=\"360\" frameborder=\"0\" allowfullscreen=\"allowfullscreen\"><\/iframe><\/p>\t\t\t\t\t\t\t\t<\/div>\n\t\t\t\t<\/div>\n\t\t\t\t<div class=\"elementor-element elementor-element-59dd952 elementor-widget elementor-widget-text-editor\" data-id=\"59dd952\" data-element_type=\"widget\" data-widget_type=\"text-editor.default\">\n\t\t\t\t<div class=\"elementor-widget-container\">\n\t\t\t\t\t\t\t\t\t<p>Naturgy presentou en Londres o seu novo Plan Estrat\u00e9xico 2018-2022, co cal xerar\u00e1 valor a trav\u00e9s da simplicidade e accountability, a optimizaci\u00f3n, a disciplina financeira e a retribuci\u00f3n ao accionista. Ademais, a compa\u00f1\u00eda fixouse os seguintes\u00a0<strong>obxectivos financeiros: acadar un EBITDA de 5.000 mill\u00f3ns\u00a0<\/strong>e un<strong>\u00a0beneficio neto de 1.800 mill\u00f3ns\u00a0<\/strong>de euros a\u00a0<strong>2022<\/strong>. As\u00ed mesmo, a compa\u00f1\u00eda comprom\u00e9tese a aumentar o dividendo por acci\u00f3n un m\u00ednimo dun 5 % anual a partir de 2018, acadando os 1,59 euros por acci\u00f3n en 2022. Naturgy ten previsto investir 8.400 mill\u00f3ns de euros durante o per\u00edodo 2018-2022, dos cales 5.300 mill\u00f3ns destinados a investimentos de crecemento.<\/p>\t\t\t\t\t\t\t\t<\/div>\n\t\t\t\t<\/div>\n\t\t\t\t\t<\/div>\n\t\t\t\t<\/div>\n\t\t<div class=\"elementor-element elementor-element-68e387d4 e-con-full e-flex e-con e-parent\" data-id=\"68e387d4\" data-element_type=\"container\">\n\t\t\t\t<div class=\"elementor-element elementor-element-7e5e8dc3 elementor-widget elementor-widget-spacer\" data-id=\"7e5e8dc3\" data-element_type=\"widget\" data-widget_type=\"spacer.default\">\n\t\t\t\t<div class=\"elementor-widget-container\">\n\t\t\t\t\t\t\t<div class=\"elementor-spacer\">\n\t\t\t<div class=\"elementor-spacer-inner\"><\/div>\n\t\t<\/div>\n\t\t\t\t\t\t<\/div>\n\t\t\t\t<\/div>\n\t\t\t\t<\/div>\n\t\t<div class=\"elementor-element elementor-element-6b7d110 e-flex e-con-boxed e-con e-parent\" data-id=\"6b7d110\" data-element_type=\"container\">\n\t\t\t\t\t<div class=\"e-con-inner\">\n\t\t\t\t<div class=\"elementor-element elementor-element-4079298 elementor-widget elementor-widget-heading\" data-id=\"4079298\" data-element_type=\"widget\" data-widget_type=\"heading.default\">\n\t\t\t\t<div class=\"elementor-widget-container\">\n\t\t\t\t\t<h2 class=\"elementor-heading-title elementor-size-default\">Documentos<\/h2>\t\t\t\t<\/div>\n\t\t\t\t<\/div>\n\t\t\t\t\t<\/div>\n\t\t\t\t<\/div>\n\t\t<div class=\"elementor-element elementor-element-5bcf484 e-flex e-con-boxed e-con e-parent\" data-id=\"5bcf484\" data-element_type=\"container\">\n\t\t\t\t\t<div class=\"e-con-inner\">\n\t\t\t\t<div class=\"elementor-element elementor-element-36de68c elementor-widget elementor-widget-spacer\" data-id=\"36de68c\" data-element_type=\"widget\" data-widget_type=\"spacer.default\">\n\t\t\t\t<div class=\"elementor-widget-container\">\n\t\t\t\t\t\t\t<div class=\"elementor-spacer\">\n\t\t\t<div class=\"elementor-spacer-inner\"><\/div>\n\t\t<\/div>\n\t\t\t\t\t\t<\/div>\n\t\t\t\t<\/div>\n\t\t\t\t\t<\/div>\n\t\t\t\t<\/div>\n\t\t<div class=\"elementor-element elementor-element-e962984 e-flex e-con-boxed e-con e-parent\" data-id=\"e962984\" data-element_type=\"container\">\n\t\t\t\t\t<div class=\"e-con-inner\">\n\t\t\t\t<div class=\"elementor-element elementor-element-53ebaba has-icon elementor-widget elementor-widget-text-editor\" data-id=\"53ebaba\" data-element_type=\"widget\" data-widget_type=\"text-editor.default\">\n\t\t\t\t<div class=\"elementor-widget-container\">\n\t\t\t\t\t\t\t\t\t<div class=\"file-doc\"><a href=\"https:\/\/stproportalcorporativo.blob.core.windows.net\/uploads\/2023\/02\/Strategic-Plan-2018-2022-FINAL-1.pdf\" target=\"_blank\" rel=\"noopener\"><span class=\"file-type\"><span class=\"file-title\">Plan Estrat\u00e9xico 2018-2022<\/span>(1860 KB)<\/span><\/a><\/div>\t\t\t\t\t\t\t\t<\/div>\n\t\t\t\t<\/div>\n\t\t\t\t<div class=\"elementor-element elementor-element-6ddf21a has-icon elementor-widget elementor-widget-text-editor\" data-id=\"6ddf21a\" data-element_type=\"widget\" data-widget_type=\"text-editor.default\">\n\t\t\t\t<div class=\"elementor-widget-container\">\n\t\t\t\t\t\t\t\t\t<p><a href=\"https:\/\/www.naturgy.com\/notas-de-prensa\/naturgy-presenta-en-londres-su-plan-estrategico-a-2022-centrado-en-la-creacion-de-valor\/\" data-wplink-edit=\"true\">Nota de prensa<\/a><\/p>\t\t\t\t\t\t\t\t<\/div>\n\t\t\t\t<\/div>\n\t\t\t\t\t<\/div>\n\t\t\t\t<\/div>\n\t\t<div class=\"elementor-element elementor-element-9ddfa31 e-flex e-con-boxed e-con e-parent\" data-id=\"9ddfa31\" data-element_type=\"container\">\n\t\t\t\t\t<div class=\"e-con-inner\">\n\t\t\t\t<div class=\"elementor-element elementor-element-bfce32b elementor-widget elementor-widget-spacer\" data-id=\"bfce32b\" data-element_type=\"widget\" data-widget_type=\"spacer.default\">\n\t\t\t\t<div class=\"elementor-widget-container\">\n\t\t\t\t\t\t\t<div class=\"elementor-spacer\">\n\t\t\t<div class=\"elementor-spacer-inner\"><\/div>\n\t\t<\/div>\n\t\t\t\t\t\t<\/div>\n\t\t\t\t<\/div>\n\t\t\t\t<div class=\"elementor-element elementor-element-bd850d3 elementor-widget elementor-widget-shortcode\" data-id=\"bd850d3\" data-element_type=\"widget\" data-widget_type=\"shortcode.default\">\n\t\t\t\t<div class=\"elementor-widget-container\">\n\t\t\t\t\t\t\t<div class=\"elementor-shortcode\">            <div class=\"carrusel-multimedia\" data-carrusel=\"multimedia\">\n                <div class=\"swiper carrusel-2\">\n                    <div class=\"swiper-wrapper\">\n                                                    <div class=\"swiper-slide\">\n                                <div class=\"card\">\n                                                                            <img decoding=\"async\" class=\"card-image\" src=\"https:\/\/www.naturgy.com\/\/app\/uploads\/2023\/03\/Francisoc-Reynes-presenta-el-plan-estrategico-perfil-derecho1.jpg\">\n                                                                        <div class=\"card-info\">\n                                                                                                                        <a class=\"card-download\" href=\"https:\/\/www.naturgy.com\/\/app\/uploads\/2023\/03\/Francisoc-Reynes-presenta-el-plan-estrategico-perfil-derecho1.jpg\" download><\/a>\n                                        <div class=\"card-index\">\n                                            <span class=\"card-index--current\"><\/span>\/<span\n                                                    class=\"card-index--total\"><\/span>\n                                        <\/div>\n                                    <\/div>\n                                <\/div>\n                            <\/div>\n                                                    <div class=\"swiper-slide\">\n                                <div class=\"card\">\n                                                                            <img decoding=\"async\" class=\"card-image\" src=\"https:\/\/www.naturgy.com\/\/app\/uploads\/2023\/03\/Francisoc-Reynes-presenta-el-plan-estrategico-de-frente0.jpg\">\n                                                                        <div class=\"card-info\">\n                                                                                                                        <a class=\"card-download\" href=\"https:\/\/www.naturgy.com\/\/app\/uploads\/2023\/03\/Francisoc-Reynes-presenta-el-plan-estrategico-de-frente0.jpg\" download><\/a>\n                                        <div class=\"card-index\">\n                                            <span class=\"card-index--current\"><\/span>\/<span\n                                                    class=\"card-index--total\"><\/span>\n                                        <\/div>\n                                    <\/div>\n                                <\/div>\n                            <\/div>\n                                                    <div class=\"swiper-slide\">\n                                <div class=\"card\">\n                                                                            <img decoding=\"async\" class=\"card-image\" src=\"https:\/\/www.naturgy.com\/\/app\/uploads\/2023\/03\/Francisoc-Reynes-presenta-el-plan-estrategico-perfil-izquierdo0.jpg\">\n                                                                        <div class=\"card-info\">\n                                                                                                                        <a class=\"card-download\" href=\"https:\/\/www.naturgy.com\/\/app\/uploads\/2023\/03\/Francisoc-Reynes-presenta-el-plan-estrategico-perfil-izquierdo0.jpg\" download><\/a>\n                                        <div class=\"card-index\">\n                                            <span class=\"card-index--current\"><\/span>\/<span\n                                                    class=\"card-index--total\"><\/span>\n                                        <\/div>\n                                    <\/div>\n                                <\/div>\n                            <\/div>\n                                                    <div class=\"swiper-slide\">\n                                <div class=\"card\">\n                                                                            <img decoding=\"async\" class=\"card-image\" src=\"https:\/\/www.naturgy.com\/\/app\/uploads\/2023\/03\/Francisoc-Reynes-presenta-el-plan-estrategico-de-frente-detalle0.jpg\">\n                                                                        <div class=\"card-info\">\n                                                                                                                        <a class=\"card-download\" href=\"https:\/\/www.naturgy.com\/\/app\/uploads\/2023\/03\/Francisoc-Reynes-presenta-el-plan-estrategico-de-frente-detalle0.jpg\" download><\/a>\n                                        <div class=\"card-index\">\n                                            <span class=\"card-index--current\"><\/span>\/<span\n                                                    class=\"card-index--total\"><\/span>\n                                        <\/div>\n                                    <\/div>\n                                <\/div>\n                            <\/div>\n                                                    <div class=\"swiper-slide\">\n                                <div class=\"card\">\n                                                                            <img decoding=\"async\" class=\"card-image\" src=\"https:\/\/www.naturgy.com\/\/app\/uploads\/2023\/03\/Francisco-Reynes-presenta-el-plan-estrategico-perfil-izquierdo-2.jpg\">\n                                                                        <div class=\"card-info\">\n                                                                                                                        <a class=\"card-download\" href=\"https:\/\/www.naturgy.com\/\/app\/uploads\/2023\/03\/Francisco-Reynes-presenta-el-plan-estrategico-perfil-izquierdo-2.jpg\" download><\/a>\n                                        <div class=\"card-index\">\n                                            <span class=\"card-index--current\"><\/span>\/<span\n                                                    class=\"card-index--total\"><\/span>\n                                        <\/div>\n                                    <\/div>\n                                <\/div>\n                            <\/div>\n                                            <\/div>\n                    <!--<div class=\"swiper-pagination\"><\/div>-->\n                    <button class=\"swiper-button swiper-button-prev\"><\/button>\n                    <button class=\"swiper-button swiper-button-next\"><\/button>\n                <\/div>\n                <div thumbsslider class=\"swiper carrusel\">\n                    <div class=\"swiper-wrapper\">\n                                                                                    <div class=\"swiper-slide\">\n                                    <div class=\"card\">\n                                        <img decoding=\"async\" class=\"card-image\"\n                                             src=\"https:\/\/www.naturgy.com\/\/app\/uploads\/2023\/03\/Francisoc-Reynes-presenta-el-plan-estrategico-perfil-derecho1-300x200.jpg\">\n                                    <\/div>\n                                <\/div>\n                                                                                                                <div class=\"swiper-slide\">\n                                    <div class=\"card\">\n                                        <img decoding=\"async\" class=\"card-image\"\n                                             src=\"https:\/\/www.naturgy.com\/\/app\/uploads\/2023\/03\/Francisoc-Reynes-presenta-el-plan-estrategico-de-frente0-300x200.jpg\">\n                                    <\/div>\n                                <\/div>\n                                                                                                                <div class=\"swiper-slide\">\n                                    <div class=\"card\">\n                                        <img decoding=\"async\" class=\"card-image\"\n                                             src=\"https:\/\/www.naturgy.com\/\/app\/uploads\/2023\/03\/Francisoc-Reynes-presenta-el-plan-estrategico-perfil-izquierdo0-300x200.jpg\">\n                                    <\/div>\n                                <\/div>\n                                                                                                                <div class=\"swiper-slide\">\n                                    <div class=\"card\">\n                                        <img decoding=\"async\" class=\"card-image\"\n                                             src=\"https:\/\/www.naturgy.com\/\/app\/uploads\/2023\/03\/Francisoc-Reynes-presenta-el-plan-estrategico-de-frente-detalle0-300x200.jpg\">\n                                    <\/div>\n                                <\/div>\n                                                                                                                <div class=\"swiper-slide\">\n                                    <div class=\"card\">\n                                        <img decoding=\"async\" class=\"card-image\"\n                                             src=\"https:\/\/www.naturgy.com\/\/app\/uploads\/2023\/03\/Francisco-Reynes-presenta-el-plan-estrategico-perfil-izquierdo-2-300x200.jpg\">\n                                    <\/div>\n                                <\/div>\n                                                                        <\/div>\n                <\/div>\n            <\/div>\n        <\/div>\n\t\t\t\t\t\t<\/div>\n\t\t\t\t<\/div>\n\t\t\t\t\t<\/div>\n\t\t\t\t<\/div>\n\t\t<div class=\"elementor-element elementor-element-414adc6 e-con-full e-flex e-con e-parent\" data-id=\"414adc6\" data-element_type=\"container\">\n\t\t\t\t<div class=\"elementor-element elementor-element-6b7f4ae elementor-widget elementor-widget-spacer\" data-id=\"6b7f4ae\" data-element_type=\"widget\" data-widget_type=\"spacer.default\">\n\t\t\t\t<div class=\"elementor-widget-container\">\n\t\t\t\t\t\t\t<div class=\"elementor-spacer\">\n\t\t\t<div class=\"elementor-spacer-inner\"><\/div>\n\t\t<\/div>\n\t\t\t\t\t\t<\/div>\n\t\t\t\t<\/div>\n\t\t\t\t<\/div>\n\t\t\t\t<\/div>\n\t\t","protected":false},"excerpt":{"rendered":"<p>Naturgy presentou en Londres o seu novo Plan Estrat\u00e9xico 2018-2022, co cal xerar\u00e1 valor a trav\u00e9s da simplicidade e accountability, a optimizaci\u00f3n, a disciplina financeira e a retribuci\u00f3n ao accionista. Ademais, a compa\u00f1\u00eda fixouse os seguintes\u00a0obxectivos financeiros: acadar un EBITDA de 5.000 mill\u00f3ns\u00a0e un\u00a0beneficio neto de 1.800 mill\u00f3ns\u00a0de euros a\u00a02022. As\u00ed mesmo, a compa\u00f1\u00eda comprom\u00e9tese [&hellip;]<\/p>\n","protected":false},"author":5,"featured_media":0,"parent":59794,"menu_order":1,"comment_status":"closed","ping_status":"closed","template":"","meta":{"_acf_changed":false,"footnotes":""},"class_list":["post-40735","page","type-page","status-publish","hentry"],"acf":[],"_links":{"self":[{"href":"https:\/\/www.naturgy.com\/gl\/wp-json\/wp\/v2\/pages\/40735","targetHints":{"allow":["GET"]}}],"collection":[{"href":"https:\/\/www.naturgy.com\/gl\/wp-json\/wp\/v2\/pages"}],"about":[{"href":"https:\/\/www.naturgy.com\/gl\/wp-json\/wp\/v2\/types\/page"}],"author":[{"embeddable":true,"href":"https:\/\/www.naturgy.com\/gl\/wp-json\/wp\/v2\/users\/5"}],"replies":[{"embeddable":true,"href":"https:\/\/www.naturgy.com\/gl\/wp-json\/wp\/v2\/comments?post=40735"}],"version-history":[{"count":11,"href":"https:\/\/www.naturgy.com\/gl\/wp-json\/wp\/v2\/pages\/40735\/revisions"}],"predecessor-version":[{"id":65223,"href":"https:\/\/www.naturgy.com\/gl\/wp-json\/wp\/v2\/pages\/40735\/revisions\/65223"}],"up":[{"embeddable":true,"href":"https:\/\/www.naturgy.com\/gl\/wp-json\/wp\/v2\/pages\/59794"}],"wp:attachment":[{"href":"https:\/\/www.naturgy.com\/gl\/wp-json\/wp\/v2\/media?parent=40735"}],"curies":[{"name":"wp","href":"https:\/\/api.w.org\/{rel}","templated":true}]}}