{"id":40854,"date":"2023-01-20T13:16:36","date_gmt":"2023-01-20T12:16:36","guid":{"rendered":"https:\/\/www.naturgy.com\/conocenos\/la-energia\/remit-integridad-y-transparencia-del-mercado-mayorista-de-energia\/"},"modified":"2024-03-21T16:05:08","modified_gmt":"2024-03-21T15:05:08","slug":"remit-integridade-e-transparencia-do-mercado-almacenista-de-enerxia","status":"publish","type":"page","link":"https:\/\/www.naturgy.com\/gl\/conecenos-naturgy\/a-enerxia\/remit-integridade-e-transparencia-do-mercado-almacenista-de-enerxia\/","title":{"rendered":"REMIT. Integridade e transparencia do mercado almacenista de enerx\u00eda"},"content":{"rendered":"\t\t<div data-elementor-type=\"wp-page\" data-elementor-id=\"40854\" class=\"elementor elementor-40854 elementor-12350\" data-elementor-post-type=\"page\">\n\t\t\t\t<div class=\"elementor-element elementor-element-1e89907b e-flex e-con-boxed e-con e-parent\" data-id=\"1e89907b\" data-element_type=\"container\">\n\t\t\t\t\t<div class=\"e-con-inner\">\n\t\t<div class=\"elementor-element elementor-element-2bfb5bc e-con-full e-flex e-con e-child\" data-id=\"2bfb5bc\" data-element_type=\"container\">\n\t\t\t\t<div class=\"elementor-element elementor-element-180c027a elementor-widget elementor-widget-shortcode\" data-id=\"180c027a\" data-element_type=\"widget\" data-widget_type=\"shortcode.default\">\n\t\t\t\t<div class=\"elementor-widget-container\">\n\t\t\t\t\t\t\t<div class=\"elementor-shortcode\"><nav aria-label=\"breadcrumbs\" class=\"rank-math-breadcrumb\"><p><span class=\"last\">Comeza<\/span><\/p><\/nav><\/div>\n\t\t\t\t\t\t<\/div>\n\t\t\t\t<\/div>\n\t\t\t\t<\/div>\n\t\t<div class=\"elementor-element elementor-element-768417dd e-con-full e-flex e-con e-child\" data-id=\"768417dd\" data-element_type=\"container\">\n\t\t\t\t<div class=\"elementor-element elementor-element-1609c724 elementor-widget elementor-widget-spacer\" data-id=\"1609c724\" data-element_type=\"widget\" data-widget_type=\"spacer.default\">\n\t\t\t\t<div class=\"elementor-widget-container\">\n\t\t\t\t\t\t\t<div class=\"elementor-spacer\">\n\t\t\t<div class=\"elementor-spacer-inner\"><\/div>\n\t\t<\/div>\n\t\t\t\t\t\t<\/div>\n\t\t\t\t<\/div>\n\t\t\t\t<\/div>\n\t\t\t\t\t<\/div>\n\t\t\t\t<\/div>\n\t\t<div class=\"elementor-element elementor-element-9c9c092 e-con-full e-flex e-con e-parent\" data-id=\"9c9c092\" data-element_type=\"container\" data-settings=\"{&quot;background_background&quot;:&quot;classic&quot;}\">\n\t\t<div class=\"elementor-element elementor-element-21d11074 e-con-full e-flex e-con e-child\" data-id=\"21d11074\" data-element_type=\"container\">\n\t\t\t\t<div class=\"elementor-element elementor-element-7603eaf elementor-widget elementor-widget-heading\" data-id=\"7603eaf\" data-element_type=\"widget\" data-widget_type=\"heading.default\">\n\t\t\t\t<div class=\"elementor-widget-container\">\n\t\t\t\t\t<h1 class=\"elementor-heading-title elementor-size-default\">REMIT. Integridade e transparencia do mercado almacenista de enerx\u00eda<\/h1>\t\t\t\t<\/div>\n\t\t\t\t<\/div>\n\t\t\t\t<\/div>\n\t\t<div class=\"elementor-element elementor-element-5183d5fc e-con-full e-flex e-con e-child\" data-id=\"5183d5fc\" data-element_type=\"container\">\n\t\t\t\t<div class=\"elementor-element elementor-element-380d95b4 elementor-hidden-tablet elementor-hidden-desktop elementor-widget elementor-widget-image\" data-id=\"380d95b4\" data-element_type=\"widget\" data-widget_type=\"image.default\">\n\t\t\t\t<div class=\"elementor-widget-container\">\n\t\t\t\t\t\t\t\t\t\t\t\t\t\t\t<img fetchpriority=\"high\" decoding=\"async\" width=\"768\" height=\"512\" src=\"https:\/\/www.naturgy.com\/\/app\/uploads\/2023\/02\/9182cdb0-654b-4e4c-9845-0d41e159a877.png\" class=\"attachment-large size-large wp-image-33711\" alt=\"\" srcset=\"https:\/\/www.naturgy.com\/\/app\/uploads\/2023\/02\/9182cdb0-654b-4e4c-9845-0d41e159a877.png 768w, https:\/\/www.naturgy.com\/\/app\/uploads\/2023\/02\/9182cdb0-654b-4e4c-9845-0d41e159a877-300x200.png 300w\" sizes=\"(max-width: 768px) 100vw, 768px\" \/>\t\t\t\t\t\t\t\t\t\t\t\t\t\t\t<\/div>\n\t\t\t\t<\/div>\n\t\t\t\t<\/div>\n\t\t\t\t<\/div>\n\t\t<div class=\"elementor-element elementor-element-1554ad77 e-con-full e-flex e-con e-parent\" data-id=\"1554ad77\" data-element_type=\"container\">\n\t\t\t\t<div class=\"elementor-element elementor-element-2748128f elementor-widget elementor-widget-spacer\" data-id=\"2748128f\" data-element_type=\"widget\" data-widget_type=\"spacer.default\">\n\t\t\t\t<div class=\"elementor-widget-container\">\n\t\t\t\t\t\t\t<div class=\"elementor-spacer\">\n\t\t\t<div class=\"elementor-spacer-inner\"><\/div>\n\t\t<\/div>\n\t\t\t\t\t\t<\/div>\n\t\t\t\t<\/div>\n\t\t\t\t<\/div>\n\t\t<div class=\"elementor-element elementor-element-36ac3666 e-flex e-con-boxed e-con e-parent\" data-id=\"36ac3666\" data-element_type=\"container\">\n\t\t\t\t\t<div class=\"e-con-inner\">\n\t\t\t\t<div class=\"elementor-element elementor-element-6b058258 elementor-widget elementor-widget-text-editor\" data-id=\"6b058258\" data-element_type=\"widget\" data-widget_type=\"text-editor.default\">\n\t\t\t\t<div class=\"elementor-widget-container\">\n\t\t\t\t\t\t\t\t\t<p><strong>Naturgy participa no desenvolvemento de mercados almacenistas de enerx\u00eda competitivos<\/strong>\u00a0a trav\u00e9s de mecanismos que fomentan a s\u00faa integridade e transparencia. En concreto, o Regulamento da Uni\u00f3n Europea n.\u00ba 1.227\/2011, sobre a Integridade e a Transparencia do mercado almacenista de enerx\u00eda (REMIT), obriga \u00e1s empresas xeradoras, como participantes no mercado, \u00e1 difusi\u00f3n de xeito efectivo e oportuno de informaci\u00f3n relacionada coa\u00a0<strong>capacidade e utilizaci\u00f3n das s\u00faas instalaci\u00f3ns de produci\u00f3n, almacenamento, consumo ou transporte de enerx\u00eda el\u00e9ctrica<\/strong>, inclu\u00edda a indispo\u00f1ibilidade planificada ou non das devanditas instalaci\u00f3ns.<br \/><br \/><strong>A compa\u00f1\u00eda, en cumprimento da lexislaci\u00f3n vixente, publica a continuaci\u00f3n informaci\u00f3n sobre as s\u00faas unidades de xeraci\u00f3n en Espa\u00f1a<\/strong>. Estes datos ser\u00e1n debidamente revisados, en canto ao seu contido e\/ou formato conforme sexa requirido.<\/p>\t\t\t\t\t\t\t\t<\/div>\n\t\t\t\t<\/div>\n\t\t\t\t<div class=\"elementor-element elementor-element-3cb2301 elementor-widget elementor-widget-spacer\" data-id=\"3cb2301\" data-element_type=\"widget\" data-widget_type=\"spacer.default\">\n\t\t\t\t<div class=\"elementor-widget-container\">\n\t\t\t\t\t\t\t<div class=\"elementor-spacer\">\n\t\t\t<div class=\"elementor-spacer-inner\"><\/div>\n\t\t<\/div>\n\t\t\t\t\t\t<\/div>\n\t\t\t\t<\/div>\n\t\t\t\t\t<\/div>\n\t\t\t\t<\/div>\n\t\t<div class=\"elementor-element elementor-element-2a7cd7b5 e-flex e-con-boxed e-con e-parent\" data-id=\"2a7cd7b5\" data-element_type=\"container\">\n\t\t\t\t\t<div class=\"e-con-inner\">\n\t\t\t\t<div class=\"elementor-element elementor-element-7f5d2624 elementor-widget elementor-widget-heading\" data-id=\"7f5d2624\" data-element_type=\"widget\" data-widget_type=\"heading.default\">\n\t\t\t\t<div class=\"elementor-widget-container\">\n\t\t\t\t\t<h2 class=\"elementor-heading-title elementor-size-default\">Electricidade<\/h2>\t\t\t\t<\/div>\n\t\t\t\t<\/div>\n\t\t\t\t<div class=\"elementor-element elementor-element-8fb71ff has-icon elementor-widget elementor-widget-text-editor\" data-id=\"8fb71ff\" data-element_type=\"widget\" data-widget_type=\"text-editor.default\">\n\t\t\t\t<div class=\"elementor-widget-container\">\n\t\t\t\t\t\t\t\t\tDocumentos relacionados\t\t\t\t\t\t\t\t<\/div>\n\t\t\t\t<\/div>\n\t\t\t\t<div class=\"elementor-element elementor-element-fe93d21 elementor-align-start elementor-icon-list--layout-traditional elementor-list-item-link-full_width elementor-widget elementor-widget-icon-list\" data-id=\"fe93d21\" data-element_type=\"widget\" data-widget_type=\"icon-list.default\">\n\t\t\t\t<div class=\"elementor-widget-container\">\n\t\t\t\t\t\t\t<ul class=\"elementor-icon-list-items\">\n\t\t\t\t\t\t\t<li class=\"elementor-icon-list-item\">\n\t\t\t\t\t\t\t\t\t\t\t<a href=\"https:\/\/estaticosecolgnf.azurewebsites.net\/remit\/remit-potencia-instalada.pdf\" target=\"_blank\" rel=\"noopener\">\n\n\t\t\t\t\t\t\t\t\t\t\t\t<span class=\"elementor-icon-list-icon\">\n\t\t\t\t\t\t\t<i aria-hidden=\"true\" class=\"oficina oficina-archivo-pdf\"><\/i>\t\t\t\t\t\t<\/span>\n\t\t\t\t\t\t\t\t\t\t<span class=\"elementor-icon-list-text\">Unidades de Produci\u00f3n. Informaci\u00f3n sobre as unidades de produci\u00f3n cunha capacidade de xeraci\u00f3n instalada igual ou superior a 100 MW<\/span>\n\t\t\t\t\t\t\t\t\t\t\t<\/a>\n\t\t\t\t\t\t\t\t\t<\/li>\n\t\t\t\t\t\t<\/ul>\n\t\t\t\t\t\t<\/div>\n\t\t\t\t<\/div>\n\t\t\t\t<div class=\"elementor-element elementor-element-0ee6753 elementor-widget elementor-widget-text-editor\" data-id=\"0ee6753\" data-element_type=\"widget\" data-widget_type=\"text-editor.default\">\n\t\t\t\t<div class=\"elementor-widget-container\">\n\t\t\t\t\t\t\t\t\t<p>(*) Adicionalmente, en cumprimento dos Procedementos de Operaci\u00f3n 2.5 e 3.6, as indispo\u00f1ibilidades programadas e en curso publ\u00edcanse na seguinte ligaz\u00f3n da Plataforma IIP (Inside Information Platform) de <a href=\"https:\/\/umm.omie.es\/electricity-list\" target=\"_blank\" rel=\"noopener\">OMIE-MIBGAS<\/a>.<\/p>\t\t\t\t\t\t\t\t<\/div>\n\t\t\t\t<\/div>\n\t\t\t\t<div class=\"elementor-element elementor-element-1987d72 elementor-widget elementor-widget-spacer\" data-id=\"1987d72\" data-element_type=\"widget\" data-widget_type=\"spacer.default\">\n\t\t\t\t<div class=\"elementor-widget-container\">\n\t\t\t\t\t\t\t<div class=\"elementor-spacer\">\n\t\t\t<div class=\"elementor-spacer-inner\"><\/div>\n\t\t<\/div>\n\t\t\t\t\t\t<\/div>\n\t\t\t\t<\/div>\n\t\t\t\t\t<\/div>\n\t\t\t\t<\/div>\n\t\t<div class=\"elementor-element elementor-element-2b01f61 e-flex e-con-boxed e-con e-parent\" data-id=\"2b01f61\" data-element_type=\"container\">\n\t\t\t\t\t<div class=\"e-con-inner\">\n\t\t\t\t<div class=\"elementor-element elementor-element-f5a1e6b elementor-widget elementor-widget-heading\" data-id=\"f5a1e6b\" data-element_type=\"widget\" data-widget_type=\"heading.default\">\n\t\t\t\t<div class=\"elementor-widget-container\">\n\t\t\t\t\t<h2 class=\"elementor-heading-title elementor-size-default\">Gas<\/h2>\t\t\t\t<\/div>\n\t\t\t\t<\/div>\n\t\t\t\t<div class=\"elementor-element elementor-element-5d9ce41 has-icon elementor-widget elementor-widget-text-editor\" data-id=\"5d9ce41\" data-element_type=\"widget\" data-widget_type=\"text-editor.default\">\n\t\t\t\t<div class=\"elementor-widget-container\">\n\t\t\t\t\t\t\t\t\t<p>Transparencia nos mercados &#8211; UMMS (Urgent Market Messages)<\/p>\t\t\t\t\t\t\t\t<\/div>\n\t\t\t\t<\/div>\n\t\t\t\t<div class=\"elementor-element elementor-element-42bd04c elementor-widget elementor-widget-text-editor\" data-id=\"42bd04c\" data-element_type=\"widget\" data-widget_type=\"text-editor.default\">\n\t\t\t\t<div class=\"elementor-widget-container\">\n\t\t\t\t\t\t\t\t\t<p>O artigo 4.1 de REMIT disp\u00f3n que os participantes no mercado deben difundir de xeito efectivo e oportuno calquera informaci\u00f3n relativa \u00e1 capacidade e utilizaci\u00f3n das s\u00faas instalaci\u00f3ns de produci\u00f3n.\u00a0<br \/><br \/>UFG contratou a plataforma IIP proporcionada por MIBGAS e OMIE e dende o 1 de xaneiro de 2021 toda a informaci\u00f3n poderase consultar no seguinte enderezo web:<\/p>\t\t\t\t\t\t\t\t<\/div>\n\t\t\t\t<\/div>\n\t\t\t\t<div class=\"elementor-element elementor-element-594f192 has-icon elementor-widget elementor-widget-text-editor\" data-id=\"594f192\" data-element_type=\"widget\" data-widget_type=\"text-editor.default\">\n\t\t\t\t<div class=\"elementor-widget-container\">\n\t\t\t\t\t\t\t\t\t<p><a href=\"https:\/\/umm.mibgas.es\/gas\" target=\"_blank\" rel=\"noopener\">Midgas<\/a><\/p><p>\u00a0<\/p>\t\t\t\t\t\t\t\t<\/div>\n\t\t\t\t<\/div>\n\t\t\t\t\t<\/div>\n\t\t\t\t<\/div>\n\t\t<div class=\"elementor-element elementor-element-c5e315a e-flex e-con-boxed e-con e-parent\" data-id=\"c5e315a\" data-element_type=\"container\">\n\t\t\t\t\t<div class=\"e-con-inner\">\n\t\t\t\t<div class=\"elementor-element elementor-element-06e326c elementor-widget elementor-widget-spacer\" data-id=\"06e326c\" data-element_type=\"widget\" data-widget_type=\"spacer.default\">\n\t\t\t\t<div class=\"elementor-widget-container\">\n\t\t\t\t\t\t\t<div class=\"elementor-spacer\">\n\t\t\t<div class=\"elementor-spacer-inner\"><\/div>\n\t\t<\/div>\n\t\t\t\t\t\t<\/div>\n\t\t\t\t<\/div>\n\t\t\t\t\t<\/div>\n\t\t\t\t<\/div>\n\t\t<div class=\"elementor-element elementor-element-56f73c51 e-flex e-con-boxed e-con e-parent\" data-id=\"56f73c51\" data-element_type=\"container\">\n\t\t\t\t\t<div class=\"e-con-inner\">\n\t\t\t\t<div class=\"elementor-element elementor-element-2ac46dac has-icon elementor-widget elementor-widget-accordion\" data-id=\"2ac46dac\" data-element_type=\"widget\" data-widget_type=\"accordion.default\">\n\t\t\t\t<div class=\"elementor-widget-container\">\n\t\t\t\t\t\t\t<div class=\"elementor-accordion\">\n\t\t\t\t\t\t\t<div class=\"elementor-accordion-item\">\n\t\t\t\t\t<div id=\"elementor-tab-title-7171\" class=\"elementor-tab-title\" data-tab=\"1\" role=\"button\" aria-controls=\"elementor-tab-content-7171\" aria-expanded=\"false\">\n\t\t\t\t\t\t\t\t\t\t\t\t\t<span class=\"elementor-accordion-icon elementor-accordion-icon-right\" aria-hidden=\"true\">\n\t\t\t\t\t\t\t\t\t\t\t\t\t\t\t<span class=\"elementor-accordion-icon-closed\"><i class=\"fas fa-chevron-down\"><\/i><\/span>\n\t\t\t\t\t\t\t\t<span class=\"elementor-accordion-icon-opened\"><i class=\"fas fa-chevron-up\"><\/i><\/span>\n\t\t\t\t\t\t\t\t\t\t\t\t\t\t<\/span>\n\t\t\t\t\t\t\t\t\t\t\t\t<a class=\"elementor-accordion-title\" tabindex=\"0\">Transparencia nos Mercados - UMMs (Urgent Market Messages)<\/a>\n\t\t\t\t\t<\/div>\n\t\t\t\t\t<div id=\"elementor-tab-content-7171\" class=\"elementor-tab-content elementor-clearfix\" data-tab=\"1\" role=\"region\" aria-labelledby=\"elementor-tab-title-7171\"><p>O artigo 4.1 de REMIT disp\u00f3n que os participantes no mercado deben difundir de maneira efectiva e oportuna calquera informaci\u00f3n relativa \u00e1 capacidade e utilizaci\u00f3n das s\u00faas instalaci\u00f3ns de produci\u00f3n.<br \/><br \/>UFG, como participante no mercado, cumpre coas obrigaci\u00f3ns establecidas por REMIT e o seu Regulamento de Execuci\u00f3n. Desde a compa\u00f1\u00eda apoiamos todas as iniciativas que fomenten o desenvolvemento dos mercados e contrib\u00faan a aumentar a competencia.<br \/><br \/>A partir do 1 de xaneiro de 2021, os participantes do mercado europeo deben publicar a s\u00faa informaci\u00f3n privilexiada nunha IIP (Inside Information and Transparency Platform) validada por ACER.<br \/><br \/>Co desenvolvemento dunha Plataforma IIP, MIBGAS e OMIE ofrecen aos participantes do mercado ib\u00e9rico os seguintes servizos, tanto do sector el\u00e9ctrico como do sector gasista para que estes poidan cumprir co artigo 4 de REMIT:<\/p><ul><li>Publicaci\u00f3n de informaci\u00f3n privilexiada.<\/li><li>\u00a0 Diseminaci\u00f3n da informaci\u00f3n privilexiada de forma centralizada e certificada a trav\u00e9s de fontes web.<\/li><li>\u00a0Almacenamento da informaci\u00f3n privilexiada publicada e posibilidade de descarga da mesma.<\/li><\/ul><p>\u00a0<\/p><p>O acceso \u00e1 informaci\u00f3n publicada na IIP \u00e9 de car\u00e1cter p\u00fablico e gratu\u00edto para todos os interesados, non s\u00f3 para os axentes de MIBGAS e OMIE, sen\u00f3n para calquera participante doutros mercados almacenistas, co fin de promover a transparencia e a difusi\u00f3n de informaci\u00f3n de forma centralizada ao m\u00e1ximo de usuarios posibles.<br \/><br \/>UFG contratou a plataforma IIP proporcionada por MIBGAS e OMIE e desde o 1 de xaneiro de 2021 toda a informaci\u00f3n poderase consultar na seguinte direcci\u00f3n web:\u00a0<a href=\"https:\/\/umm.mibgas.es\/gas\/\" target=\"_blank\" rel=\"noopener\">https:\/\/umm.mibgas.es\/gas\/<\/a>.<\/p><\/div>\n\t\t\t\t<\/div>\n\t\t\t\t\t\t\t\t<\/div>\n\t\t\t\t\t\t<\/div>\n\t\t\t\t<\/div>\n\t\t\t\t\t<\/div>\n\t\t\t\t<\/div>\n\t\t<div class=\"elementor-element elementor-element-3f43c8d e-flex e-con-boxed e-con e-parent\" data-id=\"3f43c8d\" data-element_type=\"container\">\n\t\t\t\t\t<div class=\"e-con-inner\">\n\t\t\t\t<div class=\"elementor-element elementor-element-2583490a elementor-widget elementor-widget-spacer\" data-id=\"2583490a\" data-element_type=\"widget\" data-widget_type=\"spacer.default\">\n\t\t\t\t<div class=\"elementor-widget-container\">\n\t\t\t\t\t\t\t<div class=\"elementor-spacer\">\n\t\t\t<div class=\"elementor-spacer-inner\"><\/div>\n\t\t<\/div>\n\t\t\t\t\t\t<\/div>\n\t\t\t\t<\/div>\n\t\t\t\t<div class=\"elementor-element elementor-element-2b92585 has-icon elementor-widget elementor-widget-text-editor\" data-id=\"2b92585\" data-element_type=\"widget\" data-widget_type=\"text-editor.default\">\n\t\t\t\t<div class=\"elementor-widget-container\">\n\t\t\t\t\t\t\t\t\t<h5><strong>Documentos relacionados<\/strong><\/h5>\t\t\t\t\t\t\t\t<\/div>\n\t\t\t\t<\/div>\n\t\t\t\t<div class=\"elementor-element elementor-element-f6aae2c elementor-align-start elementor-icon-list--layout-traditional elementor-list-item-link-full_width elementor-widget elementor-widget-icon-list\" data-id=\"f6aae2c\" data-element_type=\"widget\" data-widget_type=\"icon-list.default\">\n\t\t\t\t<div class=\"elementor-widget-container\">\n\t\t\t\t\t\t\t<ul class=\"elementor-icon-list-items\">\n\t\t\t\t\t\t\t<li class=\"elementor-icon-list-item\">\n\t\t\t\t\t\t\t\t\t\t\t<a href=\"https:\/\/stproportalcorporativo.blob.core.windows.net\/uploads\/2023\/02\/20201112-1200-UFGEP-REMIT-R2-63fdcdebdb42c.pdf\" target=\"_blank\" rel=\"noopener\">\n\n\t\t\t\t\t\t\t\t\t\t\t\t<span class=\"elementor-icon-list-icon\">\n\t\t\t\t\t\t\t<i aria-hidden=\"true\" class=\"oficina oficina-archivo-pdf\"><\/i>\t\t\t\t\t\t<\/span>\n\t\t\t\t\t\t\t\t\t\t<span class=\"elementor-icon-list-text\">Indispo\u00f1ibilidades programadas *<\/span>\n\t\t\t\t\t\t\t\t\t\t\t<\/a>\n\t\t\t\t\t\t\t\t\t<\/li>\n\t\t\t\t\t\t<\/ul>\n\t\t\t\t\t\t<\/div>\n\t\t\t\t<\/div>\n\t\t\t\t<div class=\"elementor-element elementor-element-c019de3 elementor-widget elementor-widget-text-editor\" data-id=\"c019de3\" data-element_type=\"widget\" data-widget_type=\"text-editor.default\">\n\t\t\t\t<div class=\"elementor-widget-container\">\n\t\t\t\t\t\t\t\t\t<p><em>(*) Estes ficheiros reflicten a situaci\u00f3n na data e hora de\u00a0xeraci\u00f3n que se indica no mesmo. As indispo\u00f1ibilidades programadas e en curso p\u00f3dense consultar, con\u00a0informaci\u00f3n actualizada para a data e hora, na web de\u00a0<u><a href=\"https:\/\/umm.mibgas.es\/gas\/\" target=\"_blank\" rel=\"noopener\">MIB-Gas<\/a><\/u>.<\/em><\/p>\t\t\t\t\t\t\t\t<\/div>\n\t\t\t\t<\/div>\n\t\t\t\t\t<\/div>\n\t\t\t\t<\/div>\n\t\t<div class=\"elementor-element elementor-element-a772640 e-flex e-con-boxed e-con e-parent\" data-id=\"a772640\" data-element_type=\"container\">\n\t\t\t\t\t<div class=\"e-con-inner\">\n\t\t\t\t<div class=\"elementor-element elementor-element-55426d1 elementor-widget elementor-widget-spacer\" data-id=\"55426d1\" data-element_type=\"widget\" data-widget_type=\"spacer.default\">\n\t\t\t\t<div class=\"elementor-widget-container\">\n\t\t\t\t\t\t\t<div class=\"elementor-spacer\">\n\t\t\t<div class=\"elementor-spacer-inner\"><\/div>\n\t\t<\/div>\n\t\t\t\t\t\t<\/div>\n\t\t\t\t<\/div>\n\t\t\t\t\t<\/div>\n\t\t\t\t<\/div>\n\t\t\t\t<\/div>\n\t\t","protected":false},"excerpt":{"rendered":"<p>REMIT. Integridade e transparencia do mercado almacenista de enerx\u00eda Naturgy participa no desenvolvemento de mercados almacenistas de enerx\u00eda competitivos\u00a0a trav\u00e9s de mecanismos que fomentan a s\u00faa integridade e transparencia. En concreto, o Regulamento da Uni\u00f3n Europea n.\u00ba 1.227\/2011, sobre a Integridade e a Transparencia do mercado almacenista de enerx\u00eda (REMIT), obriga \u00e1s empresas xeradoras, como [&hellip;]<\/p>\n","protected":false},"author":5,"featured_media":0,"parent":40680,"menu_order":6,"comment_status":"closed","ping_status":"closed","template":"","meta":{"_acf_changed":false,"footnotes":""},"class_list":["post-40854","page","type-page","status-publish","hentry"],"acf":[],"_links":{"self":[{"href":"https:\/\/www.naturgy.com\/gl\/wp-json\/wp\/v2\/pages\/40854","targetHints":{"allow":["GET"]}}],"collection":[{"href":"https:\/\/www.naturgy.com\/gl\/wp-json\/wp\/v2\/pages"}],"about":[{"href":"https:\/\/www.naturgy.com\/gl\/wp-json\/wp\/v2\/types\/page"}],"author":[{"embeddable":true,"href":"https:\/\/www.naturgy.com\/gl\/wp-json\/wp\/v2\/users\/5"}],"replies":[{"embeddable":true,"href":"https:\/\/www.naturgy.com\/gl\/wp-json\/wp\/v2\/comments?post=40854"}],"version-history":[{"count":25,"href":"https:\/\/www.naturgy.com\/gl\/wp-json\/wp\/v2\/pages\/40854\/revisions"}],"predecessor-version":[{"id":99365,"href":"https:\/\/www.naturgy.com\/gl\/wp-json\/wp\/v2\/pages\/40854\/revisions\/99365"}],"up":[{"embeddable":true,"href":"https:\/\/www.naturgy.com\/gl\/wp-json\/wp\/v2\/pages\/40680"}],"wp:attachment":[{"href":"https:\/\/www.naturgy.com\/gl\/wp-json\/wp\/v2\/media?parent=40854"}],"curies":[{"name":"wp","href":"https:\/\/api.w.org\/{rel}","templated":true}]}}