{"id":40862,"date":"2023-01-20T16:30:04","date_gmt":"2023-01-20T15:30:04","guid":{"rendered":"https:\/\/www.naturgy.com\/participaciones-signifcativas-y-autocartera\/"},"modified":"2026-03-06T11:01:11","modified_gmt":"2026-03-06T10:01:11","slug":"participacions-significativas","status":"publish","type":"page","link":"https:\/\/www.naturgy.com\/gl\/accionistas-e-investidores\/a-sociedade\/participacions-significativas\/","title":{"rendered":"Participaci\u00f3ns significativas"},"content":{"rendered":"\t\t<div data-elementor-type=\"wp-page\" data-elementor-id=\"40862\" class=\"elementor elementor-40862 elementor-12546\" data-elementor-post-type=\"page\">\n\t\t\t\t<div class=\"elementor-element elementor-element-11ada924 e-flex e-con-boxed e-con e-parent\" data-id=\"11ada924\" data-element_type=\"container\">\n\t\t\t\t\t<div class=\"e-con-inner\">\n\t\t<div class=\"elementor-element elementor-element-e8846a5 e-con-full e-flex e-con e-child\" data-id=\"e8846a5\" data-element_type=\"container\">\n\t\t\t\t<div class=\"elementor-element elementor-element-5ff1e2b8 elementor-widget elementor-widget-shortcode\" data-id=\"5ff1e2b8\" data-element_type=\"widget\" data-widget_type=\"shortcode.default\">\n\t\t\t\t<div class=\"elementor-widget-container\">\n\t\t\t\t\t\t\t<div class=\"elementor-shortcode\"><nav aria-label=\"breadcrumbs\" class=\"rank-math-breadcrumb\"><p><span class=\"last\">Comeza<\/span><\/p><\/nav><\/div>\n\t\t\t\t\t\t<\/div>\n\t\t\t\t<\/div>\n\t\t\t\t<div class=\"elementor-element elementor-element-327e9b0 elementor-widget elementor-widget-heading\" data-id=\"327e9b0\" data-element_type=\"widget\" data-widget_type=\"heading.default\">\n\t\t\t\t<div class=\"elementor-widget-container\">\n\t\t\t\t\t<h1 class=\"elementor-heading-title elementor-size-default\">Participaci\u00f3ns significativas<\/h1>\t\t\t\t<\/div>\n\t\t\t\t<\/div>\n\t\t\t\t<\/div>\n\t\t<div class=\"elementor-element elementor-element-97e3ab1 e-con-full e-flex e-con e-child\" data-id=\"97e3ab1\" data-element_type=\"container\">\n\t\t\t\t<div class=\"elementor-element elementor-element-520e2204 elementor-widget elementor-widget-spacer\" data-id=\"520e2204\" data-element_type=\"widget\" data-widget_type=\"spacer.default\">\n\t\t\t\t<div class=\"elementor-widget-container\">\n\t\t\t\t\t\t\t<div class=\"elementor-spacer\">\n\t\t\t<div class=\"elementor-spacer-inner\"><\/div>\n\t\t<\/div>\n\t\t\t\t\t\t<\/div>\n\t\t\t\t<\/div>\n\t\t\t\t<\/div>\n\t\t\t\t\t<\/div>\n\t\t\t\t<\/div>\n\t\t<div class=\"elementor-element elementor-element-f80be92 e-flex e-con-boxed e-con e-parent\" data-id=\"f80be92\" data-element_type=\"container\">\n\t\t\t\t\t<div class=\"e-con-inner\">\n\t\t\t\t<div class=\"elementor-element elementor-element-41533b1 elementor-widget elementor-widget-text-editor\" data-id=\"41533b1\" data-element_type=\"widget\" data-widget_type=\"text-editor.default\">\n\t\t\t\t<div class=\"elementor-widget-container\">\n\t\t\t\t\t\t\t\t\t<p>Dereitos de voto<\/p>\t\t\t\t\t\t\t\t<\/div>\n\t\t\t\t<\/div>\n\t\t\t\t\t<\/div>\n\t\t\t\t<\/div>\n\t\t<div class=\"elementor-element elementor-element-55b15ab e-con-full e-flex e-con e-parent\" data-id=\"55b15ab\" data-element_type=\"container\">\n\t\t\t\t<div class=\"elementor-element elementor-element-2d6e386 elementor-widget elementor-widget-spacer\" data-id=\"2d6e386\" data-element_type=\"widget\" data-widget_type=\"spacer.default\">\n\t\t\t\t<div class=\"elementor-widget-container\">\n\t\t\t\t\t\t\t<div class=\"elementor-spacer\">\n\t\t\t<div class=\"elementor-spacer-inner\"><\/div>\n\t\t<\/div>\n\t\t\t\t\t\t<\/div>\n\t\t\t\t<\/div>\n\t\t\t\t<\/div>\n\t\t<div class=\"elementor-element elementor-element-5a2af98 grid col-3 e-flex e-con-boxed e-con e-parent\" data-id=\"5a2af98\" data-element_type=\"container\">\n\t\t\t\t\t<div class=\"e-con-inner\">\n\t\t\t\t<div class=\"elementor-element elementor-element-10eca9f kec-table elementor-widget elementor-widget-shortcode\" data-id=\"10eca9f\" data-element_type=\"widget\" data-widget_type=\"shortcode.default\">\n\t\t\t\t<div class=\"elementor-widget-container\">\n\t\t\t\t\t\t\t<div class=\"elementor-shortcode\">\n<table id=\"tablepress-327\" class=\"tablepress tablepress-id-327\">\n<thead>\n<tr class=\"row-1\">\n\t<th class=\"column-1\">Denominaci\u00f3n do part\u00edcipe<\/th><th class=\"column-2\">% Participaci\u00f3n directa<\/th><th class=\"column-3\">% Participaci\u00f3n indirecta<\/th><th class=\"column-4\">% Total<\/th>\n<\/tr>\n<\/thead>\n<tbody>\n<tr class=\"row-2\">\n\t<td class=\"column-1\">CRITERIA CAIXA S.A.U.<\/td><td class=\"column-2\">28,5<\/td><td class=\"column-3\">0<\/td><td class=\"column-4\">28,5<\/td>\n<\/tr>\n<tr class=\"row-3\">\n\t<td class=\"column-1\">Global InfraCo O (2) S.\u00e0.r,l<\/td><td class=\"column-2\">15,5<\/td><td class=\"column-3\">0<\/td><td class=\"column-4\">15,5<\/td>\n<\/tr>\n<tr class=\"row-4\">\n\t<td class=\"column-1\">Rioja Acquisition S.\u00e0.r.l.<\/td><td class=\"column-2\">13,8<\/td><td class=\"column-3\">0<\/td><td class=\"column-4\">13,8<\/td>\n<\/tr>\n<tr class=\"row-5\">\n\t<td class=\"column-1\">Alba Europe, S.\u00e0.r.l.<\/td><td class=\"column-2\">5,0<\/td><td class=\"column-3\">0<\/td><td class=\"column-4\">5,0<\/td>\n<\/tr>\n<tr class=\"row-6\">\n\t<td class=\"column-1\">SONATRACH<\/td><td class=\"column-2\">4,1<\/td><td class=\"column-3\">0<\/td><td class=\"column-4\">4,1<\/td>\n<\/tr>\n<\/tbody>\n<\/table>\n<!-- #tablepress-327 from cache --><\/div>\n\t\t\t\t\t\t<\/div>\n\t\t\t\t<\/div>\n\t\t\t\t\t<\/div>\n\t\t\t\t<\/div>\n\t\t<div class=\"elementor-element elementor-element-d6dd123 e-con-full e-flex e-con e-parent\" data-id=\"d6dd123\" data-element_type=\"container\">\n\t\t\t\t<div class=\"elementor-element elementor-element-c2906d9 elementor-widget elementor-widget-spacer\" data-id=\"c2906d9\" data-element_type=\"widget\" data-widget_type=\"spacer.default\">\n\t\t\t\t<div class=\"elementor-widget-container\">\n\t\t\t\t\t\t\t<div class=\"elementor-spacer\">\n\t\t\t<div class=\"elementor-spacer-inner\"><\/div>\n\t\t<\/div>\n\t\t\t\t\t\t<\/div>\n\t\t\t\t<\/div>\n\t\t\t\t<\/div>\n\t\t<div class=\"elementor-element elementor-element-b668710 e-flex e-con-boxed e-con e-parent\" data-id=\"b668710\" data-element_type=\"container\">\n\t\t\t\t\t<div class=\"e-con-inner\">\n\t\t\t\t<div class=\"elementor-element elementor-element-c21bbb0 elementor-widget elementor-widget-text-editor\" data-id=\"c21bbb0\" data-element_type=\"widget\" data-widget_type=\"text-editor.default\">\n\t\t\t\t<div class=\"elementor-widget-container\">\n\t\t\t\t\t\t\t\t\t<p>A marzo de 2026<\/p>\t\t\t\t\t\t\t\t<\/div>\n\t\t\t\t<\/div>\n\t\t\t\t\t<\/div>\n\t\t\t\t<\/div>\n\t\t<div class=\"elementor-element elementor-element-7909d01 e-con-full e-flex e-con e-parent\" data-id=\"7909d01\" data-element_type=\"container\">\n\t\t\t\t<div class=\"elementor-element elementor-element-1a8659a elementor-widget elementor-widget-spacer\" data-id=\"1a8659a\" data-element_type=\"widget\" data-widget_type=\"spacer.default\">\n\t\t\t\t<div class=\"elementor-widget-container\">\n\t\t\t\t\t\t\t<div class=\"elementor-spacer\">\n\t\t\t<div class=\"elementor-spacer-inner\"><\/div>\n\t\t<\/div>\n\t\t\t\t\t\t<\/div>\n\t\t\t\t<\/div>\n\t\t\t\t<\/div>\n\t\t<div class=\"elementor-element elementor-element-e554a37 e-flex e-con-boxed e-con e-parent\" data-id=\"e554a37\" data-element_type=\"container\">\n\t\t\t\t\t<div class=\"e-con-inner\">\n\t\t\t\t<div class=\"elementor-element elementor-element-3bb7d53 has-icon elementor-widget elementor-widget-text-editor\" data-id=\"3bb7d53\" data-element_type=\"widget\" data-widget_type=\"text-editor.default\">\n\t\t\t\t<div class=\"elementor-widget-container\">\n\t\t\t\t\t\t\t\t\t<p><a href=\"https:\/\/www.cnmv.es\/portal\/consultas\/datosentidad?nif=A08015497&amp;lang=gl\" target=\"_blank\" rel=\"noopener\">Enlace a CNMV<\/a><\/p>\t\t\t\t\t\t\t\t<\/div>\n\t\t\t\t<\/div>\n\t\t\t\t\t<\/div>\n\t\t\t\t<\/div>\n\t\t<div class=\"elementor-element elementor-element-6666608 e-con-full e-flex e-con e-parent\" data-id=\"6666608\" data-element_type=\"container\">\n\t\t\t\t<div class=\"elementor-element elementor-element-eb5c932 elementor-widget elementor-widget-spacer\" data-id=\"eb5c932\" data-element_type=\"widget\" data-widget_type=\"spacer.default\">\n\t\t\t\t<div class=\"elementor-widget-container\">\n\t\t\t\t\t\t\t<div class=\"elementor-spacer\">\n\t\t\t<div class=\"elementor-spacer-inner\"><\/div>\n\t\t<\/div>\n\t\t\t\t\t\t<\/div>\n\t\t\t\t<\/div>\n\t\t\t\t<\/div>\n\t\t<div class=\"elementor-element elementor-element-979827f e-flex e-con-boxed e-con e-parent\" data-id=\"979827f\" data-element_type=\"container\">\n\t\t\t\t\t<div class=\"e-con-inner\">\n\t\t\t\t<div class=\"elementor-element elementor-element-9ac5a91 elementor-widget elementor-widget-heading\" data-id=\"9ac5a91\" data-element_type=\"widget\" data-widget_type=\"heading.default\">\n\t\t\t\t<div class=\"elementor-widget-container\">\n\t\t\t\t\t<h3 class=\"elementor-heading-title elementor-size-default\">Autocarteira<\/h3>\t\t\t\t<\/div>\n\t\t\t\t<\/div>\n\t\t\t\t<div class=\"elementor-element elementor-element-ea8be3c elementor-widget elementor-widget-text-editor\" data-id=\"ea8be3c\" data-element_type=\"widget\" data-widget_type=\"text-editor.default\">\n\t\t\t\t<div class=\"elementor-widget-container\">\n\t\t\t\t\t\t\t\t\t<p>Situaci\u00f3n da\u00a0 autocarteira de acordo coa \u00faltima comunicaci\u00f3n remitida \u00e1 CNMV.<\/p>\t\t\t\t\t\t\t\t<\/div>\n\t\t\t\t<\/div>\n\t\t\t\t\t<\/div>\n\t\t\t\t<\/div>\n\t\t<div class=\"elementor-element elementor-element-b8006a6 e-con-full e-flex e-con e-parent\" data-id=\"b8006a6\" data-element_type=\"container\">\n\t\t\t\t<div class=\"elementor-element elementor-element-6f7e596 elementor-widget elementor-widget-spacer\" data-id=\"6f7e596\" data-element_type=\"widget\" data-widget_type=\"spacer.default\">\n\t\t\t\t<div class=\"elementor-widget-container\">\n\t\t\t\t\t\t\t<div class=\"elementor-spacer\">\n\t\t\t<div class=\"elementor-spacer-inner\"><\/div>\n\t\t<\/div>\n\t\t\t\t\t\t<\/div>\n\t\t\t\t<\/div>\n\t\t\t\t<\/div>\n\t\t<div class=\"elementor-element elementor-element-33543c8 grid col-3 e-flex e-con-boxed e-con e-parent\" data-id=\"33543c8\" data-element_type=\"container\">\n\t\t\t\t\t<div class=\"e-con-inner\">\n\t\t\t\t<div class=\"elementor-element elementor-element-c0df0d6 kec-table elementor-widget elementor-widget-shortcode\" data-id=\"c0df0d6\" data-element_type=\"widget\" data-widget_type=\"shortcode.default\">\n\t\t\t\t<div class=\"elementor-widget-container\">\n\t\t\t\t\t\t\t<div class=\"elementor-shortcode\">\n<table id=\"tablepress-328\" class=\"tablepress tablepress-id-328\">\n<thead>\n<tr class=\"row-1\">\n\t<th class=\"column-1\">% Directo<\/th><th class=\"column-2\">% Indirecto<\/th><th class=\"column-3\">% Total<\/th><th class=\"column-4\">Notificaci\u00f3n<\/th>\n<\/tr>\n<\/thead>\n<tbody>\n<tr class=\"row-2\">\n\t<td class=\"column-1\">0,941<\/td><td class=\"column-2\">0,00<\/td><td class=\"column-3\">0,941<\/td><td class=\"column-4\"><a href=\"https:\/\/stproportalcorporativo.blob.core.windows.net\/uploads\/2025\/10\/14102025_Autocartera.pdf\" target=\"_blank\" rel=\"noopener\">Descargar<\/a><\/td>\n<\/tr>\n<\/tbody>\n<\/table>\n<!-- #tablepress-328 from cache --><\/div>\n\t\t\t\t\t\t<\/div>\n\t\t\t\t<\/div>\n\t\t\t\t\t<\/div>\n\t\t\t\t<\/div>\n\t\t<div class=\"elementor-element elementor-element-c56648e e-con-full e-flex e-con e-parent\" data-id=\"c56648e\" data-element_type=\"container\">\n\t\t\t\t<div class=\"elementor-element elementor-element-487103f elementor-widget elementor-widget-spacer\" data-id=\"487103f\" data-element_type=\"widget\" data-widget_type=\"spacer.default\">\n\t\t\t\t<div class=\"elementor-widget-container\">\n\t\t\t\t\t\t\t<div class=\"elementor-spacer\">\n\t\t\t<div class=\"elementor-spacer-inner\"><\/div>\n\t\t<\/div>\n\t\t\t\t\t\t<\/div>\n\t\t\t\t<\/div>\n\t\t\t\t<\/div>\n\t\t<div class=\"elementor-element elementor-element-0335d42 e-flex e-con-boxed e-con e-parent\" data-id=\"0335d42\" data-element_type=\"container\">\n\t\t\t\t\t<div class=\"e-con-inner\">\n\t\t\t\t<div class=\"elementor-element elementor-element-6741087 has-icon elementor-widget elementor-widget-text-editor\" data-id=\"6741087\" data-element_type=\"widget\" data-widget_type=\"text-editor.default\">\n\t\t\t\t<div class=\"elementor-widget-container\">\n\t\t\t\t\t\t\t\t\t<p><a href=\"https:\/\/www.cnmv.es\/portal\/consultas\/datosentidad?nif=A08015497&amp;lang=gl\" target=\"_blank\" rel=\"noopener\">Enlace a CNMV<\/a><\/p>\t\t\t\t\t\t\t\t<\/div>\n\t\t\t\t<\/div>\n\t\t\t\t\t<\/div>\n\t\t\t\t<\/div>\n\t\t<div class=\"elementor-element elementor-element-99f5127 e-flex e-con-boxed e-con e-parent\" data-id=\"99f5127\" data-element_type=\"container\">\n\t\t\t\t\t<div class=\"e-con-inner\">\n\t\t\t\t<div class=\"elementor-element elementor-element-29afbd8 elementor-widget elementor-widget-spacer\" data-id=\"29afbd8\" data-element_type=\"widget\" data-widget_type=\"spacer.default\">\n\t\t\t\t<div class=\"elementor-widget-container\">\n\t\t\t\t\t\t\t<div class=\"elementor-spacer\">\n\t\t\t<div class=\"elementor-spacer-inner\"><\/div>\n\t\t<\/div>\n\t\t\t\t\t\t<\/div>\n\t\t\t\t<\/div>\n\t\t\t\t<div class=\"elementor-element elementor-element-bba7281 elementor-widget elementor-widget-heading\" data-id=\"bba7281\" data-element_type=\"widget\" data-widget_type=\"heading.default\">\n\t\t\t\t<div class=\"elementor-widget-container\">\n\t\t\t\t\t<h3 class=\"elementor-heading-title elementor-size-default\">Pactos parasociais<\/h3>\t\t\t\t<\/div>\n\t\t\t\t<\/div>\n\t\t\t\t\t<\/div>\n\t\t\t\t<\/div>\n\t\t<div class=\"elementor-element elementor-element-5ed07a3 e-flex e-con-boxed e-con e-parent\" data-id=\"5ed07a3\" data-element_type=\"container\">\n\t\t\t\t\t<div class=\"e-con-inner\">\n\t\t\t\t<div class=\"elementor-element elementor-element-e0b08f0 elementor-widget elementor-widget-spacer\" data-id=\"e0b08f0\" data-element_type=\"widget\" data-widget_type=\"spacer.default\">\n\t\t\t\t<div class=\"elementor-widget-container\">\n\t\t\t\t\t\t\t<div class=\"elementor-spacer\">\n\t\t\t<div class=\"elementor-spacer-inner\"><\/div>\n\t\t<\/div>\n\t\t\t\t\t\t<\/div>\n\t\t\t\t<\/div>\n\t\t\t\t\t<\/div>\n\t\t\t\t<\/div>\n\t\t<div class=\"elementor-element elementor-element-2b3009b e-flex e-con-boxed e-con e-parent\" data-id=\"2b3009b\" data-element_type=\"container\">\n\t\t\t\t\t<div class=\"e-con-inner\">\n\t\t\t\t<div class=\"elementor-element elementor-element-d99c607 e-n-tabs-tablet elementor-widget elementor-widget-n-tabs\" data-id=\"d99c607\" data-element_type=\"widget\" data-settings=\"{&quot;tabs_justify_horizontal&quot;:&quot;start&quot;,&quot;horizontal_scroll&quot;:&quot;disable&quot;}\" data-widget_type=\"nested-tabs.default\">\n\t\t\t\t<div class=\"elementor-widget-container\">\n\t\t\t\t\t\t\t<div class=\"e-n-tabs\" data-widget-number=\"228181511\" aria-label=\"Tabs. Open items with Enter or Space, close with Escape and navigate using the Arrow keys.\">\n\t\t\t<div class=\"e-n-tabs-heading\" role=\"tablist\">\n\t\t\t\t\t<button id=\"e-n-tab-title-2281815111\" data-tab-title-id=\"e-n-tab-title-2281815111\" class=\"e-n-tab-title\" aria-selected=\"true\" data-tab-index=\"1\" role=\"tab\" tabindex=\"0\" aria-controls=\"e-n-tab-content-2281815111\" style=\"--n-tabs-title-order: 1;\">\n\t\t\t\t\t<span class=\"e-n-tab-icon\">\n\t\t\t<i aria-hidden=\"true\" class=\"fas fa-angle-down\"><\/i>\t\t\t<i aria-hidden=\"true\" class=\"fas fa-angle-down\"><\/i>\t\t<\/span>\n\t\t\t\t\t<span class=\"e-n-tab-title-text\">\n\t\t\t\tPacto parasociais comunicados \u00e1 CNMV\t\t\t<\/span>\n\t\t<\/button>\n\t\t\t\t\t<\/div>\n\t\t\t<div class=\"e-n-tabs-content\">\n\t\t\t\t<div id=\"e-n-tab-content-2281815111\" role=\"tabpanel\" aria-labelledby=\"e-n-tab-title-2281815111\" data-tab-index=\"1\" style=\"--n-tabs-title-order: 1;\" class=\"e-active elementor-element elementor-element-83c6a8e e-con-full e-flex e-con e-child\" data-id=\"83c6a8e\" data-element_type=\"container\">\n\t\t<div class=\"elementor-element elementor-element-30803ed e-flex e-con-boxed e-con e-child\" data-id=\"30803ed\" data-element_type=\"container\">\n\t\t\t\t\t<div class=\"e-con-inner\">\n\t\t\t\t<div class=\"elementor-element elementor-element-c0fccbc kec-table elementor-widget elementor-widget-shortcode\" data-id=\"c0fccbc\" data-element_type=\"widget\" data-widget_type=\"shortcode.default\">\n\t\t\t\t<div class=\"elementor-widget-container\">\n\t\t\t\t\t\t\t<div class=\"elementor-shortcode\">\n<table id=\"tablepress-406\" class=\"tablepress tablepress-id-406\">\n<thead>\n<tr class=\"row-1\">\n\t<th class=\"column-1\">Data<\/th><th class=\"column-2\">Descripci\u00f3n<\/th>\n<\/tr>\n<\/thead>\n<tbody>\n<tr class=\"row-2\">\n\t<td class=\"column-1\">18\/12\/2025<\/td><td class=\"column-2\">Pacto parasocial CVC e Alba a Naturgy<\/td>\n<\/tr>\n<tr class=\"row-3\">\n\t<td class=\"column-1\">08\/11\/2019<\/td><td class=\"column-2\">Pactos parasociais ou que supo\u00f1an cambio de control<\/td>\n<\/tr>\n<tr class=\"row-4\">\n\t<td class=\"column-1\">02\/08\/2019<\/td><td class=\"column-2\">Modificaci\u00f3n pacto parasocial CVC e Alba en Naturgy<\/td>\n<\/tr>\n<tr class=\"row-5\">\n\t<td class=\"column-1\">03\/10\/2018<\/td><td class=\"column-2\">Subscrici\u00f3n de pactos parasociais en relaci\u00f3n con acci\u00f3ns de Naturgy Energy Group, S.A.<\/td>\n<\/tr>\n<tr class=\"row-6\">\n\t<td class=\"column-1\">18\/05\/2018<\/td><td class=\"column-2\">Pacto parasocial CVC e Alba en Gas Natural<\/td>\n<\/tr>\n<tr class=\"row-7\">\n\t<td class=\"column-1\">18\/05\/2018<\/td><td class=\"column-2\">Peche da venda do 20,072% do capital social de Gas Natural SDG a Rioja Bidco Shareholdings, e exclusi\u00f3n de Repsol do acordo con Criteria Caixa e GIP III Canary 1 sobre Gas Natural SDG.<\/td>\n<\/tr>\n<tr class=\"row-8\">\n\t<td class=\"column-1\">21\/09\/2016<\/td><td class=\"column-2\">Criteria Caixa, S.A.U. comunica o peche da venda do 10% do capital social de Gas Natural SDG, S.A. a GIP III Canary 1, SARL e a finalizaci\u00f3n do acordo entre \"la Caixa\" e Repsol sobre Gas Natural SDG<\/td>\n<\/tr>\n<tr class=\"row-9\">\n\t<td class=\"column-1\">21\/09\/2016<\/td><td class=\"column-2\">Repsol, S.A. comunica o peche da venda do 10% do capital social de Gas Natural SDG a GIP III Canary 1 SARL e a finalizaci\u00f3n do Acordo entre Criteria Caixa e Repsol sobre Gas Natural SDG<\/td>\n<\/tr>\n<tr class=\"row-10\">\n\t<td class=\"column-1\">12\/09\/2016<\/td><td class=\"column-2\">Criteria Caixa, S.A.U comunica a venda dun 10% do capital social de Gas Natural SDG a GIP III Canary 1 SARL por un importe de 1.901.309.746 euros.<\/td>\n<\/tr>\n<tr class=\"row-11\">\n\t<td class=\"column-1\">12\/09\/2016<\/td><td class=\"column-2\">Repsol, S.A. comunica a venda dun 10% do capital social de Gas Natural SDG a GIP III Canary 1 SARL por un importe de 1.901.309.746 euros.<\/td>\n<\/tr>\n<tr class=\"row-12\">\n\t<td class=\"column-1\">13\/03\/2003<\/td><td class=\"column-2\">La Caixa e Repsol YPF expresan a s\u00faa vontade de modificar os pactos que mante\u00f1en sobre Gas Natural para adaptalos aos posibles escenarios futuros.<\/td>\n<\/tr>\n<\/tbody>\n<\/table>\n<!-- #tablepress-406 from cache --><\/div>\n\t\t\t\t\t\t<\/div>\n\t\t\t\t<\/div>\n\t\t\t\t<div class=\"elementor-element elementor-element-185c726 elementor-widget elementor-widget-text-editor\" data-id=\"185c726\" data-element_type=\"widget\" data-widget_type=\"text-editor.default\">\n\t\t\t\t<div class=\"elementor-widget-container\">\n\t\t\t\t\t\t\t\t\t<p>Podes consultar m\u00e1is informaci\u00f3n na web da <strong><a href=\"https:\/\/www.cnmv.es\/portal\/consultas\/datosentidad?nif=A08015497&amp;lang=gl\" target=\"_blank\" rel=\"noopener\">Comisi\u00f3n Nacional do Mercado de Valores (CNMV)<\/a>.\u00a0<\/strong><\/p>\t\t\t\t\t\t\t\t<\/div>\n\t\t\t\t<\/div>\n\t\t\t\t<div class=\"elementor-element elementor-element-97cd5a8 elementor-align-left elementor-widget elementor-widget-button\" data-id=\"97cd5a8\" data-element_type=\"widget\" data-widget_type=\"button.default\">\n\t\t\t\t<div class=\"elementor-widget-container\">\n\t\t\t\t\t\t\t\t\t<div class=\"elementor-button-wrapper\">\n\t\t\t\t\t<a class=\"elementor-button elementor-button-link elementor-size-sm\" href=\"https:\/\/www.cnmv.es\/portal\/consultas\/datosentidad?nif=A08015497&#038;lang=gl\" target=\"_blank\" rel=\"noopener\">\n\t\t\t\t\t\t<span class=\"elementor-button-content-wrapper\">\n\t\t\t\t\t\t\t\t\t<span class=\"elementor-button-text\">Consulta la CNMV<\/span>\n\t\t\t\t\t<\/span>\n\t\t\t\t\t<\/a>\n\t\t\t\t<\/div>\n\t\t\t\t\t\t\t\t<\/div>\n\t\t\t\t<\/div>\n\t\t\t\t\t<\/div>\n\t\t\t\t<\/div>\n\t\t\t\t<\/div>\n\t\t\t\t\t<\/div>\n\t\t<\/div>\n\t\t\t\t\t\t<\/div>\n\t\t\t\t<\/div>\n\t\t\t\t\t<\/div>\n\t\t\t\t<\/div>\n\t\t<div class=\"elementor-element elementor-element-c607b9b e-con-full e-flex e-con e-parent\" data-id=\"c607b9b\" data-element_type=\"container\">\n\t\t\t\t<div class=\"elementor-element elementor-element-6e8e3cd elementor-widget elementor-widget-spacer\" data-id=\"6e8e3cd\" data-element_type=\"widget\" data-widget_type=\"spacer.default\">\n\t\t\t\t<div class=\"elementor-widget-container\">\n\t\t\t\t\t\t\t<div class=\"elementor-spacer\">\n\t\t\t<div class=\"elementor-spacer-inner\"><\/div>\n\t\t<\/div>\n\t\t\t\t\t\t<\/div>\n\t\t\t\t<\/div>\n\t\t\t\t<\/div>\n\t\t\t\t<\/div>\n\t\t","protected":false},"excerpt":{"rendered":"<p>Dereitos de voto A marzo de 2026 Enlace a CNMV Autocarteira Situaci\u00f3n da\u00a0 autocarteira de acordo coa \u00faltima comunicaci\u00f3n remitida \u00e1 CNMV. Enlace a CNMV Pactos parasociais Pacto parasociais comunicados \u00e1 CNMV Editar Data Descripci\u00f3n 18\/12\/2025 Pacto parasocial CVC e Alba a Naturgy 08\/11\/2019 Pactos parasociais ou que supo\u00f1an cambio de control 02\/08\/2019 Modificaci\u00f3n pacto [&hellip;]<\/p>\n","protected":false},"author":5,"featured_media":0,"parent":61847,"menu_order":6,"comment_status":"closed","ping_status":"closed","template":"","meta":{"_acf_changed":false,"footnotes":""},"class_list":["post-40862","page","type-page","status-publish","hentry"],"acf":[],"_links":{"self":[{"href":"https:\/\/www.naturgy.com\/gl\/wp-json\/wp\/v2\/pages\/40862","targetHints":{"allow":["GET"]}}],"collection":[{"href":"https:\/\/www.naturgy.com\/gl\/wp-json\/wp\/v2\/pages"}],"about":[{"href":"https:\/\/www.naturgy.com\/gl\/wp-json\/wp\/v2\/types\/page"}],"author":[{"embeddable":true,"href":"https:\/\/www.naturgy.com\/gl\/wp-json\/wp\/v2\/users\/5"}],"replies":[{"embeddable":true,"href":"https:\/\/www.naturgy.com\/gl\/wp-json\/wp\/v2\/comments?post=40862"}],"version-history":[{"count":30,"href":"https:\/\/www.naturgy.com\/gl\/wp-json\/wp\/v2\/pages\/40862\/revisions"}],"predecessor-version":[{"id":140272,"href":"https:\/\/www.naturgy.com\/gl\/wp-json\/wp\/v2\/pages\/40862\/revisions\/140272"}],"up":[{"embeddable":true,"href":"https:\/\/www.naturgy.com\/gl\/wp-json\/wp\/v2\/pages\/61847"}],"wp:attachment":[{"href":"https:\/\/www.naturgy.com\/gl\/wp-json\/wp\/v2\/media?parent=40862"}],"curies":[{"name":"wp","href":"https:\/\/api.w.org\/{rel}","templated":true}]}}