{"id":41186,"date":"2023-01-20T15:48:12","date_gmt":"2023-01-20T14:48:12","guid":{"rendered":"https:\/\/www.naturgy.com\/cambio-climatico-y-transicion-energetica\/"},"modified":"2026-03-26T11:30:08","modified_gmt":"2026-03-26T10:30:08","slug":"cambio-climatico-e-transicion-enerxetica","status":"publish","type":"page","link":"https:\/\/www.naturgy.com\/gl\/sustenibilidade\/medio-ambiente\/cambio-climatico-e-transicion-enerxetica\/","title":{"rendered":"Cambio clim\u00e1tico e transici\u00f3n enerx\u00e9tica"},"content":{"rendered":"\t\t<div data-elementor-type=\"wp-page\" data-elementor-id=\"41186\" class=\"elementor elementor-41186 elementor-12499\" data-elementor-post-type=\"page\">\n\t\t\t\t<div class=\"elementor-element elementor-element-46b9f872 e-flex e-con-boxed e-con e-parent\" data-id=\"46b9f872\" data-element_type=\"container\">\n\t\t\t\t\t<div class=\"e-con-inner\">\n\t\t<div class=\"elementor-element elementor-element-75839e01 e-con-full e-flex e-con e-child\" data-id=\"75839e01\" data-element_type=\"container\">\n\t\t\t\t<div class=\"elementor-element elementor-element-1b086361 elementor-widget elementor-widget-shortcode\" data-id=\"1b086361\" data-element_type=\"widget\" data-widget_type=\"shortcode.default\">\n\t\t\t\t<div class=\"elementor-widget-container\">\n\t\t\t\t\t\t\t<div class=\"elementor-shortcode\"><nav aria-label=\"breadcrumbs\" class=\"rank-math-breadcrumb\"><p><span class=\"last\">Comeza<\/span><\/p><\/nav><\/div>\n\t\t\t\t\t\t<\/div>\n\t\t\t\t<\/div>\n\t\t\t\t<div class=\"elementor-element elementor-element-25f9ca79 elementor-widget elementor-widget-heading\" data-id=\"25f9ca79\" data-element_type=\"widget\" data-widget_type=\"heading.default\">\n\t\t\t\t<div class=\"elementor-widget-container\">\n\t\t\t\t\t<h1 class=\"elementor-heading-title elementor-size-default\">Cambio clim\u00e1tico e transici\u00f3n enerx\u00e9tica<\/h1>\t\t\t\t<\/div>\n\t\t\t\t<\/div>\n\t\t\t\t<\/div>\n\t\t<div class=\"elementor-element elementor-element-665caf7b e-con-full e-flex e-con e-child\" data-id=\"665caf7b\" data-element_type=\"container\">\n\t\t\t\t<div class=\"elementor-element elementor-element-642e9783 elementor-widget elementor-widget-spacer\" data-id=\"642e9783\" data-element_type=\"widget\" data-widget_type=\"spacer.default\">\n\t\t\t\t<div class=\"elementor-widget-container\">\n\t\t\t\t\t\t\t<div class=\"elementor-spacer\">\n\t\t\t<div class=\"elementor-spacer-inner\"><\/div>\n\t\t<\/div>\n\t\t\t\t\t\t<\/div>\n\t\t\t\t<\/div>\n\t\t\t\t<div class=\"elementor-element elementor-element-30020d72 elementor-widget elementor-widget-image\" data-id=\"30020d72\" data-element_type=\"widget\" data-widget_type=\"image.default\">\n\t\t\t\t<div class=\"elementor-widget-container\">\n\t\t\t\t\t\t\t\t\t\t\t\t<figure class=\"wp-caption\">\n\t\t\t\t\t\t\t\t\t\t<img fetchpriority=\"high\" decoding=\"async\" width=\"2048\" height=\"719\" src=\"https:\/\/www.naturgy.com\/\/app\/uploads\/2023\/03\/Dia-Mundial-del-Medio-Ambiente-2048x719-64240be103ad1.png\" class=\"attachment-full size-full wp-image-58414\" alt=\"\" srcset=\"https:\/\/www.naturgy.com\/\/app\/uploads\/2023\/03\/Dia-Mundial-del-Medio-Ambiente-2048x719-64240be103ad1.png 2048w, https:\/\/www.naturgy.com\/\/app\/uploads\/2023\/03\/Dia-Mundial-del-Medio-Ambiente-2048x719-64240be103ad1-300x105.png 300w, https:\/\/www.naturgy.com\/\/app\/uploads\/2023\/03\/Dia-Mundial-del-Medio-Ambiente-2048x719-64240be103ad1-1024x360.png 1024w, https:\/\/www.naturgy.com\/\/app\/uploads\/2023\/03\/Dia-Mundial-del-Medio-Ambiente-2048x719-64240be103ad1-768x270.png 768w, https:\/\/www.naturgy.com\/\/app\/uploads\/2023\/03\/Dia-Mundial-del-Medio-Ambiente-2048x719-64240be103ad1-1536x539.png 1536w\" sizes=\"(max-width: 2048px) 100vw, 2048px\" \/>\t\t\t\t\t\t\t\t\t\t\t<figcaption class=\"widget-image-caption wp-caption-text\"><\/figcaption>\n\t\t\t\t\t\t\t\t\t\t<\/figure>\n\t\t\t\t\t\t\t\t\t<\/div>\n\t\t\t\t<\/div>\n\t\t\t\t<\/div>\n\t\t\t\t\t<\/div>\n\t\t\t\t<\/div>\n\t\t<div class=\"elementor-element elementor-element-531d8fc e-flex e-con-boxed e-con e-parent\" data-id=\"531d8fc\" data-element_type=\"container\">\n\t\t\t\t\t<div class=\"e-con-inner\">\n\t\t\t\t<div class=\"elementor-element elementor-element-1884e2b elementor-widget elementor-widget-spacer\" data-id=\"1884e2b\" data-element_type=\"widget\" data-widget_type=\"spacer.default\">\n\t\t\t\t<div class=\"elementor-widget-container\">\n\t\t\t\t\t\t\t<div class=\"elementor-spacer\">\n\t\t\t<div class=\"elementor-spacer-inner\"><\/div>\n\t\t<\/div>\n\t\t\t\t\t\t<\/div>\n\t\t\t\t<\/div>\n\t\t\t\t\t<\/div>\n\t\t\t\t<\/div>\n\t\t<div class=\"elementor-element elementor-element-7ee36c7b elementor-hidden-desktop elementor-hidden-tablet elementor-hidden-mobile e-flex e-con-boxed e-con e-parent\" data-id=\"7ee36c7b\" data-element_type=\"container\">\n\t\t\t\t\t<div class=\"e-con-inner\">\n\t\t\t\t<div class=\"elementor-element elementor-element-72c12b4c e-n-tabs-tablet elementor-widget elementor-widget-n-tabs\" data-id=\"72c12b4c\" data-element_type=\"widget\" data-settings=\"{&quot;tabs_justify_horizontal&quot;:&quot;start&quot;,&quot;horizontal_scroll&quot;:&quot;disable&quot;}\" data-widget_type=\"nested-tabs.default\">\n\t\t\t\t<div class=\"elementor-widget-container\">\n\t\t\t\t\t\t\t<div class=\"e-n-tabs\" data-widget-number=\"1925262156\" aria-label=\"Tabs. Open items with Enter or Space, close with Escape and navigate using the Arrow keys.\">\n\t\t\t<div class=\"e-n-tabs-heading\" role=\"tablist\">\n\t\t\t\t\t<button id=\"e-n-tab-title-19252621561\" data-tab-title-id=\"e-n-tab-title-19252621561\" class=\"e-n-tab-title\" aria-selected=\"true\" data-tab-index=\"1\" role=\"tab\" tabindex=\"0\" aria-controls=\"e-n-tab-content-19252621561\" style=\"--n-tabs-title-order: 1;\">\n\t\t\t\t\t<span class=\"e-n-tab-icon\">\n\t\t\t<i aria-hidden=\"true\" class=\"fas fa-angle-down\"><\/i>\t\t\t<i aria-hidden=\"true\" class=\"fas fa-angle-down\"><\/i>\t\t<\/span>\n\t\t\t\t\t<span class=\"e-n-tab-title-text\">\n\t\t\t\tOs nosos compromisos\t\t\t<\/span>\n\t\t<\/button>\n\t\t\t\t<button id=\"e-n-tab-title-19252621562\" data-tab-title-id=\"e-n-tab-title-19252621562\" class=\"e-n-tab-title\" aria-selected=\"false\" data-tab-index=\"2\" role=\"tab\" tabindex=\"-1\" aria-controls=\"e-n-tab-content-19252621562\" style=\"--n-tabs-title-order: 2;\">\n\t\t\t\t\t<span class=\"e-n-tab-icon\">\n\t\t\t<i aria-hidden=\"true\" class=\"fas fa-angle-down\"><\/i>\t\t\t<i aria-hidden=\"true\" class=\"fas fa-angle-down\"><\/i>\t\t<\/span>\n\t\t\t\t\t<span class=\"e-n-tab-title-text\">\n\t\t\t\tComo o facemos\t\t\t<\/span>\n\t\t<\/button>\n\t\t\t\t\t<\/div>\n\t\t\t<div class=\"e-n-tabs-content\">\n\t\t\t\t<div id=\"e-n-tab-content-19252621561\" role=\"tabpanel\" aria-labelledby=\"e-n-tab-title-19252621561\" data-tab-index=\"1\" style=\"--n-tabs-title-order: 1;\" class=\"e-active elementor-element elementor-element-1da0ee30 e-con-full e-flex e-con e-child\" data-id=\"1da0ee30\" data-element_type=\"container\">\n\t\t\t\t<div class=\"elementor-element elementor-element-38b8c47 elementor-widget elementor-widget-text-editor\" data-id=\"38b8c47\" data-element_type=\"widget\" data-widget_type=\"text-editor.default\">\n\t\t\t\t<div class=\"elementor-widget-container\">\n\t\t\t\t\t\t\t\t\t<ul><li>Alcanzar a neutralidade clim\u00e1tica como moi tarde en 2050 a trav\u00e9s da reduci\u00f3n do total das emisi\u00f3ns alcance 1, 2 e 3, establecendo obxectivos intermedios ali\u00f1ados coas sendas de reduci\u00f3n 1,5 \u00baC-2 \u00baC do Acordo de Par\u00eds.<\/li><\/ul><p>\u00a0<\/p><ul><li>Ali\u00f1ar os novos investimentos coas metas do Acordo de Par\u00eds, promovendo as enerx\u00edas renovables e descarbonizadas, o aforro e a eficiencia enerx\u00e9tica e a adaptaci\u00f3n clim\u00e1tica.<\/li><\/ul><p>\u00a0<\/p><ul><li>Publicar anualmente a pegada de carbono en todos os seus alcances, verificada por un terceiro independente, establecendo sistemas de seguimento e reduci\u00f3n das emisi\u00f3ns.<\/li><\/ul><p>\u00a0<\/p><ul><li>Integrar a variable clim\u00e1tica na xesti\u00f3n de riscos e oportunidades e na planificaci\u00f3n estrat\u00e9xica, de acordo coas recomendaci\u00f3ns do Task Force on Climate-related Financial Disclosure (TCFD).<\/li><\/ul><p>\u00a0<\/p><ul><li>Apoiar as negociaci\u00f3ns internacionais de cambio clim\u00e1tico e os mecanismos de mercado que impulsen o desenvolvemento das tecnolox\u00edas m\u00e1is adecuadas en cada etapa da transici\u00f3n enerx\u00e9tica.<\/li><\/ul><p>\u00a0<\/p><ul><li>Impulsar directamente, e a trav\u00e9s de alianzas con outros actores, pol\u00edticas clim\u00e1ticas ali\u00f1adas co Acordo de Par\u00eds, asegurando a permanencia unicamente nas entidades que cumpran con este criterio e publicando anualmente a listaxe destas.<\/li><\/ul><p>\u00a0<\/p><ul><li>Impulsar a descarbonizaci\u00f3n en li\u00f1a cos principios de transici\u00f3n xusta e involucrar \u00e1 cadea de subministraci\u00f3n, promovendo acci\u00f3ns que reduzan a pegada de carbono das empresas colaboradoras.<\/li><\/ul><p>\u00a0<\/p><div>.<\/div>\t\t\t\t\t\t\t\t<\/div>\n\t\t\t\t<\/div>\n\t\t\t\t<\/div>\n\t\t<div id=\"e-n-tab-content-19252621562\" role=\"tabpanel\" aria-labelledby=\"e-n-tab-title-19252621562\" data-tab-index=\"2\" style=\"--n-tabs-title-order: 2;\" class=\" elementor-element elementor-element-09e2e76 e-con-full e-flex e-con e-child\" data-id=\"09e2e76\" data-element_type=\"container\">\n\t\t\t\t<div class=\"elementor-element elementor-element-3e16893 elementor-widget elementor-widget-text-editor\" data-id=\"3e16893\" data-element_type=\"widget\" data-widget_type=\"text-editor.default\">\n\t\t\t\t<div class=\"elementor-widget-container\">\n\t\t\t\t\t\t\t\t\t<ul><li>Constru\u00edmos novos proxectos de xeraci\u00f3n de electricidade renovable para conseguir unha potencia renovable instalada arredor do 50 % en 2025. .\u00a0<\/li><\/ul><ul><li>Impulsamos a mobilidade el\u00e9ctrica e a gas para mellorar a calidade do aire e a sa\u00fade nas cidades.<\/li><\/ul><ul><li>\u00a0Proporcionamos aos nosos clientes servizos enerx\u00e9ticos que lles axuden a aforrar na s\u00faa factura e a reducir o cambio clim\u00e1tico.\u00a0<\/li><\/ul><ul><li>\u00a0Reducimos as emisi\u00f3ns fuxitivas nas nosas redes de gas, mediante a renovaci\u00f3n de materiais e a implantaci\u00f3n de melloras tecnol\u00f3xicas e operativas.\u00a0<\/li><\/ul><ul><li>Establecemos obxectivos de reduci\u00f3n de emisi\u00f3ns de gases de efecto invernadoiro ali\u00f1ados coa ciencia.<\/li><\/ul><ul><li>Seguimos as recomendaci\u00f3ns do Task Force on Climate-Related Financial Disclosure (TCFD).<\/li><\/ul><ul><li>\u00a0Colaboramos coas Administraci\u00f3ns p\u00fablicas, asociaci\u00f3ns e outras entidades para a creaci\u00f3n e difusi\u00f3n de co\u00f1ecemento t\u00e9cnico co fin de reducir o cambio clim\u00e1tico participando activamente nos cumios internacionais de cambio clim\u00e1tico (COP).\u00a0<\/li><\/ul>\t\t\t\t\t\t\t\t<\/div>\n\t\t\t\t<\/div>\n\t\t\t\t<\/div>\n\t\t\t\t\t<\/div>\n\t\t<\/div>\n\t\t\t\t\t\t<\/div>\n\t\t\t\t<\/div>\n\t\t\t\t\t<\/div>\n\t\t\t\t<\/div>\n\t\t<div class=\"elementor-element elementor-element-e2d3e80 e-flex e-con-boxed e-con e-parent\" data-id=\"e2d3e80\" data-element_type=\"container\">\n\t\t\t\t\t<div class=\"e-con-inner\">\n\t\t\t\t<div class=\"elementor-element elementor-element-ede96d1 elementor-widget elementor-widget-spacer\" data-id=\"ede96d1\" data-element_type=\"widget\" data-widget_type=\"spacer.default\">\n\t\t\t\t<div class=\"elementor-widget-container\">\n\t\t\t\t\t\t\t<div class=\"elementor-spacer\">\n\t\t\t<div class=\"elementor-spacer-inner\"><\/div>\n\t\t<\/div>\n\t\t\t\t\t\t<\/div>\n\t\t\t\t<\/div>\n\t\t\t\t\t<\/div>\n\t\t\t\t<\/div>\n\t\t<div class=\"elementor-element elementor-element-8f76cfc e-flex e-con-boxed e-con e-parent\" data-id=\"8f76cfc\" data-element_type=\"container\">\n\t\t\t\t\t<div class=\"e-con-inner\">\n\t\t\t\t<div class=\"elementor-element elementor-element-bcf19f7 elementor-widget elementor-widget-heading\" data-id=\"bcf19f7\" data-element_type=\"widget\" data-widget_type=\"heading.default\">\n\t\t\t\t<div class=\"elementor-widget-container\">\n\t\t\t\t\t<h2 class=\"elementor-heading-title elementor-size-default\">Feitos que avalan o noso compromiso<\/h2>\t\t\t\t<\/div>\n\t\t\t\t<\/div>\n\t\t\t\t\t<\/div>\n\t\t\t\t<\/div>\n\t\t<div class=\"elementor-element elementor-element-14bd124 e-flex e-con-boxed e-con e-parent\" data-id=\"14bd124\" data-element_type=\"container\">\n\t\t\t\t\t<div class=\"e-con-inner\">\n\t\t\t\t<div class=\"elementor-element elementor-element-8736625 elementor-widget elementor-widget-spacer\" data-id=\"8736625\" data-element_type=\"widget\" data-widget_type=\"spacer.default\">\n\t\t\t\t<div class=\"elementor-widget-container\">\n\t\t\t\t\t\t\t<div class=\"elementor-spacer\">\n\t\t\t<div class=\"elementor-spacer-inner\"><\/div>\n\t\t<\/div>\n\t\t\t\t\t\t<\/div>\n\t\t\t\t<\/div>\n\t\t\t\t<div class=\"elementor-element elementor-element-dc78b33 elementor-widget elementor-widget-image\" data-id=\"dc78b33\" data-element_type=\"widget\" data-widget_type=\"image.default\">\n\t\t\t\t<div class=\"elementor-widget-container\">\n\t\t\t\t\t\t\t\t\t\t\t\t\t\t\t<img decoding=\"async\" width=\"1140\" height=\"520\" src=\"https:\/\/stproportalcorporativo.blob.core.windows.net\/uploads\/2026\/03\/Cambio_Climatico_26_GA.png\" class=\"attachment-1536x1536 size-1536x1536 wp-image-142226\" alt=\"\" srcset=\"https:\/\/stproportalcorporativo.blob.core.windows.net\/uploads\/2026\/03\/Cambio_Climatico_26_GA.png 1140w, https:\/\/stproportalcorporativo.blob.core.windows.net\/uploads\/2026\/03\/Cambio_Climatico_26_GA-300x137.png 300w, https:\/\/stproportalcorporativo.blob.core.windows.net\/uploads\/2026\/03\/Cambio_Climatico_26_GA-1024x467.png 1024w, https:\/\/stproportalcorporativo.blob.core.windows.net\/uploads\/2026\/03\/Cambio_Climatico_26_GA-768x350.png 768w\" sizes=\"(max-width: 1140px) 100vw, 1140px\" \/>\t\t\t\t\t\t\t\t\t\t\t\t\t\t\t<\/div>\n\t\t\t\t<\/div>\n\t\t\t\t\t<\/div>\n\t\t\t\t<\/div>\n\t\t<div class=\"elementor-element elementor-element-81fdb37 e-flex e-con-boxed e-con e-parent\" data-id=\"81fdb37\" data-element_type=\"container\">\n\t\t\t\t\t<div class=\"e-con-inner\">\n\t\t\t\t<div class=\"elementor-element elementor-element-a5e47f7 elementor-widget elementor-widget-image\" data-id=\"a5e47f7\" data-element_type=\"widget\" data-widget_type=\"image.default\">\n\t\t\t\t<div class=\"elementor-widget-container\">\n\t\t\t\t\t\t\t\t\t\t\t\t\t\t\t<img decoding=\"async\" width=\"1\" height=\"1\" src=\"https:\/\/www.naturgy.com\/\/app\/uploads\/2023\/02\/cambio_climatico_ES-2.svg\" class=\"attachment-1536x1536 size-1536x1536 wp-image-23028\" alt=\"\" \/>\t\t\t\t\t\t\t\t\t\t\t\t\t\t\t<\/div>\n\t\t\t\t<\/div>\n\t\t\t\t\t<\/div>\n\t\t\t\t<\/div>\n\t\t<div class=\"elementor-element elementor-element-f719b0c e-flex e-con-boxed e-con e-parent\" data-id=\"f719b0c\" data-element_type=\"container\">\n\t\t\t\t\t<div class=\"e-con-inner\">\n\t\t\t\t<div class=\"elementor-element elementor-element-5ad7c5e elementor-widget elementor-widget-text-editor\" data-id=\"5ad7c5e\" data-element_type=\"widget\" data-widget_type=\"text-editor.default\">\n\t\t\t\t<div class=\"elementor-widget-container\">\n\t\t\t\t\t\t\t\t\t<div>* Dato 2025<br \/>** Evoluci\u00f3n en 2025 respecto a 2017<\/div>\t\t\t\t\t\t\t\t<\/div>\n\t\t\t\t<\/div>\n\t\t\t\t\t<\/div>\n\t\t\t\t<\/div>\n\t\t<div class=\"elementor-element elementor-element-be33697 e-flex e-con-boxed e-con e-parent\" data-id=\"be33697\" data-element_type=\"container\">\n\t\t\t\t\t<div class=\"e-con-inner\">\n\t\t\t\t<div class=\"elementor-element elementor-element-1e8861d elementor-widget elementor-widget-spacer\" data-id=\"1e8861d\" data-element_type=\"widget\" data-widget_type=\"spacer.default\">\n\t\t\t\t<div class=\"elementor-widget-container\">\n\t\t\t\t\t\t\t<div class=\"elementor-spacer\">\n\t\t\t<div class=\"elementor-spacer-inner\"><\/div>\n\t\t<\/div>\n\t\t\t\t\t\t<\/div>\n\t\t\t\t<\/div>\n\t\t\t\t\t<\/div>\n\t\t\t\t<\/div>\n\t\t<div class=\"elementor-element elementor-element-1eec8c9 e-flex e-con-boxed e-con e-parent\" data-id=\"1eec8c9\" data-element_type=\"container\">\n\t\t\t\t\t<div class=\"e-con-inner\">\n\t\t\t\t<div class=\"elementor-element elementor-element-2f69f23 elementor-widget elementor-widget-heading\" data-id=\"2f69f23\" data-element_type=\"widget\" data-widget_type=\"heading.default\">\n\t\t\t\t<div class=\"elementor-widget-container\">\n\t\t\t\t\t<h2 class=\"elementor-heading-title elementor-size-default\">Selos<\/h2>\t\t\t\t<\/div>\n\t\t\t\t<\/div>\n\t\t\t\t\t<\/div>\n\t\t\t\t<\/div>\n\t\t<div class=\"elementor-element elementor-element-3273e06 e-flex e-con-boxed e-con e-parent\" data-id=\"3273e06\" data-element_type=\"container\">\n\t\t\t\t\t<div class=\"e-con-inner\">\n\t\t\t\t<div class=\"elementor-element elementor-element-65ce0a5 elementor-widget elementor-widget-spacer\" data-id=\"65ce0a5\" data-element_type=\"widget\" data-widget_type=\"spacer.default\">\n\t\t\t\t<div class=\"elementor-widget-container\">\n\t\t\t\t\t\t\t<div class=\"elementor-spacer\">\n\t\t\t<div class=\"elementor-spacer-inner\"><\/div>\n\t\t<\/div>\n\t\t\t\t\t\t<\/div>\n\t\t\t\t<\/div>\n\t\t\t\t\t<\/div>\n\t\t\t\t<\/div>\n\t\t<div class=\"elementor-element elementor-element-e799cae grid col-3 e-flex e-con-boxed e-con e-parent\" data-id=\"e799cae\" data-element_type=\"container\">\n\t\t\t\t\t<div class=\"e-con-inner\">\n\t\t<div class=\"elementor-element elementor-element-0f13d79 e-con-full e-flex e-con e-child\" data-id=\"0f13d79\" data-element_type=\"container\">\n\t\t\t\t<div class=\"elementor-element elementor-element-09390e2 elementor-widget elementor-widget-image\" data-id=\"09390e2\" data-element_type=\"widget\" data-widget_type=\"image.default\">\n\t\t\t\t<div class=\"elementor-widget-container\">\n\t\t\t\t\t\t\t\t\t\t\t\t\t\t\t<img loading=\"lazy\" decoding=\"async\" width=\"768\" height=\"364\" src=\"https:\/\/www.naturgy.com\/\/app\/uploads\/2026\/03\/climate-cdp-2025-768x364-1-768x364.png\" class=\"attachment-medium_large size-medium_large wp-image-141272\" alt=\"\" srcset=\"https:\/\/www.naturgy.com\/\/app\/uploads\/2026\/03\/climate-cdp-2025-768x364-1-768x364.png 768w, https:\/\/www.naturgy.com\/\/app\/uploads\/2026\/03\/climate-cdp-2025-768x364-1-300x142.png 300w, https:\/\/www.naturgy.com\/\/app\/uploads\/2026\/03\/climate-cdp-2025-768x364-1.png 774w\" sizes=\"(max-width: 768px) 100vw, 768px\" \/>\t\t\t\t\t\t\t\t\t\t\t\t\t\t\t<\/div>\n\t\t\t\t<\/div>\n\t\t\t\t<div class=\"elementor-element elementor-element-58b0feb elementor-widget elementor-widget-heading\" data-id=\"58b0feb\" data-element_type=\"widget\" data-widget_type=\"heading.default\">\n\t\t\t\t<div class=\"elementor-widget-container\">\n\t\t\t\t\t<div class=\"elementor-heading-title elementor-size-default\">Formamos parte do \u00edndice desde 2009 e moitos anos fomos reco\u00f1ecidos nos postos de liderado.\n<\/div>\t\t\t\t<\/div>\n\t\t\t\t<\/div>\n\t\t\t\t<\/div>\n\t\t<div class=\"elementor-element elementor-element-47625bdc e-con-full e-flex e-con e-child\" data-id=\"47625bdc\" data-element_type=\"container\">\n\t\t\t\t<div class=\"elementor-element elementor-element-64be364f elementor-widget elementor-widget-image\" data-id=\"64be364f\" data-element_type=\"widget\" data-widget_type=\"image.default\">\n\t\t\t\t<div class=\"elementor-widget-container\">\n\t\t\t\t\t\t\t\t\t\t\t\t\t\t\t<img loading=\"lazy\" decoding=\"async\" width=\"768\" height=\"364\" src=\"https:\/\/www.naturgy.com\/\/app\/uploads\/2026\/03\/calculo_2024-768x364-1.png\" class=\"attachment-medium_large size-medium_large wp-image-141276\" alt=\"\" srcset=\"https:\/\/www.naturgy.com\/\/app\/uploads\/2026\/03\/calculo_2024-768x364-1.png 768w, https:\/\/www.naturgy.com\/\/app\/uploads\/2026\/03\/calculo_2024-768x364-1-300x142.png 300w\" sizes=\"(max-width: 768px) 100vw, 768px\" \/>\t\t\t\t\t\t\t\t\t\t\t\t\t\t\t<\/div>\n\t\t\t\t<\/div>\n\t\t\t\t<div class=\"elementor-element elementor-element-10353af1 elementor-widget elementor-widget-heading\" data-id=\"10353af1\" data-element_type=\"widget\" data-widget_type=\"heading.default\">\n\t\t\t\t<div class=\"elementor-widget-container\">\n\t\t\t\t\t<div class=\"elementor-heading-title elementor-size-default\">O Calculo: o Ministerio para a Transici\u00f3n Ecol\u00f3xica outorgounos este selo, que distingue as organizaci\u00f3ns que calculan a s\u00faa pegada de carbono e se encontran na senda de reducir as s\u00faas emisi\u00f3ns.  <\/div>\t\t\t\t<\/div>\n\t\t\t\t<\/div>\n\t\t\t\t<\/div>\n\t\t\t\t\t<\/div>\n\t\t\t\t<\/div>\n\t\t<div class=\"elementor-element elementor-element-393c16a e-flex e-con-boxed e-con e-parent\" data-id=\"393c16a\" data-element_type=\"container\">\n\t\t\t\t\t<div class=\"e-con-inner\">\n\t\t\t\t<div class=\"elementor-element elementor-element-3e2ded5 elementor-widget elementor-widget-spacer\" data-id=\"3e2ded5\" data-element_type=\"widget\" data-widget_type=\"spacer.default\">\n\t\t\t\t<div class=\"elementor-widget-container\">\n\t\t\t\t\t\t\t<div class=\"elementor-spacer\">\n\t\t\t<div class=\"elementor-spacer-inner\"><\/div>\n\t\t<\/div>\n\t\t\t\t\t\t<\/div>\n\t\t\t\t<\/div>\n\t\t\t\t\t<\/div>\n\t\t\t\t<\/div>\n\t\t<div class=\"elementor-element elementor-element-1b6645d e-flex e-con-boxed e-con e-parent\" data-id=\"1b6645d\" data-element_type=\"container\">\n\t\t\t\t\t<div class=\"e-con-inner\">\n\t\t\t\t<div class=\"elementor-element elementor-element-53d8852 elementor-widget elementor-widget-heading\" data-id=\"53d8852\" data-element_type=\"widget\" data-widget_type=\"heading.default\">\n\t\t\t\t<div class=\"elementor-widget-container\">\n\t\t\t\t\t<h2 class=\"elementor-heading-title elementor-size-default\">Alianzas<\/h2>\t\t\t\t<\/div>\n\t\t\t\t<\/div>\n\t\t\t\t\t<\/div>\n\t\t\t\t<\/div>\n\t\t<div class=\"elementor-element elementor-element-ed15d0c e-flex e-con-boxed e-con e-parent\" data-id=\"ed15d0c\" data-element_type=\"container\">\n\t\t\t\t\t<div class=\"e-con-inner\">\n\t\t\t\t<div class=\"elementor-element elementor-element-3b331d5 elementor-widget elementor-widget-spacer\" data-id=\"3b331d5\" data-element_type=\"widget\" data-widget_type=\"spacer.default\">\n\t\t\t\t<div class=\"elementor-widget-container\">\n\t\t\t\t\t\t\t<div class=\"elementor-spacer\">\n\t\t\t<div class=\"elementor-spacer-inner\"><\/div>\n\t\t<\/div>\n\t\t\t\t\t\t<\/div>\n\t\t\t\t<\/div>\n\t\t\t\t\t<\/div>\n\t\t\t\t<\/div>\n\t\t<div class=\"elementor-element elementor-element-16d1e7a grid col-3 e-flex e-con-boxed e-con e-parent\" data-id=\"16d1e7a\" data-element_type=\"container\">\n\t\t\t\t\t<div class=\"e-con-inner\">\n\t\t<div class=\"elementor-element elementor-element-0197b0b e-con-full e-flex e-con e-child\" data-id=\"0197b0b\" data-element_type=\"container\">\n\t\t\t\t<div class=\"elementor-element elementor-element-d982dbf elementor-widget elementor-widget-image\" data-id=\"d982dbf\" data-element_type=\"widget\" data-widget_type=\"image.default\">\n\t\t\t\t<div class=\"elementor-widget-container\">\n\t\t\t\t\t\t\t\t\t\t\t\t\t\t\t<img loading=\"lazy\" decoding=\"async\" width=\"768\" height=\"364\" src=\"https:\/\/www.naturgy.com\/\/app\/uploads\/2025\/06\/Cluster-Cambio-climatico-1-768x364.png\" class=\"attachment-medium_large size-medium_large wp-image-126324\" alt=\"\" srcset=\"https:\/\/www.naturgy.com\/\/app\/uploads\/2025\/06\/Cluster-Cambio-climatico-1-768x364.png 768w, https:\/\/www.naturgy.com\/\/app\/uploads\/2025\/06\/Cluster-Cambio-climatico-1-300x142.png 300w, https:\/\/www.naturgy.com\/\/app\/uploads\/2025\/06\/Cluster-Cambio-climatico-1-1024x485.png 1024w, https:\/\/www.naturgy.com\/\/app\/uploads\/2025\/06\/Cluster-Cambio-climatico-1.png 1360w\" sizes=\"(max-width: 768px) 100vw, 768px\" \/>\t\t\t\t\t\t\t\t\t\t\t\t\t\t\t<\/div>\n\t\t\t\t<\/div>\n\t\t\t\t<div class=\"elementor-element elementor-element-48c7c1b elementor-widget elementor-widget-heading\" data-id=\"48c7c1b\" data-element_type=\"widget\" data-widget_type=\"heading.default\">\n\t\t\t\t<div class=\"elementor-widget-container\">\n\t\t\t\t\t<div class=\"elementor-heading-title elementor-size-default\">Lideramos o Cl\u00faster de Cambio Clim\u00e1tico de For\u00e9tica, que \u00e9 a plataforma empresarial de referencia en Espa\u00f1a en materia de cambio clim\u00e1tico.<\/div>\t\t\t\t<\/div>\n\t\t\t\t<\/div>\n\t\t\t\t<div class=\"elementor-element elementor-element-f0f0494 has-icon elementor-widget elementor-widget-text-editor\" data-id=\"f0f0494\" data-element_type=\"widget\" data-widget_type=\"text-editor.default\">\n\t\t\t\t<div class=\"elementor-widget-container\">\n\t\t\t\t\t\t\t\t\t<p><a href=\"https:\/\/foretica.org\/proyectos-y-soluciones\/cluster-de-cambio-climatico-2\/\" target=\"_blank\" rel=\"noopener\">Cl\u00faster de cambio clim\u00e1tico de For\u00e9tica<\/a><\/p>\t\t\t\t\t\t\t\t<\/div>\n\t\t\t\t<\/div>\n\t\t\t\t<\/div>\n\t\t\t\t\t<\/div>\n\t\t\t\t<\/div>\n\t\t<div class=\"elementor-element elementor-element-1b49e95 e-flex e-con-boxed e-con e-parent\" data-id=\"1b49e95\" data-element_type=\"container\">\n\t\t\t\t\t<div class=\"e-con-inner\">\n\t\t\t\t<div class=\"elementor-element elementor-element-50c8df1 elementor-widget elementor-widget-spacer\" data-id=\"50c8df1\" data-element_type=\"widget\" data-widget_type=\"spacer.default\">\n\t\t\t\t<div class=\"elementor-widget-container\">\n\t\t\t\t\t\t\t<div class=\"elementor-spacer\">\n\t\t\t<div class=\"elementor-spacer-inner\"><\/div>\n\t\t<\/div>\n\t\t\t\t\t\t<\/div>\n\t\t\t\t<\/div>\n\t\t\t\t\t<\/div>\n\t\t\t\t<\/div>\n\t\t\t\t<\/div>\n\t\t","protected":false},"excerpt":{"rendered":"<p>Os nosos compromisos Como o facemos Alcanzar a neutralidade clim\u00e1tica como moi tarde en 2050 a trav\u00e9s da reduci\u00f3n do total das emisi\u00f3ns alcance 1, 2 e 3, establecendo obxectivos intermedios ali\u00f1ados coas sendas de reduci\u00f3n 1,5 \u00baC-2 \u00baC do Acordo de Par\u00eds. \u00a0 Ali\u00f1ar os novos investimentos coas metas do Acordo de Par\u00eds, promovendo [&hellip;]<\/p>\n","protected":false},"author":5,"featured_media":0,"parent":59786,"menu_order":1,"comment_status":"closed","ping_status":"closed","template":"","meta":{"_acf_changed":false,"footnotes":""},"class_list":["post-41186","page","type-page","status-publish","hentry"],"acf":[],"_links":{"self":[{"href":"https:\/\/www.naturgy.com\/gl\/wp-json\/wp\/v2\/pages\/41186","targetHints":{"allow":["GET"]}}],"collection":[{"href":"https:\/\/www.naturgy.com\/gl\/wp-json\/wp\/v2\/pages"}],"about":[{"href":"https:\/\/www.naturgy.com\/gl\/wp-json\/wp\/v2\/types\/page"}],"author":[{"embeddable":true,"href":"https:\/\/www.naturgy.com\/gl\/wp-json\/wp\/v2\/users\/5"}],"replies":[{"embeddable":true,"href":"https:\/\/www.naturgy.com\/gl\/wp-json\/wp\/v2\/comments?post=41186"}],"version-history":[{"count":30,"href":"https:\/\/www.naturgy.com\/gl\/wp-json\/wp\/v2\/pages\/41186\/revisions"}],"predecessor-version":[{"id":142232,"href":"https:\/\/www.naturgy.com\/gl\/wp-json\/wp\/v2\/pages\/41186\/revisions\/142232"}],"up":[{"embeddable":true,"href":"https:\/\/www.naturgy.com\/gl\/wp-json\/wp\/v2\/pages\/59786"}],"wp:attachment":[{"href":"https:\/\/www.naturgy.com\/gl\/wp-json\/wp\/v2\/media?parent=41186"}],"curies":[{"name":"wp","href":"https:\/\/api.w.org\/{rel}","templated":true}]}}