{"id":41213,"date":"2023-01-20T15:33:59","date_gmt":"2023-01-20T14:33:59","guid":{"rendered":"https:\/\/www.naturgy.com\/economia-circular-y-ecoeficiencia\/"},"modified":"2026-03-26T11:37:01","modified_gmt":"2026-03-26T10:37:01","slug":"economia-circular-e-ecoeficiencia","status":"publish","type":"page","link":"https:\/\/www.naturgy.com\/gl\/sustenibilidade\/medio-ambiente\/economia-circular-e-ecoeficiencia\/","title":{"rendered":"Econom\u00eda circular e ecoeficiencia"},"content":{"rendered":"\t\t<div data-elementor-type=\"wp-page\" data-elementor-id=\"41213\" class=\"elementor elementor-41213 elementor-12500\" data-elementor-post-type=\"page\">\n\t\t\t\t<div class=\"elementor-element elementor-element-9a7f759 e-flex e-con-boxed e-con e-parent\" data-id=\"9a7f759\" data-element_type=\"container\">\n\t\t\t\t\t<div class=\"e-con-inner\">\n\t\t<div class=\"elementor-element elementor-element-f98a50b e-con-full e-flex e-con e-child\" data-id=\"f98a50b\" data-element_type=\"container\">\n\t\t\t\t<div class=\"elementor-element elementor-element-e93fd51 elementor-widget elementor-widget-shortcode\" data-id=\"e93fd51\" data-element_type=\"widget\" data-widget_type=\"shortcode.default\">\n\t\t\t\t<div class=\"elementor-widget-container\">\n\t\t\t\t\t\t\t<div class=\"elementor-shortcode\"><nav aria-label=\"breadcrumbs\" class=\"rank-math-breadcrumb\"><p><span class=\"last\">Comeza<\/span><\/p><\/nav><\/div>\n\t\t\t\t\t\t<\/div>\n\t\t\t\t<\/div>\n\t\t\t\t<div class=\"elementor-element elementor-element-b5963b4 elementor-widget elementor-widget-heading\" data-id=\"b5963b4\" data-element_type=\"widget\" data-widget_type=\"heading.default\">\n\t\t\t\t<div class=\"elementor-widget-container\">\n\t\t\t\t\t<h1 class=\"elementor-heading-title elementor-size-default\">Econom\u00eda circular e ecoeficiencia<\/h1>\t\t\t\t<\/div>\n\t\t\t\t<\/div>\n\t\t\t\t<\/div>\n\t\t\t\t<div class=\"elementor-element elementor-element-891239a elementor-widget elementor-widget-spacer\" data-id=\"891239a\" data-element_type=\"widget\" data-widget_type=\"spacer.default\">\n\t\t\t\t<div class=\"elementor-widget-container\">\n\t\t\t\t\t\t\t<div class=\"elementor-spacer\">\n\t\t\t<div class=\"elementor-spacer-inner\"><\/div>\n\t\t<\/div>\n\t\t\t\t\t\t<\/div>\n\t\t\t\t<\/div>\n\t\t\t\t\t<\/div>\n\t\t\t\t<\/div>\n\t\t<div class=\"elementor-element elementor-element-b33b32e e-flex e-con-boxed e-con e-parent\" data-id=\"b33b32e\" data-element_type=\"container\">\n\t\t\t\t\t<div class=\"e-con-inner\">\n\t\t\t\t<div class=\"elementor-element elementor-element-18d083c elementor-widget elementor-widget-image\" data-id=\"18d083c\" data-element_type=\"widget\" data-widget_type=\"image.default\">\n\t\t\t\t<div class=\"elementor-widget-container\">\n\t\t\t\t\t\t\t\t\t\t\t\t<figure class=\"wp-caption\">\n\t\t\t\t\t\t\t\t\t\t<img fetchpriority=\"high\" decoding=\"async\" width=\"1140\" height=\"400\" src=\"https:\/\/www.naturgy.com\/\/app\/uploads\/2023\/03\/banner_economia-circular.jpg\" class=\"attachment-full size-full wp-image-58493\" alt=\"\" srcset=\"https:\/\/www.naturgy.com\/\/app\/uploads\/2023\/03\/banner_economia-circular.jpg 1140w, https:\/\/www.naturgy.com\/\/app\/uploads\/2023\/03\/banner_economia-circular-300x105.jpg 300w, https:\/\/www.naturgy.com\/\/app\/uploads\/2023\/03\/banner_economia-circular-1024x359.jpg 1024w, https:\/\/www.naturgy.com\/\/app\/uploads\/2023\/03\/banner_economia-circular-768x269.jpg 768w\" sizes=\"(max-width: 1140px) 100vw, 1140px\" \/>\t\t\t\t\t\t\t\t\t\t\t<figcaption class=\"widget-image-caption wp-caption-text\"><\/figcaption>\n\t\t\t\t\t\t\t\t\t\t<\/figure>\n\t\t\t\t\t\t\t\t\t<\/div>\n\t\t\t\t<\/div>\n\t\t\t\t\t<\/div>\n\t\t\t\t<\/div>\n\t\t<div class=\"elementor-element elementor-element-4d87260 e-flex e-con-boxed e-con e-parent\" data-id=\"4d87260\" data-element_type=\"container\">\n\t\t\t\t\t<div class=\"e-con-inner\">\n\t\t\t\t<div class=\"elementor-element elementor-element-82aad73 elementor-widget elementor-widget-spacer\" data-id=\"82aad73\" data-element_type=\"widget\" data-widget_type=\"spacer.default\">\n\t\t\t\t<div class=\"elementor-widget-container\">\n\t\t\t\t\t\t\t<div class=\"elementor-spacer\">\n\t\t\t<div class=\"elementor-spacer-inner\"><\/div>\n\t\t<\/div>\n\t\t\t\t\t\t<\/div>\n\t\t\t\t<\/div>\n\t\t\t\t\t<\/div>\n\t\t\t\t<\/div>\n\t\t<div class=\"elementor-element elementor-element-dba63db elementor-hidden-desktop elementor-hidden-tablet elementor-hidden-mobile e-flex e-con-boxed e-con e-parent\" data-id=\"dba63db\" data-element_type=\"container\">\n\t\t\t\t\t<div class=\"e-con-inner\">\n\t\t\t\t<div class=\"elementor-element elementor-element-5654681 e-n-tabs-tablet elementor-widget elementor-widget-n-tabs\" data-id=\"5654681\" data-element_type=\"widget\" data-settings=\"{&quot;tabs_justify_horizontal&quot;:&quot;start&quot;,&quot;horizontal_scroll&quot;:&quot;disable&quot;}\" data-widget_type=\"nested-tabs.default\">\n\t\t\t\t<div class=\"elementor-widget-container\">\n\t\t\t\t\t\t\t<div class=\"e-n-tabs\" data-widget-number=\"90523265\" aria-label=\"Tabs. Open items with Enter or Space, close with Escape and navigate using the Arrow keys.\">\n\t\t\t<div class=\"e-n-tabs-heading\" role=\"tablist\">\n\t\t\t\t\t<button id=\"e-n-tab-title-905232651\" data-tab-title-id=\"e-n-tab-title-905232651\" class=\"e-n-tab-title\" aria-selected=\"true\" data-tab-index=\"1\" role=\"tab\" tabindex=\"0\" aria-controls=\"e-n-tab-content-905232651\" style=\"--n-tabs-title-order: 1;\">\n\t\t\t\t\t<span class=\"e-n-tab-icon\">\n\t\t\t<i aria-hidden=\"true\" class=\"fas fa-angle-down\"><\/i>\t\t\t<i aria-hidden=\"true\" class=\"fas fa-angle-down\"><\/i>\t\t<\/span>\n\t\t\t\t\t<span class=\"e-n-tab-title-text\">\n\t\t\t\tOs nosos compromisos\t\t\t<\/span>\n\t\t<\/button>\n\t\t\t\t<button id=\"e-n-tab-title-905232652\" data-tab-title-id=\"e-n-tab-title-905232652\" class=\"e-n-tab-title\" aria-selected=\"false\" data-tab-index=\"2\" role=\"tab\" tabindex=\"-1\" aria-controls=\"e-n-tab-content-905232652\" style=\"--n-tabs-title-order: 2;\">\n\t\t\t\t\t<span class=\"e-n-tab-icon\">\n\t\t\t<i aria-hidden=\"true\" class=\"fas fa-angle-down\"><\/i>\t\t\t<i aria-hidden=\"true\" class=\"fas fa-angle-down\"><\/i>\t\t<\/span>\n\t\t\t\t\t<span class=\"e-n-tab-title-text\">\n\t\t\t\tComo o facemos\t\t\t<\/span>\n\t\t<\/button>\n\t\t\t\t\t<\/div>\n\t\t\t<div class=\"e-n-tabs-content\">\n\t\t\t\t<div id=\"e-n-tab-content-905232651\" role=\"tabpanel\" aria-labelledby=\"e-n-tab-title-905232651\" data-tab-index=\"1\" style=\"--n-tabs-title-order: 1;\" class=\"e-active elementor-element elementor-element-dbd0dca e-con-full e-flex e-con e-child\" data-id=\"dbd0dca\" data-element_type=\"container\">\n\t\t\t\t<div class=\"elementor-element elementor-element-9ee85c2 elementor-widget elementor-widget-text-editor\" data-id=\"9ee85c2\" data-element_type=\"widget\" data-widget_type=\"text-editor.default\">\n\t\t\t\t<div class=\"elementor-widget-container\">\n\t\t\t\t\t\t\t\t\t<ul><li>Impulsar a econom\u00eda circular mediante a utilizaci\u00f3n eficiente dos recursos\u00a0(enerx\u00eda, auga&#8230;) e a xesti\u00f3n de residuos para reducir os impactos ambientais sobre\u00a0o medio.<\/li><\/ul><p>\u00a0<\/p><ul><li>Fomentar o gas renovable como vector enerx\u00e9tico e de almacenamento que facilite\u00a0a transici\u00f3n a un modelo de econom\u00eda circular e neutro en carbono.<\/li><\/ul>\t\t\t\t\t\t\t\t<\/div>\n\t\t\t\t<\/div>\n\t\t\t\t<\/div>\n\t\t<div id=\"e-n-tab-content-905232652\" role=\"tabpanel\" aria-labelledby=\"e-n-tab-title-905232652\" data-tab-index=\"2\" style=\"--n-tabs-title-order: 2;\" class=\" elementor-element elementor-element-766c446 e-con-full e-flex e-con e-child\" data-id=\"766c446\" data-element_type=\"container\">\n\t\t\t\t<div class=\"elementor-element elementor-element-42b7eb5 elementor-widget elementor-widget-text-editor\" data-id=\"42b7eb5\" data-element_type=\"widget\" data-widget_type=\"text-editor.default\">\n\t\t\t\t<div class=\"elementor-widget-container\">\n\t\t\t\t\t\t\t\t\t<ul><li>Melloramos continuamente a ecoeficiencia dos nosos procesos para minimizar os impactos ambientais das nosas actividades, mediante a reduci\u00f3n do consumo de enerx\u00eda, dos recursos naturais e materiais, e da xeraci\u00f3n de residuos.<\/li><\/ul><p>\u00a0<\/p><ul><li>Reciclamos e valorizamos os residuos que producimos.<\/li><\/ul><p>\u00a0<\/p><ul><li>Reducimos a captaci\u00f3n e consumo de auga, especialmente de auga doce.<\/li><\/ul><p>\u00a0<\/p><ul><li>Evitamos o uso de auga doce nas nosas instalaci\u00f3ns situadas en zonas de estr\u00e9s h\u00eddrico, mediante o tratamento e reutilizaci\u00f3n de augas residuais procedentes de poboaci\u00f3ns ou industrias pr\u00f3ximas, como pr\u00e1ctica de simbiose industrial.<\/li><\/ul><p>\u00a0<\/p><ul><li>Impulsamos a produci\u00f3n de biometano, un gas renovable neutro en emisi\u00f3ns de CO2 producido a partir de residuos org\u00e1nicos urbanos, gandeiros ou agr\u00edcolas, nun modelo de econom\u00eda circular.<\/li><\/ul><p>\u00a0<\/p><ul><li>Colaboramos coas Administraci\u00f3ns p\u00fablicas, asociaci\u00f3ns e outras entidades para a creaci\u00f3n e difusi\u00f3n de co\u00f1ecemento t\u00e9cnico co fin de impulsar a econom\u00eda circular.<\/li><\/ul>\t\t\t\t\t\t\t\t<\/div>\n\t\t\t\t<\/div>\n\t\t\t\t<\/div>\n\t\t\t\t\t<\/div>\n\t\t<\/div>\n\t\t\t\t\t\t<\/div>\n\t\t\t\t<\/div>\n\t\t\t\t\t<\/div>\n\t\t\t\t<\/div>\n\t\t<div class=\"elementor-element elementor-element-9d522bd e-flex e-con-boxed e-con e-parent\" data-id=\"9d522bd\" data-element_type=\"container\">\n\t\t\t\t\t<div class=\"e-con-inner\">\n\t\t\t\t<div class=\"elementor-element elementor-element-4caf84f elementor-widget elementor-widget-spacer\" data-id=\"4caf84f\" data-element_type=\"widget\" data-widget_type=\"spacer.default\">\n\t\t\t\t<div class=\"elementor-widget-container\">\n\t\t\t\t\t\t\t<div class=\"elementor-spacer\">\n\t\t\t<div class=\"elementor-spacer-inner\"><\/div>\n\t\t<\/div>\n\t\t\t\t\t\t<\/div>\n\t\t\t\t<\/div>\n\t\t\t\t\t<\/div>\n\t\t\t\t<\/div>\n\t\t<div class=\"elementor-element elementor-element-853c4de e-flex e-con-boxed e-con e-parent\" data-id=\"853c4de\" data-element_type=\"container\">\n\t\t\t\t\t<div class=\"e-con-inner\">\n\t\t\t\t<div class=\"elementor-element elementor-element-79894f8 elementor-widget elementor-widget-heading\" data-id=\"79894f8\" data-element_type=\"widget\" data-widget_type=\"heading.default\">\n\t\t\t\t<div class=\"elementor-widget-container\">\n\t\t\t\t\t<h2 class=\"elementor-heading-title elementor-size-default\">Feitos que avalan o noso compromiso<\/h2>\t\t\t\t<\/div>\n\t\t\t\t<\/div>\n\t\t\t\t\t<\/div>\n\t\t\t\t<\/div>\n\t\t<div class=\"elementor-element elementor-element-1d7014d e-flex e-con-boxed e-con e-parent\" data-id=\"1d7014d\" data-element_type=\"container\">\n\t\t\t\t\t<div class=\"e-con-inner\">\n\t\t\t\t<div class=\"elementor-element elementor-element-0d97443 elementor-widget elementor-widget-spacer\" data-id=\"0d97443\" data-element_type=\"widget\" data-widget_type=\"spacer.default\">\n\t\t\t\t<div class=\"elementor-widget-container\">\n\t\t\t\t\t\t\t<div class=\"elementor-spacer\">\n\t\t\t<div class=\"elementor-spacer-inner\"><\/div>\n\t\t<\/div>\n\t\t\t\t\t\t<\/div>\n\t\t\t\t<\/div>\n\t\t\t\t\t<\/div>\n\t\t\t\t<\/div>\n\t\t<div class=\"elementor-element elementor-element-4cf3514 e-flex e-con-boxed e-con e-parent\" data-id=\"4cf3514\" data-element_type=\"container\">\n\t\t\t\t\t<div class=\"e-con-inner\">\n\t\t\t\t<div class=\"elementor-element elementor-element-95683e7 elementor-widget elementor-widget-image\" data-id=\"95683e7\" data-element_type=\"widget\" data-widget_type=\"image.default\">\n\t\t\t\t<div class=\"elementor-widget-container\">\n\t\t\t\t\t\t\t\t\t\t\t\t\t\t\t<img decoding=\"async\" width=\"1140\" height=\"520\" src=\"https:\/\/stproportalcorporativo.blob.core.windows.net\/uploads\/2026\/03\/economia_circular_26_GA.png\" class=\"attachment-1536x1536 size-1536x1536 wp-image-142253\" alt=\"\" srcset=\"https:\/\/stproportalcorporativo.blob.core.windows.net\/uploads\/2026\/03\/economia_circular_26_GA.png 1140w, https:\/\/stproportalcorporativo.blob.core.windows.net\/uploads\/2026\/03\/economia_circular_26_GA-300x137.png 300w, https:\/\/stproportalcorporativo.blob.core.windows.net\/uploads\/2026\/03\/economia_circular_26_GA-1024x467.png 1024w, https:\/\/stproportalcorporativo.blob.core.windows.net\/uploads\/2026\/03\/economia_circular_26_GA-768x350.png 768w\" sizes=\"(max-width: 1140px) 100vw, 1140px\" \/>\t\t\t\t\t\t\t\t\t\t\t\t\t\t\t<\/div>\n\t\t\t\t<\/div>\n\t\t\t\t\t<\/div>\n\t\t\t\t<\/div>\n\t\t<div class=\"elementor-element elementor-element-a0a0975 e-flex e-con-boxed e-con e-parent\" data-id=\"a0a0975\" data-element_type=\"container\">\n\t\t\t\t\t<div class=\"e-con-inner\">\n\t\t\t\t<div class=\"elementor-element elementor-element-06daba7 elementor-widget elementor-widget-spacer\" data-id=\"06daba7\" data-element_type=\"widget\" data-widget_type=\"spacer.default\">\n\t\t\t\t<div class=\"elementor-widget-container\">\n\t\t\t\t\t\t\t<div class=\"elementor-spacer\">\n\t\t\t<div class=\"elementor-spacer-inner\"><\/div>\n\t\t<\/div>\n\t\t\t\t\t\t<\/div>\n\t\t\t\t<\/div>\n\t\t\t\t\t<\/div>\n\t\t\t\t<\/div>\n\t\t<div class=\"elementor-element elementor-element-27aefc4 e-flex e-con-boxed e-con e-parent\" data-id=\"27aefc4\" data-element_type=\"container\">\n\t\t\t\t\t<div class=\"e-con-inner\">\n\t\t\t\t<div class=\"elementor-element elementor-element-eadf159 elementor-widget elementor-widget-text-editor\" data-id=\"eadf159\" data-element_type=\"widget\" data-widget_type=\"text-editor.default\">\n\t\t\t\t<div class=\"elementor-widget-container\">\n\t\t\t\t\t\t\t\t\t<div>* Dato 2024<br>** Evoluci\u00f3n en 2024 respecto a 2017<\/div>\t\t\t\t\t\t\t\t<\/div>\n\t\t\t\t<\/div>\n\t\t\t\t\t<\/div>\n\t\t\t\t<\/div>\n\t\t<div class=\"elementor-element elementor-element-e9edc3b e-flex e-con-boxed e-con e-parent\" data-id=\"e9edc3b\" data-element_type=\"container\">\n\t\t\t\t\t<div class=\"e-con-inner\">\n\t\t\t\t<div class=\"elementor-element elementor-element-67be6aa elementor-widget elementor-widget-spacer\" data-id=\"67be6aa\" data-element_type=\"widget\" data-widget_type=\"spacer.default\">\n\t\t\t\t<div class=\"elementor-widget-container\">\n\t\t\t\t\t\t\t<div class=\"elementor-spacer\">\n\t\t\t<div class=\"elementor-spacer-inner\"><\/div>\n\t\t<\/div>\n\t\t\t\t\t\t<\/div>\n\t\t\t\t<\/div>\n\t\t\t\t<div class=\"elementor-element elementor-element-326bb8f elementor-widget elementor-widget-heading\" data-id=\"326bb8f\" data-element_type=\"widget\" data-widget_type=\"heading.default\">\n\t\t\t\t<div class=\"elementor-widget-container\">\n\t\t\t\t\t<h2 class=\"elementor-heading-title elementor-size-default\">P\u00f3deche interesar<\/h2>\t\t\t\t<\/div>\n\t\t\t\t<\/div>\n\t\t\t\t<div class=\"elementor-element elementor-element-e75a587 elementor-widget elementor-widget-spacer\" data-id=\"e75a587\" data-element_type=\"widget\" data-widget_type=\"spacer.default\">\n\t\t\t\t<div class=\"elementor-widget-container\">\n\t\t\t\t\t\t\t<div class=\"elementor-spacer\">\n\t\t\t<div class=\"elementor-spacer-inner\"><\/div>\n\t\t<\/div>\n\t\t\t\t\t\t<\/div>\n\t\t\t\t<\/div>\n\t\t\t\t\t<\/div>\n\t\t\t\t<\/div>\n\t\t<div class=\"elementor-element elementor-element-db0690d grid col-3 e-flex e-con-boxed e-con e-parent\" data-id=\"db0690d\" data-element_type=\"container\">\n\t\t\t\t\t<div class=\"e-con-inner\">\n\t\t<div class=\"elementor-element elementor-element-5bc17de e-con-full e-flex e-con e-child\" data-id=\"5bc17de\" data-element_type=\"container\">\n\t\t\t\t<div class=\"elementor-element elementor-element-3684436 elementor-view-default elementor-position-block-start elementor-mobile-position-block-start elementor-widget elementor-widget-icon-box\" data-id=\"3684436\" data-element_type=\"widget\" data-widget_type=\"icon-box.default\">\n\t\t\t\t<div class=\"elementor-widget-container\">\n\t\t\t\t\t\t\t<div class=\"elementor-icon-box-wrapper\">\n\n\t\t\t\t\t\t<div class=\"elementor-icon-box-icon\">\n\t\t\t\t<span  class=\"elementor-icon\">\n\t\t\t\t<i aria-hidden=\"true\" class=\"energias energias-gas\"><\/i>\t\t\t\t<\/span>\n\t\t\t<\/div>\n\t\t\t\n\t\t\t\t\t\t<div class=\"elementor-icon-box-content\">\n\n\t\t\t\t\t\t\t\t\t<div class=\"elementor-icon-box-title\">\n\t\t\t\t\t\t<span  >\n\t\t\t\t\t\t\tGas renovable: proxectos e informes\t\t\t\t\t\t<\/span>\n\t\t\t\t\t<\/div>\n\t\t\t\t\n\t\t\t\t\n\t\t\t<\/div>\n\t\t\t\n\t\t<\/div>\n\t\t\t\t\t\t<\/div>\n\t\t\t\t<\/div>\n\t\t\t\t<div class=\"elementor-element elementor-element-d2fe8f7 elementor-align-center elementor-widget elementor-widget-button\" data-id=\"d2fe8f7\" data-element_type=\"widget\" data-widget_type=\"button.default\">\n\t\t\t\t<div class=\"elementor-widget-container\">\n\t\t\t\t\t\t\t\t\t<div class=\"elementor-button-wrapper\">\n\t\t\t\t\t<a class=\"elementor-button elementor-button-link elementor-size-sm\" href=\"https:\/\/www.naturgy.com\/gl\/conecenos-naturgy\/a-enerxia\/gas\/gas-renovable\/\">\n\t\t\t\t\t\t<span class=\"elementor-button-content-wrapper\">\n\t\t\t\t\t\t\t\t\t<span class=\"elementor-button-text\">Ver m\u00e1is<\/span>\n\t\t\t\t\t<\/span>\n\t\t\t\t\t<\/a>\n\t\t\t\t<\/div>\n\t\t\t\t\t\t\t\t<\/div>\n\t\t\t\t<\/div>\n\t\t\t\t<\/div>\n\t\t<div class=\"elementor-element elementor-element-e1d6c00 e-con-full e-flex e-con e-child\" data-id=\"e1d6c00\" data-element_type=\"container\">\n\t\t\t\t<div class=\"elementor-element elementor-element-f5a6c18 elementor-view-default elementor-position-block-start elementor-mobile-position-block-start elementor-widget elementor-widget-icon-box\" data-id=\"f5a6c18\" data-element_type=\"widget\" data-widget_type=\"icon-box.default\">\n\t\t\t\t<div class=\"elementor-widget-container\">\n\t\t\t\t\t\t\t<div class=\"elementor-icon-box-wrapper\">\n\n\t\t\t\t\t\t<div class=\"elementor-icon-box-icon\">\n\t\t\t\t<span  class=\"elementor-icon\">\n\t\t\t\t<i aria-hidden=\"true\" class=\"oficina oficina-archivo-pdf\"><\/i>\t\t\t\t<\/span>\n\t\t\t<\/div>\n\t\t\t\n\t\t\t\t\t\t<div class=\"elementor-icon-box-content\">\n\n\t\t\t\t\t\t\t\t\t<div class=\"elementor-icon-box-title\">\n\t\t\t\t\t\t<span  >\n\t\t\t\t\t\t\tO biog\u00e1s e o biometano como panca crave na descarbonizaci\u00f3n da econom\u00eda espa\u00f1ola\t\t\t\t\t\t<\/span>\n\t\t\t\t\t<\/div>\n\t\t\t\t\n\t\t\t\t\n\t\t\t<\/div>\n\t\t\t\n\t\t<\/div>\n\t\t\t\t\t\t<\/div>\n\t\t\t\t<\/div>\n\t\t\t\t<div class=\"elementor-element elementor-element-0a131a3 elementor-align-center elementor-widget elementor-widget-button\" data-id=\"0a131a3\" data-element_type=\"widget\" data-widget_type=\"button.default\">\n\t\t\t\t<div class=\"elementor-widget-container\">\n\t\t\t\t\t\t\t\t\t<div class=\"elementor-button-wrapper\">\n\t\t\t\t\t<a class=\"elementor-button elementor-button-link elementor-size-sm\" href=\"https:\/\/www.fundacionnaturgy.org\/publicacion\/el-biogas-y-el-biometano-como-palanca-clave-en-la-descarbonizacion-de-la-economia-espanola\/\" target=\"_blank\" rel=\"noopener\">\n\t\t\t\t\t\t<span class=\"elementor-button-content-wrapper\">\n\t\t\t\t\t\t\t\t\t<span class=\"elementor-button-text\">Descargar<\/span>\n\t\t\t\t\t<\/span>\n\t\t\t\t\t<\/a>\n\t\t\t\t<\/div>\n\t\t\t\t\t\t\t\t<\/div>\n\t\t\t\t<\/div>\n\t\t\t\t<\/div>\n\t\t\t\t\t<\/div>\n\t\t\t\t<\/div>\n\t\t\t\t<\/div>\n\t\t","protected":false},"excerpt":{"rendered":"<p>Os nosos compromisos Como o facemos Impulsar a econom\u00eda circular mediante a utilizaci\u00f3n eficiente dos recursos\u00a0(enerx\u00eda, auga&#8230;) e a xesti\u00f3n de residuos para reducir os impactos ambientais sobre\u00a0o medio. \u00a0 Fomentar o gas renovable como vector enerx\u00e9tico e de almacenamento que facilite\u00a0a transici\u00f3n a un modelo de econom\u00eda circular e neutro en carbono. Melloramos continuamente [&hellip;]<\/p>\n","protected":false},"author":5,"featured_media":0,"parent":59786,"menu_order":2,"comment_status":"closed","ping_status":"closed","template":"","meta":{"_acf_changed":false,"footnotes":""},"class_list":["post-41213","page","type-page","status-publish","hentry"],"acf":[],"_links":{"self":[{"href":"https:\/\/www.naturgy.com\/gl\/wp-json\/wp\/v2\/pages\/41213","targetHints":{"allow":["GET"]}}],"collection":[{"href":"https:\/\/www.naturgy.com\/gl\/wp-json\/wp\/v2\/pages"}],"about":[{"href":"https:\/\/www.naturgy.com\/gl\/wp-json\/wp\/v2\/types\/page"}],"author":[{"embeddable":true,"href":"https:\/\/www.naturgy.com\/gl\/wp-json\/wp\/v2\/users\/5"}],"replies":[{"embeddable":true,"href":"https:\/\/www.naturgy.com\/gl\/wp-json\/wp\/v2\/comments?post=41213"}],"version-history":[{"count":30,"href":"https:\/\/www.naturgy.com\/gl\/wp-json\/wp\/v2\/pages\/41213\/revisions"}],"predecessor-version":[{"id":142259,"href":"https:\/\/www.naturgy.com\/gl\/wp-json\/wp\/v2\/pages\/41213\/revisions\/142259"}],"up":[{"embeddable":true,"href":"https:\/\/www.naturgy.com\/gl\/wp-json\/wp\/v2\/pages\/59786"}],"wp:attachment":[{"href":"https:\/\/www.naturgy.com\/gl\/wp-json\/wp\/v2\/media?parent=41213"}],"curies":[{"name":"wp","href":"https:\/\/api.w.org\/{rel}","templated":true}]}}