{"id":41278,"date":"2023-01-20T15:34:28","date_gmt":"2023-01-20T14:34:28","guid":{"rendered":"https:\/\/www.naturgy.com\/gobernanza-y-gestion-ambiental\/"},"modified":"2026-03-26T11:52:25","modified_gmt":"2026-03-26T10:52:25","slug":"goberno-e-xestion-ambiental","status":"publish","type":"page","link":"https:\/\/www.naturgy.com\/gl\/sustenibilidade\/medio-ambiente\/goberno-e-xestion-ambiental\/","title":{"rendered":"Goberno e xesti\u00f3n ambiental"},"content":{"rendered":"\t\t<div data-elementor-type=\"wp-page\" data-elementor-id=\"41278\" class=\"elementor elementor-41278 elementor-12502\" data-elementor-post-type=\"page\">\n\t\t\t\t<div class=\"elementor-element elementor-element-7054cf2b e-flex e-con-boxed e-con e-parent\" data-id=\"7054cf2b\" data-element_type=\"container\">\n\t\t\t\t\t<div class=\"e-con-inner\">\n\t\t<div class=\"elementor-element elementor-element-21553698 e-con-full e-flex e-con e-child\" data-id=\"21553698\" data-element_type=\"container\">\n\t\t\t\t<div class=\"elementor-element elementor-element-e1af27c elementor-widget elementor-widget-shortcode\" data-id=\"e1af27c\" data-element_type=\"widget\" data-widget_type=\"shortcode.default\">\n\t\t\t\t<div class=\"elementor-widget-container\">\n\t\t\t\t\t\t\t<div class=\"elementor-shortcode\"><nav aria-label=\"breadcrumbs\" class=\"rank-math-breadcrumb\"><p><span class=\"last\">Comeza<\/span><\/p><\/nav><\/div>\n\t\t\t\t\t\t<\/div>\n\t\t\t\t<\/div>\n\t\t\t\t<div class=\"elementor-element elementor-element-361d9f7f elementor-widget elementor-widget-heading\" data-id=\"361d9f7f\" data-element_type=\"widget\" data-widget_type=\"heading.default\">\n\t\t\t\t<div class=\"elementor-widget-container\">\n\t\t\t\t\t<h1 class=\"elementor-heading-title elementor-size-default\">Goberno e xesti\u00f3n ambiental<\/h1>\t\t\t\t<\/div>\n\t\t\t\t<\/div>\n\t\t\t\t<\/div>\n\t\t<div class=\"elementor-element elementor-element-f52eba7 e-con-full e-flex e-con e-child\" data-id=\"f52eba7\" data-element_type=\"container\">\n\t\t\t\t<div class=\"elementor-element elementor-element-2448e20 elementor-widget elementor-widget-spacer\" data-id=\"2448e20\" data-element_type=\"widget\" data-widget_type=\"spacer.default\">\n\t\t\t\t<div class=\"elementor-widget-container\">\n\t\t\t\t\t\t\t<div class=\"elementor-spacer\">\n\t\t\t<div class=\"elementor-spacer-inner\"><\/div>\n\t\t<\/div>\n\t\t\t\t\t\t<\/div>\n\t\t\t\t<\/div>\n\t\t\t\t<div class=\"elementor-element elementor-element-7b9dc4ff elementor-widget elementor-widget-image\" data-id=\"7b9dc4ff\" data-element_type=\"widget\" data-widget_type=\"image.default\">\n\t\t\t\t<div class=\"elementor-widget-container\">\n\t\t\t\t\t\t\t\t\t\t\t\t<figure class=\"wp-caption\">\n\t\t\t\t\t\t\t\t\t\t<img fetchpriority=\"high\" decoding=\"async\" width=\"1140\" height=\"400\" src=\"https:\/\/www.naturgy.com\/\/app\/uploads\/2024\/03\/2023_03_Gobernanza_awards.png\" class=\"attachment-full size-full wp-image-98007\" alt=\"\" srcset=\"https:\/\/www.naturgy.com\/\/app\/uploads\/2024\/03\/2023_03_Gobernanza_awards.png 1140w, https:\/\/www.naturgy.com\/\/app\/uploads\/2024\/03\/2023_03_Gobernanza_awards-300x105.png 300w, https:\/\/www.naturgy.com\/\/app\/uploads\/2024\/03\/2023_03_Gobernanza_awards-1024x359.png 1024w, https:\/\/www.naturgy.com\/\/app\/uploads\/2024\/03\/2023_03_Gobernanza_awards-768x269.png 768w\" sizes=\"(max-width: 1140px) 100vw, 1140px\" \/>\t\t\t\t\t\t\t\t\t\t\t<figcaption class=\"widget-image-caption wp-caption-text\"><\/figcaption>\n\t\t\t\t\t\t\t\t\t\t<\/figure>\n\t\t\t\t\t\t\t\t\t<\/div>\n\t\t\t\t<\/div>\n\t\t\t\t<\/div>\n\t\t<div class=\"elementor-element elementor-element-26d137aa e-con-full e-flex e-con e-child\" data-id=\"26d137aa\" data-element_type=\"container\">\n\t\t\t\t<div class=\"elementor-element elementor-element-4815001b elementor-widget elementor-widget-spacer\" data-id=\"4815001b\" data-element_type=\"widget\" data-widget_type=\"spacer.default\">\n\t\t\t\t<div class=\"elementor-widget-container\">\n\t\t\t\t\t\t\t<div class=\"elementor-spacer\">\n\t\t\t<div class=\"elementor-spacer-inner\"><\/div>\n\t\t<\/div>\n\t\t\t\t\t\t<\/div>\n\t\t\t\t<\/div>\n\t\t\t\t<\/div>\n\t\t\t\t\t<\/div>\n\t\t\t\t<\/div>\n\t\t<div class=\"elementor-element elementor-element-4478268 elementor-hidden-desktop elementor-hidden-tablet elementor-hidden-mobile e-flex e-con-boxed e-con e-parent\" data-id=\"4478268\" data-element_type=\"container\">\n\t\t\t\t\t<div class=\"e-con-inner\">\n\t\t\t\t<div class=\"elementor-element elementor-element-88a466b e-n-tabs-tablet elementor-widget elementor-widget-n-tabs\" data-id=\"88a466b\" data-element_type=\"widget\" data-settings=\"{&quot;tabs_justify_horizontal&quot;:&quot;start&quot;,&quot;horizontal_scroll&quot;:&quot;disable&quot;}\" data-widget_type=\"nested-tabs.default\">\n\t\t\t\t<div class=\"elementor-widget-container\">\n\t\t\t\t\t\t\t<div class=\"e-n-tabs\" data-widget-number=\"143279723\" aria-label=\"Tabs. Open items with Enter or Space, close with Escape and navigate using the Arrow keys.\">\n\t\t\t<div class=\"e-n-tabs-heading\" role=\"tablist\">\n\t\t\t\t\t<button id=\"e-n-tab-title-1432797231\" data-tab-title-id=\"e-n-tab-title-1432797231\" class=\"e-n-tab-title\" aria-selected=\"true\" data-tab-index=\"1\" role=\"tab\" tabindex=\"0\" aria-controls=\"e-n-tab-content-1432797231\" style=\"--n-tabs-title-order: 1;\">\n\t\t\t\t\t<span class=\"e-n-tab-icon\">\n\t\t\t<i aria-hidden=\"true\" class=\"fas fa-angle-down\"><\/i>\t\t\t<i aria-hidden=\"true\" class=\"fas fa-angle-down\"><\/i>\t\t<\/span>\n\t\t\t\t\t<span class=\"e-n-tab-title-text\">\n\t\t\t\tOs nosos compromisos\t\t\t<\/span>\n\t\t<\/button>\n\t\t\t\t<button id=\"e-n-tab-title-1432797232\" data-tab-title-id=\"e-n-tab-title-1432797232\" class=\"e-n-tab-title\" aria-selected=\"false\" data-tab-index=\"2\" role=\"tab\" tabindex=\"-1\" aria-controls=\"e-n-tab-content-1432797232\" style=\"--n-tabs-title-order: 2;\">\n\t\t\t\t\t<span class=\"e-n-tab-icon\">\n\t\t\t<i aria-hidden=\"true\" class=\"fas fa-angle-down\"><\/i>\t\t\t<i aria-hidden=\"true\" class=\"fas fa-angle-down\"><\/i>\t\t<\/span>\n\t\t\t\t\t<span class=\"e-n-tab-title-text\">\n\t\t\t\tC\u00f3mo o facemos\t\t\t<\/span>\n\t\t<\/button>\n\t\t\t\t\t<\/div>\n\t\t\t<div class=\"e-n-tabs-content\">\n\t\t\t\t<div id=\"e-n-tab-content-1432797231\" role=\"tabpanel\" aria-labelledby=\"e-n-tab-title-1432797231\" data-tab-index=\"1\" style=\"--n-tabs-title-order: 1;\" class=\"e-active elementor-element elementor-element-2c716bc e-con-full e-flex e-con e-child\" data-id=\"2c716bc\" data-element_type=\"container\">\n\t\t\t\t<div class=\"elementor-element elementor-element-9e86907 elementor-widget elementor-widget-text-editor\" data-id=\"9e86907\" data-element_type=\"widget\" data-widget_type=\"text-editor.default\">\n\t\t\t\t<div class=\"elementor-widget-container\">\n\t\t\t\t\t\t\t\t\t<p>\u00a0<\/p><ul><li>Garantir o cumprimento da lexislaci\u00f3n ambiental e de requisitos voluntarios m\u00e1is\u00a0esixentes; anticipando a adaptaci\u00f3n \u00e1s novas regulaci\u00f3ns.<\/li><\/ul><p>\u00a0<\/p><ul><li>Previr a contaminaci\u00f3n e reducir os impactos ambientais ao longo da cadea\u00a0de valor, mediante a formaci\u00f3n dos empregados e fomentando tanto a s\u00faa implicaci\u00f3n\u00a0como a das empresas colaboradoras e partes interesadas.<\/li><\/ul><p>\u00a0<\/p><ul><li>Integrar o medio na xesti\u00f3n de riscos e oportunidades, nas decisi\u00f3ns\u00a0estrat\u00e9xicas, as\u00ed como nas fusi\u00f3ns e adquisici\u00f3ns de activos a trav\u00e9s da\u00a0realizaci\u00f3n de (due diligences) ambientais.<\/li><\/ul><p>\u00a0<\/p><ul><li>Establecer obxectivos que impulsen a mellora continua no desempe\u00f1o ambiental.<\/li><\/ul><p>\u00a0<\/p><ul><li>Dispo\u00f1er dun sistema de xesti\u00f3n ambiental auditado externamente e certificado, de\u00a0acordo aos criterios da Pol\u00edtica global do Sistema Integrado de Xesti\u00f3n.<\/li><\/ul><p>\u00a0<\/p><ul><li>Impulsar a transparencia, en li\u00f1a cos est\u00e1ndares internacionais de reporte, para\u00a0facilitar a comunicaci\u00f3n cos nosos grupos de interese.<\/li><\/ul><p>\u00a0<\/p><ul><li>Apoiar a difusi\u00f3n de co\u00f1ecemento e sensibilizaci\u00f3n en materia de enerx\u00eda e medio\u00a0ambiente e impulsar un di\u00e1logo construtivo coas Administraci\u00f3ns P\u00fablicas, ONG,\u00a0universidades, clientes e demais grupos de interese.<\/li><\/ul>\t\t\t\t\t\t\t\t<\/div>\n\t\t\t\t<\/div>\n\t\t\t\t<\/div>\n\t\t<div id=\"e-n-tab-content-1432797232\" role=\"tabpanel\" aria-labelledby=\"e-n-tab-title-1432797232\" data-tab-index=\"2\" style=\"--n-tabs-title-order: 2;\" class=\" elementor-element elementor-element-9d20485 e-con-full e-flex e-con e-child\" data-id=\"9d20485\" data-element_type=\"container\">\n\t\t\t\t<div class=\"elementor-element elementor-element-6715c2c elementor-widget elementor-widget-text-editor\" data-id=\"6715c2c\" data-element_type=\"widget\" data-widget_type=\"text-editor.default\">\n\t\t\t\t<div class=\"elementor-widget-container\">\n\t\t\t\t\t\t\t\t\t<ul><li>\u00a0Contamos cunha estrutura organizativa que define as responsabilidades ambientais das diferentes unidades.<\/li><\/ul><p>\u00a0<\/p><ul><li>Temos unha ferramenta global para identificar, rexistrar e supervisar o cumprimento dos requisitos legais e aplicables a \u00e1mbito medioambiental, que se utiliza en todos os pa\u00edses e instalaci\u00f3ns e nos permite controlar os m\u00e1is de 5.200 requisitos ambientais que nos aplican a \u00e1mbito global.<\/li><\/ul><p>\u00a0<\/p><ul><li>O noso modelo de compras e xesti\u00f3n de provedores considera o medio ambiente e a sostibilidade como esencial e favorece a adquisici\u00f3n de produtos e servizos respectuosos co medio ambiente e fabricados en condici\u00f3ns socialmente xustas.<\/li><\/ul><p>\u00a0<\/p><ul><li>\u00a0Rexistramos e seguimos todos os incidentes e accidentes ambientais que suceden nas nosas instalaci\u00f3ns para aprender, previr sucesos de maior entidade e reducir o risco.<\/li><\/ul><p>\u00a0<\/p><ul><li>Todos os negocios definen anualmente obxectivos de medio ambiente que impulsan unha mellora continua.<\/li><\/ul><p>\u00a0<\/p><ul><li>Participamos nos \u00edndices de sostibilidade m\u00e1is reco\u00f1ecidos, aos que proporcionamos informaci\u00f3n que se verifica externamente, e que nos sit\u00faan entre as mellores compa\u00f1\u00edas do mundo.<\/li><\/ul><p>\u00a0<\/p><ul><li>Colaboramos en diferentes congresos especializados e realizamos publicaci\u00f3ns sobre medio ambiente e enerx\u00eda para compartir o noso co\u00f1ecemento coa sociedade.<\/li><\/ul>\t\t\t\t\t\t\t\t<\/div>\n\t\t\t\t<\/div>\n\t\t\t\t<\/div>\n\t\t\t\t\t<\/div>\n\t\t<\/div>\n\t\t\t\t\t\t<\/div>\n\t\t\t\t<\/div>\n\t\t\t\t\t<\/div>\n\t\t\t\t<\/div>\n\t\t<div class=\"elementor-element elementor-element-6da8adb e-flex e-con-boxed e-con e-parent\" data-id=\"6da8adb\" data-element_type=\"container\">\n\t\t\t\t\t<div class=\"e-con-inner\">\n\t\t\t\t<div class=\"elementor-element elementor-element-f901c2a elementor-widget elementor-widget-spacer\" data-id=\"f901c2a\" data-element_type=\"widget\" data-widget_type=\"spacer.default\">\n\t\t\t\t<div class=\"elementor-widget-container\">\n\t\t\t\t\t\t\t<div class=\"elementor-spacer\">\n\t\t\t<div class=\"elementor-spacer-inner\"><\/div>\n\t\t<\/div>\n\t\t\t\t\t\t<\/div>\n\t\t\t\t<\/div>\n\t\t\t\t\t<\/div>\n\t\t\t\t<\/div>\n\t\t<div class=\"elementor-element elementor-element-8855c16 e-flex e-con-boxed e-con e-parent\" data-id=\"8855c16\" data-element_type=\"container\">\n\t\t\t\t\t<div class=\"e-con-inner\">\n\t\t\t\t<div class=\"elementor-element elementor-element-7134380 elementor-widget elementor-widget-image\" data-id=\"7134380\" data-element_type=\"widget\" data-widget_type=\"image.default\">\n\t\t\t\t<div class=\"elementor-widget-container\">\n\t\t\t\t\t\t\t\t\t\t\t\t<figure class=\"wp-caption\">\n\t\t\t\t\t\t\t\t\t\t<img decoding=\"async\" width=\"1140\" height=\"520\" src=\"https:\/\/stproportalcorporativo.blob.core.windows.net\/uploads\/2026\/03\/Gobernanza_26_GA.png\" class=\"attachment-full size-full wp-image-142297\" alt=\"\" srcset=\"https:\/\/stproportalcorporativo.blob.core.windows.net\/uploads\/2026\/03\/Gobernanza_26_GA.png 1140w, https:\/\/stproportalcorporativo.blob.core.windows.net\/uploads\/2026\/03\/Gobernanza_26_GA-300x137.png 300w, https:\/\/stproportalcorporativo.blob.core.windows.net\/uploads\/2026\/03\/Gobernanza_26_GA-1024x467.png 1024w, https:\/\/stproportalcorporativo.blob.core.windows.net\/uploads\/2026\/03\/Gobernanza_26_GA-768x350.png 768w\" sizes=\"(max-width: 1140px) 100vw, 1140px\" \/>\t\t\t\t\t\t\t\t\t\t\t<figcaption class=\"widget-image-caption wp-caption-text\"><\/figcaption>\n\t\t\t\t\t\t\t\t\t\t<\/figure>\n\t\t\t\t\t\t\t\t\t<\/div>\n\t\t\t\t<\/div>\n\t\t\t\t\t<\/div>\n\t\t\t\t<\/div>\n\t\t<div class=\"elementor-element elementor-element-e26bdac e-flex e-con-boxed e-con e-parent\" data-id=\"e26bdac\" data-element_type=\"container\">\n\t\t\t\t\t<div class=\"e-con-inner\">\n\t\t\t\t<div class=\"elementor-element elementor-element-0ba481e elementor-widget elementor-widget-text-editor\" data-id=\"0ba481e\" data-element_type=\"widget\" data-widget_type=\"text-editor.default\">\n\t\t\t\t<div class=\"elementor-widget-container\">\n\t\t\t\t\t\t\t\t\t<p>* Dato 2025<\/p>\t\t\t\t\t\t\t\t<\/div>\n\t\t\t\t<\/div>\n\t\t\t\t<div class=\"elementor-element elementor-element-3f6fa64d elementor-widget__width-initial elementor-widget elementor-widget-spacer\" data-id=\"3f6fa64d\" data-element_type=\"widget\" data-widget_type=\"spacer.default\">\n\t\t\t\t<div class=\"elementor-widget-container\">\n\t\t\t\t\t\t\t<div class=\"elementor-spacer\">\n\t\t\t<div class=\"elementor-spacer-inner\"><\/div>\n\t\t<\/div>\n\t\t\t\t\t\t<\/div>\n\t\t\t\t<\/div>\n\t\t\t\t\t<\/div>\n\t\t\t\t<\/div>\n\t\t<div class=\"elementor-element elementor-element-75b5610d e-con-full e-flex e-con e-parent\" data-id=\"75b5610d\" data-element_type=\"container\" data-settings=\"{&quot;background_background&quot;:&quot;classic&quot;}\">\n\t\t<div class=\"elementor-element elementor-element-6ea5a183 e-con-full e-flex e-con e-child\" data-id=\"6ea5a183\" data-element_type=\"container\">\n\t\t\t\t<div class=\"elementor-element elementor-element-68bd750c elementor-widget elementor-widget-heading\" data-id=\"68bd750c\" data-element_type=\"widget\" data-widget_type=\"heading.default\">\n\t\t\t\t<div class=\"elementor-widget-container\">\n\t\t\t\t\t<h2 class=\"elementor-heading-title elementor-size-default\">Estudos de impacto ambiental<\/h2>\t\t\t\t<\/div>\n\t\t\t\t<\/div>\n\t\t\t\t<div class=\"elementor-element elementor-element-4540cc77 elementor-widget elementor-widget-button\" data-id=\"4540cc77\" data-element_type=\"widget\" data-widget_type=\"button.default\">\n\t\t\t\t<div class=\"elementor-widget-container\">\n\t\t\t\t\t\t\t\t\t<div class=\"elementor-button-wrapper\">\n\t\t\t\t\t<a class=\"elementor-button elementor-button-link elementor-size-sm\" href=\"https:\/\/www.naturgy.com\/gl\/sustenibilidade\/medio-ambiente\/goberno-e-xestion-ambiental\/estudos-de-impacto-ambiental\/\">\n\t\t\t\t\t\t<span class=\"elementor-button-content-wrapper\">\n\t\t\t\t\t\t\t\t\t<span class=\"elementor-button-text\">M\u00e1is informaci\u00f3n<\/span>\n\t\t\t\t\t<\/span>\n\t\t\t\t\t<\/a>\n\t\t\t\t<\/div>\n\t\t\t\t\t\t\t\t<\/div>\n\t\t\t\t<\/div>\n\t\t\t\t<\/div>\n\t\t<div class=\"elementor-element elementor-element-36fde4db e-con-full e-flex e-con e-child\" data-id=\"36fde4db\" data-element_type=\"container\">\n\t\t\t\t<div class=\"elementor-element elementor-element-5a3f8e88 elementor-hidden-tablet elementor-hidden-desktop elementor-widget elementor-widget-image\" data-id=\"5a3f8e88\" data-element_type=\"widget\" data-widget_type=\"image.default\">\n\t\t\t\t<div class=\"elementor-widget-container\">\n\t\t\t\t\t\t\t\t\t\t\t\t\t\t\t<img decoding=\"async\" width=\"768\" height=\"512\" src=\"https:\/\/www.naturgy.com\/\/app\/uploads\/2023\/03\/N3_Medio-ambiente_Gobernanza-y-Gestion-ambiental_movil-min-1.png\" class=\"attachment-large size-large wp-image-45041\" alt=\"\" srcset=\"https:\/\/www.naturgy.com\/\/app\/uploads\/2023\/03\/N3_Medio-ambiente_Gobernanza-y-Gestion-ambiental_movil-min-1.png 768w, https:\/\/www.naturgy.com\/\/app\/uploads\/2023\/03\/N3_Medio-ambiente_Gobernanza-y-Gestion-ambiental_movil-min-1-300x200.png 300w\" sizes=\"(max-width: 768px) 100vw, 768px\" \/>\t\t\t\t\t\t\t\t\t\t\t\t\t\t\t<\/div>\n\t\t\t\t<\/div>\n\t\t\t\t<\/div>\n\t\t\t\t<\/div>\n\t\t<div class=\"elementor-element elementor-element-2350bda e-flex e-con-boxed e-con e-parent\" data-id=\"2350bda\" data-element_type=\"container\">\n\t\t\t\t\t<div class=\"e-con-inner\">\n\t\t\t\t<div class=\"elementor-element elementor-element-1f689b6 elementor-widget elementor-widget-spacer\" data-id=\"1f689b6\" data-element_type=\"widget\" data-widget_type=\"spacer.default\">\n\t\t\t\t<div class=\"elementor-widget-container\">\n\t\t\t\t\t\t\t<div class=\"elementor-spacer\">\n\t\t\t<div class=\"elementor-spacer-inner\"><\/div>\n\t\t<\/div>\n\t\t\t\t\t\t<\/div>\n\t\t\t\t<\/div>\n\t\t\t\t\t<\/div>\n\t\t\t\t<\/div>\n\t\t<div class=\"elementor-element elementor-element-5d20c59 e-flex e-con-boxed e-con e-parent\" data-id=\"5d20c59\" data-element_type=\"container\">\n\t\t\t\t\t<div class=\"e-con-inner\">\n\t\t\t\t<div class=\"elementor-element elementor-element-7704904 elementor-widget elementor-widget-heading\" data-id=\"7704904\" data-element_type=\"widget\" data-widget_type=\"heading.default\">\n\t\t\t\t<div class=\"elementor-widget-container\">\n\t\t\t\t\t<h2 class=\"elementor-heading-title elementor-size-default\">Informaci\u00f3n de interese<\/h2>\t\t\t\t<\/div>\n\t\t\t\t<\/div>\n\t\t\t\t\t<\/div>\n\t\t\t\t<\/div>\n\t\t<div class=\"elementor-element elementor-element-6ac134c e-flex e-con-boxed e-con e-parent\" data-id=\"6ac134c\" data-element_type=\"container\">\n\t\t\t\t\t<div class=\"e-con-inner\">\n\t\t\t\t<div class=\"elementor-element elementor-element-b52be63 elementor-widget elementor-widget-spacer\" data-id=\"b52be63\" data-element_type=\"widget\" data-widget_type=\"spacer.default\">\n\t\t\t\t<div class=\"elementor-widget-container\">\n\t\t\t\t\t\t\t<div class=\"elementor-spacer\">\n\t\t\t<div class=\"elementor-spacer-inner\"><\/div>\n\t\t<\/div>\n\t\t\t\t\t\t<\/div>\n\t\t\t\t<\/div>\n\t\t\t\t\t<\/div>\n\t\t\t\t<\/div>\n\t\t<div class=\"elementor-element elementor-element-194116b e-flex e-con-boxed e-con e-parent\" data-id=\"194116b\" data-element_type=\"container\">\n\t\t\t\t\t<div class=\"e-con-inner\">\n\t\t\t\t<div class=\"elementor-element elementor-element-704247a elementor-widget elementor-widget-spacer\" data-id=\"704247a\" data-element_type=\"widget\" data-widget_type=\"spacer.default\">\n\t\t\t\t<div class=\"elementor-widget-container\">\n\t\t\t\t\t\t\t<div class=\"elementor-spacer\">\n\t\t\t<div class=\"elementor-spacer-inner\"><\/div>\n\t\t<\/div>\n\t\t\t\t\t\t<\/div>\n\t\t\t\t<\/div>\n\t\t\t\t\t<\/div>\n\t\t\t\t<\/div>\n\t\t<div class=\"elementor-element elementor-element-61678f57 grid col-3 e-flex e-con-boxed e-con e-parent\" data-id=\"61678f57\" data-element_type=\"container\">\n\t\t\t\t\t<div class=\"e-con-inner\">\n\t\t<div class=\"elementor-element elementor-element-3c21ae54 e-con-full e-flex e-con e-child\" data-id=\"3c21ae54\" data-element_type=\"container\" data-settings=\"{&quot;background_background&quot;:&quot;classic&quot;}\">\n\t\t\t\t<div class=\"elementor-element elementor-element-7e72c28a elementor-widget elementor-widget-image\" data-id=\"7e72c28a\" data-element_type=\"widget\" data-widget_type=\"image.default\">\n\t\t\t\t<div class=\"elementor-widget-container\">\n\t\t\t\t\t\t\t\t\t\t\t\t\t\t\t<img loading=\"lazy\" decoding=\"async\" width=\"250\" height=\"333\" src=\"https:\/\/www.naturgy.com\/\/app\/uploads\/2023\/02\/montaje_logos_250.jpg\" class=\"attachment-medium_large size-medium_large wp-image-25775\" alt=\"\" srcset=\"https:\/\/www.naturgy.com\/\/app\/uploads\/2023\/02\/montaje_logos_250.jpg 250w, https:\/\/www.naturgy.com\/\/app\/uploads\/2023\/02\/montaje_logos_250-225x300.jpg 225w\" sizes=\"(max-width: 250px) 100vw, 250px\" \/>\t\t\t\t\t\t\t\t\t\t\t\t\t\t\t<\/div>\n\t\t\t\t<\/div>\n\t\t<div class=\"elementor-element elementor-element-12e65e45 e-con-full e-flex e-con e-child\" data-id=\"12e65e45\" data-element_type=\"container\">\n\t\t\t\t<div class=\"elementor-element elementor-element-cd5a320 elementor-widget elementor-widget-heading\" data-id=\"cd5a320\" data-element_type=\"widget\" data-widget_type=\"heading.default\">\n\t\t\t\t<div class=\"elementor-widget-container\">\n\t\t\t\t\t<div class=\"elementor-heading-title elementor-size-default\">\u00cdndices de sostenibilidade<\/div>\t\t\t\t<\/div>\n\t\t\t\t<\/div>\n\t\t\t\t<div class=\"elementor-element elementor-element-1c8eb7b1 elementor-widget elementor-widget-text-editor\" data-id=\"1c8eb7b1\" data-element_type=\"widget\" data-widget_type=\"text-editor.default\">\n\t\t\t\t<div class=\"elementor-widget-container\">\n\t\t\t\t\t\t\t\t\t<p><a href=\"https:\/\/www.naturgy.com\/sostenibilidad\/responsabilidad-corporativa\/indices-de-sostenibilidad\/\">Accede<\/a><\/p>\n\t\t\t\t\t\t\t\t<\/div>\n\t\t\t\t<\/div>\n\t\t\t\t<\/div>\n\t\t\t\t<\/div>\n\t\t<div class=\"elementor-element elementor-element-5b234a75 e-con-full e-flex e-con e-child\" data-id=\"5b234a75\" data-element_type=\"container\" data-settings=\"{&quot;background_background&quot;:&quot;classic&quot;}\">\n\t\t\t\t<div class=\"elementor-element elementor-element-17119a62 elementor-widget elementor-widget-image\" data-id=\"17119a62\" data-element_type=\"widget\" data-widget_type=\"image.default\">\n\t\t\t\t<div class=\"elementor-widget-container\">\n\t\t\t\t\t\t\t\t\t\t\t\t\t\t\t<img loading=\"lazy\" decoding=\"async\" width=\"267\" height=\"189\" src=\"https:\/\/www.naturgy.com\/\/app\/uploads\/2023\/06\/thumbnail_image001.png\" class=\"attachment-medium_large size-medium_large wp-image-78680\" alt=\"\" \/>\t\t\t\t\t\t\t\t\t\t\t\t\t\t\t<\/div>\n\t\t\t\t<\/div>\n\t\t<div class=\"elementor-element elementor-element-13734247 e-con-full e-flex e-con e-child\" data-id=\"13734247\" data-element_type=\"container\">\n\t\t\t\t<div class=\"elementor-element elementor-element-5cf60475 elementor-widget elementor-widget-heading\" data-id=\"5cf60475\" data-element_type=\"widget\" data-widget_type=\"heading.default\">\n\t\t\t\t<div class=\"elementor-widget-container\">\n\t\t\t\t\t<div class=\"elementor-heading-title elementor-size-default\">Certificaci\u00f3ns ambientais<\/div>\t\t\t\t<\/div>\n\t\t\t\t<\/div>\n\t\t\t\t<div class=\"elementor-element elementor-element-69705a1b elementor-widget elementor-widget-text-editor\" data-id=\"69705a1b\" data-element_type=\"widget\" data-widget_type=\"text-editor.default\">\n\t\t\t\t<div class=\"elementor-widget-container\">\n\t\t\t\t\t\t\t\t\t<p><a href=\"https:\/\/www.naturgy.com\/sostenibilidad\/responsabilidad-corporativa\/certificaciones\/\">Accede<\/a><\/p>\n\t\t\t\t\t\t\t\t<\/div>\n\t\t\t\t<\/div>\n\t\t\t\t<\/div>\n\t\t\t\t<\/div>\n\t\t<div class=\"elementor-element elementor-element-530ee39d e-con-full e-flex e-con e-child\" data-id=\"530ee39d\" data-element_type=\"container\" data-settings=\"{&quot;background_background&quot;:&quot;classic&quot;}\">\n\t\t\t\t<div class=\"elementor-element elementor-element-cc1ba66 elementor-widget elementor-widget-image\" data-id=\"cc1ba66\" data-element_type=\"widget\" data-widget_type=\"image.default\">\n\t\t\t\t<div class=\"elementor-widget-container\">\n\t\t\t\t\t\t\t\t\t\t\t\t\t\t\t<img loading=\"lazy\" decoding=\"async\" width=\"680\" height=\"322\" src=\"https:\/\/www.naturgy.com\/\/app\/uploads\/2023\/03\/CONAMA-2022.png\" class=\"attachment-medium_large size-medium_large wp-image-55549\" alt=\"\" srcset=\"https:\/\/www.naturgy.com\/\/app\/uploads\/2023\/03\/CONAMA-2022.png 680w, https:\/\/www.naturgy.com\/\/app\/uploads\/2023\/03\/CONAMA-2022-300x142.png 300w\" sizes=\"(max-width: 680px) 100vw, 680px\" \/>\t\t\t\t\t\t\t\t\t\t\t\t\t\t\t<\/div>\n\t\t\t\t<\/div>\n\t\t<div class=\"elementor-element elementor-element-101b16cc e-con-full e-flex e-con e-child\" data-id=\"101b16cc\" data-element_type=\"container\">\n\t\t\t\t<div class=\"elementor-element elementor-element-29d26ede elementor-widget elementor-widget-heading\" data-id=\"29d26ede\" data-element_type=\"widget\" data-widget_type=\"heading.default\">\n\t\t\t\t<div class=\"elementor-widget-container\">\n\t\t\t\t\t<div class=\"elementor-heading-title elementor-size-default\">Patrocinio CONAMA 2022<\/div>\t\t\t\t<\/div>\n\t\t\t\t<\/div>\n\t\t\t\t<div class=\"elementor-element elementor-element-2f4bf23f elementor-widget elementor-widget-text-editor\" data-id=\"2f4bf23f\" data-element_type=\"widget\" data-widget_type=\"text-editor.default\">\n\t\t\t\t<div class=\"elementor-widget-container\">\n\t\t\t\t\t\t\t\t\t<p><a href=\"https:\/\/2022.conama.org\/\" target=\"_blank\" rel=\"noopener\">Accede<\/a><\/p>\n\t\t\t\t\t\t\t\t<\/div>\n\t\t\t\t<\/div>\n\t\t\t\t<\/div>\n\t\t\t\t<\/div>\n\t\t\t\t\t<\/div>\n\t\t\t\t<\/div>\n\t\t<div class=\"elementor-element elementor-element-707f0928 e-con-full e-flex e-con e-parent\" data-id=\"707f0928\" data-element_type=\"container\">\n\t\t\t\t<div class=\"elementor-element elementor-element-659ea30 elementor-widget elementor-widget-spacer\" data-id=\"659ea30\" data-element_type=\"widget\" data-widget_type=\"spacer.default\">\n\t\t\t\t<div class=\"elementor-widget-container\">\n\t\t\t\t\t\t\t<div class=\"elementor-spacer\">\n\t\t\t<div class=\"elementor-spacer-inner\"><\/div>\n\t\t<\/div>\n\t\t\t\t\t\t<\/div>\n\t\t\t\t<\/div>\n\t\t\t\t<\/div>\n\t\t\t\t<\/div>\n\t\t","protected":false},"excerpt":{"rendered":"<p>Os nosos compromisos C\u00f3mo o facemos \u00a0 Garantir o cumprimento da lexislaci\u00f3n ambiental e de requisitos voluntarios m\u00e1is\u00a0esixentes; anticipando a adaptaci\u00f3n \u00e1s novas regulaci\u00f3ns. \u00a0 Previr a contaminaci\u00f3n e reducir os impactos ambientais ao longo da cadea\u00a0de valor, mediante a formaci\u00f3n dos empregados e fomentando tanto a s\u00faa implicaci\u00f3n\u00a0como a das empresas colaboradoras e partes [&hellip;]<\/p>\n","protected":false},"author":5,"featured_media":0,"parent":59786,"menu_order":4,"comment_status":"closed","ping_status":"closed","template":"","meta":{"_acf_changed":false,"footnotes":""},"class_list":["post-41278","page","type-page","status-publish","hentry"],"acf":[],"_links":{"self":[{"href":"https:\/\/www.naturgy.com\/gl\/wp-json\/wp\/v2\/pages\/41278","targetHints":{"allow":["GET"]}}],"collection":[{"href":"https:\/\/www.naturgy.com\/gl\/wp-json\/wp\/v2\/pages"}],"about":[{"href":"https:\/\/www.naturgy.com\/gl\/wp-json\/wp\/v2\/types\/page"}],"author":[{"embeddable":true,"href":"https:\/\/www.naturgy.com\/gl\/wp-json\/wp\/v2\/users\/5"}],"replies":[{"embeddable":true,"href":"https:\/\/www.naturgy.com\/gl\/wp-json\/wp\/v2\/comments?post=41278"}],"version-history":[{"count":30,"href":"https:\/\/www.naturgy.com\/gl\/wp-json\/wp\/v2\/pages\/41278\/revisions"}],"predecessor-version":[{"id":142303,"href":"https:\/\/www.naturgy.com\/gl\/wp-json\/wp\/v2\/pages\/41278\/revisions\/142303"}],"up":[{"embeddable":true,"href":"https:\/\/www.naturgy.com\/gl\/wp-json\/wp\/v2\/pages\/59786"}],"wp:attachment":[{"href":"https:\/\/www.naturgy.com\/gl\/wp-json\/wp\/v2\/media?parent=41278"}],"curies":[{"name":"wp","href":"https:\/\/api.w.org\/{rel}","templated":true}]}}