{"id":41321,"date":"2023-02-15T17:29:22","date_gmt":"2023-02-15T16:29:22","guid":{"rendered":"https:\/\/www.naturgy.com\/corporate-governance\/junta-general-de-accionistas-2017\/"},"modified":"2023-04-03T13:54:20","modified_gmt":"2023-04-03T11:54:20","slug":"xunta-xeral-de-accionistas-2017","status":"publish","type":"page","link":"https:\/\/www.naturgy.com\/gl\/accionistas-e-investidores\/goberno-corporativo\/xunta-xeral-de-accionistas-2017\/","title":{"rendered":"Xunta Xeral de Accionistas 2017"},"content":{"rendered":"\t\t<div data-elementor-type=\"wp-page\" data-elementor-id=\"41321\" class=\"elementor elementor-41321 elementor-24905\" data-elementor-post-type=\"page\">\n\t\t\t\t<div class=\"elementor-element elementor-element-25f0f484 e-flex e-con-boxed e-con e-parent\" data-id=\"25f0f484\" data-element_type=\"container\">\n\t\t\t\t\t<div class=\"e-con-inner\">\n\t\t<div class=\"elementor-element elementor-element-2a52e945 e-con-full e-flex e-con e-parent\" data-id=\"2a52e945\" data-element_type=\"container\">\n\t\t\t\t<div class=\"elementor-element elementor-element-78ae5ca4 elementor-widget elementor-widget-shortcode\" data-id=\"78ae5ca4\" data-element_type=\"widget\" data-widget_type=\"shortcode.default\">\n\t\t\t\t<div class=\"elementor-widget-container\">\n\t\t\t\t\t\t\t<div class=\"elementor-shortcode\"><nav aria-label=\"breadcrumbs\" class=\"rank-math-breadcrumb\"><p><span class=\"last\">Comeza<\/span><\/p><\/nav><\/div>\n\t\t\t\t\t\t<\/div>\n\t\t\t\t<\/div>\n\t\t\t\t<div class=\"elementor-element elementor-element-7997dc10 elementor-widget elementor-widget-heading\" data-id=\"7997dc10\" data-element_type=\"widget\" data-widget_type=\"heading.default\">\n\t\t\t\t<div class=\"elementor-widget-container\">\n\t\t\t\t\t<h1 class=\"elementor-heading-title elementor-size-default\">Xunta Xeral de Accionistas 2017<\/h1>\t\t\t\t<\/div>\n\t\t\t\t<\/div>\n\t\t\t\t<\/div>\n\t\t<div class=\"elementor-element elementor-element-6a322b95 e-con-full e-flex e-con e-parent\" data-id=\"6a322b95\" data-element_type=\"container\">\n\t\t\t\t<div class=\"elementor-element elementor-element-5d6c50bf elementor-widget elementor-widget-spacer\" data-id=\"5d6c50bf\" data-element_type=\"widget\" data-widget_type=\"spacer.default\">\n\t\t\t\t<div class=\"elementor-widget-container\">\n\t\t\t\t\t\t\t<div class=\"elementor-spacer\">\n\t\t\t<div class=\"elementor-spacer-inner\"><\/div>\n\t\t<\/div>\n\t\t\t\t\t\t<\/div>\n\t\t\t\t<\/div>\n\t\t\t\t<div class=\"elementor-element elementor-element-51f01840 elementor-widget elementor-widget-image\" data-id=\"51f01840\" data-element_type=\"widget\" data-widget_type=\"image.default\">\n\t\t\t\t<div class=\"elementor-widget-container\">\n\t\t\t\t\t\t\t\t\t\t\t\t<figure class=\"wp-caption\">\n\t\t\t\t\t\t\t\t\t\t<img fetchpriority=\"high\" decoding=\"async\" width=\"1911\" height=\"469\" src=\"https:\/\/www.naturgy.com\/\/app\/uploads\/2023\/02\/2017.png\" class=\"attachment-full size-full wp-image-27591\" alt=\"\" srcset=\"https:\/\/www.naturgy.com\/\/app\/uploads\/2023\/02\/2017.png 1911w, https:\/\/www.naturgy.com\/\/app\/uploads\/2023\/02\/2017-300x74.png 300w, https:\/\/www.naturgy.com\/\/app\/uploads\/2023\/02\/2017-1024x251.png 1024w, https:\/\/www.naturgy.com\/\/app\/uploads\/2023\/02\/2017-768x188.png 768w, https:\/\/www.naturgy.com\/\/app\/uploads\/2023\/02\/2017-1536x377.png 1536w\" sizes=\"(max-width: 1911px) 100vw, 1911px\" \/>\t\t\t\t\t\t\t\t\t\t\t<figcaption class=\"widget-image-caption wp-caption-text\"><\/figcaption>\n\t\t\t\t\t\t\t\t\t\t<\/figure>\n\t\t\t\t\t\t\t\t\t<\/div>\n\t\t\t\t<\/div>\n\t\t\t\t<\/div>\n\t\t\t\t\t<\/div>\n\t\t\t\t<\/div>\n\t\t<div class=\"elementor-element elementor-element-c0b73df e-con-full e-flex e-con e-parent\" data-id=\"c0b73df\" data-element_type=\"container\">\n\t\t\t\t<div class=\"elementor-element elementor-element-91ac41f elementor-widget elementor-widget-spacer\" data-id=\"91ac41f\" data-element_type=\"widget\" data-widget_type=\"spacer.default\">\n\t\t\t\t<div class=\"elementor-widget-container\">\n\t\t\t\t\t\t\t<div class=\"elementor-spacer\">\n\t\t\t<div class=\"elementor-spacer-inner\"><\/div>\n\t\t<\/div>\n\t\t\t\t\t\t<\/div>\n\t\t\t\t<\/div>\n\t\t\t\t<\/div>\n\t\t<div class=\"elementor-element elementor-element-b973dd3 e-flex e-con-boxed e-con e-parent\" data-id=\"b973dd3\" data-element_type=\"container\">\n\t\t\t\t\t<div class=\"e-con-inner\">\n\t\t\t\t<div class=\"elementor-element elementor-element-a847a74 has-icon elementor-widget elementor-widget-accordion\" data-id=\"a847a74\" data-element_type=\"widget\" data-widget_type=\"accordion.default\">\n\t\t\t\t<div class=\"elementor-widget-container\">\n\t\t\t\t\t\t\t<div class=\"elementor-accordion\">\n\t\t\t\t\t\t\t<div class=\"elementor-accordion-item\">\n\t\t\t\t\t<div id=\"elementor-tab-title-1761\" class=\"elementor-tab-title\" data-tab=\"1\" role=\"button\" aria-controls=\"elementor-tab-content-1761\" aria-expanded=\"false\">\n\t\t\t\t\t\t\t\t\t\t\t\t\t<span class=\"elementor-accordion-icon elementor-accordion-icon-right\" aria-hidden=\"true\">\n\t\t\t\t\t\t\t\t\t\t\t\t\t\t\t<span class=\"elementor-accordion-icon-closed\"><i class=\"fas fa-chevron-down\"><\/i><\/span>\n\t\t\t\t\t\t\t\t<span class=\"elementor-accordion-icon-opened\"><i class=\"fas fa-chevron-up\"><\/i><\/span>\n\t\t\t\t\t\t\t\t\t\t\t\t\t\t<\/span>\n\t\t\t\t\t\t\t\t\t\t\t\t<a class=\"elementor-accordion-title\" tabindex=\"0\">Nota de prensa<\/a>\n\t\t\t\t\t<\/div>\n\t\t\t\t\t<div id=\"elementor-tab-content-1761\" class=\"elementor-tab-content elementor-clearfix\" data-tab=\"1\" role=\"region\" aria-labelledby=\"elementor-tab-title-1761\"><p><a href=\"https:\/\/stproportalcorporativo.blob.core.windows.net\/uploads\/2023\/02\/NP-Junta-Gas-Natural-Fenosa.pdf\" target=\"_blank\" rel=\"noopener\">Nota de prensa 2017<\/a><\/p><\/div>\n\t\t\t\t<\/div>\n\t\t\t\t\t\t\t<div class=\"elementor-accordion-item\">\n\t\t\t\t\t<div id=\"elementor-tab-title-1762\" class=\"elementor-tab-title\" data-tab=\"2\" role=\"button\" aria-controls=\"elementor-tab-content-1762\" aria-expanded=\"false\">\n\t\t\t\t\t\t\t\t\t\t\t\t\t<span class=\"elementor-accordion-icon elementor-accordion-icon-right\" aria-hidden=\"true\">\n\t\t\t\t\t\t\t\t\t\t\t\t\t\t\t<span class=\"elementor-accordion-icon-closed\"><i class=\"fas fa-chevron-down\"><\/i><\/span>\n\t\t\t\t\t\t\t\t<span class=\"elementor-accordion-icon-opened\"><i class=\"fas fa-chevron-up\"><\/i><\/span>\n\t\t\t\t\t\t\t\t\t\t\t\t\t\t<\/span>\n\t\t\t\t\t\t\t\t\t\t\t\t<a class=\"elementor-accordion-title\" tabindex=\"0\">Convocatoria Xunta Xeral<\/a>\n\t\t\t\t\t<\/div>\n\t\t\t\t\t<div id=\"elementor-tab-content-1762\" class=\"elementor-tab-content elementor-clearfix\" data-tab=\"2\" role=\"region\" aria-labelledby=\"elementor-tab-title-1762\"><p><a href=\"https:\/\/stproportalcorporativo.blob.core.windows.net\/uploads\/2023\/02\/DOC1-ConvocatoriaJGOGN20-04-2017.pdf\" target=\"_blank\" rel=\"noopener\">Convocatoria Xunta Xeral Ordinaria de Accionistas 2017<\/a><\/p><\/div>\n\t\t\t\t<\/div>\n\t\t\t\t\t\t\t<div class=\"elementor-accordion-item\">\n\t\t\t\t\t<div id=\"elementor-tab-title-1763\" class=\"elementor-tab-title\" data-tab=\"3\" role=\"button\" aria-controls=\"elementor-tab-content-1763\" aria-expanded=\"false\">\n\t\t\t\t\t\t\t\t\t\t\t\t\t<span class=\"elementor-accordion-icon elementor-accordion-icon-right\" aria-hidden=\"true\">\n\t\t\t\t\t\t\t\t\t\t\t\t\t\t\t<span class=\"elementor-accordion-icon-closed\"><i class=\"fas fa-chevron-down\"><\/i><\/span>\n\t\t\t\t\t\t\t\t<span class=\"elementor-accordion-icon-opened\"><i class=\"fas fa-chevron-up\"><\/i><\/span>\n\t\t\t\t\t\t\t\t\t\t\t\t\t\t<\/span>\n\t\t\t\t\t\t\t\t\t\t\t\t<a class=\"elementor-accordion-title\" tabindex=\"0\">Proposta de acordos correspondentes a cada un dos puntos da Orde do D\u00eda da Xunta Xeral.<\/a>\n\t\t\t\t\t<\/div>\n\t\t\t\t\t<div id=\"elementor-tab-content-1763\" class=\"elementor-tab-content elementor-clearfix\" data-tab=\"3\" role=\"region\" aria-labelledby=\"elementor-tab-title-1763\"><p><a href=\"https:\/\/stproportalcorporativo.blob.core.windows.net\/uploads\/2023\/02\/DOC2-PROPUESTADEACUERDOSJUNTA2017.pdf\" target=\"_blank\" rel=\"noopener\">Proposta de acordos correspondentes a cada un dos puntos da Orde do D\u00eda da Xunta Xeral.<\/a><\/p><\/div>\n\t\t\t\t<\/div>\n\t\t\t\t\t\t\t<div class=\"elementor-accordion-item\">\n\t\t\t\t\t<div id=\"elementor-tab-title-1764\" class=\"elementor-tab-title\" data-tab=\"4\" role=\"button\" aria-controls=\"elementor-tab-content-1764\" aria-expanded=\"false\">\n\t\t\t\t\t\t\t\t\t\t\t\t\t<span class=\"elementor-accordion-icon elementor-accordion-icon-right\" aria-hidden=\"true\">\n\t\t\t\t\t\t\t\t\t\t\t\t\t\t\t<span class=\"elementor-accordion-icon-closed\"><i class=\"fas fa-chevron-down\"><\/i><\/span>\n\t\t\t\t\t\t\t\t<span class=\"elementor-accordion-icon-opened\"><i class=\"fas fa-chevron-up\"><\/i><\/span>\n\t\t\t\t\t\t\t\t\t\t\t\t\t\t<\/span>\n\t\t\t\t\t\t\t\t\t\t\t\t<a class=\"elementor-accordion-title\" tabindex=\"0\">N\u00famero total de acci\u00f3ns e dereitos de voto na data da convocatoria da Xunta Xeral<\/a>\n\t\t\t\t\t<\/div>\n\t\t\t\t\t<div id=\"elementor-tab-content-1764\" class=\"elementor-tab-content elementor-clearfix\" data-tab=\"4\" role=\"region\" aria-labelledby=\"elementor-tab-title-1764\"><p><a href=\"https:\/\/stproportalcorporativo.blob.core.windows.net\/uploads\/2023\/02\/DOC3-DOC3-NoTOTALDEACCIONESYDERECHOSDEVOTO.pdf\" target=\"_blank\" rel=\"noopener\">N\u00famero total de acci\u00f3ns e dereitos de voto<\/a><\/p><\/div>\n\t\t\t\t<\/div>\n\t\t\t\t\t\t\t<div class=\"elementor-accordion-item\">\n\t\t\t\t\t<div id=\"elementor-tab-title-1765\" class=\"elementor-tab-title\" data-tab=\"5\" role=\"button\" aria-controls=\"elementor-tab-content-1765\" aria-expanded=\"false\">\n\t\t\t\t\t\t\t\t\t\t\t\t\t<span class=\"elementor-accordion-icon elementor-accordion-icon-right\" aria-hidden=\"true\">\n\t\t\t\t\t\t\t\t\t\t\t\t\t\t\t<span class=\"elementor-accordion-icon-closed\"><i class=\"fas fa-chevron-down\"><\/i><\/span>\n\t\t\t\t\t\t\t\t<span class=\"elementor-accordion-icon-opened\"><i class=\"fas fa-chevron-up\"><\/i><\/span>\n\t\t\t\t\t\t\t\t\t\t\t\t\t\t<\/span>\n\t\t\t\t\t\t\t\t\t\t\t\t<a class=\"elementor-accordion-title\" tabindex=\"0\">Contas Anuais e Informes de Auditor\u00eda<\/a>\n\t\t\t\t\t<\/div>\n\t\t\t\t\t<div id=\"elementor-tab-content-1765\" class=\"elementor-tab-content elementor-clearfix\" data-tab=\"5\" role=\"region\" aria-labelledby=\"elementor-tab-title-1765\"><p><a href=\"https:\/\/stproportalcorporativo.blob.core.windows.net\/uploads\/2023\/02\/DOC4-EstadosFinancierosGasNaturalSDG2016.pdf\" target=\"_blank\" rel=\"noopener\">Contas Anuais e Informe de Xesti\u00f3n de GAS NATURAL SDG, S.A. correspondentes ao exercicio de 2016<\/a><\/p><p><a href=\"https:\/\/stproportalcorporativo.blob.core.windows.net\/uploads\/2023\/02\/DOC5-EstadosFinancierosGNFConsolidados2016.pdf\" target=\"_blank\" rel=\"noopener\">Contas Anuais e Informe de Xesti\u00f3n Consolidados de GAS NATURAL SDG, S.A. correspondentes ao exercicio de 2016<\/a><\/p><p><a href=\"https:\/\/stproportalcorporativo.blob.core.windows.net\/uploads\/2023\/02\/DOC6_Informedeauditoria.pdf\" target=\"_blank\" rel=\"noopener\">Informes emitidos pola firma de auditor\u00eda respecto das Contas Anuais e Informe de Xesti\u00f3n da Sociedade e do seu Grupo Consolidado correspondentes ao exercicio de 2016<\/a><\/p><\/div>\n\t\t\t\t<\/div>\n\t\t\t\t\t\t\t<div class=\"elementor-accordion-item\">\n\t\t\t\t\t<div id=\"elementor-tab-title-1766\" class=\"elementor-tab-title\" data-tab=\"6\" role=\"button\" aria-controls=\"elementor-tab-content-1766\" aria-expanded=\"false\">\n\t\t\t\t\t\t\t\t\t\t\t\t\t<span class=\"elementor-accordion-icon elementor-accordion-icon-right\" aria-hidden=\"true\">\n\t\t\t\t\t\t\t\t\t\t\t\t\t\t\t<span class=\"elementor-accordion-icon-closed\"><i class=\"fas fa-chevron-down\"><\/i><\/span>\n\t\t\t\t\t\t\t\t<span class=\"elementor-accordion-icon-opened\"><i class=\"fas fa-chevron-up\"><\/i><\/span>\n\t\t\t\t\t\t\t\t\t\t\t\t\t\t<\/span>\n\t\t\t\t\t\t\t\t\t\t\t\t<a class=\"elementor-accordion-title\" tabindex=\"0\">Informes Anuais, Proposta e Informe sobre a Pol\u00edtica de remuneraci\u00f3ns<\/a>\n\t\t\t\t\t<\/div>\n\t\t\t\t\t<div id=\"elementor-tab-content-1766\" class=\"elementor-tab-content elementor-clearfix\" data-tab=\"6\" role=\"region\" aria-labelledby=\"elementor-tab-title-1766\"><p><a href=\"https:\/\/stproportalcorporativo.blob.core.windows.net\/uploads\/2023\/02\/DOC7IGC_2016.pdf\" target=\"_blank\" rel=\"noopener\">Informe Anual de Goberno Corporativo 2016<\/a><\/p><p><a href=\"https:\/\/stproportalcorporativo.blob.core.windows.net\/uploads\/2023\/02\/DOC8-IRC_DEFINITIVOCNMV_07228021H.pdf\" target=\"_blank\" rel=\"noopener\">Informe Anual sobre remuneraci\u00f3ns dos membros do Consello de administraci\u00f3n<\/a><\/p><p><a href=\"https:\/\/stproportalcorporativo.blob.core.windows.net\/uploads\/2023\/02\/DOC9-PoliticaderemuneracionesdelosConsejeros.pdf\" target=\"_blank\" rel=\"noopener\">Proposta sobre a Pol\u00edtica de remuneraci\u00f3n dos membros do Consello de administraci\u00f3n<\/a><\/p><p><a href=\"https:\/\/stproportalcorporativo.blob.core.windows.net\/uploads\/2023\/02\/DOC10-inf.Comdenombramientosyretribucionessobrelapoliticaderemuneraciones.pdf\" target=\"_blank\" rel=\"noopener\">Informe da Comisi\u00f3n de Nomeamentos e Retribuci\u00f3ns sobre a Pol\u00edtica de remuneraci\u00f3n dos membros do Consello de administraci\u00f3n correspondente aos exercicios 2018, 2019 e 2020<\/a><\/p><p><a href=\"https:\/\/stproportalcorporativo.blob.core.windows.net\/uploads\/2023\/02\/Borrador_IRC16_ES-1.pdf\" target=\"_blank\" rel=\"noopener\">Informe de Responsabilidad Corporativa<\/a><\/p><p><a href=\"https:\/\/stproportalcorporativo.blob.core.windows.net\/uploads\/2023\/02\/DOC12-ICA_caste_2016.pdf\" target=\"_blank\" rel=\"noopener\">Informe da Comisi\u00f3n de Auditor\u00eda e Control sobre as actividades realizadas durante o exercicio de 2016<\/a><\/p><\/div>\n\t\t\t\t<\/div>\n\t\t\t\t\t\t\t<div class=\"elementor-accordion-item\">\n\t\t\t\t\t<div id=\"elementor-tab-title-1767\" class=\"elementor-tab-title\" data-tab=\"7\" role=\"button\" aria-controls=\"elementor-tab-content-1767\" aria-expanded=\"false\">\n\t\t\t\t\t\t\t\t\t\t\t\t\t<span class=\"elementor-accordion-icon elementor-accordion-icon-right\" aria-hidden=\"true\">\n\t\t\t\t\t\t\t\t\t\t\t\t\t\t\t<span class=\"elementor-accordion-icon-closed\"><i class=\"fas fa-chevron-down\"><\/i><\/span>\n\t\t\t\t\t\t\t\t<span class=\"elementor-accordion-icon-opened\"><i class=\"fas fa-chevron-up\"><\/i><\/span>\n\t\t\t\t\t\t\t\t\t\t\t\t\t\t<\/span>\n\t\t\t\t\t\t\t\t\t\t\t\t<a class=\"elementor-accordion-title\" tabindex=\"0\">Informaci\u00f3n complementaria<\/a>\n\t\t\t\t\t<\/div>\n\t\t\t\t\t<div id=\"elementor-tab-content-1767\" class=\"elementor-tab-content elementor-clearfix\" data-tab=\"7\" role=\"region\" aria-labelledby=\"elementor-tab-title-1767\"><p><a href=\"https:\/\/stproportalcorporativo.blob.core.windows.net\/uploads\/2023\/02\/DOC13-INFOMODIFESTATUTOSGENERAL.pdf\" target=\"_blank\" rel=\"noopener\">Informe sobre a modificaci\u00f3n de determinados artigos dos Estatutos Sociais<\/a><\/p><p><a href=\"https:\/\/stproportalcorporativo.blob.core.windows.net\/uploads\/2023\/02\/DOC14INFORMEARTTRANSITORIOGASNATURAL.pdf\" target=\"_blank\" rel=\"noopener\">Informe sobre a autorizaci\u00f3n ao Consello de administraci\u00f3n para que poida aumentar o capital social con exclusi\u00f3n, se \u00e9 o caso, do dereito de subscrici\u00f3n preferente e consecuente modificaci\u00f3n do artigo Transitorio dos Estatutos Sociais<\/a><\/p><p><a href=\"https:\/\/stproportalcorporativo.blob.core.windows.net\/uploads\/2023\/02\/DOC15-INFORMEMODIFICACIONREGLAMENTOCONSEJO.pdf\" target=\"_blank\" rel=\"noopener\">Informe sobre as modificaci\u00f3ns do Regulamento de organizaci\u00f3n e funcionamento do Consello de administraci\u00f3n de GAS NATURAL SDG, S.A. e as s\u00faas comisi\u00f3ns<\/a><\/p><p><a href=\"https:\/\/stproportalcorporativo.blob.core.windows.net\/uploads\/2023\/02\/DOC16-PERFILCONSEJEROSQUESEELIGENENJUNTAGENERAL.pdf\" target=\"_blank\" rel=\"noopener\">Identidade, curr\u00edculo e categor\u00eda de conselleiro das persoas cuxa ratificaci\u00f3n, nomeamento ou reelecci\u00f3n como conselleiros se someta \u00e1 aprobaci\u00f3n da Xunta Xeral<\/a><\/p><p><a href=\"https:\/\/stproportalcorporativo.blob.core.windows.net\/uploads\/2023\/02\/DOC17-INFCONSEJOYCOMNOMBRAMIENTOSREELECCIONCONSEJEROS.pdf\" target=\"_blank\" rel=\"noopener\">Informes da Comisi\u00f3n de Nomeamentos e Retribuci\u00f3ns e do Consello de administraci\u00f3n en relaci\u00f3n \u00e1 ratificaci\u00f3n, nomeamento ou reelecci\u00f3n dos conselleiros que se someta \u00e1 aprobaci\u00f3n da Xunta Xeral<\/a><\/p><p><a href=\"https:\/\/stproportalcorporativo.blob.core.windows.net\/uploads\/2023\/02\/DOC18-Tarjetarepresentacion2017.pdf\" target=\"_blank\" rel=\"noopener\">Modelo de tarxeta de representaci\u00f3n<\/a><\/p><p><a href=\"https:\/\/stproportalcorporativo.blob.core.windows.net\/uploads\/2023\/02\/DOC19-Instrucciones_participacion.pdf\" target=\"_blank\" rel=\"noopener\">Instruci\u00f3ns de participaci\u00f3n. Tarxeta de asistencia<\/a><\/p><\/div>\n\t\t\t\t<\/div>\n\t\t\t\t\t\t\t<div class=\"elementor-accordion-item\">\n\t\t\t\t\t<div id=\"elementor-tab-title-1768\" class=\"elementor-tab-title\" data-tab=\"8\" role=\"button\" aria-controls=\"elementor-tab-content-1768\" aria-expanded=\"false\">\n\t\t\t\t\t\t\t\t\t\t\t\t\t<span class=\"elementor-accordion-icon elementor-accordion-icon-right\" aria-hidden=\"true\">\n\t\t\t\t\t\t\t\t\t\t\t\t\t\t\t<span class=\"elementor-accordion-icon-closed\"><i class=\"fas fa-chevron-down\"><\/i><\/span>\n\t\t\t\t\t\t\t\t<span class=\"elementor-accordion-icon-opened\"><i class=\"fas fa-chevron-up\"><\/i><\/span>\n\t\t\t\t\t\t\t\t\t\t\t\t\t\t<\/span>\n\t\t\t\t\t\t\t\t\t\t\t\t<a class=\"elementor-accordion-title\" tabindex=\"0\">Preguntas frecuentes<\/a>\n\t\t\t\t\t<\/div>\n\t\t\t\t\t<div id=\"elementor-tab-content-1768\" class=\"elementor-tab-content elementor-clearfix\" data-tab=\"8\" role=\"region\" aria-labelledby=\"elementor-tab-title-1768\"><p><a href=\"https:\/\/stproportalcorporativo.blob.core.windows.net\/uploads\/2023\/02\/DOC20QAJuntaGeneral2017Castellano-1.pdf\" target=\"_blank\" rel=\"noopener\">Preguntas frecuentes<\/a><\/p><\/div>\n\t\t\t\t<\/div>\n\t\t\t\t\t\t\t<div class=\"elementor-accordion-item\">\n\t\t\t\t\t<div id=\"elementor-tab-title-1769\" class=\"elementor-tab-title\" data-tab=\"9\" role=\"button\" aria-controls=\"elementor-tab-content-1769\" aria-expanded=\"false\">\n\t\t\t\t\t\t\t\t\t\t\t\t\t<span class=\"elementor-accordion-icon elementor-accordion-icon-right\" aria-hidden=\"true\">\n\t\t\t\t\t\t\t\t\t\t\t\t\t\t\t<span class=\"elementor-accordion-icon-closed\"><i class=\"fas fa-chevron-down\"><\/i><\/span>\n\t\t\t\t\t\t\t\t<span class=\"elementor-accordion-icon-opened\"><i class=\"fas fa-chevron-up\"><\/i><\/span>\n\t\t\t\t\t\t\t\t\t\t\t\t\t\t<\/span>\n\t\t\t\t\t\t\t\t\t\t\t\t<a class=\"elementor-accordion-title\" tabindex=\"0\">Informaciones, aclaraciones o preguntas realizadas por escrito por los accionistas<\/a>\n\t\t\t\t\t<\/div>\n\t\t\t\t\t<div id=\"elementor-tab-content-1769\" class=\"elementor-tab-content elementor-clearfix\" data-tab=\"9\" role=\"region\" aria-labelledby=\"elementor-tab-title-1769\"><p><strong>PREGUNTA ACCIONISTA:<\/strong><br \/>Habilitar voto a trav\u00e9s da web.<br \/><br \/><strong>RESPOSTA<\/strong>:<br \/>GAS NATURAL SDG, S.A. non ten habilitado o voto telem\u00e1tico para esta Xunta Xeral de Accionistas a celebrar en primeira convocatoria o d\u00eda 20 de abril de 2017.<\/p><p>A votaci\u00f3n est\u00e1 prevista de forma presencial ou ben mediante o sistema de representaci\u00f3n a favor doutros accionistas, dos membros do Consello de Administraci\u00f3n ou de calquera persoa que considere conveniente. A tal obxecto, poder\u00e1 obter a tarxeta de representaci\u00f3n solicit\u00e1ndolla \u00e1 entidade participante de IBERCLEAR na que te\u00f1a depositadas as s\u00faas acci\u00f3ns, ou \u00e1 Sociedade ou ben poder\u00e1 descargala da p\u00e1xina <a href=\"http:\/\/www.gasnaturalfenosa.com\" target=\"_blank\" rel=\"noopener\">www.gasnaturalfenosa.com<\/a> (Xunta Xeral de Accionistas 2017). O accionista deber\u00e1 remitirlle \u00e1 Sociedade a trav\u00e9s de correspondencia postal (Unidade de Relaci\u00f3ns con Investidores, Pla\u00e7a del Gas n\u00ba 1, 08003 Barcelona) ou por v\u00eda electr\u00f3nica en formato pdf. <a href=\"mailto:arelinversor@gasnaturalfenosa.com\">arelinversor@gasnaturalfenosa.com<\/a> a tarxeta de representaci\u00f3n debidamente completada.<\/p><\/div>\n\t\t\t\t<\/div>\n\t\t\t\t\t\t\t<div class=\"elementor-accordion-item\">\n\t\t\t\t\t<div id=\"elementor-tab-title-17610\" class=\"elementor-tab-title\" data-tab=\"10\" role=\"button\" aria-controls=\"elementor-tab-content-17610\" aria-expanded=\"false\">\n\t\t\t\t\t\t\t\t\t\t\t\t\t<span class=\"elementor-accordion-icon elementor-accordion-icon-right\" aria-hidden=\"true\">\n\t\t\t\t\t\t\t\t\t\t\t\t\t\t\t<span class=\"elementor-accordion-icon-closed\"><i class=\"fas fa-chevron-down\"><\/i><\/span>\n\t\t\t\t\t\t\t\t<span class=\"elementor-accordion-icon-opened\"><i class=\"fas fa-chevron-up\"><\/i><\/span>\n\t\t\t\t\t\t\t\t\t\t\t\t\t\t<\/span>\n\t\t\t\t\t\t\t\t\t\t\t\t<a class=\"elementor-accordion-title\" tabindex=\"0\">Qu\u00f3rum, votaci\u00f3n e acordos<\/a>\n\t\t\t\t\t<\/div>\n\t\t\t\t\t<div id=\"elementor-tab-content-17610\" class=\"elementor-tab-content elementor-clearfix\" data-tab=\"10\" role=\"region\" aria-labelledby=\"elementor-tab-title-17610\"><p><a href=\"https:\/\/stproportalcorporativo.blob.core.windows.net\/uploads\/2023\/02\/QUORUMACUERDOSYVOTACIONES2017.pdf\" target=\"_blank\" rel=\"noopener\">Qu\u00f3rum, votaci\u00f3n e acordos<\/a><\/p><\/div>\n\t\t\t\t<\/div>\n\t\t\t\t\t\t\t\t<\/div>\n\t\t\t\t\t\t<\/div>\n\t\t\t\t<\/div>\n\t\t\t\t\t<\/div>\n\t\t\t\t<\/div>\n\t\t<div class=\"elementor-element elementor-element-b855966 e-con-full e-flex e-con e-parent\" data-id=\"b855966\" data-element_type=\"container\">\n\t\t\t\t<div class=\"elementor-element elementor-element-4cc5f462 elementor-widget elementor-widget-spacer\" data-id=\"4cc5f462\" data-element_type=\"widget\" data-widget_type=\"spacer.default\">\n\t\t\t\t<div class=\"elementor-widget-container\">\n\t\t\t\t\t\t\t<div class=\"elementor-spacer\">\n\t\t\t<div class=\"elementor-spacer-inner\"><\/div>\n\t\t<\/div>\n\t\t\t\t\t\t<\/div>\n\t\t\t\t<\/div>\n\t\t\t\t<\/div>\n\t\t\t\t<\/div>\n\t\t","protected":false},"excerpt":{"rendered":"<p>Nota de prensa Nota de prensa 2017 Convocatoria Xunta Xeral Convocatoria Xunta Xeral Ordinaria de Accionistas 2017 Proposta de acordos correspondentes a cada un dos puntos da Orde do D\u00eda da Xunta Xeral. Proposta de acordos correspondentes a cada un dos puntos da Orde do D\u00eda da Xunta Xeral. N\u00famero total de acci\u00f3ns e dereitos [&hellip;]<\/p>\n","protected":false},"author":5,"featured_media":0,"parent":40227,"menu_order":9,"comment_status":"closed","ping_status":"closed","template":"","meta":{"_acf_changed":false,"footnotes":""},"class_list":["post-41321","page","type-page","status-publish","hentry"],"acf":[],"_links":{"self":[{"href":"https:\/\/www.naturgy.com\/gl\/wp-json\/wp\/v2\/pages\/41321","targetHints":{"allow":["GET"]}}],"collection":[{"href":"https:\/\/www.naturgy.com\/gl\/wp-json\/wp\/v2\/pages"}],"about":[{"href":"https:\/\/www.naturgy.com\/gl\/wp-json\/wp\/v2\/types\/page"}],"author":[{"embeddable":true,"href":"https:\/\/www.naturgy.com\/gl\/wp-json\/wp\/v2\/users\/5"}],"replies":[{"embeddable":true,"href":"https:\/\/www.naturgy.com\/gl\/wp-json\/wp\/v2\/comments?post=41321"}],"version-history":[{"count":6,"href":"https:\/\/www.naturgy.com\/gl\/wp-json\/wp\/v2\/pages\/41321\/revisions"}],"predecessor-version":[{"id":60706,"href":"https:\/\/www.naturgy.com\/gl\/wp-json\/wp\/v2\/pages\/41321\/revisions\/60706"}],"up":[{"embeddable":true,"href":"https:\/\/www.naturgy.com\/gl\/wp-json\/wp\/v2\/pages\/40227"}],"wp:attachment":[{"href":"https:\/\/www.naturgy.com\/gl\/wp-json\/wp\/v2\/media?parent=41321"}],"curies":[{"name":"wp","href":"https:\/\/api.w.org\/{rel}","templated":true}]}}