{"id":41329,"date":"2023-02-09T12:27:42","date_gmt":"2023-02-09T11:27:42","guid":{"rendered":"https:\/\/www.naturgy.com\/corporate-governance\/2013-general-shareholders-meeting\/"},"modified":"2023-03-08T13:25:07","modified_gmt":"2023-03-08T12:25:07","slug":"xunta-xeneral-de-accionistas-2013","status":"publish","type":"page","link":"https:\/\/www.naturgy.com\/gl\/accionistas-e-investidores\/goberno-corporativo\/xunta-xeneral-de-accionistas-2013\/","title":{"rendered":"Xunta Xeneral de Accionistas 2013"},"content":{"rendered":"\t\t<div data-elementor-type=\"wp-page\" data-elementor-id=\"41329\" class=\"elementor elementor-41329 elementor-18183\" data-elementor-post-type=\"page\">\n\t\t\t\t<div class=\"elementor-element elementor-element-2214e776 e-flex e-con-boxed e-con e-parent\" data-id=\"2214e776\" data-element_type=\"container\">\n\t\t\t\t\t<div class=\"e-con-inner\">\n\t\t<div class=\"elementor-element elementor-element-22151806 e-con-full e-flex e-con e-parent\" data-id=\"22151806\" data-element_type=\"container\">\n\t\t\t\t<div class=\"elementor-element elementor-element-377b5caf elementor-widget elementor-widget-shortcode\" data-id=\"377b5caf\" data-element_type=\"widget\" data-widget_type=\"shortcode.default\">\n\t\t\t\t<div class=\"elementor-widget-container\">\n\t\t\t\t\t\t\t<div class=\"elementor-shortcode\"><nav aria-label=\"breadcrumbs\" class=\"rank-math-breadcrumb\"><p><span class=\"last\">Comeza<\/span><\/p><\/nav><\/div>\n\t\t\t\t\t\t<\/div>\n\t\t\t\t<\/div>\n\t\t\t\t<div class=\"elementor-element elementor-element-4c994ef3 elementor-widget elementor-widget-heading\" data-id=\"4c994ef3\" data-element_type=\"widget\" data-widget_type=\"heading.default\">\n\t\t\t\t<div class=\"elementor-widget-container\">\n\t\t\t\t\t<h1 class=\"elementor-heading-title elementor-size-default\">Xunta Xeneral de Accionistas 2013<\/h1>\t\t\t\t<\/div>\n\t\t\t\t<\/div>\n\t\t\t\t<\/div>\n\t\t<div class=\"elementor-element elementor-element-32ead3c e-con-full e-flex e-con e-parent\" data-id=\"32ead3c\" data-element_type=\"container\">\n\t\t\t\t<div class=\"elementor-element elementor-element-99285b4 elementor-widget elementor-widget-spacer\" data-id=\"99285b4\" data-element_type=\"widget\" data-widget_type=\"spacer.default\">\n\t\t\t\t<div class=\"elementor-widget-container\">\n\t\t\t\t\t\t\t<div class=\"elementor-spacer\">\n\t\t\t<div class=\"elementor-spacer-inner\"><\/div>\n\t\t<\/div>\n\t\t\t\t\t\t<\/div>\n\t\t\t\t<\/div>\n\t\t\t\t<div class=\"elementor-element elementor-element-2e246b15 elementor-widget elementor-widget-image\" data-id=\"2e246b15\" data-element_type=\"widget\" data-widget_type=\"image.default\">\n\t\t\t\t<div class=\"elementor-widget-container\">\n\t\t\t\t\t\t\t\t\t\t\t\t\t\t\t<img fetchpriority=\"high\" decoding=\"async\" width=\"2500\" height=\"600\" src=\"https:\/\/www.naturgy.com\/\/app\/uploads\/2023\/02\/Slider_JuntaGeneralAccionistas2013.jpg\" class=\"attachment-full size-full wp-image-18191\" alt=\"Junta General Accionistas 2013\" srcset=\"https:\/\/www.naturgy.com\/\/app\/uploads\/2023\/02\/Slider_JuntaGeneralAccionistas2013.jpg 2500w, https:\/\/www.naturgy.com\/\/app\/uploads\/2023\/02\/Slider_JuntaGeneralAccionistas2013-300x72.jpg 300w, https:\/\/www.naturgy.com\/\/app\/uploads\/2023\/02\/Slider_JuntaGeneralAccionistas2013-1024x246.jpg 1024w, https:\/\/www.naturgy.com\/\/app\/uploads\/2023\/02\/Slider_JuntaGeneralAccionistas2013-768x184.jpg 768w, https:\/\/www.naturgy.com\/\/app\/uploads\/2023\/02\/Slider_JuntaGeneralAccionistas2013-1536x369.jpg 1536w, https:\/\/www.naturgy.com\/\/app\/uploads\/2023\/02\/Slider_JuntaGeneralAccionistas2013-2048x492.jpg 2048w\" sizes=\"(max-width: 2500px) 100vw, 2500px\" \/>\t\t\t\t\t\t\t\t\t\t\t\t\t\t\t<\/div>\n\t\t\t\t<\/div>\n\t\t\t\t<\/div>\n\t\t<div class=\"elementor-element elementor-element-129d4046 e-con-full e-flex e-con e-parent\" data-id=\"129d4046\" data-element_type=\"container\">\n\t\t\t\t<div class=\"elementor-element elementor-element-191e1db1 elementor-widget elementor-widget-spacer\" data-id=\"191e1db1\" data-element_type=\"widget\" data-widget_type=\"spacer.default\">\n\t\t\t\t<div class=\"elementor-widget-container\">\n\t\t\t\t\t\t\t<div class=\"elementor-spacer\">\n\t\t\t<div class=\"elementor-spacer-inner\"><\/div>\n\t\t<\/div>\n\t\t\t\t\t\t<\/div>\n\t\t\t\t<\/div>\n\t\t\t\t<\/div>\n\t\t\t\t\t<\/div>\n\t\t\t\t<\/div>\n\t\t<div class=\"elementor-element elementor-element-5b427d29 e-flex e-con-boxed e-con e-parent\" data-id=\"5b427d29\" data-element_type=\"container\">\n\t\t\t\t\t<div class=\"e-con-inner\">\n\t\t\t\t<div class=\"elementor-element elementor-element-e87e740 has-icon elementor-widget elementor-widget-accordion\" data-id=\"e87e740\" data-element_type=\"widget\" data-widget_type=\"accordion.default\">\n\t\t\t\t<div class=\"elementor-widget-container\">\n\t\t\t\t\t\t\t<div class=\"elementor-accordion\">\n\t\t\t\t\t\t\t<div class=\"elementor-accordion-item\">\n\t\t\t\t\t<div id=\"elementor-tab-title-2431\" class=\"elementor-tab-title\" data-tab=\"1\" role=\"button\" aria-controls=\"elementor-tab-content-2431\" aria-expanded=\"false\">\n\t\t\t\t\t\t\t\t\t\t\t\t\t<span class=\"elementor-accordion-icon elementor-accordion-icon-right\" aria-hidden=\"true\">\n\t\t\t\t\t\t\t\t\t\t\t\t\t\t\t<span class=\"elementor-accordion-icon-closed\"><i class=\"fas fa-chevron-down\"><\/i><\/span>\n\t\t\t\t\t\t\t\t<span class=\"elementor-accordion-icon-opened\"><i class=\"fas fa-chevron-up\"><\/i><\/span>\n\t\t\t\t\t\t\t\t\t\t\t\t\t\t<\/span>\n\t\t\t\t\t\t\t\t\t\t\t\t<a class=\"elementor-accordion-title\" tabindex=\"0\">Nota de prensa\u200b <\/a>\n\t\t\t\t\t<\/div>\n\t\t\t\t\t<div id=\"elementor-tab-content-2431\" class=\"elementor-tab-content elementor-clearfix\" data-tab=\"1\" role=\"region\" aria-labelledby=\"elementor-tab-title-2431\"><p><a href=\"https:\/\/stproportalcorporativo.blob.core.windows.net\/uploads\/2023\/02\/DOC15_NOTADEPRENSA.pdf\" target=\"_blank\" rel=\"noopener\">Nota de prensa<\/a><\/p><\/div>\n\t\t\t\t<\/div>\n\t\t\t\t\t\t\t<div class=\"elementor-accordion-item\">\n\t\t\t\t\t<div id=\"elementor-tab-title-2432\" class=\"elementor-tab-title\" data-tab=\"2\" role=\"button\" aria-controls=\"elementor-tab-content-2432\" aria-expanded=\"false\">\n\t\t\t\t\t\t\t\t\t\t\t\t\t<span class=\"elementor-accordion-icon elementor-accordion-icon-right\" aria-hidden=\"true\">\n\t\t\t\t\t\t\t\t\t\t\t\t\t\t\t<span class=\"elementor-accordion-icon-closed\"><i class=\"fas fa-chevron-down\"><\/i><\/span>\n\t\t\t\t\t\t\t\t<span class=\"elementor-accordion-icon-opened\"><i class=\"fas fa-chevron-up\"><\/i><\/span>\n\t\t\t\t\t\t\t\t\t\t\t\t\t\t<\/span>\n\t\t\t\t\t\t\t\t\t\t\t\t<a class=\"elementor-accordion-title\" tabindex=\"0\">Convocatoria Xunta Xeral <\/a>\n\t\t\t\t\t<\/div>\n\t\t\t\t\t<div id=\"elementor-tab-content-2432\" class=\"elementor-tab-content elementor-clearfix\" data-tab=\"2\" role=\"region\" aria-labelledby=\"elementor-tab-title-2432\"><p><a href=\"https:\/\/stproportalcorporativo.blob.core.windows.net\/uploads\/2023\/02\/DOC1_ConvocatoriaJGOESPANOL.pdf\" target=\"_blank\" rel=\"noopener\">Convocatoria Xunta Xeral Ordinaria de Accionistas<\/a><\/p><\/div>\n\t\t\t\t<\/div>\n\t\t\t\t\t\t\t<div class=\"elementor-accordion-item\">\n\t\t\t\t\t<div id=\"elementor-tab-title-2433\" class=\"elementor-tab-title\" data-tab=\"3\" role=\"button\" aria-controls=\"elementor-tab-content-2433\" aria-expanded=\"false\">\n\t\t\t\t\t\t\t\t\t\t\t\t\t<span class=\"elementor-accordion-icon elementor-accordion-icon-right\" aria-hidden=\"true\">\n\t\t\t\t\t\t\t\t\t\t\t\t\t\t\t<span class=\"elementor-accordion-icon-closed\"><i class=\"fas fa-chevron-down\"><\/i><\/span>\n\t\t\t\t\t\t\t\t<span class=\"elementor-accordion-icon-opened\"><i class=\"fas fa-chevron-up\"><\/i><\/span>\n\t\t\t\t\t\t\t\t\t\t\t\t\t\t<\/span>\n\t\t\t\t\t\t\t\t\t\t\t\t<a class=\"elementor-accordion-title\" tabindex=\"0\">\t Proposta de acordos correspondentes a cada un dos puntos da Orde do D\u00eda da Xunta Xeral.<\/a>\n\t\t\t\t\t<\/div>\n\t\t\t\t\t<div id=\"elementor-tab-content-2433\" class=\"elementor-tab-content elementor-clearfix\" data-tab=\"3\" role=\"region\" aria-labelledby=\"elementor-tab-title-2433\"><p><a style=\"font-family: &#039;FS Emeric&#039;, sans-serif; font-size: 16px; letter-spacing: normal; word-spacing: 0px;\" href=\"https:\/\/stproportalcorporativo.blob.core.windows.net\/uploads\/2023\/02\/DOC2_PROPUESTA_DE_ACUERDOS.pdf\" target=\"_blank\" rel=\"noopener\">Proposta de acordos correspondentes a cada un dos puntos da orde do d\u00eda da xunta xeral<\/a><\/p><\/div>\n\t\t\t\t<\/div>\n\t\t\t\t\t\t\t<div class=\"elementor-accordion-item\">\n\t\t\t\t\t<div id=\"elementor-tab-title-2434\" class=\"elementor-tab-title\" data-tab=\"4\" role=\"button\" aria-controls=\"elementor-tab-content-2434\" aria-expanded=\"false\">\n\t\t\t\t\t\t\t\t\t\t\t\t\t<span class=\"elementor-accordion-icon elementor-accordion-icon-right\" aria-hidden=\"true\">\n\t\t\t\t\t\t\t\t\t\t\t\t\t\t\t<span class=\"elementor-accordion-icon-closed\"><i class=\"fas fa-chevron-down\"><\/i><\/span>\n\t\t\t\t\t\t\t\t<span class=\"elementor-accordion-icon-opened\"><i class=\"fas fa-chevron-up\"><\/i><\/span>\n\t\t\t\t\t\t\t\t\t\t\t\t\t\t<\/span>\n\t\t\t\t\t\t\t\t\t\t\t\t<a class=\"elementor-accordion-title\" tabindex=\"0\">\t N\u00famero total de acci\u00f3ns e dereitos de voto na data da convocatoria da Xunta Xeral<\/a>\n\t\t\t\t\t<\/div>\n\t\t\t\t\t<div id=\"elementor-tab-content-2434\" class=\"elementor-tab-content elementor-clearfix\" data-tab=\"4\" role=\"region\" aria-labelledby=\"elementor-tab-title-2434\"><p><a href=\"https:\/\/stproportalcorporativo.blob.core.windows.net\/uploads\/2023\/02\/DOC3_TOTALACCIONESyderechosdevoto.pdf\" target=\"_blank\" rel=\"noopener\">N\u00famero total de acci\u00f3ns e dereitos de voto na data da convocatoria<\/a><\/p><\/div>\n\t\t\t\t<\/div>\n\t\t\t\t\t\t\t<div class=\"elementor-accordion-item\">\n\t\t\t\t\t<div id=\"elementor-tab-title-2435\" class=\"elementor-tab-title\" data-tab=\"5\" role=\"button\" aria-controls=\"elementor-tab-content-2435\" aria-expanded=\"false\">\n\t\t\t\t\t\t\t\t\t\t\t\t\t<span class=\"elementor-accordion-icon elementor-accordion-icon-right\" aria-hidden=\"true\">\n\t\t\t\t\t\t\t\t\t\t\t\t\t\t\t<span class=\"elementor-accordion-icon-closed\"><i class=\"fas fa-chevron-down\"><\/i><\/span>\n\t\t\t\t\t\t\t\t<span class=\"elementor-accordion-icon-opened\"><i class=\"fas fa-chevron-up\"><\/i><\/span>\n\t\t\t\t\t\t\t\t\t\t\t\t\t\t<\/span>\n\t\t\t\t\t\t\t\t\t\t\t\t<a class=\"elementor-accordion-title\" tabindex=\"0\"> Contas Anuais, Informes de Auditor\u00eda e Informes de modificaci\u00f3n de determinados documentos<\/a>\n\t\t\t\t\t<\/div>\n\t\t\t\t\t<div id=\"elementor-tab-content-2435\" class=\"elementor-tab-content elementor-clearfix\" data-tab=\"5\" role=\"region\" aria-labelledby=\"elementor-tab-title-2435\"><p><a href=\"https:\/\/stproportalcorporativo.blob.core.windows.net\/uploads\/2023\/02\/DOC4_InformeAnualSDG.pdf\" target=\"_blank\" rel=\"noopener\">Contas Anuais e Informe de Xesti\u00f3n de GAS NATURAL SDG, S.A. correspondentes ao exercicio de 2012<\/a><\/p><p><a href=\"https:\/\/stproportalcorporativo.blob.core.windows.net\/uploads\/2023\/02\/DOC5_InformeAnualCONSOLIDADO.pdf\" target=\"_blank\" rel=\"noopener\">Contas Anuais e Informe de Xesti\u00f3n Consolidados de GAS NATURAL SDG, S.A. correspondentes ao exercicio de 2012<\/a><\/p><p><a href=\"https:\/\/stproportalcorporativo.blob.core.windows.net\/uploads\/2023\/02\/DOC6_Informeauditoria.pdf\" target=\"_blank\" rel=\"noopener\">Informes emitidos pola firma de auditor\u00eda respecto das Contas anuais e Informe de Xesti\u00f3n da Sociedade e do seu Grupo Consolidado correspondentes ao exercicio de 2012<\/a><\/p><\/div>\n\t\t\t\t<\/div>\n\t\t\t\t\t\t\t<div class=\"elementor-accordion-item\">\n\t\t\t\t\t<div id=\"elementor-tab-title-2436\" class=\"elementor-tab-title\" data-tab=\"6\" role=\"button\" aria-controls=\"elementor-tab-content-2436\" aria-expanded=\"false\">\n\t\t\t\t\t\t\t\t\t\t\t\t\t<span class=\"elementor-accordion-icon elementor-accordion-icon-right\" aria-hidden=\"true\">\n\t\t\t\t\t\t\t\t\t\t\t\t\t\t\t<span class=\"elementor-accordion-icon-closed\"><i class=\"fas fa-chevron-down\"><\/i><\/span>\n\t\t\t\t\t\t\t\t<span class=\"elementor-accordion-icon-opened\"><i class=\"fas fa-chevron-up\"><\/i><\/span>\n\t\t\t\t\t\t\t\t\t\t\t\t\t\t<\/span>\n\t\t\t\t\t\t\t\t\t\t\t\t<a class=\"elementor-accordion-title\" tabindex=\"0\">\t Informes Anuais, Proposta e Informe sobre a Pol\u00edtica de remuneraci\u00f3ns<\/a>\n\t\t\t\t\t<\/div>\n\t\t\t\t\t<div id=\"elementor-tab-content-2436\" class=\"elementor-tab-content elementor-clearfix\" data-tab=\"6\" role=\"region\" aria-labelledby=\"elementor-tab-title-2436\"><p><a href=\"https:\/\/stproportalcorporativo.blob.core.windows.net\/uploads\/2023\/02\/DOC7_IAGCreducido.pdf\" target=\"_blank\" rel=\"noopener\"> Informe Anual de Goberno Corporativo correspondente ao exercicio de 2012 e Documento Complementario ao mesmo<\/a><\/p><p><a href=\"https:\/\/stproportalcorporativo.blob.core.windows.net\/uploads\/2023\/02\/DOC10InformeREMUNERACIONESCONSEJEROSv1.pdf\" target=\"_blank\" rel=\"noopener\"> Informe Anual sobre remuneraci\u00f3ns dos membros do Consello de Administraci\u00f3n<\/a><\/p><p><a href=\"https:\/\/stproportalcorporativo.blob.core.windows.net\/uploads\/2023\/02\/DOC8_InformedeResponsabilidadCorporativa.pdf\" target=\"_blank\" rel=\"noopener\">Informe de Responsabilidade Corporativa<\/a><\/p><p><a href=\"https:\/\/stproportalcorporativo.blob.core.windows.net\/uploads\/2023\/02\/DOC9_InformedelaComisiondeAuditoriayControl.pdf\" target=\"_blank\" rel=\"noopener\">Informe da Comisi\u00f3n de Auditor\u00eda e Control sobre as actividades realizadas durante o exercicio de 2012<\/a><\/p><\/div>\n\t\t\t\t<\/div>\n\t\t\t\t\t\t\t<div class=\"elementor-accordion-item\">\n\t\t\t\t\t<div id=\"elementor-tab-title-2437\" class=\"elementor-tab-title\" data-tab=\"7\" role=\"button\" aria-controls=\"elementor-tab-content-2437\" aria-expanded=\"false\">\n\t\t\t\t\t\t\t\t\t\t\t\t\t<span class=\"elementor-accordion-icon elementor-accordion-icon-right\" aria-hidden=\"true\">\n\t\t\t\t\t\t\t\t\t\t\t\t\t\t\t<span class=\"elementor-accordion-icon-closed\"><i class=\"fas fa-chevron-down\"><\/i><\/span>\n\t\t\t\t\t\t\t\t<span class=\"elementor-accordion-icon-opened\"><i class=\"fas fa-chevron-up\"><\/i><\/span>\n\t\t\t\t\t\t\t\t\t\t\t\t\t\t<\/span>\n\t\t\t\t\t\t\t\t\t\t\t\t<a class=\"elementor-accordion-title\" tabindex=\"0\">Informaci\u00f3n complementaria<\/a>\n\t\t\t\t\t<\/div>\n\t\t\t\t\t<div id=\"elementor-tab-content-2437\" class=\"elementor-tab-content elementor-clearfix\" data-tab=\"7\" role=\"region\" aria-labelledby=\"elementor-tab-title-2437\"><p><a href=\"https:\/\/stproportalcorporativo.blob.core.windows.net\/uploads\/2023\/02\/DOC11_MODIFICACIONREGLAMENTOConsejo.pdf\" target=\"_blank\" rel=\"noopener\">Informe do Consello de Administraci\u00f3n relativo \u00e1 modificaci\u00f3n do Regulamento de organizaci\u00f3n e funcionamento do Consello de Administraci\u00f3n e as s\u00faas Comisi\u00f3ns<\/a><\/p><p><a href=\"https:\/\/stproportalcorporativo.blob.core.windows.net\/uploads\/2023\/02\/DOC12_PERFILCONSEJEROS.pdf\" target=\"_blank\" rel=\"noopener\">Breve recensi\u00f3n do perfil profesional das persoas cuxa ratificaci\u00f3n nomeamento ou reelecci\u00f3n como Conselleiros se somete \u00e1 aprobaci\u00f3n da Xunta Xeral<\/a><\/p><p><a href=\"https:\/\/stproportalcorporativo.blob.core.windows.net\/uploads\/2023\/02\/DOC13_Tarjetarepresentacion.pdf\" target=\"_blank\" rel=\"noopener\">Modelo de Tarxeta de representaci\u00f3n<\/a><\/p><p><a href=\"https:\/\/stproportalcorporativo.blob.core.windows.net\/uploads\/2023\/02\/DOC14_Instruccionesparticipacion8marzo.pdf\" target=\"_blank\" rel=\"noopener\">Instruci\u00f3ns de participaci\u00f3n. Modelo de tarxeta de asistencia<\/a><\/p><\/div>\n\t\t\t\t<\/div>\n\t\t\t\t\t\t\t<div class=\"elementor-accordion-item\">\n\t\t\t\t\t<div id=\"elementor-tab-title-2438\" class=\"elementor-tab-title\" data-tab=\"8\" role=\"button\" aria-controls=\"elementor-tab-content-2438\" aria-expanded=\"false\">\n\t\t\t\t\t\t\t\t\t\t\t\t\t<span class=\"elementor-accordion-icon elementor-accordion-icon-right\" aria-hidden=\"true\">\n\t\t\t\t\t\t\t\t\t\t\t\t\t\t\t<span class=\"elementor-accordion-icon-closed\"><i class=\"fas fa-chevron-down\"><\/i><\/span>\n\t\t\t\t\t\t\t\t<span class=\"elementor-accordion-icon-opened\"><i class=\"fas fa-chevron-up\"><\/i><\/span>\n\t\t\t\t\t\t\t\t\t\t\t\t\t\t<\/span>\n\t\t\t\t\t\t\t\t\t\t\t\t<a class=\"elementor-accordion-title\" tabindex=\"0\">Qu\u00f3rum, votaci\u00f3n e acordos<\/a>\n\t\t\t\t\t<\/div>\n\t\t\t\t\t<div id=\"elementor-tab-content-2438\" class=\"elementor-tab-content elementor-clearfix\" data-tab=\"8\" role=\"region\" aria-labelledby=\"elementor-tab-title-2438\"><p><a href=\"https:\/\/stproportalcorporativo.blob.core.windows.net\/uploads\/2023\/02\/DOC16_QUORUMVOTACIONYACUERDOS.pdf\" target=\"_blank\" rel=\"noopener\">Qu\u00f3rum, votaci\u00f3n e acordos<\/a><\/p><\/div>\n\t\t\t\t<\/div>\n\t\t\t\t\t\t\t\t<\/div>\n\t\t\t\t\t\t<\/div>\n\t\t\t\t<\/div>\n\t\t<div class=\"elementor-element elementor-element-905470a e-flex e-con-boxed e-con e-parent\" data-id=\"905470a\" data-element_type=\"container\">\n\t\t\t\t\t<div class=\"e-con-inner\">\n\t\t\t\t\t<\/div>\n\t\t\t\t<\/div>\n\t\t\t\t\t<\/div>\n\t\t\t\t<\/div>\n\t\t<div class=\"elementor-element elementor-element-3ab70d46 e-con-full e-flex e-con e-parent\" data-id=\"3ab70d46\" data-element_type=\"container\">\n\t\t\t\t<div class=\"elementor-element elementor-element-363a7459 elementor-widget elementor-widget-spacer\" data-id=\"363a7459\" data-element_type=\"widget\" data-widget_type=\"spacer.default\">\n\t\t\t\t<div class=\"elementor-widget-container\">\n\t\t\t\t\t\t\t<div class=\"elementor-spacer\">\n\t\t\t<div class=\"elementor-spacer-inner\"><\/div>\n\t\t<\/div>\n\t\t\t\t\t\t<\/div>\n\t\t\t\t<\/div>\n\t\t\t\t<\/div>\n\t\t\t\t<\/div>\n\t\t","protected":false},"excerpt":{"rendered":"<p>Nota de prensa\u200b Nota de prensa Convocatoria Xunta Xeral Convocatoria Xunta Xeral Ordinaria de Accionistas Proposta de acordos correspondentes a cada un dos puntos da Orde do D\u00eda da Xunta Xeral. Proposta de acordos correspondentes a cada un dos puntos da orde do d\u00eda da xunta xeral N\u00famero total de acci\u00f3ns e dereitos de voto [&hellip;]<\/p>\n","protected":false},"author":13,"featured_media":0,"parent":40227,"menu_order":14,"comment_status":"closed","ping_status":"closed","template":"","meta":{"_acf_changed":false,"footnotes":""},"class_list":["post-41329","page","type-page","status-publish","hentry"],"acf":[],"_links":{"self":[{"href":"https:\/\/www.naturgy.com\/gl\/wp-json\/wp\/v2\/pages\/41329","targetHints":{"allow":["GET"]}}],"collection":[{"href":"https:\/\/www.naturgy.com\/gl\/wp-json\/wp\/v2\/pages"}],"about":[{"href":"https:\/\/www.naturgy.com\/gl\/wp-json\/wp\/v2\/types\/page"}],"author":[{"embeddable":true,"href":"https:\/\/www.naturgy.com\/gl\/wp-json\/wp\/v2\/users\/13"}],"replies":[{"embeddable":true,"href":"https:\/\/www.naturgy.com\/gl\/wp-json\/wp\/v2\/comments?post=41329"}],"version-history":[{"count":18,"href":"https:\/\/www.naturgy.com\/gl\/wp-json\/wp\/v2\/pages\/41329\/revisions"}],"predecessor-version":[{"id":45856,"href":"https:\/\/www.naturgy.com\/gl\/wp-json\/wp\/v2\/pages\/41329\/revisions\/45856"}],"up":[{"embeddable":true,"href":"https:\/\/www.naturgy.com\/gl\/wp-json\/wp\/v2\/pages\/40227"}],"wp:attachment":[{"href":"https:\/\/www.naturgy.com\/gl\/wp-json\/wp\/v2\/media?parent=41329"}],"curies":[{"name":"wp","href":"https:\/\/api.w.org\/{rel}","templated":true}]}}