{"id":41443,"date":"2023-01-23T18:36:36","date_gmt":"2023-01-23T17:36:36","guid":{"rendered":"https:\/\/www.naturgy.com\/corporate-governance\/organos-y-normas-de-gobierno\/"},"modified":"2026-02-18T17:34:39","modified_gmt":"2026-02-18T16:34:39","slug":"organos-e-normas-de-goberno","status":"publish","type":"page","link":"https:\/\/www.naturgy.com\/gl\/accionistas-e-investidores\/goberno-corporativo\/organos-e-normas-de-goberno\/","title":{"rendered":"\u00d3rganos e normas de goberno"},"content":{"rendered":"\t\t<div data-elementor-type=\"wp-page\" data-elementor-id=\"41443\" class=\"elementor elementor-41443 elementor-13362\" data-elementor-post-type=\"page\">\n\t\t\t\t<div class=\"elementor-element elementor-element-6970ea50 e-flex e-con-boxed e-con e-parent\" data-id=\"6970ea50\" data-element_type=\"container\">\n\t\t\t\t\t<div class=\"e-con-inner\">\n\t\t<div class=\"elementor-element elementor-element-3db75293 e-con-full e-flex e-con e-child\" data-id=\"3db75293\" data-element_type=\"container\">\n\t\t\t\t<div class=\"elementor-element elementor-element-2888f209 elementor-widget elementor-widget-shortcode\" data-id=\"2888f209\" data-element_type=\"widget\" data-widget_type=\"shortcode.default\">\n\t\t\t\t<div class=\"elementor-widget-container\">\n\t\t\t\t\t\t\t<div class=\"elementor-shortcode\"><nav aria-label=\"breadcrumbs\" class=\"rank-math-breadcrumb\"><p><span class=\"last\">Comeza<\/span><\/p><\/nav><\/div>\n\t\t\t\t\t\t<\/div>\n\t\t\t\t<\/div>\n\t\t\t\t<div class=\"elementor-element elementor-element-76fdf3fa elementor-widget elementor-widget-heading\" data-id=\"76fdf3fa\" data-element_type=\"widget\" data-widget_type=\"heading.default\">\n\t\t\t\t<div class=\"elementor-widget-container\">\n\t\t\t\t\t<h1 class=\"elementor-heading-title elementor-size-default\">\u00d3rganos e normas de goberno<\/h1>\t\t\t\t<\/div>\n\t\t\t\t<\/div>\n\t\t\t\t<\/div>\n\t\t<div class=\"elementor-element elementor-element-4047da5f e-con-full e-flex e-con e-child\" data-id=\"4047da5f\" data-element_type=\"container\">\n\t\t\t\t<div class=\"elementor-element elementor-element-f91bbc2 elementor-widget elementor-widget-spacer\" data-id=\"f91bbc2\" data-element_type=\"widget\" data-widget_type=\"spacer.default\">\n\t\t\t\t<div class=\"elementor-widget-container\">\n\t\t\t\t\t\t\t<div class=\"elementor-spacer\">\n\t\t\t<div class=\"elementor-spacer-inner\"><\/div>\n\t\t<\/div>\n\t\t\t\t\t\t<\/div>\n\t\t\t\t<\/div>\n\t\t\t\t<\/div>\n\t\t\t\t\t<\/div>\n\t\t\t\t<\/div>\n\t\t<div class=\"elementor-element elementor-element-515097a6 e-flex e-con-boxed e-con e-parent\" data-id=\"515097a6\" data-element_type=\"container\">\n\t\t\t\t\t<div class=\"e-con-inner\">\n\t\t\t\t<div class=\"elementor-element elementor-element-331a98e5 elementor-widget elementor-widget-heading\" data-id=\"331a98e5\" data-element_type=\"widget\" data-widget_type=\"heading.default\">\n\t\t\t\t<div class=\"elementor-widget-container\">\n\t\t\t\t\t<h2 class=\"elementor-heading-title elementor-size-default\">\u00d3rganos de goberno<\/h2>\t\t\t\t<\/div>\n\t\t\t\t<\/div>\n\t\t\t\t\t<\/div>\n\t\t\t\t<\/div>\n\t\t<div class=\"elementor-element elementor-element-bd7bb5f e-flex e-con-boxed e-con e-parent\" data-id=\"bd7bb5f\" data-element_type=\"container\">\n\t\t\t\t\t<div class=\"e-con-inner\">\n\t\t<div class=\"elementor-element elementor-element-16a1ea7 e-con-full e-flex e-con e-child\" data-id=\"16a1ea7\" data-element_type=\"container\">\n\t\t\t\t<div class=\"elementor-element elementor-element-6530d080 elementor-widget elementor-widget-image\" data-id=\"6530d080\" data-element_type=\"widget\" data-widget_type=\"image.default\">\n\t\t\t\t<div class=\"elementor-widget-container\">\n\t\t\t\t\t\t\t\t\t\t\t\t\t\t\t<img fetchpriority=\"high\" decoding=\"async\" width=\"600\" height=\"400\" src=\"https:\/\/www.naturgy.com\/\/app\/uploads\/2023\/02\/organos_gobierno_3-1.png\" class=\"attachment-medium_large size-medium_large wp-image-27814\" alt=\"\" srcset=\"https:\/\/www.naturgy.com\/\/app\/uploads\/2023\/02\/organos_gobierno_3-1.png 600w, https:\/\/www.naturgy.com\/\/app\/uploads\/2023\/02\/organos_gobierno_3-1-300x200.png 300w\" sizes=\"(max-width: 600px) 100vw, 600px\" \/>\t\t\t\t\t\t\t\t\t\t\t\t\t\t\t<\/div>\n\t\t\t\t<\/div>\n\t\t\t\t<div class=\"elementor-element elementor-element-48c411c6 elementor-widget elementor-widget-heading\" data-id=\"48c411c6\" data-element_type=\"widget\" data-widget_type=\"heading.default\">\n\t\t\t\t<div class=\"elementor-widget-container\">\n\t\t\t\t\t<div class=\"elementor-heading-title elementor-size-default\">Consello de administraci\u00f3n<\/div>\t\t\t\t<\/div>\n\t\t\t\t<\/div>\n\t\t\t\t<div class=\"elementor-element elementor-element-37dee378 elementor-widget elementor-widget-text-editor\" data-id=\"37dee378\" data-element_type=\"widget\" data-widget_type=\"text-editor.default\">\n\t\t\t\t<div class=\"elementor-widget-container\">\n\t\t\t\t\t\t\t\t\t<p>O Consello de administraci\u00f3n de Naturgy Energy Group, S.A.\u00a0est\u00e1 composto polo n\u00famero de conselleiros que determina a Xunta Xeral dentro dos l\u00edmites fixados polos Estatutos Sociais.<\/p>\t\t\t\t\t\t\t\t<\/div>\n\t\t\t\t<\/div>\n\t\t\t\t<div class=\"elementor-element elementor-element-55cedc43 elementor-align-center elementor-widget elementor-widget-button\" data-id=\"55cedc43\" data-element_type=\"widget\" data-widget_type=\"button.default\">\n\t\t\t\t<div class=\"elementor-widget-container\">\n\t\t\t\t\t\t\t\t\t<div class=\"elementor-button-wrapper\">\n\t\t\t\t\t<a class=\"elementor-button elementor-button-link elementor-size-sm\" href=\"https:\/\/www.naturgy.com\/gl\/accionistas-e-investidores\/goberno-corporativo\/organos-e-normas-de-goberno\/composicion-do-consello-de-administracion-de-naturgy-energy-group-s-a\/\">\n\t\t\t\t\t\t<span class=\"elementor-button-content-wrapper\">\n\t\t\t\t\t\t\t\t\t<span class=\"elementor-button-text\">Saber m\u00e1is<\/span>\n\t\t\t\t\t<\/span>\n\t\t\t\t\t<\/a>\n\t\t\t\t<\/div>\n\t\t\t\t\t\t\t\t<\/div>\n\t\t\t\t<\/div>\n\t\t\t\t<\/div>\n\t\t<div class=\"elementor-element elementor-element-cdbbd28 e-con-full e-flex e-con e-child\" data-id=\"cdbbd28\" data-element_type=\"container\">\n\t\t\t\t<div class=\"elementor-element elementor-element-71aaf430 elementor-widget elementor-widget-image\" data-id=\"71aaf430\" data-element_type=\"widget\" data-widget_type=\"image.default\">\n\t\t\t\t<div class=\"elementor-widget-container\">\n\t\t\t\t\t\t\t\t\t\t\t\t\t\t\t<img decoding=\"async\" width=\"600\" height=\"400\" src=\"https:\/\/www.naturgy.com\/\/app\/uploads\/2023\/02\/organos_gobierno_2-1.png\" class=\"attachment-medium_large size-medium_large wp-image-27810\" alt=\"\" srcset=\"https:\/\/www.naturgy.com\/\/app\/uploads\/2023\/02\/organos_gobierno_2-1.png 600w, https:\/\/www.naturgy.com\/\/app\/uploads\/2023\/02\/organos_gobierno_2-1-300x200.png 300w\" sizes=\"(max-width: 600px) 100vw, 600px\" \/>\t\t\t\t\t\t\t\t\t\t\t\t\t\t\t<\/div>\n\t\t\t\t<\/div>\n\t\t\t\t<div class=\"elementor-element elementor-element-23dc55fe elementor-widget elementor-widget-heading\" data-id=\"23dc55fe\" data-element_type=\"widget\" data-widget_type=\"heading.default\">\n\t\t\t\t<div class=\"elementor-widget-container\">\n\t\t\t\t\t<div class=\"elementor-heading-title elementor-size-default\">Comisi\u00f3ns do Consello<\/div>\t\t\t\t<\/div>\n\t\t\t\t<\/div>\n\t\t\t\t<div class=\"elementor-element elementor-element-683afa6 elementor-widget elementor-widget-text-editor\" data-id=\"683afa6\" data-element_type=\"widget\" data-widget_type=\"text-editor.default\">\n\t\t\t\t<div class=\"elementor-widget-container\">\n\t\t\t\t\t\t\t\t\t<p>Nesta secci\u00f3n pode atopar a composici\u00f3n das distintas Comisi\u00f3ns do Consello:\u00a0de Auditor\u00eda e de Nomeamentos e Retribuci\u00f3ns.<\/p>\t\t\t\t\t\t\t\t<\/div>\n\t\t\t\t<\/div>\n\t\t\t\t<div class=\"elementor-element elementor-element-ef32507 elementor-align-center elementor-widget elementor-widget-button\" data-id=\"ef32507\" data-element_type=\"widget\" data-widget_type=\"button.default\">\n\t\t\t\t<div class=\"elementor-widget-container\">\n\t\t\t\t\t\t\t\t\t<div class=\"elementor-button-wrapper\">\n\t\t\t\t\t<a class=\"elementor-button elementor-button-link elementor-size-sm\" href=\"https:\/\/www.naturgy.com\/gl\/accionistas-e-investidores\/goberno-corporativo\/organos-e-normas-de-goberno\/comisions-do-consello-de-administracion\/\">\n\t\t\t\t\t\t<span class=\"elementor-button-content-wrapper\">\n\t\t\t\t\t\t\t\t\t<span class=\"elementor-button-text\">Saber m\u00e1is<\/span>\n\t\t\t\t\t<\/span>\n\t\t\t\t\t<\/a>\n\t\t\t\t<\/div>\n\t\t\t\t\t\t\t\t<\/div>\n\t\t\t\t<\/div>\n\t\t\t\t<\/div>\n\t\t<div class=\"elementor-element elementor-element-677fde9 e-con-full e-flex e-con e-child\" data-id=\"677fde9\" data-element_type=\"container\">\n\t\t\t\t<div class=\"elementor-element elementor-element-5e2c274 elementor-widget elementor-widget-image\" data-id=\"5e2c274\" data-element_type=\"widget\" data-widget_type=\"image.default\">\n\t\t\t\t<div class=\"elementor-widget-container\">\n\t\t\t\t\t\t\t\t\t\t\t\t\t\t\t<img decoding=\"async\" width=\"600\" height=\"400\" src=\"https:\/\/www.naturgy.com\/\/app\/uploads\/2023\/02\/organos_gobierno_1-1.png\" class=\"attachment-medium_large size-medium_large wp-image-27806\" alt=\"\" srcset=\"https:\/\/www.naturgy.com\/\/app\/uploads\/2023\/02\/organos_gobierno_1-1.png 600w, https:\/\/www.naturgy.com\/\/app\/uploads\/2023\/02\/organos_gobierno_1-1-300x200.png 300w\" sizes=\"(max-width: 600px) 100vw, 600px\" \/>\t\t\t\t\t\t\t\t\t\t\t\t\t\t\t<\/div>\n\t\t\t\t<\/div>\n\t\t\t\t<div class=\"elementor-element elementor-element-87dbf17 elementor-widget elementor-widget-heading\" data-id=\"87dbf17\" data-element_type=\"widget\" data-widget_type=\"heading.default\">\n\t\t\t\t<div class=\"elementor-widget-container\">\n\t\t\t\t\t<div class=\"elementor-heading-title elementor-size-default\">Pol\u00edtica de Remuneraci\u00f3ns dos Conselleiros<\/div>\t\t\t\t<\/div>\n\t\t\t\t<\/div>\n\t\t\t\t<div class=\"elementor-element elementor-element-14cc4b9 elementor-widget elementor-widget-text-editor\" data-id=\"14cc4b9\" data-element_type=\"widget\" data-widget_type=\"text-editor.default\">\n\t\t\t\t<div class=\"elementor-widget-container\">\n\t\t\t\t\t\t\t\t\t<p>Pol\u00edtica de remuneraci\u00f3ns dos conselleiros e informe anual sobre remuneraci\u00f3ns dos membros do Consello de administraci\u00f3n.<\/p>\t\t\t\t\t\t\t\t<\/div>\n\t\t\t\t<\/div>\n\t\t\t\t<div class=\"elementor-element elementor-element-1c03451 elementor-align-center elementor-widget elementor-widget-button\" data-id=\"1c03451\" data-element_type=\"widget\" data-widget_type=\"button.default\">\n\t\t\t\t<div class=\"elementor-widget-container\">\n\t\t\t\t\t\t\t\t\t<div class=\"elementor-button-wrapper\">\n\t\t\t\t\t<a class=\"elementor-button elementor-button-link elementor-size-sm\" href=\"https:\/\/www.naturgy.com\/gl\/accionistas-e-investidores\/goberno-corporativo\/organos-e-normas-de-goberno\/remuneracions\/\">\n\t\t\t\t\t\t<span class=\"elementor-button-content-wrapper\">\n\t\t\t\t\t\t\t\t\t<span class=\"elementor-button-text\">Saber m\u00e1is<\/span>\n\t\t\t\t\t<\/span>\n\t\t\t\t\t<\/a>\n\t\t\t\t<\/div>\n\t\t\t\t\t\t\t\t<\/div>\n\t\t\t\t<\/div>\n\t\t\t\t<\/div>\n\t\t\t\t\t<\/div>\n\t\t\t\t<\/div>\n\t\t<div class=\"elementor-element elementor-element-2317b013 e-con-full e-flex e-con e-parent\" data-id=\"2317b013\" data-element_type=\"container\">\n\t\t\t\t<div class=\"elementor-element elementor-element-7d361c72 elementor-widget elementor-widget-spacer\" data-id=\"7d361c72\" data-element_type=\"widget\" data-widget_type=\"spacer.default\">\n\t\t\t\t<div class=\"elementor-widget-container\">\n\t\t\t\t\t\t\t<div class=\"elementor-spacer\">\n\t\t\t<div class=\"elementor-spacer-inner\"><\/div>\n\t\t<\/div>\n\t\t\t\t\t\t<\/div>\n\t\t\t\t<\/div>\n\t\t\t\t<\/div>\n\t\t<div class=\"elementor-element elementor-element-067d309 e-flex e-con-boxed e-con e-parent\" data-id=\"067d309\" data-element_type=\"container\">\n\t\t\t\t\t<div class=\"e-con-inner\">\n\t\t\t\t<div class=\"elementor-element elementor-element-7724f64 elementor-widget elementor-widget-heading\" data-id=\"7724f64\" data-element_type=\"widget\" data-widget_type=\"heading.default\">\n\t\t\t\t<div class=\"elementor-widget-container\">\n\t\t\t\t\t<h2 class=\"elementor-heading-title elementor-size-default\">Normas de goberno<\/h2>\t\t\t\t<\/div>\n\t\t\t\t<\/div>\n\t\t\t\t<div class=\"elementor-element elementor-element-e04a25f elementor-widget elementor-widget-spacer\" data-id=\"e04a25f\" data-element_type=\"widget\" data-widget_type=\"spacer.default\">\n\t\t\t\t<div class=\"elementor-widget-container\">\n\t\t\t\t\t\t\t<div class=\"elementor-spacer\">\n\t\t\t<div class=\"elementor-spacer-inner\"><\/div>\n\t\t<\/div>\n\t\t\t\t\t\t<\/div>\n\t\t\t\t<\/div>\n\t\t\t\t\t<\/div>\n\t\t\t\t<\/div>\n\t\t<div class=\"elementor-element elementor-element-6576300c grid col-4 e-flex e-con-boxed e-con e-parent\" data-id=\"6576300c\" data-element_type=\"container\" data-settings=\"{&quot;background_background&quot;:&quot;classic&quot;}\">\n\t\t\t\t\t<div class=\"e-con-inner\">\n\t\t<div class=\"elementor-element elementor-element-47c7210b e-con-full e-flex e-con e-child\" data-id=\"47c7210b\" data-element_type=\"container\">\n\t\t\t\t<div class=\"elementor-element elementor-element-153a4bed elementor-view-default elementor-widget elementor-widget-icon\" data-id=\"153a4bed\" data-element_type=\"widget\" data-widget_type=\"icon.default\">\n\t\t\t\t<div class=\"elementor-widget-container\">\n\t\t\t\t\t\t\t<div class=\"elementor-icon-wrapper\">\n\t\t\t<div class=\"elementor-icon\">\n\t\t\t<i aria-hidden=\"true\" class=\"oficina oficina-organigrama\"><\/i>\t\t\t<\/div>\n\t\t<\/div>\n\t\t\t\t\t\t<\/div>\n\t\t\t\t<\/div>\n\t\t\t\t<div class=\"elementor-element elementor-element-5748bbd4 elementor-widget elementor-widget-heading\" data-id=\"5748bbd4\" data-element_type=\"widget\" data-widget_type=\"heading.default\">\n\t\t\t\t<div class=\"elementor-widget-container\">\n\t\t\t\t\t<div class=\"elementor-heading-title elementor-size-default\">Estatutos sociais<\/div>\t\t\t\t<\/div>\n\t\t\t\t<\/div>\n\t\t\t\t<div class=\"elementor-element elementor-element-1e8ea1c elementor-widget elementor-widget-text-editor\" data-id=\"1e8ea1c\" data-element_type=\"widget\" data-widget_type=\"text-editor.default\">\n\t\t\t\t<div class=\"elementor-widget-container\">\n\t\t\t\t\t\t\t\t\t<p style=\"text-align: center;\">Po\u00f1emos \u00e1 s\u00faa disposici\u00f3n para descarga en formato PDF, os Estatutos sociais que rexen a sociedade Naturgy Energy Group, S.A.<\/p><h5>\u00a0<\/h5><p style=\"text-align: center;\"><a href=\"https:\/\/stproportalcorporativo.blob.core.windows.net\/uploads\/2025\/04\/Estatutos-NTGY-25.03.2025.pdf\" target=\"_blank\" rel=\"noopener\">\u00a0<u>Descargar archivo<\/u><\/a><\/p>\t\t\t\t\t\t\t\t<\/div>\n\t\t\t\t<\/div>\n\t\t\t\t<\/div>\n\t\t<div class=\"elementor-element elementor-element-31c4dc44 e-con-full e-flex e-con e-child\" data-id=\"31c4dc44\" data-element_type=\"container\">\n\t\t\t\t<div class=\"elementor-element elementor-element-4c90c429 elementor-view-default elementor-widget elementor-widget-icon\" data-id=\"4c90c429\" data-element_type=\"widget\" data-widget_type=\"icon.default\">\n\t\t\t\t<div class=\"elementor-widget-container\">\n\t\t\t\t\t\t\t<div class=\"elementor-icon-wrapper\">\n\t\t\t<div class=\"elementor-icon\">\n\t\t\t<i aria-hidden=\"true\" class=\"personas personas-gente1\"><\/i>\t\t\t<\/div>\n\t\t<\/div>\n\t\t\t\t\t\t<\/div>\n\t\t\t\t<\/div>\n\t\t\t\t<div class=\"elementor-element elementor-element-6e98e74a elementor-widget elementor-widget-heading\" data-id=\"6e98e74a\" data-element_type=\"widget\" data-widget_type=\"heading.default\">\n\t\t\t\t<div class=\"elementor-widget-container\">\n\t\t\t\t\t<div class=\"elementor-heading-title elementor-size-default\">Regulamento de Xunta Xeral de Accionistas<\/div>\t\t\t\t<\/div>\n\t\t\t\t<\/div>\n\t\t\t\t<div class=\"elementor-element elementor-element-5dcbf95 elementor-widget elementor-widget-text-editor\" data-id=\"5dcbf95\" data-element_type=\"widget\" data-widget_type=\"text-editor.default\">\n\t\t\t\t<div class=\"elementor-widget-container\">\n\t\t\t\t\t\t\t\t\t<p style=\"text-align: center;\">O Regulamento da Xunta Xeral de Accionistas ten por obxecto as actuaci\u00f3ns ao respecto da convocatoria e desenvolvemento das Xuntas Xerais, garantindo o respecto aos dereitos pol\u00edticos dos accionistas.<\/p><p style=\"text-align: center;\">\u00a0<a href=\"https:\/\/stproportalcorporativo.blob.core.windows.net\/uploads\/2023\/04\/ReglamentoJUNTAGENERALNTGY15.03.2022.pdf\" target=\"_blank\" rel=\"noopener\"><u>Descargar archivo<\/u><\/a><\/p>\t\t\t\t\t\t\t\t<\/div>\n\t\t\t\t<\/div>\n\t\t\t\t<\/div>\n\t\t<div class=\"elementor-element elementor-element-16780daa e-con-full e-flex e-con e-child\" data-id=\"16780daa\" data-element_type=\"container\">\n\t\t\t\t<div class=\"elementor-element elementor-element-7e5d9735 elementor-view-default elementor-widget elementor-widget-icon\" data-id=\"7e5d9735\" data-element_type=\"widget\" data-widget_type=\"icon.default\">\n\t\t\t\t<div class=\"elementor-widget-container\">\n\t\t\t\t\t\t\t<div class=\"elementor-icon-wrapper\">\n\t\t\t<div class=\"elementor-icon\">\n\t\t\t<i aria-hidden=\"true\" class=\"oficina oficina-documento-ok\"><\/i>\t\t\t<\/div>\n\t\t<\/div>\n\t\t\t\t\t\t<\/div>\n\t\t\t\t<\/div>\n\t\t\t\t<div class=\"elementor-element elementor-element-50f62bfb elementor-widget elementor-widget-heading\" data-id=\"50f62bfb\" data-element_type=\"widget\" data-widget_type=\"heading.default\">\n\t\t\t\t<div class=\"elementor-widget-container\">\n\t\t\t\t\t<div class=\"elementor-heading-title elementor-size-default\">Regulamento do Consello de Administraci\u00f3n e as s\u00faas Comisi\u00f3ns<\/div>\t\t\t\t<\/div>\n\t\t\t\t<\/div>\n\t\t\t\t<div class=\"elementor-element elementor-element-d4d9184 elementor-widget elementor-widget-text-editor\" data-id=\"d4d9184\" data-element_type=\"widget\" data-widget_type=\"text-editor.default\">\n\t\t\t\t<div class=\"elementor-widget-container\">\n\t\t\t\t\t\t\t\t\t<p style=\"text-align: center;\">Este documento establece as normas de organizaci\u00f3n e funcionamento do Consello de Administraci\u00f3n e das s\u00faas Comisi\u00f3ns.<\/p><p style=\"text-align: center;\"><a href=\"https:\/\/stproportalcorporativo.blob.core.windows.net\/uploads\/2026\/02\/Reglamento-Consejo-Feb-2026.pdf\" target=\"_blank\" rel=\"noopener\">\u00a0<u>Descargar archivo<\/u><\/a><\/p>\t\t\t\t\t\t\t\t<\/div>\n\t\t\t\t<\/div>\n\t\t\t\t<\/div>\n\t\t\t\t\t<\/div>\n\t\t\t\t<\/div>\n\t\t<div class=\"elementor-element elementor-element-4c170908 e-con-full e-flex e-con e-parent\" data-id=\"4c170908\" data-element_type=\"container\">\n\t\t\t\t<div class=\"elementor-element elementor-element-21096f98 elementor-widget elementor-widget-spacer\" data-id=\"21096f98\" data-element_type=\"widget\" data-widget_type=\"spacer.default\">\n\t\t\t\t<div class=\"elementor-widget-container\">\n\t\t\t\t\t\t\t<div class=\"elementor-spacer\">\n\t\t\t<div class=\"elementor-spacer-inner\"><\/div>\n\t\t<\/div>\n\t\t\t\t\t\t<\/div>\n\t\t\t\t<\/div>\n\t\t\t\t<\/div>\n\t\t<div class=\"elementor-element elementor-element-746b247b e-flex e-con-boxed e-con e-parent\" data-id=\"746b247b\" data-element_type=\"container\">\n\t\t\t\t\t<div class=\"e-con-inner\">\n\t\t\t\t<div class=\"elementor-element elementor-element-aa48941 elementor-widget elementor-widget-heading\" data-id=\"aa48941\" data-element_type=\"widget\" data-widget_type=\"heading.default\">\n\t\t\t\t<div class=\"elementor-widget-container\">\n\t\t\t\t\t<h2 class=\"elementor-heading-title elementor-size-default\">Ligaz\u00f3ns relacionadas<\/h2>\t\t\t\t<\/div>\n\t\t\t\t<\/div>\n\t\t\t\t<div class=\"elementor-element elementor-element-4a884912 has-icon elementor-widget elementor-widget-text-editor\" data-id=\"4a884912\" data-element_type=\"widget\" data-widget_type=\"text-editor.default\">\n\t\t\t\t<div class=\"elementor-widget-container\">\n\t\t\t\t\t\t\t\t\t<p><a href=\"https:\/\/www.naturgy.com\/gl\/conecenos-naturgy\/o-grupo\/politicas-e-codigos-de-conduta\/codigo-etico\/\">C\u00f3digo \u00e9tico<\/a><\/p><p><a href=\"https:\/\/www.naturgy.com\/xunta-xeral-accionistas\">Xunta Xeral<\/a><\/p><p><a href=\"https:\/\/www.naturgy.com\/gl\/conecenos-naturgy\/\">Co\u00f1\u00e9cenos<\/a><\/p>\t\t\t\t\t\t\t\t<\/div>\n\t\t\t\t<\/div>\n\t\t\t\t\t<\/div>\n\t\t\t\t<\/div>\n\t\t<div class=\"elementor-element elementor-element-664d09c6 e-con-full e-flex e-con e-parent\" data-id=\"664d09c6\" data-element_type=\"container\">\n\t\t\t\t<div class=\"elementor-element elementor-element-1be17812 elementor-widget elementor-widget-spacer\" data-id=\"1be17812\" data-element_type=\"widget\" data-widget_type=\"spacer.default\">\n\t\t\t\t<div class=\"elementor-widget-container\">\n\t\t\t\t\t\t\t<div class=\"elementor-spacer\">\n\t\t\t<div class=\"elementor-spacer-inner\"><\/div>\n\t\t<\/div>\n\t\t\t\t\t\t<\/div>\n\t\t\t\t<\/div>\n\t\t\t\t<\/div>\n\t\t\t\t<\/div>\n\t\t","protected":false},"excerpt":{"rendered":"<p>\u00d3rganos de goberno Consello de administraci\u00f3n O Consello de administraci\u00f3n de Naturgy Energy Group, S.A.\u00a0est\u00e1 composto polo n\u00famero de conselleiros que determina a Xunta Xeral dentro dos l\u00edmites fixados polos Estatutos Sociais. Saber m\u00e1is Comisi\u00f3ns do Consello Nesta secci\u00f3n pode atopar a composici\u00f3n das distintas Comisi\u00f3ns do Consello:\u00a0de Auditor\u00eda e de Nomeamentos e Retribuci\u00f3ns. Saber [&hellip;]<\/p>\n","protected":false},"author":5,"featured_media":0,"parent":40227,"menu_order":2,"comment_status":"closed","ping_status":"closed","template":"","meta":{"_acf_changed":false,"footnotes":""},"class_list":["post-41443","page","type-page","status-publish","hentry"],"acf":[],"_links":{"self":[{"href":"https:\/\/www.naturgy.com\/gl\/wp-json\/wp\/v2\/pages\/41443","targetHints":{"allow":["GET"]}}],"collection":[{"href":"https:\/\/www.naturgy.com\/gl\/wp-json\/wp\/v2\/pages"}],"about":[{"href":"https:\/\/www.naturgy.com\/gl\/wp-json\/wp\/v2\/types\/page"}],"author":[{"embeddable":true,"href":"https:\/\/www.naturgy.com\/gl\/wp-json\/wp\/v2\/users\/5"}],"replies":[{"embeddable":true,"href":"https:\/\/www.naturgy.com\/gl\/wp-json\/wp\/v2\/comments?post=41443"}],"version-history":[{"count":30,"href":"https:\/\/www.naturgy.com\/gl\/wp-json\/wp\/v2\/pages\/41443\/revisions"}],"predecessor-version":[{"id":138438,"href":"https:\/\/www.naturgy.com\/gl\/wp-json\/wp\/v2\/pages\/41443\/revisions\/138438"}],"up":[{"embeddable":true,"href":"https:\/\/www.naturgy.com\/gl\/wp-json\/wp\/v2\/pages\/40227"}],"wp:attachment":[{"href":"https:\/\/www.naturgy.com\/gl\/wp-json\/wp\/v2\/media?parent=41443"}],"curies":[{"name":"wp","href":"https:\/\/api.w.org\/{rel}","templated":true}]}}