{"id":41452,"date":"2023-01-23T18:38:08","date_gmt":"2023-01-23T17:38:08","guid":{"rendered":"https:\/\/www.naturgy.com\/corporate-governance\/informes-de-la-comision-de-auditoria-y-de-la-comision-de-nombramientos-y-retribuciones\/"},"modified":"2026-02-24T12:25:27","modified_gmt":"2026-02-24T11:25:27","slug":"informes-da-comision-de-auditoria-e-da-comision-de-nomeamentos-e-retribucions","status":"publish","type":"page","link":"https:\/\/www.naturgy.com\/gl\/accionistas-e-investidores\/goberno-corporativo\/informes-da-comision-de-auditoria-e-da-comision-de-nomeamentos-e-retribucions\/","title":{"rendered":"Informes da Comisi\u00f3n de Auditor\u00eda e da Comisi\u00f3n de Nomeamentos e Retribuci\u00f3ns"},"content":{"rendered":"\t\t<div data-elementor-type=\"wp-page\" data-elementor-id=\"41452\" class=\"elementor elementor-41452 elementor-13365\" data-elementor-post-type=\"page\">\n\t\t\t\t<div class=\"elementor-element elementor-element-2a726385 e-flex e-con-boxed e-con e-parent\" data-id=\"2a726385\" data-element_type=\"container\">\n\t\t\t\t\t<div class=\"e-con-inner\">\n\t\t<div class=\"elementor-element elementor-element-5340ed1 e-con-full e-flex e-con e-child\" data-id=\"5340ed1\" data-element_type=\"container\">\n\t\t\t\t<div class=\"elementor-element elementor-element-471d5797 elementor-widget elementor-widget-shortcode\" data-id=\"471d5797\" data-element_type=\"widget\" data-widget_type=\"shortcode.default\">\n\t\t\t\t<div class=\"elementor-widget-container\">\n\t\t\t\t\t\t\t<div class=\"elementor-shortcode\"><nav aria-label=\"breadcrumbs\" class=\"rank-math-breadcrumb\"><p><span class=\"last\">Comeza<\/span><\/p><\/nav><\/div>\n\t\t\t\t\t\t<\/div>\n\t\t\t\t<\/div>\n\t\t\t\t<div class=\"elementor-element elementor-element-66ae01d3 elementor-widget elementor-widget-heading\" data-id=\"66ae01d3\" data-element_type=\"widget\" data-widget_type=\"heading.default\">\n\t\t\t\t<div class=\"elementor-widget-container\">\n\t\t\t\t\t<h1 class=\"elementor-heading-title elementor-size-default\">Informes da Comisi\u00f3n de Auditor\u00eda e da Comisi\u00f3n de Nomeamentos e Retribuci\u00f3ns<\/h1>\t\t\t\t<\/div>\n\t\t\t\t<\/div>\n\t\t\t\t<\/div>\n\t\t\t\t\t<\/div>\n\t\t\t\t<\/div>\n\t\t<div class=\"elementor-element elementor-element-34b8075 e-con-full e-flex e-con e-parent\" data-id=\"34b8075\" data-element_type=\"container\">\n\t\t\t\t<div class=\"elementor-element elementor-element-68fd57f elementor-widget elementor-widget-spacer\" data-id=\"68fd57f\" data-element_type=\"widget\" data-widget_type=\"spacer.default\">\n\t\t\t\t<div class=\"elementor-widget-container\">\n\t\t\t\t\t\t\t<div class=\"elementor-spacer\">\n\t\t\t<div class=\"elementor-spacer-inner\"><\/div>\n\t\t<\/div>\n\t\t\t\t\t\t<\/div>\n\t\t\t\t<\/div>\n\t\t\t\t<\/div>\n\t\t<div class=\"elementor-element elementor-element-618e41f e-flex e-con-boxed e-con e-parent\" data-id=\"618e41f\" data-element_type=\"container\">\n\t\t\t\t\t<div class=\"e-con-inner\">\n\t\t\t\t<div class=\"elementor-element elementor-element-9ba5581 elementor-widget elementor-widget-text-editor\" data-id=\"9ba5581\" data-element_type=\"widget\" data-widget_type=\"text-editor.default\">\n\t\t\t\t<div class=\"elementor-widget-container\">\n\t\t\t\t\t\t\t\t\tA continuaci\u00f3n enc\u00f3ntranse os informes emitidos pola Comisi\u00f3n de Auditor\u00eda e a Comisi\u00f3n de Nomeamentos e Retribuci\u00f3ns.\t\t\t\t\t\t\t\t<\/div>\n\t\t\t\t<\/div>\n\t\t\t\t\t<\/div>\n\t\t\t\t<\/div>\n\t\t<div class=\"elementor-element elementor-element-6e3c61c e-con-full e-flex e-con e-parent\" data-id=\"6e3c61c\" data-element_type=\"container\">\n\t\t\t\t<div class=\"elementor-element elementor-element-749dd41 elementor-widget elementor-widget-spacer\" data-id=\"749dd41\" data-element_type=\"widget\" data-widget_type=\"spacer.default\">\n\t\t\t\t<div class=\"elementor-widget-container\">\n\t\t\t\t\t\t\t<div class=\"elementor-spacer\">\n\t\t\t<div class=\"elementor-spacer-inner\"><\/div>\n\t\t<\/div>\n\t\t\t\t\t\t<\/div>\n\t\t\t\t<\/div>\n\t\t\t\t<\/div>\n\t\t<div class=\"elementor-element elementor-element-077df0f e-flex e-con-boxed e-con e-parent\" data-id=\"077df0f\" data-element_type=\"container\">\n\t\t\t\t\t<div class=\"e-con-inner\">\n\t\t<div class=\"elementor-element elementor-element-26a89c5 e-flex e-con-boxed e-con e-child\" data-id=\"26a89c5\" data-element_type=\"container\">\n\t\t\t\t\t<div class=\"e-con-inner\">\n\t\t\t\t<div class=\"elementor-element elementor-element-f2b94fa elementor-widget elementor-widget-image\" data-id=\"f2b94fa\" data-element_type=\"widget\" data-widget_type=\"image.default\">\n\t\t\t\t<div class=\"elementor-widget-container\">\n\t\t\t\t\t\t\t\t\t\t\t\t\t\t\t<img fetchpriority=\"high\" decoding=\"async\" width=\"800\" height=\"540\" src=\"https:\/\/www.naturgy.com\/\/app\/uploads\/2023\/03\/documentos-ok.jpg\" class=\"attachment-large size-large wp-image-59663\" alt=\"\" srcset=\"https:\/\/www.naturgy.com\/\/app\/uploads\/2023\/03\/documentos-ok.jpg 989w, https:\/\/www.naturgy.com\/\/app\/uploads\/2023\/03\/documentos-ok-300x202.jpg 300w, https:\/\/www.naturgy.com\/\/app\/uploads\/2023\/03\/documentos-ok-768x518.jpg 768w\" sizes=\"(max-width: 800px) 100vw, 800px\" \/>\t\t\t\t\t\t\t\t\t\t\t\t\t\t\t<\/div>\n\t\t\t\t<\/div>\n\t\t\t\t<div class=\"elementor-element elementor-element-812968a elementor-widget elementor-widget-heading\" data-id=\"812968a\" data-element_type=\"widget\" data-widget_type=\"heading.default\">\n\t\t\t\t<div class=\"elementor-widget-container\">\n\t\t\t\t\t<h2 class=\"elementor-heading-title elementor-size-default\">Documentos<\/h2>\t\t\t\t<\/div>\n\t\t\t\t<\/div>\n\t\t\t\t<div class=\"elementor-element elementor-element-5454a84 has-icon elementor-widget elementor-widget-text-editor\" data-id=\"5454a84\" data-element_type=\"widget\" data-widget_type=\"text-editor.default\">\n\t\t\t\t<div class=\"elementor-widget-container\">\n\t\t\t\t\t\t\t\t\t<p><span style=\"text-decoration: underline;\"><a href=\"https:\/\/www.naturgy.com\/files\/JGO2026_DOC9_Informe_funcionamiento_CAU_2025_ES.pdf\">Informe Anual da Comisi\u00f3n de Auditor\u00eda 2025<\/a><\/span><\/p><p><span style=\"text-decoration: underline;\"><a href=\"https:\/\/www.naturgy.com\/files\/Informe_independencia_auditor_2025_ES.pdf\">Informe sobre a independencia dol Auditor de Contas 2025<\/a><\/span><\/p><p><span style=\"text-decoration: underline;\"><a href=\"https:\/\/www.naturgy.com\/files\/JGO2026_DOC10_Informe_funcionamiento_CNR_2025_ES.pdf\">Informe sobre a Comisi\u00f3n de Nomeamentos, Retribuci\u00f3ns e Goberno Corporativo 2025<\/a><\/span><\/p>\t\t\t\t\t\t\t\t<\/div>\n\t\t\t\t<\/div>\n\t\t\t\t\t<\/div>\n\t\t\t\t<\/div>\n\t\t<div class=\"elementor-element elementor-element-5668cb0 e-flex e-con-boxed e-con e-child\" data-id=\"5668cb0\" data-element_type=\"container\">\n\t\t\t\t\t<div class=\"e-con-inner\">\n\t\t\t\t<div class=\"elementor-element elementor-element-23f6fc4 elementor-widget elementor-widget-image\" data-id=\"23f6fc4\" data-element_type=\"widget\" data-widget_type=\"image.default\">\n\t\t\t\t<div class=\"elementor-widget-container\">\n\t\t\t\t\t\t\t\t\t\t\t\t\t\t\t<img decoding=\"async\" width=\"800\" height=\"540\" src=\"https:\/\/www.naturgy.com\/\/app\/uploads\/2023\/03\/documento.png\" class=\"attachment-large size-large wp-image-59667\" alt=\"\" srcset=\"https:\/\/www.naturgy.com\/\/app\/uploads\/2023\/03\/documento.png 989w, https:\/\/www.naturgy.com\/\/app\/uploads\/2023\/03\/documento-300x202.png 300w, https:\/\/www.naturgy.com\/\/app\/uploads\/2023\/03\/documento-768x518.png 768w\" sizes=\"(max-width: 800px) 100vw, 800px\" \/>\t\t\t\t\t\t\t\t\t\t\t\t\t\t\t<\/div>\n\t\t\t\t<\/div>\n\t\t\t\t<div class=\"elementor-element elementor-element-9cd2cdd elementor-widget elementor-widget-heading\" data-id=\"9cd2cdd\" data-element_type=\"widget\" data-widget_type=\"heading.default\">\n\t\t\t\t<div class=\"elementor-widget-container\">\n\t\t\t\t\t<h2 class=\"elementor-heading-title elementor-size-default\">Documentos<\/h2>\t\t\t\t<\/div>\n\t\t\t\t<\/div>\n\t\t\t\t<div class=\"elementor-element elementor-element-d949a0c has-icon elementor-widget elementor-widget-text-editor\" data-id=\"d949a0c\" data-element_type=\"widget\" data-widget_type=\"text-editor.default\">\n\t\t\t\t<div class=\"elementor-widget-container\">\n\t\t\t\t\t\t\t\t\t<span style=\"text-decoration: underline;\"><a href=\"https:\/\/stproportalcorporativo.blob.core.windows.net\/uploads\/2026\/02\/Naturgy_ISEINF_2025.pdf\" target=\"_blank\" rel=\"noopener\">Informe de Sustentabilidade e Estado de Informaci\u00f3n non Financeira 2025<\/a><\/span>\n<span style=\"text-decoration: underline;\"><a href=\"https:\/\/www.naturgy.com\/files\/Informe_operaciones_vinculadas_2025_ES.pdf\">Informe de Operaci\u00f3ns Vinculadas 2025<\/a><\/span>\n\n&nbsp;\t\t\t\t\t\t\t\t<\/div>\n\t\t\t\t<\/div>\n\t\t\t\t\t<\/div>\n\t\t\t\t<\/div>\n\t\t\t\t\t<\/div>\n\t\t\t\t<\/div>\n\t\t<div class=\"elementor-element elementor-element-8ac07e0 e-con-full e-flex e-con e-parent\" data-id=\"8ac07e0\" data-element_type=\"container\">\n\t\t\t\t<div class=\"elementor-element elementor-element-01f231b elementor-widget elementor-widget-spacer\" data-id=\"01f231b\" data-element_type=\"widget\" data-widget_type=\"spacer.default\">\n\t\t\t\t<div class=\"elementor-widget-container\">\n\t\t\t\t\t\t\t<div class=\"elementor-spacer\">\n\t\t\t<div class=\"elementor-spacer-inner\"><\/div>\n\t\t<\/div>\n\t\t\t\t\t\t<\/div>\n\t\t\t\t<\/div>\n\t\t\t\t<\/div>\n\t\t\t\t<\/div>\n\t\t","protected":false},"excerpt":{"rendered":"<p>A continuaci\u00f3n enc\u00f3ntranse os informes emitidos pola Comisi\u00f3n de Auditor\u00eda e a Comisi\u00f3n de Nomeamentos e Retribuci\u00f3ns. Documentos Informe Anual da Comisi\u00f3n de Auditor\u00eda 2025 Informe sobre a independencia dol Auditor de Contas 2025 Informe sobre a Comisi\u00f3n de Nomeamentos, Retribuci\u00f3ns e Goberno Corporativo 2025 Documentos Informe de Sustentabilidade e Estado de Informaci\u00f3n non Financeira [&hellip;]<\/p>\n","protected":false},"author":5,"featured_media":0,"parent":40227,"menu_order":5,"comment_status":"closed","ping_status":"closed","template":"","meta":{"_acf_changed":false,"footnotes":""},"class_list":["post-41452","page","type-page","status-publish","hentry"],"acf":[],"_links":{"self":[{"href":"https:\/\/www.naturgy.com\/gl\/wp-json\/wp\/v2\/pages\/41452","targetHints":{"allow":["GET"]}}],"collection":[{"href":"https:\/\/www.naturgy.com\/gl\/wp-json\/wp\/v2\/pages"}],"about":[{"href":"https:\/\/www.naturgy.com\/gl\/wp-json\/wp\/v2\/types\/page"}],"author":[{"embeddable":true,"href":"https:\/\/www.naturgy.com\/gl\/wp-json\/wp\/v2\/users\/5"}],"replies":[{"embeddable":true,"href":"https:\/\/www.naturgy.com\/gl\/wp-json\/wp\/v2\/comments?post=41452"}],"version-history":[{"count":30,"href":"https:\/\/www.naturgy.com\/gl\/wp-json\/wp\/v2\/pages\/41452\/revisions"}],"predecessor-version":[{"id":139226,"href":"https:\/\/www.naturgy.com\/gl\/wp-json\/wp\/v2\/pages\/41452\/revisions\/139226"}],"up":[{"embeddable":true,"href":"https:\/\/www.naturgy.com\/gl\/wp-json\/wp\/v2\/pages\/40227"}],"wp:attachment":[{"href":"https:\/\/www.naturgy.com\/gl\/wp-json\/wp\/v2\/media?parent=41452"}],"curies":[{"name":"wp","href":"https:\/\/api.w.org\/{rel}","templated":true}]}}