{"id":41459,"date":"2023-01-20T16:28:54","date_gmt":"2023-01-20T15:28:54","guid":{"rendered":"https:\/\/www.naturgy.com\/estructura-accionarial\/"},"modified":"2026-03-06T10:38:27","modified_gmt":"2026-03-06T09:38:27","slug":"estrutura-accionarial","status":"publish","type":"page","link":"https:\/\/www.naturgy.com\/gl\/accionistas-e-investidores\/a-sociedade\/estrutura-accionarial\/","title":{"rendered":"Estrutura accionarial"},"content":{"rendered":"\t\t<div data-elementor-type=\"wp-page\" data-elementor-id=\"41459\" class=\"elementor elementor-41459 elementor-12542\" data-elementor-post-type=\"page\">\n\t\t\t\t<div class=\"elementor-element elementor-element-4b341cf8 e-flex e-con-boxed e-con e-parent\" data-id=\"4b341cf8\" data-element_type=\"container\">\n\t\t\t\t\t<div class=\"e-con-inner\">\n\t\t<div class=\"elementor-element elementor-element-35b89879 e-con-full e-flex e-con e-child\" data-id=\"35b89879\" data-element_type=\"container\">\n\t\t\t\t<div class=\"elementor-element elementor-element-28183b26 elementor-widget elementor-widget-shortcode\" data-id=\"28183b26\" data-element_type=\"widget\" data-widget_type=\"shortcode.default\">\n\t\t\t\t<div class=\"elementor-widget-container\">\n\t\t\t\t\t\t\t<div class=\"elementor-shortcode\"><nav aria-label=\"breadcrumbs\" class=\"rank-math-breadcrumb\"><p><span class=\"last\">Comeza<\/span><\/p><\/nav><\/div>\n\t\t\t\t\t\t<\/div>\n\t\t\t\t<\/div>\n\t\t\t\t<div class=\"elementor-element elementor-element-4f2b5c03 elementor-widget elementor-widget-heading\" data-id=\"4f2b5c03\" data-element_type=\"widget\" data-widget_type=\"heading.default\">\n\t\t\t\t<div class=\"elementor-widget-container\">\n\t\t\t\t\t<h1 class=\"elementor-heading-title elementor-size-default\">Estrutura accionarial<\/h1>\t\t\t\t<\/div>\n\t\t\t\t<\/div>\n\t\t\t\t<\/div>\n\t\t<div class=\"elementor-element elementor-element-a904b44 e-con-full e-flex e-con e-child\" data-id=\"a904b44\" data-element_type=\"container\">\n\t\t\t\t<div class=\"elementor-element elementor-element-3a919de elementor-widget elementor-widget-spacer\" data-id=\"3a919de\" data-element_type=\"widget\" data-widget_type=\"spacer.default\">\n\t\t\t\t<div class=\"elementor-widget-container\">\n\t\t\t\t\t\t\t<div class=\"elementor-spacer\">\n\t\t\t<div class=\"elementor-spacer-inner\"><\/div>\n\t\t<\/div>\n\t\t\t\t\t\t<\/div>\n\t\t\t\t<\/div>\n\t\t\t\t<div class=\"elementor-element elementor-element-9366960 elementor-widget elementor-widget-image\" data-id=\"9366960\" data-element_type=\"widget\" data-widget_type=\"image.default\">\n\t\t\t\t<div class=\"elementor-widget-container\">\n\t\t\t\t\t\t\t\t\t\t\t\t\t\t\t<img decoding=\"async\" width=\"1\" height=\"1\" src=\"https:\/\/www.naturgy.com\/\/app\/uploads\/2026\/03\/Chart_estructura_accionarial_ES-2.svg\" class=\"attachment-medium_large size-medium_large wp-image-140217\" alt=\"\" \/>\t\t\t\t\t\t\t\t\t\t\t\t\t\t\t<\/div>\n\t\t\t\t<\/div>\n\t\t\t\t<\/div>\n\t\t\t\t\t<\/div>\n\t\t\t\t<\/div>\n\t\t<div class=\"elementor-element elementor-element-ce8d987 e-flex e-con-boxed e-con e-parent\" data-id=\"ce8d987\" data-element_type=\"container\">\n\t\t\t\t\t<div class=\"e-con-inner\">\n\t\t\t\t<div class=\"elementor-element elementor-element-c6dfcba elementor-widget elementor-widget-text-editor\" data-id=\"c6dfcba\" data-element_type=\"widget\" data-widget_type=\"text-editor.default\">\n\t\t\t\t<div class=\"elementor-widget-container\">\n\t\t\t\t\t\t\t\t\t<div class=\"elementor-element elementor-element-ce8d987 e-flex e-con-boxed e-con e-parent e-lazyloaded\" data-id=\"ce8d987\" data-element_type=\"container\"><div class=\"e-con-inner\"><div class=\"elementor-element elementor-element-c6dfcba elementor-widget elementor-widget-text-editor\" data-id=\"c6dfcba\" data-element_type=\"widget\" data-widget_type=\"text-editor.default\"><div class=\"elementor-widget-container\"><p>A Marzo 2026.<br \/>A compa\u00f1\u00eda conta con uns 60.000 accionistas.<\/p><p><strong>M\u00e1is detalles da estrutura accionarial dispo\u00f1ibles na <a href=\"https:\/\/www.cnmv.es\/portal\/consultas\/datosentidad?nif=A08015497&amp;lang=gl\" target=\"_blank\" rel=\"noopener\">CNMV <\/a>ou no informe anual de goberno corporativo<\/strong><\/p><\/div><\/div><\/div><\/div><div class=\"elementor-element elementor-element-07f8583 e-flex e-con-boxed e-con e-parent e-lazyloaded\" data-id=\"07f8583\" data-element_type=\"container\"><div class=\"e-con-inner\"><div class=\"elementor-element elementor-element-1996e1e elementor-widget elementor-widget-spacer\" data-id=\"1996e1e\" data-element_type=\"widget\" data-widget_type=\"spacer.default\"><div class=\"elementor-widget-container\"><div class=\"elementor-spacer\">\u00a0<\/div><\/div><\/div><\/div><\/div>\t\t\t\t\t\t\t\t<\/div>\n\t\t\t\t<\/div>\n\t\t\t\t\t<\/div>\n\t\t\t\t<\/div>\n\t\t<div class=\"elementor-element elementor-element-07f8583 e-flex e-con-boxed e-con e-parent\" data-id=\"07f8583\" data-element_type=\"container\">\n\t\t\t\t\t<div class=\"e-con-inner\">\n\t\t\t\t<div class=\"elementor-element elementor-element-1996e1e elementor-widget elementor-widget-spacer\" data-id=\"1996e1e\" data-element_type=\"widget\" data-widget_type=\"spacer.default\">\n\t\t\t\t<div class=\"elementor-widget-container\">\n\t\t\t\t\t\t\t<div class=\"elementor-spacer\">\n\t\t\t<div class=\"elementor-spacer-inner\"><\/div>\n\t\t<\/div>\n\t\t\t\t\t\t<\/div>\n\t\t\t\t<\/div>\n\t\t\t\t\t<\/div>\n\t\t\t\t<\/div>\n\t\t\t\t<\/div>\n\t\t","protected":false},"excerpt":{"rendered":"<p>A Marzo 2026.A compa\u00f1\u00eda conta con uns 60.000 accionistas. M\u00e1is detalles da estrutura accionarial dispo\u00f1ibles na CNMV ou no informe anual de goberno corporativo \u00a0<\/p>\n","protected":false},"author":5,"featured_media":0,"parent":61847,"menu_order":2,"comment_status":"closed","ping_status":"closed","template":"","meta":{"_acf_changed":false,"footnotes":""},"class_list":["post-41459","page","type-page","status-publish","hentry"],"acf":[],"_links":{"self":[{"href":"https:\/\/www.naturgy.com\/gl\/wp-json\/wp\/v2\/pages\/41459","targetHints":{"allow":["GET"]}}],"collection":[{"href":"https:\/\/www.naturgy.com\/gl\/wp-json\/wp\/v2\/pages"}],"about":[{"href":"https:\/\/www.naturgy.com\/gl\/wp-json\/wp\/v2\/types\/page"}],"author":[{"embeddable":true,"href":"https:\/\/www.naturgy.com\/gl\/wp-json\/wp\/v2\/users\/5"}],"replies":[{"embeddable":true,"href":"https:\/\/www.naturgy.com\/gl\/wp-json\/wp\/v2\/comments?post=41459"}],"version-history":[{"count":30,"href":"https:\/\/www.naturgy.com\/gl\/wp-json\/wp\/v2\/pages\/41459\/revisions"}],"predecessor-version":[{"id":140236,"href":"https:\/\/www.naturgy.com\/gl\/wp-json\/wp\/v2\/pages\/41459\/revisions\/140236"}],"up":[{"embeddable":true,"href":"https:\/\/www.naturgy.com\/gl\/wp-json\/wp\/v2\/pages\/61847"}],"wp:attachment":[{"href":"https:\/\/www.naturgy.com\/gl\/wp-json\/wp\/v2\/media?parent=41459"}],"curies":[{"name":"wp","href":"https:\/\/api.w.org\/{rel}","templated":true}]}}