{"id":41469,"date":"2023-01-20T14:37:44","date_gmt":"2023-01-20T13:37:44","guid":{"rendered":"https:\/\/www.naturgy.com\/conecenos\/presencia-internacional\/resto-de-europa\/"},"modified":"2025-07-29T09:24:59","modified_gmt":"2025-07-29T07:24:59","slug":"resto-de-europa","status":"publish","type":"page","link":"https:\/\/www.naturgy.com\/gl\/conecenos-naturgy\/presencia-internacional\/resto-de-europa\/","title":{"rendered":"Resto de Europa"},"content":{"rendered":"\t\t<div data-elementor-type=\"wp-page\" data-elementor-id=\"41469\" class=\"elementor elementor-41469 elementor-12425\" data-elementor-post-type=\"page\">\n\t\t\t\t<div class=\"elementor-element elementor-element-7255b36e e-flex e-con-boxed e-con e-parent\" data-id=\"7255b36e\" data-element_type=\"container\">\n\t\t\t\t\t<div class=\"e-con-inner\">\n\t\t<div class=\"elementor-element elementor-element-753fb10f e-con-full e-flex e-con e-child\" data-id=\"753fb10f\" data-element_type=\"container\">\n\t\t\t\t<div class=\"elementor-element elementor-element-cd64488 elementor-widget elementor-widget-shortcode\" data-id=\"cd64488\" data-element_type=\"widget\" data-widget_type=\"shortcode.default\">\n\t\t\t\t<div class=\"elementor-widget-container\">\n\t\t\t\t\t\t\t<div class=\"elementor-shortcode\"><nav aria-label=\"breadcrumbs\" class=\"rank-math-breadcrumb\"><p><span class=\"last\">Comeza<\/span><\/p><\/nav><\/div>\n\t\t\t\t\t\t<\/div>\n\t\t\t\t<\/div>\n\t\t\t\t<div class=\"elementor-element elementor-element-7679e570 elementor-widget elementor-widget-heading\" data-id=\"7679e570\" data-element_type=\"widget\" data-widget_type=\"heading.default\">\n\t\t\t\t<div class=\"elementor-widget-container\">\n\t\t\t\t\t<h1 class=\"elementor-heading-title elementor-size-default\">Resto de Europa<\/h1>\t\t\t\t<\/div>\n\t\t\t\t<\/div>\n\t\t\t\t<\/div>\n\t\t<div class=\"elementor-element elementor-element-2043f8a2 e-con-full e-flex e-con e-child\" data-id=\"2043f8a2\" data-element_type=\"container\">\n\t\t\t\t<div class=\"elementor-element elementor-element-44c1bb88 elementor-widget elementor-widget-spacer\" data-id=\"44c1bb88\" data-element_type=\"widget\" data-widget_type=\"spacer.default\">\n\t\t\t\t<div class=\"elementor-widget-container\">\n\t\t\t\t\t\t\t<div class=\"elementor-spacer\">\n\t\t\t<div class=\"elementor-spacer-inner\"><\/div>\n\t\t<\/div>\n\t\t\t\t\t\t<\/div>\n\t\t\t\t<\/div>\n\t\t\t\t<\/div>\n\t\t\t\t\t<\/div>\n\t\t\t\t<\/div>\n\t\t<div class=\"elementor-element elementor-element-282bdc0 e-flex e-con-boxed e-con e-parent\" data-id=\"282bdc0\" data-element_type=\"container\" data-settings=\"{&quot;background_background&quot;:&quot;classic&quot;}\">\n\t\t\t\t\t<div class=\"e-con-inner\">\n\t\t\t\t<div class=\"elementor-element elementor-element-3e0df7e elementor-widget elementor-widget-spacer\" data-id=\"3e0df7e\" data-element_type=\"widget\" data-widget_type=\"spacer.default\">\n\t\t\t\t<div class=\"elementor-widget-container\">\n\t\t\t\t\t\t\t<div class=\"elementor-spacer\">\n\t\t\t<div class=\"elementor-spacer-inner\"><\/div>\n\t\t<\/div>\n\t\t\t\t\t\t<\/div>\n\t\t\t\t<\/div>\n\t\t\t\t<div class=\"elementor-element elementor-element-a1e7bb2 elementor-widget elementor-widget-heading\" data-id=\"a1e7bb2\" data-element_type=\"widget\" data-widget_type=\"heading.default\">\n\t\t\t\t<div class=\"elementor-widget-container\">\n\t\t\t\t\t<h3 class=\"elementor-heading-title elementor-size-default\">Francia<\/h3>\t\t\t\t<\/div>\n\t\t\t\t<\/div>\n\t\t\t\t<div class=\"elementor-element elementor-element-0c126b9 elementor-widget elementor-widget-spacer\" data-id=\"0c126b9\" data-element_type=\"widget\" data-widget_type=\"spacer.default\">\n\t\t\t\t<div class=\"elementor-widget-container\">\n\t\t\t\t\t\t\t<div class=\"elementor-spacer\">\n\t\t\t<div class=\"elementor-spacer-inner\"><\/div>\n\t\t<\/div>\n\t\t\t\t\t\t<\/div>\n\t\t\t\t<\/div>\n\t\t\t\t\t<\/div>\n\t\t\t\t<\/div>\n\t\t<div class=\"elementor-element elementor-element-5bbb016d e-flex e-con-boxed e-con e-parent\" data-id=\"5bbb016d\" data-element_type=\"container\" data-settings=\"{&quot;background_background&quot;:&quot;classic&quot;}\">\n\t\t\t\t\t<div class=\"e-con-inner\">\n\t\t<div class=\"elementor-element elementor-element-6d291061 e-flex e-con-boxed e-con e-child\" data-id=\"6d291061\" data-element_type=\"container\">\n\t\t\t\t\t<div class=\"e-con-inner\">\n\t\t\t\t<div class=\"elementor-element elementor-element-2cf7559b elementor-widget elementor-widget-image\" data-id=\"2cf7559b\" data-element_type=\"widget\" data-widget_type=\"image.default\">\n\t\t\t\t<div class=\"elementor-widget-container\">\n\t\t\t\t\t\t\t\t\t\t\t\t\t\t\t<img fetchpriority=\"high\" decoding=\"async\" width=\"657\" height=\"438\" src=\"https:\/\/www.naturgy.com\/\/app\/uploads\/2023\/02\/mapa_francia.png\" class=\"attachment-large size-large wp-image-19856\" alt=\"\" srcset=\"https:\/\/www.naturgy.com\/\/app\/uploads\/2023\/02\/mapa_francia.png 657w, https:\/\/www.naturgy.com\/\/app\/uploads\/2023\/02\/mapa_francia-300x200.png 300w\" sizes=\"(max-width: 657px) 100vw, 657px\" \/>\t\t\t\t\t\t\t\t\t\t\t\t\t\t\t<\/div>\n\t\t\t\t<\/div>\n\t\t\t\t\t<\/div>\n\t\t\t\t<\/div>\n\t\t<div class=\"elementor-element elementor-element-42b51b4b e-flex e-con-boxed e-con e-child\" data-id=\"42b51b4b\" data-element_type=\"container\">\n\t\t\t\t\t<div class=\"e-con-inner\">\n\t\t\t\t<div class=\"elementor-element elementor-element-561d286 elementor-widget elementor-widget-text-editor\" data-id=\"561d286\" data-element_type=\"widget\" data-widget_type=\"text-editor.default\">\n\t\t\t\t<div class=\"elementor-widget-container\">\n\t\t\t\t\t\t\t\t\t<p><strong>Comercializamos gas natural para profesionais no mercado franc\u00e9s dende o ano 2005<\/strong>, cando abrimos a nosa primeira oficina do pa\u00eds en Par\u00eds.<\/p><p>O obxectivo marco \u00e9\u00a0<strong>conseguir relaci\u00f3ns a longo prazo\u00a0<\/strong>cunha ampla e variada carteira de clientes. O contacto persoal co cliente, o apoio destinado a adaptarnos \u00e1s s\u00faas necesidades e os nosos prezos competitivos son elementos distintivos da divisi\u00f3n francesa.<\/p><p>As\u00ed mesmo, contamos coa\u00a0<strong>planta de regasificaci\u00f3n de Montoir<\/strong>, na costa noroccidental de Francia, operada por Elengy, o que nos permite incrementar a nosa actividade de venda de gas natural ao mercado almacenista europeo.<\/p>\t\t\t\t\t\t\t\t<\/div>\n\t\t\t\t<\/div>\n\t\t\t\t\t<\/div>\n\t\t\t\t<\/div>\n\t\t\t\t\t<\/div>\n\t\t\t\t<\/div>\n\t\t<div class=\"elementor-element elementor-element-7a9e31ae e-con-full e-flex e-con e-parent\" data-id=\"7a9e31ae\" data-element_type=\"container\" data-settings=\"{&quot;background_background&quot;:&quot;classic&quot;}\">\n\t\t\t\t<div class=\"elementor-element elementor-element-45b4921 elementor-widget elementor-widget-spacer\" data-id=\"45b4921\" data-element_type=\"widget\" data-widget_type=\"spacer.default\">\n\t\t\t\t<div class=\"elementor-widget-container\">\n\t\t\t\t\t\t\t<div class=\"elementor-spacer\">\n\t\t\t<div class=\"elementor-spacer-inner\"><\/div>\n\t\t<\/div>\n\t\t\t\t\t\t<\/div>\n\t\t\t\t<\/div>\n\t\t\t\t<\/div>\n\t\t<div class=\"elementor-element elementor-element-564ec74e e-con-full e-flex e-con e-parent\" data-id=\"564ec74e\" data-element_type=\"container\">\n\t\t\t\t<div class=\"elementor-element elementor-element-3466ce51 elementor-widget elementor-widget-spacer\" data-id=\"3466ce51\" data-element_type=\"widget\" data-widget_type=\"spacer.default\">\n\t\t\t\t<div class=\"elementor-widget-container\">\n\t\t\t\t\t\t\t<div class=\"elementor-spacer\">\n\t\t\t<div class=\"elementor-spacer-inner\"><\/div>\n\t\t<\/div>\n\t\t\t\t\t\t<\/div>\n\t\t\t\t<\/div>\n\t\t\t\t<\/div>\n\t\t<div class=\"elementor-element elementor-element-b6301d8 e-flex e-con-boxed e-con e-parent\" data-id=\"b6301d8\" data-element_type=\"container\" data-settings=\"{&quot;background_background&quot;:&quot;classic&quot;}\">\n\t\t\t\t\t<div class=\"e-con-inner\">\n\t\t\t\t<div class=\"elementor-element elementor-element-45fcafd elementor-widget elementor-widget-spacer\" data-id=\"45fcafd\" data-element_type=\"widget\" data-widget_type=\"spacer.default\">\n\t\t\t\t<div class=\"elementor-widget-container\">\n\t\t\t\t\t\t\t<div class=\"elementor-spacer\">\n\t\t\t<div class=\"elementor-spacer-inner\"><\/div>\n\t\t<\/div>\n\t\t\t\t\t\t<\/div>\n\t\t\t\t<\/div>\n\t\t\t\t<div class=\"elementor-element elementor-element-944fe1f elementor-widget elementor-widget-heading\" data-id=\"944fe1f\" data-element_type=\"widget\" data-widget_type=\"heading.default\">\n\t\t\t\t<div class=\"elementor-widget-container\">\n\t\t\t\t\t<h3 class=\"elementor-heading-title elementor-size-default\">Portugal<\/h3>\t\t\t\t<\/div>\n\t\t\t\t<\/div>\n\t\t\t\t<div class=\"elementor-element elementor-element-9e513ee elementor-widget elementor-widget-spacer\" data-id=\"9e513ee\" data-element_type=\"widget\" data-widget_type=\"spacer.default\">\n\t\t\t\t<div class=\"elementor-widget-container\">\n\t\t\t\t\t\t\t<div class=\"elementor-spacer\">\n\t\t\t<div class=\"elementor-spacer-inner\"><\/div>\n\t\t<\/div>\n\t\t\t\t\t\t<\/div>\n\t\t\t\t<\/div>\n\t\t\t\t\t<\/div>\n\t\t\t\t<\/div>\n\t\t<div class=\"elementor-element elementor-element-24af25a2 e-flex e-con-boxed e-con e-parent\" data-id=\"24af25a2\" data-element_type=\"container\" data-settings=\"{&quot;background_background&quot;:&quot;classic&quot;}\">\n\t\t\t\t\t<div class=\"e-con-inner\">\n\t\t<div class=\"elementor-element elementor-element-4a1250b e-flex e-con-boxed e-con e-child\" data-id=\"4a1250b\" data-element_type=\"container\">\n\t\t\t\t\t<div class=\"e-con-inner\">\n\t\t\t\t<div class=\"elementor-element elementor-element-5af80818 elementor-widget elementor-widget-image\" data-id=\"5af80818\" data-element_type=\"widget\" data-widget_type=\"image.default\">\n\t\t\t\t<div class=\"elementor-widget-container\">\n\t\t\t\t\t\t\t\t\t\t\t\t\t\t\t<img decoding=\"async\" width=\"657\" height=\"438\" src=\"https:\/\/www.naturgy.com\/\/app\/uploads\/2023\/02\/mapa_portugal.png\" class=\"attachment-large size-large wp-image-19895\" alt=\"\" srcset=\"https:\/\/www.naturgy.com\/\/app\/uploads\/2023\/02\/mapa_portugal.png 657w, https:\/\/www.naturgy.com\/\/app\/uploads\/2023\/02\/mapa_portugal-300x200.png 300w\" sizes=\"(max-width: 657px) 100vw, 657px\" \/>\t\t\t\t\t\t\t\t\t\t\t\t\t\t\t<\/div>\n\t\t\t\t<\/div>\n\t\t\t\t\t<\/div>\n\t\t\t\t<\/div>\n\t\t<div class=\"elementor-element elementor-element-2d74914c e-flex e-con-boxed e-con e-child\" data-id=\"2d74914c\" data-element_type=\"container\">\n\t\t\t\t\t<div class=\"e-con-inner\">\n\t\t\t\t<div class=\"elementor-element elementor-element-18584cb3 elementor-widget elementor-widget-text-editor\" data-id=\"18584cb3\" data-element_type=\"widget\" data-widget_type=\"text-editor.default\">\n\t\t\t\t<div class=\"elementor-widget-container\">\n\t\t\t\t\t\t\t\t\t<p>Obtivemos a licenza de comercializaci\u00f3n de gas en Portugal durante o primeiro trimestre de <strong>2008<\/strong>, convert\u00e9ndonos nunha das<strong> primeiras empresas estranxeiras<\/strong> en ser rexistrada como comercializadora de gas natural no mercado portugu\u00e9s e no primeiro operador gasista relevante europeo en lograr esta licenza.<\/p><p>Actualmente, a nosa actividade no pa\u00eds est\u00e1 <strong>centrada na comercializaci\u00f3n de enerx\u00eda. <\/strong>A nosa comercializadora conta con toda a infraestrutura necesaria para desenvolver esta actividade con todas as garant\u00edas no mercado de particulares, empresas e de gran consumo.<\/p><p>Adicionalmente, realizamos<strong> entregas puntuais de GNL<\/strong> no pa\u00eds.<\/p>\t\t\t\t\t\t\t\t<\/div>\n\t\t\t\t<\/div>\n\t\t\t\t<div class=\"elementor-element elementor-element-1c05afc elementor-align-left elementor-button-info elementor-widget elementor-widget-button\" data-id=\"1c05afc\" data-element_type=\"widget\" data-widget_type=\"button.default\">\n\t\t\t\t<div class=\"elementor-widget-container\">\n\t\t\t\t\t\t\t\t\t<div class=\"elementor-button-wrapper\">\n\t\t\t\t\t<a class=\"elementor-button elementor-button-link elementor-size-sm\" href=\"https:\/\/www.naturgy.pt\/pt\/negocio\" target=\"_blank\" rel=\"noopener\">\n\t\t\t\t\t\t<span class=\"elementor-button-content-wrapper\">\n\t\t\t\t\t\t\t\t\t<span class=\"elementor-button-text\">M\u00e1is informaci\u00f3n<\/span>\n\t\t\t\t\t<\/span>\n\t\t\t\t\t<\/a>\n\t\t\t\t<\/div>\n\t\t\t\t\t\t\t\t<\/div>\n\t\t\t\t<\/div>\n\t\t\t\t\t<\/div>\n\t\t\t\t<\/div>\n\t\t\t\t\t<\/div>\n\t\t\t\t<\/div>\n\t\t<div class=\"elementor-element elementor-element-35b439a8 e-con-full e-flex e-con e-parent\" data-id=\"35b439a8\" data-element_type=\"container\" data-settings=\"{&quot;background_background&quot;:&quot;classic&quot;}\">\n\t\t\t\t<div class=\"elementor-element elementor-element-681ba04 elementor-widget elementor-widget-spacer\" data-id=\"681ba04\" data-element_type=\"widget\" data-widget_type=\"spacer.default\">\n\t\t\t\t<div class=\"elementor-widget-container\">\n\t\t\t\t\t\t\t<div class=\"elementor-spacer\">\n\t\t\t<div class=\"elementor-spacer-inner\"><\/div>\n\t\t<\/div>\n\t\t\t\t\t\t<\/div>\n\t\t\t\t<\/div>\n\t\t\t\t<\/div>\n\t\t\t\t<\/div>\n\t\t","protected":false},"excerpt":{"rendered":"<p>Francia Comercializamos gas natural para profesionais no mercado franc\u00e9s dende o ano 2005, cando abrimos a nosa primeira oficina do pa\u00eds en Par\u00eds. O obxectivo marco \u00e9\u00a0conseguir relaci\u00f3ns a longo prazo\u00a0cunha ampla e variada carteira de clientes. O contacto persoal co cliente, o apoio destinado a adaptarnos \u00e1s s\u00faas necesidades e os nosos prezos competitivos [&hellip;]<\/p>\n","protected":false},"author":5,"featured_media":0,"parent":40709,"menu_order":2,"comment_status":"closed","ping_status":"closed","template":"","meta":{"_acf_changed":false,"footnotes":""},"class_list":["post-41469","page","type-page","status-publish","hentry"],"acf":[],"_links":{"self":[{"href":"https:\/\/www.naturgy.com\/gl\/wp-json\/wp\/v2\/pages\/41469","targetHints":{"allow":["GET"]}}],"collection":[{"href":"https:\/\/www.naturgy.com\/gl\/wp-json\/wp\/v2\/pages"}],"about":[{"href":"https:\/\/www.naturgy.com\/gl\/wp-json\/wp\/v2\/types\/page"}],"author":[{"embeddable":true,"href":"https:\/\/www.naturgy.com\/gl\/wp-json\/wp\/v2\/users\/5"}],"replies":[{"embeddable":true,"href":"https:\/\/www.naturgy.com\/gl\/wp-json\/wp\/v2\/comments?post=41469"}],"version-history":[{"count":23,"href":"https:\/\/www.naturgy.com\/gl\/wp-json\/wp\/v2\/pages\/41469\/revisions"}],"predecessor-version":[{"id":127787,"href":"https:\/\/www.naturgy.com\/gl\/wp-json\/wp\/v2\/pages\/41469\/revisions\/127787"}],"up":[{"embeddable":true,"href":"https:\/\/www.naturgy.com\/gl\/wp-json\/wp\/v2\/pages\/40709"}],"wp:attachment":[{"href":"https:\/\/www.naturgy.com\/gl\/wp-json\/wp\/v2\/media?parent=41469"}],"curies":[{"name":"wp","href":"https:\/\/api.w.org\/{rel}","templated":true}]}}