{"id":41471,"date":"2023-01-20T13:03:02","date_gmt":"2023-01-20T12:03:02","guid":{"rendered":"https:\/\/www.naturgy.com\/conecenos\/a-enerxia\/servicios-energeticos\/"},"modified":"2024-03-19T16:45:43","modified_gmt":"2024-03-19T15:45:43","slug":"servizos-enerxeticos","status":"publish","type":"page","link":"https:\/\/www.naturgy.com\/gl\/conecenos-naturgy\/a-enerxia\/servizos-enerxeticos\/","title":{"rendered":"Servizos enerx\u00e9ticos"},"content":{"rendered":"\t\t<div data-elementor-type=\"wp-page\" data-elementor-id=\"41471\" class=\"elementor elementor-41471 elementor-12309\" data-elementor-post-type=\"page\">\n\t\t\t\t<div class=\"elementor-element elementor-element-20d68685 e-flex e-con-boxed e-con e-parent\" data-id=\"20d68685\" data-element_type=\"container\">\n\t\t\t\t\t<div class=\"e-con-inner\">\n\t\t<div class=\"elementor-element elementor-element-41e977d8 e-con-full e-flex e-con e-parent\" data-id=\"41e977d8\" data-element_type=\"container\">\n\t\t\t\t<div class=\"elementor-element elementor-element-5d9902a1 elementor-widget elementor-widget-shortcode\" data-id=\"5d9902a1\" data-element_type=\"widget\" data-widget_type=\"shortcode.default\">\n\t\t\t\t<div class=\"elementor-widget-container\">\n\t\t\t\t\t\t\t<div class=\"elementor-shortcode\"><nav aria-label=\"breadcrumbs\" class=\"rank-math-breadcrumb\"><p><span class=\"last\">Comeza<\/span><\/p><\/nav><\/div>\n\t\t\t\t\t\t<\/div>\n\t\t\t\t<\/div>\n\t\t\t\t<div class=\"elementor-element elementor-element-3aacb090 elementor-widget elementor-widget-heading\" data-id=\"3aacb090\" data-element_type=\"widget\" data-widget_type=\"heading.default\">\n\t\t\t\t<div class=\"elementor-widget-container\">\n\t\t\t\t\t<h1 class=\"elementor-heading-title elementor-size-default\">Servizos enerx\u00e9ticos<\/h1>\t\t\t\t<\/div>\n\t\t\t\t<\/div>\n\t\t\t\t<\/div>\n\t\t<div class=\"elementor-element elementor-element-72a9089a e-con-full e-flex e-con e-parent\" data-id=\"72a9089a\" data-element_type=\"container\">\n\t\t\t\t<div class=\"elementor-element elementor-element-7c5bbd1d elementor-widget elementor-widget-spacer\" data-id=\"7c5bbd1d\" data-element_type=\"widget\" data-widget_type=\"spacer.default\">\n\t\t\t\t<div class=\"elementor-widget-container\">\n\t\t\t\t\t\t\t<div class=\"elementor-spacer\">\n\t\t\t<div class=\"elementor-spacer-inner\"><\/div>\n\t\t<\/div>\n\t\t\t\t\t\t<\/div>\n\t\t\t\t<\/div>\n\t\t\t\t<\/div>\n\t\t\t\t\t<\/div>\n\t\t\t\t<\/div>\n\t\t<div class=\"elementor-element elementor-element-5b71926 e-con-full e-flex e-con e-parent\" data-id=\"5b71926\" data-element_type=\"container\" data-settings=\"{&quot;background_background&quot;:&quot;classic&quot;}\">\n\t\t<div class=\"elementor-element elementor-element-5eff3c0 e-con-full e-flex e-con e-parent\" data-id=\"5eff3c0\" data-element_type=\"container\">\n\t\t\t\t<div class=\"elementor-element elementor-element-4922129 elementor-widget elementor-widget-heading\" data-id=\"4922129\" data-element_type=\"widget\" data-widget_type=\"heading.default\">\n\t\t\t\t<div class=\"elementor-widget-container\">\n\t\t\t\t\t<h1 class=\"elementor-heading-title elementor-size-default\">Temos un amplo cat\u00e1logo de servizos enerx\u00e9ticos<\/h1>\t\t\t\t<\/div>\n\t\t\t\t<\/div>\n\t\t\t\t<\/div>\n\t\t<div class=\"elementor-element elementor-element-b549e74 e-con-full e-flex e-con e-parent\" data-id=\"b549e74\" data-element_type=\"container\">\n\t\t\t\t<div class=\"elementor-element elementor-element-f499ba1 elementor-hidden-tablet elementor-hidden-desktop elementor-widget elementor-widget-image\" data-id=\"f499ba1\" data-element_type=\"widget\" data-widget_type=\"image.default\">\n\t\t\t\t<div class=\"elementor-widget-container\">\n\t\t\t\t\t\t\t\t\t\t\t\t\t\t\t<img fetchpriority=\"high\" decoding=\"async\" width=\"768\" height=\"512\" src=\"https:\/\/www.naturgy.com\/\/app\/uploads\/2023\/03\/N3_Servicios-energeticos_mov.png\" class=\"attachment-large size-large wp-image-59332\" alt=\"\" srcset=\"https:\/\/www.naturgy.com\/\/app\/uploads\/2023\/03\/N3_Servicios-energeticos_mov.png 768w, https:\/\/www.naturgy.com\/\/app\/uploads\/2023\/03\/N3_Servicios-energeticos_mov-300x200.png 300w\" sizes=\"(max-width: 768px) 100vw, 768px\" \/>\t\t\t\t\t\t\t\t\t\t\t\t\t\t\t<\/div>\n\t\t\t\t<\/div>\n\t\t\t\t<\/div>\n\t\t\t\t<\/div>\n\t\t<div class=\"elementor-element elementor-element-fe40cbd e-con-full e-flex e-con e-parent\" data-id=\"fe40cbd\" data-element_type=\"container\">\n\t\t\t\t<div class=\"elementor-element elementor-element-cae2cda elementor-widget elementor-widget-spacer\" data-id=\"cae2cda\" data-element_type=\"widget\" data-widget_type=\"spacer.default\">\n\t\t\t\t<div class=\"elementor-widget-container\">\n\t\t\t\t\t\t\t<div class=\"elementor-spacer\">\n\t\t\t<div class=\"elementor-spacer-inner\"><\/div>\n\t\t<\/div>\n\t\t\t\t\t\t<\/div>\n\t\t\t\t<\/div>\n\t\t\t\t<\/div>\n\t\t<div class=\"elementor-element elementor-element-c78d36d e-flex e-con-boxed e-con e-parent\" data-id=\"c78d36d\" data-element_type=\"container\">\n\t\t\t\t\t<div class=\"e-con-inner\">\n\t\t\t\t<div class=\"elementor-element elementor-element-9b82c67 elementor-widget elementor-widget-heading\" data-id=\"9b82c67\" data-element_type=\"widget\" data-widget_type=\"heading.default\">\n\t\t\t\t<div class=\"elementor-widget-container\">\n\t\t\t\t\t<h3 class=\"elementor-heading-title elementor-size-default\">A nosa oferta comercial non se limita \u00e1 subministraci\u00f3n de gas e electricidade, sen\u00f3n que tam\u00e9n abranguemos outros \u00e1mbitos<\/h3>\t\t\t\t<\/div>\n\t\t\t\t<\/div>\n\t\t\t\t<div class=\"elementor-element elementor-element-a46fabf elementor-widget elementor-widget-text-editor\" data-id=\"a46fabf\" data-element_type=\"widget\" data-widget_type=\"text-editor.default\">\n\t\t\t\t<div class=\"elementor-widget-container\">\n\t\t\t\t\t\t\t\t\t<p>A\u00ednda que o noso negocio se centra na distribuci\u00f3n e comercializaci\u00f3n do gas e na xeraci\u00f3n, distribuci\u00f3n e comercializaci\u00f3n de electricidade tam\u00e9n desenvolvemos\u00a0<strong>outras li\u00f1as de negocio, como os servizos enerx\u00e9ticos<\/strong>, que favorecen a diversificaci\u00f3n das actividades e os ingresos, anticip\u00e1ndose \u00e1s novas tendencias do mercado, atendendo as necesidades espec\u00edficas dos clientes e ofrec\u00e9ndolles un\u00a0<strong>servizo integral non centrado unicamente na venda de enerx\u00eda<\/strong>.<br \/><br \/>A nosa oferta comercial est\u00e1 dirixida a\u00a0<strong>fogares, negocios e grandes clientes<\/strong>.<\/p>\t\t\t\t\t\t\t\t<\/div>\n\t\t\t\t<\/div>\n\t\t\t\t<div class=\"elementor-element elementor-element-031ff47 elementor-widget elementor-widget-image\" data-id=\"031ff47\" data-element_type=\"widget\" data-widget_type=\"image.default\">\n\t\t\t\t<div class=\"elementor-widget-container\">\n\t\t\t\t\t\t\t\t\t\t\t\t\t\t\t<img decoding=\"async\" width=\"1140\" height=\"810\" src=\"https:\/\/www.naturgy.com\/\/app\/uploads\/2023\/03\/infografia_servicios_energeticos_GA.svg\" class=\"attachment-full size-full wp-image-59371\" alt=\"\" \/>\t\t\t\t\t\t\t\t\t\t\t\t\t\t\t<\/div>\n\t\t\t\t<\/div>\n\t\t\t\t\t<\/div>\n\t\t\t\t<\/div>\n\t\t<div class=\"elementor-element elementor-element-4a6e524 e-con-full e-flex e-con e-parent\" data-id=\"4a6e524\" data-element_type=\"container\">\n\t\t\t\t<div class=\"elementor-element elementor-element-f6ccc9a elementor-widget elementor-widget-spacer\" data-id=\"f6ccc9a\" data-element_type=\"widget\" data-widget_type=\"spacer.default\">\n\t\t\t\t<div class=\"elementor-widget-container\">\n\t\t\t\t\t\t\t<div class=\"elementor-spacer\">\n\t\t\t<div class=\"elementor-spacer-inner\"><\/div>\n\t\t<\/div>\n\t\t\t\t\t\t<\/div>\n\t\t\t\t<\/div>\n\t\t\t\t<\/div>\n\t\t<div class=\"elementor-element elementor-element-dc9cff2 e-con-full e-flex e-con e-parent\" data-id=\"dc9cff2\" data-element_type=\"container\" data-settings=\"{&quot;background_background&quot;:&quot;classic&quot;}\">\n\t\t\t\t<div class=\"elementor-element elementor-element-7e657a3 elementor-widget elementor-widget-spacer\" data-id=\"7e657a3\" data-element_type=\"widget\" data-widget_type=\"spacer.default\">\n\t\t\t\t<div class=\"elementor-widget-container\">\n\t\t\t\t\t\t\t<div class=\"elementor-spacer\">\n\t\t\t<div class=\"elementor-spacer-inner\"><\/div>\n\t\t<\/div>\n\t\t\t\t\t\t<\/div>\n\t\t\t\t<\/div>\n\t\t\t\t<\/div>\n\t\t<div class=\"elementor-element elementor-element-ef99cf7 e-flex e-con-boxed e-con e-parent\" data-id=\"ef99cf7\" data-element_type=\"container\" data-settings=\"{&quot;background_background&quot;:&quot;classic&quot;}\">\n\t\t\t\t\t<div class=\"e-con-inner\">\n\t\t<div class=\"elementor-element elementor-element-675b154 e-flex e-con-boxed e-con e-parent\" data-id=\"675b154\" data-element_type=\"container\">\n\t\t\t\t\t<div class=\"e-con-inner\">\n\t\t\t\t<div class=\"elementor-element elementor-element-7ffe09e elementor-widget elementor-widget-image\" data-id=\"7ffe09e\" data-element_type=\"widget\" data-widget_type=\"image.default\">\n\t\t\t\t<div class=\"elementor-widget-container\">\n\t\t\t\t\t\t\t\t\t\t\t\t\t\t\t<img decoding=\"async\" width=\"800\" height=\"637\" src=\"https:\/\/www.naturgy.com\/\/app\/uploads\/2023\/03\/servicios.jpg\" class=\"attachment-large size-large wp-image-59349\" alt=\"\" srcset=\"https:\/\/www.naturgy.com\/\/app\/uploads\/2023\/03\/servicios.jpg 999w, https:\/\/www.naturgy.com\/\/app\/uploads\/2023\/03\/servicios-300x239.jpg 300w, https:\/\/www.naturgy.com\/\/app\/uploads\/2023\/03\/servicios-768x612.jpg 768w\" sizes=\"(max-width: 800px) 100vw, 800px\" \/>\t\t\t\t\t\t\t\t\t\t\t\t\t\t\t<\/div>\n\t\t\t\t<\/div>\n\t\t\t\t\t<\/div>\n\t\t\t\t<\/div>\n\t\t<div class=\"elementor-element elementor-element-1c63060 e-flex e-con-boxed e-con e-parent\" data-id=\"1c63060\" data-element_type=\"container\">\n\t\t\t\t\t<div class=\"e-con-inner\">\n\t\t<div class=\"elementor-element elementor-element-7cd0143 e-con-full e-flex e-con e-parent\" data-id=\"7cd0143\" data-element_type=\"container\">\n\t\t\t\t<div class=\"elementor-element elementor-element-5167806 elementor-widget elementor-widget-text-editor\" data-id=\"5167806\" data-element_type=\"widget\" data-widget_type=\"text-editor.default\">\n\t\t\t\t<div class=\"elementor-widget-container\">\n\t\t\t\t\t\t\t\t\t<p>Fac\u00e9monos cargo da<strong>\u00a0planificaci\u00f3n e a execuci\u00f3n das principais instalaci\u00f3ns enerx\u00e9ticas e do seu mantemento<\/strong>\u00a0\u00f3ptimo durante todo o contrato:<br \/><br \/>\u2022\u00a0<strong>Renovaci\u00f3n das instalaci\u00f3ns<\/strong>\u00a0e, se \u00e9 necesario, transformaci\u00f3n a gas natural.<br \/><br \/>\u2022 O\u00a0<strong>financiamento\u00a0<\/strong>de todo o proxecto.<br \/><br \/>\u2022 O\u00a0<strong>plan de mantemento<\/strong>\u00a0m\u00e1is axeitado para obter a m\u00e1xima eficiencia do seu negocio.<br \/><br \/>\u2022\u00a0<strong>Garant\u00eda<\/strong>\u00a0total da instalaci\u00f3n.<br \/><br \/>\u2022\u00a0<strong>Atenci\u00f3n 24 horas<\/strong>\u00a0os 365 d\u00edas do ano.<br \/><br \/>\u2022 Plataforma dixital para a\u00a0<strong>xesti\u00f3n dos seus consumos.<\/strong><\/p>\t\t\t\t\t\t\t\t<\/div>\n\t\t\t\t<\/div>\n\t\t\t\t<\/div>\n\t\t\t\t\t<\/div>\n\t\t\t\t<\/div>\n\t\t\t\t\t<\/div>\n\t\t\t\t<\/div>\n\t\t<div class=\"elementor-element elementor-element-16c3a0e e-con-full e-flex e-con e-parent\" data-id=\"16c3a0e\" data-element_type=\"container\" data-settings=\"{&quot;background_background&quot;:&quot;classic&quot;}\">\n\t\t\t\t<div class=\"elementor-element elementor-element-fed6444 elementor-widget elementor-widget-spacer\" data-id=\"fed6444\" data-element_type=\"widget\" data-widget_type=\"spacer.default\">\n\t\t\t\t<div class=\"elementor-widget-container\">\n\t\t\t\t\t\t\t<div class=\"elementor-spacer\">\n\t\t\t<div class=\"elementor-spacer-inner\"><\/div>\n\t\t<\/div>\n\t\t\t\t\t\t<\/div>\n\t\t\t\t<\/div>\n\t\t\t\t<\/div>\n\t\t<div class=\"elementor-element elementor-element-52230d6 e-con-full e-flex e-con e-parent\" data-id=\"52230d6\" data-element_type=\"container\">\n\t\t\t\t<div class=\"elementor-element elementor-element-df99a12 elementor-widget elementor-widget-spacer\" data-id=\"df99a12\" data-element_type=\"widget\" data-widget_type=\"spacer.default\">\n\t\t\t\t<div class=\"elementor-widget-container\">\n\t\t\t\t\t\t\t<div class=\"elementor-spacer\">\n\t\t\t<div class=\"elementor-spacer-inner\"><\/div>\n\t\t<\/div>\n\t\t\t\t\t\t<\/div>\n\t\t\t\t<\/div>\n\t\t\t\t<\/div>\n\t\t<div class=\"elementor-element elementor-element-34d4954 e-flex e-con-boxed e-con e-parent\" data-id=\"34d4954\" data-element_type=\"container\">\n\t\t\t\t\t<div class=\"e-con-inner\">\n\t\t\t\t<div class=\"elementor-element elementor-element-1a4b00c elementor-widget elementor-widget-heading\" data-id=\"1a4b00c\" data-element_type=\"widget\" data-widget_type=\"heading.default\">\n\t\t\t\t<div class=\"elementor-widget-container\">\n\t\t\t\t\t<h3 class=\"elementor-heading-title elementor-size-default\">A nosa proposta de valor contextual\u00edzase en distintos servizos<\/h3>\t\t\t\t<\/div>\n\t\t\t\t<\/div>\n\t\t\t\t\t<\/div>\n\t\t\t\t<\/div>\n\t\t<div class=\"elementor-element elementor-element-ece4098 e-con-full e-flex e-con e-parent\" data-id=\"ece4098\" data-element_type=\"container\">\n\t\t\t\t<div class=\"elementor-element elementor-element-f814744 elementor-widget elementor-widget-spacer\" data-id=\"f814744\" data-element_type=\"widget\" data-widget_type=\"spacer.default\">\n\t\t\t\t<div class=\"elementor-widget-container\">\n\t\t\t\t\t\t\t<div class=\"elementor-spacer\">\n\t\t\t<div class=\"elementor-spacer-inner\"><\/div>\n\t\t<\/div>\n\t\t\t\t\t\t<\/div>\n\t\t\t\t<\/div>\n\t\t\t\t<\/div>\n\t\t<div class=\"elementor-element elementor-element-59281f2 grid col-4 e-flex e-con-boxed e-con e-parent\" data-id=\"59281f2\" data-element_type=\"container\">\n\t\t\t\t\t<div class=\"e-con-inner\">\n\t\t<div class=\"elementor-element elementor-element-3c526aa e-con-full e-flex e-con e-parent\" data-id=\"3c526aa\" data-element_type=\"container\">\n\t\t\t\t<div class=\"elementor-element elementor-element-35484aa elementor-widget elementor-widget-heading\" data-id=\"35484aa\" data-element_type=\"widget\" data-widget_type=\"heading.default\">\n\t\t\t\t<div class=\"elementor-widget-container\">\n\t\t\t\t\t<div class=\"elementor-heading-title elementor-size-default\">Produtos e servizos innovadores para o fogar<\/div>\t\t\t\t<\/div>\n\t\t\t\t<\/div>\n\t\t\t\t<div class=\"elementor-element elementor-element-d09b95b elementor-view-default elementor-widget elementor-widget-icon\" data-id=\"d09b95b\" data-element_type=\"widget\" data-widget_type=\"icon.default\">\n\t\t\t\t<div class=\"elementor-widget-container\">\n\t\t\t\t\t\t\t<div class=\"elementor-icon-wrapper\">\n\t\t\t<div class=\"elementor-icon\">\n\t\t\t<i aria-hidden=\"true\" class=\"hogar hogar-48-hogar-casa\"><\/i>\t\t\t<\/div>\n\t\t<\/div>\n\t\t\t\t\t\t<\/div>\n\t\t\t\t<\/div>\n\t\t\t\t<\/div>\n\t\t<div class=\"elementor-element elementor-element-d870907 e-con-full e-flex e-con e-parent\" data-id=\"d870907\" data-element_type=\"container\">\n\t\t\t\t<div class=\"elementor-element elementor-element-f53c3df elementor-widget elementor-widget-heading\" data-id=\"f53c3df\" data-element_type=\"widget\" data-widget_type=\"heading.default\">\n\t\t\t\t<div class=\"elementor-widget-container\">\n\t\t\t\t\t<div class=\"elementor-heading-title elementor-size-default\">Produtos e servizos innovadores para empresas<\/div>\t\t\t\t<\/div>\n\t\t\t\t<\/div>\n\t\t\t\t<div class=\"elementor-element elementor-element-e2887b9 elementor-view-default elementor-widget elementor-widget-icon\" data-id=\"e2887b9\" data-element_type=\"widget\" data-widget_type=\"icon.default\">\n\t\t\t\t<div class=\"elementor-widget-container\">\n\t\t\t\t\t\t\t<div class=\"elementor-icon-wrapper\">\n\t\t\t<div class=\"elementor-icon\">\n\t\t\t<i aria-hidden=\"true\" class=\"edificios edificios-industria\"><\/i>\t\t\t<\/div>\n\t\t<\/div>\n\t\t\t\t\t\t<\/div>\n\t\t\t\t<\/div>\n\t\t\t\t<\/div>\n\t\t<div class=\"elementor-element elementor-element-c37b9fa e-con-full e-flex e-con e-parent\" data-id=\"c37b9fa\" data-element_type=\"container\">\n\t\t\t\t<div class=\"elementor-element elementor-element-17032a6 elementor-widget elementor-widget-heading\" data-id=\"17032a6\" data-element_type=\"widget\" data-widget_type=\"heading.default\">\n\t\t\t\t<div class=\"elementor-widget-container\">\n\t\t\t\t\t<div class=\"elementor-heading-title elementor-size-default\">Soluci\u00f3ns enerx\u00e9ticas innovadoras para empresas<\/div>\t\t\t\t<\/div>\n\t\t\t\t<\/div>\n\t\t\t\t<div class=\"elementor-element elementor-element-689c097 elementor-view-default elementor-widget elementor-widget-icon\" data-id=\"689c097\" data-element_type=\"widget\" data-widget_type=\"icon.default\">\n\t\t\t\t<div class=\"elementor-widget-container\">\n\t\t\t\t\t\t\t<div class=\"elementor-icon-wrapper\">\n\t\t\t<div class=\"elementor-icon\">\n\t\t\t<i aria-hidden=\"true\" class=\"energias energias-luz-gas\"><\/i>\t\t\t<\/div>\n\t\t<\/div>\n\t\t\t\t\t\t<\/div>\n\t\t\t\t<\/div>\n\t\t\t\t<\/div>\n\t\t\t\t\t<\/div>\n\t\t\t\t<\/div>\n\t\t<div class=\"elementor-element elementor-element-12ecbf5 e-con-full e-flex e-con e-parent\" data-id=\"12ecbf5\" data-element_type=\"container\">\n\t\t\t\t<div class=\"elementor-element elementor-element-a775a21 elementor-widget elementor-widget-spacer\" data-id=\"a775a21\" data-element_type=\"widget\" data-widget_type=\"spacer.default\">\n\t\t\t\t<div class=\"elementor-widget-container\">\n\t\t\t\t\t\t\t<div class=\"elementor-spacer\">\n\t\t\t<div class=\"elementor-spacer-inner\"><\/div>\n\t\t<\/div>\n\t\t\t\t\t\t<\/div>\n\t\t\t\t<\/div>\n\t\t\t\t<\/div>\n\t\t\t\t<\/div>\n\t\t","protected":false},"excerpt":{"rendered":"<p>Temos un amplo cat\u00e1logo de servizos enerx\u00e9ticos A nosa oferta comercial non se limita \u00e1 subministraci\u00f3n de gas e electricidade, sen\u00f3n que tam\u00e9n abranguemos outros \u00e1mbitos A\u00ednda que o noso negocio se centra na distribuci\u00f3n e comercializaci\u00f3n do gas e na xeraci\u00f3n, distribuci\u00f3n e comercializaci\u00f3n de electricidade tam\u00e9n desenvolvemos\u00a0outras li\u00f1as de negocio, como os servizos [&hellip;]<\/p>\n","protected":false},"author":5,"featured_media":0,"parent":40680,"menu_order":5,"comment_status":"closed","ping_status":"closed","template":"","meta":{"_acf_changed":false,"footnotes":""},"class_list":["post-41471","page","type-page","status-publish","hentry"],"acf":[],"_links":{"self":[{"href":"https:\/\/www.naturgy.com\/gl\/wp-json\/wp\/v2\/pages\/41471","targetHints":{"allow":["GET"]}}],"collection":[{"href":"https:\/\/www.naturgy.com\/gl\/wp-json\/wp\/v2\/pages"}],"about":[{"href":"https:\/\/www.naturgy.com\/gl\/wp-json\/wp\/v2\/types\/page"}],"author":[{"embeddable":true,"href":"https:\/\/www.naturgy.com\/gl\/wp-json\/wp\/v2\/users\/5"}],"replies":[{"embeddable":true,"href":"https:\/\/www.naturgy.com\/gl\/wp-json\/wp\/v2\/comments?post=41471"}],"version-history":[{"count":6,"href":"https:\/\/www.naturgy.com\/gl\/wp-json\/wp\/v2\/pages\/41471\/revisions"}],"predecessor-version":[{"id":99251,"href":"https:\/\/www.naturgy.com\/gl\/wp-json\/wp\/v2\/pages\/41471\/revisions\/99251"}],"up":[{"embeddable":true,"href":"https:\/\/www.naturgy.com\/gl\/wp-json\/wp\/v2\/pages\/40680"}],"wp:attachment":[{"href":"https:\/\/www.naturgy.com\/gl\/wp-json\/wp\/v2\/media?parent=41471"}],"curies":[{"name":"wp","href":"https:\/\/api.w.org\/{rel}","templated":true}]}}