{"id":41475,"date":"2023-01-23T18:36:06","date_gmt":"2023-01-23T17:36:06","guid":{"rendered":"https:\/\/www.naturgy.com\/corporate-governance\/francisco-reynes-massanet\/"},"modified":"2025-04-30T11:14:30","modified_gmt":"2025-04-30T09:14:30","slug":"francisco-reynes-massanet-presidente-e-ceo-de-naturgy","status":"publish","type":"page","link":"https:\/\/www.naturgy.com\/gl\/accionistas-e-investidores\/goberno-corporativo\/francisco-reynes-massanet-presidente-e-ceo-de-naturgy\/","title":{"rendered":"Francisco Reyn\u00e9s Massanet. Presidente e CEO de Naturgy."},"content":{"rendered":"\t\t<div data-elementor-type=\"wp-page\" data-elementor-id=\"41475\" class=\"elementor elementor-41475 elementor-13361\" data-elementor-post-type=\"page\">\n\t\t\t\t<div class=\"elementor-element elementor-element-149cd5eb e-flex e-con-boxed e-con e-parent\" data-id=\"149cd5eb\" data-element_type=\"container\">\n\t\t\t\t\t<div class=\"e-con-inner\">\n\t\t<div class=\"elementor-element elementor-element-28ce559b e-con-full e-flex e-con e-child\" data-id=\"28ce559b\" data-element_type=\"container\">\n\t\t\t\t<div class=\"elementor-element elementor-element-7574ae8c elementor-widget elementor-widget-shortcode\" data-id=\"7574ae8c\" data-element_type=\"widget\" data-widget_type=\"shortcode.default\">\n\t\t\t\t<div class=\"elementor-widget-container\">\n\t\t\t\t\t\t\t<div class=\"elementor-shortcode\"><nav aria-label=\"breadcrumbs\" class=\"rank-math-breadcrumb\"><p><span class=\"last\">Comeza<\/span><\/p><\/nav><\/div>\n\t\t\t\t\t\t<\/div>\n\t\t\t\t<\/div>\n\t\t\t\t<div class=\"elementor-element elementor-element-5724baea elementor-widget elementor-widget-heading\" data-id=\"5724baea\" data-element_type=\"widget\" data-widget_type=\"heading.default\">\n\t\t\t\t<div class=\"elementor-widget-container\">\n\t\t\t\t\t<h1 class=\"elementor-heading-title elementor-size-default\">Francisco Reyn\u00e9s Massanet. Presidente e CEO de Naturgy.<\/h1>\t\t\t\t<\/div>\n\t\t\t\t<\/div>\n\t\t\t\t<\/div>\n\t\t<div class=\"elementor-element elementor-element-34be3d48 e-con-full e-flex e-con e-child\" data-id=\"34be3d48\" data-element_type=\"container\">\n\t\t\t\t<div class=\"elementor-element elementor-element-1dce4ffd elementor-widget elementor-widget-spacer\" data-id=\"1dce4ffd\" data-element_type=\"widget\" data-widget_type=\"spacer.default\">\n\t\t\t\t<div class=\"elementor-widget-container\">\n\t\t\t\t\t\t\t<div class=\"elementor-spacer\">\n\t\t\t<div class=\"elementor-spacer-inner\"><\/div>\n\t\t<\/div>\n\t\t\t\t\t\t<\/div>\n\t\t\t\t<\/div>\n\t\t\t\t<\/div>\n\t\t<div class=\"elementor-element elementor-element-463f4827 e-con-full e-flex e-con e-child\" data-id=\"463f4827\" data-element_type=\"container\">\n\t\t\t\t<div class=\"elementor-element elementor-element-1b510758 elementor-widget elementor-widget-image\" data-id=\"1b510758\" data-element_type=\"widget\" data-widget_type=\"image.default\">\n\t\t\t\t<div class=\"elementor-widget-container\">\n\t\t\t\t\t\t\t\t\t\t\t\t\t\t\t<img fetchpriority=\"high\" decoding=\"async\" width=\"1200\" height=\"625\" src=\"https:\/\/www.naturgy.com\/\/app\/uploads\/2023\/02\/francisco-reynes-naturgy.jpg\" class=\"attachment-full size-full wp-image-21512\" alt=\"\" srcset=\"https:\/\/www.naturgy.com\/\/app\/uploads\/2023\/02\/francisco-reynes-naturgy.jpg 1200w, https:\/\/www.naturgy.com\/\/app\/uploads\/2023\/02\/francisco-reynes-naturgy-300x156.jpg 300w, https:\/\/www.naturgy.com\/\/app\/uploads\/2023\/02\/francisco-reynes-naturgy-1024x533.jpg 1024w, https:\/\/www.naturgy.com\/\/app\/uploads\/2023\/02\/francisco-reynes-naturgy-768x400.jpg 768w\" sizes=\"(max-width: 1200px) 100vw, 1200px\" \/>\t\t\t\t\t\t\t\t\t\t\t\t\t\t\t<\/div>\n\t\t\t\t<\/div>\n\t\t\t\t<\/div>\n\t\t\t\t\t<\/div>\n\t\t\t\t<\/div>\n\t\t<div class=\"elementor-element elementor-element-6745a400 e-flex e-con-boxed e-con e-parent\" data-id=\"6745a400\" data-element_type=\"container\">\n\t\t\t\t\t<div class=\"e-con-inner\">\n\t\t\t\t<div class=\"elementor-element elementor-element-5846e9e7 elementor-widget elementor-widget-text-editor\" data-id=\"5846e9e7\" data-element_type=\"widget\" data-widget_type=\"text-editor.default\">\n\t\t\t\t<div class=\"elementor-widget-container\">\n\t\t\t\t\t\t\t\t\t<p><strong>Francisco Reyn\u00e9s Massanet\u00a0<\/strong>\u00e9 o actual presidente e conselleiro delegado de Naturgy dende febreiro de 2018.<\/p><p>Naceu en 1963, \u00e9 natural de Palma de Mallorca, est\u00e1 casado e ten 5 fillos. Enxe\u00f1eiro industrial, especializado en mec\u00e1nica, pola Universitat Polit\u00e8cnica de Barcelona, e MBA polo IESE.<\/p><p>Previamente era vicepresidente e conselleiro delegado de Abertis Infraestructuras, onde se incorporou en 2009. Dende 2015, e ata a s\u00faa incorporaci\u00f3n a Naturgy, era tam\u00e9n presidente de Cellnex Telecom, onde liderou a s\u00faa sa\u00edda a bolsa en 2015.<\/p><p>Anteriormente \u00e1 s\u00faa etapa en Abertis, foi director xeral do h\u00f3lding industrial Criteria CaixaCorp, dende cuxa posici\u00f3n levou a cabo a s\u00faa sa\u00edda a bolsa en outubro de 2007.<\/p><p><strong>Francisco Reyn\u00e9s Massanet\u00a0<\/strong>empezou a s\u00faa carreira profesional no sector automotriz vinculado primeiro para o Grupo Volkswagen e despois para Johnson Controls. Posteriormente foi director xeral do Grupo cementeiro Uniland.<\/p><p>Ademais, foi membro de diferentes Consellos de administraci\u00f3n en varios pa\u00edses: Sanef, Eutelsat e Boursorama en Francia; Hispasat, Agbar e Adeslas en Espa\u00f1a; Arteris en Brasil, V\u00edasChile en Chile; SC Enfida en Tunisia; Southern Cement en RU; Cem. Avellaneda en Arxentina e do grupo internacional Veolia.<\/p><p>Desde abril de 2025, \u00e9 padroeiro da Fundaci\u00f3n La Caixa e membro do Consello de Administraci\u00f3n de Criteria Caixa S.A.<\/p><p>Na edici\u00f3n do ano 2021 dos Platts Global Energy Awards,\u00a0<strong>Francisco Reyn\u00e9s Massanet<\/strong>\u00a0foi reco\u00f1ecido como CEO do ano pola s\u00faa visi\u00f3n estrat\u00e9xica, liderado, integridade e capacidade de mellora continua, as\u00ed como pola demostraci\u00f3n de claridade de visi\u00f3n, xu\u00edzo e motivaci\u00f3n para transformar organizaci\u00f3ns. Ademais, Naturgy foi reco\u00f1ecida ese mesmo ano como mellor compa\u00f1\u00eda enerx\u00e9tica atendendo \u00e1 s\u00faa transformaci\u00f3n cultural e de negocio. Adicionalmente, a prestixiosa revista\u00a0<em>Forbes Espa\u00f1a<\/em>\u00a0reco\u00f1eceu o traballo de\u00a0<strong>Francisco Reyn\u00e9s Massanet\u00a0<\/strong>en Naturgy nome\u00e1ndoo BEST CEO 2020.<\/p>\t\t\t\t\t\t\t\t<\/div>\n\t\t\t\t<\/div>\n\t\t\t\t\t<\/div>\n\t\t\t\t<\/div>\n\t\t<div class=\"elementor-element elementor-element-76615eb8 e-con-full e-flex e-con e-parent\" data-id=\"76615eb8\" data-element_type=\"container\">\n\t\t\t\t<div class=\"elementor-element elementor-element-60660e39 elementor-widget elementor-widget-spacer\" data-id=\"60660e39\" data-element_type=\"widget\" data-widget_type=\"spacer.default\">\n\t\t\t\t<div class=\"elementor-widget-container\">\n\t\t\t\t\t\t\t<div class=\"elementor-spacer\">\n\t\t\t<div class=\"elementor-spacer-inner\"><\/div>\n\t\t<\/div>\n\t\t\t\t\t\t<\/div>\n\t\t\t\t<\/div>\n\t\t\t\t<\/div>\n\t\t<div class=\"elementor-element elementor-element-1cbe926a e-flex e-con-boxed e-con e-parent\" data-id=\"1cbe926a\" data-element_type=\"container\">\n\t\t\t\t\t<div class=\"e-con-inner\">\n\t\t\t\t<div class=\"elementor-element elementor-element-1ec9747 elementor-widget elementor-widget-image\" data-id=\"1ec9747\" data-element_type=\"widget\" data-widget_type=\"image.default\">\n\t\t\t\t<div class=\"elementor-widget-container\">\n\t\t\t\t\t\t\t\t\t\t\t\t\t\t\t<img decoding=\"async\" width=\"1150\" height=\"575\" src=\"https:\/\/www.naturgy.com\/\/app\/uploads\/2023\/02\/francisco-reynes-massanet.jpg\" class=\"attachment-full size-full wp-image-21520\" alt=\"\" srcset=\"https:\/\/www.naturgy.com\/\/app\/uploads\/2023\/02\/francisco-reynes-massanet.jpg 1150w, https:\/\/www.naturgy.com\/\/app\/uploads\/2023\/02\/francisco-reynes-massanet-300x150.jpg 300w, https:\/\/www.naturgy.com\/\/app\/uploads\/2023\/02\/francisco-reynes-massanet-1024x512.jpg 1024w, https:\/\/www.naturgy.com\/\/app\/uploads\/2023\/02\/francisco-reynes-massanet-768x384.jpg 768w\" sizes=\"(max-width: 1150px) 100vw, 1150px\" \/>\t\t\t\t\t\t\t\t\t\t\t\t\t\t\t<\/div>\n\t\t\t\t<\/div>\n\t\t\t\t\t<\/div>\n\t\t\t\t<\/div>\n\t\t<div class=\"elementor-element elementor-element-251abdb4 e-con-full e-flex e-con e-parent\" data-id=\"251abdb4\" data-element_type=\"container\">\n\t\t\t\t<div class=\"elementor-element elementor-element-234edebe elementor-widget elementor-widget-spacer\" data-id=\"234edebe\" data-element_type=\"widget\" data-widget_type=\"spacer.default\">\n\t\t\t\t<div class=\"elementor-widget-container\">\n\t\t\t\t\t\t\t<div class=\"elementor-spacer\">\n\t\t\t<div class=\"elementor-spacer-inner\"><\/div>\n\t\t<\/div>\n\t\t\t\t\t\t<\/div>\n\t\t\t\t<\/div>\n\t\t\t\t<\/div>\n\t\t\t\t<\/div>\n\t\t","protected":false},"excerpt":{"rendered":"<p>Francisco Reyn\u00e9s Massanet\u00a0\u00e9 o actual presidente e conselleiro delegado de Naturgy dende febreiro de 2018. Naceu en 1963, \u00e9 natural de Palma de Mallorca, est\u00e1 casado e ten 5 fillos. Enxe\u00f1eiro industrial, especializado en mec\u00e1nica, pola Universitat Polit\u00e8cnica de Barcelona, e MBA polo IESE. Previamente era vicepresidente e conselleiro delegado de Abertis Infraestructuras, onde se [&hellip;]<\/p>\n","protected":false},"author":5,"featured_media":0,"parent":40227,"menu_order":1,"comment_status":"closed","ping_status":"closed","template":"","meta":{"_acf_changed":false,"footnotes":""},"class_list":["post-41475","page","type-page","status-publish","hentry"],"acf":[],"_links":{"self":[{"href":"https:\/\/www.naturgy.com\/gl\/wp-json\/wp\/v2\/pages\/41475","targetHints":{"allow":["GET"]}}],"collection":[{"href":"https:\/\/www.naturgy.com\/gl\/wp-json\/wp\/v2\/pages"}],"about":[{"href":"https:\/\/www.naturgy.com\/gl\/wp-json\/wp\/v2\/types\/page"}],"author":[{"embeddable":true,"href":"https:\/\/www.naturgy.com\/gl\/wp-json\/wp\/v2\/users\/5"}],"replies":[{"embeddable":true,"href":"https:\/\/www.naturgy.com\/gl\/wp-json\/wp\/v2\/comments?post=41475"}],"version-history":[{"count":13,"href":"https:\/\/www.naturgy.com\/gl\/wp-json\/wp\/v2\/pages\/41475\/revisions"}],"predecessor-version":[{"id":124639,"href":"https:\/\/www.naturgy.com\/gl\/wp-json\/wp\/v2\/pages\/41475\/revisions\/124639"}],"up":[{"embeddable":true,"href":"https:\/\/www.naturgy.com\/gl\/wp-json\/wp\/v2\/pages\/40227"}],"wp:attachment":[{"href":"https:\/\/www.naturgy.com\/gl\/wp-json\/wp\/v2\/media?parent=41475"}],"curies":[{"name":"wp","href":"https:\/\/api.w.org\/{rel}","templated":true}]}}