{"id":41640,"date":"2023-01-20T15:25:46","date_gmt":"2023-01-20T14:25:46","guid":{"rendered":"https:\/\/www.naturgy.com\/sustenibilidade\/responsabilidade-corporativa\/colaboraciones-y-adhesiones\/"},"modified":"2025-03-11T17:41:31","modified_gmt":"2025-03-11T16:41:31","slug":"colaboracions-e-adhesions","status":"publish","type":"page","link":"https:\/\/www.naturgy.com\/gl\/sustenibilidade\/responsabilidade-corporativa\/colaboracions-e-adhesions\/","title":{"rendered":"Colaboraci\u00f3ns e adhesi\u00f3ns"},"content":{"rendered":"\t\t<div data-elementor-type=\"wp-page\" data-elementor-id=\"41640\" class=\"elementor elementor-41640 elementor-12488\" data-elementor-post-type=\"page\">\n\t\t\t\t<div class=\"elementor-element elementor-element-1ab2dec e-flex e-con-boxed e-con e-parent\" data-id=\"1ab2dec\" data-element_type=\"container\">\n\t\t\t\t\t<div class=\"e-con-inner\">\n\t\t<div class=\"elementor-element elementor-element-6b52ffb3 e-con-full e-flex e-con e-child\" data-id=\"6b52ffb3\" data-element_type=\"container\">\n\t\t\t\t<div class=\"elementor-element elementor-element-14f344b9 elementor-widget elementor-widget-shortcode\" data-id=\"14f344b9\" data-element_type=\"widget\" data-widget_type=\"shortcode.default\">\n\t\t\t\t<div class=\"elementor-widget-container\">\n\t\t\t\t\t\t\t<div class=\"elementor-shortcode\"><nav aria-label=\"breadcrumbs\" class=\"rank-math-breadcrumb\"><p><span class=\"last\">Comeza<\/span><\/p><\/nav><\/div>\n\t\t\t\t\t\t<\/div>\n\t\t\t\t<\/div>\n\t\t\t\t<div class=\"elementor-element elementor-element-70b4ed5f elementor-widget elementor-widget-heading\" data-id=\"70b4ed5f\" data-element_type=\"widget\" data-widget_type=\"heading.default\">\n\t\t\t\t<div class=\"elementor-widget-container\">\n\t\t\t\t\t<h1 class=\"elementor-heading-title elementor-size-default\">Colaboraci\u00f3ns e adhesi\u00f3ns<\/h1>\t\t\t\t<\/div>\n\t\t\t\t<\/div>\n\t\t\t\t<\/div>\n\t\t<div class=\"elementor-element elementor-element-1ffd68d e-con-full e-flex e-con e-child\" data-id=\"1ffd68d\" data-element_type=\"container\">\n\t\t\t\t<div class=\"elementor-element elementor-element-4ae678c0 elementor-widget elementor-widget-spacer\" data-id=\"4ae678c0\" data-element_type=\"widget\" data-widget_type=\"spacer.default\">\n\t\t\t\t<div class=\"elementor-widget-container\">\n\t\t\t\t\t\t\t<div class=\"elementor-spacer\">\n\t\t\t<div class=\"elementor-spacer-inner\"><\/div>\n\t\t<\/div>\n\t\t\t\t\t\t<\/div>\n\t\t\t\t<\/div>\n\t\t\t\t<\/div>\n\t\t\t\t\t<\/div>\n\t\t\t\t<\/div>\n\t\t<div class=\"elementor-element elementor-element-4574e82 e-flex e-con-boxed e-con e-parent\" data-id=\"4574e82\" data-element_type=\"container\">\n\t\t\t\t\t<div class=\"e-con-inner\">\n\t\t<div class=\"elementor-element elementor-element-b5b5976 e-flex e-con-boxed e-con e-child\" data-id=\"b5b5976\" data-element_type=\"container\">\n\t\t\t\t\t<div class=\"e-con-inner\">\n\t\t<div class=\"elementor-element elementor-element-ff2c2e1 e-con-full e-flex e-con e-child\" data-id=\"ff2c2e1\" data-element_type=\"container\">\n\t\t\t\t<div class=\"elementor-element elementor-element-0efb688 elementor-widget elementor-widget-text-editor\" data-id=\"0efb688\" data-element_type=\"widget\" data-widget_type=\"text-editor.default\">\n\t\t\t\t<div class=\"elementor-widget-container\">\n\t\t\t\t\t\t\t\t\t<p>Contamos dende hai anos cun Sistema Integrado de Xesti\u00f3n (SIX) de calidade, medio ambiente, seguridade e sa\u00fade, certificado segundo os requisitos das normas ISO 9001, ISO 14001 e ISO 45001, que \u00e9 auditado externamente, todos os anos. Estas auditor\u00edas son realizadas por AENOR e T\u00dcV Rheinland para todos os negocios.<\/p><p>Complementariamente, a actividade de servizos enerx\u00e9ticos inclu\u00edda na comercializaci\u00f3n de gas natural e electricidade en Espa\u00f1a est\u00e1 certificada segundo a norma ISO 50001 de sistemas de xesti\u00f3n da enerx\u00eda.<\/p>\t\t\t\t\t\t\t\t<\/div>\n\t\t\t\t<\/div>\n\t\t\t\t<\/div>\n\t\t\t\t\t<\/div>\n\t\t\t\t<\/div>\n\t\t<div class=\"elementor-element elementor-element-6e6a913 e-flex e-con-boxed e-con e-child\" data-id=\"6e6a913\" data-element_type=\"container\">\n\t\t\t\t\t<div class=\"e-con-inner\">\n\t\t\t\t<div class=\"elementor-element elementor-element-f809793 elementor-widget elementor-widget-image\" data-id=\"f809793\" data-element_type=\"widget\" data-widget_type=\"image.default\">\n\t\t\t\t<div class=\"elementor-widget-container\">\n\t\t\t\t\t\t\t\t\t\t\t\t\t\t\t<img fetchpriority=\"high\" decoding=\"async\" width=\"560\" height=\"408\" src=\"https:\/\/www.naturgy.com\/\/app\/uploads\/2023\/04\/Ilustracion_colaboraciones.png\" class=\"attachment-large size-large wp-image-66018\" alt=\"\" srcset=\"https:\/\/www.naturgy.com\/\/app\/uploads\/2023\/04\/Ilustracion_colaboraciones.png 560w, https:\/\/www.naturgy.com\/\/app\/uploads\/2023\/04\/Ilustracion_colaboraciones-300x219.png 300w\" sizes=\"(max-width: 560px) 100vw, 560px\" \/>\t\t\t\t\t\t\t\t\t\t\t\t\t\t\t<\/div>\n\t\t\t\t<\/div>\n\t\t\t\t\t<\/div>\n\t\t\t\t<\/div>\n\t\t\t\t\t<\/div>\n\t\t\t\t<\/div>\n\t\t<div class=\"elementor-element elementor-element-a8e45e5 e-con-full e-flex e-con e-parent\" data-id=\"a8e45e5\" data-element_type=\"container\">\n\t\t\t\t<div class=\"elementor-element elementor-element-e47dd46 elementor-widget elementor-widget-spacer\" data-id=\"e47dd46\" data-element_type=\"widget\" data-widget_type=\"spacer.default\">\n\t\t\t\t<div class=\"elementor-widget-container\">\n\t\t\t\t\t\t\t<div class=\"elementor-spacer\">\n\t\t\t<div class=\"elementor-spacer-inner\"><\/div>\n\t\t<\/div>\n\t\t\t\t\t\t<\/div>\n\t\t\t\t<\/div>\n\t\t\t\t<\/div>\n\t\t<div class=\"elementor-element elementor-element-b1c20aa e-flex e-con-boxed e-con e-parent\" data-id=\"b1c20aa\" data-element_type=\"container\" data-settings=\"{&quot;background_background&quot;:&quot;classic&quot;}\">\n\t\t\t\t\t<div class=\"e-con-inner\">\n\t\t\t\t<div class=\"elementor-element elementor-element-82c99e6 elementor-widget elementor-widget-heading\" data-id=\"82c99e6\" data-element_type=\"widget\" data-widget_type=\"heading.default\">\n\t\t\t\t<div class=\"elementor-widget-container\">\n\t\t\t\t\t<h2 class=\"elementor-heading-title elementor-size-default\">Participamos en organismos sectoriais e de \u00edndole sustentable<\/h2>\t\t\t\t<\/div>\n\t\t\t\t<\/div>\n\t\t\t\t\t<\/div>\n\t\t\t\t<\/div>\n\t\t<div class=\"elementor-element elementor-element-d32dcd5 e-flex e-con-boxed e-con e-parent\" data-id=\"d32dcd5\" data-element_type=\"container\" data-settings=\"{&quot;background_background&quot;:&quot;classic&quot;}\">\n\t\t\t\t\t<div class=\"e-con-inner\">\n\t\t\t\t<div class=\"elementor-element elementor-element-e9ead81 elementor-widget elementor-widget-shortcode\" data-id=\"e9ead81\" data-element_type=\"widget\" data-widget_type=\"shortcode.default\">\n\t\t\t\t<div class=\"elementor-widget-container\">\n\t\t\t\t\t\t\t<div class=\"elementor-shortcode\">                <div class=\"carrusel-card generic\" data-carrusel=\"card\">\n                    <div class=\"swiper\">\n                        <div class=\"swiper-wrapper\">\n                                                            <div class=\"swiper-slide\">\n                                    <div class=\"card\">\n                                                                                    <div class=\"card-image\">\n                                                <img decoding=\"async\" src=\"https:\/\/stproportalcorporativo.blob.core.windows.net\/uploads\/2023\/04\/foretica-1.png\">\n                                            <\/div>\n                                                                                                                            <div class=\"card-title\">\n                                                For\u00e9tica, organismo de sustentabilidade                                            <\/div>\n                                                                                                                            <div class=\"card-description\">\n                                                Pertencemos a esta asociaci\u00f3n l\u00edder en Espa\u00f1a e Am\u00e9rica latina que busca a integraci\u00f3n dos aspectos sociais, ambientais e de bo goberno na estratexia e xesti\u00f3n das empresas.                                            <\/div>\n                                                                                                                                                                    <div class=\"card-button\">\n                                                <a class=\"button\" href=\"https:\/\/foretica.org\/\" target=\"_self\" rel=\"noopener\">Saber m\u00e1is<\/a>\n                                            <\/div>\n                                                                            <\/div>\n                                <\/div>\n                                                            <div class=\"swiper-slide\">\n                                    <div class=\"card\">\n                                                                                    <div class=\"card-image\">\n                                                <img decoding=\"async\" src=\"https:\/\/stproportalcorporativo.blob.core.windows.net\/uploads\/2023\/04\/Pacto_mundial_Red_Espanola.png\">\n                                            <\/div>\n                                                                                                                            <div class=\"card-title\">\n                                                Pacto global das Naci\u00f3ns Unidas                                            <\/div>\n                                                                                                                            <div class=\"card-description\">\n                                                Informamos da adhesi\u00f3n e progreso dos dez principios sobre dereitos humanos, laborais, mellora ambiental e loita contra a corrupci\u00f3n do Pacto na compa\u00f1\u00eda.                                            <\/div>\n                                                                                                                                                                    <div class=\"card-button\">\n                                                <a class=\"button\" href=\"https:\/\/unglobalcompact.org\/\" target=\"_self\" rel=\"noopener\">Saber m\u00e1is<\/a>\n                                            <\/div>\n                                                                            <\/div>\n                                <\/div>\n                                                            <div class=\"swiper-slide\">\n                                    <div class=\"card\">\n                                                                                    <div class=\"card-image\">\n                                                <img decoding=\"async\" src=\"https:\/\/stproportalcorporativo.blob.core.windows.net\/uploads\/2023\/04\/funseam_logo_260-1.png\">\n                                            <\/div>\n                                                                                                                            <div class=\"card-title\">\n                                                Funseam                                            <\/div>\n                                                                                                                            <div class=\"card-description\">\n                                                A nosa compa\u00f1\u00eda forma parte do padroado da Fundaci\u00f3n sendo parte activa nos seus m\u00e1ximos \u00f3rganos de goberno, o propio Padroado e a Comisi\u00f3n executiva.                                            <\/div>\n                                                                                                                                                                    <div class=\"card-button\">\n                                                <a class=\"button\" href=\"https:\/\/funseam.com\/\" target=\"_self\" rel=\"noopener\">Saber m\u00e1is<\/a>\n                                            <\/div>\n                                                                            <\/div>\n                                <\/div>\n                                                            <div class=\"swiper-slide\">\n                                    <div class=\"card\">\n                                                                                    <div class=\"card-image\">\n                                                <img decoding=\"async\" src=\"https:\/\/stproportalcorporativo.blob.core.windows.net\/uploads\/2023\/04\/logo_elcano_280-1.png\">\n                                            <\/div>\n                                                                                                                            <div class=\"card-title\">\n                                                Real instituto Elcano                                            <\/div>\n                                                                                                                            <div class=\"card-description\">\n                                                A nosa compa\u00f1\u00eda forma parte do padroado da Fundaci\u00f3n sendo parte activa nos seus m\u00e1ximos \u00f3rganos de goberno, o propio Padroado e a Comisi\u00f3n executiva. Adicionalmente participa en diversos grupos de traballo do Real Instituto Elcano.                                            <\/div>\n                                                                                                                                                                    <div class=\"card-button\">\n                                                <a class=\"button\" href=\"https:\/\/www.realinstitutoelcano.org\/\" target=\"_self\" rel=\"noopener\">Saber m\u00e1is<\/a>\n                                            <\/div>\n                                                                            <\/div>\n                                <\/div>\n                                                            <div class=\"swiper-slide\">\n                                    <div class=\"card\">\n                                                                                    <div class=\"card-image\">\n                                                <img decoding=\"async\" src=\"https:\/\/stproportalcorporativo.blob.core.windows.net\/uploads\/2023\/04\/fundacion_biodiversidad-1.png\">\n                                            <\/div>\n                                                                                                                            <div class=\"card-title\">\n                                                Novo Pacto pola Biodiversidade e o Capital Natural                                            <\/div>\n                                                                                                                            <div class=\"card-description\">\n                                                En maio de 2023, subscribimos o\u00a0novo Pacto pola Biodiversidade e o Capital Natural, posto en marcha polo Ministerio para a Transici\u00f3n Ecol\u00f3xica e o Reto Demogr\u00e1fico, asumindo o m\u00e1ximo nivel de ambici\u00f3n. \r\n                                            <\/div>\n                                                                                                                                                                    <div class=\"card-button\">\n                                                <a class=\"button\" href=\"https:\/\/fundacion-biodiversidad.es\/\" target=\"_self\" rel=\"noopener\">Saber m\u00e1is<\/a>\n                                            <\/div>\n                                                                            <\/div>\n                                <\/div>\n                                                    <\/div>\n                    <\/div>\n                    <div class=\"swiper-pagination\"><\/div>\n                    <button class=\"swiper-button swiper-button-prev\"><\/button>\n                    <button class=\"swiper-button swiper-button-next\"><\/button>\n                <\/div>\n                            <\/div>\n\t\t\t\t\t\t<\/div>\n\t\t\t\t<\/div>\n\t\t\t\t\t<\/div>\n\t\t\t\t<\/div>\n\t\t<div class=\"elementor-element elementor-element-acd7ae1 e-flex e-con-boxed e-con e-parent\" data-id=\"acd7ae1\" data-element_type=\"container\">\n\t\t\t\t\t<div class=\"e-con-inner\">\n\t\t\t\t<div class=\"elementor-element elementor-element-50b7b3b elementor-widget elementor-widget-text-editor\" data-id=\"50b7b3b\" data-element_type=\"widget\" data-widget_type=\"text-editor.default\">\n\t\t\t\t<div class=\"elementor-widget-container\">\n\t\t\t\t\t\t\t\t\t<p><strong>Formamos parte dos \u00f3rganos de goberno de:<\/strong><\/p>\t\t\t\t\t\t\t\t<\/div>\n\t\t\t\t<\/div>\n\t\t\t\t\t<\/div>\n\t\t\t\t<\/div>\n\t\t<div class=\"elementor-element elementor-element-7c07d7e e-con-full e-flex e-con e-parent\" data-id=\"7c07d7e\" data-element_type=\"container\">\n\t\t\t\t<div class=\"elementor-element elementor-element-fd6f88b elementor-widget elementor-widget-spacer\" data-id=\"fd6f88b\" data-element_type=\"widget\" data-widget_type=\"spacer.default\">\n\t\t\t\t<div class=\"elementor-widget-container\">\n\t\t\t\t\t\t\t<div class=\"elementor-spacer\">\n\t\t\t<div class=\"elementor-spacer-inner\"><\/div>\n\t\t<\/div>\n\t\t\t\t\t\t<\/div>\n\t\t\t\t<\/div>\n\t\t\t\t<\/div>\n\t\t<div class=\"elementor-element elementor-element-6796f5b grid col-3 e-flex e-con-boxed e-con e-parent\" data-id=\"6796f5b\" data-element_type=\"container\" data-settings=\"{&quot;background_background&quot;:&quot;classic&quot;}\">\n\t\t\t\t\t<div class=\"e-con-inner\">\n\t\t<div class=\"elementor-element elementor-element-0255b24 e-con-full e-flex e-con e-child\" data-id=\"0255b24\" data-element_type=\"container\">\n\t\t\t\t<div class=\"elementor-element elementor-element-e5ea330 elementor-widget elementor-widget-image\" data-id=\"e5ea330\" data-element_type=\"widget\" data-widget_type=\"image.default\">\n\t\t\t\t<div class=\"elementor-widget-container\">\n\t\t\t\t\t\t\t\t\t\t\t\t\t\t\t<img decoding=\"async\" width=\"730\" height=\"488\" src=\"https:\/\/www.naturgy.com\/\/app\/uploads\/2023\/04\/logo_sedigas-640f18d40568b.png\" class=\"attachment-large size-large wp-image-66022\" alt=\"\" srcset=\"https:\/\/www.naturgy.com\/\/app\/uploads\/2023\/04\/logo_sedigas-640f18d40568b.png 730w, https:\/\/www.naturgy.com\/\/app\/uploads\/2023\/04\/logo_sedigas-640f18d40568b-300x201.png 300w\" sizes=\"(max-width: 730px) 100vw, 730px\" \/>\t\t\t\t\t\t\t\t\t\t\t\t\t\t\t<\/div>\n\t\t\t\t<\/div>\n\t\t\t\t<div class=\"elementor-element elementor-element-f373fa2 elementor-align-center elementor-widget elementor-widget-button\" data-id=\"f373fa2\" data-element_type=\"widget\" data-widget_type=\"button.default\">\n\t\t\t\t<div class=\"elementor-widget-container\">\n\t\t\t\t\t\t\t\t\t<div class=\"elementor-button-wrapper\">\n\t\t\t\t\t<a class=\"elementor-button elementor-button-link elementor-size-sm\" href=\"https:\/\/www.sedigas.es\/\" target=\"_blank\" rel=\"noopener\">\n\t\t\t\t\t\t<span class=\"elementor-button-content-wrapper\">\n\t\t\t\t\t\t\t\t\t<span class=\"elementor-button-text\">Saber m\u00e1is <\/span>\n\t\t\t\t\t<\/span>\n\t\t\t\t\t<\/a>\n\t\t\t\t<\/div>\n\t\t\t\t\t\t\t\t<\/div>\n\t\t\t\t<\/div>\n\t\t\t\t<\/div>\n\t\t<div class=\"elementor-element elementor-element-ec3125f e-con-full e-flex e-con e-child\" data-id=\"ec3125f\" data-element_type=\"container\">\n\t\t\t\t<div class=\"elementor-element elementor-element-25030a7 elementor-widget elementor-widget-image\" data-id=\"25030a7\" data-element_type=\"widget\" data-widget_type=\"image.default\">\n\t\t\t\t<div class=\"elementor-widget-container\">\n\t\t\t\t\t\t\t\t\t\t\t\t\t\t\t<img decoding=\"async\" width=\"730\" height=\"488\" src=\"https:\/\/www.naturgy.com\/\/app\/uploads\/2023\/04\/logo_club-espanol-de-la-energia.png\" class=\"attachment-large size-large wp-image-66026\" alt=\"\" srcset=\"https:\/\/www.naturgy.com\/\/app\/uploads\/2023\/04\/logo_club-espanol-de-la-energia.png 730w, https:\/\/www.naturgy.com\/\/app\/uploads\/2023\/04\/logo_club-espanol-de-la-energia-300x201.png 300w\" sizes=\"(max-width: 730px) 100vw, 730px\" \/>\t\t\t\t\t\t\t\t\t\t\t\t\t\t\t<\/div>\n\t\t\t\t<\/div>\n\t\t\t\t<div class=\"elementor-element elementor-element-1f0393a elementor-align-center elementor-widget elementor-widget-button\" data-id=\"1f0393a\" data-element_type=\"widget\" data-widget_type=\"button.default\">\n\t\t\t\t<div class=\"elementor-widget-container\">\n\t\t\t\t\t\t\t\t\t<div class=\"elementor-button-wrapper\">\n\t\t\t\t\t<a class=\"elementor-button elementor-button-link elementor-size-sm\" href=\"http:\/\/www.enerclub.es\/\" target=\"_blank\" rel=\"noopener\">\n\t\t\t\t\t\t<span class=\"elementor-button-content-wrapper\">\n\t\t\t\t\t\t\t\t\t<span class=\"elementor-button-text\">Saber m\u00e1is <\/span>\n\t\t\t\t\t<\/span>\n\t\t\t\t\t<\/a>\n\t\t\t\t<\/div>\n\t\t\t\t\t\t\t\t<\/div>\n\t\t\t\t<\/div>\n\t\t\t\t<\/div>\n\t\t\t\t\t<\/div>\n\t\t\t\t<\/div>\n\t\t<div class=\"elementor-element elementor-element-a84a5ae e-con-full e-flex e-con e-parent\" data-id=\"a84a5ae\" data-element_type=\"container\">\n\t\t\t\t<div class=\"elementor-element elementor-element-bad4a8b elementor-widget elementor-widget-spacer\" data-id=\"bad4a8b\" data-element_type=\"widget\" data-widget_type=\"spacer.default\">\n\t\t\t\t<div class=\"elementor-widget-container\">\n\t\t\t\t\t\t\t<div class=\"elementor-spacer\">\n\t\t\t<div class=\"elementor-spacer-inner\"><\/div>\n\t\t<\/div>\n\t\t\t\t\t\t<\/div>\n\t\t\t\t<\/div>\n\t\t\t\t<\/div>\n\t\t\t\t<\/div>\n\t\t","protected":false},"excerpt":{"rendered":"<p>Contamos dende hai anos cun Sistema Integrado de Xesti\u00f3n (SIX) de calidade, medio ambiente, seguridade e sa\u00fade, certificado segundo os requisitos das normas ISO 9001, ISO 14001 e ISO 45001, que \u00e9 auditado externamente, todos os anos. Estas auditor\u00edas son realizadas por AENOR e T\u00dcV Rheinland para todos os negocios. Complementariamente, a actividade de servizos [&hellip;]<\/p>\n","protected":false},"author":5,"featured_media":0,"parent":39949,"menu_order":3,"comment_status":"closed","ping_status":"closed","template":"","meta":{"_acf_changed":false,"footnotes":""},"class_list":["post-41640","page","type-page","status-publish","hentry"],"acf":[],"_links":{"self":[{"href":"https:\/\/www.naturgy.com\/gl\/wp-json\/wp\/v2\/pages\/41640","targetHints":{"allow":["GET"]}}],"collection":[{"href":"https:\/\/www.naturgy.com\/gl\/wp-json\/wp\/v2\/pages"}],"about":[{"href":"https:\/\/www.naturgy.com\/gl\/wp-json\/wp\/v2\/types\/page"}],"author":[{"embeddable":true,"href":"https:\/\/www.naturgy.com\/gl\/wp-json\/wp\/v2\/users\/5"}],"replies":[{"embeddable":true,"href":"https:\/\/www.naturgy.com\/gl\/wp-json\/wp\/v2\/comments?post=41640"}],"version-history":[{"count":20,"href":"https:\/\/www.naturgy.com\/gl\/wp-json\/wp\/v2\/pages\/41640\/revisions"}],"predecessor-version":[{"id":120717,"href":"https:\/\/www.naturgy.com\/gl\/wp-json\/wp\/v2\/pages\/41640\/revisions\/120717"}],"up":[{"embeddable":true,"href":"https:\/\/www.naturgy.com\/gl\/wp-json\/wp\/v2\/pages\/39949"}],"wp:attachment":[{"href":"https:\/\/www.naturgy.com\/gl\/wp-json\/wp\/v2\/media?parent=41640"}],"curies":[{"name":"wp","href":"https:\/\/api.w.org\/{rel}","templated":true}]}}