{"id":41642,"date":"2023-01-20T15:25:28","date_gmt":"2023-01-20T14:25:28","guid":{"rendered":"https:\/\/www.naturgy.com\/sustenibilidade\/responsabilidade-corporativa\/certificaciones\/"},"modified":"2026-03-04T16:19:08","modified_gmt":"2026-03-04T15:19:08","slug":"certificacions","status":"publish","type":"page","link":"https:\/\/www.naturgy.com\/gl\/sustenibilidade\/responsabilidade-corporativa\/certificacions\/","title":{"rendered":"Certificaci\u00f3ns"},"content":{"rendered":"\t\t<div data-elementor-type=\"wp-page\" data-elementor-id=\"41642\" class=\"elementor elementor-41642 elementor-12489\" data-elementor-post-type=\"page\">\n\t\t\t\t<div class=\"elementor-element elementor-element-53f701f e-flex e-con-boxed e-con e-parent\" data-id=\"53f701f\" data-element_type=\"container\">\n\t\t\t\t\t<div class=\"e-con-inner\">\n\t\t<div class=\"elementor-element elementor-element-6388d4fc e-con-full e-flex e-con e-child\" data-id=\"6388d4fc\" data-element_type=\"container\">\n\t\t\t\t<div class=\"elementor-element elementor-element-24c895c6 elementor-widget elementor-widget-shortcode\" data-id=\"24c895c6\" data-element_type=\"widget\" data-widget_type=\"shortcode.default\">\n\t\t\t\t<div class=\"elementor-widget-container\">\n\t\t\t\t\t\t\t<div class=\"elementor-shortcode\"><nav aria-label=\"breadcrumbs\" class=\"rank-math-breadcrumb\"><p><span class=\"last\">Comeza<\/span><\/p><\/nav><\/div>\n\t\t\t\t\t\t<\/div>\n\t\t\t\t<\/div>\n\t\t\t\t<div class=\"elementor-element elementor-element-2048e998 elementor-widget elementor-widget-heading\" data-id=\"2048e998\" data-element_type=\"widget\" data-widget_type=\"heading.default\">\n\t\t\t\t<div class=\"elementor-widget-container\">\n\t\t\t\t\t<h1 class=\"elementor-heading-title elementor-size-default\">Certificaci\u00f3ns<\/h1>\t\t\t\t<\/div>\n\t\t\t\t<\/div>\n\t\t\t\t<\/div>\n\t\t<div class=\"elementor-element elementor-element-aaf8f4e e-con-full e-flex e-con e-child\" data-id=\"aaf8f4e\" data-element_type=\"container\">\n\t\t\t\t<div class=\"elementor-element elementor-element-7a12dd07 elementor-widget elementor-widget-spacer\" data-id=\"7a12dd07\" data-element_type=\"widget\" data-widget_type=\"spacer.default\">\n\t\t\t\t<div class=\"elementor-widget-container\">\n\t\t\t\t\t\t\t<div class=\"elementor-spacer\">\n\t\t\t<div class=\"elementor-spacer-inner\"><\/div>\n\t\t<\/div>\n\t\t\t\t\t\t<\/div>\n\t\t\t\t<\/div>\n\t\t\t\t<div class=\"elementor-element elementor-element-499bb2fc elementor-widget elementor-widget-image\" data-id=\"499bb2fc\" data-element_type=\"widget\" data-widget_type=\"image.default\">\n\t\t\t\t<div class=\"elementor-widget-container\">\n\t\t\t\t\t\t\t\t\t\t\t\t\t\t\t<img fetchpriority=\"high\" decoding=\"async\" width=\"1140\" height=\"400\" src=\"https:\/\/www.naturgy.com\/\/app\/uploads\/2023\/02\/Banner_certificaciones.png\" class=\"attachment-full size-full wp-image-22720\" alt=\"\" srcset=\"https:\/\/www.naturgy.com\/\/app\/uploads\/2023\/02\/Banner_certificaciones.png 1140w, https:\/\/www.naturgy.com\/\/app\/uploads\/2023\/02\/Banner_certificaciones-300x105.png 300w, https:\/\/www.naturgy.com\/\/app\/uploads\/2023\/02\/Banner_certificaciones-1024x359.png 1024w, https:\/\/www.naturgy.com\/\/app\/uploads\/2023\/02\/Banner_certificaciones-768x269.png 768w\" sizes=\"(max-width: 1140px) 100vw, 1140px\" \/>\t\t\t\t\t\t\t\t\t\t\t\t\t\t\t<\/div>\n\t\t\t\t<\/div>\n\t\t\t\t<\/div>\n\t\t<div class=\"elementor-element elementor-element-6c4b28c3 e-con-full e-flex e-con e-child\" data-id=\"6c4b28c3\" data-element_type=\"container\">\n\t\t\t\t<div class=\"elementor-element elementor-element-43aad8eb elementor-widget elementor-widget-spacer\" data-id=\"43aad8eb\" data-element_type=\"widget\" data-widget_type=\"spacer.default\">\n\t\t\t\t<div class=\"elementor-widget-container\">\n\t\t\t\t\t\t\t<div class=\"elementor-spacer\">\n\t\t\t<div class=\"elementor-spacer-inner\"><\/div>\n\t\t<\/div>\n\t\t\t\t\t\t<\/div>\n\t\t\t\t<\/div>\n\t\t\t\t<\/div>\n\t\t\t\t\t<\/div>\n\t\t\t\t<\/div>\n\t\t<div class=\"elementor-element elementor-element-79cc7a7 e-flex e-con-boxed e-con e-parent\" data-id=\"79cc7a7\" data-element_type=\"container\">\n\t\t\t\t\t<div class=\"e-con-inner\">\n\t\t\t\t<div class=\"elementor-element elementor-element-562d2fa elementor-widget elementor-widget-heading\" data-id=\"562d2fa\" data-element_type=\"widget\" data-widget_type=\"heading.default\">\n\t\t\t\t<div class=\"elementor-widget-container\">\n\t\t\t\t\t<h2 class=\"elementor-heading-title elementor-size-default\">Apostamos pola implantaci\u00f3n e <b>certificaci\u00f3n de sistemas integrados de xesti\u00f3n<\/b><\/h2>\t\t\t\t<\/div>\n\t\t\t\t<\/div>\n\t\t\t\t<div class=\"elementor-element elementor-element-c2b195d elementor-widget elementor-widget-text-editor\" data-id=\"c2b195d\" data-element_type=\"widget\" data-widget_type=\"text-editor.default\">\n\t\t\t\t<div class=\"elementor-widget-container\">\n\t\t\t\t\t\t\t\t\t<p>Durante anos contamos cun <strong>sistema integrado de xesti\u00f3n de calidade, medio ambiente, seguridade e sa\u00fade<\/strong> (SIG), certificado segundo os requisitos da ISO 9001:2015, ISO 14001:2015 e ISO 45001:2018, que cada ano se audita externamente.\u00a0<\/p>\t\t\t\t\t\t\t\t<\/div>\n\t\t\t\t<\/div>\n\t\t\t\t\t<\/div>\n\t\t\t\t<\/div>\n\t\t<div class=\"elementor-element elementor-element-60a47c6 e-con-full e-flex e-con e-parent\" data-id=\"60a47c6\" data-element_type=\"container\">\n\t\t\t\t<div class=\"elementor-element elementor-element-d6b2844 elementor-widget elementor-widget-spacer\" data-id=\"d6b2844\" data-element_type=\"widget\" data-widget_type=\"spacer.default\">\n\t\t\t\t<div class=\"elementor-widget-container\">\n\t\t\t\t\t\t\t<div class=\"elementor-spacer\">\n\t\t\t<div class=\"elementor-spacer-inner\"><\/div>\n\t\t<\/div>\n\t\t\t\t\t\t<\/div>\n\t\t\t\t<\/div>\n\t\t\t\t<\/div>\n\t\t<div class=\"elementor-element elementor-element-8374194 grid col-3 e-flex e-con-boxed e-con e-parent\" data-id=\"8374194\" data-element_type=\"container\">\n\t\t\t\t\t<div class=\"e-con-inner\">\n\t\t<div class=\"elementor-element elementor-element-a8b515b e-con-full e-flex e-con e-child\" data-id=\"a8b515b\" data-element_type=\"container\">\n\t\t\t\t<div class=\"elementor-element elementor-element-bacf8d2 elementor-widget elementor-widget-image\" data-id=\"bacf8d2\" data-element_type=\"widget\" data-widget_type=\"image.default\">\n\t\t\t\t<div class=\"elementor-widget-container\">\n\t\t\t\t\t\t\t\t\t\t\t\t\t\t\t<img decoding=\"async\" width=\"464\" height=\"308\" src=\"https:\/\/stproportalcorporativo.blob.core.windows.net\/uploads\/2023\/04\/Medio_ambiente-2.jpg\" class=\"attachment-medium_large size-medium_large wp-image-60778\" alt=\"\" srcset=\"https:\/\/stproportalcorporativo.blob.core.windows.net\/uploads\/2023\/04\/Medio_ambiente-2.jpg 464w, https:\/\/stproportalcorporativo.blob.core.windows.net\/uploads\/2023\/04\/Medio_ambiente-2-300x199.jpg 300w\" sizes=\"(max-width: 464px) 100vw, 464px\" \/>\t\t\t\t\t\t\t\t\t\t\t\t\t\t\t<\/div>\n\t\t\t\t<\/div>\n\t\t\t\t<div class=\"elementor-element elementor-element-30cb964 elementor-widget elementor-widget-heading\" data-id=\"30cb964\" data-element_type=\"widget\" data-widget_type=\"heading.default\">\n\t\t\t\t<div class=\"elementor-widget-container\">\n\t\t\t\t\t<h3 class=\"elementor-heading-title elementor-size-default\"><b>Ambientais<\/b><\/h3>\t\t\t\t<\/div>\n\t\t\t\t<\/div>\n\t\t\t\t<div class=\"elementor-element elementor-element-1ab0652 elementor-widget elementor-widget-heading\" data-id=\"1ab0652\" data-element_type=\"widget\" data-widget_type=\"heading.default\">\n\t\t\t\t<div class=\"elementor-widget-container\">\n\t\t\t\t\t<div class=\"elementor-heading-title elementor-size-default\">Un dos principios da nosa pol\u00edtica ambiental global \u00e9 ter un sistema de xesti\u00f3n ambiental auditado e certificado externamente, de acordo cos criterios da pol\u00edtica global para o sistema de xesti\u00f3n integrado.<\/div>\t\t\t\t<\/div>\n\t\t\t\t<\/div>\n\t\t\t\t<div class=\"elementor-element elementor-element-ff3f01a has-icon elementor-widget elementor-widget-text-editor\" data-id=\"ff3f01a\" data-element_type=\"widget\" data-widget_type=\"text-editor.default\">\n\t\t\t\t<div class=\"elementor-widget-container\">\n\t\t\t\t\t\t\t\t\t<p><a href=\"https:\/\/stproportalcorporativo.blob.core.windows.net\/uploads\/2026\/03\/14001-3.00.23029-MC_Main_ES.pdf\" target=\"_blank\" rel=\"noopener\">Certificado Global do Sistema de Xesti\u00f3n Ambiental (espa\u00f1ol)<\/a><\/p><p><a href=\"https:\/\/stproportalcorporativo.blob.core.windows.net\/uploads\/2026\/03\/14001-3.00.23029-MC_Annex_ES.pdf\" target=\"_blank\" rel=\"noopener\">Anexo do Certificado Global do Sistema de Xesti\u00f3n Ambiental (espa\u00f1ol)<\/a><\/p>\t\t\t\t\t\t\t\t<\/div>\n\t\t\t\t<\/div>\n\t\t\t\t<\/div>\n\t\t<div class=\"elementor-element elementor-element-ecb6361 e-con-full e-flex e-con e-child\" data-id=\"ecb6361\" data-element_type=\"container\">\n\t\t\t\t<div class=\"elementor-element elementor-element-722b6ec elementor-widget elementor-widget-image\" data-id=\"722b6ec\" data-element_type=\"widget\" data-widget_type=\"image.default\">\n\t\t\t\t<div class=\"elementor-widget-container\">\n\t\t\t\t\t\t\t\t\t\t\t\t\t\t\t<img decoding=\"async\" width=\"464\" height=\"308\" src=\"https:\/\/stproportalcorporativo.blob.core.windows.net\/uploads\/2023\/04\/SEGURIDAD_Y_SALUD-2.jpg\" class=\"attachment-large size-large wp-image-60782\" alt=\"\" srcset=\"https:\/\/stproportalcorporativo.blob.core.windows.net\/uploads\/2023\/04\/SEGURIDAD_Y_SALUD-2.jpg 464w, https:\/\/stproportalcorporativo.blob.core.windows.net\/uploads\/2023\/04\/SEGURIDAD_Y_SALUD-2-300x199.jpg 300w\" sizes=\"(max-width: 464px) 100vw, 464px\" \/>\t\t\t\t\t\t\t\t\t\t\t\t\t\t\t<\/div>\n\t\t\t\t<\/div>\n\t\t\t\t<div class=\"elementor-element elementor-element-a720aa7 elementor-widget elementor-widget-heading\" data-id=\"a720aa7\" data-element_type=\"widget\" data-widget_type=\"heading.default\">\n\t\t\t\t<div class=\"elementor-widget-container\">\n\t\t\t\t\t<h3 class=\"elementor-heading-title elementor-size-default\"><b>Seguridade e sa\u00fade<\/b><\/h3>\t\t\t\t<\/div>\n\t\t\t\t<\/div>\n\t\t\t\t<div class=\"elementor-element elementor-element-4213112 elementor-widget elementor-widget-heading\" data-id=\"4213112\" data-element_type=\"widget\" data-widget_type=\"heading.default\">\n\t\t\t\t<div class=\"elementor-widget-container\">\n\t\t\t\t\t<div class=\"elementor-heading-title elementor-size-default\">Temos un sistema de xesti\u00f3n de seguridade e sa\u00fade laboral, auditado e certificado por terceiros de acordo coa especificaci\u00f3n ISO 45001 e cuxo alcance \u00e9 global, inclu\u00edndo todas as empresas e pa\u00edses.<\/div>\t\t\t\t<\/div>\n\t\t\t\t<\/div>\n\t\t\t\t<div class=\"elementor-element elementor-element-f9ae1c3 has-icon elementor-widget elementor-widget-text-editor\" data-id=\"f9ae1c3\" data-element_type=\"widget\" data-widget_type=\"text-editor.default\">\n\t\t\t\t<div class=\"elementor-widget-container\">\n\t\t\t\t\t\t\t\t\t<p><a href=\"https:\/\/stproportalcorporativo.blob.core.windows.net\/uploads\/2026\/03\/45001-77-113-230029-MC_Main_ES.pdf\" target=\"_blank\" rel=\"noopener\">Certificado Global do Sistema de Xesti\u00f3n da Seguridade e Sa\u00fade no traballo (espa\u00f1ol)<\/a><\/p><p><a href=\"https:\/\/stproportalcorporativo.blob.core.windows.net\/uploads\/2026\/03\/45001-77-113-230029-MC_Annex_ES.pdf\" target=\"_blank\" rel=\"noopener\">Anexo do Certificado Global do Sistema de Xesti\u00f3n da Seguridade e Sa\u00fade no traballo (espa\u00f1ol)<\/a><\/p>\t\t\t\t\t\t\t\t<\/div>\n\t\t\t\t<\/div>\n\t\t\t\t<\/div>\n\t\t<div class=\"elementor-element elementor-element-956f445 e-con-full e-flex e-con e-child\" data-id=\"956f445\" data-element_type=\"container\">\n\t\t\t\t<div class=\"elementor-element elementor-element-b4748fb elementor-widget elementor-widget-image\" data-id=\"b4748fb\" data-element_type=\"widget\" data-widget_type=\"image.default\">\n\t\t\t\t<div class=\"elementor-widget-container\">\n\t\t\t\t\t\t\t\t\t\t\t\t\t\t\t<img loading=\"lazy\" decoding=\"async\" width=\"464\" height=\"308\" src=\"https:\/\/stproportalcorporativo.blob.core.windows.net\/uploads\/2023\/04\/Atencion_al_cliente-2.jpg\" class=\"attachment-medium_large size-medium_large wp-image-60786\" alt=\"\" srcset=\"https:\/\/stproportalcorporativo.blob.core.windows.net\/uploads\/2023\/04\/Atencion_al_cliente-2.jpg 464w, https:\/\/stproportalcorporativo.blob.core.windows.net\/uploads\/2023\/04\/Atencion_al_cliente-2-300x199.jpg 300w\" sizes=\"(max-width: 464px) 100vw, 464px\" \/>\t\t\t\t\t\t\t\t\t\t\t\t\t\t\t<\/div>\n\t\t\t\t<\/div>\n\t\t\t\t<div class=\"elementor-element elementor-element-66c5ec8 elementor-widget elementor-widget-heading\" data-id=\"66c5ec8\" data-element_type=\"widget\" data-widget_type=\"heading.default\">\n\t\t\t\t<div class=\"elementor-widget-container\">\n\t\t\t\t\t<h3 class=\"elementor-heading-title elementor-size-default\"><b>Calidade<\/b><\/h3>\t\t\t\t<\/div>\n\t\t\t\t<\/div>\n\t\t\t\t<div class=\"elementor-element elementor-element-f00bfe4 elementor-widget elementor-widget-heading\" data-id=\"f00bfe4\" data-element_type=\"widget\" data-widget_type=\"heading.default\">\n\t\t\t\t<div class=\"elementor-widget-container\">\n\t\t\t\t\t<div class=\"elementor-heading-title elementor-size-default\">O noso sistema de xesti\u00f3n da calidade incl\u00fae a auditor\u00eda do modelo de atenci\u00f3n ao cliente.<\/div>\t\t\t\t<\/div>\n\t\t\t\t<\/div>\n\t\t\t\t<div class=\"elementor-element elementor-element-7a1641d has-icon elementor-widget elementor-widget-text-editor\" data-id=\"7a1641d\" data-element_type=\"widget\" data-widget_type=\"text-editor.default\">\n\t\t\t\t<div class=\"elementor-widget-container\">\n\t\t\t\t\t\t\t\t\t<p><a href=\"https:\/\/stproportalcorporativo.blob.core.windows.net\/uploads\/2026\/03\/9001-0.04.23029-MC_Main_ES.pdf\" target=\"_blank\" rel=\"noopener\">Certificado do Sistema de Xesti\u00f3n de Calidade<\/a><\/p><p><a href=\"https:\/\/stproportalcorporativo.blob.core.windows.net\/uploads\/2026\/03\/9001-0.04.23029-MC_Annex_ES.pdf\" target=\"_blank\" rel=\"noopener\">Anexo do Certificado do Sistema de Xesti\u00f3n de Calidade<\/a><\/p>\t\t\t\t\t\t\t\t<\/div>\n\t\t\t\t<\/div>\n\t\t\t\t<\/div>\n\t\t\t\t\t<\/div>\n\t\t\t\t<\/div>\n\t\t<div class=\"elementor-element elementor-element-6528e4c e-con-full e-flex e-con e-parent\" data-id=\"6528e4c\" data-element_type=\"container\">\n\t\t\t\t<div class=\"elementor-element elementor-element-bd891f4 elementor-widget elementor-widget-spacer\" data-id=\"bd891f4\" data-element_type=\"widget\" data-widget_type=\"spacer.default\">\n\t\t\t\t<div class=\"elementor-widget-container\">\n\t\t\t\t\t\t\t<div class=\"elementor-spacer\">\n\t\t\t<div class=\"elementor-spacer-inner\"><\/div>\n\t\t<\/div>\n\t\t\t\t\t\t<\/div>\n\t\t\t\t<\/div>\n\t\t\t\t<\/div>\n\t\t\t\t<\/div>\n\t\t","protected":false},"excerpt":{"rendered":"<p>Apostamos pola implantaci\u00f3n e certificaci\u00f3n de sistemas integrados de xesti\u00f3n Durante anos contamos cun sistema integrado de xesti\u00f3n de calidade, medio ambiente, seguridade e sa\u00fade (SIG), certificado segundo os requisitos da ISO 9001:2015, ISO 14001:2015 e ISO 45001:2018, que cada ano se audita externamente.\u00a0 Ambientais Un dos principios da nosa pol\u00edtica ambiental global \u00e9 ter [&hellip;]<\/p>\n","protected":false},"author":5,"featured_media":0,"parent":39949,"menu_order":4,"comment_status":"closed","ping_status":"closed","template":"","meta":{"_acf_changed":false,"footnotes":""},"class_list":["post-41642","page","type-page","status-publish","hentry"],"acf":[],"_links":{"self":[{"href":"https:\/\/www.naturgy.com\/gl\/wp-json\/wp\/v2\/pages\/41642","targetHints":{"allow":["GET"]}}],"collection":[{"href":"https:\/\/www.naturgy.com\/gl\/wp-json\/wp\/v2\/pages"}],"about":[{"href":"https:\/\/www.naturgy.com\/gl\/wp-json\/wp\/v2\/types\/page"}],"author":[{"embeddable":true,"href":"https:\/\/www.naturgy.com\/gl\/wp-json\/wp\/v2\/users\/5"}],"replies":[{"embeddable":true,"href":"https:\/\/www.naturgy.com\/gl\/wp-json\/wp\/v2\/comments?post=41642"}],"version-history":[{"count":30,"href":"https:\/\/www.naturgy.com\/gl\/wp-json\/wp\/v2\/pages\/41642\/revisions"}],"predecessor-version":[{"id":139911,"href":"https:\/\/www.naturgy.com\/gl\/wp-json\/wp\/v2\/pages\/41642\/revisions\/139911"}],"up":[{"embeddable":true,"href":"https:\/\/www.naturgy.com\/gl\/wp-json\/wp\/v2\/pages\/39949"}],"wp:attachment":[{"href":"https:\/\/www.naturgy.com\/gl\/wp-json\/wp\/v2\/media?parent=41642"}],"curies":[{"name":"wp","href":"https:\/\/api.w.org\/{rel}","templated":true}]}}