{"id":41737,"date":"2023-02-20T09:06:51","date_gmt":"2023-02-20T08:06:51","guid":{"rendered":"https:\/\/www.naturgy.com\/ampliacion-de-capital-con-exclusion-del-derecho-de-suscripcion-preferente-agosto-2011\/"},"modified":"2023-04-05T12:41:40","modified_gmt":"2023-04-05T10:41:40","slug":"ampliacion-de-capital-con-exclusion-del-derecho-de-suscripcion-preferente-agosto-2011","status":"publish","type":"page","link":"https:\/\/www.naturgy.com\/gl\/accionistas-e-investidores\/a-sociedade\/a-accion-e-a-sua-capital-social\/ampliacion-de-capital-con-exclusion-del-derecho-de-suscripcion-preferente-agosto-2011\/","title":{"rendered":"Ampliaci\u00f3n de capital con exclusi\u00f3n do dereito de subscrici\u00f3n preferente (Agosto 2011)"},"content":{"rendered":"\t\t<div data-elementor-type=\"wp-page\" data-elementor-id=\"41737\" class=\"elementor elementor-41737 elementor-27680\" data-elementor-post-type=\"page\">\n\t\t\t\t<div class=\"elementor-element elementor-element-1124728b e-flex e-con-boxed e-con e-parent\" data-id=\"1124728b\" data-element_type=\"container\">\n\t\t\t\t\t<div class=\"e-con-inner\">\n\t\t<div class=\"elementor-element elementor-element-166f632f e-con-full e-flex e-con e-parent\" data-id=\"166f632f\" data-element_type=\"container\">\n\t\t\t\t<div class=\"elementor-element elementor-element-14d9f493 elementor-widget elementor-widget-shortcode\" data-id=\"14d9f493\" data-element_type=\"widget\" data-widget_type=\"shortcode.default\">\n\t\t\t\t<div class=\"elementor-widget-container\">\n\t\t\t\t\t\t\t<div class=\"elementor-shortcode\"><nav aria-label=\"breadcrumbs\" class=\"rank-math-breadcrumb\"><p><span class=\"last\">Comeza<\/span><\/p><\/nav><\/div>\n\t\t\t\t\t\t<\/div>\n\t\t\t\t<\/div>\n\t\t\t\t<div class=\"elementor-element elementor-element-347cc376 elementor-widget elementor-widget-heading\" data-id=\"347cc376\" data-element_type=\"widget\" data-widget_type=\"heading.default\">\n\t\t\t\t<div class=\"elementor-widget-container\">\n\t\t\t\t\t<h1 class=\"elementor-heading-title elementor-size-default\">Ampliaci\u00f3n de capital con exclusi\u00f3n do dereito de subscrici\u00f3n preferente (Agosto 2011)<\/h1>\t\t\t\t<\/div>\n\t\t\t\t<\/div>\n\t\t\t\t<\/div>\n\t\t<div class=\"elementor-element elementor-element-50d31f48 e-con-full e-flex e-con e-parent\" data-id=\"50d31f48\" data-element_type=\"container\">\n\t\t\t\t<div class=\"elementor-element elementor-element-298fc988 elementor-widget elementor-widget-spacer\" data-id=\"298fc988\" data-element_type=\"widget\" data-widget_type=\"spacer.default\">\n\t\t\t\t<div class=\"elementor-widget-container\">\n\t\t\t\t\t\t\t<div class=\"elementor-spacer\">\n\t\t\t<div class=\"elementor-spacer-inner\"><\/div>\n\t\t<\/div>\n\t\t\t\t\t\t<\/div>\n\t\t\t\t<\/div>\n\t\t\t\t<\/div>\n\t\t\t\t\t<\/div>\n\t\t\t\t<\/div>\n\t\t<div class=\"elementor-element elementor-element-26cb0260 e-flex e-con-boxed e-con e-parent\" data-id=\"26cb0260\" data-element_type=\"container\">\n\t\t\t\t\t<div class=\"e-con-inner\">\n\t\t\t\t<div class=\"elementor-element elementor-element-123a6c43 elementor-widget elementor-widget-text-editor\" data-id=\"123a6c43\" data-element_type=\"widget\" data-widget_type=\"text-editor.default\">\n\t\t\t\t<div class=\"elementor-widget-container\">\n\t\t\t\t\t\t\t\t\t<p><span class=\"ui-provider gp b c d e f g h i j k l m n o p q r s t u v w x y z ab ac ae af ag ah ai aj ak\" dir=\"ltr\">Naturgy Energy Group, S.A. acordou un <strong>aumento de capital<\/strong> <strong>con exclusi\u00f3n do dereito de subscrici\u00f3n\u00a0preferente<\/strong> para a s\u00faa subscrici\u00f3n pola compa\u00f1\u00eda alxeriana SONATRACH, que implica a emisi\u00f3n de <strong>38.183.600 novas acci\u00f3ns<\/strong>.<br \/><br \/>Como continuaci\u00f3n aos acordos subscritos coa <strong>Soci\u00e9t\u00e9 Nationale pour la Recherche, la Production, le Transport, la Transformation et la Commercialisation des Hydrocarbures, S.p.A. (SONATRACH<\/strong>), unha vez obtida a correspondente aprobaci\u00f3n das autoridades alxerianas e despois de producirse o desembolso pertinente, quedou inscrita no Rexistro Mercantil de Barcelona, en data do 9 de agosto de 2011, a escritura de <strong>aumento de capital<\/strong> das 38.183.600 novas acci\u00f3ns de Naturgy Energy Group, S.A., titularidade de SONATRACH e que supuxo un desembolso de <strong>515 mill\u00f3ns \u20ac<\/strong> a un prezo de <strong>13,4806 por acci\u00f3n \u20ac<\/strong>.<\/span><\/p>\t\t\t\t\t\t\t\t<\/div>\n\t\t\t\t<\/div>\n\t\t\t\t\t<\/div>\n\t\t\t\t<\/div>\n\t\t<div class=\"elementor-element elementor-element-f5f17b4 e-con-full e-flex e-con e-parent\" data-id=\"f5f17b4\" data-element_type=\"container\">\n\t\t\t\t<div class=\"elementor-element elementor-element-3ce8d38e elementor-widget elementor-widget-spacer\" data-id=\"3ce8d38e\" data-element_type=\"widget\" data-widget_type=\"spacer.default\">\n\t\t\t\t<div class=\"elementor-widget-container\">\n\t\t\t\t\t\t\t<div class=\"elementor-spacer\">\n\t\t\t<div class=\"elementor-spacer-inner\"><\/div>\n\t\t<\/div>\n\t\t\t\t\t\t<\/div>\n\t\t\t\t<\/div>\n\t\t\t\t<\/div>\n\t\t<div class=\"elementor-element elementor-element-6675715f e-flex e-con-boxed e-con e-parent\" data-id=\"6675715f\" data-element_type=\"container\">\n\t\t\t\t\t<div class=\"e-con-inner\">\n\t\t\t\t<div class=\"elementor-element elementor-element-653988ae elementor-widget elementor-widget-heading\" data-id=\"653988ae\" data-element_type=\"widget\" data-widget_type=\"heading.default\">\n\t\t\t\t<div class=\"elementor-widget-container\">\n\t\t\t\t\t<h2 class=\"elementor-heading-title elementor-size-default\">Documentos<\/h2>\t\t\t\t<\/div>\n\t\t\t\t<\/div>\n\t\t\t\t<div class=\"elementor-element elementor-element-972a396 has-icon elementor-widget elementor-widget-text-editor\" data-id=\"972a396\" data-element_type=\"widget\" data-widget_type=\"text-editor.default\">\n\t\t\t\t<div class=\"elementor-widget-container\">\n\t\t\t\t\t\t\t\t\t<p><a href=\"https:\/\/stproportalcorporativo.blob.core.windows.net\/uploads\/2023\/02\/Consejo_Administracion_aprobado_ampliacion.pdf\" target=\"_blank\" rel=\"noopener\">Aprobaci\u00f3n de ampliaci\u00f3n de capital do d\u00eda 17 de xu\u00f1o de 2011 (76 KB)<\/a><\/p><p><a href=\"https:\/\/stproportalcorporativo.blob.core.windows.net\/uploads\/2023\/02\/Suscripcion_del_aumento_de_capital.pdf\" target=\"_blank\" rel=\"noopener\">Suscrici\u00f3n do aumento de capital do d\u00eda 9 de agosto de 2011 (38 KB)<\/a><\/p><p>\u00a0<\/p>\t\t\t\t\t\t\t\t<\/div>\n\t\t\t\t<\/div>\n\t\t\t\t\t<\/div>\n\t\t\t\t<\/div>\n\t\t<div class=\"elementor-element elementor-element-cd07fa1 e-con-full e-flex e-con e-parent\" data-id=\"cd07fa1\" data-element_type=\"container\">\n\t\t\t\t<div class=\"elementor-element elementor-element-6c1aeec elementor-widget elementor-widget-spacer\" data-id=\"6c1aeec\" data-element_type=\"widget\" data-widget_type=\"spacer.default\">\n\t\t\t\t<div class=\"elementor-widget-container\">\n\t\t\t\t\t\t\t<div class=\"elementor-spacer\">\n\t\t\t<div class=\"elementor-spacer-inner\"><\/div>\n\t\t<\/div>\n\t\t\t\t\t\t<\/div>\n\t\t\t\t<\/div>\n\t\t\t\t<\/div>\n\t\t\t\t<\/div>\n\t\t","protected":false},"excerpt":{"rendered":"<p>Naturgy Energy Group, S.A. acordou un aumento de capital con exclusi\u00f3n do dereito de subscrici\u00f3n\u00a0preferente para a s\u00faa subscrici\u00f3n pola compa\u00f1\u00eda alxeriana SONATRACH, que implica a emisi\u00f3n de 38.183.600 novas acci\u00f3ns. Como continuaci\u00f3n aos acordos subscritos coa Soci\u00e9t\u00e9 Nationale pour la Recherche, la Production, le Transport, la Transformation et la Commercialisation des Hydrocarbures, S.p.A. (SONATRACH), [&hellip;]<\/p>\n","protected":false},"author":5,"featured_media":0,"parent":59817,"menu_order":3,"comment_status":"closed","ping_status":"closed","template":"","meta":{"_acf_changed":false,"footnotes":""},"class_list":["post-41737","page","type-page","status-publish","hentry"],"acf":[],"_links":{"self":[{"href":"https:\/\/www.naturgy.com\/gl\/wp-json\/wp\/v2\/pages\/41737","targetHints":{"allow":["GET"]}}],"collection":[{"href":"https:\/\/www.naturgy.com\/gl\/wp-json\/wp\/v2\/pages"}],"about":[{"href":"https:\/\/www.naturgy.com\/gl\/wp-json\/wp\/v2\/types\/page"}],"author":[{"embeddable":true,"href":"https:\/\/www.naturgy.com\/gl\/wp-json\/wp\/v2\/users\/5"}],"replies":[{"embeddable":true,"href":"https:\/\/www.naturgy.com\/gl\/wp-json\/wp\/v2\/comments?post=41737"}],"version-history":[{"count":4,"href":"https:\/\/www.naturgy.com\/gl\/wp-json\/wp\/v2\/pages\/41737\/revisions"}],"predecessor-version":[{"id":61691,"href":"https:\/\/www.naturgy.com\/gl\/wp-json\/wp\/v2\/pages\/41737\/revisions\/61691"}],"up":[{"embeddable":true,"href":"https:\/\/www.naturgy.com\/gl\/wp-json\/wp\/v2\/pages\/59817"}],"wp:attachment":[{"href":"https:\/\/www.naturgy.com\/gl\/wp-json\/wp\/v2\/media?parent=41737"}],"curies":[{"name":"wp","href":"https:\/\/api.w.org\/{rel}","templated":true}]}}