{"id":41740,"date":"2023-02-20T09:06:45","date_gmt":"2023-02-20T08:06:45","guid":{"rendered":"https:\/\/www.naturgy.com\/ampliacion-de-capital-liberada-junio-2011-y-sistema-de-remuneracion-al-accionista\/"},"modified":"2023-04-05T12:28:13","modified_gmt":"2023-04-05T10:28:13","slug":"ampliacion-de-capital-liberada-junio-2011-y-sistema-de-remuneracion-al-accionista","status":"publish","type":"page","link":"https:\/\/www.naturgy.com\/gl\/accionistas-e-investidores\/a-sociedade\/a-accion-e-a-sua-capital-social\/ampliacion-de-capital-liberada-junio-2011-y-sistema-de-remuneracion-al-accionista\/","title":{"rendered":"Ampliaci\u00f3n de capital liberada (xu\u00f1o 2011) e sistema de remuneraci\u00f3n ao accionista"},"content":{"rendered":"\t\t<div data-elementor-type=\"wp-page\" data-elementor-id=\"41740\" class=\"elementor elementor-41740 elementor-27679\" data-elementor-post-type=\"page\">\n\t\t\t\t<div class=\"elementor-element elementor-element-284464cd e-flex e-con-boxed e-con e-parent\" data-id=\"284464cd\" data-element_type=\"container\">\n\t\t\t\t\t<div class=\"e-con-inner\">\n\t\t<div class=\"elementor-element elementor-element-32fcf494 e-con-full e-flex e-con e-parent\" data-id=\"32fcf494\" data-element_type=\"container\">\n\t\t\t\t<div class=\"elementor-element elementor-element-3a1df69d elementor-widget elementor-widget-shortcode\" data-id=\"3a1df69d\" data-element_type=\"widget\" data-widget_type=\"shortcode.default\">\n\t\t\t\t<div class=\"elementor-widget-container\">\n\t\t\t\t\t\t\t<div class=\"elementor-shortcode\"><nav aria-label=\"breadcrumbs\" class=\"rank-math-breadcrumb\"><p><span class=\"last\">Comeza<\/span><\/p><\/nav><\/div>\n\t\t\t\t\t\t<\/div>\n\t\t\t\t<\/div>\n\t\t\t\t<div class=\"elementor-element elementor-element-687a0f48 elementor-widget elementor-widget-heading\" data-id=\"687a0f48\" data-element_type=\"widget\" data-widget_type=\"heading.default\">\n\t\t\t\t<div class=\"elementor-widget-container\">\n\t\t\t\t\t<h1 class=\"elementor-heading-title elementor-size-default\">Ampliaci\u00f3n de capital liberada (xu\u00f1o 2011) e sistema de remuneraci\u00f3n ao accionista<\/h1>\t\t\t\t<\/div>\n\t\t\t\t<\/div>\n\t\t\t\t<\/div>\n\t\t<div class=\"elementor-element elementor-element-5a6daeea e-con-full e-flex e-con e-parent\" data-id=\"5a6daeea\" data-element_type=\"container\">\n\t\t\t\t<div class=\"elementor-element elementor-element-79a83b4c elementor-widget elementor-widget-spacer\" data-id=\"79a83b4c\" data-element_type=\"widget\" data-widget_type=\"spacer.default\">\n\t\t\t\t<div class=\"elementor-widget-container\">\n\t\t\t\t\t\t\t<div class=\"elementor-spacer\">\n\t\t\t<div class=\"elementor-spacer-inner\"><\/div>\n\t\t<\/div>\n\t\t\t\t\t\t<\/div>\n\t\t\t\t<\/div>\n\t\t\t\t<\/div>\n\t\t\t\t\t<\/div>\n\t\t\t\t<\/div>\n\t\t<div class=\"elementor-element elementor-element-3b521beb e-flex e-con-boxed e-con e-parent\" data-id=\"3b521beb\" data-element_type=\"container\">\n\t\t\t\t\t<div class=\"e-con-inner\">\n\t\t\t\t<div class=\"elementor-element elementor-element-7ba6e44f elementor-widget elementor-widget-text-editor\" data-id=\"7ba6e44f\" data-element_type=\"widget\" data-widget_type=\"text-editor.default\">\n\t\t\t\t<div class=\"elementor-widget-container\">\n\t\t\t\t\t\t\t\t\t<p><span class=\"ui-provider gp b c d e f g h i j k l m n o p q r s t u v w x y z ab ac ae af ag ah ai aj ak\" dir=\"ltr\">Naturgy Energy Group, S.A., en consonancia coa pol\u00edtica executada por outras compa\u00f1\u00edas, nacionais e internacionais, quere ofrecer aos seus accionistas unha alternativa que, sen limitar en modo ning\u00fan a s\u00faa posibilidade de percibir a totalidade da retribuci\u00f3n anual en efectivo se as\u00ed o desexan, perm\u00edtalles recibir acci\u00f3ns da Sociedade coa fiscalidade propia das acci\u00f3ns liberadas.<br \/><br \/>Para po\u00f1er en pr\u00e1ctica este sistema, a Xunta Xeral Ordinaria de Accionistas de Naturgy Energy Group, S.A. celebrada o pasado 14 de abril de 2011 aprobou un aumento de capital liberado e o mecanismo mediante o cal a Sociedade asume o compromiso irrevogable de compra dos dereitos de asignaci\u00f3n gratu\u00edta correspondentes \u00e1 mencionada ampliaci\u00f3n de capital liberada a un prezo fixo (o Compromiso de Compra), o que permitir\u00e1 que todos os accionistas que o desexen poidan vender os seus dereitos e recibir un importe en efectivo equivalente ao que tivese sido o pagamento do dividendo complementario do exercicio 2010 que fose satisfeito nos primeiros d\u00edas de xullo de 2011.<br \/><br \/>Unha vez recibidos os dereitos de asignaci\u00f3n gratu\u00edta, os accionistas de Naturgy Energy Group, S.A. ter\u00e1n a opci\u00f3n, \u00e1 s\u00faa libre elecci\u00f3n, de:<br \/><br \/>(a) Non transmitir os seus dereitos de asignaci\u00f3n gratu\u00edta. En tal caso o accionista recibir\u00e1 o n\u00famero de acci\u00f3ns novas na proporci\u00f3n que lle corresponda totalmente liberadas. En calquera caso, esta posibilidade depender\u00e1 dos termos e condici\u00f3ns do contrato de dep\u00f3sito e administraci\u00f3n de valores que te\u00f1a subscrito coa s\u00faa entidade depositaria, as\u00ed como das instruci\u00f3ns que impartise ao respecto \u00e1 mesma.<br \/><br \/>(b) Transmitir a totalidade ou parte dos seus dereitos de asignaci\u00f3n gratu\u00edta a Naturgy Energy Group, S.A. en virtude do Compromiso de Compra ao prezo fixo garantido. Desta forma, o accionista optar\u00eda por monetizar os seus dereitos.<br \/><br \/>(c) Transmitir a totalidade ou parte dos seus dereitos de asignaci\u00f3n gratu\u00edta no mercado. Neste caso, o accionista tam\u00e9n optar\u00eda por monetizar os seus dereitos, se ben neste suposto non recibir\u00eda un prezo fixo garantido, sen\u00f3n que a contraprestaci\u00f3n polos dereitos depender\u00eda das condici\u00f3ns do mercado en xeral, e do prezo de cotizaci\u00f3n dos referidos dereitos en particular.<br \/><br \/>Os accionistas da Naturgy Energy Group, S.A. poder\u00e1n combinar calquera das alternativas mencionadas nos apartados (a) a (c) anteriores. T\u00e9\u00f1ase en conta neste sentido que o tratamento fiscal das referidas alternativas \u00e9 diferente.<br \/><br \/>Vostede deber\u00e1 po\u00f1erse en contacto coa entidade financeira na que ten depositadas as acci\u00f3ns para os efectos de instru\u00edla segundo a s\u00faa decisi\u00f3n.<br \/>Se desexa m\u00e1is informaci\u00f3n, po\u00f1emos \u00e1 s\u00faa disposici\u00f3n os documentos informativos e os feitos relevantes relativos a esta ampliaci\u00f3n de capital.<\/span><\/p>\t\t\t\t\t\t\t\t<\/div>\n\t\t\t\t<\/div>\n\t\t\t\t\t<\/div>\n\t\t\t\t<\/div>\n\t\t<div class=\"elementor-element elementor-element-10182ce5 e-con-full e-flex e-con e-parent\" data-id=\"10182ce5\" data-element_type=\"container\">\n\t\t\t\t<div class=\"elementor-element elementor-element-32320e04 elementor-widget elementor-widget-spacer\" data-id=\"32320e04\" data-element_type=\"widget\" data-widget_type=\"spacer.default\">\n\t\t\t\t<div class=\"elementor-widget-container\">\n\t\t\t\t\t\t\t<div class=\"elementor-spacer\">\n\t\t\t<div class=\"elementor-spacer-inner\"><\/div>\n\t\t<\/div>\n\t\t\t\t\t\t<\/div>\n\t\t\t\t<\/div>\n\t\t\t\t<\/div>\n\t\t<div class=\"elementor-element elementor-element-1ab97d8f e-flex e-con-boxed e-con e-parent\" data-id=\"1ab97d8f\" data-element_type=\"container\">\n\t\t\t\t\t<div class=\"e-con-inner\">\n\t\t\t\t<div class=\"elementor-element elementor-element-f84c01d elementor-widget elementor-widget-heading\" data-id=\"f84c01d\" data-element_type=\"widget\" data-widget_type=\"heading.default\">\n\t\t\t\t<div class=\"elementor-widget-container\">\n\t\t\t\t\t<h2 class=\"elementor-heading-title elementor-size-default\">Documentos<\/h2>\t\t\t\t<\/div>\n\t\t\t\t<\/div>\n\t\t\t\t<div class=\"elementor-element elementor-element-6fbbf2f1 has-icon elementor-widget elementor-widget-text-editor\" data-id=\"6fbbf2f1\" data-element_type=\"widget\" data-widget_type=\"text-editor.default\">\n\t\t\t\t<div class=\"elementor-widget-container\">\n\t\t\t\t\t\t\t\t\t<p><a href=\"https:\/\/stproportalcorporativo.blob.core.windows.net\/uploads\/2023\/02\/DocumentoInformativoalaCNMV19mayo2011.pdf\" target=\"_blank\" rel=\"noopener\">Documento informativo rexistrado na CNMV (245 KB)<\/a><\/p><p><a href=\"https:\/\/stproportalcorporativo.blob.core.windows.net\/uploads\/2023\/02\/Campliacion_2011_Complemento_al_documento_informativo.pdf\" target=\"_blank\" rel=\"noopener\">Complemento ao documento informativo rexistrado na CNMV (34 KB)<\/a><\/p><p><a href=\"https:\/\/stproportalcorporativo.blob.core.windows.net\/uploads\/2023\/02\/Campliacion_2011_Scrip_Dividend_QA_v12.pdf\" target=\"_blank\" rel=\"noopener\">Preguntas frecuentes (46 KB)<\/a><\/p><p><a href=\"https:\/\/stproportalcorporativo.blob.core.windows.net\/uploads\/2023\/02\/CalendarioProvisionalAmpliaciondecapital.pdf\" target=\"_blank\" rel=\"noopener\">Calendario estimado ampliaci\u00f3n capital (22 KB)<\/a><\/p><p><a href=\"https:\/\/stproportalcorporativo.blob.core.windows.net\/uploads\/2023\/02\/HR_02_Documento_informativo_enviado_a_la_CNMV.pdf\" target=\"_blank\" rel=\"noopener\">Documento informativo ampliaci\u00f3n de capital (261 KB)<\/a><\/p><p><a href=\"https:\/\/stproportalcorporativo.blob.core.windows.net\/uploads\/2023\/02\/Campliacion_2011_Terminos_economicos.pdf\" target=\"_blank\" rel=\"noopener\">Termos econ\u00f3micos da ampliaci\u00f3n de capital (42 KB)<\/a><\/p>\t\t\t\t\t\t\t\t<\/div>\n\t\t\t\t<\/div>\n\t\t\t\t\t<\/div>\n\t\t\t\t<\/div>\n\t\t<div class=\"elementor-element elementor-element-c5bf9a2 e-con-full e-flex e-con e-parent\" data-id=\"c5bf9a2\" data-element_type=\"container\">\n\t\t\t\t<div class=\"elementor-element elementor-element-38a0a09 elementor-widget elementor-widget-spacer\" data-id=\"38a0a09\" data-element_type=\"widget\" data-widget_type=\"spacer.default\">\n\t\t\t\t<div class=\"elementor-widget-container\">\n\t\t\t\t\t\t\t<div class=\"elementor-spacer\">\n\t\t\t<div class=\"elementor-spacer-inner\"><\/div>\n\t\t<\/div>\n\t\t\t\t\t\t<\/div>\n\t\t\t\t<\/div>\n\t\t\t\t<\/div>\n\t\t\t\t<\/div>\n\t\t","protected":false},"excerpt":{"rendered":"<p>Naturgy Energy Group, S.A., en consonancia coa pol\u00edtica executada por outras compa\u00f1\u00edas, nacionais e internacionais, quere ofrecer aos seus accionistas unha alternativa que, sen limitar en modo ning\u00fan a s\u00faa posibilidade de percibir a totalidade da retribuci\u00f3n anual en efectivo se as\u00ed o desexan, perm\u00edtalles recibir acci\u00f3ns da Sociedade coa fiscalidade propia das acci\u00f3ns liberadas. [&hellip;]<\/p>\n","protected":false},"author":5,"featured_media":0,"parent":59817,"menu_order":2,"comment_status":"closed","ping_status":"closed","template":"","meta":{"_acf_changed":false,"footnotes":""},"class_list":["post-41740","page","type-page","status-publish","hentry"],"acf":[],"_links":{"self":[{"href":"https:\/\/www.naturgy.com\/gl\/wp-json\/wp\/v2\/pages\/41740","targetHints":{"allow":["GET"]}}],"collection":[{"href":"https:\/\/www.naturgy.com\/gl\/wp-json\/wp\/v2\/pages"}],"about":[{"href":"https:\/\/www.naturgy.com\/gl\/wp-json\/wp\/v2\/types\/page"}],"author":[{"embeddable":true,"href":"https:\/\/www.naturgy.com\/gl\/wp-json\/wp\/v2\/users\/5"}],"replies":[{"embeddable":true,"href":"https:\/\/www.naturgy.com\/gl\/wp-json\/wp\/v2\/comments?post=41740"}],"version-history":[{"count":4,"href":"https:\/\/www.naturgy.com\/gl\/wp-json\/wp\/v2\/pages\/41740\/revisions"}],"predecessor-version":[{"id":61678,"href":"https:\/\/www.naturgy.com\/gl\/wp-json\/wp\/v2\/pages\/41740\/revisions\/61678"}],"up":[{"embeddable":true,"href":"https:\/\/www.naturgy.com\/gl\/wp-json\/wp\/v2\/pages\/59817"}],"wp:attachment":[{"href":"https:\/\/www.naturgy.com\/gl\/wp-json\/wp\/v2\/media?parent=41740"}],"curies":[{"name":"wp","href":"https:\/\/api.w.org\/{rel}","templated":true}]}}