{"id":41743,"date":"2023-02-20T09:06:55","date_gmt":"2023-02-20T08:06:55","guid":{"rendered":"https:\/\/www.naturgy.com\/ampliacion-de-capital-liberada-junio-2012\/"},"modified":"2023-04-21T13:12:42","modified_gmt":"2023-04-21T11:12:42","slug":"ampliacion-de-capital-liberada-junio-2012","status":"publish","type":"page","link":"https:\/\/www.naturgy.com\/gl\/accionistas-e-investidores\/a-sociedade\/a-accion-e-a-sua-capital-social\/ampliacion-de-capital-liberada-junio-2012\/","title":{"rendered":"Ampliaci\u00f3n de capital liberada (junio 2012)"},"content":{"rendered":"\t\t<div data-elementor-type=\"wp-page\" data-elementor-id=\"41743\" class=\"elementor elementor-41743 elementor-27681\" data-elementor-post-type=\"page\">\n\t\t\t\t<div class=\"elementor-element elementor-element-569fb891 e-flex e-con-boxed e-con e-parent\" data-id=\"569fb891\" data-element_type=\"container\">\n\t\t\t\t\t<div class=\"e-con-inner\">\n\t\t<div class=\"elementor-element elementor-element-44b95668 e-con-full e-flex e-con e-parent\" data-id=\"44b95668\" data-element_type=\"container\">\n\t\t\t\t<div class=\"elementor-element elementor-element-3dbeac49 elementor-widget elementor-widget-shortcode\" data-id=\"3dbeac49\" data-element_type=\"widget\" data-widget_type=\"shortcode.default\">\n\t\t\t\t<div class=\"elementor-widget-container\">\n\t\t\t\t\t\t\t<div class=\"elementor-shortcode\"><nav aria-label=\"breadcrumbs\" class=\"rank-math-breadcrumb\"><p><span class=\"last\">Comeza<\/span><\/p><\/nav><\/div>\n\t\t\t\t\t\t<\/div>\n\t\t\t\t<\/div>\n\t\t\t\t<div class=\"elementor-element elementor-element-4c7f024f elementor-widget elementor-widget-heading\" data-id=\"4c7f024f\" data-element_type=\"widget\" data-widget_type=\"heading.default\">\n\t\t\t\t<div class=\"elementor-widget-container\">\n\t\t\t\t\t<h1 class=\"elementor-heading-title elementor-size-default\">Ampliaci\u00f3n de capital liberada (junio 2012)<\/h1>\t\t\t\t<\/div>\n\t\t\t\t<\/div>\n\t\t\t\t<\/div>\n\t\t<div class=\"elementor-element elementor-element-2b6bff41 e-con-full e-flex e-con e-parent\" data-id=\"2b6bff41\" data-element_type=\"container\">\n\t\t\t\t<div class=\"elementor-element elementor-element-49b288ef elementor-widget elementor-widget-spacer\" data-id=\"49b288ef\" data-element_type=\"widget\" data-widget_type=\"spacer.default\">\n\t\t\t\t<div class=\"elementor-widget-container\">\n\t\t\t\t\t\t\t<div class=\"elementor-spacer\">\n\t\t\t<div class=\"elementor-spacer-inner\"><\/div>\n\t\t<\/div>\n\t\t\t\t\t\t<\/div>\n\t\t\t\t<\/div>\n\t\t\t\t<\/div>\n\t\t\t\t\t<\/div>\n\t\t\t\t<\/div>\n\t\t<div class=\"elementor-element elementor-element-7f608d7e e-flex e-con-boxed e-con e-parent\" data-id=\"7f608d7e\" data-element_type=\"container\">\n\t\t\t\t\t<div class=\"e-con-inner\">\n\t\t\t\t<div class=\"elementor-element elementor-element-245c8346 elementor-widget elementor-widget-text-editor\" data-id=\"245c8346\" data-element_type=\"widget\" data-widget_type=\"text-editor.default\">\n\t\t\t\t<div class=\"elementor-widget-container\">\n\t\t\t\t\t\t\t\t\t<p>Naturgy Energy Group, S.A., en consonancia coa pol\u00edtica executada por outras compa\u00f1\u00edas, nacionais e internacionais, quere ofrecer aos seus accionistas unha alternativa que, sen limitar en modo ning\u00fan a s\u00faa posibilidade de percibir a totalidade da retribuci\u00f3n anual en efectivo se as\u00ed o desexan, perm\u00edtalles recibir acci\u00f3ns da Sociedade coa fiscalidade propia das acci\u00f3ns liberadas.<\/p><p>Para po\u00f1er en pr\u00e1ctica este sistema, a Xunta Xeral Ordinaria de Accionistas de Naturgy\u00a0SDG, S.A. celebrada o pasado venres, 20 de abril de 2012 aprobou un aumento de capital liberado e o mecanismo mediante o cal a Sociedade asume o compromiso irrevogable de compra dos dereitos de asignaci\u00f3n gratu\u00edta correspondentes \u00e1 mencionada ampliaci\u00f3n de capital liberada a un prezo fixo, o que permitir\u00e1 que todos os accionistas que o desexen poidan vender os seus dereitos e recibir un importe en efectivo equivalente ao que tivese sido o pagamento do dividendo complementario do exercicio 2011.<\/p><p>Unha vez recibidos os dereitos de asignaci\u00f3n gratu\u00edta, os accionistas de Naturgy Energy Group, S.A. ter\u00e1n a opci\u00f3n, \u00e1 s\u00faa libre elecci\u00f3n, de:<\/p><p>(a) Non transmitir os seus dereitos de asignaci\u00f3n gratu\u00edta. En tal caso o accionista recibir\u00e1 o n\u00famero de acci\u00f3ns novas na proporci\u00f3n que lle corresponda totalmente liberadas. En calquera caso, esta posibilidade depender\u00e1 dos termos e condici\u00f3ns do contrato de dep\u00f3sito e administraci\u00f3n de valores que te\u00f1a subscrito coa s\u00faa entidade depositaria, as\u00ed como das instruci\u00f3ns que impartise ao respecto \u00e1 mesma.<\/p><p>(b) Transmitir a totalidade ou parte dos seus dereitos de asignaci\u00f3n gratu\u00edta a Naturgy\u00a0SDG, S.A. en virtude do Compromiso de Compra ao prezo fixo garantido. Desta forma, o accionista optar\u00eda por monetizar os seus dereitos.<\/p><p>(c) Transmitir a totalidade ou parte dos seus dereitos de asignaci\u00f3n gratu\u00edta no mercado. Neste caso, o accionista tam\u00e9n optar\u00eda por monetizar os seus dereitos, se ben neste suposto non recibir\u00eda un prezo fixo garantido, sen\u00f3n que a contraprestaci\u00f3n polos dereitos depender\u00eda das condici\u00f3ns do mercado en xeral, e do prezo de cotizaci\u00f3n dos referidos dereitos en particular.<\/p><p>Os accionistas da Naturgy\u00a0SDG, S.A. poder\u00e1n combinar calquera das alternativas mencionadas nos apartados anteriores. T\u00e9\u00f1ase en conta neste sentido que o tratamento fiscal das referidas alternativas \u00e9 diferente.<\/p><p>Vostede deber\u00e1 po\u00f1erse en contacto coa entidade financeira na que ten depositadas as acci\u00f3ns para os efectos de instru\u00edla segundo a s\u00faa decisi\u00f3n.<br \/>Se desexa m\u00e1is informaci\u00f3n, po\u00f1emos \u00e1 s\u00faa disposici\u00f3n os documentos informativos e os feitos relevantes relativos a esta ampliaci\u00f3n de capital.<\/p>\t\t\t\t\t\t\t\t<\/div>\n\t\t\t\t<\/div>\n\t\t\t\t\t<\/div>\n\t\t\t\t<\/div>\n\t\t<div class=\"elementor-element elementor-element-5aebd150 e-con-full e-flex e-con e-parent\" data-id=\"5aebd150\" data-element_type=\"container\">\n\t\t\t\t<div class=\"elementor-element elementor-element-73d3a213 elementor-widget elementor-widget-spacer\" data-id=\"73d3a213\" data-element_type=\"widget\" data-widget_type=\"spacer.default\">\n\t\t\t\t<div class=\"elementor-widget-container\">\n\t\t\t\t\t\t\t<div class=\"elementor-spacer\">\n\t\t\t<div class=\"elementor-spacer-inner\"><\/div>\n\t\t<\/div>\n\t\t\t\t\t\t<\/div>\n\t\t\t\t<\/div>\n\t\t\t\t<\/div>\n\t\t<div class=\"elementor-element elementor-element-55c6378a e-flex e-con-boxed e-con e-parent\" data-id=\"55c6378a\" data-element_type=\"container\">\n\t\t\t\t\t<div class=\"e-con-inner\">\n\t\t\t\t<div class=\"elementor-element elementor-element-615aa335 elementor-widget elementor-widget-heading\" data-id=\"615aa335\" data-element_type=\"widget\" data-widget_type=\"heading.default\">\n\t\t\t\t<div class=\"elementor-widget-container\">\n\t\t\t\t\t<h2 class=\"elementor-heading-title elementor-size-default\">Documentos<\/h2>\t\t\t\t<\/div>\n\t\t\t\t<\/div>\n\t\t\t\t<div class=\"elementor-element elementor-element-4e921275 has-icon elementor-widget elementor-widget-text-editor\" data-id=\"4e921275\" data-element_type=\"widget\" data-widget_type=\"text-editor.default\">\n\t\t\t\t<div class=\"elementor-widget-container\">\n\t\t\t\t\t\t\t\t\t<p><a href=\"https:\/\/stproportalcorporativo.blob.core.windows.net\/uploads\/2023\/02\/Documento_Informativo_scriptdividend.pdf\" target=\"_blank\" rel=\"noopener\">Documento informativo rexistrado na Comisi\u00f3n Nacional do Mercado de Valores (CNMV) (58 KB)<\/a><\/p><p><a href=\"https:\/\/stproportalcorporativo.blob.core.windows.net\/uploads\/2023\/02\/Documento_complementario_Scrip_2012.pdf\" target=\"_blank\" rel=\"noopener\">Complemento ao documento informativo rexistrado na CNMV (34 KB)<\/a><\/p><p><a href=\"https:\/\/stproportalcorporativo.blob.core.windows.net\/uploads\/2023\/02\/Scrip_Dividend_QA_ano_2012_2_.pdf\" target=\"_blank\" rel=\"noopener\">Preguntas frecuentes (51 KB)<\/a><\/p><p><a href=\"https:\/\/stproportalcorporativo.blob.core.windows.net\/uploads\/2023\/02\/Folleto_script_dividend.pdf\" target=\"_blank\" rel=\"noopener\">Documento informativo ampliaci\u00f3n capital (60 KB)<\/a><\/p><p><a href=\"https:\/\/stproportalcorporativo.blob.core.windows.net\/uploads\/2023\/02\/Calendario_Scrip.pdf\" target=\"_blank\" rel=\"noopener\">Calendario estimado ampliaci\u00f3n de capital (48 KB)<\/a><\/p><p><a href=\"https:\/\/stproportalcorporativo.blob.core.windows.net\/uploads\/2023\/02\/HR_Documento_complementario_Scrip_2012.pdf\" target=\"_blank\" rel=\"noopener\">Termos econ\u00f3micos da ampliaci\u00f3n de capital (36 KB)<\/a><\/p><p><a href=\"https:\/\/stproportalcorporativo.blob.core.windows.net\/uploads\/2023\/02\/Fin_periodo_de_negociacion.pdf\" target=\"_blank\" rel=\"noopener\">Resultado da ampliaci\u00f3n de capital (19 KB)<\/a><\/p>\t\t\t\t\t\t\t\t<\/div>\n\t\t\t\t<\/div>\n\t\t\t\t\t<\/div>\n\t\t\t\t<\/div>\n\t\t<div class=\"elementor-element elementor-element-06e996f e-con-full e-flex e-con e-parent\" data-id=\"06e996f\" data-element_type=\"container\">\n\t\t\t\t<div class=\"elementor-element elementor-element-4e00e9d elementor-widget elementor-widget-spacer\" data-id=\"4e00e9d\" data-element_type=\"widget\" data-widget_type=\"spacer.default\">\n\t\t\t\t<div class=\"elementor-widget-container\">\n\t\t\t\t\t\t\t<div class=\"elementor-spacer\">\n\t\t\t<div class=\"elementor-spacer-inner\"><\/div>\n\t\t<\/div>\n\t\t\t\t\t\t<\/div>\n\t\t\t\t<\/div>\n\t\t\t\t<\/div>\n\t\t\t\t<\/div>\n\t\t","protected":false},"excerpt":{"rendered":"<p>Naturgy Energy Group, S.A., en consonancia coa pol\u00edtica executada por outras compa\u00f1\u00edas, nacionais e internacionais, quere ofrecer aos seus accionistas unha alternativa que, sen limitar en modo ning\u00fan a s\u00faa posibilidade de percibir a totalidade da retribuci\u00f3n anual en efectivo se as\u00ed o desexan, perm\u00edtalles recibir acci\u00f3ns da Sociedade coa fiscalidade propia das acci\u00f3ns liberadas. [&hellip;]<\/p>\n","protected":false},"author":5,"featured_media":0,"parent":59817,"menu_order":4,"comment_status":"closed","ping_status":"closed","template":"","meta":{"_acf_changed":false,"footnotes":""},"class_list":["post-41743","page","type-page","status-publish","hentry"],"acf":[],"_links":{"self":[{"href":"https:\/\/www.naturgy.com\/gl\/wp-json\/wp\/v2\/pages\/41743","targetHints":{"allow":["GET"]}}],"collection":[{"href":"https:\/\/www.naturgy.com\/gl\/wp-json\/wp\/v2\/pages"}],"about":[{"href":"https:\/\/www.naturgy.com\/gl\/wp-json\/wp\/v2\/types\/page"}],"author":[{"embeddable":true,"href":"https:\/\/www.naturgy.com\/gl\/wp-json\/wp\/v2\/users\/5"}],"replies":[{"embeddable":true,"href":"https:\/\/www.naturgy.com\/gl\/wp-json\/wp\/v2\/comments?post=41743"}],"version-history":[{"count":10,"href":"https:\/\/www.naturgy.com\/gl\/wp-json\/wp\/v2\/pages\/41743\/revisions"}],"predecessor-version":[{"id":70271,"href":"https:\/\/www.naturgy.com\/gl\/wp-json\/wp\/v2\/pages\/41743\/revisions\/70271"}],"up":[{"embeddable":true,"href":"https:\/\/www.naturgy.com\/gl\/wp-json\/wp\/v2\/pages\/59817"}],"wp:attachment":[{"href":"https:\/\/www.naturgy.com\/gl\/wp-json\/wp\/v2\/media?parent=41743"}],"curies":[{"name":"wp","href":"https:\/\/api.w.org\/{rel}","templated":true}]}}