{"id":41746,"date":"2023-01-23T18:51:49","date_gmt":"2023-01-23T17:51:49","guid":{"rendered":"https:\/\/www.naturgy.com\/fixed-income\/"},"modified":"2024-12-11T09:26:35","modified_gmt":"2024-12-11T08:26:35","slug":"renda-fixa","status":"publish","type":"page","link":"https:\/\/www.naturgy.com\/gl\/accionistas-e-investidores\/investidores\/renda-fixa\/","title":{"rendered":"Renda fixa"},"content":{"rendered":"\t\t<div data-elementor-type=\"wp-page\" data-elementor-id=\"41746\" class=\"elementor elementor-41746 elementor-13385\" data-elementor-post-type=\"page\">\n\t\t\t\t<div class=\"elementor-element elementor-element-28da7ec e-flex e-con-boxed e-con e-parent\" data-id=\"28da7ec\" data-element_type=\"container\">\n\t\t\t\t\t<div class=\"e-con-inner\">\n\t\t<div class=\"elementor-element elementor-element-f4ca52c e-con-full e-flex e-con e-child\" data-id=\"f4ca52c\" data-element_type=\"container\">\n\t\t\t\t<div class=\"elementor-element elementor-element-72d1a75 elementor-widget elementor-widget-shortcode\" data-id=\"72d1a75\" data-element_type=\"widget\" data-widget_type=\"shortcode.default\">\n\t\t\t\t<div class=\"elementor-widget-container\">\n\t\t\t\t\t\t\t<div class=\"elementor-shortcode\"><nav aria-label=\"breadcrumbs\" class=\"rank-math-breadcrumb\"><p><span class=\"last\">Comeza<\/span><\/p><\/nav><\/div>\n\t\t\t\t\t\t<\/div>\n\t\t\t\t<\/div>\n\t\t\t\t<div class=\"elementor-element elementor-element-0bb3251 elementor-widget elementor-widget-heading\" data-id=\"0bb3251\" data-element_type=\"widget\" data-widget_type=\"heading.default\">\n\t\t\t\t<div class=\"elementor-widget-container\">\n\t\t\t\t\t<h1 class=\"elementor-heading-title elementor-size-default\">Renda Fixa<\/h1>\t\t\t\t<\/div>\n\t\t\t\t<\/div>\n\t\t\t\t<\/div>\n\t\t\t\t\t<\/div>\n\t\t\t\t<\/div>\n\t\t<div class=\"elementor-element elementor-element-4e872d8 e-con-full e-flex e-con e-parent\" data-id=\"4e872d8\" data-element_type=\"container\">\n\t\t\t\t<div class=\"elementor-element elementor-element-40b3911 elementor-widget elementor-widget-spacer\" data-id=\"40b3911\" data-element_type=\"widget\" data-widget_type=\"spacer.default\">\n\t\t\t\t<div class=\"elementor-widget-container\">\n\t\t\t\t\t\t\t<div class=\"elementor-spacer\">\n\t\t\t<div class=\"elementor-spacer-inner\"><\/div>\n\t\t<\/div>\n\t\t\t\t\t\t<\/div>\n\t\t\t\t<\/div>\n\t\t<div class=\"elementor-element elementor-element-083d780 e-flex e-con-boxed e-con e-child\" data-id=\"083d780\" data-element_type=\"container\">\n\t\t\t\t\t<div class=\"e-con-inner\">\n\t\t\t\t<div class=\"elementor-element elementor-element-12ef3eb elementor-widget elementor-widget-text-editor\" data-id=\"12ef3eb\" data-element_type=\"widget\" data-widget_type=\"text-editor.default\">\n\t\t\t\t<div class=\"elementor-widget-container\">\n\t\t\t\t\t\t\t\t\t<p>Naturgy Energy Group, S.A. obtivo o seu primeiro rating en febreiro de 1999. En outubro do mesmo ano formalizou o seu primeiro programa de EMTN &#8211; Euro M\u00e9dium Term Notes. O devandito programa perm\u00edtelle a Naturgy emitir bonos no mercado europeo, con formato p\u00fablico ou privado e a prazos variados.<\/p><p>En marzo de 2001, Naturgy incrementou a s\u00faa presenza no mercado de capitais europeo cun programa ECP &#8211; Euro Commercial Paper-, de obrigas de pagamento a curto prazo por un importe de 1.000 mill\u00f3ns.<\/p>\t\t\t\t\t\t\t\t<\/div>\n\t\t\t\t<\/div>\n\t\t\t\t<div class=\"elementor-element elementor-element-8a99a92 elementor-widget elementor-widget-spacer\" data-id=\"8a99a92\" data-element_type=\"widget\" data-widget_type=\"spacer.default\">\n\t\t\t\t<div class=\"elementor-widget-container\">\n\t\t\t\t\t\t\t<div class=\"elementor-spacer\">\n\t\t\t<div class=\"elementor-spacer-inner\"><\/div>\n\t\t<\/div>\n\t\t\t\t\t\t<\/div>\n\t\t\t\t<\/div>\n\t\t\t\t\t<\/div>\n\t\t\t\t<\/div>\n\t\t\t\t<\/div>\n\t\t<div class=\"elementor-element elementor-element-3f78ad6 grid col-3 e-flex e-con-boxed e-con e-parent\" data-id=\"3f78ad6\" data-element_type=\"container\">\n\t\t\t\t\t<div class=\"e-con-inner\">\n\t\t<div class=\"elementor-element elementor-element-a42efe8 e-con-full e-flex e-con e-child\" data-id=\"a42efe8\" data-element_type=\"container\">\n\t\t\t\t<div class=\"elementor-element elementor-element-a49fba7 elementor-widget elementor-widget-heading\" data-id=\"a49fba7\" data-element_type=\"widget\" data-widget_type=\"heading.default\">\n\t\t\t\t<div class=\"elementor-widget-container\">\n\t\t\t\t\t<div class=\"elementor-heading-title elementor-size-default\">Programa Euro Medium Term Notes (EMTN)<\/div>\t\t\t\t<\/div>\n\t\t\t\t<\/div>\n\t\t\t\t<div class=\"elementor-element elementor-element-ac87255 elementor-widget elementor-widget-text-editor\" data-id=\"ac87255\" data-element_type=\"widget\" data-widget_type=\"text-editor.default\">\n\t\t\t\t<div class=\"elementor-widget-container\">\n\t\t\t\t\t\t\t\t\t<p>O programa EMTN est\u00e1 listado na Bolsa de Luxemburgo con veh\u00edculo emisor Naturgy Finance Iberia S.A.<\/p>\t\t\t\t\t\t\t\t<\/div>\n\t\t\t\t<\/div>\n\t\t\t\t<div class=\"elementor-element elementor-element-285efa4 elementor-align-left elementor-widget elementor-widget-button\" data-id=\"285efa4\" data-element_type=\"widget\" data-widget_type=\"button.default\">\n\t\t\t\t<div class=\"elementor-widget-container\">\n\t\t\t\t\t\t\t\t\t<div class=\"elementor-button-wrapper\">\n\t\t\t\t\t<a class=\"elementor-button elementor-button-link elementor-size-sm\" href=\"https:\/\/www.naturgy.com\/gl\/accionistas-e-investidores\/investidores\/renda-fixa\/programa-euro-medium-term-notes-emtn\/\">\n\t\t\t\t\t\t<span class=\"elementor-button-content-wrapper\">\n\t\t\t\t\t\t\t\t\t<span class=\"elementor-button-text\">Saber m\u00e1is<\/span>\n\t\t\t\t\t<\/span>\n\t\t\t\t\t<\/a>\n\t\t\t\t<\/div>\n\t\t\t\t\t\t\t\t<\/div>\n\t\t\t\t<\/div>\n\t\t\t\t<\/div>\n\t\t<div class=\"elementor-element elementor-element-17d71d2 e-con-full e-flex e-con e-child\" data-id=\"17d71d2\" data-element_type=\"container\">\n\t\t\t\t<div class=\"elementor-element elementor-element-c13353f elementor-widget elementor-widget-heading\" data-id=\"c13353f\" data-element_type=\"widget\" data-widget_type=\"heading.default\">\n\t\t\t\t<div class=\"elementor-widget-container\">\n\t\t\t\t\t<div class=\"elementor-heading-title elementor-size-default\">Programa Euro Commercial Paper (ECP)<\/div>\t\t\t\t<\/div>\n\t\t\t\t<\/div>\n\t\t\t\t<div class=\"elementor-element elementor-element-820502a elementor-widget elementor-widget-text-editor\" data-id=\"820502a\" data-element_type=\"widget\" data-widget_type=\"text-editor.default\">\n\t\t\t\t<div class=\"elementor-widget-container\">\n\t\t\t\t\t\t\t\t\t<p>O programa ECP est\u00e1 listado en Euronext Dubl\u00edn co veh\u00edculo emisor Naturgy Finance Iberia S.A .<\/p>\t\t\t\t\t\t\t\t<\/div>\n\t\t\t\t<\/div>\n\t\t\t\t<div class=\"elementor-element elementor-element-cae4271 elementor-align-left elementor-widget elementor-widget-button\" data-id=\"cae4271\" data-element_type=\"widget\" data-widget_type=\"button.default\">\n\t\t\t\t<div class=\"elementor-widget-container\">\n\t\t\t\t\t\t\t\t\t<div class=\"elementor-button-wrapper\">\n\t\t\t\t\t<a class=\"elementor-button elementor-button-link elementor-size-sm\" href=\"https:\/\/www.naturgy.com\/gl\/renda-fixa\/programa-euro-commercial-paper-ecp\/\">\n\t\t\t\t\t\t<span class=\"elementor-button-content-wrapper\">\n\t\t\t\t\t\t\t\t\t<span class=\"elementor-button-text\">Saber m\u00e1is<\/span>\n\t\t\t\t\t<\/span>\n\t\t\t\t\t<\/a>\n\t\t\t\t<\/div>\n\t\t\t\t\t\t\t\t<\/div>\n\t\t\t\t<\/div>\n\t\t\t\t<\/div>\n\t\t<div class=\"elementor-element elementor-element-a8390bc e-con-full e-flex e-con e-child\" data-id=\"a8390bc\" data-element_type=\"container\">\n\t\t\t\t<div class=\"elementor-element elementor-element-25a8848 elementor-widget elementor-widget-heading\" data-id=\"25a8848\" data-element_type=\"widget\" data-widget_type=\"heading.default\">\n\t\t\t\t<div class=\"elementor-widget-container\">\n\t\t\t\t\t<div class=\"elementor-heading-title elementor-size-default\">Obrigas perpetuas subordinadas<\/div>\t\t\t\t<\/div>\n\t\t\t\t<\/div>\n\t\t\t\t<div class=\"elementor-element elementor-element-4865a98 elementor-widget elementor-widget-text-editor\" data-id=\"4865a98\" data-element_type=\"widget\" data-widget_type=\"text-editor.default\">\n\t\t\t\t<div class=\"elementor-widget-container\">\n\t\t\t\t\t\t\t\t\t<p>Naturgy Finance Iberia S.A (&#8220;O Emisor&#8221;), filial de Naturgy Energy Group, S.A. realizou as emisi\u00f3ns de obrigas perpetuas subordinadas.<\/p>\t\t\t\t\t\t\t\t<\/div>\n\t\t\t\t<\/div>\n\t\t\t\t<div class=\"elementor-element elementor-element-b1f52bb elementor-align-left elementor-widget elementor-widget-button\" data-id=\"b1f52bb\" data-element_type=\"widget\" data-widget_type=\"button.default\">\n\t\t\t\t<div class=\"elementor-widget-container\">\n\t\t\t\t\t\t\t\t\t<div class=\"elementor-button-wrapper\">\n\t\t\t\t\t<a class=\"elementor-button elementor-button-link elementor-size-sm\" href=\"https:\/\/www.naturgy.com\/gl\/obrigas-perpetuas-subordinadas\/\">\n\t\t\t\t\t\t<span class=\"elementor-button-content-wrapper\">\n\t\t\t\t\t\t\t\t\t<span class=\"elementor-button-text\">Saber m\u00e1is<\/span>\n\t\t\t\t\t<\/span>\n\t\t\t\t\t<\/a>\n\t\t\t\t<\/div>\n\t\t\t\t\t\t\t\t<\/div>\n\t\t\t\t<\/div>\n\t\t\t\t<\/div>\n\t\t\t\t\t<\/div>\n\t\t\t\t<\/div>\n\t\t<div class=\"elementor-element elementor-element-07fa9ae e-flex e-con-boxed e-con e-parent\" data-id=\"07fa9ae\" data-element_type=\"container\">\n\t\t\t\t\t<div class=\"e-con-inner\">\n\t\t\t\t<div class=\"elementor-element elementor-element-d03bf2d elementor-widget-divider--view-line elementor-widget elementor-widget-divider\" data-id=\"d03bf2d\" data-element_type=\"widget\" data-widget_type=\"divider.default\">\n\t\t\t\t<div class=\"elementor-widget-container\">\n\t\t\t\t\t\t\t<div class=\"elementor-divider\">\n\t\t\t<span class=\"elementor-divider-separator\">\n\t\t\t\t\t\t<\/span>\n\t\t<\/div>\n\t\t\t\t\t\t<\/div>\n\t\t\t\t<\/div>\n\t\t\t\t\t<\/div>\n\t\t\t\t<\/div>\n\t\t<div class=\"elementor-element elementor-element-902a8d8 grid col-3 e-flex e-con-boxed e-con e-parent\" data-id=\"902a8d8\" data-element_type=\"container\">\n\t\t\t\t\t<div class=\"e-con-inner\">\n\t\t<div class=\"elementor-element elementor-element-d305e38 e-con-full elementor-hidden-desktop elementor-hidden-tablet elementor-hidden-mobile e-flex e-con e-child\" data-id=\"d305e38\" data-element_type=\"container\">\n\t\t\t\t<div class=\"elementor-element elementor-element-a1de2bc elementor-widget elementor-widget-heading\" data-id=\"a1de2bc\" data-element_type=\"widget\" data-widget_type=\"heading.default\">\n\t\t\t\t<div class=\"elementor-widget-container\">\n\t\t\t\t\t<div class=\"elementor-heading-title elementor-size-default\">Naturgy Capital Markets S.A.<\/div>\t\t\t\t<\/div>\n\t\t\t\t<\/div>\n\t\t\t\t<div class=\"elementor-element elementor-element-f7dad50 elementor-widget elementor-widget-text-editor\" data-id=\"f7dad50\" data-element_type=\"widget\" data-widget_type=\"text-editor.default\">\n\t\t\t\t<div class=\"elementor-widget-container\">\n\t\t\t\t\t\t\t\t\t<p>NCM foi constitu\u00edda para facilitar a obtenci\u00f3n de financiamento para o Grupo Naturgy Energy Group. O obxectivo de NCM \u00e9 captar fondos mediante a emisi\u00f3n de instrumentos financeiros de d\u00e9beda, inclu\u00edda a d\u00e9beda ordinaria ou subordinada.<\/p>\t\t\t\t\t\t\t\t<\/div>\n\t\t\t\t<\/div>\n\t\t\t\t<div class=\"elementor-element elementor-element-c757332 elementor-align-left elementor-widget elementor-widget-button\" data-id=\"c757332\" data-element_type=\"widget\" data-widget_type=\"button.default\">\n\t\t\t\t<div class=\"elementor-widget-container\">\n\t\t\t\t\t\t\t\t\t<div class=\"elementor-button-wrapper\">\n\t\t\t\t\t<a class=\"elementor-button elementor-button-link elementor-size-sm\" href=\"https:\/\/www.naturgy.com\/gl\/renda-fixa\/naturgy-capital-markets-s-a-2\/%20\">\n\t\t\t\t\t\t<span class=\"elementor-button-content-wrapper\">\n\t\t\t\t\t\t\t\t\t<span class=\"elementor-button-text\">Saber m\u00e1is<\/span>\n\t\t\t\t\t<\/span>\n\t\t\t\t\t<\/a>\n\t\t\t\t<\/div>\n\t\t\t\t\t\t\t\t<\/div>\n\t\t\t\t<\/div>\n\t\t\t\t<\/div>\n\t\t<div class=\"elementor-element elementor-element-b3c94d0 e-con-full e-flex e-con e-child\" data-id=\"b3c94d0\" data-element_type=\"container\">\n\t\t\t\t<div class=\"elementor-element elementor-element-bd3c699 elementor-widget elementor-widget-heading\" data-id=\"bd3c699\" data-element_type=\"widget\" data-widget_type=\"heading.default\">\n\t\t\t\t<div class=\"elementor-widget-container\">\n\t\t\t\t\t<div class=\"elementor-heading-title elementor-size-default\">Naturgy Finance Iberia S.A<\/div>\t\t\t\t<\/div>\n\t\t\t\t<\/div>\n\t\t\t\t<div class=\"elementor-element elementor-element-336e007 elementor-widget elementor-widget-text-editor\" data-id=\"336e007\" data-element_type=\"widget\" data-widget_type=\"text-editor.default\">\n\t\t\t\t<div class=\"elementor-widget-container\">\n\t\t\t\t\t\t\t\t\t<p>NFI constitu\u00eduse para facilitar a obtenci\u00f3n de financiamento para o Grupo Naturgy. Co fin de cumprir este obxectivo, NFI est\u00e1 autorizada para captar fondos mediante a emisi\u00f3n de instrumentos financeiros de d\u00e9beda como valores ordinarios ou subordinados..<\/p>\t\t\t\t\t\t\t\t<\/div>\n\t\t\t\t<\/div>\n\t\t\t\t<div class=\"elementor-element elementor-element-6f2ed3c elementor-align-left elementor-widget elementor-widget-button\" data-id=\"6f2ed3c\" data-element_type=\"widget\" data-widget_type=\"button.default\">\n\t\t\t\t<div class=\"elementor-widget-container\">\n\t\t\t\t\t\t\t\t\t<div class=\"elementor-button-wrapper\">\n\t\t\t\t\t<a class=\"elementor-button elementor-button-link elementor-size-sm\" href=\"https:\/\/www.naturgy.com\/gl\/accionistas-e-investidores\/investidores\/renda-fixa\/naturgy-finance-iberia-s-a\/\">\n\t\t\t\t\t\t<span class=\"elementor-button-content-wrapper\">\n\t\t\t\t\t\t\t\t\t<span class=\"elementor-button-text\">Saber m\u00e1is<\/span>\n\t\t\t\t\t<\/span>\n\t\t\t\t\t<\/a>\n\t\t\t\t<\/div>\n\t\t\t\t\t\t\t\t<\/div>\n\t\t\t\t<\/div>\n\t\t\t\t<\/div>\n\t\t<div class=\"elementor-element elementor-element-2d20fa8 e-con-full e-flex e-con e-child\" data-id=\"2d20fa8\" data-element_type=\"container\">\n\t\t\t\t<div class=\"elementor-element elementor-element-1e0723a elementor-widget elementor-widget-heading\" data-id=\"1e0723a\" data-element_type=\"widget\" data-widget_type=\"heading.default\">\n\t\t\t\t<div class=\"elementor-widget-container\">\n\t\t\t\t\t<div class=\"elementor-heading-title elementor-size-default\">Participaci\u00f3ns preferentes 2005<\/div>\t\t\t\t<\/div>\n\t\t\t\t<\/div>\n\t\t\t\t<div class=\"elementor-element elementor-element-5606e8c elementor-widget elementor-widget-text-editor\" data-id=\"5606e8c\" data-element_type=\"widget\" data-widget_type=\"text-editor.default\">\n\t\t\t\t<div class=\"elementor-widget-container\">\n\t\t\t\t\t\t\t\t\t<p>Neste apartado incl\u00faense os principais termos e condici\u00f3ns da emisi\u00f3n.<\/p>\t\t\t\t\t\t\t\t<\/div>\n\t\t\t\t<\/div>\n\t\t\t\t<div class=\"elementor-element elementor-element-4ea0ba0 elementor-align-left elementor-widget elementor-widget-button\" data-id=\"4ea0ba0\" data-element_type=\"widget\" data-widget_type=\"button.default\">\n\t\t\t\t<div class=\"elementor-widget-container\">\n\t\t\t\t\t\t\t\t\t<div class=\"elementor-button-wrapper\">\n\t\t\t\t\t<a class=\"elementor-button elementor-button-link elementor-size-sm\" href=\"https:\/\/www.naturgy.com\/gl\/renda-fixa\/participacions-preferentes-2005\/\">\n\t\t\t\t\t\t<span class=\"elementor-button-content-wrapper\">\n\t\t\t\t\t\t\t\t\t<span class=\"elementor-button-text\">Saber m\u00e1is<\/span>\n\t\t\t\t\t<\/span>\n\t\t\t\t\t<\/a>\n\t\t\t\t<\/div>\n\t\t\t\t\t\t\t\t<\/div>\n\t\t\t\t<\/div>\n\t\t\t\t<\/div>\n\t\t\t\t\t<\/div>\n\t\t\t\t<\/div>\n\t\t<div class=\"elementor-element elementor-element-96d0caf e-flex e-con-boxed e-con e-parent\" data-id=\"96d0caf\" data-element_type=\"container\">\n\t\t\t\t\t<div class=\"e-con-inner\">\n\t\t\t\t<div class=\"elementor-element elementor-element-9139604 elementor-widget-divider--view-line elementor-widget elementor-widget-divider\" data-id=\"9139604\" data-element_type=\"widget\" data-widget_type=\"divider.default\">\n\t\t\t\t<div class=\"elementor-widget-container\">\n\t\t\t\t\t\t\t<div class=\"elementor-divider\">\n\t\t\t<span class=\"elementor-divider-separator\">\n\t\t\t\t\t\t<\/span>\n\t\t<\/div>\n\t\t\t\t\t\t<\/div>\n\t\t\t\t<\/div>\n\t\t\t\t\t<\/div>\n\t\t\t\t<\/div>\n\t\t<div class=\"elementor-element elementor-element-4bd6d49 e-con-full e-flex e-con e-parent\" data-id=\"4bd6d49\" data-element_type=\"container\">\n\t\t\t\t<div class=\"elementor-element elementor-element-c110263 elementor-widget elementor-widget-spacer\" data-id=\"c110263\" data-element_type=\"widget\" data-widget_type=\"spacer.default\">\n\t\t\t\t<div class=\"elementor-widget-container\">\n\t\t\t\t\t\t\t<div class=\"elementor-spacer\">\n\t\t\t<div class=\"elementor-spacer-inner\"><\/div>\n\t\t<\/div>\n\t\t\t\t\t\t<\/div>\n\t\t\t\t<\/div>\n\t\t\t\t<\/div>\n\t\t\t\t<\/div>\n\t\t","protected":false},"excerpt":{"rendered":"<p>Renda Fixa Naturgy Energy Group, S.A. obtivo o seu primeiro rating en febreiro de 1999. En outubro do mesmo ano formalizou o seu primeiro programa de EMTN &#8211; Euro M\u00e9dium Term Notes. O devandito programa perm\u00edtelle a Naturgy emitir bonos no mercado europeo, con formato p\u00fablico ou privado e a prazos variados. En marzo de [&hellip;]<\/p>\n","protected":false},"author":5,"featured_media":0,"parent":59791,"menu_order":6,"comment_status":"closed","ping_status":"closed","template":"","meta":{"_acf_changed":false,"footnotes":""},"class_list":["post-41746","page","type-page","status-publish","hentry"],"acf":[],"_links":{"self":[{"href":"https:\/\/www.naturgy.com\/gl\/wp-json\/wp\/v2\/pages\/41746","targetHints":{"allow":["GET"]}}],"collection":[{"href":"https:\/\/www.naturgy.com\/gl\/wp-json\/wp\/v2\/pages"}],"about":[{"href":"https:\/\/www.naturgy.com\/gl\/wp-json\/wp\/v2\/types\/page"}],"author":[{"embeddable":true,"href":"https:\/\/www.naturgy.com\/gl\/wp-json\/wp\/v2\/users\/5"}],"replies":[{"embeddable":true,"href":"https:\/\/www.naturgy.com\/gl\/wp-json\/wp\/v2\/comments?post=41746"}],"version-history":[{"count":30,"href":"https:\/\/www.naturgy.com\/gl\/wp-json\/wp\/v2\/pages\/41746\/revisions"}],"predecessor-version":[{"id":113079,"href":"https:\/\/www.naturgy.com\/gl\/wp-json\/wp\/v2\/pages\/41746\/revisions\/113079"}],"up":[{"embeddable":true,"href":"https:\/\/www.naturgy.com\/gl\/wp-json\/wp\/v2\/pages\/59791"}],"wp:attachment":[{"href":"https:\/\/www.naturgy.com\/gl\/wp-json\/wp\/v2\/media?parent=41746"}],"curies":[{"name":"wp","href":"https:\/\/api.w.org\/{rel}","templated":true}]}}