{"id":41756,"date":"2023-01-20T16:25:00","date_gmt":"2023-01-20T15:25:00","guid":{"rendered":"https:\/\/www.naturgy.com\/rating\/"},"modified":"2024-06-05T16:39:07","modified_gmt":"2024-06-05T14:39:07","slug":"rating","status":"publish","type":"page","link":"https:\/\/www.naturgy.com\/gl\/accionistas-e-investidores\/informacion-economica-2\/rating\/","title":{"rendered":"Rating"},"content":{"rendered":"\t\t<div data-elementor-type=\"wp-page\" data-elementor-id=\"41756\" class=\"elementor elementor-41756 elementor-12549\" data-elementor-post-type=\"page\">\n\t\t\t\t<div class=\"elementor-element elementor-element-cd84abe e-flex e-con-boxed e-con e-parent\" data-id=\"cd84abe\" data-element_type=\"container\">\n\t\t\t\t\t<div class=\"e-con-inner\">\n\t\t<div class=\"elementor-element elementor-element-bc37fea e-con-full e-flex e-con e-child\" data-id=\"bc37fea\" data-element_type=\"container\">\n\t\t\t\t<div class=\"elementor-element elementor-element-0e6c9af elementor-widget elementor-widget-shortcode\" data-id=\"0e6c9af\" data-element_type=\"widget\" data-widget_type=\"shortcode.default\">\n\t\t\t\t<div class=\"elementor-widget-container\">\n\t\t\t\t\t\t\t<div class=\"elementor-shortcode\"><nav aria-label=\"breadcrumbs\" class=\"rank-math-breadcrumb\"><p><span class=\"last\">Comeza<\/span><\/p><\/nav><\/div>\n\t\t\t\t\t\t<\/div>\n\t\t\t\t<\/div>\n\t\t\t\t<div class=\"elementor-element elementor-element-c63b4ee elementor-widget elementor-widget-heading\" data-id=\"c63b4ee\" data-element_type=\"widget\" data-widget_type=\"heading.default\">\n\t\t\t\t<div class=\"elementor-widget-container\">\n\t\t\t\t\t<h1 class=\"elementor-heading-title elementor-size-default\">Rating<\/h1>\t\t\t\t<\/div>\n\t\t\t\t<\/div>\n\t\t\t\t<\/div>\n\t\t<div class=\"elementor-element elementor-element-ecbb5e4 e-con-full e-flex e-con e-child\" data-id=\"ecbb5e4\" data-element_type=\"container\">\n\t\t\t\t<div class=\"elementor-element elementor-element-8e45054 elementor-widget elementor-widget-spacer\" data-id=\"8e45054\" data-element_type=\"widget\" data-widget_type=\"spacer.default\">\n\t\t\t\t<div class=\"elementor-widget-container\">\n\t\t\t\t\t\t\t<div class=\"elementor-spacer\">\n\t\t\t<div class=\"elementor-spacer-inner\"><\/div>\n\t\t<\/div>\n\t\t\t\t\t\t<\/div>\n\t\t\t\t<\/div>\n\t\t\t\t<\/div>\n\t\t\t\t\t<\/div>\n\t\t\t\t<\/div>\n\t\t<div class=\"elementor-element elementor-element-65b9fa0 e-flex e-con-boxed e-con e-parent\" data-id=\"65b9fa0\" data-element_type=\"container\">\n\t\t\t\t\t<div class=\"e-con-inner\">\n\t\t\t\t<div class=\"elementor-element elementor-element-faa2cae elementor-widget elementor-widget-text-editor\" data-id=\"faa2cae\" data-element_type=\"widget\" data-widget_type=\"text-editor.default\">\n\t\t\t\t<div class=\"elementor-widget-container\">\n\t\t\t\t\t\t\t\t\t<p>Naturgy Energy Group, S.A. obtivo o seu primeiro rating en febreiro de 1999.<br \/><br \/>As cualificaci\u00f3ns actualmente en vigor son:<\/p>\t\t\t\t\t\t\t\t<\/div>\n\t\t\t\t<\/div>\n\t\t\t\t\t<\/div>\n\t\t\t\t<\/div>\n\t\t<div class=\"elementor-element elementor-element-6c0318d grid col-3 e-flex e-con-boxed e-con e-parent\" data-id=\"6c0318d\" data-element_type=\"container\">\n\t\t\t\t\t<div class=\"e-con-inner\">\n\t\t\t\t<div class=\"elementor-element elementor-element-c41ee6a kec-table elementor-widget elementor-widget-shortcode\" data-id=\"c41ee6a\" data-element_type=\"widget\" data-widget_type=\"shortcode.default\">\n\t\t\t\t<div class=\"elementor-widget-container\">\n\t\t\t\t\t\t\t<div class=\"elementor-shortcode\">\n<table id=\"tablepress-335\" class=\"tablepress tablepress-id-335\">\n<thead>\n<tr class=\"row-1\">\n\t<th class=\"column-1\">Axencia<\/th><th class=\"column-2\">Longo prazo<\/th><th class=\"column-3\">Curto prazo<\/th><th class=\"column-4\">Perspectiva<\/th>\n<\/tr>\n<\/thead>\n<tbody class=\"row-hover\">\n<tr class=\"row-2\">\n\t<td class=\"column-1\">S&amp;P Global<\/td><td class=\"column-2\">BBB<\/td><td class=\"column-3\">A-2<\/td><td class=\"column-4\">Estable<\/td>\n<\/tr>\n<tr class=\"row-3\">\n\t<td class=\"column-1\">Fitch<\/td><td class=\"column-2\">BBB<\/td><td class=\"column-3\">F2<\/td><td class=\"column-4\">Estable<\/td>\n<\/tr>\n<\/tbody>\n<\/table>\n<!-- #tablepress-335 from cache --><\/div>\n\t\t\t\t\t\t<\/div>\n\t\t\t\t<\/div>\n\t\t\t\t\t<\/div>\n\t\t\t\t<\/div>\n\t\t<div class=\"elementor-element elementor-element-42b97b5 e-con-full e-flex e-con e-parent\" data-id=\"42b97b5\" data-element_type=\"container\">\n\t\t\t\t<div class=\"elementor-element elementor-element-9aa543e elementor-widget elementor-widget-spacer\" data-id=\"9aa543e\" data-element_type=\"widget\" data-widget_type=\"spacer.default\">\n\t\t\t\t<div class=\"elementor-widget-container\">\n\t\t\t\t\t\t\t<div class=\"elementor-spacer\">\n\t\t\t<div class=\"elementor-spacer-inner\"><\/div>\n\t\t<\/div>\n\t\t\t\t\t\t<\/div>\n\t\t\t\t<\/div>\n\t\t\t\t<\/div>\n\t\t<div class=\"elementor-element elementor-element-f2ca6ef e-flex e-con-boxed e-con e-parent\" data-id=\"f2ca6ef\" data-element_type=\"container\">\n\t\t\t\t\t<div class=\"e-con-inner\">\n\t\t\t\t<div class=\"elementor-element elementor-element-690d111 elementor-widget elementor-widget-text-editor\" data-id=\"690d111\" data-element_type=\"widget\" data-widget_type=\"text-editor.default\">\n\t\t\t\t<div class=\"elementor-widget-container\">\n\t\t\t\t\t\t\t\t\t<p><em>Advertencia<\/em>: Estas cualificaci\u00f3ns poden ser revisadas, suspendidas ou retiradas pola axencia de cualificaci\u00f3n en calquera momento.<br \/><br \/>A continuaci\u00f3n det\u00e1llase a evoluci\u00f3n da cualificaci\u00f3n nos \u00faltimos anos:<\/p>\t\t\t\t\t\t\t\t<\/div>\n\t\t\t\t<\/div>\n\t\t\t\t\t<\/div>\n\t\t\t\t<\/div>\n\t\t<div class=\"elementor-element elementor-element-7a01367 grid col-3 e-flex e-con-boxed e-con e-parent\" data-id=\"7a01367\" data-element_type=\"container\">\n\t\t\t\t\t<div class=\"e-con-inner\">\n\t\t\t\t<div class=\"elementor-element elementor-element-df348b1 kec-table elementor-widget elementor-widget-shortcode\" data-id=\"df348b1\" data-element_type=\"widget\" data-widget_type=\"shortcode.default\">\n\t\t\t\t<div class=\"elementor-widget-container\">\n\t\t\t\t\t\t\t<div class=\"elementor-shortcode\">\n<table id=\"tablepress-336\" class=\"tablepress tablepress-id-336 tbody-has-connected-cells\">\n<thead>\n<tr class=\"row-1\">\n\t<td class=\"column-1\"><\/td><th class=\"column-2\">Longo prazo<\/th><th class=\"column-3\">Perspectiva<\/th><th class=\"column-4\">Data revisi\u00f3n<\/th><td class=\"column-5\"><\/td>\n<\/tr>\n<\/thead>\n<tbody class=\"row-hover\">\n<tr class=\"row-2\">\n\t<td rowspan=\"7\" class=\"column-1\">S&amp;P Global<\/td><td class=\"column-2\">BBB<\/td><td class=\"column-3\">Estable<\/td><td class=\"column-4\">19\/12\/2025<\/td><td class=\"column-5\"><\/td>\n<\/tr>\n<tr class=\"row-3\">\n\t<td class=\"column-2\">BBB<\/td><td class=\"column-3\">Estable<\/td><td class=\"column-4\">27\/02\/2025<\/td><td class=\"column-5\"><\/td>\n<\/tr>\n<tr class=\"row-4\">\n\t<td class=\"column-2\">BBB<\/td><td class=\"column-3\">Estable<\/td><td class=\"column-4\">30\/05\/2023<\/td><td class=\"column-5\"><\/td>\n<\/tr>\n<tr class=\"row-5\">\n\t<td class=\"column-2\">BBB<\/td><td class=\"column-3\">Negativo<\/td><td class=\"column-4\">13\/10\/2022<\/td><td class=\"column-5\"><\/td>\n<\/tr>\n<tr class=\"row-6\">\n\t<td class=\"column-2\">BBB<\/td><td class=\"column-3\">CreditWatch Negative<\/td><td class=\"column-4\">18\/02\/2022<\/td><td class=\"column-5\"><\/td>\n<\/tr>\n<tr class=\"row-7\">\n\t<td class=\"column-2\">BBB<\/td><td class=\"column-3\">Estable<\/td><td class=\"column-4\">09\/08\/2021<\/td><td class=\"column-5\"><\/td>\n<\/tr>\n<tr class=\"row-8\">\n\t<td class=\"column-2\">BBB<\/td><td class=\"column-3\">Negativo<\/td><td class=\"column-4\">17\/02\/2021<\/td><td class=\"column-5\"><\/td>\n<\/tr>\n<\/tbody>\n<\/table>\n<!-- #tablepress-336 from cache --><\/div>\n\t\t\t\t\t\t<\/div>\n\t\t\t\t<\/div>\n\t\t\t\t\t<\/div>\n\t\t\t\t<\/div>\n\t\t<div class=\"elementor-element elementor-element-1acb0ba e-con-full e-flex e-con e-parent\" data-id=\"1acb0ba\" data-element_type=\"container\">\n\t\t\t\t<div class=\"elementor-element elementor-element-be24bf6 elementor-widget elementor-widget-spacer\" data-id=\"be24bf6\" data-element_type=\"widget\" data-widget_type=\"spacer.default\">\n\t\t\t\t<div class=\"elementor-widget-container\">\n\t\t\t\t\t\t\t<div class=\"elementor-spacer\">\n\t\t\t<div class=\"elementor-spacer-inner\"><\/div>\n\t\t<\/div>\n\t\t\t\t\t\t<\/div>\n\t\t\t\t<\/div>\n\t\t\t\t<\/div>\n\t\t<div class=\"elementor-element elementor-element-a12d481 grid col-3 e-flex e-con-boxed e-con e-parent\" data-id=\"a12d481\" data-element_type=\"container\">\n\t\t\t\t\t<div class=\"e-con-inner\">\n\t\t\t\t<div class=\"elementor-element elementor-element-473ffbe kec-table elementor-widget elementor-widget-shortcode\" data-id=\"473ffbe\" data-element_type=\"widget\" data-widget_type=\"shortcode.default\">\n\t\t\t\t<div class=\"elementor-widget-container\">\n\t\t\t\t\t\t\t<div class=\"elementor-shortcode\">\n<table id=\"tablepress-337\" class=\"tablepress tablepress-id-337 tbody-has-connected-cells\">\n<thead>\n<tr class=\"row-1\">\n\t<td class=\"column-1\"><\/td><th class=\"column-2\">Longo prazo<\/th><th class=\"column-3\">Perspectiva<\/th><th class=\"column-4\">Data revisi\u00f3n<\/th>\n<\/tr>\n<\/thead>\n<tbody>\n<tr class=\"row-2\">\n\t<td rowspan=\"7\" class=\"column-1\">Fitch<\/td><td class=\"column-2\">BBB<\/td><td class=\"column-3\">Estable<\/td><td class=\"column-4\">31\/03\/2025<\/td>\n<\/tr>\n<tr class=\"row-3\">\n\t<td class=\"column-2\">BBB<\/td><td class=\"column-3\">Estable<\/td><td class=\"column-4\">25\/10\/2023<\/td>\n<\/tr>\n<tr class=\"row-4\">\n\t<td class=\"column-2\">BBB<\/td><td class=\"column-3\">Estable<\/td><td class=\"column-4\">28\/10\/2022<\/td>\n<\/tr>\n<tr class=\"row-5\">\n\t<td class=\"column-2\">BBB<\/td><td class=\"column-3\">Estable<\/td><td class=\"column-4\">29\/10\/2021<\/td>\n<\/tr>\n<tr class=\"row-6\">\n\t<td class=\"column-2\">BBB<\/td><td class=\"column-3\">Estable<\/td><td class=\"column-4\">28\/07\/2020<\/td>\n<\/tr>\n<tr class=\"row-7\">\n\t<td class=\"column-2\">BBB<\/td><td class=\"column-3\">Estable<\/td><td class=\"column-4\">28\/01\/2020<\/td>\n<\/tr>\n<tr class=\"row-8\">\n\t<td class=\"column-2\">BBB<\/td><td class=\"column-3\">RWN<\/td><td class=\"column-4\">29\/07\/2019<\/td>\n<\/tr>\n<\/tbody>\n<\/table>\n<!-- #tablepress-337 from cache --><\/div>\n\t\t\t\t\t\t<\/div>\n\t\t\t\t<\/div>\n\t\t\t\t\t<\/div>\n\t\t\t\t<\/div>\n\t\t<div class=\"elementor-element elementor-element-077c435 e-con-full e-flex e-con e-parent\" data-id=\"077c435\" data-element_type=\"container\">\n\t\t\t\t<div class=\"elementor-element elementor-element-939d78f elementor-widget elementor-widget-spacer\" data-id=\"939d78f\" data-element_type=\"widget\" data-widget_type=\"spacer.default\">\n\t\t\t\t<div class=\"elementor-widget-container\">\n\t\t\t\t\t\t\t<div class=\"elementor-spacer\">\n\t\t\t<div class=\"elementor-spacer-inner\"><\/div>\n\t\t<\/div>\n\t\t\t\t\t\t<\/div>\n\t\t\t\t<\/div>\n\t\t\t\t<\/div>\n\t\t<div class=\"elementor-element elementor-element-a3b990d e-flex e-con-boxed e-con e-parent\" data-id=\"a3b990d\" data-element_type=\"container\">\n\t\t\t\t\t<div class=\"e-con-inner\">\n\t\t\t\t<div class=\"elementor-element elementor-element-1356ff5 elementor-widget elementor-widget-heading\" data-id=\"1356ff5\" data-element_type=\"widget\" data-widget_type=\"heading.default\">\n\t\t\t\t<div class=\"elementor-widget-container\">\n\t\t\t\t\t<h2 class=\"elementor-heading-title elementor-size-default\">Ligaz\u00f3ns relacionadas<\/h2>\t\t\t\t<\/div>\n\t\t\t\t<\/div>\n\t\t\t\t<div class=\"elementor-element elementor-element-488623f has-icon elementor-widget elementor-widget-text-editor\" data-id=\"488623f\" data-element_type=\"widget\" data-widget_type=\"text-editor.default\">\n\t\t\t\t<div class=\"elementor-widget-container\">\n\t\t\t\t\t\t\t\t\t<p><a href=\"https:\/\/www.fitchratings.com\/\" target=\"_blank\" rel=\"noopener\">Fitch<\/a><\/p><p><a href=\"https:\/\/www.spglobal.com\/ratings\/en\/\" target=\"_blank\" rel=\"noopener\">Standard &amp; Poor&#8217;s<\/a><\/p>\t\t\t\t\t\t\t\t<\/div>\n\t\t\t\t<\/div>\n\t\t\t\t\t<\/div>\n\t\t\t\t<\/div>\n\t\t\t\t<\/div>\n\t\t","protected":false},"excerpt":{"rendered":"<p>Naturgy Energy Group, S.A. obtivo o seu primeiro rating en febreiro de 1999. As cualificaci\u00f3ns actualmente en vigor son: Advertencia: Estas cualificaci\u00f3ns poden ser revisadas, suspendidas ou retiradas pola axencia de cualificaci\u00f3n en calquera momento. A continuaci\u00f3n det\u00e1llase a evoluci\u00f3n da cualificaci\u00f3n nos \u00faltimos anos: Ligaz\u00f3ns relacionadas Fitch Standard &amp; Poor&#8217;s<\/p>\n","protected":false},"author":5,"featured_media":0,"parent":59845,"menu_order":3,"comment_status":"closed","ping_status":"closed","template":"","meta":{"_acf_changed":false,"footnotes":""},"class_list":["post-41756","page","type-page","status-publish","hentry"],"acf":[],"_links":{"self":[{"href":"https:\/\/www.naturgy.com\/gl\/wp-json\/wp\/v2\/pages\/41756","targetHints":{"allow":["GET"]}}],"collection":[{"href":"https:\/\/www.naturgy.com\/gl\/wp-json\/wp\/v2\/pages"}],"about":[{"href":"https:\/\/www.naturgy.com\/gl\/wp-json\/wp\/v2\/types\/page"}],"author":[{"embeddable":true,"href":"https:\/\/www.naturgy.com\/gl\/wp-json\/wp\/v2\/users\/5"}],"replies":[{"embeddable":true,"href":"https:\/\/www.naturgy.com\/gl\/wp-json\/wp\/v2\/comments?post=41756"}],"version-history":[{"count":7,"href":"https:\/\/www.naturgy.com\/gl\/wp-json\/wp\/v2\/pages\/41756\/revisions"}],"predecessor-version":[{"id":104296,"href":"https:\/\/www.naturgy.com\/gl\/wp-json\/wp\/v2\/pages\/41756\/revisions\/104296"}],"up":[{"embeddable":true,"href":"https:\/\/www.naturgy.com\/gl\/wp-json\/wp\/v2\/pages\/59845"}],"wp:attachment":[{"href":"https:\/\/www.naturgy.com\/gl\/wp-json\/wp\/v2\/media?parent=41756"}],"curies":[{"name":"wp","href":"https:\/\/api.w.org\/{rel}","templated":true}]}}