{"id":42048,"date":"2023-02-17T11:06:30","date_gmt":"2023-02-17T10:06:30","guid":{"rendered":"https:\/\/www.naturgy.com\/os-nosos-proxectos\/unidad-mixta-de-gas-renovable\/"},"modified":"2023-11-30T11:47:46","modified_gmt":"2023-11-30T10:47:46","slug":"unidade-mixta-de-gas-renovable","status":"publish","type":"page","link":"https:\/\/www.naturgy.com\/gl\/innovacion\/os-nosos-proxectos\/unidade-mixta-de-gas-renovable\/","title":{"rendered":"Unidade Mixta de gas renovable"},"content":{"rendered":"\t\t<div data-elementor-type=\"wp-page\" data-elementor-id=\"42048\" class=\"elementor elementor-42048 elementor-27080\" data-elementor-post-type=\"page\">\n\t\t\t\t<div class=\"elementor-element elementor-element-5b78c63 e-flex e-con-boxed e-con e-parent\" data-id=\"5b78c63\" data-element_type=\"container\">\n\t\t\t\t\t<div class=\"e-con-inner\">\n\t\t<div class=\"elementor-element elementor-element-73913c2f e-con-full e-flex e-con e-child\" data-id=\"73913c2f\" data-element_type=\"container\">\n\t\t\t\t<div class=\"elementor-element elementor-element-64143e44 elementor-widget elementor-widget-shortcode\" data-id=\"64143e44\" data-element_type=\"widget\" data-widget_type=\"shortcode.default\">\n\t\t\t\t<div class=\"elementor-widget-container\">\n\t\t\t\t\t\t\t<div class=\"elementor-shortcode\"><nav aria-label=\"breadcrumbs\" class=\"rank-math-breadcrumb\"><p><span class=\"last\">Comeza<\/span><\/p><\/nav><\/div>\n\t\t\t\t\t\t<\/div>\n\t\t\t\t<\/div>\n\t\t\t\t<div class=\"elementor-element elementor-element-8ebc1cb elementor-widget elementor-widget-heading\" data-id=\"8ebc1cb\" data-element_type=\"widget\" data-widget_type=\"heading.default\">\n\t\t\t\t<div class=\"elementor-widget-container\">\n\t\t\t\t\t<h1 class=\"elementor-heading-title elementor-size-default\">Unidade Mixta de gas renovable<\/h1>\t\t\t\t<\/div>\n\t\t\t\t<\/div>\n\t\t\t\t<\/div>\n\t\t<div class=\"elementor-element elementor-element-76aec4e0 e-con-full e-flex e-con e-child\" data-id=\"76aec4e0\" data-element_type=\"container\">\n\t\t\t\t<div class=\"elementor-element elementor-element-4f2559cf elementor-widget elementor-widget-spacer\" data-id=\"4f2559cf\" data-element_type=\"widget\" data-widget_type=\"spacer.default\">\n\t\t\t\t<div class=\"elementor-widget-container\">\n\t\t\t\t\t\t\t<div class=\"elementor-spacer\">\n\t\t\t<div class=\"elementor-spacer-inner\"><\/div>\n\t\t<\/div>\n\t\t\t\t\t\t<\/div>\n\t\t\t\t<\/div>\n\t\t\t\t<\/div>\n\t\t\t\t\t<\/div>\n\t\t\t\t<\/div>\n\t\t<div class=\"elementor-element elementor-element-743a2f80 e-flex e-con-boxed e-con e-parent\" data-id=\"743a2f80\" data-element_type=\"container\">\n\t\t\t\t\t<div class=\"e-con-inner\">\n\t\t\t\t<div class=\"elementor-element elementor-element-7e500389 elementor-widget elementor-widget-heading\" data-id=\"7e500389\" data-element_type=\"widget\" data-widget_type=\"heading.default\">\n\t\t\t\t<div class=\"elementor-widget-container\">\n\t\t\t\t\t<h2 class=\"elementor-heading-title elementor-size-default\">Pol\u00edtica Anticorrupci\u00f3n<\/h2>\t\t\t\t<\/div>\n\t\t\t\t<\/div>\n\t\t\t\t<div class=\"elementor-element elementor-element-3fac039 elementor-widget elementor-widget-image\" data-id=\"3fac039\" data-element_type=\"widget\" data-widget_type=\"image.default\">\n\t\t\t\t<div class=\"elementor-widget-container\">\n\t\t\t\t\t\t\t\t\t\t\t\t\t\t\t<img decoding=\"async\" src=\"https:\/\/stproportalcorporativo.blob.core.windows.net\/uploads\/2023\/04\/Logos_Unidad-Mixta-de-Gas-Renovable-2-1.png\" title=\"Logos_Unidad Mixta de Gas Renovable-2 (1)\" alt=\"Logos_Unidad Mixta de Gas Renovable-2 (1)\" loading=\"lazy\" \/>\t\t\t\t\t\t\t\t\t\t\t\t\t\t\t<\/div>\n\t\t\t\t<\/div>\n\t\t\t\t<div class=\"elementor-element elementor-element-9af1c75 elementor-widget elementor-widget-text-editor\" data-id=\"9af1c75\" data-element_type=\"widget\" data-widget_type=\"text-editor.default\">\n\t\t\t\t<div class=\"elementor-widget-container\">\n\t\t\t\t\t\t\t\t\t<p>A Unidade Mixta de Gas Renovable est\u00e1 cofinanciada pola Axencia Galega de Innovaci\u00f3n-Vicepresidencia Primeira e Conseller\u00eda de Econom\u00eda, Industria e Innovaci\u00f3n da Xunta de Galicia, e o Fondo Europeo de Desenvolvemento Rexional (FEDER) no marco do programa operativo Feder Galicia 2014-2020. Potenciar a investigaci\u00f3n, o desenvolvemento tecnol\u00f3xico e a innovaci\u00f3n.<\/p>\t\t\t\t\t\t\t\t<\/div>\n\t\t\t\t<\/div>\n\t\t\t\t<div class=\"elementor-element elementor-element-97c24a6 elementor-widget elementor-widget-image\" data-id=\"97c24a6\" data-element_type=\"widget\" data-widget_type=\"image.default\">\n\t\t\t\t<div class=\"elementor-widget-container\">\n\t\t\t\t\t\t\t\t\t\t\t\t\t\t\t<img decoding=\"async\" src=\"https:\/\/stproportalcorporativo.blob.core.windows.net\/uploads\/2023\/04\/Logos_Unidad-Mixta-de-Gas-Renovable_2-2-1.png\" title=\"Logos_Unidad Mixta de Gas Renovable_2-2 (1)\" alt=\"Logos_Unidad Mixta de Gas Renovable_2-2 (1)\" loading=\"lazy\" \/>\t\t\t\t\t\t\t\t\t\t\t\t\t\t\t<\/div>\n\t\t\t\t<\/div>\n\t\t\t\t<div class=\"elementor-element elementor-element-0ad2968 elementor-widget elementor-widget-text-editor\" data-id=\"0ad2968\" data-element_type=\"widget\" data-widget_type=\"text-editor.default\">\n\t\t\t\t<div class=\"elementor-widget-container\">\n\t\t\t\t\t\t\t\t\t<p><b>A Unidade Mixta de Gas Renovable \u00e9 un proxecto conxunto de Naturgy, o Centro Tecnol\u00f3xico Energylab e EDAR Bens S.A.<\/b>, empresa p\u00fablica supramunicipal que presta o servizo de depuraci\u00f3n de augas residuais nos concellos da Coru\u00f1a, Arteixo, Cambre, Culleredo e Oleiros.<\/p><p>Esta Unidade Mixta <b>est\u00e1 cofinanciada pola Axencia Galega de Innovaci\u00f3n &#8211; Vicepresidencia Segunda e Conseller\u00eda de Econom\u00eda, Empresa e Innovaci\u00f3n da Xunta de Galicia, e o Fondo Europeo de Desenvolvemento Rexional<\/b> (FEDER) no marco do programa operativo Feder Galicia 2014-2020. Potenciar a investigaci\u00f3n, o desenvolvemento tecnol\u00f3xico e a innovaci\u00f3n. Unha maneira de facer Europa.<\/p><p>O obxectivo do proxecto \u00e9 incrementar o <b>co\u00f1ecemento non s\u00f3 do biog\u00e1s e o biometano, sen\u00f3n tam\u00e9n doutros gases renovables<\/b> como o hidr\u00f3xeno verde e o gas de s\u00edntese, as\u00ed como avaliar o seu impacto nas infraestruturas actuais e consumidores finais.<\/p><p>Dentro desta Unidade Mixta desenvolveranse<b> cinco novas li\u00f1as de investigaci\u00f3n:<\/b><\/p><p>1. <b>Mellora na produci\u00f3n de biog\u00e1s <\/b>a trav\u00e9s da codixesti\u00f3n e a recuperaci\u00f3n de nutrientes.<\/p><p>2. <b>Xeraci\u00f3n de hidr\u00f3xeno verde<\/b> grazas ao aproveitamento enerx\u00e9tico do caudal de auga depurada, que ser\u00e1 turbinada, xerarase hidr\u00f3xeno a trav\u00e9s da electr\u00f3lise da auga.<\/p><p>3. <b>Produci\u00f3n de biohidr\u00f3xeno <\/b>a trav\u00e9s da fermentaci\u00f3n escura, proceso biol\u00f3xico (etapas iniciais da dixesti\u00f3n anaerobia) mediante o que se xera hidr\u00f3xeno a partir da degradaci\u00f3n da materia org\u00e1nica.<\/p><p>4. Gasificaci\u00f3n de lamas de depuradora para a <b>obtenci\u00f3n de bio-syngas<\/b> (biog\u00e1s de s\u00edntese).<\/p><p><b>5. Estudo do impacto do uso dos diferentes gases renovables<\/b> e as s\u00faas mesturas, dende o punto de vista da inxecci\u00f3n \u00e1 rede de gas e o seu uso en aplicaci\u00f3ns estacionarias e m\u00f3biles (veh\u00edculos).<\/p><p>\u00a0<\/p><p>A<strong> 1.\u00aa fase desta Unidade Mixta<\/strong> (2016-2019) centrouse en aumentar o co\u00f1ecemento nos procesos de produci\u00f3n de gas natural renovable ou biometano no sector das EDAR, principalmente mediante a implantaci\u00f3n dun sistema de purificaci\u00f3n baseada en membranas, e mediante o dese\u00f1o, posta en marcha e operaci\u00f3n da primeira planta piloto de metanaci\u00f3n biol\u00f3xica en Espa\u00f1a. O biometano xerado neste proxecto estase a utilizar na actualidade como combustible alternativo na frota de furgonetas de EDAR de Bens de forma experimental, no transporte p\u00fablico da \u00e1rea metropolitana da Coru\u00f1a e, adicionalmente, en 2022, comezouse coa inxecci\u00f3n \u00e1 rede do biometano. <br \/><br \/>O <strong>obxectivo da 2.\u00aa fase do proxecto<\/strong> (2020-2023) \u00e9 consolidar os desenvolvementos realizados na anterior, ampliando o alcance t\u00e9cnico coa xeraci\u00f3n de hidr\u00f3xeno verde e syngas, as\u00ed como avaliar o seu impacto nas infraestruturas actuais e consumidores finais. Os procesos que se est\u00e1n a estudar en detalle son a fermentaci\u00f3n escura, a gasificaci\u00f3n e a xeraci\u00f3n de hidr\u00f3xeno renovable grazas ao turbinado da auga depurada. Outra li\u00f1a, coa que se obtiveron resultados moi positivos, \u00e9 a recuperaci\u00f3n de nitr\u00f3xeno en forma de sales amoniacais mediante membranas hidrof\u00f3bicas, que poden ser valorizadas a posteriori como fertilizante. As\u00ed mesmo, estase a determinar tanto a permeabilidade como a fraxilidade dos materiais da rede de gas a distintas concentraci\u00f3ns de hidr\u00f3xeno co obxectivo de avaliar a seguridade e a viabilidade t\u00e9cnico-econ\u00f3mica do seu uso.<\/p><ol><li style=\"list-style-type: none;\">\u00a0<\/li><\/ol>\t\t\t\t\t\t\t\t<\/div>\n\t\t\t\t<\/div>\n\t\t\t\t<div class=\"elementor-element elementor-element-4807e9d elementor-align-center elementor-widget elementor-widget-button\" data-id=\"4807e9d\" data-element_type=\"widget\" data-widget_type=\"button.default\">\n\t\t\t\t<div class=\"elementor-widget-container\">\n\t\t\t\t\t\t\t\t\t<div class=\"elementor-button-wrapper\">\n\t\t\t\t\t<a class=\"elementor-button elementor-button-link elementor-size-sm\" href=\"https:\/\/umgasrenovable.es\/\" target=\"_blank\" rel=\"noopener\">\n\t\t\t\t\t\t<span class=\"elementor-button-content-wrapper\">\n\t\t\t\t\t\t\t\t\t<span class=\"elementor-button-text\">Consulta a p\u00e1xina da Unidade Mixta Gas Renovable<\/span>\n\t\t\t\t\t<\/span>\n\t\t\t\t\t<\/a>\n\t\t\t\t<\/div>\n\t\t\t\t\t\t\t\t<\/div>\n\t\t\t\t<\/div>\n\t\t\t\t\t<\/div>\n\t\t\t\t<\/div>\n\t\t<div class=\"elementor-element elementor-element-f4778d5 e-con-full e-flex e-con e-parent\" data-id=\"f4778d5\" data-element_type=\"container\">\n\t\t\t\t<div class=\"elementor-element elementor-element-fa5aae6 elementor-widget elementor-widget-spacer\" data-id=\"fa5aae6\" data-element_type=\"widget\" data-widget_type=\"spacer.default\">\n\t\t\t\t<div class=\"elementor-widget-container\">\n\t\t\t\t\t\t\t<div class=\"elementor-spacer\">\n\t\t\t<div class=\"elementor-spacer-inner\"><\/div>\n\t\t<\/div>\n\t\t\t\t\t\t<\/div>\n\t\t\t\t<\/div>\n\t\t\t\t<\/div>\n\t\t<div class=\"elementor-element elementor-element-38d192b e-flex e-con-boxed e-con e-parent\" data-id=\"38d192b\" data-element_type=\"container\">\n\t\t\t\t\t<div class=\"e-con-inner\">\n\t\t\t\t<div class=\"elementor-element elementor-element-492f51c elementor-widget elementor-widget-spacer\" data-id=\"492f51c\" data-element_type=\"widget\" data-widget_type=\"spacer.default\">\n\t\t\t\t<div class=\"elementor-widget-container\">\n\t\t\t\t\t\t\t<div class=\"elementor-spacer\">\n\t\t\t<div class=\"elementor-spacer-inner\"><\/div>\n\t\t<\/div>\n\t\t\t\t\t\t<\/div>\n\t\t\t\t<\/div>\n\t\t\t\t<div class=\"elementor-element elementor-element-94644be elementor-widget elementor-widget-image\" data-id=\"94644be\" data-element_type=\"widget\" data-widget_type=\"image.default\">\n\t\t\t\t<div class=\"elementor-widget-container\">\n\t\t\t\t\t\t\t\t\t\t\t\t\t\t\t<img fetchpriority=\"high\" decoding=\"async\" width=\"734\" height=\"335\" src=\"https:\/\/www.naturgy.com\/\/app\/uploads\/2023\/03\/laboratorio.jpg\" class=\"attachment-full size-full wp-image-42037\" alt=\"\" srcset=\"https:\/\/www.naturgy.com\/\/app\/uploads\/2023\/03\/laboratorio.jpg 734w, https:\/\/www.naturgy.com\/\/app\/uploads\/2023\/03\/laboratorio-300x137.jpg 300w\" sizes=\"(max-width: 734px) 100vw, 734px\" \/>\t\t\t\t\t\t\t\t\t\t\t\t\t\t\t<\/div>\n\t\t\t\t<\/div>\n\t\t\t\t\t<\/div>\n\t\t\t\t<\/div>\n\t\t<div class=\"elementor-element elementor-element-0b17fa1 e-flex e-con-boxed e-con e-parent\" data-id=\"0b17fa1\" data-element_type=\"container\">\n\t\t\t\t\t<div class=\"e-con-inner\">\n\t\t\t\t<div class=\"elementor-element elementor-element-a66e671 elementor-widget elementor-widget-heading\" data-id=\"a66e671\" data-element_type=\"widget\" data-widget_type=\"heading.default\">\n\t\t\t\t<div class=\"elementor-widget-container\">\n\t\t\t\t\t<h2 class=\"elementor-heading-title elementor-size-default\">A convocatoria<\/h2>\t\t\t\t<\/div>\n\t\t\t\t<\/div>\n\t\t\t\t<div class=\"elementor-element elementor-element-575c0af elementor-widget elementor-widget-spacer\" data-id=\"575c0af\" data-element_type=\"widget\" data-widget_type=\"spacer.default\">\n\t\t\t\t<div class=\"elementor-widget-container\">\n\t\t\t\t\t\t\t<div class=\"elementor-spacer\">\n\t\t\t<div class=\"elementor-spacer-inner\"><\/div>\n\t\t<\/div>\n\t\t\t\t\t\t<\/div>\n\t\t\t\t<\/div>\n\t\t\t\t<div class=\"elementor-element elementor-element-fe5c7c4 elementor-widget elementor-widget-spacer\" data-id=\"fe5c7c4\" data-element_type=\"widget\" data-widget_type=\"spacer.default\">\n\t\t\t\t<div class=\"elementor-widget-container\">\n\t\t\t\t\t\t\t<div class=\"elementor-spacer\">\n\t\t\t<div class=\"elementor-spacer-inner\"><\/div>\n\t\t<\/div>\n\t\t\t\t\t\t<\/div>\n\t\t\t\t<\/div>\n\t\t\t\t<div class=\"elementor-element elementor-element-e1ba622 elementor-widget elementor-widget-text-editor\" data-id=\"e1ba622\" data-element_type=\"widget\" data-widget_type=\"text-editor.default\">\n\t\t\t\t<div class=\"elementor-widget-container\">\n\t\t\t\t\t\t\t\t\t<ol><li style=\"list-style-type: none;\"><p>A Axencia Galega da Innovaci\u00f3n (GAIN) publicou o 20 de febreiro de 2020 a convocatoria de consolidaci\u00f3n de unidades mixtas de investigaci\u00f3n ali\u00f1adas cos retos estrat\u00e9xicos e prioridades identificadas na RIS3 para Galicia, cofinanciadas polo Fondo Europeo de Desenvolvemento Rexional no marco do programa operativo Feder Galicia 2014-2020, dentro do eixe 1 \u00abPotenciar a investigaci\u00f3n, o desenvolvemento tecnol\u00f3xico e a innovaci\u00f3n\u00bb.<\/p><p>Con esta li\u00f1a de actuaci\u00f3n pret\u00e9ndese consolidar, fortalecer e manter a actividade investigadora e innovadora das unidades mixtas de investigaci\u00f3n creadas ao abeiro das convocatorias de axudas de GAIN dos anos 2016 e 2017, dando as\u00ed continuidade e evoluci\u00f3n \u00e1s expectativas, obxectivos e resultados das s\u00faas li\u00f1as de investigaci\u00f3n e traballo co desenvolvemento de novas actividades e proxectos no marco destas, con vistas a conseguir os seguintes obxectivos:<\/p><\/li><\/ol>\t\t\t\t\t\t\t\t<\/div>\n\t\t\t\t<\/div>\n\t\t\t\t<div class=\"elementor-element elementor-element-bc3663c elementor-widget elementor-widget-spacer\" data-id=\"bc3663c\" data-element_type=\"widget\" data-widget_type=\"spacer.default\">\n\t\t\t\t<div class=\"elementor-widget-container\">\n\t\t\t\t\t\t\t<div class=\"elementor-spacer\">\n\t\t\t<div class=\"elementor-spacer-inner\"><\/div>\n\t\t<\/div>\n\t\t\t\t\t\t<\/div>\n\t\t\t\t<\/div>\n\t\t\t\t\t<\/div>\n\t\t\t\t<\/div>\n\t\t<div class=\"elementor-element elementor-element-7a9b2b1e e-flex e-con-boxed e-con e-parent\" data-id=\"7a9b2b1e\" data-element_type=\"container\">\n\t\t\t\t\t<div class=\"e-con-inner\">\n\t\t<div class=\"elementor-element elementor-element-7bdd419e e-flex e-con-boxed e-con e-child\" data-id=\"7bdd419e\" data-element_type=\"container\">\n\t\t\t\t\t<div class=\"e-con-inner\">\n\t\t\t\t<div class=\"elementor-element elementor-element-4f5bf9ff elementor-align-start elementor-icon-list--layout-traditional elementor-list-item-link-full_width elementor-widget elementor-widget-icon-list\" data-id=\"4f5bf9ff\" data-element_type=\"widget\" data-widget_type=\"icon-list.default\">\n\t\t\t\t<div class=\"elementor-widget-container\">\n\t\t\t\t\t\t\t<ul class=\"elementor-icon-list-items\">\n\t\t\t\t\t\t\t<li class=\"elementor-icon-list-item\">\n\t\t\t\t\t\t\t\t\t\t\t<span class=\"elementor-icon-list-icon\">\n\t\t\t\t\t\t\t<i aria-hidden=\"true\" class=\"interfaz interfaz-check-fino\"><\/i>\t\t\t\t\t\t<\/span>\n\t\t\t\t\t\t\t\t\t\t<span class=\"elementor-icon-list-text\"> Configurar grupos mixtos de traballo entre organismos de investigaci\u00f3n e empresas que se convertan en catalizadores do desenvolvemento de li\u00f1as de I+D+i<\/span>\n\t\t\t\t\t\t\t\t\t<\/li>\n\t\t\t\t\t\t\t\t<li class=\"elementor-icon-list-item\">\n\t\t\t\t\t\t\t\t\t\t\t<span class=\"elementor-icon-list-icon\">\n\t\t\t\t\t\t\t<i aria-hidden=\"true\" class=\"interfaz interfaz-check-fino\"><\/i>\t\t\t\t\t\t<\/span>\n\t\t\t\t\t\t\t\t\t\t<span class=\"elementor-icon-list-text\"> Posta en valor dos grupos de investigaci\u00f3n<\/span>\n\t\t\t\t\t\t\t\t\t<\/li>\n\t\t\t\t\t\t\t\t<li class=\"elementor-icon-list-item\">\n\t\t\t\t\t\t\t\t\t\t\t<span class=\"elementor-icon-list-icon\">\n\t\t\t\t\t\t\t<i aria-hidden=\"true\" class=\"interfaz interfaz-check-fino\"><\/i>\t\t\t\t\t\t<\/span>\n\t\t\t\t\t\t\t\t\t\t<span class=\"elementor-icon-list-text\"> Atraer a Galicia li\u00f1as de I+D+i<\/span>\n\t\t\t\t\t\t\t\t\t<\/li>\n\t\t\t\t\t\t<\/ul>\n\t\t\t\t\t\t<\/div>\n\t\t\t\t<\/div>\n\t\t\t\t\t<\/div>\n\t\t\t\t<\/div>\n\t\t<div class=\"elementor-element elementor-element-633978e2 e-flex e-con-boxed e-con e-child\" data-id=\"633978e2\" data-element_type=\"container\">\n\t\t\t\t\t<div class=\"e-con-inner\">\n\t\t\t\t<div class=\"elementor-element elementor-element-5ad9fc61 elementor-align-start elementor-icon-list--layout-traditional elementor-list-item-link-full_width elementor-widget elementor-widget-icon-list\" data-id=\"5ad9fc61\" data-element_type=\"widget\" data-widget_type=\"icon-list.default\">\n\t\t\t\t<div class=\"elementor-widget-container\">\n\t\t\t\t\t\t\t<ul class=\"elementor-icon-list-items\">\n\t\t\t\t\t\t\t<li class=\"elementor-icon-list-item\">\n\t\t\t\t\t\t\t\t\t\t\t<span class=\"elementor-icon-list-icon\">\n\t\t\t\t\t\t\t<i aria-hidden=\"true\" class=\"interfaz interfaz-check-fino\"><\/i>\t\t\t\t\t\t<\/span>\n\t\t\t\t\t\t\t\t\t\t<span class=\"elementor-icon-list-text\"> Desenvolver proxectos de alto impacto intensivos en co\u00f1ecemento<\/span>\n\t\t\t\t\t\t\t\t\t<\/li>\n\t\t\t\t\t\t\t\t<li class=\"elementor-icon-list-item\">\n\t\t\t\t\t\t\t\t\t\t\t<span class=\"elementor-icon-list-icon\">\n\t\t\t\t\t\t\t<i aria-hidden=\"true\" class=\"interfaz interfaz-check-fino\"><\/i>\t\t\t\t\t\t<\/span>\n\t\t\t\t\t\t\t\t\t\t<span class=\"elementor-icon-list-text\"> Aproximar os organismos de investigaci\u00f3n \u00e1 empresa<\/span>\n\t\t\t\t\t\t\t\t\t<\/li>\n\t\t\t\t\t\t\t\t<li class=\"elementor-icon-list-item\">\n\t\t\t\t\t\t\t\t\t\t\t<span class=\"elementor-icon-list-icon\">\n\t\t\t\t\t\t\t<i aria-hidden=\"true\" class=\"interfaz interfaz-check-fino\"><\/i>\t\t\t\t\t\t<\/span>\n\t\t\t\t\t\t\t\t\t\t<span class=\"elementor-icon-list-text\"> Incentivar a transferencia de resultados da I+D+i ao mercado<\/span>\n\t\t\t\t\t\t\t\t\t<\/li>\n\t\t\t\t\t\t<\/ul>\n\t\t\t\t\t\t<\/div>\n\t\t\t\t<\/div>\n\t\t\t\t\t<\/div>\n\t\t\t\t<\/div>\n\t\t\t\t\t<\/div>\n\t\t\t\t<\/div>\n\t\t<div class=\"elementor-element elementor-element-1cc93d8 e-con-full e-flex e-con e-parent\" data-id=\"1cc93d8\" data-element_type=\"container\">\n\t\t\t\t<div class=\"elementor-element elementor-element-95467b0 elementor-widget elementor-widget-spacer\" data-id=\"95467b0\" data-element_type=\"widget\" data-widget_type=\"spacer.default\">\n\t\t\t\t<div class=\"elementor-widget-container\">\n\t\t\t\t\t\t\t<div class=\"elementor-spacer\">\n\t\t\t<div class=\"elementor-spacer-inner\"><\/div>\n\t\t<\/div>\n\t\t\t\t\t\t<\/div>\n\t\t\t\t<\/div>\n\t\t\t\t<\/div>\n\t\t<div class=\"elementor-element elementor-element-898d88d e-flex e-con-boxed e-con e-parent\" data-id=\"898d88d\" data-element_type=\"container\">\n\t\t\t\t\t<div class=\"e-con-inner\">\n\t\t\t\t<div class=\"elementor-element elementor-element-80ab293 elementor-widget elementor-widget-spacer\" data-id=\"80ab293\" data-element_type=\"widget\" data-widget_type=\"spacer.default\">\n\t\t\t\t<div class=\"elementor-widget-container\">\n\t\t\t\t\t\t\t<div class=\"elementor-spacer\">\n\t\t\t<div class=\"elementor-spacer-inner\"><\/div>\n\t\t<\/div>\n\t\t\t\t\t\t<\/div>\n\t\t\t\t<\/div>\n\t\t\t\t<div class=\"elementor-element elementor-element-d5a4a52 elementor-widget elementor-widget-video\" data-id=\"d5a4a52\" data-element_type=\"widget\" data-settings=\"{&quot;video_type&quot;:&quot;vimeo&quot;}\" data-widget_type=\"video.default\">\n\t\t\t\t<div class=\"elementor-widget-container\">\n\t\t\t\t\t\t\t<div class=\"elementor-wrapper elementor-open-inline\">\n\t\t\t<iframe class=\"elementor-video-iframe\" allowfullscreen allow=\"clipboard-write\" title=\"vimeo Video Player\" src=\"https:\/\/player.vimeo.com\/video\/888743630?color&amp;autopause=0&amp;loop=0&amp;muted=0&amp;title=1&amp;portrait=1&amp;byline=1&amp;h=633a1e3b31#t=\"><\/iframe>\t\t<\/div>\n\t\t\t\t\t\t<\/div>\n\t\t\t\t<\/div>\n\t\t\t\t<div class=\"elementor-element elementor-element-101730f elementor-widget elementor-widget-spacer\" data-id=\"101730f\" data-element_type=\"widget\" data-widget_type=\"spacer.default\">\n\t\t\t\t<div class=\"elementor-widget-container\">\n\t\t\t\t\t\t\t<div class=\"elementor-spacer\">\n\t\t\t<div class=\"elementor-spacer-inner\"><\/div>\n\t\t<\/div>\n\t\t\t\t\t\t<\/div>\n\t\t\t\t<\/div>\n\t\t\t\t\t<\/div>\n\t\t\t\t<\/div>\n\t\t<div class=\"elementor-element elementor-element-27fc439 e-con-full e-flex e-con e-parent\" data-id=\"27fc439\" data-element_type=\"container\">\n\t\t\t\t<div class=\"elementor-element elementor-element-e12c52a elementor-widget elementor-widget-spacer\" data-id=\"e12c52a\" data-element_type=\"widget\" data-widget_type=\"spacer.default\">\n\t\t\t\t<div class=\"elementor-widget-container\">\n\t\t\t\t\t\t\t<div class=\"elementor-spacer\">\n\t\t\t<div class=\"elementor-spacer-inner\"><\/div>\n\t\t<\/div>\n\t\t\t\t\t\t<\/div>\n\t\t\t\t<\/div>\n\t\t\t\t<\/div>\n\t\t\t\t<\/div>\n\t\t","protected":false},"excerpt":{"rendered":"<p>Pol\u00edtica Anticorrupci\u00f3n A Unidade Mixta de Gas Renovable est\u00e1 cofinanciada pola Axencia Galega de Innovaci\u00f3n-Vicepresidencia Primeira e Conseller\u00eda de Econom\u00eda, Industria e Innovaci\u00f3n da Xunta de Galicia, e o Fondo Europeo de Desenvolvemento Rexional (FEDER) no marco do programa operativo Feder Galicia 2014-2020. Potenciar a investigaci\u00f3n, o desenvolvemento tecnol\u00f3xico e a innovaci\u00f3n. A Unidade Mixta [&hellip;]<\/p>\n","protected":false},"author":5,"featured_media":0,"parent":40788,"menu_order":1,"comment_status":"closed","ping_status":"closed","template":"","meta":{"_acf_changed":false,"footnotes":""},"class_list":["post-42048","page","type-page","status-publish","hentry"],"acf":[],"_links":{"self":[{"href":"https:\/\/www.naturgy.com\/gl\/wp-json\/wp\/v2\/pages\/42048","targetHints":{"allow":["GET"]}}],"collection":[{"href":"https:\/\/www.naturgy.com\/gl\/wp-json\/wp\/v2\/pages"}],"about":[{"href":"https:\/\/www.naturgy.com\/gl\/wp-json\/wp\/v2\/types\/page"}],"author":[{"embeddable":true,"href":"https:\/\/www.naturgy.com\/gl\/wp-json\/wp\/v2\/users\/5"}],"replies":[{"embeddable":true,"href":"https:\/\/www.naturgy.com\/gl\/wp-json\/wp\/v2\/comments?post=42048"}],"version-history":[{"count":30,"href":"https:\/\/www.naturgy.com\/gl\/wp-json\/wp\/v2\/pages\/42048\/revisions"}],"predecessor-version":[{"id":90455,"href":"https:\/\/www.naturgy.com\/gl\/wp-json\/wp\/v2\/pages\/42048\/revisions\/90455"}],"up":[{"embeddable":true,"href":"https:\/\/www.naturgy.com\/gl\/wp-json\/wp\/v2\/pages\/40788"}],"wp:attachment":[{"href":"https:\/\/www.naturgy.com\/gl\/wp-json\/wp\/v2\/media?parent=42048"}],"curies":[{"name":"wp","href":"https:\/\/api.w.org\/{rel}","templated":true}]}}