{"id":43013,"date":"2023-02-26T01:14:23","date_gmt":"2023-02-26T00:14:23","guid":{"rendered":"https:\/\/www.naturgy.com\/integridad-y-transparencia\/"},"modified":"2026-03-19T13:48:37","modified_gmt":"2026-03-19T12:48:37","slug":"integridade-e-transparencia","status":"publish","type":"page","link":"https:\/\/www.naturgy.com\/gl\/integridade-e-transparencia\/","title":{"rendered":"Integridade e transparencia"},"content":{"rendered":"\t\t<div data-elementor-type=\"wp-page\" data-elementor-id=\"43013\" class=\"elementor elementor-43013 elementor-31874\" data-elementor-post-type=\"page\">\n\t\t\t\t<div class=\"elementor-element elementor-element-84fcc15 e-flex e-con-boxed e-con e-parent\" data-id=\"84fcc15\" data-element_type=\"container\">\n\t\t\t\t\t<div class=\"e-con-inner\">\n\t\t<div class=\"elementor-element elementor-element-c916571 e-con-full e-flex e-con e-child\" data-id=\"c916571\" data-element_type=\"container\">\n\t\t\t\t<div class=\"elementor-element elementor-element-76090e6e elementor-widget elementor-widget-shortcode\" data-id=\"76090e6e\" data-element_type=\"widget\" data-widget_type=\"shortcode.default\">\n\t\t\t\t<div class=\"elementor-widget-container\">\n\t\t\t\t\t\t\t<div class=\"elementor-shortcode\"><nav aria-label=\"breadcrumbs\" class=\"rank-math-breadcrumb\"><p><span class=\"last\">Comeza<\/span><\/p><\/nav><\/div>\n\t\t\t\t\t\t<\/div>\n\t\t\t\t<\/div>\n\t\t\t\t<div class=\"elementor-element elementor-element-66045f5a elementor-widget elementor-widget-heading\" data-id=\"66045f5a\" data-element_type=\"widget\" data-widget_type=\"heading.default\">\n\t\t\t\t<div class=\"elementor-widget-container\">\n\t\t\t\t\t<h1 class=\"elementor-heading-title elementor-size-default\">Integridade e transparencia<\/h1>\t\t\t\t<\/div>\n\t\t\t\t<\/div>\n\t\t\t\t<\/div>\n\t\t<div class=\"elementor-element elementor-element-6a67654f e-con-full e-flex e-con e-child\" data-id=\"6a67654f\" data-element_type=\"container\">\n\t\t\t\t<div class=\"elementor-element elementor-element-517d55ca elementor-widget elementor-widget-spacer\" data-id=\"517d55ca\" data-element_type=\"widget\" data-widget_type=\"spacer.default\">\n\t\t\t\t<div class=\"elementor-widget-container\">\n\t\t\t\t\t\t\t<div class=\"elementor-spacer\">\n\t\t\t<div class=\"elementor-spacer-inner\"><\/div>\n\t\t<\/div>\n\t\t\t\t\t\t<\/div>\n\t\t\t\t<\/div>\n\t\t\t\t<\/div>\n\t\t\t\t\t<\/div>\n\t\t\t\t<\/div>\n\t\t<div class=\"elementor-element elementor-element-34255cd8 e-flex e-con-boxed e-con e-parent\" data-id=\"34255cd8\" data-element_type=\"container\">\n\t\t\t\t\t<div class=\"e-con-inner\">\n\t\t\t\t<div class=\"elementor-element elementor-element-69556ddd elementor-widget elementor-widget-image\" data-id=\"69556ddd\" data-element_type=\"widget\" data-widget_type=\"image.default\">\n\t\t\t\t<div class=\"elementor-widget-container\">\n\t\t\t\t\t\t\t\t\t\t\t\t\t\t\t<img fetchpriority=\"high\" decoding=\"async\" width=\"1151\" height=\"400\" src=\"https:\/\/www.naturgy.com\/\/app\/uploads\/2023\/02\/D_Excelencia_en_el_servicio-1.png\" class=\"attachment-full size-full wp-image-32504\" alt=\"\" srcset=\"https:\/\/www.naturgy.com\/\/app\/uploads\/2023\/02\/D_Excelencia_en_el_servicio-1.png 1151w, https:\/\/www.naturgy.com\/\/app\/uploads\/2023\/02\/D_Excelencia_en_el_servicio-1-300x104.png 300w, https:\/\/www.naturgy.com\/\/app\/uploads\/2023\/02\/D_Excelencia_en_el_servicio-1-1024x356.png 1024w, https:\/\/www.naturgy.com\/\/app\/uploads\/2023\/02\/D_Excelencia_en_el_servicio-1-768x267.png 768w\" sizes=\"(max-width: 1151px) 100vw, 1151px\" \/>\t\t\t\t\t\t\t\t\t\t\t\t\t\t\t<\/div>\n\t\t\t\t<\/div>\n\t\t\t\t<div class=\"elementor-element elementor-element-3d560a7 elementor-widget elementor-widget-heading\" data-id=\"3d560a7\" data-element_type=\"widget\" data-widget_type=\"heading.default\">\n\t\t\t\t<div class=\"elementor-widget-container\">\n\t\t\t\t\t<h3 class=\"elementor-heading-title elementor-size-default\">Temos a firme convicci\u00f3n de que operar con integridade e transparencia contrib\u00fae de forma directa a atinxir os nosos obxectivos e a xestionar o negocio de forma sostible<\/h3>\t\t\t\t<\/div>\n\t\t\t\t<\/div>\n\t\t\t\t<div class=\"elementor-element elementor-element-44b53eca elementor-widget elementor-widget-text-editor\" data-id=\"44b53eca\" data-element_type=\"widget\" data-widget_type=\"text-editor.default\">\n\t\t\t\t<div class=\"elementor-widget-container\">\n\t\t\t\t\t\t\t\t\t<p>Para dar resposta aos riscos relacionados coa integridade e a transparencia, desenvolvemos unha serie de mecanismos que establecen as pautas que han de presidir o comportamento \u00e9tico e transparente dos administradores e empregados no seu desempe\u00f1o diario, tal e como v\u00e9n recollido no C\u00f3digo \u00c9tico, o C\u00f3digo \u00c9tico do Provedor, a Pol\u00edtica de Compliance, o Modelo de Prevenci\u00f3n Penal, a Pol\u00edtica Anticorrupci\u00f3n, as pol\u00edticas fiscais e a Pol\u00edtica Global de Sustentabilidade. Sobre a base dos nosos principios \u00e9ticos, reforzaremos as mellores condutas e pr\u00e1cticas en novos \u00e1mbitos internacionais con oportunidades de crecemento para a compa\u00f1\u00eda, de maneira que se contrib\u00faa ao desenvolvemento e progreso social.<\/p>\t\t\t\t\t\t\t\t<\/div>\n\t\t\t\t<\/div>\n\t\t\t\t\t<\/div>\n\t\t\t\t<\/div>\n\t\t<div class=\"elementor-element elementor-element-7bc47746 e-con-full e-flex e-con e-parent\" data-id=\"7bc47746\" data-element_type=\"container\">\n\t\t\t\t<div class=\"elementor-element elementor-element-4552544e elementor-widget elementor-widget-spacer\" data-id=\"4552544e\" data-element_type=\"widget\" data-widget_type=\"spacer.default\">\n\t\t\t\t<div class=\"elementor-widget-container\">\n\t\t\t\t\t\t\t<div class=\"elementor-spacer\">\n\t\t\t<div class=\"elementor-spacer-inner\"><\/div>\n\t\t<\/div>\n\t\t\t\t\t\t<\/div>\n\t\t\t\t<\/div>\n\t\t\t\t<\/div>\n\t\t<div class=\"elementor-element elementor-element-7b4e6ee e-flex e-con-boxed e-con e-parent\" data-id=\"7b4e6ee\" data-element_type=\"container\">\n\t\t\t\t\t<div class=\"e-con-inner\">\n\t\t\t\t<div class=\"elementor-element elementor-element-ce8b1b0 elementor-widget elementor-widget-heading\" data-id=\"ce8b1b0\" data-element_type=\"widget\" data-widget_type=\"heading.default\">\n\t\t\t\t<div class=\"elementor-widget-container\">\n\t\t\t\t\t<h3 class=\"elementor-heading-title elementor-size-default\"><b>Principios de actuaci\u00f3n responsable e \u00edntegra<\/b><\/h3>\t\t\t\t<\/div>\n\t\t\t\t<\/div>\n\t\t\t\t\t<\/div>\n\t\t\t\t<\/div>\n\t\t<div class=\"elementor-element elementor-element-fd7b6c6 e-con-full e-flex e-con e-parent\" data-id=\"fd7b6c6\" data-element_type=\"container\">\n\t\t\t\t<div class=\"elementor-element elementor-element-d3cc604 elementor-widget elementor-widget-spacer\" data-id=\"d3cc604\" data-element_type=\"widget\" data-widget_type=\"spacer.default\">\n\t\t\t\t<div class=\"elementor-widget-container\">\n\t\t\t\t\t\t\t<div class=\"elementor-spacer\">\n\t\t\t<div class=\"elementor-spacer-inner\"><\/div>\n\t\t<\/div>\n\t\t\t\t\t\t<\/div>\n\t\t\t\t<\/div>\n\t\t\t\t<\/div>\n\t\t<div class=\"elementor-element elementor-element-a602b69 grid col-3 e-flex e-con-boxed e-con e-parent\" data-id=\"a602b69\" data-element_type=\"container\">\n\t\t\t\t\t<div class=\"e-con-inner\">\n\t\t<div class=\"elementor-element elementor-element-4f3e319 e-con-full e-flex e-con e-child\" data-id=\"4f3e319\" data-element_type=\"container\">\n\t\t\t\t<div class=\"elementor-element elementor-element-b127ecb elementor-view-default elementor-widget elementor-widget-icon\" data-id=\"b127ecb\" data-element_type=\"widget\" data-widget_type=\"icon.default\">\n\t\t\t\t<div class=\"elementor-widget-container\">\n\t\t\t\t\t\t\t<div class=\"elementor-icon-wrapper\">\n\t\t\t<div class=\"elementor-icon\">\n\t\t\t<i aria-hidden=\"true\" class=\"interfaz interfaz-seguridad-escudo\"><\/i>\t\t\t<\/div>\n\t\t<\/div>\n\t\t\t\t\t\t<\/div>\n\t\t\t\t<\/div>\n\t\t\t\t<div class=\"elementor-element elementor-element-e701ee3 elementor-widget elementor-widget-text-editor\" data-id=\"e701ee3\" data-element_type=\"widget\" data-widget_type=\"text-editor.default\">\n\t\t\t\t<div class=\"elementor-widget-container\">\n\t\t\t\t\t\t\t\t\t<p>Rexeitar a corrupci\u00f3n, a fraude e o suborno no desenvolvemento da actividade da compa\u00f1\u00eda e establecer medidas para evitalos e combatelos, desenvolvendo canles internas que permitan a comunicaci\u00f3n de irregularidades, respectando e protexendo o anonimato do comunicante.<\/p>\t\t\t\t\t\t\t\t<\/div>\n\t\t\t\t<\/div>\n\t\t\t\t<\/div>\n\t\t<div class=\"elementor-element elementor-element-fe45ed5 e-con-full e-flex e-con e-child\" data-id=\"fe45ed5\" data-element_type=\"container\">\n\t\t\t\t<div class=\"elementor-element elementor-element-b81ac54 elementor-view-default elementor-widget elementor-widget-icon\" data-id=\"b81ac54\" data-element_type=\"widget\" data-widget_type=\"icon.default\">\n\t\t\t\t<div class=\"elementor-widget-container\">\n\t\t\t\t\t\t\t<div class=\"elementor-icon-wrapper\">\n\t\t\t<div class=\"elementor-icon\">\n\t\t\t<i aria-hidden=\"true\" class=\"otros otros-legal\"><\/i>\t\t\t<\/div>\n\t\t<\/div>\n\t\t\t\t\t\t<\/div>\n\t\t\t\t<\/div>\n\t\t\t\t<div class=\"elementor-element elementor-element-c648190 elementor-widget elementor-widget-text-editor\" data-id=\"c648190\" data-element_type=\"widget\" data-widget_type=\"text-editor.default\">\n\t\t\t\t<div class=\"elementor-widget-container\">\n\t\t\t\t\t\t\t\t\t<p>Cumprir as leis e normas nacionais e internacionais vixentes nos pa\u00edses nos que opera a compa\u00f1\u00eda, respectando especialmente os principios expresados na Declaraci\u00f3n Universal dos Dereitos Humanos de Naci\u00f3ns Unidas e na Declaraci\u00f3n da Organizaci\u00f3n Internacional do Traballo (OIT), os principios do Pacto Mundial de Naci\u00f3ns Unidas, os principios reitores de Dereitos Humanos e empresas de Naci\u00f3ns Unidas, as\u00ed como os principios da OCDE para o goberno das sociedades.<\/p>\t\t\t\t\t\t\t\t<\/div>\n\t\t\t\t<\/div>\n\t\t\t\t<\/div>\n\t\t<div class=\"elementor-element elementor-element-5a6eee4 e-con-full e-flex e-con e-child\" data-id=\"5a6eee4\" data-element_type=\"container\">\n\t\t\t\t<div class=\"elementor-element elementor-element-eca268e elementor-view-default elementor-widget elementor-widget-icon\" data-id=\"eca268e\" data-element_type=\"widget\" data-widget_type=\"icon.default\">\n\t\t\t\t<div class=\"elementor-widget-container\">\n\t\t\t\t\t\t\t<div class=\"elementor-icon-wrapper\">\n\t\t\t<div class=\"elementor-icon\">\n\t\t\t<i aria-hidden=\"true\" class=\"otros otros-legal2\"><\/i>\t\t\t<\/div>\n\t\t<\/div>\n\t\t\t\t\t\t<\/div>\n\t\t\t\t<\/div>\n\t\t\t\t<div class=\"elementor-element elementor-element-1b74f15 elementor-widget elementor-widget-text-editor\" data-id=\"1b74f15\" data-element_type=\"widget\" data-widget_type=\"text-editor.default\">\n\t\t\t\t<div class=\"elementor-widget-container\">\n\t\t\t\t\t\t\t\t\t<p>Actuar con responsabilidade na xesti\u00f3n dos negocios e cumprir coas obrigas fiscais en todas as xurisdici\u00f3ns nas que opera a compa\u00f1\u00eda, asumindo o compromiso de transparencia e colaboraci\u00f3n coas administraci\u00f3ns tributarias correspondentes.<\/p>\t\t\t\t\t\t\t\t<\/div>\n\t\t\t\t<\/div>\n\t\t\t\t<\/div>\n\t\t\t\t\t<\/div>\n\t\t\t\t<\/div>\n\t\t<div class=\"elementor-element elementor-element-256b601 e-con-full e-flex e-con e-parent\" data-id=\"256b601\" data-element_type=\"container\">\n\t\t\t\t<div class=\"elementor-element elementor-element-3e4f8e6 elementor-widget elementor-widget-spacer\" data-id=\"3e4f8e6\" data-element_type=\"widget\" data-widget_type=\"spacer.default\">\n\t\t\t\t<div class=\"elementor-widget-container\">\n\t\t\t\t\t\t\t<div class=\"elementor-spacer\">\n\t\t\t<div class=\"elementor-spacer-inner\"><\/div>\n\t\t<\/div>\n\t\t\t\t\t\t<\/div>\n\t\t\t\t<\/div>\n\t\t\t\t<\/div>\n\t\t<div class=\"elementor-element elementor-element-c5dda2e grid col-3 e-flex e-con-boxed e-con e-parent\" data-id=\"c5dda2e\" data-element_type=\"container\">\n\t\t\t\t\t<div class=\"e-con-inner\">\n\t\t<div class=\"elementor-element elementor-element-c371f0e e-con-full e-flex e-con e-child\" data-id=\"c371f0e\" data-element_type=\"container\">\n\t\t\t\t<div class=\"elementor-element elementor-element-2a320c5 elementor-view-default elementor-widget elementor-widget-icon\" data-id=\"2a320c5\" data-element_type=\"widget\" data-widget_type=\"icon.default\">\n\t\t\t\t<div class=\"elementor-widget-container\">\n\t\t\t\t\t\t\t<div class=\"elementor-icon-wrapper\">\n\t\t\t<div class=\"elementor-icon\">\n\t\t\t<i aria-hidden=\"true\" class=\"graficas graficas-diploma-gr\"><\/i>\t\t\t<\/div>\n\t\t<\/div>\n\t\t\t\t\t\t<\/div>\n\t\t\t\t<\/div>\n\t\t\t\t<div class=\"elementor-element elementor-element-0f396fc elementor-widget elementor-widget-text-editor\" data-id=\"0f396fc\" data-element_type=\"widget\" data-widget_type=\"text-editor.default\">\n\t\t\t\t<div class=\"elementor-widget-container\">\n\t\t\t\t\t\t\t\t\t<p>Competir no mercado de xeito leal: non admitir condutas enganosas, fraudulentas ou maliciosas que leven \u00e1 compa\u00f1\u00eda \u00e1 obtenci\u00f3n de vantaxes indebidas.<\/p>\t\t\t\t\t\t\t\t<\/div>\n\t\t\t\t<\/div>\n\t\t\t\t<\/div>\n\t\t<div class=\"elementor-element elementor-element-56c062e e-con-full e-flex e-con e-child\" data-id=\"56c062e\" data-element_type=\"container\">\n\t\t\t\t<div class=\"elementor-element elementor-element-e6de49a elementor-view-default elementor-widget elementor-widget-icon\" data-id=\"e6de49a\" data-element_type=\"widget\" data-widget_type=\"icon.default\">\n\t\t\t\t<div class=\"elementor-widget-container\">\n\t\t\t\t\t\t\t<div class=\"elementor-icon-wrapper\">\n\t\t\t<div class=\"elementor-icon\">\n\t\t\t<i aria-hidden=\"true\" class=\"oficina oficina-nota-actualidad\"><\/i>\t\t\t<\/div>\n\t\t<\/div>\n\t\t\t\t\t\t<\/div>\n\t\t\t\t<\/div>\n\t\t\t\t<div class=\"elementor-element elementor-element-f3095e2 elementor-widget elementor-widget-text-editor\" data-id=\"f3095e2\" data-element_type=\"widget\" data-widget_type=\"text-editor.default\">\n\t\t\t\t<div class=\"elementor-widget-container\">\n\t\t\t\t\t\t\t\t\t<p>Promover a transparencia informativa e a comunicaci\u00f3n responsable, veraz, eficaz, \u00edntegra e puntual, publicando periodicamente informaci\u00f3n financeira e non financeira que po\u00f1a en valor as actuaci\u00f3ns da empresa e ofreza unha resposta espec\u00edfica \u00e1s necesidades de informaci\u00f3n dos grupos de interese da compa\u00f1\u00eda.<\/p>\t\t\t\t\t\t\t\t<\/div>\n\t\t\t\t<\/div>\n\t\t\t\t<\/div>\n\t\t<div class=\"elementor-element elementor-element-8101532 e-con-full e-flex e-con e-child\" data-id=\"8101532\" data-element_type=\"container\">\n\t\t\t\t<div class=\"elementor-element elementor-element-408f9a6 elementor-view-default elementor-widget elementor-widget-icon\" data-id=\"408f9a6\" data-element_type=\"widget\" data-widget_type=\"icon.default\">\n\t\t\t\t<div class=\"elementor-widget-container\">\n\t\t\t\t\t\t\t<div class=\"elementor-icon-wrapper\">\n\t\t\t<div class=\"elementor-icon\">\n\t\t\t<i aria-hidden=\"true\" class=\"interfaz interfaz-chat-atencion\"><\/i>\t\t\t<\/div>\n\t\t<\/div>\n\t\t\t\t\t\t<\/div>\n\t\t\t\t<\/div>\n\t\t\t\t<div class=\"elementor-element elementor-element-c94a1c1 elementor-widget elementor-widget-text-editor\" data-id=\"c94a1c1\" data-element_type=\"widget\" data-widget_type=\"text-editor.default\">\n\t\t\t\t<div class=\"elementor-widget-container\">\n\t\t\t\t\t\t\t\t\t<p>Manter, en todo momento, o di\u00e1logo cos grupos de interese a trav\u00e9s das canles de comunicaci\u00f3n que sexan m\u00e1is axeitadas e accesibles.<\/p>\t\t\t\t\t\t\t\t<\/div>\n\t\t\t\t<\/div>\n\t\t\t\t<\/div>\n\t\t\t\t\t<\/div>\n\t\t\t\t<\/div>\n\t\t<div class=\"elementor-element elementor-element-235148f e-con-full e-flex e-con e-parent\" data-id=\"235148f\" data-element_type=\"container\">\n\t\t\t\t<div class=\"elementor-element elementor-element-3ce06b0 elementor-widget elementor-widget-spacer\" data-id=\"3ce06b0\" data-element_type=\"widget\" data-widget_type=\"spacer.default\">\n\t\t\t\t<div class=\"elementor-widget-container\">\n\t\t\t\t\t\t\t<div class=\"elementor-spacer\">\n\t\t\t<div class=\"elementor-spacer-inner\"><\/div>\n\t\t<\/div>\n\t\t\t\t\t\t<\/div>\n\t\t\t\t<\/div>\n\t\t\t\t<\/div>\n\t\t\t\t<\/div>\n\t\t","protected":false},"excerpt":{"rendered":"<p>Temos a firme convicci\u00f3n de que operar con integridade e transparencia contrib\u00fae de forma directa a atinxir os nosos obxectivos e a xestionar o negocio de forma sostible Para dar resposta aos riscos relacionados coa integridade e a transparencia, desenvolvemos unha serie de mecanismos que establecen as pautas que han de presidir o comportamento \u00e9tico [&hellip;]<\/p>\n","protected":false},"author":5,"featured_media":0,"parent":0,"menu_order":0,"comment_status":"closed","ping_status":"closed","template":"","meta":{"_acf_changed":false,"footnotes":""},"class_list":["post-43013","page","type-page","status-publish","hentry"],"acf":[],"_links":{"self":[{"href":"https:\/\/www.naturgy.com\/gl\/wp-json\/wp\/v2\/pages\/43013","targetHints":{"allow":["GET"]}}],"collection":[{"href":"https:\/\/www.naturgy.com\/gl\/wp-json\/wp\/v2\/pages"}],"about":[{"href":"https:\/\/www.naturgy.com\/gl\/wp-json\/wp\/v2\/types\/page"}],"author":[{"embeddable":true,"href":"https:\/\/www.naturgy.com\/gl\/wp-json\/wp\/v2\/users\/5"}],"replies":[{"embeddable":true,"href":"https:\/\/www.naturgy.com\/gl\/wp-json\/wp\/v2\/comments?post=43013"}],"version-history":[{"count":8,"href":"https:\/\/www.naturgy.com\/gl\/wp-json\/wp\/v2\/pages\/43013\/revisions"}],"predecessor-version":[{"id":141597,"href":"https:\/\/www.naturgy.com\/gl\/wp-json\/wp\/v2\/pages\/43013\/revisions\/141597"}],"wp:attachment":[{"href":"https:\/\/www.naturgy.com\/gl\/wp-json\/wp\/v2\/media?parent=43013"}],"curies":[{"name":"wp","href":"https:\/\/api.w.org\/{rel}","templated":true}]}}