{"id":44589,"date":"2023-02-17T10:59:09","date_gmt":"2023-02-17T09:59:09","guid":{"rendered":"https:\/\/www.naturgy.com\/contacto\/"},"modified":"2025-02-05T14:00:19","modified_gmt":"2025-02-05T13:00:19","slug":"contacto","status":"publish","type":"page","link":"https:\/\/www.naturgy.com\/gl\/contacto\/","title":{"rendered":"Contacto"},"content":{"rendered":"\t\t<div data-elementor-type=\"wp-page\" data-elementor-id=\"44589\" class=\"elementor elementor-44589 elementor-27042\" data-elementor-post-type=\"page\">\n\t\t\t\t<div class=\"elementor-element elementor-element-5b5b1bc5 e-flex e-con-boxed e-con e-parent\" data-id=\"5b5b1bc5\" data-element_type=\"container\">\n\t\t\t\t\t<div class=\"e-con-inner\">\n\t\t<div class=\"elementor-element elementor-element-7559c14d e-con-full e-flex e-con e-child\" data-id=\"7559c14d\" data-element_type=\"container\">\n\t\t\t\t<div class=\"elementor-element elementor-element-24e01172 elementor-widget elementor-widget-shortcode\" data-id=\"24e01172\" data-element_type=\"widget\" data-widget_type=\"shortcode.default\">\n\t\t\t\t<div class=\"elementor-widget-container\">\n\t\t\t\t\t\t\t<div class=\"elementor-shortcode\"><nav aria-label=\"breadcrumbs\" class=\"rank-math-breadcrumb\"><p><span class=\"last\">Comeza<\/span><\/p><\/nav><\/div>\n\t\t\t\t\t\t<\/div>\n\t\t\t\t<\/div>\n\t\t\t\t<div class=\"elementor-element elementor-element-2494d8c6 elementor-widget elementor-widget-heading\" data-id=\"2494d8c6\" data-element_type=\"widget\" data-widget_type=\"heading.default\">\n\t\t\t\t<div class=\"elementor-widget-container\">\n\t\t\t\t\t<h1 class=\"elementor-heading-title elementor-size-default\">Contacto<\/h1>\t\t\t\t<\/div>\n\t\t\t\t<\/div>\n\t\t\t\t<\/div>\n\t\t<div class=\"elementor-element elementor-element-23c8332 e-con-full e-flex e-con e-child\" data-id=\"23c8332\" data-element_type=\"container\">\n\t\t\t\t<div class=\"elementor-element elementor-element-3ed3570a elementor-widget elementor-widget-spacer\" data-id=\"3ed3570a\" data-element_type=\"widget\" data-widget_type=\"spacer.default\">\n\t\t\t\t<div class=\"elementor-widget-container\">\n\t\t\t\t\t\t\t<div class=\"elementor-spacer\">\n\t\t\t<div class=\"elementor-spacer-inner\"><\/div>\n\t\t<\/div>\n\t\t\t\t\t\t<\/div>\n\t\t\t\t<\/div>\n\t\t\t\t<\/div>\n\t\t\t\t\t<\/div>\n\t\t\t\t<\/div>\n\t\t<div class=\"elementor-element elementor-element-28e764a e-flex e-con-boxed e-con e-parent\" data-id=\"28e764a\" data-element_type=\"container\">\n\t\t\t\t\t<div class=\"e-con-inner\">\n\t\t\t\t<div class=\"elementor-element elementor-element-f4366e0 elementor-widget elementor-widget-slider_revolution\" data-id=\"f4366e0\" data-element_type=\"widget\" data-widget_type=\"slider_revolution.default\">\n\t\t\t\t<div class=\"elementor-widget-container\">\n\t\t\t\t\t\n\t\t<div class=\"wp-block-themepunch-revslider\">\n\t\t\t<!-- START Contacto new REVOLUTION SLIDER 6.7.18 --><p class=\"rs-p-wp-fix\"><\/p>\n\t\t\t<rs-module-wrap id=\"rev_slider_93_1_wrapper\" data-source=\"gallery\" style=\"visibility:hidden;background:transparent;padding:0;margin:0px auto;margin-top:0;margin-bottom:0;\">\n\t\t\t\t<rs-module id=\"rev_slider_93_1\" style=\"\" data-version=\"6.7.18\">\n\t\t\t\t\t<rs-slides style=\"overflow: hidden; position: absolute;\">\n\t\t\t\t\t\t<rs-slide style=\"position: absolute;\" data-key=\"rs-292\" data-title=\"Resultados\" data-in=\"o:0;\" data-out=\"a:false;\">\n\t\t\t\t\t\t\t<img fetchpriority=\"high\" decoding=\"async\" src=\"\/\/www.naturgy.com\/\/app\/plugins\/revslider\/sr6\/assets\/assets\/dummy.png\" alt=\"\" title=\"Cabecera\" width=\"3840\" height=\"1184\" class=\"rev-slidebg tp-rs-img rs-lazyload\" data-lazyload=\"\/\/stproportalcorporativo.blob.core.windows.net\/uploads\/2025\/02\/Cabecera.png\" data-no-retina>\n<!--\n\t\t\t\t\t\t\t--><rs-layer\n\t\t\t\t\t\t\t\tid=\"slider-93-slide-292-layer-0\" \n\t\t\t\t\t\t\t\tdata-type=\"shape\"\n\t\t\t\t\t\t\t\tdata-rsp_ch=\"on\"\n\t\t\t\t\t\t\t\tdata-xy=\"x:c;y:b;\"\n\t\t\t\t\t\t\t\tdata-text=\"w:normal;s:20,20,20,5;l:0,0,0,7;\"\n\t\t\t\t\t\t\t\tdata-dim=\"w:1140px,1140px,1140px,90%;h:1px;\"\n\t\t\t\t\t\t\t\tdata-frame_999=\"o:0;st:w;\"\n\t\t\t\t\t\t\t\tstyle=\"z-index:13;background-color:rgba(255,255,255,0.5);\"\n\t\t\t\t\t\t\t> \n\t\t\t\t\t\t\t<\/rs-layer><!--\n\n\t\t\t\t\t\t\t--><rs-layer\n\t\t\t\t\t\t\t\tid=\"slider-93-slide-292-layer-13\" \n\t\t\t\t\t\t\t\tdata-type=\"text\"\n\t\t\t\t\t\t\t\tdata-color=\"#004571\"\n\t\t\t\t\t\t\t\tdata-rsp_ch=\"on\"\n\t\t\t\t\t\t\t\tdata-xy=\"xo:328px,328px,328px,215px;yo:149px,149px,149px,121px;\"\n\t\t\t\t\t\t\t\tdata-text=\"w:normal;s:22,22,22,18;l:22;\"\n\t\t\t\t\t\t\t\tdata-dim=\"w:233,233,233,129px;\"\n\t\t\t\t\t\t\t\tdata-vbility=\"f,f,f,f\"\n\t\t\t\t\t\t\t\tdata-frame_0=\"x:-36px,-36px,-36px,-11px;\"\n\t\t\t\t\t\t\t\tdata-frame_1=\"st:160;sp:1000;sR:160;\"\n\t\t\t\t\t\t\t\tdata-frame_999=\"o:0;st:w;sR:7840;\"\n\t\t\t\t\t\t\t\tstyle=\"z-index:9;font-family:'FS Emeric';\"\n\t\t\t\t\t\t\t>11:00h (CEST) \n\t\t\t\t\t\t\t<\/rs-layer><!--\n-->\t\t\t\t\t<\/rs-slide>\n\t\t\t\t\t<\/rs-slides>\n\t\t\t\t<\/rs-module>\n\t\t\t\t<script>\n\t\t\t\t\tsetREVStartSize({c: 'rev_slider_93_1',rl:[1240,1240,1240,480],el:[460,460,460,520],gw:[1140,1140,1140,380],gh:[460,460,460,520],type:'standard',justify:'',layout:'fullwidth',mh:\"0\"});if (window.RS_MODULES!==undefined && window.RS_MODULES.modules!==undefined && window.RS_MODULES.modules[\"revslider931\"]!==undefined) {window.RS_MODULES.modules[\"revslider931\"].once = false;window.revapi93 = undefined;if (window.RS_MODULES.checkMinimal!==undefined) window.RS_MODULES.checkMinimal()}\n\t\t\t\t<\/script>\n\t\t\t<\/rs-module-wrap>\n\t\t\t<!-- END REVOLUTION SLIDER -->\n<\/div>\n\n\t\t\t\t\t\t<\/div>\n\t\t\t\t<\/div>\n\t\t\t\t<div class=\"elementor-element elementor-element-7c04334 elementor-widget elementor-widget-spacer\" data-id=\"7c04334\" data-element_type=\"widget\" data-widget_type=\"spacer.default\">\n\t\t\t\t<div class=\"elementor-widget-container\">\n\t\t\t\t\t\t\t<div class=\"elementor-spacer\">\n\t\t\t<div class=\"elementor-spacer-inner\"><\/div>\n\t\t<\/div>\n\t\t\t\t\t\t<\/div>\n\t\t\t\t<\/div>\n\t\t\t\t\t<\/div>\n\t\t\t\t<\/div>\n\t\t<div class=\"elementor-element elementor-element-6e05f87 grid col-3 e-flex e-con-boxed e-con e-parent\" data-id=\"6e05f87\" data-element_type=\"container\" data-settings=\"{&quot;background_background&quot;:&quot;classic&quot;}\">\n\t\t\t\t\t<div class=\"e-con-inner\">\n\t\t<div class=\"elementor-element elementor-element-72d3a24 e-con-full e-flex e-con e-child\" data-id=\"72d3a24\" data-element_type=\"container\">\n\t\t\t\t<div class=\"elementor-element elementor-element-ae47a8a elementor-view-default elementor-widget elementor-widget-icon\" data-id=\"ae47a8a\" data-element_type=\"widget\" data-widget_type=\"icon.default\">\n\t\t\t\t<div class=\"elementor-widget-container\">\n\t\t\t\t\t\t\t<div class=\"elementor-icon-wrapper\">\n\t\t\t<div class=\"elementor-icon\">\n\t\t\t<i aria-hidden=\"true\" class=\"economia economia-monedas\"><\/i>\t\t\t<\/div>\n\t\t<\/div>\n\t\t\t\t\t\t<\/div>\n\t\t\t\t<\/div>\n\t\t\t\t<div class=\"elementor-element elementor-element-895d830 has-icon elementor-widget elementor-widget-text-editor\" data-id=\"895d830\" data-element_type=\"widget\" data-widget_type=\"text-editor.default\">\n\t\t\t\t<div class=\"elementor-widget-container\">\n\t\t\t\t\t\t\t\t\t<h4>Clientes<\/h4>\t\t\t\t\t\t\t\t<\/div>\n\t\t\t\t<\/div>\n\t\t\t\t<div class=\"elementor-element elementor-element-7161749 elementor-widget elementor-widget-text-editor\" data-id=\"7161749\" data-element_type=\"widget\" data-widget_type=\"text-editor.default\">\n\t\t\t\t<div class=\"elementor-widget-container\">\n\t\t\t\t\t\t\t\t\t<p><span style=\"font-weight: normal;\">Se vostede quere obter informaci\u00f3n sobre como e onde darse de alta, as nosas ofertas, produtos e servizos, consulte a nosa canle de clientes e novas altas.<br \/>\u00a0 \u00a0<\/span><\/p><p><a style=\"text-align: center;\" href=\"https:\/\/www.naturgy.es\/gl\" target=\"_blank\" rel=\"noopener\">&gt; Naturgy.es<\/a><\/p>\t\t\t\t\t\t\t\t<\/div>\n\t\t\t\t<\/div>\n\t\t\t\t<\/div>\n\t\t<div class=\"elementor-element elementor-element-e900159 e-con-full e-flex e-con e-child\" data-id=\"e900159\" data-element_type=\"container\">\n\t\t\t\t<div class=\"elementor-element elementor-element-1e51183 elementor-view-default elementor-widget elementor-widget-icon\" data-id=\"1e51183\" data-element_type=\"widget\" data-widget_type=\"icon.default\">\n\t\t\t\t<div class=\"elementor-widget-container\">\n\t\t\t\t\t\t\t<div class=\"elementor-icon-wrapper\">\n\t\t\t<div class=\"elementor-icon\">\n\t\t\t<i aria-hidden=\"true\" class=\"personas personas-personas\"><\/i>\t\t\t<\/div>\n\t\t<\/div>\n\t\t\t\t\t\t<\/div>\n\t\t\t\t<\/div>\n\t\t\t\t<div class=\"elementor-element elementor-element-f4f0973 has-icon elementor-widget elementor-widget-text-editor\" data-id=\"f4f0973\" data-element_type=\"widget\" data-widget_type=\"text-editor.default\">\n\t\t\t\t<div class=\"elementor-widget-container\">\n\t\t\t\t\t\t\t\t\t<h4>Canle emprego<\/h4>\t\t\t\t\t\t\t\t<\/div>\n\t\t\t\t<\/div>\n\t\t\t\t<div class=\"elementor-element elementor-element-d5228dd elementor-widget elementor-widget-text-editor\" data-id=\"d5228dd\" data-element_type=\"widget\" data-widget_type=\"text-editor.default\">\n\t\t\t\t<div class=\"elementor-widget-container\">\n\t\t\t\t\t\t\t\t\t<p>Co\u00f1ece as oportunidades profesionais que temos para ti na nosa canle Emprego.<\/p><p><a href=\"https:\/\/www.naturgy.com\/gl\/traballa-connosco\/\">&gt; Traballa connosco<\/a><\/p><p style=\"text-align: center;\">\u00a0<\/p>\t\t\t\t\t\t\t\t<\/div>\n\t\t\t\t<\/div>\n\t\t\t\t<\/div>\n\t\t<div class=\"elementor-element elementor-element-bcc3bce e-con-full e-flex e-con e-child\" data-id=\"bcc3bce\" data-element_type=\"container\">\n\t\t\t\t<div class=\"elementor-element elementor-element-714763d elementor-view-default elementor-widget elementor-widget-icon\" data-id=\"714763d\" data-element_type=\"widget\" data-widget_type=\"icon.default\">\n\t\t\t\t<div class=\"elementor-widget-container\">\n\t\t\t\t\t\t\t<div class=\"elementor-icon-wrapper\">\n\t\t\t<div class=\"elementor-icon\">\n\t\t\t<i aria-hidden=\"true\" class=\"personas personas-mano-acuerdo\"><\/i>\t\t\t<\/div>\n\t\t<\/div>\n\t\t\t\t\t\t<\/div>\n\t\t\t\t<\/div>\n\t\t\t\t<div class=\"elementor-element elementor-element-40394fb has-icon elementor-widget elementor-widget-text-editor\" data-id=\"40394fb\" data-element_type=\"widget\" data-widget_type=\"text-editor.default\">\n\t\t\t\t<div class=\"elementor-widget-container\">\n\t\t\t\t\t\t\t\t\t<h4>Patrocinio<\/h4>\t\t\t\t\t\t\t\t<\/div>\n\t\t\t\t<\/div>\n\t\t\t\t<div class=\"elementor-element elementor-element-cb69b25 elementor-widget elementor-widget-text-editor\" data-id=\"cb69b25\" data-element_type=\"widget\" data-widget_type=\"text-editor.default\">\n\t\t\t\t<div class=\"elementor-widget-container\">\n\t\t\t\t\t\t\t\t\t<p>Se tes un proxecto no que cres que podemos colaborar, enche este formulario.<\/p><p><a href=\"https:\/\/www.naturgy.com\/gl\/sustenibilidade\/comunidade-e-patrocinio\/solicitude-de-colaboracion\/\">&gt; Solicitud de colaboraci\u00f3n para patrocinio<\/a><\/p><p style=\"text-align: center;\">\u00a0<\/p>\t\t\t\t\t\t\t\t<\/div>\n\t\t\t\t<\/div>\n\t\t\t\t<\/div>\n\t\t\t\t\t<\/div>\n\t\t\t\t<\/div>\n\t\t<div class=\"elementor-element elementor-element-1b342ac e-con-full e-flex e-con e-parent\" data-id=\"1b342ac\" data-element_type=\"container\">\n\t\t\t\t<div class=\"elementor-element elementor-element-bfea704 elementor-widget elementor-widget-spacer\" data-id=\"bfea704\" data-element_type=\"widget\" data-widget_type=\"spacer.default\">\n\t\t\t\t<div class=\"elementor-widget-container\">\n\t\t\t\t\t\t\t<div class=\"elementor-spacer\">\n\t\t\t<div class=\"elementor-spacer-inner\"><\/div>\n\t\t<\/div>\n\t\t\t\t\t\t<\/div>\n\t\t\t\t<\/div>\n\t\t\t\t<\/div>\n\t\t<div class=\"elementor-element elementor-element-2271f46 grid col-2 e-flex e-con-boxed e-con e-parent\" data-id=\"2271f46\" data-element_type=\"container\" data-settings=\"{&quot;background_background&quot;:&quot;classic&quot;}\">\n\t\t\t\t\t<div class=\"e-con-inner\">\n\t\t<div class=\"elementor-element elementor-element-162b082 e-con-full e-flex e-con e-child\" data-id=\"162b082\" data-element_type=\"container\">\n\t\t\t\t<div class=\"elementor-element elementor-element-845f896 elementor-view-default elementor-widget elementor-widget-icon\" data-id=\"845f896\" data-element_type=\"widget\" data-widget_type=\"icon.default\">\n\t\t\t\t<div class=\"elementor-widget-container\">\n\t\t\t\t\t\t\t<div class=\"elementor-icon-wrapper\">\n\t\t\t<div class=\"elementor-icon\">\n\t\t\t<i aria-hidden=\"true\" class=\"graficas graficas-consumos\"><\/i>\t\t\t<\/div>\n\t\t<\/div>\n\t\t\t\t\t\t<\/div>\n\t\t\t\t<\/div>\n\t\t\t\t<div class=\"elementor-element elementor-element-519af58 has-icon elementor-widget elementor-widget-text-editor\" data-id=\"519af58\" data-element_type=\"widget\" data-widget_type=\"text-editor.default\">\n\t\t\t\t<div class=\"elementor-widget-container\">\n\t\t\t\t\t\t\t\t\t<h4>Accionistas e investidores<\/h4>\t\t\t\t\t\t\t\t<\/div>\n\t\t\t\t<\/div>\n\t\t\t\t<div class=\"elementor-element elementor-element-45e6012 has-icon elementor-widget elementor-widget-text-editor\" data-id=\"45e6012\" data-element_type=\"widget\" data-widget_type=\"text-editor.default\">\n\t\t\t\t<div class=\"elementor-widget-container\">\n\t\t\t\t\t\t\t\t\t<p><strong>Capital Markets<\/strong><\/p><p>e-mail: <a href=\"mailto:capitalmarkets@naturgy.com\">capitalmarkets@naturgy.com<\/a><br \/><a href=\"https:\/\/www.naturgy.com\/gl\/accionistas-e-investidores\/noticias-para-analistas-e-investidores\/\">Subscribirse a las noticias para analistas\u00a0e inversores<\/a><\/p>\t\t\t\t\t\t\t\t<\/div>\n\t\t\t\t<\/div>\n\t\t\t\t<div class=\"elementor-element elementor-element-b3da31d has-icon elementor-widget elementor-widget-text-editor\" data-id=\"b3da31d\" data-element_type=\"widget\" data-widget_type=\"text-editor.default\">\n\t\t\t\t<div class=\"elementor-widget-container\">\n\t\t\t\t\t\t\t\t\t<p><strong> Oficina do Accionista<\/strong><\/p><p>e-mail: <a href=\"mailto:accionista@naturgy.com\">accionista@naturgy.com<\/a><br \/><a href=\"https:\/\/www.naturgy.com\/gl\/accionistas-e-investidores\/noticias-para-accionistas\/\">Suscribirse a las noticias para accionistas<\/a><\/p>\t\t\t\t\t\t\t\t<\/div>\n\t\t\t\t<\/div>\n\t\t\t\t<\/div>\n\t\t<div class=\"elementor-element elementor-element-7f0069c e-con-full e-flex e-con e-child\" data-id=\"7f0069c\" data-element_type=\"container\">\n\t\t\t\t<div class=\"elementor-element elementor-element-6f36678 elementor-view-default elementor-widget elementor-widget-icon\" data-id=\"6f36678\" data-element_type=\"widget\" data-widget_type=\"icon.default\">\n\t\t\t\t<div class=\"elementor-widget-container\">\n\t\t\t\t\t\t\t<div class=\"elementor-icon-wrapper\">\n\t\t\t<div class=\"elementor-icon\">\n\t\t\t<i aria-hidden=\"true\" class=\"oficina oficina-nota-prensa\"><\/i>\t\t\t<\/div>\n\t\t<\/div>\n\t\t\t\t\t\t<\/div>\n\t\t\t\t<\/div>\n\t\t\t\t<div class=\"elementor-element elementor-element-212d787 has-icon elementor-widget elementor-widget-text-editor\" data-id=\"212d787\" data-element_type=\"widget\" data-widget_type=\"text-editor.default\">\n\t\t\t\t<div class=\"elementor-widget-container\">\n\t\t\t\t\t\t\t\t\t<h4>Sala de prensa<\/h4>\t\t\t\t\t\t\t\t<\/div>\n\t\t\t\t<\/div>\n\t\t\t\t<div class=\"elementor-element elementor-element-b5ceeb7 elementor-widget elementor-widget-text-editor\" data-id=\"b5ceeb7\" data-element_type=\"widget\" data-widget_type=\"text-editor.default\">\n\t\t\t\t<div class=\"elementor-widget-container\">\n\t\t\t\t\t\t\t\t\t<p>Se vostede \u00e9 xornalista e necesita informaci\u00f3n sobre a actividade de Naturgy, pode po\u00f1erse en contacto connosco a trav\u00e9s do seguinte correo electr\u00f3nico:<br \/>\u00a0<\/p>\t\t\t\t\t\t\t\t<\/div>\n\t\t\t\t<\/div>\n\t\t\t\t<div class=\"elementor-element elementor-element-a5a28e6 has-icon elementor-widget elementor-widget-text-editor\" data-id=\"a5a28e6\" data-element_type=\"widget\" data-widget_type=\"text-editor.default\">\n\t\t\t\t<div class=\"elementor-widget-container\">\n\t\t\t\t\t\t\t\t\t<p><a href=\"mailto:prensa@naturgy.com?subject=prensa%40naturgy.com&amp;body=prensa%40naturgy.com\">prensa@naturgy.com<\/a><\/p>\n\t\t\t\t\t\t\t\t<\/div>\n\t\t\t\t<\/div>\n\t\t\t\t<\/div>\n\t\t\t\t\t<\/div>\n\t\t\t\t<\/div>\n\t\t<div class=\"elementor-element elementor-element-eb8adda e-con-full e-flex e-con e-parent\" data-id=\"eb8adda\" data-element_type=\"container\">\n\t\t\t\t<div class=\"elementor-element elementor-element-2678794 elementor-widget elementor-widget-spacer\" data-id=\"2678794\" data-element_type=\"widget\" data-widget_type=\"spacer.default\">\n\t\t\t\t<div class=\"elementor-widget-container\">\n\t\t\t\t\t\t\t<div class=\"elementor-spacer\">\n\t\t\t<div class=\"elementor-spacer-inner\"><\/div>\n\t\t<\/div>\n\t\t\t\t\t\t<\/div>\n\t\t\t\t<\/div>\n\t\t\t\t<\/div>\n\t\t\t\t<\/div>\n\t\t","protected":false},"excerpt":{"rendered":"<p>Clientes Se vostede quere obter informaci\u00f3n sobre como e onde darse de alta, as nosas ofertas, produtos e servizos, consulte a nosa canle de clientes e novas altas.\u00a0 \u00a0 &gt; Naturgy.es Canle emprego Co\u00f1ece as oportunidades profesionais que temos para ti na nosa canle Emprego. &gt; Traballa connosco \u00a0 Patrocinio Se tes un proxecto no [&hellip;]<\/p>\n","protected":false},"author":5,"featured_media":0,"parent":0,"menu_order":0,"comment_status":"closed","ping_status":"closed","template":"","meta":{"_acf_changed":false,"footnotes":""},"class_list":["post-44589","page","type-page","status-publish","hentry"],"acf":[],"_links":{"self":[{"href":"https:\/\/www.naturgy.com\/gl\/wp-json\/wp\/v2\/pages\/44589","targetHints":{"allow":["GET"]}}],"collection":[{"href":"https:\/\/www.naturgy.com\/gl\/wp-json\/wp\/v2\/pages"}],"about":[{"href":"https:\/\/www.naturgy.com\/gl\/wp-json\/wp\/v2\/types\/page"}],"author":[{"embeddable":true,"href":"https:\/\/www.naturgy.com\/gl\/wp-json\/wp\/v2\/users\/5"}],"replies":[{"embeddable":true,"href":"https:\/\/www.naturgy.com\/gl\/wp-json\/wp\/v2\/comments?post=44589"}],"version-history":[{"count":30,"href":"https:\/\/www.naturgy.com\/gl\/wp-json\/wp\/v2\/pages\/44589\/revisions"}],"predecessor-version":[{"id":116337,"href":"https:\/\/www.naturgy.com\/gl\/wp-json\/wp\/v2\/pages\/44589\/revisions\/116337"}],"wp:attachment":[{"href":"https:\/\/www.naturgy.com\/gl\/wp-json\/wp\/v2\/media?parent=44589"}],"curies":[{"name":"wp","href":"https:\/\/api.w.org\/{rel}","templated":true}]}}