{"id":59732,"date":"2023-02-17T10:58:53","date_gmt":"2023-02-17T09:58:53","guid":{"rendered":"https:\/\/www.naturgy.com\/politica-de-cookies\/"},"modified":"2024-02-09T12:49:54","modified_gmt":"2024-02-09T11:49:54","slug":"politica-de-cookies","status":"publish","type":"page","link":"https:\/\/www.naturgy.com\/gl\/politica-de-cookies\/","title":{"rendered":"Pol\u00edtica de Cookies"},"content":{"rendered":"\t\t<div data-elementor-type=\"wp-page\" data-elementor-id=\"59732\" class=\"elementor elementor-59732 elementor-27041\" data-elementor-post-type=\"page\">\n\t\t\t\t<div class=\"elementor-element elementor-element-528b6d22 e-flex e-con-boxed e-con e-parent\" data-id=\"528b6d22\" data-element_type=\"container\">\n\t\t\t\t\t<div class=\"e-con-inner\">\n\t\t<div class=\"elementor-element elementor-element-2e2d0633 e-con-full e-flex e-con e-child\" data-id=\"2e2d0633\" data-element_type=\"container\">\n\t\t\t\t<div class=\"elementor-element elementor-element-307c00be elementor-widget elementor-widget-shortcode\" data-id=\"307c00be\" data-element_type=\"widget\" data-widget_type=\"shortcode.default\">\n\t\t\t\t<div class=\"elementor-widget-container\">\n\t\t\t\t\t\t\t<div class=\"elementor-shortcode\"><nav aria-label=\"breadcrumbs\" class=\"rank-math-breadcrumb\"><p><span class=\"last\">Comeza<\/span><\/p><\/nav><\/div>\n\t\t\t\t\t\t<\/div>\n\t\t\t\t<\/div>\n\t\t\t\t<div class=\"elementor-element elementor-element-1bff714c elementor-widget elementor-widget-heading\" data-id=\"1bff714c\" data-element_type=\"widget\" data-widget_type=\"heading.default\">\n\t\t\t\t<div class=\"elementor-widget-container\">\n\t\t\t\t\t<h1 class=\"elementor-heading-title elementor-size-default\">Pol\u00edtica de Cookies<\/h1>\t\t\t\t<\/div>\n\t\t\t\t<\/div>\n\t\t\t\t<\/div>\n\t\t<div class=\"elementor-element elementor-element-60a72722 e-con-full e-flex e-con e-child\" data-id=\"60a72722\" data-element_type=\"container\">\n\t\t\t\t<div class=\"elementor-element elementor-element-4972af83 elementor-widget elementor-widget-spacer\" data-id=\"4972af83\" data-element_type=\"widget\" data-widget_type=\"spacer.default\">\n\t\t\t\t<div class=\"elementor-widget-container\">\n\t\t\t\t\t\t\t<div class=\"elementor-spacer\">\n\t\t\t<div class=\"elementor-spacer-inner\"><\/div>\n\t\t<\/div>\n\t\t\t\t\t\t<\/div>\n\t\t\t\t<\/div>\n\t\t\t\t<\/div>\n\t\t\t\t\t<\/div>\n\t\t\t\t<\/div>\n\t\t<div class=\"elementor-element elementor-element-3617279f e-flex e-con-boxed e-con e-parent\" data-id=\"3617279f\" data-element_type=\"container\">\n\t\t\t\t\t<div class=\"e-con-inner\">\n\t\t\t\t<div class=\"elementor-element elementor-element-237b9b13 elementor-widget elementor-widget-text-editor\" data-id=\"237b9b13\" data-element_type=\"widget\" data-widget_type=\"text-editor.default\">\n\t\t\t\t<div class=\"elementor-widget-container\">\n\t\t\t\t\t\t\t\t\t<p><strong>I. OBXECTO<\/strong><\/p><p>O sitio web www.naturgy.com (en diante, o \u201cSitio Web\u201d) \u00e9 titularidade de Naturgy Energy Group, S.A. (en diante, \u2018\u2019Naturgy\u2019\u2019). Este Sitio Web utiliza unha tecnolox\u00eda denominada \u201ccookies\u201d que permite solicitar informaci\u00f3n acerca do uso que vostede fai deste.<br \/><br \/>Esta Pol\u00edtica de cookies ten por obxecto informalo de xeito claro e preciso sobre as cookies que se utilizan no noso Sitio Web.<strong><br \/><\/strong><strong><br \/>II. QUE SON AS COOKIES?<br \/><br \/><\/strong>As cookies son pequenos arquivos que se descargan no seu equipo (ordenador, tel\u00e9fono m\u00f3bil ou outro dispositivo con acceso online) cando vostede visita unha determinada p\u00e1xina web, coa finalidade de almacenar informaci\u00f3n relacionada coa navegaci\u00f3n realizada.<br \/><br \/>En xeral, as cookies poden servir para finalidades moi diversas, como por exemplo, reco\u00f1ecelo como usuario, obter informaci\u00f3n sobre os seus h\u00e1bitos de navegaci\u00f3n ou personalizar a forma en que se mostra o contido do sitio web.<br \/><br \/>A instalaci\u00f3n de cookies no seu equipo require do seu consentimento previo, a excepci\u00f3n das cookies t\u00e9cnicas, que est\u00e1n exceptuadas da devandita obriga, posto que son necesarias para o correcto funcionamento e navegaci\u00f3n no noso Sitio Web.<br \/><strong><br \/>III. TIPOS DE COOKIES E CALES UTILIZAMOS NO NOSO SITIO WEB<br \/><\/strong><\/p><p>Existen diferentes tipos de cookies en funci\u00f3n da entidade que as xestione, da finalidade \u00e1 que se destine a informaci\u00f3n obtida a trav\u00e9s delas e do tempo que permanezan activadas no seu equipo.<br \/><br \/>No cadro que se achega a continuaci\u00f3n encontrar\u00e1 unha descrici\u00f3n xeral dos diferentes tipos de cookies que se utilizan m\u00e1is frecuentemente, se ben o noso Sitio Web pode non facer uso de todas elas. Por iso, debaixo do cadro facilitar\u00e9moslle informaci\u00f3n detallada de cales son as que n\u00f3s utilizamos e as s\u00faas caracter\u00edsticas concretas.<strong><br \/><\/strong><\/p>\t\t\t\t\t\t\t\t<\/div>\n\t\t\t\t<\/div>\n\t\t\t\t\t<\/div>\n\t\t\t\t<\/div>\n\t\t<div class=\"elementor-element elementor-element-9b85976 e-flex e-con-boxed e-con e-parent\" data-id=\"9b85976\" data-element_type=\"container\">\n\t\t\t\t\t<div class=\"e-con-inner\">\n\t\t\t\t<div class=\"elementor-element elementor-element-cf5c628 elementor-widget elementor-widget-spacer\" data-id=\"cf5c628\" data-element_type=\"widget\" data-widget_type=\"spacer.default\">\n\t\t\t\t<div class=\"elementor-widget-container\">\n\t\t\t\t\t\t\t<div class=\"elementor-spacer\">\n\t\t\t<div class=\"elementor-spacer-inner\"><\/div>\n\t\t<\/div>\n\t\t\t\t\t\t<\/div>\n\t\t\t\t<\/div>\n\t\t\t\t\t<\/div>\n\t\t\t\t<\/div>\n\t\t<div class=\"elementor-element elementor-element-785e317 e-flex e-con-boxed e-con e-parent\" data-id=\"785e317\" data-element_type=\"container\">\n\t\t\t\t\t<div class=\"e-con-inner\">\n\t\t\t\t<div class=\"elementor-element elementor-element-4c906db elementor-widget elementor-widget-text-editor\" data-id=\"4c906db\" data-element_type=\"widget\" data-widget_type=\"text-editor.default\">\n\t\t\t\t<div class=\"elementor-widget-container\">\n\t\t\t\t\t\t\t\t\t<p><strong>TIPOS DE COOKIES<\/strong><\/p>\t\t\t\t\t\t\t\t<\/div>\n\t\t\t\t<\/div>\n\t\t\t\t\t<\/div>\n\t\t\t\t<\/div>\n\t\t<div class=\"elementor-element elementor-element-d380fa2 e-flex e-con-boxed e-con e-parent\" data-id=\"d380fa2\" data-element_type=\"container\">\n\t\t\t\t\t<div class=\"e-con-inner\">\n\t\t\t\t<div class=\"elementor-element elementor-element-4fbab98 elementor-widget elementor-widget-spacer\" data-id=\"4fbab98\" data-element_type=\"widget\" data-widget_type=\"spacer.default\">\n\t\t\t\t<div class=\"elementor-widget-container\">\n\t\t\t\t\t\t\t<div class=\"elementor-spacer\">\n\t\t\t<div class=\"elementor-spacer-inner\"><\/div>\n\t\t<\/div>\n\t\t\t\t\t\t<\/div>\n\t\t\t\t<\/div>\n\t\t\t\t\t<\/div>\n\t\t\t\t<\/div>\n\t\t<div class=\"elementor-element elementor-element-59155409 grid col-3 e-flex e-con-boxed e-con e-parent\" data-id=\"59155409\" data-element_type=\"container\">\n\t\t\t\t\t<div class=\"e-con-inner\">\n\t\t\t\t<div class=\"elementor-element elementor-element-6ea2b4cf kec-table elementor-widget elementor-widget-shortcode\" data-id=\"6ea2b4cf\" data-element_type=\"widget\" data-widget_type=\"shortcode.default\">\n\t\t\t\t<div class=\"elementor-widget-container\">\n\t\t\t\t\t\t\t<div class=\"elementor-shortcode\">\n<table id=\"tablepress-468\" class=\"tablepress tablepress-id-468 tbody-has-connected-cells\">\n<thead>\n<tr class=\"row-1\">\n\t<th class=\"column-1\">CATEGOR\u00cdA<\/th><th class=\"column-2\">TIPOLOG\u00cdA<\/th><th class=\"column-3\">FINALIDAD<\/th>\n<\/tr>\n<\/thead>\n<tbody>\n<tr class=\"row-2\">\n\t<td rowspan=\"2\" class=\"column-1\">Segundo a entidade que as xestione<\/td><td class=\"column-2\">Cookies Propias<\/td><td class=\"column-3\">Son aquelas que se env\u00edan ao equipo terminal do usuario dende un equipo ou dominio xestionado por Naturgy e dende o que se presta o servizo solicitado polo usuario.<\/td>\n<\/tr>\n<tr class=\"row-3\">\n\t<td class=\"column-2\">Cookies de Terceiro<\/td><td class=\"column-3\">Son aquelas que se env\u00edan ao equipo terminal do usuario dende un equipo ou dominio que non \u00e9 xestionado por Naturgy, sen\u00f3n por outra entidade que trata os datos obtidos a trav\u00e9s das cookies.<\/td>\n<\/tr>\n<tr class=\"row-4\">\n\t<td rowspan=\"4\" class=\"column-1\">Segundo a s\u00faa finalidade<\/td><td class=\"column-2\">Cookies necesarias<\/td><td class=\"column-3\">As cookies necesarias axudan a facer unha p\u00e1xina web utilizable activando funci\u00f3ns b\u00e1sicas como a navegaci\u00f3n na p\u00e1xina e o acceso a \u00e1reas seguras da p\u00e1xina web. A p\u00e1xina web non pode funcionar adecuadamente sen estas cookies.<\/td>\n<\/tr>\n<tr class=\"row-5\">\n\t<td class=\"column-2\">Cookies de preferencias<\/td><td class=\"column-3\">As cookies de preferencias permiten \u00e1 p\u00e1xina web lembrar informaci\u00f3n que cambia a forma en que a p\u00e1xina se comporta ou o aspecto que ten, como o seu idioma preferido ou a rexi\u00f3n na que vostede se encontra.<\/td>\n<\/tr>\n<tr class=\"row-6\">\n\t<td class=\"column-2\">Cookies estat\u00edsticas<\/td><td class=\"column-3\">As cookies estat\u00edsticas axudan aos propietarios de p\u00e1xinas web a comprender como interact\u00faan os visitantes coas p\u00e1xinas web.<\/td>\n<\/tr>\n<tr class=\"row-7\">\n\t<td class=\"column-2\">Cookies de mercadotecnia<\/td><td class=\"column-3\">As cookies de mercadotecnia util\u00edzanse para rastrexar os visitantes nas p\u00e1xinas web. A intenci\u00f3n \u00e9 mostrar anuncios relevantes e atractivos para o usuario individual e, polo tanto, m\u00e1is valiosos para os editores e terceiros anunciantes.<\/td>\n<\/tr>\n<tr class=\"row-8\">\n\t<td rowspan=\"2\" class=\"column-1\">Segundo o tempo que permanecen activadas<\/td><td class=\"column-2\">Cookies de Sesi\u00f3n<\/td><td class=\"column-3\">Son aquelas que est\u00e1n dese\u00f1adas para recoller e almacenar datos mentres o usuario accede ao sitio web. Ad\u00f3itanse utilizar para almacenar informaci\u00f3n que s\u00f3 interesa conservar para a prestaci\u00f3n do servizo solicitado polo usuario nunha \u00fanica ocasi\u00f3n e desaparecen ao terminar a sesi\u00f3n.<\/td>\n<\/tr>\n<tr class=\"row-9\">\n\t<td class=\"column-2\">Cookies Persistentes<\/td><td class=\"column-3\">Son aquelas nas que os datos seguen almacenados no equipo, e se pode acceder a eles e poden ser tratados durante un per\u00edodo definido polo responsable da cookie, podendo variar entre uns minutos e varios anos.<\/td>\n<\/tr>\n<\/tbody>\n<\/table>\n<!-- #tablepress-468 from cache --><\/div>\n\t\t\t\t\t\t<\/div>\n\t\t\t\t<\/div>\n\t\t\t\t<div class=\"elementor-element elementor-element-264138c elementor-widget elementor-widget-spacer\" data-id=\"264138c\" data-element_type=\"widget\" data-widget_type=\"spacer.default\">\n\t\t\t\t<div class=\"elementor-widget-container\">\n\t\t\t\t\t\t\t<div class=\"elementor-spacer\">\n\t\t\t<div class=\"elementor-spacer-inner\"><\/div>\n\t\t<\/div>\n\t\t\t\t\t\t<\/div>\n\t\t\t\t<\/div>\n\t\t\t\t\t<\/div>\n\t\t\t\t<\/div>\n\t\t<div class=\"elementor-element elementor-element-3e84181 e-flex e-con-boxed e-con e-parent\" data-id=\"3e84181\" data-element_type=\"container\">\n\t\t\t\t\t<div class=\"e-con-inner\">\n\t\t\t\t<div class=\"elementor-element elementor-element-844dc5f elementor-widget elementor-widget-text-editor\" data-id=\"844dc5f\" data-element_type=\"widget\" data-widget_type=\"text-editor.default\">\n\t\t\t\t<div class=\"elementor-widget-container\">\n\t\t\t\t\t\t\t\t\t<p><strong id=\"cookie-web-ga\">COOKIES QUE UTILIZAMOS NO NOSO SITIO WEB E XESTI\u00d3N DE PREFERENCIAS<br \/><\/strong><br \/>O noso Sitio Web utiliza cookies t\u00e9cnicas para cuxa instalaci\u00f3n non \u00e9 necesaria a obtenci\u00f3n do seu consentimento.<\/p><p>As\u00ed mesmo, o noso Sitio Web utiliza outras cookies que requiren do seu consentimento previo para poder ser instaladas. A informaci\u00f3n que se obt\u00e9n a trav\u00e9s destas cookies pode ser utilizada tanto por Naturgy coma polo titular destas.<\/p><p>A continuaci\u00f3n, mostr\u00e1moslle os tipos de cookies para os que actualmente nos consta que prestou o seu consentimento, xunto \u00e1 ferramenta que lle permitir\u00e1 cambiar as s\u00faas preferencias sempre que o desexe. Todo iso seguido da descrici\u00f3n de todas as cookies que utilizamos no noso sitio web.<br \/>\u00a0\u00a0<\/p><p><strong>XESTI\u00d3N DE PREFERENCIAS<\/strong><\/p>\t\t\t\t\t\t\t\t<\/div>\n\t\t\t\t<\/div>\n\t\t\t\t\t<\/div>\n\t\t\t\t<\/div>\n\t\t<div class=\"elementor-element elementor-element-e0645eb e-flex e-con-boxed e-con e-parent\" data-id=\"e0645eb\" data-element_type=\"container\">\n\t\t\t\t\t<div class=\"e-con-inner\">\n\t\t\t\t<div class=\"elementor-element elementor-element-ffbac1d elementor-widget elementor-widget-spacer\" data-id=\"ffbac1d\" data-element_type=\"widget\" data-widget_type=\"spacer.default\">\n\t\t\t\t<div class=\"elementor-widget-container\">\n\t\t\t\t\t\t\t<div class=\"elementor-spacer\">\n\t\t\t<div class=\"elementor-spacer-inner\"><\/div>\n\t\t<\/div>\n\t\t\t\t\t\t<\/div>\n\t\t\t\t<\/div>\n\t\t\t\t\t<\/div>\n\t\t\t\t<\/div>\n\t\t<div class=\"elementor-element elementor-element-dec84e3 e-flex e-con-boxed e-con e-parent\" data-id=\"dec84e3\" data-element_type=\"container\">\n\t\t\t\t\t<div class=\"e-con-inner\">\n\t\t\t\t<div class=\"elementor-element elementor-element-2f4a94e elementor-widget elementor-widget-html\" data-id=\"2f4a94e\" data-element_type=\"widget\" data-widget_type=\"html.default\">\n\t\t\t\t<div class=\"elementor-widget-container\">\n\t\t\t\t\t<script id=\"CookieDeclaration\" src=\"https:\/\/consent.cookiebot.com\/952e64a5-eb78-49b2-9d9c-0cd3944a0bc6\/cd.js\" type=\"text\/javascript\" data-culture=\"gl\" async><\/script>\t\t\t\t<\/div>\n\t\t\t\t<\/div>\n\t\t\t\t\t<\/div>\n\t\t\t\t<\/div>\n\t\t<div class=\"elementor-element elementor-element-01af10a e-flex e-con-boxed e-con e-parent\" data-id=\"01af10a\" data-element_type=\"container\">\n\t\t\t\t\t<div class=\"e-con-inner\">\n\t\t\t\t<div class=\"elementor-element elementor-element-a5f7bfa elementor-widget elementor-widget-spacer\" data-id=\"a5f7bfa\" data-element_type=\"widget\" data-widget_type=\"spacer.default\">\n\t\t\t\t<div class=\"elementor-widget-container\">\n\t\t\t\t\t\t\t<div class=\"elementor-spacer\">\n\t\t\t<div class=\"elementor-spacer-inner\"><\/div>\n\t\t<\/div>\n\t\t\t\t\t\t<\/div>\n\t\t\t\t<\/div>\n\t\t\t\t\t<\/div>\n\t\t\t\t<\/div>\n\t\t<div class=\"elementor-element elementor-element-ce52da9 e-flex e-con-boxed e-con e-parent\" data-id=\"ce52da9\" data-element_type=\"container\">\n\t\t\t\t\t<div class=\"e-con-inner\">\n\t\t\t\t<div class=\"elementor-element elementor-element-8cfd4b3 elementor-widget elementor-widget-text-editor\" data-id=\"8cfd4b3\" data-element_type=\"widget\" data-widget_type=\"text-editor.default\">\n\t\t\t\t<div class=\"elementor-widget-container\">\n\t\t\t\t\t\t\t\t\t<p><strong>IV. <\/strong><strong>FORMAS DE OUTORGAR, DENEGAR OU REVOGAR O CONSENTIMENTO PARA O USO DE COOKIES<\/strong><\/p><p>Vostede pode outorgar ou denegar o seu consentimento para a utilizaci\u00f3n das cookies antes descritas a trav\u00e9s do panel de configuraci\u00f3n de cookies.<br \/>Unha vez outorgado o seu consentimento \u00e1s cookies a trav\u00e9s do panel de configuraci\u00f3n de cookies, se posteriormente vostede desexa modificar as s\u00faas preferencias poder\u00e1 facelo a trav\u00e9s da ferramenta de\u00a0<a href=\"https:\/\/www.naturgy.com\/gl\/politica-de-cookies\/#cookie-web-ga\">Xesti\u00f3n de Preferencias<\/a>\u00a0dispo\u00f1ible no Apartado III desta Pol\u00edtica de cookies.<\/p><p>As\u00ed mesmo, inform\u00e1molo de que pode bloquear, inhabilitar ou eliminar as cookies en calquera momento modificando a configuraci\u00f3n do seu navegador. Para m\u00e1is informaci\u00f3n, recomend\u00e1moslle que consulte a axuda do seu navegador acerca de como xestionar as cookies. A continuaci\u00f3n facilit\u00e1moslle as ligaz\u00f3ns \u00e1 informaci\u00f3n sobre como xestionar o uso de cookies dos navegadores m\u00e1is comunmente utilizados:<\/p><ul><li><strong>Internet Explorer:\u00a0<\/strong>\u00a0<a href=\"https:\/\/support.microsoft.com\/es-es\/help\/17442\/windows-internet-explorer-delete-manage-cookies\" target=\"_blank\" rel=\"noopener\">https:\/\/support.microsoft.com\/es-es\/help\/17442\/windows-internet-explorer-delete-manage-cookies<\/a><\/li><li><strong>Microsoft Edge:<\/strong>\u00a0<a href=\"https:\/\/support.microsoft.com\/es-es\/help\/4027947\/microsoft-edge-delete-cookies\" target=\"_blank\" rel=\"noopener\">https:\/\/support.microsoft.com\/es-es\/help\/4027947\/microsoft-edge-delete-cookies<\/a><\/li><li><strong>Firefox:<\/strong>\u00a0<a href=\"https:\/\/support.mozilla.org\/es\/products\/firefox\/protect-your-privacy\/cookies\" target=\"_blank\" rel=\"noopener\">https:\/\/support.mozilla.org\/es\/products\/firefox\/protect-your-privacy\/cookies<\/a><\/li><li><strong>Google Chrome<\/strong>:\u00a0<a href=\"https:\/\/support.google.com\/chrome\/answer\/95647?hl=es\" target=\"_blank\" rel=\"noopener\">https:\/\/support.google.com\/chrome\/answer\/95647?hl=es<\/a><\/li><li><strong>Safari<\/strong>:\u00a0<a href=\"https:\/\/support.apple.com\/es-es\/guide\/safari\/sfri11471\/mac\" target=\"_blank\" rel=\"noopener\">https:\/\/support.apple.com\/es-es\/guide\/safari\/sfri11471\/mac<\/a><\/li><li><strong>Opera 19<\/strong>:\u00a0<a href=\"http:\/\/help.opera.com\/Windows\/11.50\/es-ES\/cookies.html\" target=\"_blank\" rel=\"noopener\">http:\/\/help.opera.com\/Windows\/11.50\/es-ES\/cookies.html<\/a><\/li><\/ul><p>\u00a0\u00a0<\/p><p><strong>V. TRANSFERENCIAS DE DATOS A TERCEIROS PA\u00cdSES<\/strong><\/p><p>Respecto dos datos solicitados a trav\u00e9s de cookies propias, estes son tratados dentro do Espazo Econ\u00f3mico Europeo ou en pa\u00edses que foron declarados cun nivel adecuado de protecci\u00f3n.<\/p><p>En canto \u00e1s cookies de terceiros, para informarse das transferencias a terceiros pa\u00edses que, se \u00e9 o caso, realizan os terceiros identificados na presente pol\u00edtica de cookies, consulte a informaci\u00f3n sobre as devanditas cookies dispo\u00f1ible no sitio web destes terceiros, cuxa ligaz\u00f3n lle proporcionamos no cadro do Apartado III desta Pol\u00edtica no que describimos as cookies que se utilizan neste Sitio Web.\u00a0<\/p><p><strong>VI. M\u00c1IS INFORMACI\u00d3N SOBRE PROTECCI\u00d3N DE DATOS DE CAR\u00c1CTER PERSOAL<\/strong><\/p><p>Recomend\u00e1moslle que consulte a nosa\u00a0<a href=\"https:\/\/www.naturgy.com\/gl\/nota-legal\/\">Pol\u00edtica\u00a0de\u00a0Privacidade<\/a>\u00a0para obter m\u00e1is informaci\u00f3n acerca do tratamento de datos persoais que realizamos, as\u00ed como a forma de exercer os seus dereitos e reclamaci\u00f3ns ante o Delegado de Protecci\u00f3n de Datos de Naturgy ou a autoridade de control correspondente.<\/p><p><strong>VII. CAMBIOS NESTA POL\u00cdTICA DE COOKIES<\/strong><\/p><p>\u00c9 posible que actualicemos a Pol\u00edtica de cookies do noso Sitio Web. Por iso, recomend\u00e1moslle revisar periodicamente esta pol\u00edtica co obxecto de estar convenientemente informado sobre o uso que facemos das cookies.\u00a0<\/p>\t\t\t\t\t\t\t\t<\/div>\n\t\t\t\t<\/div>\n\t\t\t\t\t<\/div>\n\t\t\t\t<\/div>\n\t\t<div class=\"elementor-element elementor-element-baf8de2 e-flex e-con-boxed e-con e-parent\" data-id=\"baf8de2\" data-element_type=\"container\">\n\t\t\t\t\t<div class=\"e-con-inner\">\n\t\t\t\t<div class=\"elementor-element elementor-element-02b63aa elementor-widget elementor-widget-spacer\" data-id=\"02b63aa\" data-element_type=\"widget\" data-widget_type=\"spacer.default\">\n\t\t\t\t<div class=\"elementor-widget-container\">\n\t\t\t\t\t\t\t<div class=\"elementor-spacer\">\n\t\t\t<div class=\"elementor-spacer-inner\"><\/div>\n\t\t<\/div>\n\t\t\t\t\t\t<\/div>\n\t\t\t\t<\/div>\n\t\t\t\t\t<\/div>\n\t\t\t\t<\/div>\n\t\t\t\t<\/div>\n\t\t","protected":false},"excerpt":{"rendered":"<p>I. OBXECTO O sitio web www.naturgy.com (en diante, o \u201cSitio Web\u201d) \u00e9 titularidade de Naturgy Energy Group, S.A. (en diante, \u2018\u2019Naturgy\u2019\u2019). Este Sitio Web utiliza unha tecnolox\u00eda denominada \u201ccookies\u201d que permite solicitar informaci\u00f3n acerca do uso que vostede fai deste. Esta Pol\u00edtica de cookies ten por obxecto informalo de xeito claro e preciso sobre as [&hellip;]<\/p>\n","protected":false},"author":5,"featured_media":0,"parent":0,"menu_order":0,"comment_status":"closed","ping_status":"closed","template":"","meta":{"_acf_changed":false,"footnotes":""},"class_list":["post-59732","page","type-page","status-publish","hentry"],"acf":[],"_links":{"self":[{"href":"https:\/\/www.naturgy.com\/gl\/wp-json\/wp\/v2\/pages\/59732","targetHints":{"allow":["GET"]}}],"collection":[{"href":"https:\/\/www.naturgy.com\/gl\/wp-json\/wp\/v2\/pages"}],"about":[{"href":"https:\/\/www.naturgy.com\/gl\/wp-json\/wp\/v2\/types\/page"}],"author":[{"embeddable":true,"href":"https:\/\/www.naturgy.com\/gl\/wp-json\/wp\/v2\/users\/5"}],"replies":[{"embeddable":true,"href":"https:\/\/www.naturgy.com\/gl\/wp-json\/wp\/v2\/comments?post=59732"}],"version-history":[{"count":30,"href":"https:\/\/www.naturgy.com\/gl\/wp-json\/wp\/v2\/pages\/59732\/revisions"}],"predecessor-version":[{"id":94789,"href":"https:\/\/www.naturgy.com\/gl\/wp-json\/wp\/v2\/pages\/59732\/revisions\/94789"}],"wp:attachment":[{"href":"https:\/\/www.naturgy.com\/gl\/wp-json\/wp\/v2\/media?parent=59732"}],"curies":[{"name":"wp","href":"https:\/\/api.w.org\/{rel}","templated":true}]}}