{"id":59741,"date":"2023-02-10T10:46:00","date_gmt":"2023-02-10T09:46:00","guid":{"rendered":"https:\/\/www.naturgy.com\/politicas-e-codigos-de-conduta\/politica-de-relacion-con-comunidades\/"},"modified":"2023-04-21T12:51:52","modified_gmt":"2023-04-21T10:51:52","slug":"politica-de-relacion-coas-comunidades","status":"publish","type":"page","link":"https:\/\/www.naturgy.com\/gl\/conecenos-naturgy\/o-grupo\/politicas-e-codigos-de-conduta\/politica-de-relacion-coas-comunidades\/","title":{"rendered":"Pol\u00edtica de relaci\u00f3n coas comunidades"},"content":{"rendered":"\t\t<div data-elementor-type=\"wp-page\" data-elementor-id=\"59741\" class=\"elementor elementor-59741 elementor-21684\" data-elementor-post-type=\"page\">\n\t\t\t\t<div class=\"elementor-element elementor-element-294766cd e-flex e-con-boxed e-con e-parent\" data-id=\"294766cd\" data-element_type=\"container\">\n\t\t\t\t\t<div class=\"e-con-inner\">\n\t\t<div class=\"elementor-element elementor-element-22d00803 e-con-full e-flex e-con e-parent\" data-id=\"22d00803\" data-element_type=\"container\">\n\t\t\t\t<div class=\"elementor-element elementor-element-959fa81 elementor-widget elementor-widget-shortcode\" data-id=\"959fa81\" data-element_type=\"widget\" data-widget_type=\"shortcode.default\">\n\t\t\t\t<div class=\"elementor-widget-container\">\n\t\t\t\t\t\t\t<div class=\"elementor-shortcode\"><nav aria-label=\"breadcrumbs\" class=\"rank-math-breadcrumb\"><p><span class=\"last\">Comeza<\/span><\/p><\/nav><\/div>\n\t\t\t\t\t\t<\/div>\n\t\t\t\t<\/div>\n\t\t\t\t<div class=\"elementor-element elementor-element-3681cf83 elementor-widget elementor-widget-heading\" data-id=\"3681cf83\" data-element_type=\"widget\" data-widget_type=\"heading.default\">\n\t\t\t\t<div class=\"elementor-widget-container\">\n\t\t\t\t\t<h1 class=\"elementor-heading-title elementor-size-default\">Pol\u00edtica de relaci\u00f3n coas comunidades<\/h1>\t\t\t\t<\/div>\n\t\t\t\t<\/div>\n\t\t\t\t<\/div>\n\t\t<div class=\"elementor-element elementor-element-6f9a1040 e-con-full e-flex e-con e-parent\" data-id=\"6f9a1040\" data-element_type=\"container\">\n\t\t\t\t<div class=\"elementor-element elementor-element-7f6948ca elementor-widget elementor-widget-spacer\" data-id=\"7f6948ca\" data-element_type=\"widget\" data-widget_type=\"spacer.default\">\n\t\t\t\t<div class=\"elementor-widget-container\">\n\t\t\t\t\t\t\t<div class=\"elementor-spacer\">\n\t\t\t<div class=\"elementor-spacer-inner\"><\/div>\n\t\t<\/div>\n\t\t\t\t\t\t<\/div>\n\t\t\t\t<\/div>\n\t\t\t\t<\/div>\n\t\t\t\t\t<\/div>\n\t\t\t\t<\/div>\n\t\t<div class=\"elementor-element elementor-element-32810bb9 e-flex e-con-boxed e-con e-parent\" data-id=\"32810bb9\" data-element_type=\"container\">\n\t\t\t\t\t<div class=\"e-con-inner\">\n\t\t<div class=\"elementor-element elementor-element-6033dd6f e-con-full e-flex e-con e-parent\" data-id=\"6033dd6f\" data-element_type=\"container\">\n\t\t<div class=\"elementor-element elementor-element-4d3a1806 e-con-full e-flex e-con e-parent\" data-id=\"4d3a1806\" data-element_type=\"container\">\n\t\t\t\t<div class=\"elementor-element elementor-element-1095e426 elementor-widget elementor-widget-heading\" data-id=\"1095e426\" data-element_type=\"widget\" data-widget_type=\"heading.default\">\n\t\t\t\t<div class=\"elementor-widget-container\">\n\t\t\t\t\t<h2 class=\"elementor-heading-title elementor-size-default\">Compromiso social<\/h2>\t\t\t\t<\/div>\n\t\t\t\t<\/div>\n\t\t\t\t<\/div>\n\t\t\t\t<\/div>\n\t\t<div class=\"elementor-element elementor-element-23bb3b5 e-flex e-con-boxed e-con e-parent\" data-id=\"23bb3b5\" data-element_type=\"container\">\n\t\t\t\t\t<div class=\"e-con-inner\">\n\t\t\t\t<div class=\"elementor-element elementor-element-4e5467a1 elementor-widget elementor-widget-image\" data-id=\"4e5467a1\" data-element_type=\"widget\" data-widget_type=\"image.default\">\n\t\t\t\t<div class=\"elementor-widget-container\">\n\t\t\t\t\t\t\t\t\t\t\t\t\t\t\t<img fetchpriority=\"high\" decoding=\"async\" width=\"681\" height=\"565\" src=\"https:\/\/www.naturgy.com\/\/app\/uploads\/2023\/02\/25311068_2255788177780177_7365071226062640884_oprueba.jpg\" class=\"attachment-large size-large wp-image-22381\" alt=\"\" srcset=\"https:\/\/www.naturgy.com\/\/app\/uploads\/2023\/02\/25311068_2255788177780177_7365071226062640884_oprueba.jpg 681w, https:\/\/www.naturgy.com\/\/app\/uploads\/2023\/02\/25311068_2255788177780177_7365071226062640884_oprueba-300x249.jpg 300w\" sizes=\"(max-width: 681px) 100vw, 681px\" \/>\t\t\t\t\t\t\t\t\t\t\t\t\t\t\t<\/div>\n\t\t\t\t<\/div>\n\t\t\t\t\t<\/div>\n\t\t\t\t<\/div>\n\t\t\t\t\t<\/div>\n\t\t\t\t<\/div>\n\t\t<div class=\"elementor-element elementor-element-889decb e-flex e-con-boxed e-con e-parent\" data-id=\"889decb\" data-element_type=\"container\">\n\t\t\t\t\t<div class=\"e-con-inner\">\n\t\t<div class=\"elementor-element elementor-element-53b65c0d e-flex e-con-boxed e-con e-parent\" data-id=\"53b65c0d\" data-element_type=\"container\">\n\t\t\t\t\t<div class=\"e-con-inner\">\n\t\t<div class=\"elementor-element elementor-element-d5208cb e-con-full e-flex e-con e-parent\" data-id=\"d5208cb\" data-element_type=\"container\">\n\t\t\t\t<div class=\"elementor-element elementor-element-1504569 elementor-widget elementor-widget-text-editor\" data-id=\"1504569\" data-element_type=\"widget\" data-widget_type=\"text-editor.default\">\n\t\t\t\t<div class=\"elementor-widget-container\">\n\t\t\t\t\t\t\t\t\t<p>Dende\u00a0no marco da nosa\u00a0 Pol\u00edtica de Dereitos Humanos,\u00a0adquirimos\u00a0un firme compromiso co\u00a0<strong>respecto das comunidades locais<\/strong>. Para a consecuci\u00f3n deste compromiso, son aspectos clave a avaliaci\u00f3n do impacto social que as actividades da compa\u00f1\u00eda poidan ter sobre as comunidades afectadas e a contribuci\u00f3n \u00e1 mellora das s\u00faas\u00a0<strong>condici\u00f3ns de vida<\/strong>.<br \/><br \/>Estamos comprometidos co\u00a0<strong>desenvolvemento econ\u00f3mico e social<\/strong>\u00a0das rexi\u00f3ns nas que despregamos as nosas actividades, achegando\u00a0<strong>co\u00f1ecementos, capacidade de xesti\u00f3n e creatividade<\/strong>, as\u00ed como dedicando parte dos beneficios ao<strong>\u00a0investimento social<\/strong>.<br \/><br \/>O\u00a0<strong>di\u00e1logo flu\u00eddo e permanente<\/strong>\u00a0coa sociedade perm\u00edtenos co\u00f1ecer as expectativas e intereses das comunidades onde operamos e poder as\u00ed implicarnos no seu desenvolvemento, procurando dar a resposta m\u00e1is axeitada \u00e1s s\u00faas necesidades.\u00a0<\/p>\t\t\t\t\t\t\t\t<\/div>\n\t\t\t\t<\/div>\n\t\t\t\t<\/div>\n\t\t\t\t\t<\/div>\n\t\t\t\t<\/div>\n\t\t<div class=\"elementor-element elementor-element-4d0ceeb6 e-flex e-con-boxed e-con e-parent\" data-id=\"4d0ceeb6\" data-element_type=\"container\">\n\t\t\t\t\t<div class=\"e-con-inner\">\n\t\t\t\t<div class=\"elementor-element elementor-element-50300108 elementor-widget elementor-widget-image\" data-id=\"50300108\" data-element_type=\"widget\" data-widget_type=\"image.default\">\n\t\t\t\t<div class=\"elementor-widget-container\">\n\t\t\t\t\t\t\t\t\t\t\t\t\t\t\t<img decoding=\"async\" width=\"681\" height=\"565\" src=\"https:\/\/www.naturgy.com\/\/app\/uploads\/2023\/03\/25311068_2255788177780177_7365071226062640884_oprueba-1.jpg\" class=\"attachment-large size-large wp-image-53822\" alt=\"\" srcset=\"https:\/\/www.naturgy.com\/\/app\/uploads\/2023\/03\/25311068_2255788177780177_7365071226062640884_oprueba-1.jpg 681w, https:\/\/www.naturgy.com\/\/app\/uploads\/2023\/03\/25311068_2255788177780177_7365071226062640884_oprueba-1-300x249.jpg 300w\" sizes=\"(max-width: 681px) 100vw, 681px\" \/>\t\t\t\t\t\t\t\t\t\t\t\t\t\t\t<\/div>\n\t\t\t\t<\/div>\n\t\t\t\t\t<\/div>\n\t\t\t\t<\/div>\n\t\t\t\t\t<\/div>\n\t\t\t\t<\/div>\n\t\t<div class=\"elementor-element elementor-element-2fb28858 e-con-full e-flex e-con e-parent\" data-id=\"2fb28858\" data-element_type=\"container\">\n\t\t\t\t<div class=\"elementor-element elementor-element-fc01023 elementor-widget elementor-widget-spacer\" data-id=\"fc01023\" data-element_type=\"widget\" data-widget_type=\"spacer.default\">\n\t\t\t\t<div class=\"elementor-widget-container\">\n\t\t\t\t\t\t\t<div class=\"elementor-spacer\">\n\t\t\t<div class=\"elementor-spacer-inner\"><\/div>\n\t\t<\/div>\n\t\t\t\t\t\t<\/div>\n\t\t\t\t<\/div>\n\t\t\t\t<\/div>\n\t\t<div class=\"elementor-element elementor-element-41541908 e-flex e-con-boxed e-con e-parent\" data-id=\"41541908\" data-element_type=\"container\">\n\t\t\t\t\t<div class=\"e-con-inner\">\n\t\t\t\t<div class=\"elementor-element elementor-element-1c87c441 elementor-widget elementor-widget-heading\" data-id=\"1c87c441\" data-element_type=\"widget\" data-widget_type=\"heading.default\">\n\t\t\t\t<div class=\"elementor-widget-container\">\n\t\t\t\t\t<h2 class=\"elementor-heading-title elementor-size-default\">Principios da compa\u00f1\u00eda<\/h2>\t\t\t\t<\/div>\n\t\t\t\t<\/div>\n\t\t\t\t<div class=\"elementor-element elementor-element-159789d elementor-widget elementor-widget-spacer\" data-id=\"159789d\" data-element_type=\"widget\" data-widget_type=\"spacer.default\">\n\t\t\t\t<div class=\"elementor-widget-container\">\n\t\t\t\t\t\t\t<div class=\"elementor-spacer\">\n\t\t\t<div class=\"elementor-spacer-inner\"><\/div>\n\t\t<\/div>\n\t\t\t\t\t\t<\/div>\n\t\t\t\t<\/div>\n\t\t\t\t\t<\/div>\n\t\t\t\t<\/div>\n\t\t<div class=\"elementor-element elementor-element-7985dfa2 e-flex e-con-boxed e-con e-parent\" data-id=\"7985dfa2\" data-element_type=\"container\" data-settings=\"{&quot;background_background&quot;:&quot;classic&quot;}\">\n\t\t\t\t\t<div class=\"e-con-inner\">\n\t\t<div class=\"elementor-element elementor-element-4279010 grid col-5 e-flex e-con-boxed e-con e-parent\" data-id=\"4279010\" data-element_type=\"container\">\n\t\t\t\t\t<div class=\"e-con-inner\">\n\t\t<div class=\"elementor-element elementor-element-3a83622 e-con-full e-flex e-con e-parent\" data-id=\"3a83622\" data-element_type=\"container\">\n\t\t\t\t<div class=\"elementor-element elementor-element-cdd6896 elementor-view-default elementor-widget elementor-widget-icon\" data-id=\"cdd6896\" data-element_type=\"widget\" data-widget_type=\"icon.default\">\n\t\t\t\t<div class=\"elementor-widget-container\">\n\t\t\t\t\t\t\t<div class=\"elementor-icon-wrapper\">\n\t\t\t<div class=\"elementor-icon\">\n\t\t\t<i aria-hidden=\"true\" class=\"interfaz interfaz-1numeros\"><\/i>\t\t\t<\/div>\n\t\t<\/div>\n\t\t\t\t\t\t<\/div>\n\t\t\t\t<\/div>\n\t\t\t\t<div class=\"elementor-element elementor-element-298925b elementor-widget elementor-widget-text-editor\" data-id=\"298925b\" data-element_type=\"widget\" data-widget_type=\"text-editor.default\">\n\t\t\t\t<div class=\"elementor-widget-container\">\n\t\t\t\t\t\t\t\t\t<p>Identificar as comunidades afectadas pola actividade da compa\u00f1\u00eda, co\u00f1ecer as suas necesidades e aspiraci\u00f3ns<\/p>\t\t\t\t\t\t\t\t<\/div>\n\t\t\t\t<\/div>\n\t\t\t\t<\/div>\n\t\t<div class=\"elementor-element elementor-element-2655658 e-con-full e-flex e-con e-parent\" data-id=\"2655658\" data-element_type=\"container\">\n\t\t\t\t<div class=\"elementor-element elementor-element-766c12f elementor-view-default elementor-widget elementor-widget-icon\" data-id=\"766c12f\" data-element_type=\"widget\" data-widget_type=\"icon.default\">\n\t\t\t\t<div class=\"elementor-widget-container\">\n\t\t\t\t\t\t\t<div class=\"elementor-icon-wrapper\">\n\t\t\t<div class=\"elementor-icon\">\n\t\t\t<i aria-hidden=\"true\" class=\"interfaz interfaz-2numeros\"><\/i>\t\t\t<\/div>\n\t\t<\/div>\n\t\t\t\t\t\t<\/div>\n\t\t\t\t<\/div>\n\t\t\t\t<div class=\"elementor-element elementor-element-2182eee elementor-widget elementor-widget-text-editor\" data-id=\"2182eee\" data-element_type=\"widget\" data-widget_type=\"text-editor.default\">\n\t\t\t\t<div class=\"elementor-widget-container\">\n\t\t\t\t\t\t\t\t\t<p>Analizar os impactos e<span style=\"color: var( --e-global-color-5a02495 ); font-family: var( --e-global-typography-2bb043d-font-family ), sans-serif; font-size: var( --e-global-typography-2bb043d-font-size ); font-weight: var( --e-global-typography-2bb043d-font-weight ); letter-spacing: var( --e-global-typography-2bb043d-letter-spacing ); word-spacing: var( --e-global-typography-2bb043d-word-spacing ); background-color: var( --e-global-color-fa4409b );\">\u00a0potenciais riscos ambientais e sociais que a sua actividade poida producir nas comunidades<\/span><\/p>\t\t\t\t\t\t\t\t<\/div>\n\t\t\t\t<\/div>\n\t\t\t\t<\/div>\n\t\t<div class=\"elementor-element elementor-element-f1e1554 e-con-full e-flex e-con e-parent\" data-id=\"f1e1554\" data-element_type=\"container\">\n\t\t\t\t<div class=\"elementor-element elementor-element-91f8628 elementor-view-default elementor-widget elementor-widget-icon\" data-id=\"91f8628\" data-element_type=\"widget\" data-widget_type=\"icon.default\">\n\t\t\t\t<div class=\"elementor-widget-container\">\n\t\t\t\t\t\t\t<div class=\"elementor-icon-wrapper\">\n\t\t\t<div class=\"elementor-icon\">\n\t\t\t<i aria-hidden=\"true\" class=\"interfaz interfaz-3numeros\"><\/i>\t\t\t<\/div>\n\t\t<\/div>\n\t\t\t\t\t\t<\/div>\n\t\t\t\t<\/div>\n\t\t\t\t<div class=\"elementor-element elementor-element-801781c elementor-widget elementor-widget-text-editor\" data-id=\"801781c\" data-element_type=\"widget\" data-widget_type=\"text-editor.default\">\n\t\t\t\t<div class=\"elementor-widget-container\">\n\t\t\t\t\t\t\t\t\t<p>Informar e invitar a participar \u00e1 comunidade nas distintas fases do proxecto a trav\u00e9s dun proceso de consulta<\/p>\t\t\t\t\t\t\t\t<\/div>\n\t\t\t\t<\/div>\n\t\t\t\t<\/div>\n\t\t<div class=\"elementor-element elementor-element-b7c9914 e-con-full e-flex e-con e-parent\" data-id=\"b7c9914\" data-element_type=\"container\">\n\t\t\t\t<div class=\"elementor-element elementor-element-f7754d7 elementor-view-default elementor-widget elementor-widget-icon\" data-id=\"f7754d7\" data-element_type=\"widget\" data-widget_type=\"icon.default\">\n\t\t\t\t<div class=\"elementor-widget-container\">\n\t\t\t\t\t\t\t<div class=\"elementor-icon-wrapper\">\n\t\t\t<div class=\"elementor-icon\">\n\t\t\t<i aria-hidden=\"true\" class=\"interfaz interfaz-4numeros\"><\/i>\t\t\t<\/div>\n\t\t<\/div>\n\t\t\t\t\t\t<\/div>\n\t\t\t\t<\/div>\n\t\t\t\t<div class=\"elementor-element elementor-element-78e3687 elementor-widget elementor-widget-text-editor\" data-id=\"78e3687\" data-element_type=\"widget\" data-widget_type=\"text-editor.default\">\n\t\t\t\t<div class=\"elementor-widget-container\">\n\t\t\t\t\t\t\t\t\t<p>Incorporar, nos estudos de avaliaci\u00f3n do impacto, as oportunidades identificadas no di\u00e1logo coas comunidades que fomentan o desenvolvemento sustentable<\/p>\t\t\t\t\t\t\t\t<\/div>\n\t\t\t\t<\/div>\n\t\t\t\t<\/div>\n\t\t<div class=\"elementor-element elementor-element-8460a58 e-con-full e-flex e-con e-parent\" data-id=\"8460a58\" data-element_type=\"container\">\n\t\t\t\t<div class=\"elementor-element elementor-element-14663e5 elementor-view-default elementor-widget elementor-widget-icon\" data-id=\"14663e5\" data-element_type=\"widget\" data-widget_type=\"icon.default\">\n\t\t\t\t<div class=\"elementor-widget-container\">\n\t\t\t\t\t\t\t<div class=\"elementor-icon-wrapper\">\n\t\t\t<div class=\"elementor-icon\">\n\t\t\t<i aria-hidden=\"true\" class=\"interfaz interfaz-5numeros\"><\/i>\t\t\t<\/div>\n\t\t<\/div>\n\t\t\t\t\t\t<\/div>\n\t\t\t\t<\/div>\n\t\t\t\t<div class=\"elementor-element elementor-element-0cea693 elementor-widget elementor-widget-text-editor\" data-id=\"0cea693\" data-element_type=\"widget\" data-widget_type=\"text-editor.default\">\n\t\t\t\t<div class=\"elementor-widget-container\">\n\t\t\t\t\t\t\t\t\t<p>Establecer unha comunicaci\u00f3n sistem\u00e1tica e relaci\u00f3n coas comunidades que garanta que reciben a informaci\u00f3n de forma clara, actualizada e eficaz<\/p>\t\t\t\t\t\t\t\t<\/div>\n\t\t\t\t<\/div>\n\t\t\t\t<\/div>\n\t\t\t\t\t<\/div>\n\t\t\t\t<\/div>\n\t\t\t\t\t<\/div>\n\t\t\t\t<\/div>\n\t\t<div class=\"elementor-element elementor-element-508b869b e-con-full e-flex e-con e-parent\" data-id=\"508b869b\" data-element_type=\"container\">\n\t\t\t\t<div class=\"elementor-element elementor-element-6b4975b2 elementor-widget elementor-widget-spacer\" data-id=\"6b4975b2\" data-element_type=\"widget\" data-widget_type=\"spacer.default\">\n\t\t\t\t<div class=\"elementor-widget-container\">\n\t\t\t\t\t\t\t<div class=\"elementor-spacer\">\n\t\t\t<div class=\"elementor-spacer-inner\"><\/div>\n\t\t<\/div>\n\t\t\t\t\t\t<\/div>\n\t\t\t\t<\/div>\n\t\t\t\t<\/div>\n\t\t\t\t<\/div>\n\t\t","protected":false},"excerpt":{"rendered":"<p>Compromiso social Dende\u00a0no marco da nosa\u00a0 Pol\u00edtica de Dereitos Humanos,\u00a0adquirimos\u00a0un firme compromiso co\u00a0respecto das comunidades locais. Para a consecuci\u00f3n deste compromiso, son aspectos clave a avaliaci\u00f3n do impacto social que as actividades da compa\u00f1\u00eda poidan ter sobre as comunidades afectadas e a contribuci\u00f3n \u00e1 mellora das s\u00faas\u00a0condici\u00f3ns de vida. Estamos comprometidos co\u00a0desenvolvemento econ\u00f3mico e social\u00a0das [&hellip;]<\/p>\n","protected":false},"author":5,"featured_media":0,"parent":39943,"menu_order":6,"comment_status":"closed","ping_status":"closed","template":"","meta":{"_acf_changed":false,"footnotes":""},"class_list":["post-59741","page","type-page","status-publish","hentry"],"acf":[],"_links":{"self":[{"href":"https:\/\/www.naturgy.com\/gl\/wp-json\/wp\/v2\/pages\/59741","targetHints":{"allow":["GET"]}}],"collection":[{"href":"https:\/\/www.naturgy.com\/gl\/wp-json\/wp\/v2\/pages"}],"about":[{"href":"https:\/\/www.naturgy.com\/gl\/wp-json\/wp\/v2\/types\/page"}],"author":[{"embeddable":true,"href":"https:\/\/www.naturgy.com\/gl\/wp-json\/wp\/v2\/users\/5"}],"replies":[{"embeddable":true,"href":"https:\/\/www.naturgy.com\/gl\/wp-json\/wp\/v2\/comments?post=59741"}],"version-history":[{"count":5,"href":"https:\/\/www.naturgy.com\/gl\/wp-json\/wp\/v2\/pages\/59741\/revisions"}],"predecessor-version":[{"id":70234,"href":"https:\/\/www.naturgy.com\/gl\/wp-json\/wp\/v2\/pages\/59741\/revisions\/70234"}],"up":[{"embeddable":true,"href":"https:\/\/www.naturgy.com\/gl\/wp-json\/wp\/v2\/pages\/39943"}],"wp:attachment":[{"href":"https:\/\/www.naturgy.com\/gl\/wp-json\/wp\/v2\/media?parent=59741"}],"curies":[{"name":"wp","href":"https:\/\/api.w.org\/{rel}","templated":true}]}}