{"id":59746,"date":"2023-01-20T14:38:43","date_gmt":"2023-01-20T13:38:43","guid":{"rendered":"https:\/\/www.naturgy.com\/conecenos\/presencia-internacional\/africa\/"},"modified":"2023-06-08T16:21:01","modified_gmt":"2023-06-08T14:21:01","slug":"africa","status":"publish","type":"page","link":"https:\/\/www.naturgy.com\/gl\/conecenos-naturgy\/presencia-internacional\/africa\/","title":{"rendered":"\u00c1frica"},"content":{"rendered":"\t\t<div data-elementor-type=\"wp-page\" data-elementor-id=\"59746\" class=\"elementor elementor-59746 elementor-12427\" data-elementor-post-type=\"page\">\n\t\t\t\t<div class=\"elementor-element elementor-element-288396f4 e-flex e-con-boxed e-con e-parent\" data-id=\"288396f4\" data-element_type=\"container\">\n\t\t\t\t\t<div class=\"e-con-inner\">\n\t\t<div class=\"elementor-element elementor-element-a9de8bd e-con-full e-flex e-con e-parent\" data-id=\"a9de8bd\" data-element_type=\"container\">\n\t\t\t\t<div class=\"elementor-element elementor-element-3c1b7433 elementor-widget elementor-widget-shortcode\" data-id=\"3c1b7433\" data-element_type=\"widget\" data-widget_type=\"shortcode.default\">\n\t\t\t\t<div class=\"elementor-widget-container\">\n\t\t\t\t\t\t\t<div class=\"elementor-shortcode\"><nav aria-label=\"breadcrumbs\" class=\"rank-math-breadcrumb\"><p><span class=\"last\">Comeza<\/span><\/p><\/nav><\/div>\n\t\t\t\t\t\t<\/div>\n\t\t\t\t<\/div>\n\t\t\t\t<div class=\"elementor-element elementor-element-14b4ee2 elementor-widget elementor-widget-heading\" data-id=\"14b4ee2\" data-element_type=\"widget\" data-widget_type=\"heading.default\">\n\t\t\t\t<div class=\"elementor-widget-container\">\n\t\t\t\t\t<h1 class=\"elementor-heading-title elementor-size-default\">\u00c1frica<\/h1>\t\t\t\t<\/div>\n\t\t\t\t<\/div>\n\t\t\t\t<\/div>\n\t\t<div class=\"elementor-element elementor-element-49c49f3d e-con-full e-flex e-con e-parent\" data-id=\"49c49f3d\" data-element_type=\"container\">\n\t\t\t\t<div class=\"elementor-element elementor-element-5a6623c5 elementor-widget elementor-widget-spacer\" data-id=\"5a6623c5\" data-element_type=\"widget\" data-widget_type=\"spacer.default\">\n\t\t\t\t<div class=\"elementor-widget-container\">\n\t\t\t\t\t\t\t<div class=\"elementor-spacer\">\n\t\t\t<div class=\"elementor-spacer-inner\"><\/div>\n\t\t<\/div>\n\t\t\t\t\t\t<\/div>\n\t\t\t\t<\/div>\n\t\t\t\t<\/div>\n\t\t\t\t\t<\/div>\n\t\t\t\t<\/div>\n\t\t<div class=\"elementor-element elementor-element-2730e99 e-flex e-con-boxed e-con e-parent\" data-id=\"2730e99\" data-element_type=\"container\" data-settings=\"{&quot;background_background&quot;:&quot;classic&quot;}\">\n\t\t\t\t\t<div class=\"e-con-inner\">\n\t\t\t\t<div class=\"elementor-element elementor-element-e690b6e elementor-widget elementor-widget-spacer\" data-id=\"e690b6e\" data-element_type=\"widget\" data-widget_type=\"spacer.default\">\n\t\t\t\t<div class=\"elementor-widget-container\">\n\t\t\t\t\t\t\t<div class=\"elementor-spacer\">\n\t\t\t<div class=\"elementor-spacer-inner\"><\/div>\n\t\t<\/div>\n\t\t\t\t\t\t<\/div>\n\t\t\t\t<\/div>\n\t\t\t\t\t<\/div>\n\t\t\t\t<\/div>\n\t\t<div class=\"elementor-element elementor-element-3bf25af7 e-flex e-con-boxed e-con e-parent\" data-id=\"3bf25af7\" data-element_type=\"container\" data-settings=\"{&quot;background_background&quot;:&quot;classic&quot;}\">\n\t\t\t\t\t<div class=\"e-con-inner\">\n\t\t\t\t<div class=\"elementor-element elementor-element-42595c20 elementor-widget elementor-widget-heading\" data-id=\"42595c20\" data-element_type=\"widget\" data-widget_type=\"heading.default\">\n\t\t\t\t<div class=\"elementor-widget-container\">\n\t\t\t\t\t<h3 class=\"elementor-heading-title elementor-size-default\">Alxeria<\/h3>\t\t\t\t<\/div>\n\t\t\t\t<\/div>\n\t\t\t\t<div class=\"elementor-element elementor-element-ea3eaf3 elementor-widget elementor-widget-spacer\" data-id=\"ea3eaf3\" data-element_type=\"widget\" data-widget_type=\"spacer.default\">\n\t\t\t\t<div class=\"elementor-widget-container\">\n\t\t\t\t\t\t\t<div class=\"elementor-spacer\">\n\t\t\t<div class=\"elementor-spacer-inner\"><\/div>\n\t\t<\/div>\n\t\t\t\t\t\t<\/div>\n\t\t\t\t<\/div>\n\t\t\t\t\t<\/div>\n\t\t\t\t<\/div>\n\t\t<div class=\"elementor-element elementor-element-3314f05c e-flex e-con-boxed e-con e-parent\" data-id=\"3314f05c\" data-element_type=\"container\" data-settings=\"{&quot;background_background&quot;:&quot;classic&quot;}\">\n\t\t\t\t\t<div class=\"e-con-inner\">\n\t\t<div class=\"elementor-element elementor-element-c1463f2 e-flex e-con-boxed e-con e-parent\" data-id=\"c1463f2\" data-element_type=\"container\">\n\t\t\t\t\t<div class=\"e-con-inner\">\n\t\t\t\t<div class=\"elementor-element elementor-element-7e6d8148 elementor-widget elementor-widget-image\" data-id=\"7e6d8148\" data-element_type=\"widget\" data-widget_type=\"image.default\">\n\t\t\t\t<div class=\"elementor-widget-container\">\n\t\t\t\t\t\t\t\t\t\t\t\t\t\t\t<img fetchpriority=\"high\" decoding=\"async\" width=\"657\" height=\"438\" src=\"https:\/\/www.naturgy.com\/\/app\/uploads\/2023\/02\/mapa_argelia.png\" class=\"attachment-large size-large wp-image-20229\" alt=\"\" srcset=\"https:\/\/www.naturgy.com\/\/app\/uploads\/2023\/02\/mapa_argelia.png 657w, https:\/\/www.naturgy.com\/\/app\/uploads\/2023\/02\/mapa_argelia-300x200.png 300w\" sizes=\"(max-width: 657px) 100vw, 657px\" \/>\t\t\t\t\t\t\t\t\t\t\t\t\t\t\t<\/div>\n\t\t\t\t<\/div>\n\t\t\t\t\t<\/div>\n\t\t\t\t<\/div>\n\t\t<div class=\"elementor-element elementor-element-4f5f82f e-flex e-con-boxed e-con e-parent\" data-id=\"4f5f82f\" data-element_type=\"container\">\n\t\t\t\t\t<div class=\"e-con-inner\">\n\t\t\t\t<div class=\"elementor-element elementor-element-2910dc8b elementor-widget elementor-widget-text-editor\" data-id=\"2910dc8b\" data-element_type=\"widget\" data-widget_type=\"text-editor.default\">\n\t\t\t\t<div class=\"elementor-widget-container\">\n\t\t\t\t\t\t\t\t\t<p><strong>Mantemos relaci\u00f3ns comerciais de compra e venda de gas en numerosos pa\u00edses<\/strong>, entre os cales destaca Alxeria, de onde parte o gasoduto Medgaz, do que a compa\u00f1\u00eda pechou no mes de abril de 2020 a compra do 34% a Mubadala, pasando as\u00ed a ser propietaria do 49% e Sonatrach o 51% restante.<\/p><p><strong>O gasoduto Medgaz inaugurouse en 2011<\/strong>\u00a0e permite conectar os xacementos alxerinos de Hassi R&#8217; Mel coa rede espa\u00f1ola de gasodutos, tras realizar un percorrido por Alxeria, cruzar o Mar Mediterr\u00e1neo e chegar a Almer\u00eda.<\/p><p><strong>Tr\u00e1tase dun proxecto internacional e multidisciplinar\u00a0<\/strong>que se presenta como a v\u00eda m\u00e1is directa e econ\u00f3mica de aprovisionamento de gas natural ao sur de Europa, beneficiando ao consumidor final.<\/p>\t\t\t\t\t\t\t\t<\/div>\n\t\t\t\t<\/div>\n\t\t\t\t<div class=\"elementor-element elementor-element-35996c64 elementor-align-left elementor-widget elementor-widget-button\" data-id=\"35996c64\" data-element_type=\"widget\" data-widget_type=\"button.default\">\n\t\t\t\t<div class=\"elementor-widget-container\">\n\t\t\t\t\t\t\t\t\t<div class=\"elementor-button-wrapper\">\n\t\t\t\t\t<a class=\"elementor-button elementor-button-link elementor-size-sm\" href=\"https:\/\/www.medgaz.com\/medgaz\/pages\/\" target=\"_blank\" rel=\"noopener\">\n\t\t\t\t\t\t<span class=\"elementor-button-content-wrapper\">\n\t\t\t\t\t\t\t\t\t<span class=\"elementor-button-text\">Gasoduto Medgaz<\/span>\n\t\t\t\t\t<\/span>\n\t\t\t\t\t<\/a>\n\t\t\t\t<\/div>\n\t\t\t\t\t\t\t\t<\/div>\n\t\t\t\t<\/div>\n\t\t\t\t\t<\/div>\n\t\t\t\t<\/div>\n\t\t\t\t\t<\/div>\n\t\t\t\t<\/div>\n\t\t<div class=\"elementor-element elementor-element-b065229 e-con-full e-flex e-con e-parent\" data-id=\"b065229\" data-element_type=\"container\" data-settings=\"{&quot;background_background&quot;:&quot;classic&quot;}\">\n\t\t\t\t<div class=\"elementor-element elementor-element-2d33e5d elementor-widget elementor-widget-spacer\" data-id=\"2d33e5d\" data-element_type=\"widget\" data-widget_type=\"spacer.default\">\n\t\t\t\t<div class=\"elementor-widget-container\">\n\t\t\t\t\t\t\t<div class=\"elementor-spacer\">\n\t\t\t<div class=\"elementor-spacer-inner\"><\/div>\n\t\t<\/div>\n\t\t\t\t\t\t<\/div>\n\t\t\t\t<\/div>\n\t\t\t\t<\/div>\n\t\t\t\t<\/div>\n\t\t","protected":false},"excerpt":{"rendered":"<p>Alxeria Mantemos relaci\u00f3ns comerciais de compra e venda de gas en numerosos pa\u00edses, entre os cales destaca Alxeria, de onde parte o gasoduto Medgaz, do que a compa\u00f1\u00eda pechou no mes de abril de 2020 a compra do 34% a Mubadala, pasando as\u00ed a ser propietaria do 49% e Sonatrach o 51% restante. O gasoduto [&hellip;]<\/p>\n","protected":false},"author":5,"featured_media":0,"parent":40709,"menu_order":3,"comment_status":"closed","ping_status":"closed","template":"","meta":{"_acf_changed":false,"footnotes":""},"class_list":["post-59746","page","type-page","status-publish","hentry"],"acf":[],"_links":{"self":[{"href":"https:\/\/www.naturgy.com\/gl\/wp-json\/wp\/v2\/pages\/59746","targetHints":{"allow":["GET"]}}],"collection":[{"href":"https:\/\/www.naturgy.com\/gl\/wp-json\/wp\/v2\/pages"}],"about":[{"href":"https:\/\/www.naturgy.com\/gl\/wp-json\/wp\/v2\/types\/page"}],"author":[{"embeddable":true,"href":"https:\/\/www.naturgy.com\/gl\/wp-json\/wp\/v2\/users\/5"}],"replies":[{"embeddable":true,"href":"https:\/\/www.naturgy.com\/gl\/wp-json\/wp\/v2\/comments?post=59746"}],"version-history":[{"count":7,"href":"https:\/\/www.naturgy.com\/gl\/wp-json\/wp\/v2\/pages\/59746\/revisions"}],"predecessor-version":[{"id":78744,"href":"https:\/\/www.naturgy.com\/gl\/wp-json\/wp\/v2\/pages\/59746\/revisions\/78744"}],"up":[{"embeddable":true,"href":"https:\/\/www.naturgy.com\/gl\/wp-json\/wp\/v2\/pages\/40709"}],"wp:attachment":[{"href":"https:\/\/www.naturgy.com\/gl\/wp-json\/wp\/v2\/media?parent=59746"}],"curies":[{"name":"wp","href":"https:\/\/api.w.org\/{rel}","templated":true}]}}