{"id":59767,"date":"2023-01-20T16:00:44","date_gmt":"2023-01-20T15:00:44","guid":{"rendered":"https:\/\/www.naturgy.com\/sustenibilidade\/comunidade-e-patrocinio\/solicitud-de-colaboracion\/"},"modified":"2026-03-02T15:27:00","modified_gmt":"2026-03-02T14:27:00","slug":"solicitude-de-colaboracion","status":"publish","type":"page","link":"https:\/\/www.naturgy.com\/gl\/sustenibilidade\/comunidade-e-patrocinio\/solicitude-de-colaboracion\/","title":{"rendered":"Solicitude de colaboraci\u00f3n"},"content":{"rendered":"\t\t<div data-elementor-type=\"wp-page\" data-elementor-id=\"59767\" class=\"elementor elementor-59767 elementor-12514\" data-elementor-post-type=\"page\">\n\t\t\t\t<div class=\"elementor-element elementor-element-74e7f6be e-flex e-con-boxed e-con e-parent\" data-id=\"74e7f6be\" data-element_type=\"container\">\n\t\t\t\t\t<div class=\"e-con-inner\">\n\t\t<div class=\"elementor-element elementor-element-13839f21 e-con-full e-flex e-con e-child\" data-id=\"13839f21\" data-element_type=\"container\">\n\t\t\t\t<div class=\"elementor-element elementor-element-4392d791 elementor-widget elementor-widget-shortcode\" data-id=\"4392d791\" data-element_type=\"widget\" data-widget_type=\"shortcode.default\">\n\t\t\t\t<div class=\"elementor-widget-container\">\n\t\t\t\t\t\t\t<div class=\"elementor-shortcode\"><nav aria-label=\"breadcrumbs\" class=\"rank-math-breadcrumb\"><p><span class=\"last\">Comeza<\/span><\/p><\/nav><\/div>\n\t\t\t\t\t\t<\/div>\n\t\t\t\t<\/div>\n\t\t\t\t<div class=\"elementor-element elementor-element-7132e10f elementor-widget elementor-widget-heading\" data-id=\"7132e10f\" data-element_type=\"widget\" data-widget_type=\"heading.default\">\n\t\t\t\t<div class=\"elementor-widget-container\">\n\t\t\t\t\t<h1 class=\"elementor-heading-title elementor-size-default\">Solicitude de colaboraci\u00f3n<\/h1>\t\t\t\t<\/div>\n\t\t\t\t<\/div>\n\t\t\t\t<\/div>\n\t\t<div class=\"elementor-element elementor-element-4e3a3cc5 e-con-full e-flex e-con e-child\" data-id=\"4e3a3cc5\" data-element_type=\"container\">\n\t\t\t\t<div class=\"elementor-element elementor-element-237e49e8 elementor-widget elementor-widget-spacer\" data-id=\"237e49e8\" data-element_type=\"widget\" data-widget_type=\"spacer.default\">\n\t\t\t\t<div class=\"elementor-widget-container\">\n\t\t\t\t\t\t\t<div class=\"elementor-spacer\">\n\t\t\t<div class=\"elementor-spacer-inner\"><\/div>\n\t\t<\/div>\n\t\t\t\t\t\t<\/div>\n\t\t\t\t<\/div>\n\t\t\t\t<\/div>\n\t\t\t\t\t<\/div>\n\t\t\t\t<\/div>\n\t\t<div class=\"elementor-element elementor-element-d61f404 e-flex e-con-boxed e-con e-parent\" data-id=\"d61f404\" data-element_type=\"container\">\n\t\t\t\t\t<div class=\"e-con-inner\">\n\t\t\t\t<div class=\"elementor-element elementor-element-1a64a5f7 elementor-widget elementor-widget-text-editor\" data-id=\"1a64a5f7\" data-element_type=\"widget\" data-widget_type=\"text-editor.default\">\n\t\t\t\t<div class=\"elementor-widget-container\">\n\t\t\t\t\t\t\t\t\t<p>Na actualidade non temos convocatoria aberta para ampliar as nosas colaboraci\u00f3ns. Non obstante, pode remitir a s\u00faa e conservari\u00e1mola nos nosos rexistros.<\/p>\t\t\t\t\t\t\t\t<\/div>\n\t\t\t\t<\/div>\n\t\t\t\t\t<\/div>\n\t\t\t\t<\/div>\n\t\t<div class=\"elementor-element elementor-element-3e8fe86 e-con-full e-flex e-con e-parent\" data-id=\"3e8fe86\" data-element_type=\"container\">\n\t\t\t\t<div class=\"elementor-element elementor-element-fef2b18 elementor-widget elementor-widget-spacer\" data-id=\"fef2b18\" data-element_type=\"widget\" data-widget_type=\"spacer.default\">\n\t\t\t\t<div class=\"elementor-widget-container\">\n\t\t\t\t\t\t\t<div class=\"elementor-spacer\">\n\t\t\t<div class=\"elementor-spacer-inner\"><\/div>\n\t\t<\/div>\n\t\t\t\t\t\t<\/div>\n\t\t\t\t<\/div>\n\t\t\t\t<\/div>\n\t\t<div class=\"elementor-element elementor-element-5caa08fc e-flex e-con-boxed e-con e-parent\" data-id=\"5caa08fc\" data-element_type=\"container\">\n\t\t\t\t\t<div class=\"e-con-inner\">\n\t\t\t\t<div class=\"elementor-element elementor-element-36946910 elementor-widget elementor-widget-text-editor\" data-id=\"36946910\" data-element_type=\"widget\" data-widget_type=\"text-editor.default\">\n\t\t\t\t<div class=\"elementor-widget-container\">\n\t\t\t\t\t\t\t\t\t<p>(*) Campos oblrgatorios.<\/p>\t\t\t\t\t\t\t\t<\/div>\n\t\t\t\t<\/div>\n\t\t\t\t<div class=\"elementor-element elementor-element-19293739 elementor-button-align-center elementor-widget elementor-widget-form\" data-id=\"19293739\" data-element_type=\"widget\" data-settings=\"{&quot;step_next_label&quot;:&quot;Siguiente&quot;,&quot;step_previous_label&quot;:&quot;Anterior&quot;,&quot;step_type&quot;:&quot;number_text&quot;,&quot;step_icon_shape&quot;:&quot;circle&quot;}\" data-widget_type=\"form.default\">\n\t\t\t\t<div class=\"elementor-widget-container\">\n\t\t\t\t\t\t\t<form class=\"elementor-form\" method=\"post\" name=\"Formulario\" aria-label=\"Formulario\">\n\t\t\t<input type=\"hidden\" name=\"post_id\" value=\"59767\"\/>\n\t\t\t<input type=\"hidden\" name=\"form_id\" value=\"19293739\"\/>\n\t\t\t<input type=\"hidden\" name=\"referer_title\" value=\"\" \/>\n\n\t\t\t\n\t\t\t<div class=\"elementor-form-fields-wrapper elementor-labels-above\">\n\t\t\t\t\t\t\t\t<div class=\"elementor-field-type-text elementor-field-group elementor-column elementor-field-group-field_001a6bf elementor-col-50 elementor-field-required elementor-mark-required\">\n\t\t\t\t\t\t\t\t\t\t\t\t<label for=\"form-field-field_001a6bf\" class=\"elementor-field-label\">\n\t\t\t\t\t\t\t\tOrganizaci\u00f3n solicitante\t\t\t\t\t\t\t<\/label>\n\t\t\t\t\t\t\t\t\t\t\t\t\t\t<input size=\"1\" type=\"text\" name=\"form_fields[field_001a6bf]\" id=\"form-field-field_001a6bf\" class=\"elementor-field elementor-size-xs  elementor-field-textual\" required=\"required\">\n\t\t\t\t\t\t\t\t\t\t\t<\/div>\n\t\t\t\t\t\t\t\t<div class=\"elementor-field-type-text elementor-field-group elementor-column elementor-field-group-field_333193d elementor-col-50 elementor-field-required elementor-mark-required\">\n\t\t\t\t\t\t\t\t\t\t\t\t<label for=\"form-field-field_333193d\" class=\"elementor-field-label\">\n\t\t\t\t\t\t\t\tNome do proxecto\t\t\t\t\t\t\t<\/label>\n\t\t\t\t\t\t\t\t\t\t\t\t\t\t<input size=\"1\" type=\"text\" name=\"form_fields[field_333193d]\" id=\"form-field-field_333193d\" class=\"elementor-field elementor-size-xs  elementor-field-textual\" required=\"required\">\n\t\t\t\t\t\t\t\t\t\t\t<\/div>\n\t\t\t\t\t\t\t\t<div class=\"elementor-field-type-text elementor-field-group elementor-column elementor-field-group-field_62d436a elementor-col-50 elementor-field-required elementor-mark-required\">\n\t\t\t\t\t\t\t\t\t\t\t\t<label for=\"form-field-field_62d436a\" class=\"elementor-field-label\">\n\t\t\t\t\t\t\t\tResponsable do proxecto\t\t\t\t\t\t\t<\/label>\n\t\t\t\t\t\t\t\t\t\t\t\t\t\t<input size=\"1\" type=\"text\" name=\"form_fields[field_62d436a]\" id=\"form-field-field_62d436a\" class=\"elementor-field elementor-size-xs  elementor-field-textual\" required=\"required\">\n\t\t\t\t\t\t\t\t\t\t\t<\/div>\n\t\t\t\t\t\t\t\t<div class=\"elementor-field-type-select elementor-field-group elementor-column elementor-field-group-field_3ac978d elementor-col-50 elementor-field-required elementor-mark-required\">\n\t\t\t\t\t\t\t\t\t\t\t\t<label for=\"form-field-field_3ac978d\" class=\"elementor-field-label\">\n\t\t\t\t\t\t\t\tTratamento\t\t\t\t\t\t\t<\/label>\n\t\t\t\t\t\t\t\t<div class=\"elementor-field elementor-select-wrapper remove-before \">\n\t\t\t<div class=\"select-caret-down-wrapper\">\n\t\t\t\t<i aria-hidden=\"true\" class=\"eicon-caret-down\"><\/i>\t\t\t<\/div>\n\t\t\t<select name=\"form_fields[field_3ac978d]\" id=\"form-field-field_3ac978d\" class=\"elementor-field-textual elementor-size-xs\" required=\"required\">\n\t\t\t\t\t\t\t\t\t<option value=\"Sr.\">Sr.<\/option>\n\t\t\t\t\t\t\t\t\t<option value=\"Sra.\">Sra.<\/option>\n\t\t\t\t\t\t\t<\/select>\n\t\t<\/div>\n\t\t\t\t\t\t<\/div>\n\t\t\t\t\t\t\t\t<div class=\"elementor-field-type-tel elementor-field-group elementor-column elementor-field-group-field_76d3725 elementor-col-50 elementor-field-required elementor-mark-required\">\n\t\t\t\t\t\t\t\t\t\t\t\t<label for=\"form-field-field_76d3725\" class=\"elementor-field-label\">\n\t\t\t\t\t\t\t\tTel\u00e9fono\t\t\t\t\t\t\t<\/label>\n\t\t\t\t\t\t\t\t<input size=\"1\" type=\"tel\" name=\"form_fields[field_76d3725]\" id=\"form-field-field_76d3725\" class=\"elementor-field elementor-size-xs  elementor-field-textual\" required=\"required\" pattern=\"[0-9()#&amp;+*-=.]+\" title=\"Only numbers and phone characters (#, -, *, etc) are accepted.\">\n\n\t\t\t\t\t\t<\/div>\n\t\t\t\t\t\t\t\t<div class=\"elementor-field-type-email elementor-field-group elementor-column elementor-field-group-field_f9cfc16 elementor-col-50 elementor-field-required elementor-mark-required\">\n\t\t\t\t\t\t\t\t\t\t\t\t<label for=\"form-field-field_f9cfc16\" class=\"elementor-field-label\">\n\t\t\t\t\t\t\t\tCorreo electr\u00f3nico\t\t\t\t\t\t\t<\/label>\n\t\t\t\t\t\t\t\t\t\t\t\t\t\t<input size=\"1\" type=\"email\" name=\"form_fields[field_f9cfc16]\" id=\"form-field-field_f9cfc16\" class=\"elementor-field elementor-size-xs  elementor-field-textual\" required=\"required\">\n\t\t\t\t\t\t\t\t\t\t\t<\/div>\n\t\t\t\t\t\t\t\t<div class=\"elementor-field-type-select elementor-field-group elementor-column elementor-field-group-field_f10a90f elementor-col-50 elementor-field-required elementor-mark-required\">\n\t\t\t\t\t\t\t\t\t\t\t\t<label for=\"form-field-field_f10a90f\" class=\"elementor-field-label\">\n\t\t\t\t\t\t\t\tLi\u00f1a de actuaci\u00f3n\t\t\t\t\t\t\t<\/label>\n\t\t\t\t\t\t\t\t<div class=\"elementor-field elementor-select-wrapper remove-before \">\n\t\t\t<div class=\"select-caret-down-wrapper\">\n\t\t\t\t<i aria-hidden=\"true\" class=\"eicon-caret-down\"><\/i>\t\t\t<\/div>\n\t\t\t<select name=\"form_fields[field_f10a90f]\" id=\"form-field-field_f10a90f\" class=\"elementor-field-textual elementor-size-xs\" required=\"required\">\n\t\t\t\t\t\t\t\t\t<option value=\"Cultural\">Cultural<\/option>\n\t\t\t\t\t\t\t\t\t<option value=\"Deportivo\">Deportivo<\/option>\n\t\t\t\t\t\t\t\t\t<option value=\"Enerx\u00eda e medioambiente\">Enerx\u00eda e medioambiente<\/option>\n\t\t\t\t\t\t\t\t\t<option value=\"Social\">Social<\/option>\n\t\t\t\t\t\t\t<\/select>\n\t\t<\/div>\n\t\t\t\t\t\t<\/div>\n\t\t\t\t\t\t\t\t<div class=\"elementor-field-type-select elementor-field-group elementor-column elementor-field-group-field_b06328f elementor-col-50 elementor-field-required elementor-mark-required\">\n\t\t\t\t\t\t\t\t\t\t\t\t<label for=\"form-field-field_b06328f\" class=\"elementor-field-label\">\n\t\t\t\t\t\t\t\t\u00c1rea de actuaci\u00f3n\t\t\t\t\t\t\t<\/label>\n\t\t\t\t\t\t\t\t<div class=\"elementor-field elementor-select-wrapper remove-before \">\n\t\t\t<div class=\"select-caret-down-wrapper\">\n\t\t\t\t<i aria-hidden=\"true\" class=\"eicon-caret-down\"><\/i>\t\t\t<\/div>\n\t\t\t<select name=\"form_fields[field_b06328f]\" id=\"form-field-field_b06328f\" class=\"elementor-field-textual elementor-size-xs\" required=\"required\">\n\t\t\t\t\t\t\t\t\t<option value=\"Educaci\u00f3n e xuventude\">Educaci\u00f3n e xuventude<\/option>\n\t\t\t\t\t\t\t\t\t<option value=\"Sa\u00fade\">Sa\u00fade<\/option>\n\t\t\t\t\t\t\t\t\t<option value=\"Desenvolvemento econ\u00f3mico\">Desenvolvemento econ\u00f3mico<\/option>\n\t\t\t\t\t\t\t\t\t<option value=\"Medio \">Medio <\/option>\n\t\t\t\t\t\t\t\t\t<option value=\"Arte e cultura\">Arte e cultura<\/option>\n\t\t\t\t\t\t\t\t\t<option value=\"Benestar social\">Benestar social<\/option>\n\t\t\t\t\t\t\t\t\t<option value=\"Axuda humanitaria\">Axuda humanitaria<\/option>\n\t\t\t\t\t\t\t\t\t<option value=\"Deportivo\">Deportivo<\/option>\n\t\t\t\t\t\t\t\t\t<option value=\"Investigaci\u00f3n\">Investigaci\u00f3n<\/option>\n\t\t\t\t\t\t\t<\/select>\n\t\t<\/div>\n\t\t\t\t\t\t<\/div>\n\t\t\t\t\t\t\t\t<div class=\"elementor-field-type-text elementor-field-group elementor-column elementor-field-group-field_ca4d0a6 elementor-col-50\">\n\t\t\t\t\t\t\t\t\t\t\t\t<label for=\"form-field-field_ca4d0a6\" class=\"elementor-field-label\">\n\t\t\t\t\t\t\t\tRecursos (importe en \u20ac)\t\t\t\t\t\t\t<\/label>\n\t\t\t\t\t\t\t\t\t\t\t\t\t\t<input size=\"1\" type=\"text\" name=\"form_fields[field_ca4d0a6]\" id=\"form-field-field_ca4d0a6\" class=\"elementor-field elementor-size-xs  elementor-field-textual\">\n\t\t\t\t\t\t\t\t\t\t\t<\/div>\n\t\t\t\t\t\t\t\t<div class=\"elementor-field-type-date elementor-field-group elementor-column elementor-field-group-field_04433f8 elementor-col-50 elementor-field-required elementor-mark-required\">\n\t\t\t\t\t\t\t\t\t\t\t\t<label for=\"form-field-field_04433f8\" class=\"elementor-field-label\">\n\t\t\t\t\t\t\t\tData de inicio da iniciativa\t\t\t\t\t\t\t<\/label>\n\t\t\t\t\t\t\n\t\t<input type=\"date\" name=\"form_fields[field_04433f8]\" id=\"form-field-field_04433f8\" class=\"elementor-field elementor-size-xs  elementor-field-textual elementor-date-field\" required=\"required\" pattern=\"[0-9]{4}-[0-9]{2}-[0-9]{2}\">\n\t\t\t\t\t\t<\/div>\n\t\t\t\t\t\t\t\t<div class=\"elementor-field-type-select elementor-field-group elementor-column elementor-field-group-field_a7447cd elementor-col-50 elementor-field-required elementor-mark-required\">\n\t\t\t\t\t\t\t\t\t\t\t\t<label for=\"form-field-field_a7447cd\" class=\"elementor-field-label\">\n\t\t\t\t\t\t\t\tAlcance da actividade proposta\t\t\t\t\t\t\t<\/label>\n\t\t\t\t\t\t\t\t<div class=\"elementor-field elementor-select-wrapper remove-before \">\n\t\t\t<div class=\"select-caret-down-wrapper\">\n\t\t\t\t<i aria-hidden=\"true\" class=\"eicon-caret-down\"><\/i>\t\t\t<\/div>\n\t\t\t<select name=\"form_fields[field_a7447cd]\" id=\"form-field-field_a7447cd\" class=\"elementor-field-textual elementor-size-xs\" required=\"required\">\n\t\t\t\t\t\t\t\t\t<option value=\"Internacional\">Internacional<\/option>\n\t\t\t\t\t\t\t\t\t<option value=\"Nacional\">Nacional<\/option>\n\t\t\t\t\t\t\t\t\t<option value=\"Rexional\">Rexional<\/option>\n\t\t\t\t\t\t\t\t\t<option value=\"Local\">Local<\/option>\n\t\t\t\t\t\t\t<\/select>\n\t\t<\/div>\n\t\t\t\t\t\t<\/div>\n\t\t\t\t\t\t\t\t<div class=\"elementor-field-type-select elementor-field-group elementor-column elementor-field-group-field_ba64d42 elementor-col-50 elementor-field-required elementor-mark-required\">\n\t\t\t\t\t\t\t\t\t\t\t\t<label for=\"form-field-field_ba64d42\" class=\"elementor-field-label\">\n\t\t\t\t\t\t\t\tPa\u00eds promotor\t\t\t\t\t\t\t<\/label>\n\t\t\t\t\t\t\t\t<div class=\"elementor-field elementor-select-wrapper remove-before \">\n\t\t\t<div class=\"select-caret-down-wrapper\">\n\t\t\t\t<i aria-hidden=\"true\" class=\"eicon-caret-down\"><\/i>\t\t\t<\/div>\n\t\t\t<select name=\"form_fields[field_ba64d42]\" id=\"form-field-field_ba64d42\" class=\"elementor-field-textual elementor-size-xs\" required=\"required\">\n\t\t\t\t\t\t\t\t\t<option value=\"Alema\u00f1a\">Alema\u00f1a<\/option>\n\t\t\t\t\t\t\t\t\t<option value=\"Arxentina\">Arxentina<\/option>\n\t\t\t\t\t\t\t\t\t<option value=\"Australia\">Australia<\/option>\n\t\t\t\t\t\t\t\t\t<option value=\"Austria\">Austria<\/option>\n\t\t\t\t\t\t\t\t\t<option value=\"B\u00e9lxica\">B\u00e9lxica<\/option>\n\t\t\t\t\t\t\t\t\t<option value=\"Brasil\">Brasil<\/option>\n\t\t\t\t\t\t\t\t\t<option value=\"Canad\u00e1\">Canad\u00e1<\/option>\n\t\t\t\t\t\t\t\t\t<option value=\"Chile\">Chile<\/option>\n\t\t\t\t\t\t\t\t\t<option value=\"China\">China<\/option>\n\t\t\t\t\t\t\t\t\t<option value=\"Colombia\">Colombia<\/option>\n\t\t\t\t\t\t\t\t\t<option value=\"Dinamarca\">Dinamarca<\/option>\n\t\t\t\t\t\t\t\t\t<option value=\"Espa\u00f1a\">Espa\u00f1a<\/option>\n\t\t\t\t\t\t\t\t\t<option value=\"Estados Unidos\">Estados Unidos<\/option>\n\t\t\t\t\t\t\t\t\t<option value=\"Finlandia\">Finlandia<\/option>\n\t\t\t\t\t\t\t\t\t<option value=\"Francia\">Francia<\/option>\n\t\t\t\t\t\t\t\t\t<option value=\"Grecia\">Grecia<\/option>\n\t\t\t\t\t\t\t\t\t<option value=\"India\">India<\/option>\n\t\t\t\t\t\t\t\t\t<option value=\"Irlanda\">Irlanda<\/option>\n\t\t\t\t\t\t\t\t\t<option value=\"Israel\">Israel<\/option>\n\t\t\t\t\t\t\t\t\t<option value=\"Italia\">Italia<\/option>\n\t\t\t\t\t\t\t\t\t<option value=\"M\u00e9xico\">M\u00e9xico<\/option>\n\t\t\t\t\t\t\t\t\t<option value=\"Noruega\">Noruega<\/option>\n\t\t\t\t\t\t\t\t\t<option value=\"Panam\u00e1\">Panam\u00e1<\/option>\n\t\t\t\t\t\t\t\t\t<option value=\"Per\u00fa\">Per\u00fa<\/option>\n\t\t\t\t\t\t\t\t\t<option value=\"Polonia \">Polonia <\/option>\n\t\t\t\t\t\t\t\t\t<option value=\"Reino Unido\">Reino Unido<\/option>\n\t\t\t\t\t\t\t\t\t<option value=\"Roman\u00eda\">Roman\u00eda<\/option>\n\t\t\t\t\t\t\t\t\t<option value=\"Rusia\">Rusia<\/option>\n\t\t\t\t\t\t\t\t\t<option value=\"Singapur\">Singapur<\/option>\n\t\t\t\t\t\t\t\t\t<option value=\"Sud\u00e1frica\">Sud\u00e1frica<\/option>\n\t\t\t\t\t\t\t\t\t<option value=\"Suecia\">Suecia<\/option>\n\t\t\t\t\t\t\t\t\t<option value=\"Suiza\">Suiza<\/option>\n\t\t\t\t\t\t\t\t\t<option value=\"Xap\u00f3n\">Xap\u00f3n<\/option>\n\t\t\t\t\t\t\t\t\t<option value=\"Outros\">Outros<\/option>\n\t\t\t\t\t\t\t<\/select>\n\t\t<\/div>\n\t\t\t\t\t\t<\/div>\n\t\t\t\t\t\t\t\t<div class=\"elementor-field-type-select elementor-field-group elementor-column elementor-field-group-field_eed4a69 elementor-col-50 elementor-field-required elementor-mark-required\">\n\t\t\t\t\t\t\t\t\t\t\t\t<label for=\"form-field-field_eed4a69\" class=\"elementor-field-label\">\n\t\t\t\t\t\t\t\tPa\u00eds beneficiario\t\t\t\t\t\t\t<\/label>\n\t\t\t\t\t\t\t\t<div class=\"elementor-field elementor-select-wrapper remove-before \">\n\t\t\t<div class=\"select-caret-down-wrapper\">\n\t\t\t\t<i aria-hidden=\"true\" class=\"eicon-caret-down\"><\/i>\t\t\t<\/div>\n\t\t\t<select name=\"form_fields[field_eed4a69]\" id=\"form-field-field_eed4a69\" class=\"elementor-field-textual elementor-size-xs\" required=\"required\">\n\t\t\t\t\t\t\t\t\t<option value=\"Alema\u00f1a\">Alema\u00f1a<\/option>\n\t\t\t\t\t\t\t\t\t<option value=\"Arxentina\">Arxentina<\/option>\n\t\t\t\t\t\t\t\t\t<option value=\"Australia\">Australia<\/option>\n\t\t\t\t\t\t\t\t\t<option value=\"Austria\">Austria<\/option>\n\t\t\t\t\t\t\t\t\t<option value=\"B\u00e9lxica\">B\u00e9lxica<\/option>\n\t\t\t\t\t\t\t\t\t<option value=\"Brasil\">Brasil<\/option>\n\t\t\t\t\t\t\t\t\t<option value=\"Canad\u00e1\">Canad\u00e1<\/option>\n\t\t\t\t\t\t\t\t\t<option value=\"Chile\">Chile<\/option>\n\t\t\t\t\t\t\t\t\t<option value=\"China\">China<\/option>\n\t\t\t\t\t\t\t\t\t<option value=\"Colombia\">Colombia<\/option>\n\t\t\t\t\t\t\t\t\t<option value=\"Dinamarca\">Dinamarca<\/option>\n\t\t\t\t\t\t\t\t\t<option value=\"Espa\u00f1a\">Espa\u00f1a<\/option>\n\t\t\t\t\t\t\t\t\t<option value=\"Estados Unidos\">Estados Unidos<\/option>\n\t\t\t\t\t\t\t\t\t<option value=\"Finlandia\">Finlandia<\/option>\n\t\t\t\t\t\t\t\t\t<option value=\"Francia\">Francia<\/option>\n\t\t\t\t\t\t\t\t\t<option value=\"Grecia\">Grecia<\/option>\n\t\t\t\t\t\t\t\t\t<option value=\"India\">India<\/option>\n\t\t\t\t\t\t\t\t\t<option value=\"Irlanda\">Irlanda<\/option>\n\t\t\t\t\t\t\t\t\t<option value=\"Israel\">Israel<\/option>\n\t\t\t\t\t\t\t\t\t<option value=\"Italia\">Italia<\/option>\n\t\t\t\t\t\t\t\t\t<option value=\"M\u00e9xico\">M\u00e9xico<\/option>\n\t\t\t\t\t\t\t\t\t<option value=\"Noruega\">Noruega<\/option>\n\t\t\t\t\t\t\t\t\t<option value=\"Panam\u00e1\">Panam\u00e1<\/option>\n\t\t\t\t\t\t\t\t\t<option value=\"Per\u00fa\">Per\u00fa<\/option>\n\t\t\t\t\t\t\t\t\t<option value=\"Polonia \">Polonia <\/option>\n\t\t\t\t\t\t\t\t\t<option value=\"Reino Unido\">Reino Unido<\/option>\n\t\t\t\t\t\t\t\t\t<option value=\"Roman\u00eda\">Roman\u00eda<\/option>\n\t\t\t\t\t\t\t\t\t<option value=\"Rusia\">Rusia<\/option>\n\t\t\t\t\t\t\t\t\t<option value=\"Singapur\">Singapur<\/option>\n\t\t\t\t\t\t\t\t\t<option value=\"Sud\u00e1frica\">Sud\u00e1frica<\/option>\n\t\t\t\t\t\t\t\t\t<option value=\"Suecia\">Suecia<\/option>\n\t\t\t\t\t\t\t\t\t<option value=\"Suiza\">Suiza<\/option>\n\t\t\t\t\t\t\t\t\t<option value=\"Xap\u00f3n\">Xap\u00f3n<\/option>\n\t\t\t\t\t\t\t\t\t<option value=\"Outros\">Outros<\/option>\n\t\t\t\t\t\t\t<\/select>\n\t\t<\/div>\n\t\t\t\t\t\t<\/div>\n\t\t\t\t\t\t\t\t<div class=\"elementor-field-type-text elementor-field-group elementor-column elementor-field-group-field_09efde8 elementor-col-50 elementor-field-required elementor-mark-required\">\n\t\t\t\t\t\t\t\t\t\t\t\t<label for=\"form-field-field_09efde8\" class=\"elementor-field-label\">\n\t\t\t\t\t\t\t\tUbicaci\u00f3n\t\t\t\t\t\t\t<\/label>\n\t\t\t\t\t\t\t\t\t\t\t\t\t\t<input size=\"1\" type=\"text\" name=\"form_fields[field_09efde8]\" id=\"form-field-field_09efde8\" class=\"elementor-field elementor-size-xs  elementor-field-textual\" required=\"required\">\n\t\t\t\t\t\t\t\t\t\t\t<\/div>\n\t\t\t\t\t\t\t\t<div class=\"elementor-field-type-textarea elementor-field-group elementor-column elementor-field-group-field_7009c52 elementor-col-100\">\n\t\t\t\t\t\t\t\t\t\t\t\t<label for=\"form-field-field_7009c52\" class=\"elementor-field-label\">\n\t\t\t\t\t\t\t\tBreve descrici\u00f3n do proxecto\t\t\t\t\t\t\t<\/label>\n\t\t\t\t\t\t<textarea class=\"elementor-field-textual elementor-field  elementor-size-xs\" name=\"form_fields[field_7009c52]\" id=\"form-field-field_7009c52\" rows=\"6\"><\/textarea>\t\t\t\t<\/div>\n\t\t\t\t\t\t\t\t<div class=\"elementor-field-type-upload elementor-field-group elementor-column elementor-field-group-field_f2e6211 elementor-col-100 elementor-field-required elementor-mark-required\">\n\t\t\t\t\t\t\t\t\t\t\t\t<label for=\"form-field-field_f2e6211\" class=\"elementor-field-label\">\n\t\t\t\t\t\t\t\tDocumentaci\u00f3n relacionada\t\t\t\t\t\t\t<\/label>\n\t\t\t\t\t\t\t\t<input type=\"file\" name=\"form_fields[field_f2e6211]\" id=\"form-field-field_f2e6211\" class=\"elementor-field elementor-size-xs  elementor-upload-field\" required=\"required\" data-maxsize=\"8\" data-maxsize-message=\"This file exceeds the maximum allowed size.\">\n\n\t\t\t\t\t\t<\/div>\n\t\t\t\t\t\t\t\t<div class=\"elementor-field-type-html elementor-field-group elementor-column elementor-field-group-field_3578b56 elementor-col-100\">\n\t\t\t\t\t<b>Ficheiros aceptados:<\/b> .doc .docx .xls .xlsx .bmp .jpg .jpeg .ppt .pptx .pdf\n<br><b>\u2028Tama\u00f1o m\u00e1ximo do arquivo:<\/b> 8 MB\t\t\t\t<\/div>\n\t\t\t\t\t\t\t\t<div class=\"elementor-field-type-recaptcha_v3 elementor-field-group elementor-column elementor-field-group-field_0847199 elementor-col-100 recaptcha_v3-bottomright\">\n\t\t\t\t\t<div class=\"elementor-field\" id=\"form-field-field_0847199\"><div class=\"elementor-g-recaptcha\" data-sitekey=\"6LcnFAYlAAAAAAu20p_Qh5kxLum9tPjwCKgpBK6l\" data-type=\"v3\" data-action=\"Form\" data-badge=\"bottomright\" data-size=\"invisible\"><\/div><\/div>\t\t\t\t<\/div>\n\t\t\t\t\t\t\t\t<div class=\"elementor-field-type-html elementor-field-group elementor-column elementor-field-group-field_2483f43 elementor-col-100\">\n\t\t\t\t\t<h2>Condici\u00f3ns legais<\/h2>\n<p>En cumprimento do disposto na normativa vixente de Protecci\u00f3n de datos persoais, Naturgy Energy S.A. inf\u00f3rmalle que os seus datos persoais que vostede facilite ser\u00e1n tratados por parte do responsable do tratamento en base \u00e1 relaci\u00f3n mantida co responsable, coa finalidade de xestionar a s\u00faa subscrici\u00f3n \u00e1 recepci\u00f3n de comunicaci\u00f3ns e informaci\u00f3n relativa \u00e1 s\u00faa condici\u00f3n de accionista ou investidor de Naturgy.\n.<\/p>\n<p>Adicionalmente, Naturgy Energy S.A. inf\u00f3rmalle que Vd. ten dereito a acceder, rectificar e suprimir os datos, limitar o seu tratamento, opo\u00f1erse ao tratamento e exercer o seu dereito \u00e1 portabilidad dos datos de car\u00e1cter persoal, dirix\u00edndose por escrito a Oficina do Accionista en Avenida Diagonal 525, 08029 Barcelona ou \u00e1 direcci\u00f3n de correo <a href=\"mailto:dpd-dpo@naturgy.com\">dpd-dpo@naturgy.com<\/a>, achegando unha copia do documento que acredite a s\u00faa identidade (DNI\/ NIE).<\/p>\n<p>Aconsell\u00e1moslle consulte <a href=\"https:\/\/www.naturgy.com\/gl\/nota-legal\">informaci\u00f3n detallada sobre protecci\u00f3n de datos dispo\u00f1ible na nosa p\u00e1xina web<\/a> ou solicitando o seu env\u00edo por email.<\/p>\n\t\t\t\t<\/div>\n\t\t\t\t\t\t\t\t<div class=\"elementor-field-type-acceptance elementor-field-group elementor-column elementor-field-group-field_43bb5cd elementor-col-100 elementor-field-required elementor-mark-required\">\n\t\t\t\t\t\t\t<div class=\"elementor-field-subgroup\">\n\t\t\t<span class=\"elementor-field-option\">\n\t\t\t\t<input type=\"checkbox\" name=\"form_fields[field_43bb5cd]\" id=\"form-field-field_43bb5cd\" class=\"elementor-field elementor-size-xs  elementor-acceptance-field\" required=\"required\">\n\t\t\t\t<label for=\"form-field-field_43bb5cd\">Lin e acepto as condici\u00f3ns legais*<\/label>\t\t\t<\/span>\n\t\t<\/div>\n\t\t\t\t\t\t<\/div>\n\t\t\t\t\t\t\t\t<div class=\"elementor-field-group elementor-column elementor-field-type-submit elementor-col-100 e-form__buttons\">\n\t\t\t\t\t<button class=\"elementor-button elementor-size-xs\" type=\"submit\">\n\t\t\t\t\t\t<span class=\"elementor-button-content-wrapper\">\n\t\t\t\t\t\t\t\t\t\t\t\t\t\t\t\t\t\t\t\t\t\t<span class=\"elementor-button-text\">Enviar<\/span>\n\t\t\t\t\t\t\t\t\t\t\t\t\t<\/span>\n\t\t\t\t\t<\/button>\n\t\t\t\t<\/div>\n\t\t\t<\/div>\n\t\t<\/form>\n\t\t\t\t\t\t<\/div>\n\t\t\t\t<\/div>\n\t\t\t\t\t<\/div>\n\t\t\t\t<\/div>\n\t\t<div class=\"elementor-element elementor-element-174d1d10 e-con-full e-flex e-con e-parent\" data-id=\"174d1d10\" data-element_type=\"container\">\n\t\t\t\t<div class=\"elementor-element elementor-element-71d38e09 elementor-widget elementor-widget-spacer\" data-id=\"71d38e09\" data-element_type=\"widget\" data-widget_type=\"spacer.default\">\n\t\t\t\t<div class=\"elementor-widget-container\">\n\t\t\t\t\t\t\t<div class=\"elementor-spacer\">\n\t\t\t<div class=\"elementor-spacer-inner\"><\/div>\n\t\t<\/div>\n\t\t\t\t\t\t<\/div>\n\t\t\t\t<\/div>\n\t\t\t\t<\/div>\n\t\t\t\t<\/div>\n\t\t","protected":false},"excerpt":{"rendered":"<p>Na actualidade non temos convocatoria aberta para ampliar as nosas colaboraci\u00f3ns. Non obstante, pode remitir a s\u00faa e conservari\u00e1mola nos nosos rexistros. (*) Campos oblrgatorios.<\/p>\n","protected":false},"author":5,"featured_media":0,"parent":41634,"menu_order":1,"comment_status":"closed","ping_status":"closed","template":"","meta":{"_acf_changed":false,"footnotes":""},"class_list":["post-59767","page","type-page","status-publish","hentry"],"acf":[],"_links":{"self":[{"href":"https:\/\/www.naturgy.com\/gl\/wp-json\/wp\/v2\/pages\/59767","targetHints":{"allow":["GET"]}}],"collection":[{"href":"https:\/\/www.naturgy.com\/gl\/wp-json\/wp\/v2\/pages"}],"about":[{"href":"https:\/\/www.naturgy.com\/gl\/wp-json\/wp\/v2\/types\/page"}],"author":[{"embeddable":true,"href":"https:\/\/www.naturgy.com\/gl\/wp-json\/wp\/v2\/users\/5"}],"replies":[{"embeddable":true,"href":"https:\/\/www.naturgy.com\/gl\/wp-json\/wp\/v2\/comments?post=59767"}],"version-history":[{"count":20,"href":"https:\/\/www.naturgy.com\/gl\/wp-json\/wp\/v2\/pages\/59767\/revisions"}],"predecessor-version":[{"id":139592,"href":"https:\/\/www.naturgy.com\/gl\/wp-json\/wp\/v2\/pages\/59767\/revisions\/139592"}],"up":[{"embeddable":true,"href":"https:\/\/www.naturgy.com\/gl\/wp-json\/wp\/v2\/pages\/41634"}],"wp:attachment":[{"href":"https:\/\/www.naturgy.com\/gl\/wp-json\/wp\/v2\/media?parent=59767"}],"curies":[{"name":"wp","href":"https:\/\/api.w.org\/{rel}","templated":true}]}}