{"id":59786,"date":"2023-01-20T14:52:08","date_gmt":"2023-01-20T13:52:08","guid":{"rendered":"https:\/\/www.naturgy.com\/sustenibilidade\/medio-ambiente\/"},"modified":"2026-03-26T11:20:02","modified_gmt":"2026-03-26T10:20:02","slug":"medio-ambiente","status":"publish","type":"page","link":"https:\/\/www.naturgy.com\/gl\/sustenibilidade\/medio-ambiente\/","title":{"rendered":"Medio Ambiente"},"content":{"rendered":"\t\t<div data-elementor-type=\"wp-page\" data-elementor-id=\"59786\" class=\"elementor elementor-59786 elementor-12443\" data-elementor-post-type=\"page\">\n\t\t\t\t<div class=\"elementor-element elementor-element-51feab07 e-con-full e-flex e-con e-parent\" data-id=\"51feab07\" data-element_type=\"container\" data-settings=\"{&quot;background_background&quot;:&quot;classic&quot;}\">\n\t\t<div class=\"elementor-element elementor-element-30f7bea1 e-con-full e-flex e-con e-child\" data-id=\"30f7bea1\" data-element_type=\"container\">\n\t\t\t\t<div class=\"elementor-element elementor-element-6135f8fd elementor-widget elementor-widget-heading\" data-id=\"6135f8fd\" data-element_type=\"widget\" data-widget_type=\"heading.default\">\n\t\t\t\t<div class=\"elementor-widget-container\">\n\t\t\t\t\t<h2 class=\"elementor-heading-title elementor-size-default\">Comprometidos co desenvolvemento sostible da sociedade<\/h2>\t\t\t\t<\/div>\n\t\t\t\t<\/div>\n\t\t\t\t<\/div>\n\t\t<div class=\"elementor-element elementor-element-3c2d624f e-con-full e-flex e-con e-child\" data-id=\"3c2d624f\" data-element_type=\"container\">\n\t\t\t\t<div class=\"elementor-element elementor-element-1c98b3ab elementor-hidden-tablet elementor-hidden-desktop elementor-widget elementor-widget-image\" data-id=\"1c98b3ab\" data-element_type=\"widget\" data-widget_type=\"image.default\">\n\t\t\t\t<div class=\"elementor-widget-container\">\n\t\t\t\t\t\t\t\t\t\t\t\t\t\t\t<img fetchpriority=\"high\" decoding=\"async\" width=\"768\" height=\"512\" src=\"https:\/\/www.naturgy.com\/\/app\/uploads\/2023\/03\/N2_medio_ambiente_mov-min.png\" class=\"attachment-large size-large wp-image-55412\" alt=\"\" srcset=\"https:\/\/www.naturgy.com\/\/app\/uploads\/2023\/03\/N2_medio_ambiente_mov-min.png 768w, https:\/\/www.naturgy.com\/\/app\/uploads\/2023\/03\/N2_medio_ambiente_mov-min-300x200.png 300w\" sizes=\"(max-width: 768px) 100vw, 768px\" \/>\t\t\t\t\t\t\t\t\t\t\t\t\t\t\t<\/div>\n\t\t\t\t<\/div>\n\t\t\t\t<\/div>\n\t\t\t\t<\/div>\n\t\t<div class=\"elementor-element elementor-element-4bb80b2f e-con-full e-flex e-con e-parent\" data-id=\"4bb80b2f\" data-element_type=\"container\">\n\t\t\t\t<div class=\"elementor-element elementor-element-1b656e6d elementor-widget elementor-widget-spacer\" data-id=\"1b656e6d\" data-element_type=\"widget\" data-widget_type=\"spacer.default\">\n\t\t\t\t<div class=\"elementor-widget-container\">\n\t\t\t\t\t\t\t<div class=\"elementor-spacer\">\n\t\t\t<div class=\"elementor-spacer-inner\"><\/div>\n\t\t<\/div>\n\t\t\t\t\t\t<\/div>\n\t\t\t\t<\/div>\n\t\t\t\t<\/div>\n\t\t<div class=\"elementor-element elementor-element-8e089be e-flex e-con-boxed e-con e-parent\" data-id=\"8e089be\" data-element_type=\"container\">\n\t\t\t\t\t<div class=\"e-con-inner\">\n\t\t\t\t<div class=\"elementor-element elementor-element-6b9c125 elementor-widget elementor-widget-heading\" data-id=\"6b9c125\" data-element_type=\"widget\" data-widget_type=\"heading.default\">\n\t\t\t\t<div class=\"elementor-widget-container\">\n\t\t\t\t\t<h2 class=\"elementor-heading-title elementor-size-default\">A nosa Pol\u00edtica de Sustentabilidade<\/h2>\t\t\t\t<\/div>\n\t\t\t\t<\/div>\n\t\t\t\t\t<\/div>\n\t\t\t\t<\/div>\n\t\t<div class=\"elementor-element elementor-element-1ea94c1f e-con-full e-flex e-con e-parent\" data-id=\"1ea94c1f\" data-element_type=\"container\">\n\t\t\t\t<div class=\"elementor-element elementor-element-4f678c44 elementor-widget elementor-widget-spacer\" data-id=\"4f678c44\" data-element_type=\"widget\" data-widget_type=\"spacer.default\">\n\t\t\t\t<div class=\"elementor-widget-container\">\n\t\t\t\t\t\t\t<div class=\"elementor-spacer\">\n\t\t\t<div class=\"elementor-spacer-inner\"><\/div>\n\t\t<\/div>\n\t\t\t\t\t\t<\/div>\n\t\t\t\t<\/div>\n\t\t\t\t<\/div>\n\t\t<div class=\"elementor-element elementor-element-11082d95 e-flex e-con-boxed e-con e-parent\" data-id=\"11082d95\" data-element_type=\"container\">\n\t\t\t\t\t<div class=\"e-con-inner\">\n\t\t<div class=\"elementor-element elementor-element-919af4c e-flex e-con-boxed e-con e-child\" data-id=\"919af4c\" data-element_type=\"container\">\n\t\t\t\t\t<div class=\"e-con-inner\">\n\t\t\t\t<div class=\"elementor-element elementor-element-e73388d elementor-widget elementor-widget-text-editor\" data-id=\"e73388d\" data-element_type=\"widget\" data-widget_type=\"text-editor.default\">\n\t\t\t\t<div class=\"elementor-widget-container\">\n\t\t\t\t\t\t\t\t\t<p>Impulsamos o desenvolvemento sostible da sociedade, garantindo a subministraci\u00f3n aos nosos clientes de enerx\u00eda competitiva, segura e co m\u00e1ximo respecto ao medio ambiente.\u00a0<\/p>\t\t\t\t\t\t\t\t<\/div>\n\t\t\t\t<\/div>\n\t\t\t\t<div class=\"elementor-element elementor-element-08caa97 elementor-align-left elementor-widget elementor-widget-button\" data-id=\"08caa97\" data-element_type=\"widget\" data-widget_type=\"button.default\">\n\t\t\t\t<div class=\"elementor-widget-container\">\n\t\t\t\t\t\t\t\t\t<div class=\"elementor-button-wrapper\">\n\t\t\t\t\t<a class=\"elementor-button elementor-button-link elementor-size-sm\" href=\"https:\/\/stproportalcorporativo.blob.core.windows.net\/uploads\/2026\/02\/PL.00001-Sostenibilidad-Ed.1-Publica.pdf\" target=\"_blank\" rel=\"noopener\">\n\t\t\t\t\t\t<span class=\"elementor-button-content-wrapper\">\n\t\t\t\t\t\t\t\t\t<span class=\"elementor-button-text\">Descargar<\/span>\n\t\t\t\t\t<\/span>\n\t\t\t\t\t<\/a>\n\t\t\t\t<\/div>\n\t\t\t\t\t\t\t\t<\/div>\n\t\t\t\t<\/div>\n\t\t\t\t\t<\/div>\n\t\t\t\t<\/div>\n\t\t<div class=\"elementor-element elementor-element-3a02052a e-flex e-con-boxed e-con e-child\" data-id=\"3a02052a\" data-element_type=\"container\">\n\t\t\t\t\t<div class=\"e-con-inner\">\n\t\t\t\t<div class=\"elementor-element elementor-element-755f94f5 elementor-widget elementor-widget-image\" data-id=\"755f94f5\" data-element_type=\"widget\" data-widget_type=\"image.default\">\n\t\t\t\t<div class=\"elementor-widget-container\">\n\t\t\t\t\t\t\t\t\t\t\t\t\t\t\t<img decoding=\"async\" width=\"800\" height=\"382\" src=\"https:\/\/www.naturgy.com\/\/app\/uploads\/2023\/02\/voluntariado-2-1024x489.jpg\" class=\"attachment-large size-large wp-image-22904\" alt=\"\" srcset=\"https:\/\/www.naturgy.com\/\/app\/uploads\/2023\/02\/voluntariado-2-1024x489.jpg 1024w, https:\/\/www.naturgy.com\/\/app\/uploads\/2023\/02\/voluntariado-2-300x143.jpg 300w, https:\/\/www.naturgy.com\/\/app\/uploads\/2023\/02\/voluntariado-2-768x367.jpg 768w, https:\/\/www.naturgy.com\/\/app\/uploads\/2023\/02\/voluntariado-2.jpg 1072w\" sizes=\"(max-width: 800px) 100vw, 800px\" \/>\t\t\t\t\t\t\t\t\t\t\t\t\t\t\t<\/div>\n\t\t\t\t<\/div>\n\t\t\t\t\t<\/div>\n\t\t\t\t<\/div>\n\t\t\t\t\t<\/div>\n\t\t\t\t<\/div>\n\t\t<div class=\"elementor-element elementor-element-6218f71 e-con-full e-flex e-con e-parent\" data-id=\"6218f71\" data-element_type=\"container\">\n\t\t\t\t<div class=\"elementor-element elementor-element-febf8c6 elementor-widget elementor-widget-spacer\" data-id=\"febf8c6\" data-element_type=\"widget\" data-widget_type=\"spacer.default\">\n\t\t\t\t<div class=\"elementor-widget-container\">\n\t\t\t\t\t\t\t<div class=\"elementor-spacer\">\n\t\t\t<div class=\"elementor-spacer-inner\"><\/div>\n\t\t<\/div>\n\t\t\t\t\t\t<\/div>\n\t\t\t\t<\/div>\n\t\t\t\t<\/div>\n\t\t<div class=\"elementor-element elementor-element-908ef66 e-flex e-con-boxed e-con e-parent\" data-id=\"908ef66\" data-element_type=\"container\">\n\t\t\t\t\t<div class=\"e-con-inner\">\n\t\t\t\t<div class=\"elementor-element elementor-element-b7a89c7 elementor-widget elementor-widget-heading\" data-id=\"b7a89c7\" data-element_type=\"widget\" data-widget_type=\"heading.default\">\n\t\t\t\t<div class=\"elementor-widget-container\">\n\t\t\t\t\t<h2 class=\"elementor-heading-title elementor-size-default\">Li\u00f1as de traballo<\/h2>\t\t\t\t<\/div>\n\t\t\t\t<\/div>\n\t\t\t\t\t<\/div>\n\t\t\t\t<\/div>\n\t\t<div class=\"elementor-element elementor-element-557211f e-con-full e-flex e-con e-parent\" data-id=\"557211f\" data-element_type=\"container\">\n\t\t\t\t<div class=\"elementor-element elementor-element-5631c54 elementor-widget elementor-widget-spacer\" data-id=\"5631c54\" data-element_type=\"widget\" data-widget_type=\"spacer.default\">\n\t\t\t\t<div class=\"elementor-widget-container\">\n\t\t\t\t\t\t\t<div class=\"elementor-spacer\">\n\t\t\t<div class=\"elementor-spacer-inner\"><\/div>\n\t\t<\/div>\n\t\t\t\t\t\t<\/div>\n\t\t\t\t<\/div>\n\t\t\t\t<\/div>\n\t\t<div class=\"elementor-element elementor-element-3a13d3ae grid col-4 e-flex e-con-boxed e-con e-parent\" data-id=\"3a13d3ae\" data-element_type=\"container\">\n\t\t\t\t\t<div class=\"e-con-inner\">\n\t\t<div class=\"elementor-element elementor-element-1af6b4e4 e-con-full e-flex e-con e-child\" data-id=\"1af6b4e4\" data-element_type=\"container\">\n\t\t\t\t<div class=\"elementor-element elementor-element-7d0da92 elementor-widget elementor-widget-image\" data-id=\"7d0da92\" data-element_type=\"widget\" data-widget_type=\"image.default\">\n\t\t\t\t<div class=\"elementor-widget-container\">\n\t\t\t\t\t\t\t\t\t\t\t\t\t\t\t<img decoding=\"async\" width=\"768\" height=\"520\" src=\"https:\/\/www.naturgy.com\/\/app\/uploads\/2023\/03\/152-Cambio-Climatico-min-768x520.png\" class=\"attachment-medium_large size-medium_large wp-image-55424\" alt=\"\" srcset=\"https:\/\/www.naturgy.com\/\/app\/uploads\/2023\/03\/152-Cambio-Climatico-min-768x520.png 768w, https:\/\/www.naturgy.com\/\/app\/uploads\/2023\/03\/152-Cambio-Climatico-min-300x203.png 300w, https:\/\/www.naturgy.com\/\/app\/uploads\/2023\/03\/152-Cambio-Climatico-min-1024x694.png 1024w, https:\/\/www.naturgy.com\/\/app\/uploads\/2023\/03\/152-Cambio-Climatico-min.png 1240w\" sizes=\"(max-width: 768px) 100vw, 768px\" \/>\t\t\t\t\t\t\t\t\t\t\t\t\t\t\t<\/div>\n\t\t\t\t<\/div>\n\t\t\t\t<div class=\"elementor-element elementor-element-2f736c98 elementor-widget elementor-widget-heading\" data-id=\"2f736c98\" data-element_type=\"widget\" data-widget_type=\"heading.default\">\n\t\t\t\t<div class=\"elementor-widget-container\">\n\t\t\t\t\t<div class=\"elementor-heading-title elementor-size-default\">Cambio clim\u00e1tico e transici\u00f3n enerx\u00e9tica<\/div>\t\t\t\t<\/div>\n\t\t\t\t<\/div>\n\t\t\t\t<div class=\"elementor-element elementor-element-2f9b811b elementor-align-center elementor-widget elementor-widget-button\" data-id=\"2f9b811b\" data-element_type=\"widget\" data-widget_type=\"button.default\">\n\t\t\t\t<div class=\"elementor-widget-container\">\n\t\t\t\t\t\t\t\t\t<div class=\"elementor-button-wrapper\">\n\t\t\t\t\t<a class=\"elementor-button elementor-button-link elementor-size-sm\" href=\"https:\/\/www.naturgy.com\/gl\/cambio-climatico\u2026icion-enerxetica\/\">\n\t\t\t\t\t\t<span class=\"elementor-button-content-wrapper\">\n\t\t\t\t\t\t\t\t\t<span class=\"elementor-button-text\">M\u00e1is informaci\u00f3n<\/span>\n\t\t\t\t\t<\/span>\n\t\t\t\t\t<\/a>\n\t\t\t\t<\/div>\n\t\t\t\t\t\t\t\t<\/div>\n\t\t\t\t<\/div>\n\t\t\t\t<\/div>\n\t\t<div class=\"elementor-element elementor-element-7be7bac3 e-con-full e-flex e-con e-child\" data-id=\"7be7bac3\" data-element_type=\"container\">\n\t\t\t\t<div class=\"elementor-element elementor-element-22e7cbb elementor-widget elementor-widget-image\" data-id=\"22e7cbb\" data-element_type=\"widget\" data-widget_type=\"image.default\">\n\t\t\t\t<div class=\"elementor-widget-container\">\n\t\t\t\t\t\t\t\t\t\t\t\t\t\t\t<img loading=\"lazy\" decoding=\"async\" width=\"768\" height=\"520\" src=\"https:\/\/www.naturgy.com\/\/app\/uploads\/2023\/03\/158-ECONOMIA-CIRCULAR-min-768x520.png\" class=\"attachment-medium_large size-medium_large wp-image-55437\" alt=\"\" srcset=\"https:\/\/www.naturgy.com\/\/app\/uploads\/2023\/03\/158-ECONOMIA-CIRCULAR-min-768x520.png 768w, https:\/\/www.naturgy.com\/\/app\/uploads\/2023\/03\/158-ECONOMIA-CIRCULAR-min-300x203.png 300w, https:\/\/www.naturgy.com\/\/app\/uploads\/2023\/03\/158-ECONOMIA-CIRCULAR-min-1024x694.png 1024w, https:\/\/www.naturgy.com\/\/app\/uploads\/2023\/03\/158-ECONOMIA-CIRCULAR-min.png 1240w\" sizes=\"(max-width: 768px) 100vw, 768px\" \/>\t\t\t\t\t\t\t\t\t\t\t\t\t\t\t<\/div>\n\t\t\t\t<\/div>\n\t\t\t\t<div class=\"elementor-element elementor-element-5253f15e elementor-widget elementor-widget-heading\" data-id=\"5253f15e\" data-element_type=\"widget\" data-widget_type=\"heading.default\">\n\t\t\t\t<div class=\"elementor-widget-container\">\n\t\t\t\t\t<div class=\"elementor-heading-title elementor-size-default\">Econom\u00eda circular e ecoeficiencia<\/div>\t\t\t\t<\/div>\n\t\t\t\t<\/div>\n\t\t\t\t<div class=\"elementor-element elementor-element-271d0e27 elementor-align-center elementor-widget elementor-widget-button\" data-id=\"271d0e27\" data-element_type=\"widget\" data-widget_type=\"button.default\">\n\t\t\t\t<div class=\"elementor-widget-container\">\n\t\t\t\t\t\t\t\t\t<div class=\"elementor-button-wrapper\">\n\t\t\t\t\t<a class=\"elementor-button elementor-button-link elementor-size-sm\" href=\"https:\/\/www.naturgy.com\/gl\/economia-circular-e-ecoeficiencia\/\">\n\t\t\t\t\t\t<span class=\"elementor-button-content-wrapper\">\n\t\t\t\t\t\t\t\t\t<span class=\"elementor-button-text\">M\u00e1is informaci\u00f3n<\/span>\n\t\t\t\t\t<\/span>\n\t\t\t\t\t<\/a>\n\t\t\t\t<\/div>\n\t\t\t\t\t\t\t\t<\/div>\n\t\t\t\t<\/div>\n\t\t\t\t<\/div>\n\t\t<div class=\"elementor-element elementor-element-7d7d7edc e-con-full e-flex e-con e-child\" data-id=\"7d7d7edc\" data-element_type=\"container\">\n\t\t\t\t<div class=\"elementor-element elementor-element-03b17b2 elementor-widget elementor-widget-image\" data-id=\"03b17b2\" data-element_type=\"widget\" data-widget_type=\"image.default\">\n\t\t\t\t<div class=\"elementor-widget-container\">\n\t\t\t\t\t\t\t\t\t\t\t\t\t\t\t<img loading=\"lazy\" decoding=\"async\" width=\"768\" height=\"520\" src=\"https:\/\/www.naturgy.com\/\/app\/uploads\/2023\/03\/0025-BIODIVERSIDAD-min-768x520.png\" class=\"attachment-medium_large size-medium_large wp-image-55431\" alt=\"\" srcset=\"https:\/\/www.naturgy.com\/\/app\/uploads\/2023\/03\/0025-BIODIVERSIDAD-min-768x520.png 768w, https:\/\/www.naturgy.com\/\/app\/uploads\/2023\/03\/0025-BIODIVERSIDAD-min-300x203.png 300w, https:\/\/www.naturgy.com\/\/app\/uploads\/2023\/03\/0025-BIODIVERSIDAD-min-1024x694.png 1024w, https:\/\/www.naturgy.com\/\/app\/uploads\/2023\/03\/0025-BIODIVERSIDAD-min.png 1240w\" sizes=\"(max-width: 768px) 100vw, 768px\" \/>\t\t\t\t\t\t\t\t\t\t\t\t\t\t\t<\/div>\n\t\t\t\t<\/div>\n\t\t\t\t<div class=\"elementor-element elementor-element-5dab1cbf elementor-widget elementor-widget-heading\" data-id=\"5dab1cbf\" data-element_type=\"widget\" data-widget_type=\"heading.default\">\n\t\t\t\t<div class=\"elementor-widget-container\">\n\t\t\t\t\t<div class=\"elementor-heading-title elementor-size-default\">Capital natural e biodiversidade <\/div>\t\t\t\t<\/div>\n\t\t\t\t<\/div>\n\t\t\t\t<div class=\"elementor-element elementor-element-5bce9d74 elementor-align-center elementor-widget elementor-widget-button\" data-id=\"5bce9d74\" data-element_type=\"widget\" data-widget_type=\"button.default\">\n\t\t\t\t<div class=\"elementor-widget-container\">\n\t\t\t\t\t\t\t\t\t<div class=\"elementor-button-wrapper\">\n\t\t\t\t\t<a class=\"elementor-button elementor-size-sm\" role=\"button\">\n\t\t\t\t\t\t<span class=\"elementor-button-content-wrapper\">\n\t\t\t\t\t\t\t\t\t<span class=\"elementor-button-text\">M\u00e1is informaci\u00f3n<\/span>\n\t\t\t\t\t<\/span>\n\t\t\t\t\t<\/a>\n\t\t\t\t<\/div>\n\t\t\t\t\t\t\t\t<\/div>\n\t\t\t\t<\/div>\n\t\t\t\t<\/div>\n\t\t<div class=\"elementor-element elementor-element-4c51c391 e-con-full e-flex e-con e-child\" data-id=\"4c51c391\" data-element_type=\"container\">\n\t\t\t\t<div class=\"elementor-element elementor-element-61474de elementor-widget elementor-widget-image\" data-id=\"61474de\" data-element_type=\"widget\" data-widget_type=\"image.default\">\n\t\t\t\t<div class=\"elementor-widget-container\">\n\t\t\t\t\t\t\t\t\t\t\t\t\t\t\t<img loading=\"lazy\" decoding=\"async\" width=\"700\" height=\"533\" src=\"https:\/\/www.naturgy.com\/\/app\/uploads\/2023\/03\/Mesa_-reuniones.png\" class=\"attachment-medium_large size-medium_large wp-image-55467\" alt=\"\" srcset=\"https:\/\/www.naturgy.com\/\/app\/uploads\/2023\/03\/Mesa_-reuniones.png 700w, https:\/\/www.naturgy.com\/\/app\/uploads\/2023\/03\/Mesa_-reuniones-300x228.png 300w\" sizes=\"(max-width: 700px) 100vw, 700px\" \/>\t\t\t\t\t\t\t\t\t\t\t\t\t\t\t<\/div>\n\t\t\t\t<\/div>\n\t\t\t\t<div class=\"elementor-element elementor-element-4950fc60 elementor-widget elementor-widget-heading\" data-id=\"4950fc60\" data-element_type=\"widget\" data-widget_type=\"heading.default\">\n\t\t\t\t<div class=\"elementor-widget-container\">\n\t\t\t\t\t<div class=\"elementor-heading-title elementor-size-default\">Gobernanza y gesti\u00f3n ambiental<\/div>\t\t\t\t<\/div>\n\t\t\t\t<\/div>\n\t\t\t\t<div class=\"elementor-element elementor-element-19632f16 elementor-align-center elementor-widget elementor-widget-button\" data-id=\"19632f16\" data-element_type=\"widget\" data-widget_type=\"button.default\">\n\t\t\t\t<div class=\"elementor-widget-container\">\n\t\t\t\t\t\t\t\t\t<div class=\"elementor-button-wrapper\">\n\t\t\t\t\t<a class=\"elementor-button elementor-button-link elementor-size-sm\" href=\"https:\/\/www.naturgy.com\/gl\/sustenibilidade\/medio-ambiente\/goberno-e-xestion-ambiental\/\">\n\t\t\t\t\t\t<span class=\"elementor-button-content-wrapper\">\n\t\t\t\t\t\t\t\t\t<span class=\"elementor-button-text\">M\u00e1is informaci\u00f3n<\/span>\n\t\t\t\t\t<\/span>\n\t\t\t\t\t<\/a>\n\t\t\t\t<\/div>\n\t\t\t\t\t\t\t\t<\/div>\n\t\t\t\t<\/div>\n\t\t\t\t<\/div>\n\t\t\t\t\t<\/div>\n\t\t\t\t<\/div>\n\t\t<div class=\"elementor-element elementor-element-5c951d1 e-flex e-con-boxed e-con e-parent\" data-id=\"5c951d1\" data-element_type=\"container\">\n\t\t\t\t\t<div class=\"e-con-inner\">\n\t\t\t\t<div class=\"elementor-element elementor-element-4c8c25f elementor-widget elementor-widget-spacer\" data-id=\"4c8c25f\" data-element_type=\"widget\" data-widget_type=\"spacer.default\">\n\t\t\t\t<div class=\"elementor-widget-container\">\n\t\t\t\t\t\t\t<div class=\"elementor-spacer\">\n\t\t\t<div class=\"elementor-spacer-inner\"><\/div>\n\t\t<\/div>\n\t\t\t\t\t\t<\/div>\n\t\t\t\t<\/div>\n\t\t\t\t\t<\/div>\n\t\t\t\t<\/div>\n\t\t<div class=\"elementor-element elementor-element-2af6b51 e-flex e-con-boxed e-con e-parent\" data-id=\"2af6b51\" data-element_type=\"container\">\n\t\t\t\t\t<div class=\"e-con-inner\">\n\t\t\t\t<div class=\"elementor-element elementor-element-1152092 elementor-widget elementor-widget-heading\" data-id=\"1152092\" data-element_type=\"widget\" data-widget_type=\"heading.default\">\n\t\t\t\t<div class=\"elementor-widget-container\">\n\t\t\t\t\t<h2 class=\"elementor-heading-title elementor-size-default\">Feitos que avalan o noso compromiso<\/h2>\t\t\t\t<\/div>\n\t\t\t\t<\/div>\n\t\t\t\t\t<\/div>\n\t\t\t\t<\/div>\n\t\t<div class=\"elementor-element elementor-element-b999f65 e-con-full e-flex e-con e-parent\" data-id=\"b999f65\" data-element_type=\"container\">\n\t\t\t\t<div class=\"elementor-element elementor-element-446863d elementor-widget elementor-widget-spacer\" data-id=\"446863d\" data-element_type=\"widget\" data-widget_type=\"spacer.default\">\n\t\t\t\t<div class=\"elementor-widget-container\">\n\t\t\t\t\t\t\t<div class=\"elementor-spacer\">\n\t\t\t<div class=\"elementor-spacer-inner\"><\/div>\n\t\t<\/div>\n\t\t\t\t\t\t<\/div>\n\t\t\t\t<\/div>\n\t\t\t\t<\/div>\n\t\t<div class=\"elementor-element elementor-element-a6a3b3c e-flex e-con-boxed e-con e-parent\" data-id=\"a6a3b3c\" data-element_type=\"container\">\n\t\t\t\t\t<div class=\"e-con-inner\">\n\t\t\t\t<div class=\"elementor-element elementor-element-78a9053 elementor-widget elementor-widget-image\" data-id=\"78a9053\" data-element_type=\"widget\" data-widget_type=\"image.default\">\n\t\t\t\t<div class=\"elementor-widget-container\">\n\t\t\t\t\t\t\t\t\t\t\t\t\t\t\t<img loading=\"lazy\" decoding=\"async\" width=\"1140\" height=\"520\" src=\"https:\/\/stproportalcorporativo.blob.core.windows.net\/uploads\/2026\/03\/Medio_ambiente_25_GA-1.png\" class=\"attachment-2048x2048 size-2048x2048 wp-image-142197\" alt=\"\" srcset=\"https:\/\/stproportalcorporativo.blob.core.windows.net\/uploads\/2026\/03\/Medio_ambiente_25_GA-1.png 1140w, https:\/\/stproportalcorporativo.blob.core.windows.net\/uploads\/2026\/03\/Medio_ambiente_25_GA-1-300x137.png 300w, https:\/\/stproportalcorporativo.blob.core.windows.net\/uploads\/2026\/03\/Medio_ambiente_25_GA-1-1024x467.png 1024w, https:\/\/stproportalcorporativo.blob.core.windows.net\/uploads\/2026\/03\/Medio_ambiente_25_GA-1-768x350.png 768w\" sizes=\"(max-width: 1140px) 100vw, 1140px\" \/>\t\t\t\t\t\t\t\t\t\t\t\t\t\t\t<\/div>\n\t\t\t\t<\/div>\n\t\t\t\t\t<\/div>\n\t\t\t\t<\/div>\n\t\t<div class=\"elementor-element elementor-element-3550245 e-con-full e-flex e-con e-parent\" data-id=\"3550245\" data-element_type=\"container\">\n\t\t\t\t<div class=\"elementor-element elementor-element-99970a2 elementor-widget elementor-widget-spacer\" data-id=\"99970a2\" data-element_type=\"widget\" data-widget_type=\"spacer.default\">\n\t\t\t\t<div class=\"elementor-widget-container\">\n\t\t\t\t\t\t\t<div class=\"elementor-spacer\">\n\t\t\t<div class=\"elementor-spacer-inner\"><\/div>\n\t\t<\/div>\n\t\t\t\t\t\t<\/div>\n\t\t\t\t<\/div>\n\t\t\t\t<\/div>\n\t\t<div class=\"elementor-element elementor-element-4e528810 e-flex e-con-boxed e-con e-parent\" data-id=\"4e528810\" data-element_type=\"container\">\n\t\t\t\t\t<div class=\"e-con-inner\">\n\t\t\t\t<div class=\"elementor-element elementor-element-e38999b elementor-widget elementor-widget-text-editor\" data-id=\"e38999b\" data-element_type=\"widget\" data-widget_type=\"text-editor.default\">\n\t\t\t\t<div class=\"elementor-widget-container\">\n\t\t\t\t\t\t\t\t\t<p>O noso goberno en\u00a0<strong>medio ambiente<\/strong>\u00a0recae sobre o\u00a0<strong>Consello de Administraci\u00f3n<\/strong>, que supervisa periodicamente a xesti\u00f3n dos riscos e oportunidades\u00a0ambientais e a evoluci\u00f3n do desenvolvemento mediante o\u00a0<strong>seguimento mensual e trimestral dos principais indicadores e obxectivos<\/strong>. Os\u00a0<strong>feitos\u00a0<\/strong><strong>av\u00e1lannos\u00a0<\/strong>e os nosos indicadores demostran a nosa aposta pola\u00a0<strong>xesti\u00f3n responsable do medio.\u00a0<\/strong><\/p><p>* Dato 2025<br \/>** Evoluci\u00f3n en 2025 respecto a 2017<\/p>\t\t\t\t\t\t\t\t<\/div>\n\t\t\t\t<\/div>\n\t\t\t\t<div class=\"elementor-element elementor-element-644dd1e elementor-widget elementor-widget-spacer\" data-id=\"644dd1e\" data-element_type=\"widget\" data-widget_type=\"spacer.default\">\n\t\t\t\t<div class=\"elementor-widget-container\">\n\t\t\t\t\t\t\t<div class=\"elementor-spacer\">\n\t\t\t<div class=\"elementor-spacer-inner\"><\/div>\n\t\t<\/div>\n\t\t\t\t\t\t<\/div>\n\t\t\t\t<\/div>\n\t\t\t\t\t<\/div>\n\t\t\t\t<\/div>\n\t\t\t\t<\/div>\n\t\t","protected":false},"excerpt":{"rendered":"<p>Comprometidos co desenvolvemento sostible da sociedade A nosa Pol\u00edtica de Sustentabilidade Impulsamos o desenvolvemento sostible da sociedade, garantindo a subministraci\u00f3n aos nosos clientes de enerx\u00eda competitiva, segura e co m\u00e1ximo respecto ao medio ambiente.\u00a0 Descargar Li\u00f1as de traballo Cambio clim\u00e1tico e transici\u00f3n enerx\u00e9tica M\u00e1is informaci\u00f3n Econom\u00eda circular e ecoeficiencia M\u00e1is informaci\u00f3n Capital natural e biodiversidade [&hellip;]<\/p>\n","protected":false},"author":5,"featured_media":0,"parent":40872,"menu_order":2,"comment_status":"closed","ping_status":"closed","template":"","meta":{"_acf_changed":false,"footnotes":""},"class_list":["post-59786","page","type-page","status-publish","hentry"],"acf":[],"_links":{"self":[{"href":"https:\/\/www.naturgy.com\/gl\/wp-json\/wp\/v2\/pages\/59786","targetHints":{"allow":["GET"]}}],"collection":[{"href":"https:\/\/www.naturgy.com\/gl\/wp-json\/wp\/v2\/pages"}],"about":[{"href":"https:\/\/www.naturgy.com\/gl\/wp-json\/wp\/v2\/types\/page"}],"author":[{"embeddable":true,"href":"https:\/\/www.naturgy.com\/gl\/wp-json\/wp\/v2\/users\/5"}],"replies":[{"embeddable":true,"href":"https:\/\/www.naturgy.com\/gl\/wp-json\/wp\/v2\/comments?post=59786"}],"version-history":[{"count":30,"href":"https:\/\/www.naturgy.com\/gl\/wp-json\/wp\/v2\/pages\/59786\/revisions"}],"predecessor-version":[{"id":142204,"href":"https:\/\/www.naturgy.com\/gl\/wp-json\/wp\/v2\/pages\/59786\/revisions\/142204"}],"up":[{"embeddable":true,"href":"https:\/\/www.naturgy.com\/gl\/wp-json\/wp\/v2\/pages\/40872"}],"wp:attachment":[{"href":"https:\/\/www.naturgy.com\/gl\/wp-json\/wp\/v2\/media?parent=59786"}],"curies":[{"name":"wp","href":"https:\/\/api.w.org\/{rel}","templated":true}]}}