{"id":59791,"date":"2023-01-20T15:11:52","date_gmt":"2023-01-20T14:11:52","guid":{"rendered":"https:\/\/www.naturgy.com\/accionistas-e-investidores\/inversores\/"},"modified":"2026-02-05T14:06:24","modified_gmt":"2026-02-05T13:06:24","slug":"investidores","status":"publish","type":"page","link":"https:\/\/www.naturgy.com\/gl\/accionistas-e-investidores\/investidores\/","title":{"rendered":"Investidores"},"content":{"rendered":"\t\t<div data-elementor-type=\"wp-page\" data-elementor-id=\"59791\" class=\"elementor elementor-59791 elementor-12466\" data-elementor-post-type=\"page\">\n\t\t\t\t<div class=\"elementor-element elementor-element-6257304 e-flex e-con-boxed e-con e-parent\" data-id=\"6257304\" data-element_type=\"container\">\n\t\t\t\t\t<div class=\"e-con-inner\">\n\t\t<div class=\"elementor-element elementor-element-69760de e-con-full e-flex e-con e-child\" data-id=\"69760de\" data-element_type=\"container\">\n\t\t\t\t<div class=\"elementor-element elementor-element-374fdb0f elementor-widget elementor-widget-shortcode\" data-id=\"374fdb0f\" data-element_type=\"widget\" data-widget_type=\"shortcode.default\">\n\t\t\t\t<div class=\"elementor-widget-container\">\n\t\t\t\t\t\t\t<div class=\"elementor-shortcode\"><nav aria-label=\"breadcrumbs\" class=\"rank-math-breadcrumb\"><p><span class=\"last\">Comeza<\/span><\/p><\/nav><\/div>\n\t\t\t\t\t\t<\/div>\n\t\t\t\t<\/div>\n\t\t\t\t<div class=\"elementor-element elementor-element-6228ed1e elementor-widget elementor-widget-heading\" data-id=\"6228ed1e\" data-element_type=\"widget\" data-widget_type=\"heading.default\">\n\t\t\t\t<div class=\"elementor-widget-container\">\n\t\t\t\t\t<h1 class=\"elementor-heading-title elementor-size-default\">Investidores<\/h1>\t\t\t\t<\/div>\n\t\t\t\t<\/div>\n\t\t\t\t<\/div>\n\t\t<div class=\"elementor-element elementor-element-37dcc5fe e-con-full e-flex e-con e-child\" data-id=\"37dcc5fe\" data-element_type=\"container\">\n\t\t\t\t<div class=\"elementor-element elementor-element-2961b840 elementor-widget elementor-widget-spacer\" data-id=\"2961b840\" data-element_type=\"widget\" data-widget_type=\"spacer.default\">\n\t\t\t\t<div class=\"elementor-widget-container\">\n\t\t\t\t\t\t\t<div class=\"elementor-spacer\">\n\t\t\t<div class=\"elementor-spacer-inner\"><\/div>\n\t\t<\/div>\n\t\t\t\t\t\t<\/div>\n\t\t\t\t<\/div>\n\t\t\t\t<\/div>\n\t\t\t\t\t<\/div>\n\t\t\t\t<\/div>\n\t\t<div class=\"elementor-element elementor-element-6c03e9b8 e-con-full e-flex e-con e-parent\" data-id=\"6c03e9b8\" data-element_type=\"container\" data-settings=\"{&quot;background_background&quot;:&quot;classic&quot;}\">\n\t\t<div class=\"elementor-element elementor-element-6f69568e e-con-full e-flex e-con e-child\" data-id=\"6f69568e\" data-element_type=\"container\">\n\t\t\t\t<div class=\"elementor-element elementor-element-5f2a62cb elementor-widget elementor-widget-heading\" data-id=\"5f2a62cb\" data-element_type=\"widget\" data-widget_type=\"heading.default\">\n\t\t\t\t<div class=\"elementor-widget-container\">\n\t\t\t\t\t<h1 class=\"elementor-heading-title elementor-size-default\">Plan Estrat\u00e9xico 2025-2027\n<\/h1>\t\t\t\t<\/div>\n\t\t\t\t<\/div>\n\t\t\t\t<div class=\"elementor-element elementor-element-252f81f8 elementor-widget elementor-widget-text-editor\" data-id=\"252f81f8\" data-element_type=\"widget\" data-widget_type=\"text-editor.default\">\n\t\t\t\t<div class=\"elementor-widget-container\">\n\t\t\t\t\t\t\t\t\t<p>20 de febreiro de 2025<\/p>\t\t\t\t\t\t\t\t<\/div>\n\t\t\t\t<\/div>\n\t\t\t\t<div class=\"elementor-element elementor-element-ccb5bb2 has-icon elementor-widget elementor-widget-text-editor\" data-id=\"ccb5bb2\" data-element_type=\"widget\" data-widget_type=\"text-editor.default\">\n\t\t\t\t<div class=\"elementor-widget-container\">\n\t\t\t\t\t\t\t\t\t<p><a href=\"https:\/\/vimeo.com\/1162145997\/c1dad45953\" target=\"_blank\" rel=\"noopener\">Webcast (diferido)<\/a><\/p>\t\t\t\t\t\t\t\t<\/div>\n\t\t\t\t<\/div>\n\t\t\t\t<div class=\"elementor-element elementor-element-7585620d elementor-widget elementor-widget-button\" data-id=\"7585620d\" data-element_type=\"widget\" data-widget_type=\"button.default\">\n\t\t\t\t<div class=\"elementor-widget-container\">\n\t\t\t\t\t\t\t\t\t<div class=\"elementor-button-wrapper\">\n\t\t\t\t\t<a class=\"elementor-button elementor-button-link elementor-size-sm\" href=\"https:\/\/www.naturgy.com\/gl\/accionistas-e-investidores\/investidores\/plan-estratexico-2025\/\">\n\t\t\t\t\t\t<span class=\"elementor-button-content-wrapper\">\n\t\t\t\t\t\t\t\t\t<span class=\"elementor-button-text\">Saber m\u00e1is<\/span>\n\t\t\t\t\t<\/span>\n\t\t\t\t\t<\/a>\n\t\t\t\t<\/div>\n\t\t\t\t\t\t\t\t<\/div>\n\t\t\t\t<\/div>\n\t\t\t\t<\/div>\n\t\t<div class=\"elementor-element elementor-element-13522391 e-con-full e-flex e-con e-child\" data-id=\"13522391\" data-element_type=\"container\">\n\t\t\t\t<div class=\"elementor-element elementor-element-6ac80d56 elementor-hidden-tablet elementor-hidden-desktop elementor-widget elementor-widget-image\" data-id=\"6ac80d56\" data-element_type=\"widget\" data-widget_type=\"image.default\">\n\t\t\t\t<div class=\"elementor-widget-container\">\n\t\t\t\t\t\t\t\t\t\t\t\t\t\t\t<img fetchpriority=\"high\" decoding=\"async\" width=\"768\" height=\"512\" src=\"https:\/\/www.naturgy.com\/\/app\/uploads\/2025\/02\/Slider_plan_estrategico_Mobile-67b6425603b62.png\" class=\"attachment-large size-large wp-image-117699\" alt=\"\" srcset=\"https:\/\/www.naturgy.com\/\/app\/uploads\/2025\/02\/Slider_plan_estrategico_Mobile-67b6425603b62.png 768w, https:\/\/www.naturgy.com\/\/app\/uploads\/2025\/02\/Slider_plan_estrategico_Mobile-67b6425603b62-300x200.png 300w\" sizes=\"(max-width: 768px) 100vw, 768px\" \/>\t\t\t\t\t\t\t\t\t\t\t\t\t\t\t<\/div>\n\t\t\t\t<\/div>\n\t\t\t\t<\/div>\n\t\t\t\t<\/div>\n\t\t<div class=\"elementor-element elementor-element-1506fc6 e-con-full e-flex e-con e-parent\" data-id=\"1506fc6\" data-element_type=\"container\">\n\t\t\t\t<div class=\"elementor-element elementor-element-db4a649 elementor-widget elementor-widget-spacer\" data-id=\"db4a649\" data-element_type=\"widget\" data-widget_type=\"spacer.default\">\n\t\t\t\t<div class=\"elementor-widget-container\">\n\t\t\t\t\t\t\t<div class=\"elementor-spacer\">\n\t\t\t<div class=\"elementor-spacer-inner\"><\/div>\n\t\t<\/div>\n\t\t\t\t\t\t<\/div>\n\t\t\t\t<\/div>\n\t\t\t\t<\/div>\n\t\t<div class=\"elementor-element elementor-element-1354bb5f e-flex e-con-boxed e-con e-parent\" data-id=\"1354bb5f\" data-element_type=\"container\">\n\t\t\t\t\t<div class=\"e-con-inner\">\n\t\t\t\t<div class=\"elementor-element elementor-element-41c5c51e elementor-widget elementor-widget-heading\" data-id=\"41c5c51e\" data-element_type=\"widget\" data-widget_type=\"heading.default\">\n\t\t\t\t<div class=\"elementor-widget-container\">\n\t\t\t\t\t<h2 class=\"elementor-heading-title elementor-size-default\">A transparencia informativa \u00e9 un factor clave no desenvolvemento do noso compromiso con mercados, accionistas, asesores de voto e investidores institucionais\n\n<\/h2>\t\t\t\t<\/div>\n\t\t\t\t<\/div>\n\t\t\t\t<div class=\"elementor-element elementor-element-2fca6a6f elementor-widget elementor-widget-text-editor\" data-id=\"2fca6a6f\" data-element_type=\"widget\" data-widget_type=\"text-editor.default\">\n\t\t\t\t<div class=\"elementor-widget-container\">\n\t\t\t\t\t\t\t\t\t<p>O noso Plan Estrat\u00e9xico a 2025 pon o seu foco en renovables e redes, en xeograf\u00edas e marcos regulatorios estables.\u00a0 As\u00ed mesmo, Naturgy ten como obxectivo investir en dixitalizaci\u00f3n e electrificaci\u00f3n, ademais de impulsar significativamente a implantaci\u00f3n do gas renovable para mellorar o seu papel clave na transici\u00f3n enerx\u00e9tica. Esp\u00e9rase que o hidr\u00f3xeno, a mobilidade, o almacenamento e a xeraci\u00f3n distribu\u00edda sexan tam\u00e9n outros focos de investimento.<\/p>\t\t\t\t\t\t\t\t<\/div>\n\t\t\t\t<\/div>\n\t\t\t\t\t<\/div>\n\t\t\t\t<\/div>\n\t\t<div class=\"elementor-element elementor-element-5f09b9b9 e-flex e-con-boxed e-con e-parent\" data-id=\"5f09b9b9\" data-element_type=\"container\">\n\t\t\t\t\t<div class=\"e-con-inner\">\n\t\t<div class=\"elementor-element elementor-element-136d6e64 e-con-full e-flex e-con e-child\" data-id=\"136d6e64\" data-element_type=\"container\">\n\t\t\t\t<div class=\"elementor-element elementor-element-868e219 elementor-widget elementor-widget-spacer\" data-id=\"868e219\" data-element_type=\"widget\" data-widget_type=\"spacer.default\">\n\t\t\t\t<div class=\"elementor-widget-container\">\n\t\t\t\t\t\t\t<div class=\"elementor-spacer\">\n\t\t\t<div class=\"elementor-spacer-inner\"><\/div>\n\t\t<\/div>\n\t\t\t\t\t\t<\/div>\n\t\t\t\t<\/div>\n\t\t\t\t<div class=\"elementor-element elementor-element-7cf9dccf elementor-widget elementor-widget-image\" data-id=\"7cf9dccf\" data-element_type=\"widget\" data-widget_type=\"image.default\">\n\t\t\t\t<div class=\"elementor-widget-container\">\n\t\t\t\t\t\t\t\t\t\t\t\t\t\t\t<img decoding=\"async\" width=\"1200\" height=\"598\" src=\"https:\/\/www.naturgy.com\/\/app\/uploads\/2023\/03\/Plan_estrategico_fondo-1200.jpg\" class=\"attachment-full size-full wp-image-53099\" alt=\"\" srcset=\"https:\/\/www.naturgy.com\/\/app\/uploads\/2023\/03\/Plan_estrategico_fondo-1200.jpg 1200w, https:\/\/www.naturgy.com\/\/app\/uploads\/2023\/03\/Plan_estrategico_fondo-1200-300x150.jpg 300w, https:\/\/www.naturgy.com\/\/app\/uploads\/2023\/03\/Plan_estrategico_fondo-1200-1024x510.jpg 1024w, https:\/\/www.naturgy.com\/\/app\/uploads\/2023\/03\/Plan_estrategico_fondo-1200-768x383.jpg 768w\" sizes=\"(max-width: 1200px) 100vw, 1200px\" \/>\t\t\t\t\t\t\t\t\t\t\t\t\t\t\t<\/div>\n\t\t\t\t<\/div>\n\t\t\t\t<\/div>\n\t\t\t\t\t<\/div>\n\t\t\t\t<\/div>\n\t\t<div class=\"elementor-element elementor-element-36163777 grid col-4 e-flex e-con-boxed e-con e-parent\" data-id=\"36163777\" data-element_type=\"container\">\n\t\t\t\t\t<div class=\"e-con-inner\">\n\t\t<div class=\"elementor-element elementor-element-15aadc95 e-con-full e-flex e-con e-child\" data-id=\"15aadc95\" data-element_type=\"container\" data-settings=\"{&quot;background_background&quot;:&quot;classic&quot;}\">\n\t\t\t\t<div class=\"elementor-element elementor-element-6fee5998 elementor-view-default elementor-widget elementor-widget-icon\" data-id=\"6fee5998\" data-element_type=\"widget\" data-widget_type=\"icon.default\">\n\t\t\t\t<div class=\"elementor-widget-container\">\n\t\t\t\t\t\t\t<div class=\"elementor-icon-wrapper\">\n\t\t\t<div class=\"elementor-icon\">\n\t\t\t<i aria-hidden=\"true\" class=\"oficina oficina-financiacion-volumen\"><\/i>\t\t\t<\/div>\n\t\t<\/div>\n\t\t\t\t\t\t<\/div>\n\t\t\t\t<\/div>\n\t\t\t\t<div class=\"elementor-element elementor-element-43bb636 elementor-widget elementor-widget-heading\" data-id=\"43bb636\" data-element_type=\"widget\" data-widget_type=\"heading.default\">\n\t\t\t\t<div class=\"elementor-widget-container\">\n\t\t\t\t\t<div class=\"elementor-heading-title elementor-size-default\">Cobertura<br> analistas<\/div>\t\t\t\t<\/div>\n\t\t\t\t<\/div>\n\t\t\t\t<div class=\"elementor-element elementor-element-55ae1ca7 elementor-align-center elementor-widget elementor-widget-button\" data-id=\"55ae1ca7\" data-element_type=\"widget\" data-widget_type=\"button.default\">\n\t\t\t\t<div class=\"elementor-widget-container\">\n\t\t\t\t\t\t\t\t\t<div class=\"elementor-button-wrapper\">\n\t\t\t\t\t<a class=\"elementor-button elementor-button-link elementor-size-sm\" href=\"https:\/\/https:\/\/www.naturgy.com\/gl\/cobertura-analistas\/\">\n\t\t\t\t\t\t<span class=\"elementor-button-content-wrapper\">\n\t\t\t\t\t\t\t\t\t<span class=\"elementor-button-text\">Saber m\u00e1is<\/span>\n\t\t\t\t\t<\/span>\n\t\t\t\t\t<\/a>\n\t\t\t\t<\/div>\n\t\t\t\t\t\t\t\t<\/div>\n\t\t\t\t<\/div>\n\t\t\t\t<\/div>\n\t\t<div class=\"elementor-element elementor-element-8ab9db1 e-con-full e-flex e-con e-child\" data-id=\"8ab9db1\" data-element_type=\"container\" data-settings=\"{&quot;background_background&quot;:&quot;classic&quot;}\">\n\t\t\t\t<div class=\"elementor-element elementor-element-9dc3301 elementor-view-default elementor-widget elementor-widget-icon\" data-id=\"9dc3301\" data-element_type=\"widget\" data-widget_type=\"icon.default\">\n\t\t\t\t<div class=\"elementor-widget-container\">\n\t\t\t\t\t\t\t<div class=\"elementor-icon-wrapper\">\n\t\t\t<div class=\"elementor-icon\">\n\t\t\t<i aria-hidden=\"true\" class=\"economia economia-financiacion\"><\/i>\t\t\t<\/div>\n\t\t<\/div>\n\t\t\t\t\t\t<\/div>\n\t\t\t\t<\/div>\n\t\t\t\t<div class=\"elementor-element elementor-element-49c6fab elementor-widget elementor-widget-heading\" data-id=\"49c6fab\" data-element_type=\"widget\" data-widget_type=\"heading.default\">\n\t\t\t\t<div class=\"elementor-widget-container\">\n\t\t\t\t\t<div class=\"elementor-heading-title elementor-size-default\">Renda <br>Fixa\n<\/div>\t\t\t\t<\/div>\n\t\t\t\t<\/div>\n\t\t\t\t<div class=\"elementor-element elementor-element-6c02880 elementor-align-center elementor-widget elementor-widget-button\" data-id=\"6c02880\" data-element_type=\"widget\" data-widget_type=\"button.default\">\n\t\t\t\t<div class=\"elementor-widget-container\">\n\t\t\t\t\t\t\t\t\t<div class=\"elementor-button-wrapper\">\n\t\t\t\t\t<a class=\"elementor-button elementor-button-link elementor-size-sm\" href=\"https:\/\/www.naturgy.com\/gl\/renda-fixa\/\">\n\t\t\t\t\t\t<span class=\"elementor-button-content-wrapper\">\n\t\t\t\t\t\t\t\t\t<span class=\"elementor-button-text\">Saber m\u00e1is<\/span>\n\t\t\t\t\t<\/span>\n\t\t\t\t\t<\/a>\n\t\t\t\t<\/div>\n\t\t\t\t\t\t\t\t<\/div>\n\t\t\t\t<\/div>\n\t\t\t\t<\/div>\n\t\t<div class=\"elementor-element elementor-element-f2faca7 e-con-full e-flex e-con e-child\" data-id=\"f2faca7\" data-element_type=\"container\" data-settings=\"{&quot;background_background&quot;:&quot;classic&quot;}\">\n\t\t\t\t<div class=\"elementor-element elementor-element-411343a9 elementor-view-default elementor-widget elementor-widget-icon\" data-id=\"411343a9\" data-element_type=\"widget\" data-widget_type=\"icon.default\">\n\t\t\t\t<div class=\"elementor-widget-container\">\n\t\t\t\t\t\t\t<div class=\"elementor-icon-wrapper\">\n\t\t\t<div class=\"elementor-icon\">\n\t\t\t<i aria-hidden=\"true\" class=\"economia economia-financiacion2\"><\/i>\t\t\t<\/div>\n\t\t<\/div>\n\t\t\t\t\t\t<\/div>\n\t\t\t\t<\/div>\n\t\t\t\t<div class=\"elementor-element elementor-element-c5175c4 elementor-widget elementor-widget-heading\" data-id=\"c5175c4\" data-element_type=\"widget\" data-widget_type=\"heading.default\">\n\t\t\t\t<div class=\"elementor-widget-container\">\n\t\t\t\t\t<div class=\"elementor-heading-title elementor-size-default\">Naturgy Capital Market S.A.<\/div>\t\t\t\t<\/div>\n\t\t\t\t<\/div>\n\t\t\t\t<div class=\"elementor-element elementor-element-6d16a73e elementor-align-center elementor-widget elementor-widget-button\" data-id=\"6d16a73e\" data-element_type=\"widget\" data-widget_type=\"button.default\">\n\t\t\t\t<div class=\"elementor-widget-container\">\n\t\t\t\t\t\t\t\t\t<div class=\"elementor-button-wrapper\">\n\t\t\t\t\t<a class=\"elementor-button elementor-button-link elementor-size-sm\" href=\"https:\/\/www.naturgy.com\/gl\/renda-fixa\/naturgy-capital-markets-s-a-2\/\">\n\t\t\t\t\t\t<span class=\"elementor-button-content-wrapper\">\n\t\t\t\t\t\t\t\t\t<span class=\"elementor-button-text\">Saber m\u00e1is<\/span>\n\t\t\t\t\t<\/span>\n\t\t\t\t\t<\/a>\n\t\t\t\t<\/div>\n\t\t\t\t\t\t\t\t<\/div>\n\t\t\t\t<\/div>\n\t\t\t\t<\/div>\n\t\t<div class=\"elementor-element elementor-element-1363d659 e-con-full e-flex e-con e-child\" data-id=\"1363d659\" data-element_type=\"container\" data-settings=\"{&quot;background_background&quot;:&quot;classic&quot;}\">\n\t\t\t\t<div class=\"elementor-element elementor-element-6ad1c723 elementor-view-default elementor-widget elementor-widget-icon\" data-id=\"6ad1c723\" data-element_type=\"widget\" data-widget_type=\"icon.default\">\n\t\t\t\t<div class=\"elementor-widget-container\">\n\t\t\t\t\t\t\t<div class=\"elementor-icon-wrapper\">\n\t\t\t<div class=\"elementor-icon\">\n\t\t\t<i aria-hidden=\"true\" class=\"economia economia-elevarse\"><\/i>\t\t\t<\/div>\n\t\t<\/div>\n\t\t\t\t\t\t<\/div>\n\t\t\t\t<\/div>\n\t\t\t\t<div class=\"elementor-element elementor-element-1272f4c0 elementor-widget elementor-widget-heading\" data-id=\"1272f4c0\" data-element_type=\"widget\" data-widget_type=\"heading.default\">\n\t\t\t\t<div class=\"elementor-widget-container\">\n\t\t\t\t\t<div class=\"elementor-heading-title elementor-size-default\">Naturgy Finance Iberia S.A<\/div>\t\t\t\t<\/div>\n\t\t\t\t<\/div>\n\t\t\t\t<div class=\"elementor-element elementor-element-5aa5108e elementor-align-center elementor-widget elementor-widget-button\" data-id=\"5aa5108e\" data-element_type=\"widget\" data-widget_type=\"button.default\">\n\t\t\t\t<div class=\"elementor-widget-container\">\n\t\t\t\t\t\t\t\t\t<div class=\"elementor-button-wrapper\">\n\t\t\t\t\t<a class=\"elementor-button elementor-button-link elementor-size-sm\" href=\"https:\/\/www.naturgy.com\/gl\/renda-fixa\/naturgy-finance-b-v\/\">\n\t\t\t\t\t\t<span class=\"elementor-button-content-wrapper\">\n\t\t\t\t\t\t\t\t\t<span class=\"elementor-button-text\">Saber m\u00e1is<\/span>\n\t\t\t\t\t<\/span>\n\t\t\t\t\t<\/a>\n\t\t\t\t<\/div>\n\t\t\t\t\t\t\t\t<\/div>\n\t\t\t\t<\/div>\n\t\t\t\t<\/div>\n\t\t\t\t\t<\/div>\n\t\t\t\t<\/div>\n\t\t<div class=\"elementor-element elementor-element-e0c6f9d e-con-full e-flex e-con e-parent\" data-id=\"e0c6f9d\" data-element_type=\"container\">\n\t\t\t\t<div class=\"elementor-element elementor-element-33b9d91 elementor-widget elementor-widget-spacer\" data-id=\"33b9d91\" data-element_type=\"widget\" data-widget_type=\"spacer.default\">\n\t\t\t\t<div class=\"elementor-widget-container\">\n\t\t\t\t\t\t\t<div class=\"elementor-spacer\">\n\t\t\t<div class=\"elementor-spacer-inner\"><\/div>\n\t\t<\/div>\n\t\t\t\t\t\t<\/div>\n\t\t\t\t<\/div>\n\t\t\t\t<\/div>\n\t\t\t\t<\/div>\n\t\t","protected":false},"excerpt":{"rendered":"<p>Plan Estrat\u00e9xico 2025-2027 20 de febreiro de 2025 Webcast (diferido) Saber m\u00e1is A transparencia informativa \u00e9 un factor clave no desenvolvemento do noso compromiso con mercados, accionistas, asesores de voto e investidores institucionais O noso Plan Estrat\u00e9xico a 2025 pon o seu foco en renovables e redes, en xeograf\u00edas e marcos regulatorios estables.\u00a0 As\u00ed mesmo, [&hellip;]<\/p>\n","protected":false},"author":5,"featured_media":0,"parent":42963,"menu_order":4,"comment_status":"closed","ping_status":"closed","template":"","meta":{"_acf_changed":false,"footnotes":""},"class_list":["post-59791","page","type-page","status-publish","hentry"],"acf":[],"_links":{"self":[{"href":"https:\/\/www.naturgy.com\/gl\/wp-json\/wp\/v2\/pages\/59791","targetHints":{"allow":["GET"]}}],"collection":[{"href":"https:\/\/www.naturgy.com\/gl\/wp-json\/wp\/v2\/pages"}],"about":[{"href":"https:\/\/www.naturgy.com\/gl\/wp-json\/wp\/v2\/types\/page"}],"author":[{"embeddable":true,"href":"https:\/\/www.naturgy.com\/gl\/wp-json\/wp\/v2\/users\/5"}],"replies":[{"embeddable":true,"href":"https:\/\/www.naturgy.com\/gl\/wp-json\/wp\/v2\/comments?post=59791"}],"version-history":[{"count":30,"href":"https:\/\/www.naturgy.com\/gl\/wp-json\/wp\/v2\/pages\/59791\/revisions"}],"predecessor-version":[{"id":137261,"href":"https:\/\/www.naturgy.com\/gl\/wp-json\/wp\/v2\/pages\/59791\/revisions\/137261"}],"up":[{"embeddable":true,"href":"https:\/\/www.naturgy.com\/gl\/wp-json\/wp\/v2\/pages\/42963"}],"wp:attachment":[{"href":"https:\/\/www.naturgy.com\/gl\/wp-json\/wp\/v2\/media?parent=59791"}],"curies":[{"name":"wp","href":"https:\/\/api.w.org\/{rel}","templated":true}]}}