{"id":59794,"date":"2023-01-23T18:52:52","date_gmt":"2023-01-23T17:52:52","guid":{"rendered":"https:\/\/www.naturgy.com\/accionistas-e-investidores\/inversores\/plan-estrategico-2021-2025\/"},"modified":"2023-04-13T10:52:38","modified_gmt":"2023-04-13T08:52:38","slug":"plan-estratexico-2021-2025","status":"publish","type":"page","link":"https:\/\/www.naturgy.com\/gl\/accionistas-e-investidores\/investidores\/plan-estratexico-2021-2025\/","title":{"rendered":"Plan Estrat\u00e9xico 2021-2025"},"content":{"rendered":"\t\t<div data-elementor-type=\"wp-page\" data-elementor-id=\"59794\" class=\"elementor elementor-59794 elementor-13381\" data-elementor-post-type=\"page\">\n\t\t\t\t<div class=\"elementor-element elementor-element-54b125da e-flex e-con-boxed e-con e-parent\" data-id=\"54b125da\" data-element_type=\"container\">\n\t\t\t\t\t<div class=\"e-con-inner\">\n\t\t<div class=\"elementor-element elementor-element-2c34a5ff e-con-full e-flex e-con e-parent\" data-id=\"2c34a5ff\" data-element_type=\"container\">\n\t\t\t\t<div class=\"elementor-element elementor-element-1923731c elementor-widget elementor-widget-shortcode\" data-id=\"1923731c\" data-element_type=\"widget\" data-widget_type=\"shortcode.default\">\n\t\t\t\t<div class=\"elementor-widget-container\">\n\t\t\t\t\t\t\t<div class=\"elementor-shortcode\"><nav aria-label=\"breadcrumbs\" class=\"rank-math-breadcrumb\"><p><span class=\"last\">Comeza<\/span><\/p><\/nav><\/div>\n\t\t\t\t\t\t<\/div>\n\t\t\t\t<\/div>\n\t\t\t\t<\/div>\n\t\t<div class=\"elementor-element elementor-element-5d68ac61 e-con-full e-flex e-con e-parent\" data-id=\"5d68ac61\" data-element_type=\"container\">\n\t\t\t\t<div class=\"elementor-element elementor-element-cca4b7d elementor-widget elementor-widget-spacer\" data-id=\"cca4b7d\" data-element_type=\"widget\" data-widget_type=\"spacer.default\">\n\t\t\t\t<div class=\"elementor-widget-container\">\n\t\t\t\t\t\t\t<div class=\"elementor-spacer\">\n\t\t\t<div class=\"elementor-spacer-inner\"><\/div>\n\t\t<\/div>\n\t\t\t\t\t\t<\/div>\n\t\t\t\t<\/div>\n\t\t\t\t<\/div>\n\t\t\t\t\t<\/div>\n\t\t\t\t<\/div>\n\t\t<div class=\"elementor-element elementor-element-66769200 e-flex e-con-boxed e-con e-parent\" data-id=\"66769200\" data-element_type=\"container\">\n\t\t\t\t\t<div class=\"e-con-inner\">\n\t\t<div class=\"elementor-element elementor-element-6d368dd4 e-flex e-con-boxed e-con e-parent\" data-id=\"6d368dd4\" data-element_type=\"container\">\n\t\t\t\t\t<div class=\"e-con-inner\">\n\t\t<div class=\"elementor-element elementor-element-452e82b1 e-con-full e-flex e-con e-parent\" data-id=\"452e82b1\" data-element_type=\"container\">\n\t\t\t\t<div class=\"elementor-element elementor-element-1a0691db elementor-widget elementor-widget-heading\" data-id=\"1a0691db\" data-element_type=\"widget\" data-widget_type=\"heading.default\">\n\t\t\t\t<div class=\"elementor-widget-container\">\n\t\t\t\t\t<h2 class=\"elementor-heading-title elementor-size-default\">Plan Estrat\u00e9xico 2021-2025<\/h2>\t\t\t\t<\/div>\n\t\t\t\t<\/div>\n\t\t\t\t<div class=\"elementor-element elementor-element-27d4d08c elementor-widget elementor-widget-heading\" data-id=\"27d4d08c\" data-element_type=\"widget\" data-widget_type=\"heading.default\">\n\t\t\t\t<div class=\"elementor-widget-container\">\n\t\t\t\t\t<h3 class=\"elementor-heading-title elementor-size-default\">28 de Xullo de 2021 <\/h3>\t\t\t\t<\/div>\n\t\t\t\t<\/div>\n\t\t\t\t<\/div>\n\t\t<div class=\"elementor-element elementor-element-6108f7af e-con-full e-flex e-con e-parent\" data-id=\"6108f7af\" data-element_type=\"container\">\n\t\t\t\t<div class=\"elementor-element elementor-element-59ceaec2 elementor-align-left elementor-widget elementor-widget-button\" data-id=\"59ceaec2\" data-element_type=\"widget\" data-widget_type=\"button.default\">\n\t\t\t\t<div class=\"elementor-widget-container\">\n\t\t\t\t\t\t\t\t\t<div class=\"elementor-button-wrapper\">\n\t\t\t\t\t<a class=\"elementor-button elementor-button-link elementor-size-sm\" href=\"https:\/\/vimeo.com\/731651001\/f7675cdb98\" target=\"_blank\" rel=\"noopener\">\n\t\t\t\t\t\t<span class=\"elementor-button-content-wrapper\">\n\t\t\t\t\t\t\t\t\t<span class=\"elementor-button-text\">Webcast<\/span>\n\t\t\t\t\t<\/span>\n\t\t\t\t\t<\/a>\n\t\t\t\t<\/div>\n\t\t\t\t\t\t\t\t<\/div>\n\t\t\t\t<\/div>\n\t\t\t\t<\/div>\n\t\t\t\t\t<\/div>\n\t\t\t\t<\/div>\n\t\t<div class=\"elementor-element elementor-element-72879611 e-con-full e-flex e-con e-parent\" data-id=\"72879611\" data-element_type=\"container\">\n\t\t\t\t<div class=\"elementor-element elementor-element-4f572877 elementor-widget elementor-widget-image\" data-id=\"4f572877\" data-element_type=\"widget\" data-widget_type=\"image.default\">\n\t\t\t\t<div class=\"elementor-widget-container\">\n\t\t\t\t\t\t\t\t\t\t\t\t\t\t\t<img fetchpriority=\"high\" decoding=\"async\" width=\"560\" height=\"408\" src=\"https:\/\/www.naturgy.com\/\/app\/uploads\/2023\/02\/Accionistas_ultimos_informes-2.png\" class=\"attachment-large size-large wp-image-27785\" alt=\"\" srcset=\"https:\/\/www.naturgy.com\/\/app\/uploads\/2023\/02\/Accionistas_ultimos_informes-2.png 560w, https:\/\/www.naturgy.com\/\/app\/uploads\/2023\/02\/Accionistas_ultimos_informes-2-300x219.png 300w\" sizes=\"(max-width: 560px) 100vw, 560px\" \/>\t\t\t\t\t\t\t\t\t\t\t\t\t\t\t<\/div>\n\t\t\t\t<\/div>\n\t\t\t\t<\/div>\n\t\t\t\t\t<\/div>\n\t\t\t\t<\/div>\n\t\t<div class=\"elementor-element elementor-element-73aee8ac e-con-full e-flex e-con e-parent\" data-id=\"73aee8ac\" data-element_type=\"container\">\n\t\t\t\t<div class=\"elementor-element elementor-element-50653ed2 elementor-widget elementor-widget-spacer\" data-id=\"50653ed2\" data-element_type=\"widget\" data-widget_type=\"spacer.default\">\n\t\t\t\t<div class=\"elementor-widget-container\">\n\t\t\t\t\t\t\t<div class=\"elementor-spacer\">\n\t\t\t<div class=\"elementor-spacer-inner\"><\/div>\n\t\t<\/div>\n\t\t\t\t\t\t<\/div>\n\t\t\t\t<\/div>\n\t\t\t\t<\/div>\n\t\t<div class=\"elementor-element elementor-element-27dbfa32 e-flex e-con-boxed e-con e-parent\" data-id=\"27dbfa32\" data-element_type=\"container\">\n\t\t\t\t\t<div class=\"e-con-inner\">\n\t\t\t\t<div class=\"elementor-element elementor-element-7840907e elementor-widget elementor-widget-heading\" data-id=\"7840907e\" data-element_type=\"widget\" data-widget_type=\"heading.default\">\n\t\t\t\t<div class=\"elementor-widget-container\">\n\t\t\t\t\t<h2 class=\"elementor-heading-title elementor-size-default\">Documentaci\u00f3n<\/h2>\t\t\t\t<\/div>\n\t\t\t\t<\/div>\n\t\t\t\t<div class=\"elementor-element elementor-element-77843d14 has-icon elementor-widget elementor-widget-text-editor\" data-id=\"77843d14\" data-element_type=\"widget\" data-widget_type=\"text-editor.default\">\n\t\t\t\t<div class=\"elementor-widget-container\">\n\t\t\t\t\t\t\t\t\t<p><a href=\"https:\/\/stproportalcorporativo.blob.core.windows.net\/uploads\/2023\/02\/Naturgy_Plan_Estrategico_2021-2025_ES.pdf\" target=\"_blank\" rel=\"noopener\">Descargar<\/a><\/p>\t\t\t\t\t\t\t\t<\/div>\n\t\t\t\t<\/div>\n\t\t\t\t\t<\/div>\n\t\t\t\t<\/div>\n\t\t<div class=\"elementor-element elementor-element-6478adf e-flex e-con-boxed e-con e-parent\" data-id=\"6478adf\" data-element_type=\"container\">\n\t\t\t\t\t<div class=\"e-con-inner\">\n\t\t\t\t<div class=\"elementor-element elementor-element-0d953ed elementor-widget elementor-widget-spacer\" data-id=\"0d953ed\" data-element_type=\"widget\" data-widget_type=\"spacer.default\">\n\t\t\t\t<div class=\"elementor-widget-container\">\n\t\t\t\t\t\t\t<div class=\"elementor-spacer\">\n\t\t\t<div class=\"elementor-spacer-inner\"><\/div>\n\t\t<\/div>\n\t\t\t\t\t\t<\/div>\n\t\t\t\t<\/div>\n\t\t\t\t\t<\/div>\n\t\t\t\t<\/div>\n\t\t<div class=\"elementor-element elementor-element-3e8c000 e-flex e-con-boxed e-con e-parent\" data-id=\"3e8c000\" data-element_type=\"container\">\n\t\t\t\t\t<div class=\"e-con-inner\">\n\t\t\t\t<div class=\"elementor-element elementor-element-d594a04 elementor-widget elementor-widget-heading\" data-id=\"d594a04\" data-element_type=\"widget\" data-widget_type=\"heading.default\">\n\t\t\t\t<div class=\"elementor-widget-container\">\n\t\t\t\t\t<h2 class=\"elementor-heading-title elementor-size-default\">Tam\u00e9n te pode interesar<\/h2>\t\t\t\t<\/div>\n\t\t\t\t<\/div>\n\t\t\t\t\t<\/div>\n\t\t\t\t<\/div>\n\t\t<div class=\"elementor-element elementor-element-ae42ab6 e-flex e-con-boxed e-con e-parent\" data-id=\"ae42ab6\" data-element_type=\"container\">\n\t\t\t\t\t<div class=\"e-con-inner\">\n\t\t\t\t<div class=\"elementor-element elementor-element-abd67bd elementor-widget elementor-widget-spacer\" data-id=\"abd67bd\" data-element_type=\"widget\" data-widget_type=\"spacer.default\">\n\t\t\t\t<div class=\"elementor-widget-container\">\n\t\t\t\t\t\t\t<div class=\"elementor-spacer\">\n\t\t\t<div class=\"elementor-spacer-inner\"><\/div>\n\t\t<\/div>\n\t\t\t\t\t\t<\/div>\n\t\t\t\t<\/div>\n\t\t\t\t\t<\/div>\n\t\t\t\t<\/div>\n\t\t<div class=\"elementor-element elementor-element-4d6b3118 grid col-3 e-flex e-con-boxed e-con e-parent\" data-id=\"4d6b3118\" data-element_type=\"container\">\n\t\t\t\t\t<div class=\"e-con-inner\">\n\t\t<div class=\"elementor-element elementor-element-59636941 e-con-full e-flex e-con e-parent\" data-id=\"59636941\" data-element_type=\"container\" data-settings=\"{&quot;background_background&quot;:&quot;classic&quot;}\">\n\t\t\t\t<div class=\"elementor-element elementor-element-5942a33 elementor-widget elementor-widget-image\" data-id=\"5942a33\" data-element_type=\"widget\" data-widget_type=\"image.default\">\n\t\t\t\t<div class=\"elementor-widget-container\">\n\t\t\t\t\t\t\t\t\t\t\t\t\t\t\t<img decoding=\"async\" width=\"350\" height=\"234\" src=\"https:\/\/www.naturgy.com\/\/app\/uploads\/2023\/02\/plan_estrategigo_350px.jpg\" class=\"attachment-medium_large size-medium_large wp-image-27824\" alt=\"\" srcset=\"https:\/\/www.naturgy.com\/\/app\/uploads\/2023\/02\/plan_estrategigo_350px.jpg 350w, https:\/\/www.naturgy.com\/\/app\/uploads\/2023\/02\/plan_estrategigo_350px-300x201.jpg 300w\" sizes=\"(max-width: 350px) 100vw, 350px\" \/>\t\t\t\t\t\t\t\t\t\t\t\t\t\t\t<\/div>\n\t\t\t\t<\/div>\n\t\t<div class=\"elementor-element elementor-element-71819d2c e-con-full e-flex e-con e-parent\" data-id=\"71819d2c\" data-element_type=\"container\">\n\t\t\t\t<div class=\"elementor-element elementor-element-35ce9b95 elementor-widget elementor-widget-heading\" data-id=\"35ce9b95\" data-element_type=\"widget\" data-widget_type=\"heading.default\">\n\t\t\t\t<div class=\"elementor-widget-container\">\n\t\t\t\t\t<div class=\"elementor-heading-title elementor-size-default\">Plan Estrat\u00e9xico 2018-2022<\/div>\t\t\t\t<\/div>\n\t\t\t\t<\/div>\n\t\t\t\t<div class=\"elementor-element elementor-element-5841f853 elementor-align-center elementor-widget elementor-widget-button\" data-id=\"5841f853\" data-element_type=\"widget\" data-widget_type=\"button.default\">\n\t\t\t\t<div class=\"elementor-widget-container\">\n\t\t\t\t\t\t\t\t\t<div class=\"elementor-button-wrapper\">\n\t\t\t\t\t<a class=\"elementor-button elementor-button-link elementor-size-sm\" href=\"https:\/\/www.naturgy.com\/gl\/plan-estratexico-2018-2022\/\">\n\t\t\t\t\t\t<span class=\"elementor-button-content-wrapper\">\n\t\t\t\t\t\t\t\t\t<span class=\"elementor-button-text\">Saber m\u00e1is<\/span>\n\t\t\t\t\t<\/span>\n\t\t\t\t\t<\/a>\n\t\t\t\t<\/div>\n\t\t\t\t\t\t\t\t<\/div>\n\t\t\t\t<\/div>\n\t\t\t\t<\/div>\n\t\t\t\t<\/div>\n\t\t\t\t\t<\/div>\n\t\t\t\t<\/div>\n\t\t<div class=\"elementor-element elementor-element-137141a e-flex e-con-boxed e-con e-parent\" data-id=\"137141a\" data-element_type=\"container\">\n\t\t\t\t\t<div class=\"e-con-inner\">\n\t\t\t\t<div class=\"elementor-element elementor-element-d5aa2f9 elementor-widget elementor-widget-spacer\" data-id=\"d5aa2f9\" data-element_type=\"widget\" data-widget_type=\"spacer.default\">\n\t\t\t\t<div class=\"elementor-widget-container\">\n\t\t\t\t\t\t\t<div class=\"elementor-spacer\">\n\t\t\t<div class=\"elementor-spacer-inner\"><\/div>\n\t\t<\/div>\n\t\t\t\t\t\t<\/div>\n\t\t\t\t<\/div>\n\t\t\t\t\t<\/div>\n\t\t\t\t<\/div>\n\t\t\t\t<\/div>\n\t\t","protected":false},"excerpt":{"rendered":"<p>Plan Estrat\u00e9xico 2021-2025 28 de Xullo de 2021 Webcast Documentaci\u00f3n Descargar Tam\u00e9n te pode interesar Plan Estrat\u00e9xico 2018-2022 Saber m\u00e1is<\/p>\n","protected":false},"author":5,"featured_media":0,"parent":59791,"menu_order":2,"comment_status":"closed","ping_status":"closed","template":"","meta":{"_acf_changed":false,"footnotes":""},"class_list":["post-59794","page","type-page","status-publish","hentry"],"acf":[],"_links":{"self":[{"href":"https:\/\/www.naturgy.com\/gl\/wp-json\/wp\/v2\/pages\/59794","targetHints":{"allow":["GET"]}}],"collection":[{"href":"https:\/\/www.naturgy.com\/gl\/wp-json\/wp\/v2\/pages"}],"about":[{"href":"https:\/\/www.naturgy.com\/gl\/wp-json\/wp\/v2\/types\/page"}],"author":[{"embeddable":true,"href":"https:\/\/www.naturgy.com\/gl\/wp-json\/wp\/v2\/users\/5"}],"replies":[{"embeddable":true,"href":"https:\/\/www.naturgy.com\/gl\/wp-json\/wp\/v2\/comments?post=59794"}],"version-history":[{"count":9,"href":"https:\/\/www.naturgy.com\/gl\/wp-json\/wp\/v2\/pages\/59794\/revisions"}],"predecessor-version":[{"id":64845,"href":"https:\/\/www.naturgy.com\/gl\/wp-json\/wp\/v2\/pages\/59794\/revisions\/64845"}],"up":[{"embeddable":true,"href":"https:\/\/www.naturgy.com\/gl\/wp-json\/wp\/v2\/pages\/59791"}],"wp:attachment":[{"href":"https:\/\/www.naturgy.com\/gl\/wp-json\/wp\/v2\/media?parent=59794"}],"curies":[{"name":"wp","href":"https:\/\/api.w.org\/{rel}","templated":true}]}}