{"id":59817,"date":"2023-01-20T16:28:29","date_gmt":"2023-01-20T15:28:29","guid":{"rendered":"https:\/\/www.naturgy.com\/la-accion-y-su-capital-social\/"},"modified":"2023-04-12T11:44:58","modified_gmt":"2023-04-12T09:44:58","slug":"a-accion-e-a-sua-capital-social","status":"publish","type":"page","link":"https:\/\/www.naturgy.com\/gl\/accionistas-e-investidores\/a-sociedade\/a-accion-e-a-sua-capital-social\/","title":{"rendered":"A acci\u00f3n e a s\u00faa capital social"},"content":{"rendered":"\t\t<div data-elementor-type=\"wp-page\" data-elementor-id=\"59817\" class=\"elementor elementor-59817 elementor-12541\" data-elementor-post-type=\"page\">\n\t\t\t\t<div class=\"elementor-element elementor-element-7a460400 e-flex e-con-boxed e-con e-parent\" data-id=\"7a460400\" data-element_type=\"container\">\n\t\t\t\t\t<div class=\"e-con-inner\">\n\t\t<div class=\"elementor-element elementor-element-61fc9ac7 e-con-full e-flex e-con e-parent\" data-id=\"61fc9ac7\" data-element_type=\"container\">\n\t\t\t\t<div class=\"elementor-element elementor-element-19a197bd elementor-widget elementor-widget-shortcode\" data-id=\"19a197bd\" data-element_type=\"widget\" data-widget_type=\"shortcode.default\">\n\t\t\t\t<div class=\"elementor-widget-container\">\n\t\t\t\t\t\t\t<div class=\"elementor-shortcode\"><nav aria-label=\"breadcrumbs\" class=\"rank-math-breadcrumb\"><p><span class=\"last\">Comeza<\/span><\/p><\/nav><\/div>\n\t\t\t\t\t\t<\/div>\n\t\t\t\t<\/div>\n\t\t\t\t<div class=\"elementor-element elementor-element-54c1d75c elementor-widget elementor-widget-heading\" data-id=\"54c1d75c\" data-element_type=\"widget\" data-widget_type=\"heading.default\">\n\t\t\t\t<div class=\"elementor-widget-container\">\n\t\t\t\t\t<h1 class=\"elementor-heading-title elementor-size-default\">A acci\u00f3n e a s\u00faa capital social<\/h1>\t\t\t\t<\/div>\n\t\t\t\t<\/div>\n\t\t\t\t<\/div>\n\t\t<div class=\"elementor-element elementor-element-284d54ae e-con-full e-flex e-con e-parent\" data-id=\"284d54ae\" data-element_type=\"container\">\n\t\t\t\t<div class=\"elementor-element elementor-element-7c8f2206 elementor-widget elementor-widget-spacer\" data-id=\"7c8f2206\" data-element_type=\"widget\" data-widget_type=\"spacer.default\">\n\t\t\t\t<div class=\"elementor-widget-container\">\n\t\t\t\t\t\t\t<div class=\"elementor-spacer\">\n\t\t\t<div class=\"elementor-spacer-inner\"><\/div>\n\t\t<\/div>\n\t\t\t\t\t\t<\/div>\n\t\t\t\t<\/div>\n\t\t\t\t<\/div>\n\t\t<div class=\"elementor-element elementor-element-59fad2b0 e-con-full e-flex e-con e-parent\" data-id=\"59fad2b0\" data-element_type=\"container\">\n\t\t\t\t<div class=\"elementor-element elementor-element-7d5db5be elementor-widget elementor-widget-text-editor\" data-id=\"7d5db5be\" data-element_type=\"widget\" data-widget_type=\"text-editor.default\">\n\t\t\t\t<div class=\"elementor-widget-container\">\n\t\t\t\t\t\t\t\t\t<p>O\u00a0<strong>capital social<\/strong>\u00a0de Naturgy Energy Group, S.A. \u00e9 de\u00a0novecentos sesenta e nove mill\u00f3ns seiscentos trece mil oitocentos un euros (969.613.801) e est\u00e1 integramente subscrito e desembolsado.<br \/><br \/>O\u00a0<strong>capital social\u00a0<\/strong>est\u00e1 integrado por 969.613.801 acci\u00f3ns de 1 euro de valor nominal cada unha delas, representadas por anotaci\u00f3ns en conta e pertencentes a unha mesma clase e serie, cuxa entidade encargada do seu rexistro contable \u00e9 a Sociedad de Gesti\u00f3n de los Sistemas de Registro, Compensaci\u00f3n y Liquidaci\u00f3n de Valores S.A. (IBERCLEAR).<br \/><br \/>Todas as\u00a0<strong>acci\u00f3ns<\/strong>\u00a0te\u00f1en id\u00e9nticos dereitos pol\u00edticos e econ\u00f3micos e cotizan nas catro Bolsas espa\u00f1olas a trav\u00e9s do mercado continuo e forman parte do \u00edndice\u00a0<strong>Ibex 35<\/strong>, en particular do\u00a0<strong>Ibex Utilities<\/strong>.<\/p>\t\t\t\t\t\t\t\t<\/div>\n\t\t\t\t<\/div>\n\t\t\t\t<\/div>\n\t\t\t\t\t<\/div>\n\t\t\t\t<\/div>\n\t\t<div class=\"elementor-element elementor-element-65e338e2 e-con-full e-flex e-con e-parent\" data-id=\"65e338e2\" data-element_type=\"container\">\n\t\t\t\t<div class=\"elementor-element elementor-element-64da74f elementor-widget elementor-widget-spacer\" data-id=\"64da74f\" data-element_type=\"widget\" data-widget_type=\"spacer.default\">\n\t\t\t\t<div class=\"elementor-widget-container\">\n\t\t\t\t\t\t\t<div class=\"elementor-spacer\">\n\t\t\t<div class=\"elementor-spacer-inner\"><\/div>\n\t\t<\/div>\n\t\t\t\t\t\t<\/div>\n\t\t\t\t<\/div>\n\t\t\t\t<\/div>\n\t\t<div class=\"elementor-element elementor-element-2409aaa9 e-flex e-con-boxed e-con e-parent\" data-id=\"2409aaa9\" data-element_type=\"container\">\n\t\t\t\t\t<div class=\"e-con-inner\">\n\t\t\t\t<div class=\"elementor-element elementor-element-7ab2c2e9 elementor-widget elementor-widget-heading\" data-id=\"7ab2c2e9\" data-element_type=\"widget\" data-widget_type=\"heading.default\">\n\t\t\t\t<div class=\"elementor-widget-container\">\n\t\t\t\t\t<h2 class=\"elementor-heading-title elementor-size-default\">Evoluci\u00f3n do capital<\/h2>\t\t\t\t<\/div>\n\t\t\t\t<\/div>\n\t\t\t\t\t<\/div>\n\t\t\t\t<\/div>\n\t\t<div class=\"elementor-element elementor-element-7cc87753 e-con-full e-flex e-con e-parent\" data-id=\"7cc87753\" data-element_type=\"container\">\n\t\t\t\t<div class=\"elementor-element elementor-element-28e5d99e elementor-widget elementor-widget-spacer\" data-id=\"28e5d99e\" data-element_type=\"widget\" data-widget_type=\"spacer.default\">\n\t\t\t\t<div class=\"elementor-widget-container\">\n\t\t\t\t\t\t\t<div class=\"elementor-spacer\">\n\t\t\t<div class=\"elementor-spacer-inner\"><\/div>\n\t\t<\/div>\n\t\t\t\t\t\t<\/div>\n\t\t\t\t<\/div>\n\t\t\t\t<\/div>\n\t\t<div class=\"elementor-element elementor-element-1c2333b3 grid col-3 e-flex e-con-boxed e-con e-parent\" data-id=\"1c2333b3\" data-element_type=\"container\">\n\t\t\t\t\t<div class=\"e-con-inner\">\n\t\t\t\t<div class=\"elementor-element elementor-element-228fdfc0 kec-table elementor-widget elementor-widget-shortcode\" data-id=\"228fdfc0\" data-element_type=\"widget\" data-widget_type=\"shortcode.default\">\n\t\t\t\t<div class=\"elementor-widget-container\">\n\t\t\t\t\t\t\t<div class=\"elementor-shortcode\">\n<table id=\"tablepress-365\" class=\"tablepress tablepress-id-365 fix-tablecolumn\">\n<thead>\n<tr class=\"row-1\">\n\t<th class=\"column-1\">Data<\/th><th class=\"column-2\">Concepto<\/th><th class=\"column-3\">Variaci\u00f3n acci\u00f3ns<\/th><th class=\"column-4\">N\u00famero de acci\u00f3ns resultante<\/th><th class=\"column-5\">Valor nominal unitario (\u20ac)<\/th><th class=\"column-6\">Capital Social (\u20ac)<\/th>\n<\/tr>\n<\/thead>\n<tbody>\n<tr class=\"row-2\">\n\t<td class=\"column-1\">31 decembro. 95 <\/td><td class=\"column-2\"><\/td><td class=\"column-3\"><\/td><td class=\"column-4\">37.314.669<\/td><td class=\"column-5\">1<\/td><td class=\"column-6\">37.314.669<\/td>\n<\/tr>\n<tr class=\"row-3\">\n\t<td class=\"column-1\">31 decembro. 96<\/td><td class=\"column-2\"><\/td><td class=\"column-3\"><\/td><td class=\"column-4\">37.314.669<\/td><td class=\"column-5\">1<\/td><td class=\"column-6\">37.314.669<\/td>\n<\/tr>\n<tr class=\"row-4\">\n\t<td class=\"column-1\">21 xullo. 97<\/td><td class=\"column-2\">Desdobramento de acci\u00f3ns (Split 4 novas x 1 vella)<\/td><td class=\"column-3\">111.944.007<\/td><td class=\"column-4\">149.258.676<\/td><td class=\"column-5\">1<\/td><td class=\"column-6\">149.258.676<\/td>\n<\/tr>\n<tr class=\"row-5\">\n\t<td class=\"column-1\">31 decembro. 98<\/td><td class=\"column-2\"><\/td><td class=\"column-3\"><\/td><td class=\"column-4\">149.258.676<\/td><td class=\"column-5\">1<\/td><td class=\"column-6\">149.258.676<\/td>\n<\/tr>\n<tr class=\"row-6\">\n\t<td class=\"column-1\">12 xullo. 99<\/td><td class=\"column-2\">Desdobramento de acci\u00f3ns (Split 3 novas x 1 vella)<\/td><td class=\"column-3\">298.517.352<\/td><td class=\"column-4\">447.776.028<\/td><td class=\"column-5\">1<\/td><td class=\"column-6\">447.776.028<\/td>\n<\/tr>\n<tr class=\"row-7\">\n\t<td class=\"column-1\">31 decembro. 00<\/td><td class=\"column-2\"><\/td><td class=\"column-3\"><\/td><td class=\"column-4\">447.776.028<\/td><td class=\"column-5\">1<\/td><td class=\"column-6\">447.776.028<\/td>\n<\/tr>\n<tr class=\"row-8\">\n\t<td class=\"column-1\">31 decembro. 01<\/td><td class=\"column-2\"><\/td><td class=\"column-3\"><\/td><td class=\"column-4\">447.776.028<\/td><td class=\"column-5\">1<\/td><td class=\"column-6\">447.776.028<\/td>\n<\/tr>\n<tr class=\"row-9\">\n\t<td class=\"column-1\">31 decembro. 02<\/td><td class=\"column-2\"><\/td><td class=\"column-3\"><\/td><td class=\"column-4\">447.776.028<\/td><td class=\"column-5\">1<\/td><td class=\"column-6\">447.776.028<\/td>\n<\/tr>\n<tr class=\"row-10\">\n\t<td class=\"column-1\">31 decembro. 03<\/td><td class=\"column-2\"><\/td><td class=\"column-3\"><\/td><td class=\"column-4\">447.776.028<\/td><td class=\"column-5\">1<\/td><td class=\"column-6\">447.776.028<\/td>\n<\/tr>\n<tr class=\"row-11\">\n\t<td class=\"column-1\">31 decembro. 04<\/td><td class=\"column-2\"><\/td><td class=\"column-3\"><\/td><td class=\"column-4\">447.776.028<\/td><td class=\"column-5\">1<\/td><td class=\"column-6\">447.776.028<\/td>\n<\/tr>\n<tr class=\"row-12\">\n\t<td class=\"column-1\">31 decembro. 05<\/td><td class=\"column-2\"><\/td><td class=\"column-3\"><\/td><td class=\"column-4\">447.776.028<\/td><td class=\"column-5\">1<\/td><td class=\"column-6\">447.776.028<\/td>\n<\/tr>\n<tr class=\"row-13\">\n\t<td class=\"column-1\">31 decembro. 06<\/td><td class=\"column-2\"><\/td><td class=\"column-3\"><\/td><td class=\"column-4\">447.776.028<\/td><td class=\"column-5\">1<\/td><td class=\"column-6\">447.776.028<\/td>\n<\/tr>\n<tr class=\"row-14\">\n\t<td class=\"column-1\">31 decembro. 07<\/td><td class=\"column-2\"><\/td><td class=\"column-3\"><\/td><td class=\"column-4\">447.776.028<\/td><td class=\"column-5\">1<\/td><td class=\"column-6\">447.776.028<\/td>\n<\/tr>\n<tr class=\"row-15\">\n\t<td class=\"column-1\">31 decembro. 08<\/td><td class=\"column-2\"><\/td><td class=\"column-3\"><\/td><td class=\"column-4\">447.776.028<\/td><td class=\"column-5\">1<\/td><td class=\"column-6\">447.776.028<\/td>\n<\/tr>\n<tr class=\"row-16\">\n\t<td class=\"column-1\">2 abril. 09<\/td><td class=\"column-2\"><a href=\"https:\/\/www.naturgy.com\/gl\/ampliacion-de-capital-de-naturgy-energy-group-s-a-marzo-2009\/\">Ampliaci\u00f3n de capital (1X1) <\/a><\/td><td class=\"column-3\">447.776.028<\/td><td class=\"column-4\">895.552.056<\/td><td class=\"column-5\">1<\/td><td class=\"column-6\">895.552.056<\/td>\n<\/tr>\n<tr class=\"row-17\">\n\t<td class=\"column-1\">7 setembro. 09<\/td><td class=\"column-2\">Ampliaci\u00f3n por fusi\u00f3n con Uni\u00f3n Fenosa (Troco 3 acci\u00f3ns de Gas por cada 5 de Fenosa)<\/td><td class=\"column-3\">26.204.895<\/td><td class=\"column-4\">921.756.951<\/td><td class=\"column-5\">1<\/td><td class=\"column-6\">921.756.951<\/td>\n<\/tr>\n<tr class=\"row-18\">\n\t<td class=\"column-1\">31 decembro. 10<\/td><td class=\"column-2\"><\/td><td class=\"column-3\"><\/td><td class=\"column-4\">921.756.951<\/td><td class=\"column-5\">1<\/td><td class=\"column-6\">921.756.951<\/td>\n<\/tr>\n<tr class=\"row-19\">\n\t<td class=\"column-1\">28 xu\u00f1o. 11<\/td><td class=\"column-2\"><a href=\"https:\/\/www.naturgy.com\/gl\/ampliacion-de-capital-liberada-junio-2011-y-sistema-de-remuneracion-al-accionista\/\">Dividendo flexible<\/a><\/td><td class=\"column-3\">31.731.588<\/td><td class=\"column-4\">953.488.539<\/td><td class=\"column-5\">1<\/td><td class=\"column-6\">953.488.539<\/td>\n<\/tr>\n<tr class=\"row-20\">\n\t<td class=\"column-1\">11 agosto. 11<\/td><td class=\"column-2\"><a href=\"https:\/\/www.naturgy.com\/gl\/ampliacion-de-capital-con-exclusion-del-derecho-de-suscripcion-preferente-agosto-2011\/\">Ampliaci\u00f3n de capital<\/a><\/td><td class=\"column-3\">38.183.600<\/td><td class=\"column-4\">991.672.139<\/td><td class=\"column-5\">1<\/td><td class=\"column-6\">991.672.139<\/td>\n<\/tr>\n<tr class=\"row-21\">\n\t<td class=\"column-1\">28 xu\u00f1o. 12<\/td><td class=\"column-2\"><a href=\"https:\/\/www.naturgy.com\/gl\/ampliacion-de-capital-liberada-junio-2012\/\">Dividendo flexible<\/a><\/td><td class=\"column-3\">9.017.202<\/td><td class=\"column-4\">1.000.689.341<\/td><td class=\"column-5\">1<\/td><td class=\"column-6\">1.000.689.341<\/td>\n<\/tr>\n<tr class=\"row-22\">\n\t<td class=\"column-1\">31 decembro. 13<\/td><td class=\"column-2\"><\/td><td class=\"column-3\"><\/td><td class=\"column-4\">1.000.689.341<\/td><td class=\"column-5\">1<\/td><td class=\"column-6\">1.000.689.341<\/td>\n<\/tr>\n<tr class=\"row-23\">\n\t<td class=\"column-1\">31 decembro. 14<\/td><td class=\"column-2\"><\/td><td class=\"column-3\"><\/td><td class=\"column-4\">1.000.689.341<\/td><td class=\"column-5\">1<\/td><td class=\"column-6\">1.000.689.341<\/td>\n<\/tr>\n<tr class=\"row-24\">\n\t<td class=\"column-1\">31 decembro. 15<\/td><td class=\"column-2\"><\/td><td class=\"column-3\"><\/td><td class=\"column-4\">1.000.689.341<\/td><td class=\"column-5\">1<\/td><td class=\"column-6\">1.000.689.341<\/td>\n<\/tr>\n<tr class=\"row-25\">\n\t<td class=\"column-1\">31 decembro. 16<\/td><td class=\"column-2\"><\/td><td class=\"column-3\"><\/td><td class=\"column-4\">1.000.689.341<\/td><td class=\"column-5\">1<\/td><td class=\"column-6\">1.000.689.341<\/td>\n<\/tr>\n<tr class=\"row-26\">\n\t<td class=\"column-1\">31 decembro. 17<\/td><td class=\"column-2\"><\/td><td class=\"column-3\"><\/td><td class=\"column-4\">1.000.689.341<\/td><td class=\"column-5\">1<\/td><td class=\"column-6\">1.000.689.341<\/td>\n<\/tr>\n<tr class=\"row-27\">\n\t<td class=\"column-1\">31 decembro. 18<\/td><td class=\"column-2\"><\/td><td class=\"column-3\"><\/td><td class=\"column-4\">1.000.689.341<\/td><td class=\"column-5\">1<\/td><td class=\"column-6\">1.000.689.341<\/td>\n<\/tr>\n<tr class=\"row-28\">\n\t<td class=\"column-1\">23 xullo. 19<\/td><td class=\"column-2\"><a href=\"https:\/\/stproportalcorporativo.blob.core.windows.net\/uploads\/2023\/02\/25072019_Amortizacion_acciones_ES-3.pdf\" target=\"_blank\" rel=\"nofollow noopener\">Amortizaci\u00f3n acciones propias<\/a><\/td><td class=\"column-3\">-16.567.195<\/td><td class=\"column-4\">984.122.146<\/td><td class=\"column-5\">1<\/td><td class=\"column-6\">984.122.146<\/td>\n<\/tr>\n<tr class=\"row-29\">\n\t<td class=\"column-1\">31 decembro. 19<\/td><td class=\"column-2\"><\/td><td class=\"column-3\"><\/td><td class=\"column-4\">984.122.146<\/td><td class=\"column-5\">1<\/td><td class=\"column-6\">984.122.146<\/td>\n<\/tr>\n<tr class=\"row-30\">\n\t<td class=\"column-1\">21 xullo. 20<\/td><td class=\"column-2\"><a href=\"https:\/\/stproportalcorporativo.blob.core.windows.net\/uploads\/2023\/02\/OIR_reduccion_capital_2020_ES-2.pdf\" target=\"_blank\" rel=\"nofollow noopener\">Amortizaci\u00f3n acciones propias<\/a><\/td><td class=\"column-3\">-14.508.345<\/td><td class=\"column-4\">969.613.801<\/td><td class=\"column-5\">1<\/td><td class=\"column-6\">969.613.801<\/td>\n<\/tr>\n<tr class=\"row-31\">\n\t<td class=\"column-1\">31 decembro. 20<\/td><td class=\"column-2\"><\/td><td class=\"column-3\"><\/td><td class=\"column-4\">969.613.801<\/td><td class=\"column-5\">1<\/td><td class=\"column-6\">969.613.801<\/td>\n<\/tr>\n<tr class=\"row-32\">\n\t<td class=\"column-1\">31 decembro. 21<\/td><td class=\"column-2\"><\/td><td class=\"column-3\"><\/td><td class=\"column-4\">969.613.801<\/td><td class=\"column-5\">1<\/td><td class=\"column-6\">969.613.801<\/td>\n<\/tr>\n<tr class=\"row-33\">\n\t<td class=\"column-1\">31 decembro. 22<\/td><td class=\"column-2\"><\/td><td class=\"column-3\"><\/td><td class=\"column-4\">969.613.801<\/td><td class=\"column-5\">1<\/td><td class=\"column-6\">969.613.801<\/td>\n<\/tr>\n<tr class=\"row-34\">\n\t<td class=\"column-1\">31 decembro. 23<\/td><td class=\"column-2\"><\/td><td class=\"column-3\"><\/td><td class=\"column-4\">969.613.801<\/td><td class=\"column-5\">1<\/td><td class=\"column-6\">969.613.801<\/td>\n<\/tr>\n<tr class=\"row-35\">\n\t<td class=\"column-1\">31 decembro. 24<\/td><td class=\"column-2\"><\/td><td class=\"column-3\"><\/td><td class=\"column-4\">969.613.801<\/td><td class=\"column-5\">1<\/td><td class=\"column-6\">969.613.801<\/td>\n<\/tr>\n<tr class=\"row-36\">\n\t<td class=\"column-1\">31 decembro. 25<\/td><td class=\"column-2\"><\/td><td class=\"column-3\"><\/td><td class=\"column-4\">969.613.801<\/td><td class=\"column-5\">1<\/td><td class=\"column-6\">969.613.801<\/td>\n<\/tr>\n<\/tbody>\n<\/table>\n<!-- #tablepress-365 from cache --><\/div>\n\t\t\t\t\t\t<\/div>\n\t\t\t\t<\/div>\n\t\t\t\t<div class=\"elementor-element elementor-element-c8420ea elementor-widget elementor-widget-spacer\" data-id=\"c8420ea\" data-element_type=\"widget\" data-widget_type=\"spacer.default\">\n\t\t\t\t<div class=\"elementor-widget-container\">\n\t\t\t\t\t\t\t<div class=\"elementor-spacer\">\n\t\t\t<div class=\"elementor-spacer-inner\"><\/div>\n\t\t<\/div>\n\t\t\t\t\t\t<\/div>\n\t\t\t\t<\/div>\n\t\t\t\t\t<\/div>\n\t\t\t\t<\/div>\n\t\t\t\t<\/div>\n\t\t","protected":false},"excerpt":{"rendered":"<p>O\u00a0capital social\u00a0de Naturgy Energy Group, S.A. \u00e9 de\u00a0novecentos sesenta e nove mill\u00f3ns seiscentos trece mil oitocentos un euros (969.613.801) e est\u00e1 integramente subscrito e desembolsado. O\u00a0capital social\u00a0est\u00e1 integrado por 969.613.801 acci\u00f3ns de 1 euro de valor nominal cada unha delas, representadas por anotaci\u00f3ns en conta e pertencentes a unha mesma clase e serie, cuxa entidade [&hellip;]<\/p>\n","protected":false},"author":5,"featured_media":0,"parent":61847,"menu_order":1,"comment_status":"closed","ping_status":"closed","template":"","meta":{"_acf_changed":false,"footnotes":""},"class_list":["post-59817","page","type-page","status-publish","hentry"],"acf":[],"_links":{"self":[{"href":"https:\/\/www.naturgy.com\/gl\/wp-json\/wp\/v2\/pages\/59817","targetHints":{"allow":["GET"]}}],"collection":[{"href":"https:\/\/www.naturgy.com\/gl\/wp-json\/wp\/v2\/pages"}],"about":[{"href":"https:\/\/www.naturgy.com\/gl\/wp-json\/wp\/v2\/types\/page"}],"author":[{"embeddable":true,"href":"https:\/\/www.naturgy.com\/gl\/wp-json\/wp\/v2\/users\/5"}],"replies":[{"embeddable":true,"href":"https:\/\/www.naturgy.com\/gl\/wp-json\/wp\/v2\/comments?post=59817"}],"version-history":[{"count":6,"href":"https:\/\/www.naturgy.com\/gl\/wp-json\/wp\/v2\/pages\/59817\/revisions"}],"predecessor-version":[{"id":62327,"href":"https:\/\/www.naturgy.com\/gl\/wp-json\/wp\/v2\/pages\/59817\/revisions\/62327"}],"up":[{"embeddable":true,"href":"https:\/\/www.naturgy.com\/gl\/wp-json\/wp\/v2\/pages\/61847"}],"wp:attachment":[{"href":"https:\/\/www.naturgy.com\/gl\/wp-json\/wp\/v2\/media?parent=59817"}],"curies":[{"name":"wp","href":"https:\/\/api.w.org\/{rel}","templated":true}]}}