{"id":62218,"date":"2023-02-20T09:58:56","date_gmt":"2023-02-20T08:58:56","guid":{"rendered":"https:\/\/www.naturgy.com\/renda-fixa\/naturgy-finance-b-v\/"},"modified":"2024-10-01T15:56:44","modified_gmt":"2024-10-01T13:56:44","slug":"naturgy-finance-iberia-s-a","status":"publish","type":"page","link":"https:\/\/www.naturgy.com\/gl\/accionistas-e-investidores\/investidores\/renda-fixa\/naturgy-finance-iberia-s-a\/","title":{"rendered":"Naturgy Finance Iberia S.A"},"content":{"rendered":"\t\t<div data-elementor-type=\"wp-page\" data-elementor-id=\"62218\" class=\"elementor elementor-62218 elementor-27730\" data-elementor-post-type=\"page\">\n\t\t\t\t<div class=\"elementor-element elementor-element-366679e2 e-flex e-con-boxed e-con e-parent\" data-id=\"366679e2\" data-element_type=\"container\">\n\t\t\t\t\t<div class=\"e-con-inner\">\n\t\t<div class=\"elementor-element elementor-element-7479252 e-con-full e-flex e-con e-child\" data-id=\"7479252\" data-element_type=\"container\">\n\t\t\t\t<div class=\"elementor-element elementor-element-1f178acb elementor-widget elementor-widget-shortcode\" data-id=\"1f178acb\" data-element_type=\"widget\" data-widget_type=\"shortcode.default\">\n\t\t\t\t<div class=\"elementor-widget-container\">\n\t\t\t\t\t\t\t<div class=\"elementor-shortcode\"><nav aria-label=\"breadcrumbs\" class=\"rank-math-breadcrumb\"><p><span class=\"last\">Comeza<\/span><\/p><\/nav><\/div>\n\t\t\t\t\t\t<\/div>\n\t\t\t\t<\/div>\n\t\t\t\t<div class=\"elementor-element elementor-element-66da5f0a elementor-widget elementor-widget-heading\" data-id=\"66da5f0a\" data-element_type=\"widget\" data-widget_type=\"heading.default\">\n\t\t\t\t<div class=\"elementor-widget-container\">\n\t\t\t\t\t<h1 class=\"elementor-heading-title elementor-size-default\">Naturgy Finance Iberia S.A<\/h1>\t\t\t\t<\/div>\n\t\t\t\t<\/div>\n\t\t\t\t<\/div>\n\t\t<div class=\"elementor-element elementor-element-37789a97 e-con-full e-flex e-con e-child\" data-id=\"37789a97\" data-element_type=\"container\">\n\t\t\t\t<div class=\"elementor-element elementor-element-149a6027 elementor-widget elementor-widget-spacer\" data-id=\"149a6027\" data-element_type=\"widget\" data-widget_type=\"spacer.default\">\n\t\t\t\t<div class=\"elementor-widget-container\">\n\t\t\t\t\t\t\t<div class=\"elementor-spacer\">\n\t\t\t<div class=\"elementor-spacer-inner\"><\/div>\n\t\t<\/div>\n\t\t\t\t\t\t<\/div>\n\t\t\t\t<\/div>\n\t\t\t\t<\/div>\n\t\t\t\t\t<\/div>\n\t\t\t\t<\/div>\n\t\t<div class=\"elementor-element elementor-element-141f3182 e-flex e-con-boxed e-con e-parent\" data-id=\"141f3182\" data-element_type=\"container\">\n\t\t\t\t\t<div class=\"e-con-inner\">\n\t\t\t\t<div class=\"elementor-element elementor-element-3e97c59f elementor-widget elementor-widget-text-editor\" data-id=\"3e97c59f\" data-element_type=\"widget\" data-widget_type=\"text-editor.default\">\n\t\t\t\t<div class=\"elementor-widget-container\">\n\t\t\t\t\t\t\t\t\t<p>Naturgy Finance Iberia S.A. (NFI) \u00e9 unha sociedade an\u00f3nima con sede oficial en Avenida de Am\u00e9rica, 38 en Madrid , inscrita no Rexistro Mercantil de Madrid coN tomo 0, folio 0, inscrici\u00f3n 1 con p\u00e1xina M-823704.<\/p>\n<p>NFI constitu\u00eduse para facilitar a obtenci\u00f3n de financiamento para o Grupo Naturgy. Co fin de cumprir este obxectivo, NFI est\u00e1 autorizada para captar fondos mediante a emisi\u00f3n de instrumentos financeiros de d\u00e9beda como valores ordinarios ou subordinados.<\/p>\t\t\t\t\t\t\t\t<\/div>\n\t\t\t\t<\/div>\n\t\t\t\t\t<\/div>\n\t\t\t\t<\/div>\n\t\t<div class=\"elementor-element elementor-element-7c613d31 e-con-full e-flex e-con e-parent\" data-id=\"7c613d31\" data-element_type=\"container\">\n\t\t\t\t<div class=\"elementor-element elementor-element-138f7516 elementor-widget elementor-widget-spacer\" data-id=\"138f7516\" data-element_type=\"widget\" data-widget_type=\"spacer.default\">\n\t\t\t\t<div class=\"elementor-widget-container\">\n\t\t\t\t\t\t\t<div class=\"elementor-spacer\">\n\t\t\t<div class=\"elementor-spacer-inner\"><\/div>\n\t\t<\/div>\n\t\t\t\t\t\t<\/div>\n\t\t\t\t<\/div>\n\t\t\t\t<\/div>\n\t\t<div class=\"elementor-element elementor-element-35b58040 e-flex e-con-boxed e-con e-parent\" data-id=\"35b58040\" data-element_type=\"container\">\n\t\t\t\t\t<div class=\"e-con-inner\">\n\t\t\t\t<div class=\"elementor-element elementor-element-62509db3 is-tab e-n-tabs-mobile elementor-widget elementor-widget-n-tabs\" data-id=\"62509db3\" data-element_type=\"widget\" data-settings=\"{&quot;horizontal_scroll&quot;:&quot;disable&quot;}\" data-widget_type=\"nested-tabs.default\">\n\t\t\t\t<div class=\"elementor-widget-container\">\n\t\t\t\t\t\t\t<div class=\"e-n-tabs\" data-widget-number=\"1649450419\" aria-label=\"Tabs. Open items with Enter or Space, close with Escape and navigate using the Arrow keys.\">\n\t\t\t<div class=\"e-n-tabs-heading\" role=\"tablist\">\n\t\t\t\t\t<button id=\"e-n-tab-title-16494504191\" data-tab-title-id=\"e-n-tab-title-16494504191\" class=\"e-n-tab-title\" aria-selected=\"true\" data-tab-index=\"1\" role=\"tab\" tabindex=\"0\" aria-controls=\"e-n-tab-content-16494504191\" style=\"--n-tabs-title-order: 1;\">\n\t\t\t\t\t\t<span class=\"e-n-tab-title-text\">\n\t\t\t\t2024\t\t\t<\/span>\n\t\t<\/button>\n\t\t\t\t<button id=\"e-n-tab-title-16494504192\" data-tab-title-id=\"e-n-tab-title-16494504192\" class=\"e-n-tab-title\" aria-selected=\"false\" data-tab-index=\"2\" role=\"tab\" tabindex=\"-1\" aria-controls=\"e-n-tab-content-16494504192\" style=\"--n-tabs-title-order: 2;\">\n\t\t\t\t\t\t<span class=\"e-n-tab-title-text\">\n\t\t\t\t2021\t\t\t<\/span>\n\t\t<\/button>\n\t\t\t\t<button id=\"e-n-tab-title-16494504193\" data-tab-title-id=\"e-n-tab-title-16494504193\" class=\"e-n-tab-title\" aria-selected=\"false\" data-tab-index=\"3\" role=\"tab\" tabindex=\"-1\" aria-controls=\"e-n-tab-content-16494504193\" style=\"--n-tabs-title-order: 3;\">\n\t\t\t\t\t\t<span class=\"e-n-tab-title-text\">\n\t\t\t\t2019\t\t\t<\/span>\n\t\t<\/button>\n\t\t\t\t<button id=\"e-n-tab-title-16494504194\" data-tab-title-id=\"e-n-tab-title-16494504194\" class=\"e-n-tab-title\" aria-selected=\"false\" data-tab-index=\"4\" role=\"tab\" tabindex=\"-1\" aria-controls=\"e-n-tab-content-16494504194\" style=\"--n-tabs-title-order: 4;\">\n\t\t\t\t\t\t<span class=\"e-n-tab-title-text\">\n\t\t\t\t2018\t\t\t<\/span>\n\t\t<\/button>\n\t\t\t\t\t<\/div>\n\t\t\t<div class=\"e-n-tabs-content\">\n\t\t\t\t<div id=\"e-n-tab-content-16494504191\" role=\"tabpanel\" aria-labelledby=\"e-n-tab-title-16494504191\" data-tab-index=\"1\" style=\"--n-tabs-title-order: 1;\" class=\"e-active elementor-element elementor-element-4b0c7adb e-con-full e-flex e-con e-child\" data-id=\"4b0c7adb\" data-element_type=\"container\">\n\t\t\t\t<div class=\"elementor-element elementor-element-8d0d8c2 kec-table elementor-widget elementor-widget-shortcode\" data-id=\"8d0d8c2\" data-element_type=\"widget\" data-widget_type=\"shortcode.default\">\n\t\t\t\t<div class=\"elementor-widget-container\">\n\t\t\t\t\t\t\t<div class=\"elementor-shortcode\">\n<table id=\"tablepress-647\" class=\"tablepress tablepress-id-647\">\n<tbody class=\"row-hover\">\n<tr class=\"row-1\">\n\t<td class=\"column-1\">Contas Anuais Naturgy Finance 2023<\/td><td class=\"column-2\">31\/12\/2023<\/td><td class=\"column-3\"><a href=\"https:\/\/stproportalcorporativo.blob.core.windows.net\/uploads\/2024\/04\/Naturgy-Finance-FS23_StampedAR.pdf\" target=\"_blank\" rel=\"noopener\">Descargar<\/a><\/td>\n<\/tr>\n<tr class=\"row-2\">\n\t<td class=\"column-1\">Oferta de recompra de obrigaci\u00f3ns<\/td><td class=\"column-2\">23\/09\/2024<\/td><td class=\"column-3\"><a href=\"https:\/\/stproportalcorporativo.blob.core.windows.net\/uploads\/2024\/09\/23092024_OIR_-NEG_Launch_-tender_offer_Spanish.pdf\" target=\"_blank\" rel=\"noopener\">Descargar<\/a><\/td>\n<\/tr>\n<tr class=\"row-3\">\n\t<td class=\"column-1\">Emisi\u00f3n de bonos<\/td><td class=\"column-2\">24\/09\/2024<\/td><td class=\"column-3\"><a href=\"https:\/\/stproportalcorporativo.blob.core.windows.net\/uploads\/2024\/09\/24092024_OIR_ES_Nueva-emision.pdf\" target=\"_blank\" rel=\"noopener\">Descargar<\/a><\/td>\n<\/tr>\n<tr class=\"row-4\">\n\t<td class=\"column-1\">Resultados da recompra de obrigaci\u00f3ns<\/td><td class=\"column-2\">01\/10\/2024<\/td><td class=\"column-3\"><a href=\"https:\/\/stproportalcorporativo.blob.core.windows.net\/uploads\/2024\/10\/01102024_Results_Announcement_OIR_SPA.pdf\" target=\"_blank\" rel=\"noopener\">Descargar<\/a><\/td>\n<\/tr>\n<\/tbody>\n<\/table>\n<!-- #tablepress-647 from cache --><\/div>\n\t\t\t\t\t\t<\/div>\n\t\t\t\t<\/div>\n\t\t\t\t<\/div>\n\t\t<div id=\"e-n-tab-content-16494504192\" role=\"tabpanel\" aria-labelledby=\"e-n-tab-title-16494504192\" data-tab-index=\"2\" style=\"--n-tabs-title-order: 2;\" class=\" elementor-element elementor-element-90ae899 e-con-full e-flex e-con e-child\" data-id=\"90ae899\" data-element_type=\"container\">\n\t\t\t\t<div class=\"elementor-element elementor-element-5784399 kec-table elementor-widget elementor-widget-shortcode\" data-id=\"5784399\" data-element_type=\"widget\" data-widget_type=\"shortcode.default\">\n\t\t\t\t<div class=\"elementor-widget-container\">\n\t\t\t\t\t\t\t<div class=\"elementor-shortcode\">\n<table id=\"tablepress-453\" class=\"tablepress tablepress-id-453\">\n<tbody class=\"row-hover\">\n<tr class=\"row-1\">\n\t<td class=\"column-1\">Contas Anuais de Naturgy Finance B.V. 2020<\/td><td class=\"column-2\">31\/12\/2020<\/td><td class=\"column-3\"><a href=\"https:\/\/stproportalcorporativo.blob.core.windows.net\/uploads\/2023\/03\/CCAA_NFBV_2020_ENG.pdf\" target=\"_blank\" rel=\"noopener\">Descargar<\/a><\/td>\n<\/tr>\n<tr class=\"row-2\">\n\t<td class=\"column-1\">Resultado da recompra de obrigaci\u00f3ns<\/td><td class=\"column-2\">23\/11\/2021<\/td><td class=\"column-3\"><a href=\"https:\/\/stproportalcorporativo.blob.core.windows.net\/uploads\/2023\/02\/23112021_Results_Announcement_ES-63f8b4840a5fd.pdf\" target=\"_blank\" rel=\"noopener\">Descargar<\/a><\/td>\n<\/tr>\n<tr class=\"row-3\">\n\t<td class=\"column-1\">Emisi\u00f3n de bonos<\/td><td class=\"column-2\">16\/11\/2021<\/td><td class=\"column-3\"><a href=\"https:\/\/stproportalcorporativo.blob.core.windows.net\/uploads\/2023\/02\/OIR_16112021_Nueva_Emision_ES.pdf\" target=\"_blank\" rel=\"noopener\">Descargar<\/a><\/td>\n<\/tr>\n<tr class=\"row-4\">\n\t<td class=\"column-1\">Importe m\u00e1ximo de recompra de obrigaci\u00f3ns\t<\/td><td class=\"column-2\">16\/11\/2021<\/td><td class=\"column-3\"><a href=\"https:\/\/stproportalcorporativo.blob.core.windows.net\/uploads\/2023\/02\/16112021_IP_MPA_Announcement_ES.pdf\" target=\"_blank\" rel=\"noopener\">Descargar<\/a><\/td>\n<\/tr>\n<tr class=\"row-5\">\n\t<td class=\"column-1\">Oferta de recompra de obrigaci\u00f3ns<\/td><td class=\"column-2\">15\/11\/2021<\/td><td class=\"column-3\"><a href=\"https:\/\/stproportalcorporativo.blob.core.windows.net\/uploads\/2023\/02\/15112021_IP_Launch_ES-63f8b46240c3a.pdf\" target=\"_blank\" rel=\"noopener\">Descargar<\/a><\/td>\n<\/tr>\n<\/tbody>\n<\/table>\n<!-- #tablepress-453 from cache --><\/div>\n\t\t\t\t\t\t<\/div>\n\t\t\t\t<\/div>\n\t\t\t\t<\/div>\n\t\t<div id=\"e-n-tab-content-16494504193\" role=\"tabpanel\" aria-labelledby=\"e-n-tab-title-16494504193\" data-tab-index=\"3\" style=\"--n-tabs-title-order: 3;\" class=\" elementor-element elementor-element-7e237d97 e-con-full e-flex e-con e-child\" data-id=\"7e237d97\" data-element_type=\"container\">\n\t\t\t\t<div class=\"elementor-element elementor-element-3c6bb9e0 kec-table elementor-widget elementor-widget-shortcode\" data-id=\"3c6bb9e0\" data-element_type=\"widget\" data-widget_type=\"shortcode.default\">\n\t\t\t\t<div class=\"elementor-widget-container\">\n\t\t\t\t\t\t\t<div class=\"elementor-shortcode\">\n<table id=\"tablepress-454\" class=\"tablepress tablepress-id-454\">\n<tbody class=\"row-hover\">\n<tr class=\"row-1\">\n\t<td class=\"column-1\">Contas Anuais e Informe de Xesti\u00f3n Consolidados de Naturgy Finance B.V. 2019<\/td><td class=\"column-2\">31\/12\/2019<\/td><td class=\"column-3\"><a href=\"https:\/\/stproportalcorporativo.blob.core.windows.net\/uploads\/2023\/02\/Naturgy_Finance_BV_2019_annual_accounts_with_auditor_report.pdf\" target=\"_blank\" rel=\"noopener\">Descargar<\/a><\/td>\n<\/tr>\n<tr class=\"row-2\">\n\t<td class=\"column-1\">Resultado da recompra de obrigaci\u00f3ns<\/td><td class=\"column-2\">27\/11\/2019<\/td><td class=\"column-3\"><a href=\"https:\/\/stproportalcorporativo.blob.core.windows.net\/uploads\/2023\/02\/27112019_HR_Resultados_final_tender_ES-1.pdf\" target=\"_blank\" rel=\"noopener\">Descargar<\/a><\/td>\n<\/tr>\n<tr class=\"row-3\">\n\t<td class=\"column-1\">Resultado indicativo de recompra de obrigaci\u00f3ns<\/td><td class=\"column-2\">19\/11\/2019<\/td><td class=\"column-3\"><a href=\"https:\/\/stproportalcorporativo.blob.core.windows.net\/uploads\/2023\/02\/27112019_HR_Resultados_indicativos_tender_ES-1.pdf\" target=\"_blank\" rel=\"noopener\">Descargar<\/a><\/td>\n<\/tr>\n<tr class=\"row-4\">\n\t<td class=\"column-1\">Emisi\u00f3n de bonos<\/td><td class=\"column-2\">19\/11\/2019<\/td><td class=\"column-3\"><a href=\"https:\/\/stproportalcorporativo.blob.core.windows.net\/uploads\/2023\/02\/19112019_HR_BONOS_Castellano-1.pdf\" target=\"_blank\" rel=\"noopener\">Descargar<\/a><\/td>\n<\/tr>\n<tr class=\"row-5\">\n\t<td class=\"column-1\">Oferta de recompra de obrigas<\/td><td class=\"column-2\">19\/11\/2019<\/td><td class=\"column-3\"><a href=\"https:\/\/stproportalcorporativo.blob.core.windows.net\/uploads\/2023\/02\/20191119_Recompra_Obligaciones_SP-1.pdf\" target=\"_blank\" rel=\"noopener\">Descargar<\/a><\/td>\n<\/tr>\n<\/tbody>\n<\/table>\n<!-- #tablepress-454 from cache --><\/div>\n\t\t\t\t\t\t<\/div>\n\t\t\t\t<\/div>\n\t\t\t\t<\/div>\n\t\t<div id=\"e-n-tab-content-16494504194\" role=\"tabpanel\" aria-labelledby=\"e-n-tab-title-16494504194\" data-tab-index=\"4\" style=\"--n-tabs-title-order: 4;\" class=\" elementor-element elementor-element-3b3c87e2 e-con-full e-flex e-con e-child\" data-id=\"3b3c87e2\" data-element_type=\"container\">\n\t\t\t\t<div class=\"elementor-element elementor-element-18f9a289 kec-table elementor-widget elementor-widget-shortcode\" data-id=\"18f9a289\" data-element_type=\"widget\" data-widget_type=\"shortcode.default\">\n\t\t\t\t<div class=\"elementor-widget-container\">\n\t\t\t\t\t\t\t<div class=\"elementor-shortcode\">\n<table id=\"tablepress-455\" class=\"tablepress tablepress-id-455\">\n<tbody class=\"row-hover\">\n<tr class=\"row-1\">\n\t<td class=\"column-1\">Contais Anuais e Informe de Xesti\u00f3n Consolidados de Naturgy Finance B.V. 2018<\/td><td class=\"column-2\">31\/12\/2018<\/td><td class=\"column-3\"><a href=\"https:\/\/stproportalcorporativo.blob.core.windows.net\/uploads\/2023\/02\/Naturgy_Finance_BV_2018_annual_accounts-.pdf\" target=\"_blank\" rel=\"noopener\">Descargar<\/a><\/td>\n<\/tr>\n<tr class=\"row-2\">\n\t<td class=\"column-1\">Resultado de recompra de obrigaci\u00f3ns<\/td><td class=\"column-2\">19\/10\/2018<\/td><td class=\"column-3\"><a href=\"https:\/\/stproportalcorporativo.blob.core.windows.net\/uploads\/2023\/02\/HR-20181019-resultados-definitivos-tender-1.pdf\" target=\"_blank\" rel=\"noopener\">Descargar<\/a><\/td>\n<\/tr>\n<tr class=\"row-3\">\n\t<td class=\"column-1\">Resultado indicativo de recompra de obrigaci\u00f3ns<\/td><td class=\"column-2\">19\/10\/2018<\/td><td class=\"column-3\"><a href=\"https:\/\/stproportalcorporativo.blob.core.windows.net\/uploads\/2023\/02\/HR-20181019-resultados-indicativos-tender-1.pdf\" target=\"_blank\" rel=\"noopener\">Descargar<\/a><\/td>\n<\/tr>\n<tr class=\"row-4\">\n\t<td class=\"column-1\">Oferta de recompra de obrigas<\/td><td class=\"column-2\">11\/10\/2018<\/td><td class=\"column-3\"><a href=\"https:\/\/stproportalcorporativo.blob.core.windows.net\/uploads\/2023\/02\/Recompra-de-bonos-octubre-18-Spanish.pdf\" target=\"_blank\" rel=\"noopener\">Descargar<\/a><\/td>\n<\/tr>\n<tr class=\"row-5\">\n\t<td class=\"column-1\">Exchange de bonos<\/td><td class=\"column-2\">29\/01\/2018<\/td><td class=\"column-3\"><a href=\"https:\/\/stproportalcorporativo.blob.core.windows.net\/uploads\/2023\/02\/29012018_Settlement_Date_HR_CNMV_Spanish-63f8b888c7a23.pdf\" target=\"_blank\" rel=\"noopener\">Descargar<\/a><\/td>\n<\/tr>\n<tr class=\"row-6\">\n\t<td class=\"column-1\">Emisi\u00f3n de bonos<\/td><td class=\"column-2\">16\/01\/2018<\/td><td class=\"column-3\"><a href=\"https:\/\/stproportalcorporativo.blob.core.windows.net\/uploads\/2023\/02\/16012018_HR_BONOS_Castellano-63f8b884f02a1.pdf\" target=\"_blank\" rel=\"noopener\">Descargar<\/a><\/td>\n<\/tr>\n<tr class=\"row-7\">\n\t<td class=\"column-1\">Oferta de recompra de obrigas<\/td><td class=\"column-2\">16\/01\/2018<\/td><td class=\"column-3\"><a href=\"https:\/\/stproportalcorporativo.blob.core.windows.net\/uploads\/2023\/02\/ProjectGaudi_LaunchHRCNMVSpanish.pdf\" target=\"_blank\" rel=\"noopener\">Descargar<\/a><\/td>\n<\/tr>\n<\/tbody>\n<\/table>\n<!-- #tablepress-455 from cache --><\/div>\n\t\t\t\t\t\t<\/div>\n\t\t\t\t<\/div>\n\t\t\t\t<\/div>\n\t\t\t\t\t<\/div>\n\t\t<\/div>\n\t\t\t\t\t\t<\/div>\n\t\t\t\t<\/div>\n\t\t\t\t\t<\/div>\n\t\t\t\t<\/div>\n\t\t<div class=\"elementor-element elementor-element-34402308 e-con-full e-flex e-con e-parent\" data-id=\"34402308\" data-element_type=\"container\">\n\t\t\t\t<div class=\"elementor-element elementor-element-57871a65 elementor-widget elementor-widget-spacer\" data-id=\"57871a65\" data-element_type=\"widget\" data-widget_type=\"spacer.default\">\n\t\t\t\t<div class=\"elementor-widget-container\">\n\t\t\t\t\t\t\t<div class=\"elementor-spacer\">\n\t\t\t<div class=\"elementor-spacer-inner\"><\/div>\n\t\t<\/div>\n\t\t\t\t\t\t<\/div>\n\t\t\t\t<\/div>\n\t\t\t\t<\/div>\n\t\t\t\t<\/div>\n\t\t","protected":false},"excerpt":{"rendered":"<p>Naturgy Finance Iberia S.A. (NFI) \u00e9 unha sociedade an\u00f3nima con sede oficial en Avenida de Am\u00e9rica, 38 en Madrid , inscrita no Rexistro Mercantil de Madrid coN tomo 0, folio 0, inscrici\u00f3n 1 con p\u00e1xina M-823704. NFI constitu\u00eduse para facilitar a obtenci\u00f3n de financiamento para o Grupo Naturgy. Co fin de cumprir este obxectivo, NFI [&hellip;]<\/p>\n","protected":false},"author":5,"featured_media":0,"parent":41746,"menu_order":5,"comment_status":"closed","ping_status":"closed","template":"","meta":{"_acf_changed":false,"footnotes":""},"class_list":["post-62218","page","type-page","status-publish","hentry"],"acf":[],"_links":{"self":[{"href":"https:\/\/www.naturgy.com\/gl\/wp-json\/wp\/v2\/pages\/62218","targetHints":{"allow":["GET"]}}],"collection":[{"href":"https:\/\/www.naturgy.com\/gl\/wp-json\/wp\/v2\/pages"}],"about":[{"href":"https:\/\/www.naturgy.com\/gl\/wp-json\/wp\/v2\/types\/page"}],"author":[{"embeddable":true,"href":"https:\/\/www.naturgy.com\/gl\/wp-json\/wp\/v2\/users\/5"}],"replies":[{"embeddable":true,"href":"https:\/\/www.naturgy.com\/gl\/wp-json\/wp\/v2\/comments?post=62218"}],"version-history":[{"count":31,"href":"https:\/\/www.naturgy.com\/gl\/wp-json\/wp\/v2\/pages\/62218\/revisions"}],"predecessor-version":[{"id":109724,"href":"https:\/\/www.naturgy.com\/gl\/wp-json\/wp\/v2\/pages\/62218\/revisions\/109724"}],"up":[{"embeddable":true,"href":"https:\/\/www.naturgy.com\/gl\/wp-json\/wp\/v2\/pages\/41746"}],"wp:attachment":[{"href":"https:\/\/www.naturgy.com\/gl\/wp-json\/wp\/v2\/media?parent=62218"}],"curies":[{"name":"wp","href":"https:\/\/api.w.org\/{rel}","templated":true}]}}