{"id":62220,"date":"2023-02-21T11:50:59","date_gmt":"2023-02-21T10:50:59","guid":{"rendered":"https:\/\/www.naturgy.com\/renda-fixa\/programa-euro-commercial-paper-ecp\/"},"modified":"2025-12-04T18:15:47","modified_gmt":"2025-12-04T17:15:47","slug":"programa-euro-commercial-paper-ecp","status":"publish","type":"page","link":"https:\/\/www.naturgy.com\/gl\/accionistas-e-investidores\/investidores\/renda-fixa\/programa-euro-commercial-paper-ecp\/","title":{"rendered":"Programa Euro Commercial Paper (ECP)"},"content":{"rendered":"\t\t<div data-elementor-type=\"wp-page\" data-elementor-id=\"62220\" class=\"elementor elementor-62220 elementor-28613\" data-elementor-post-type=\"page\">\n\t\t\t\t<div class=\"elementor-element elementor-element-47769352 e-flex e-con-boxed e-con e-parent\" data-id=\"47769352\" data-element_type=\"container\">\n\t\t\t\t\t<div class=\"e-con-inner\">\n\t\t<div class=\"elementor-element elementor-element-5ebbd6ce e-con-full e-flex e-con e-child\" data-id=\"5ebbd6ce\" data-element_type=\"container\">\n\t\t\t\t<div class=\"elementor-element elementor-element-4ba9a818 elementor-widget elementor-widget-shortcode\" data-id=\"4ba9a818\" data-element_type=\"widget\" data-widget_type=\"shortcode.default\">\n\t\t\t\t<div class=\"elementor-widget-container\">\n\t\t\t\t\t\t\t<div class=\"elementor-shortcode\"><nav aria-label=\"breadcrumbs\" class=\"rank-math-breadcrumb\"><p><span class=\"last\">Comeza<\/span><\/p><\/nav><\/div>\n\t\t\t\t\t\t<\/div>\n\t\t\t\t<\/div>\n\t\t\t\t<div class=\"elementor-element elementor-element-4dcd2cd5 elementor-widget elementor-widget-heading\" data-id=\"4dcd2cd5\" data-element_type=\"widget\" data-widget_type=\"heading.default\">\n\t\t\t\t<div class=\"elementor-widget-container\">\n\t\t\t\t\t<h1 class=\"elementor-heading-title elementor-size-default\">Programa Euro Commercial Paper (ECP)<\/h1>\t\t\t\t<\/div>\n\t\t\t\t<\/div>\n\t\t\t\t<\/div>\n\t\t<div class=\"elementor-element elementor-element-2408903d e-con-full e-flex e-con e-child\" data-id=\"2408903d\" data-element_type=\"container\">\n\t\t\t\t<div class=\"elementor-element elementor-element-7f311d4e elementor-widget elementor-widget-spacer\" data-id=\"7f311d4e\" data-element_type=\"widget\" data-widget_type=\"spacer.default\">\n\t\t\t\t<div class=\"elementor-widget-container\">\n\t\t\t\t\t\t\t<div class=\"elementor-spacer\">\n\t\t\t<div class=\"elementor-spacer-inner\"><\/div>\n\t\t<\/div>\n\t\t\t\t\t\t<\/div>\n\t\t\t\t<\/div>\n\t\t\t\t<\/div>\n\t\t\t\t<div class=\"elementor-element elementor-element-71af79f elementor-widget elementor-widget-text-editor\" data-id=\"71af79f\" data-element_type=\"widget\" data-widget_type=\"text-editor.default\">\n\t\t\t\t<div class=\"elementor-widget-container\">\n\t\t\t\t\t\t\t\t\t<p>O programa ECP est\u00e1 listado en Euronext Dubl\u00edn co veh\u00edculo emisor Naturgy Finance Iberia S.A e coa garant\u00eda de Naturgy Energy Group, S.A.. O l\u00edmite do programa \u00e9 de 1.000 mill\u00f3ns de euros. *Os documentos est\u00e1n dispo\u00f1ibles en ingl\u00e9s<\/p>\t\t\t\t\t\t\t\t<\/div>\n\t\t\t\t<\/div>\n\t\t\t\t<div class=\"elementor-element elementor-element-48fc23c8 elementor-widget elementor-widget-spacer\" data-id=\"48fc23c8\" data-element_type=\"widget\" data-widget_type=\"spacer.default\">\n\t\t\t\t<div class=\"elementor-widget-container\">\n\t\t\t\t\t\t\t<div class=\"elementor-spacer\">\n\t\t\t<div class=\"elementor-spacer-inner\"><\/div>\n\t\t<\/div>\n\t\t\t\t\t\t<\/div>\n\t\t\t\t<\/div>\n\t\t\t\t\t<\/div>\n\t\t\t\t<\/div>\n\t\t<div class=\"elementor-element elementor-element-5a0b7ff2 e-flex e-con-boxed e-con e-parent\" data-id=\"5a0b7ff2\" data-element_type=\"container\">\n\t\t\t\t\t<div class=\"e-con-inner\">\n\t\t\t\t<div class=\"elementor-element elementor-element-29a0b4a4 elementor-widget elementor-widget-heading\" data-id=\"29a0b4a4\" data-element_type=\"widget\" data-widget_type=\"heading.default\">\n\t\t\t\t<div class=\"elementor-widget-container\">\n\t\t\t\t\t<h2 class=\"elementor-heading-title elementor-size-default\">Documento<\/h2>\t\t\t\t<\/div>\n\t\t\t\t<\/div>\n\t\t\t\t<div class=\"elementor-element elementor-element-3b0da3ac has-icon elementor-widget elementor-widget-text-editor\" data-id=\"3b0da3ac\" data-element_type=\"widget\" data-widget_type=\"text-editor.default\">\n\t\t\t\t<div class=\"elementor-widget-container\">\n\t\t\t\t\t\t\t\t\t<p><a href=\"https:\/\/stproportalcorporativo.blob.core.windows.net\/uploads\/2025\/12\/Naturgy-ECP-2025-_-Information_Memorandum.pdf\" target=\"_blank\" rel=\"noopener\">Information memorandum<\/a><\/p>\t\t\t\t\t\t\t\t<\/div>\n\t\t\t\t<\/div>\n\t\t\t\t\t<\/div>\n\t\t\t\t<\/div>\n\t\t<div class=\"elementor-element elementor-element-6288a6ff e-con-full e-flex e-con e-parent\" data-id=\"6288a6ff\" data-element_type=\"container\">\n\t\t\t\t<div class=\"elementor-element elementor-element-1c56b6e9 elementor-widget elementor-widget-spacer\" data-id=\"1c56b6e9\" data-element_type=\"widget\" data-widget_type=\"spacer.default\">\n\t\t\t\t<div class=\"elementor-widget-container\">\n\t\t\t\t\t\t\t<div class=\"elementor-spacer\">\n\t\t\t<div class=\"elementor-spacer-inner\"><\/div>\n\t\t<\/div>\n\t\t\t\t\t\t<\/div>\n\t\t\t\t<\/div>\n\t\t\t\t<\/div>\n\t\t\t\t<\/div>\n\t\t","protected":false},"excerpt":{"rendered":"<p>O programa ECP est\u00e1 listado en Euronext Dubl\u00edn co veh\u00edculo emisor Naturgy Finance Iberia S.A e coa garant\u00eda de Naturgy Energy Group, S.A.. O l\u00edmite do programa \u00e9 de 1.000 mill\u00f3ns de euros. *Os documentos est\u00e1n dispo\u00f1ibles en ingl\u00e9s Documento Information memorandum<\/p>\n","protected":false},"author":13,"featured_media":0,"parent":41746,"menu_order":0,"comment_status":"closed","ping_status":"closed","template":"","meta":{"_acf_changed":false,"footnotes":""},"class_list":["post-62220","page","type-page","status-publish","hentry"],"acf":[],"_links":{"self":[{"href":"https:\/\/www.naturgy.com\/gl\/wp-json\/wp\/v2\/pages\/62220","targetHints":{"allow":["GET"]}}],"collection":[{"href":"https:\/\/www.naturgy.com\/gl\/wp-json\/wp\/v2\/pages"}],"about":[{"href":"https:\/\/www.naturgy.com\/gl\/wp-json\/wp\/v2\/types\/page"}],"author":[{"embeddable":true,"href":"https:\/\/www.naturgy.com\/gl\/wp-json\/wp\/v2\/users\/13"}],"replies":[{"embeddable":true,"href":"https:\/\/www.naturgy.com\/gl\/wp-json\/wp\/v2\/comments?post=62220"}],"version-history":[{"count":16,"href":"https:\/\/www.naturgy.com\/gl\/wp-json\/wp\/v2\/pages\/62220\/revisions"}],"predecessor-version":[{"id":135072,"href":"https:\/\/www.naturgy.com\/gl\/wp-json\/wp\/v2\/pages\/62220\/revisions\/135072"}],"up":[{"embeddable":true,"href":"https:\/\/www.naturgy.com\/gl\/wp-json\/wp\/v2\/pages\/41746"}],"wp:attachment":[{"href":"https:\/\/www.naturgy.com\/gl\/wp-json\/wp\/v2\/media?parent=62220"}],"curies":[{"name":"wp","href":"https:\/\/api.w.org\/{rel}","templated":true}]}}