{"id":70213,"date":"2023-04-14T09:08:36","date_gmt":"2023-04-14T07:08:36","guid":{"rendered":"https:\/\/www.naturgy.com\/sustenibilidade\/transicion-xusta\/la-sociedad\/"},"modified":"2024-03-27T10:57:49","modified_gmt":"2024-03-27T09:57:49","slug":"sociedade","status":"publish","type":"page","link":"https:\/\/www.naturgy.com\/gl\/sustenibilidade\/transicion-xusta\/sociedade\/","title":{"rendered":"Sociedade"},"content":{"rendered":"\t\t<div data-elementor-type=\"wp-page\" data-elementor-id=\"70213\" class=\"elementor elementor-70213 elementor-65481\" data-elementor-post-type=\"page\">\n\t\t\t\t<div class=\"elementor-element elementor-element-62e15a56 e-flex e-con-boxed e-con e-parent\" data-id=\"62e15a56\" data-element_type=\"container\">\n\t\t\t\t\t<div class=\"e-con-inner\">\n\t\t<div class=\"elementor-element elementor-element-67216e8f e-con-full e-flex e-con e-child\" data-id=\"67216e8f\" data-element_type=\"container\">\n\t\t\t\t<div class=\"elementor-element elementor-element-7533b616 elementor-widget elementor-widget-shortcode\" data-id=\"7533b616\" data-element_type=\"widget\" data-widget_type=\"shortcode.default\">\n\t\t\t\t<div class=\"elementor-widget-container\">\n\t\t\t\t\t\t\t<div class=\"elementor-shortcode\"><nav aria-label=\"breadcrumbs\" class=\"rank-math-breadcrumb\"><p><span class=\"last\">Comeza<\/span><\/p><\/nav><\/div>\n\t\t\t\t\t\t<\/div>\n\t\t\t\t<\/div>\n\t\t\t\t<div class=\"elementor-element elementor-element-669e482c elementor-widget elementor-widget-heading\" data-id=\"669e482c\" data-element_type=\"widget\" data-widget_type=\"heading.default\">\n\t\t\t\t<div class=\"elementor-widget-container\">\n\t\t\t\t\t<h1 class=\"elementor-heading-title elementor-size-default\">Sociedade<\/h1>\t\t\t\t<\/div>\n\t\t\t\t<\/div>\n\t\t\t\t<\/div>\n\t\t<div class=\"elementor-element elementor-element-2da3a7ab e-con-full e-flex e-con e-child\" data-id=\"2da3a7ab\" data-element_type=\"container\">\n\t\t\t\t<div class=\"elementor-element elementor-element-4450d513 elementor-widget elementor-widget-spacer\" data-id=\"4450d513\" data-element_type=\"widget\" data-widget_type=\"spacer.default\">\n\t\t\t\t<div class=\"elementor-widget-container\">\n\t\t\t\t\t\t\t<div class=\"elementor-spacer\">\n\t\t\t<div class=\"elementor-spacer-inner\"><\/div>\n\t\t<\/div>\n\t\t\t\t\t\t<\/div>\n\t\t\t\t<\/div>\n\t\t\t\t<\/div>\n\t\t\t\t\t<\/div>\n\t\t\t\t<\/div>\n\t\t<div class=\"elementor-element elementor-element-4e51e920 e-con-full e-flex e-con e-parent\" data-id=\"4e51e920\" data-element_type=\"container\" data-settings=\"{&quot;background_background&quot;:&quot;classic&quot;}\">\n\t\t<div class=\"elementor-element elementor-element-507c1401 e-con-full e-flex e-con e-child\" data-id=\"507c1401\" data-element_type=\"container\">\n\t\t\t\t<div class=\"elementor-element elementor-element-491bf679 elementor-widget elementor-widget-heading\" data-id=\"491bf679\" data-element_type=\"widget\" data-widget_type=\"heading.default\">\n\t\t\t\t<div class=\"elementor-widget-container\">\n\t\t\t\t\t<h1 class=\"elementor-heading-title elementor-size-default\">Queremos seguir contribu\u00edndo ao desenvolvemento social e econ\u00f3mico, e para iso buscamos novos usos para as localizaci\u00f3ns<\/h1>\t\t\t\t<\/div>\n\t\t\t\t<\/div>\n\t\t\t\t<\/div>\n\t\t<div class=\"elementor-element elementor-element-2c5a345a e-con-full e-flex e-con e-child\" data-id=\"2c5a345a\" data-element_type=\"container\">\n\t\t\t\t<div class=\"elementor-element elementor-element-3e08d222 elementor-hidden-tablet elementor-hidden-desktop elementor-widget elementor-widget-image\" data-id=\"3e08d222\" data-element_type=\"widget\" data-widget_type=\"image.default\">\n\t\t\t\t<div class=\"elementor-widget-container\">\n\t\t\t\t\t\t\t\t\t\t\t\t\t\t\t<img fetchpriority=\"high\" decoding=\"async\" width=\"768\" height=\"512\" src=\"https:\/\/www.naturgy.com\/\/app\/uploads\/2023\/04\/thumbnail-16.png\" class=\"attachment-large size-large wp-image-70030\" alt=\"\" srcset=\"https:\/\/www.naturgy.com\/\/app\/uploads\/2023\/04\/thumbnail-16.png 768w, https:\/\/www.naturgy.com\/\/app\/uploads\/2023\/04\/thumbnail-16-300x200.png 300w\" sizes=\"(max-width: 768px) 100vw, 768px\" \/>\t\t\t\t\t\t\t\t\t\t\t\t\t\t\t<\/div>\n\t\t\t\t<\/div>\n\t\t\t\t<\/div>\n\t\t\t\t<\/div>\n\t\t<div class=\"elementor-element elementor-element-76bb5612 e-con-full e-flex e-con e-parent\" data-id=\"76bb5612\" data-element_type=\"container\">\n\t\t\t\t<div class=\"elementor-element elementor-element-662ed291 elementor-widget elementor-widget-spacer\" data-id=\"662ed291\" data-element_type=\"widget\" data-widget_type=\"spacer.default\">\n\t\t\t\t<div class=\"elementor-widget-container\">\n\t\t\t\t\t\t\t<div class=\"elementor-spacer\">\n\t\t\t<div class=\"elementor-spacer-inner\"><\/div>\n\t\t<\/div>\n\t\t\t\t\t\t<\/div>\n\t\t\t\t<\/div>\n\t\t\t\t<\/div>\n\t\t<div class=\"elementor-element elementor-element-e74d0e7 e-flex e-con-boxed e-con e-parent\" data-id=\"e74d0e7\" data-element_type=\"container\">\n\t\t\t\t\t<div class=\"e-con-inner\">\n\t\t\t\t<div class=\"elementor-element elementor-element-610b97d elementor-widget elementor-widget-heading\" data-id=\"610b97d\" data-element_type=\"widget\" data-widget_type=\"heading.default\">\n\t\t\t\t<div class=\"elementor-widget-container\">\n\t\t\t\t\t<h2 class=\"elementor-heading-title elementor-size-default\">As nosas acci\u00f3ns na transici\u00f3n cara a unha actividade baixa en carbono sempre se realizan de forma responsable coa sociedade<\/h2>\t\t\t\t<\/div>\n\t\t\t\t<\/div>\n\t\t\t\t<div class=\"elementor-element elementor-element-dfcb874 elementor-widget elementor-widget-text-editor\" data-id=\"dfcb874\" data-element_type=\"widget\" data-widget_type=\"text-editor.default\">\n\t\t\t\t<div class=\"elementor-widget-container\">\n\t\t\t\t\t\t\t\t\t<p>Nos traballos de desmantelamento consider\u00e1ronse como prioritarios os procedementos de seguridade e as medidas medioambientais que non afecten a terceiros nin \u00e1 contorna. Para iso, pr\u00edmase que as t\u00e9cnicas de demolici\u00f3n sexan m\u00ednimas en riscos, e que os materiais e equipos de desmantelamento sexan revalorizados e reciclados.<\/p><p>Para darlle unha segunda vida \u00e1s localizaci\u00f3ns, trazamos un plan de investimento nas zonas afectadas que prima as tecnolox\u00edas de xeraci\u00f3n m\u00e1is eficientes, menos emisoras e m\u00e1is respectuosas co medio ambiente, entre as que salientan a aposta polo desenvolvemento de parques fotovoltaicos e e\u00f3licos; o desenvolvemento de tecnolox\u00edas asociadas \u00e1 produci\u00f3n de hidr\u00f3xeno e as cesi\u00f3ns de terreos e instalaci\u00f3ns a entidades e instituci\u00f3ns para a s\u00faa dedicaci\u00f3n a outros fins sociais.<\/p>\t\t\t\t\t\t\t\t<\/div>\n\t\t\t\t<\/div>\n\t\t\t\t\t<\/div>\n\t\t\t\t<\/div>\n\t\t<div class=\"elementor-element elementor-element-7e99945 e-con-full e-flex e-con e-parent\" data-id=\"7e99945\" data-element_type=\"container\">\n\t\t\t\t<div class=\"elementor-element elementor-element-7213cd05 elementor-widget elementor-widget-spacer\" data-id=\"7213cd05\" data-element_type=\"widget\" data-widget_type=\"spacer.default\">\n\t\t\t\t<div class=\"elementor-widget-container\">\n\t\t\t\t\t\t\t<div class=\"elementor-spacer\">\n\t\t\t<div class=\"elementor-spacer-inner\"><\/div>\n\t\t<\/div>\n\t\t\t\t\t\t<\/div>\n\t\t\t\t<\/div>\n\t\t\t\t<\/div>\n\t\t<div class=\"elementor-element elementor-element-31e2910 e-flex e-con-boxed e-con e-parent\" data-id=\"31e2910\" data-element_type=\"container\">\n\t\t\t\t\t<div class=\"e-con-inner\">\n\t\t\t\t<div class=\"elementor-element elementor-element-bdfef66 is-tab e-n-tabs-mobile elementor-widget elementor-widget-n-tabs\" data-id=\"bdfef66\" data-element_type=\"widget\" data-settings=\"{&quot;horizontal_scroll&quot;:&quot;disable&quot;}\" data-widget_type=\"nested-tabs.default\">\n\t\t\t\t<div class=\"elementor-widget-container\">\n\t\t\t\t\t\t\t<div class=\"e-n-tabs\" data-widget-number=\"199225190\" aria-label=\"Tabs. Open items with Enter or Space, close with Escape and navigate using the Arrow keys.\">\n\t\t\t<div class=\"e-n-tabs-heading\" role=\"tablist\">\n\t\t\t\t\t<button id=\"e-n-tab-title-1992251901\" data-tab-title-id=\"e-n-tab-title-1992251901\" class=\"e-n-tab-title\" aria-selected=\"true\" data-tab-index=\"1\" role=\"tab\" tabindex=\"0\" aria-controls=\"e-n-tab-content-1992251901\" style=\"--n-tabs-title-order: 1;\">\n\t\t\t\t\t\t<span class=\"e-n-tab-title-text\">\n\t\t\t\tCaracter\u00edsticas localizaci\u00f3n\t\t\t<\/span>\n\t\t<\/button>\n\t\t\t\t<button id=\"e-n-tab-title-1992251902\" data-tab-title-id=\"e-n-tab-title-1992251902\" class=\"e-n-tab-title\" aria-selected=\"false\" data-tab-index=\"2\" role=\"tab\" tabindex=\"-1\" aria-controls=\"e-n-tab-content-1992251902\" style=\"--n-tabs-title-order: 2;\">\n\t\t\t\t\t\t<span class=\"e-n-tab-title-text\">\n\t\t\t\tNovos proxectos\t\t\t<\/span>\n\t\t<\/button>\n\t\t\t\t\t<\/div>\n\t\t\t<div class=\"e-n-tabs-content\">\n\t\t\t\t<div id=\"e-n-tab-content-1992251901\" role=\"tabpanel\" aria-labelledby=\"e-n-tab-title-1992251901\" data-tab-index=\"1\" style=\"--n-tabs-title-order: 1;\" class=\"e-active elementor-element elementor-element-5b9963a e-con-full e-flex e-con e-child\" data-id=\"5b9963a\" data-element_type=\"container\">\n\t\t<div class=\"elementor-element elementor-element-a494d08 e-flex e-con-boxed e-con e-child\" data-id=\"a494d08\" data-element_type=\"container\">\n\t\t\t\t\t<div class=\"e-con-inner\">\n\t\t<div class=\"elementor-element elementor-element-bf3f20b e-flex e-con-boxed e-con e-child\" data-id=\"bf3f20b\" data-element_type=\"container\">\n\t\t\t\t\t<div class=\"e-con-inner\">\n\t\t<div class=\"elementor-element elementor-element-5cacf1e e-con-full e-flex e-con e-child\" data-id=\"5cacf1e\" data-element_type=\"container\">\n\t\t<div class=\"elementor-element elementor-element-3f8b7d4 grid col-3 e-flex e-con-boxed e-con e-child\" data-id=\"3f8b7d4\" data-element_type=\"container\">\n\t\t\t\t\t<div class=\"e-con-inner\">\n\t\t<div class=\"elementor-element elementor-element-923fd51 e-con-full e-flex e-con e-child\" data-id=\"923fd51\" data-element_type=\"container\">\n\t\t\t\t<div class=\"elementor-element elementor-element-83cc7a5 elementor-view-default elementor-widget elementor-widget-icon\" data-id=\"83cc7a5\" data-element_type=\"widget\" data-widget_type=\"icon.default\">\n\t\t\t\t<div class=\"elementor-widget-container\">\n\t\t\t\t\t\t\t<div class=\"elementor-icon-wrapper\">\n\t\t\t<div class=\"elementor-icon\">\n\t\t\t<i aria-hidden=\"true\" class=\"economia economia-euro\"><\/i>\t\t\t<\/div>\n\t\t<\/div>\n\t\t\t\t\t\t<\/div>\n\t\t\t\t<\/div>\n\t\t\t\t<div class=\"elementor-element elementor-element-f9f64bd elementor-widget elementor-widget-heading\" data-id=\"f9f64bd\" data-element_type=\"widget\" data-widget_type=\"heading.default\">\n\t\t\t\t<div class=\"elementor-widget-container\">\n\t\t\t\t\t<div class=\"elementor-heading-title elementor-size-default\">Ingresos<\/div>\t\t\t\t<\/div>\n\t\t\t\t<\/div>\n\t\t\t\t<div class=\"elementor-element elementor-element-389ac68 elementor-widget elementor-widget-text-editor\" data-id=\"389ac68\" data-element_type=\"widget\" data-widget_type=\"text-editor.default\">\n\t\t\t\t<div class=\"elementor-widget-container\">\n\t\t\t\t\t\t\t\t\t<p>Ingresos relevantes para o municipio, v\u00eda taxas e ICIO, a\u00ednda que non son recorrentes<\/p>\t\t\t\t\t\t\t\t<\/div>\n\t\t\t\t<\/div>\n\t\t\t\t<\/div>\n\t\t<div class=\"elementor-element elementor-element-ca82681 e-con-full e-flex e-con e-child\" data-id=\"ca82681\" data-element_type=\"container\">\n\t\t\t\t<div class=\"elementor-element elementor-element-c7b77e6 elementor-view-default elementor-widget elementor-widget-icon\" data-id=\"c7b77e6\" data-element_type=\"widget\" data-widget_type=\"icon.default\">\n\t\t\t\t<div class=\"elementor-widget-container\">\n\t\t\t\t\t\t\t<div class=\"elementor-icon-wrapper\">\n\t\t\t<div class=\"elementor-icon\">\n\t\t\t<i aria-hidden=\"true\" class=\"personas personas-personas\"><\/i>\t\t\t<\/div>\n\t\t<\/div>\n\t\t\t\t\t\t<\/div>\n\t\t\t\t<\/div>\n\t\t\t\t<div class=\"elementor-element elementor-element-626966d elementor-widget elementor-widget-heading\" data-id=\"626966d\" data-element_type=\"widget\" data-widget_type=\"heading.default\">\n\t\t\t\t<div class=\"elementor-widget-container\">\n\t\t\t\t\t<div class=\"elementor-heading-title elementor-size-default\">Xeraci\u00f3n<\/div>\t\t\t\t<\/div>\n\t\t\t\t<\/div>\n\t\t\t\t<div class=\"elementor-element elementor-element-452aa9c elementor-widget elementor-widget-text-editor\" data-id=\"452aa9c\" data-element_type=\"widget\" data-widget_type=\"text-editor.default\">\n\t\t\t\t<div class=\"elementor-widget-container\">\n\t\t\t\t\t\t\t\t\t<p>Xeraci\u00f3n de emprego, tanto cualificado como non cualificado, con posibilidade de ser ocupado por persoas da contorna<\/p>\t\t\t\t\t\t\t\t<\/div>\n\t\t\t\t<\/div>\n\t\t\t\t<\/div>\n\t\t<div class=\"elementor-element elementor-element-d76a77e e-con-full e-flex e-con e-child\" data-id=\"d76a77e\" data-element_type=\"container\">\n\t\t\t\t<div class=\"elementor-element elementor-element-95295c0 elementor-view-default elementor-widget elementor-widget-icon\" data-id=\"95295c0\" data-element_type=\"widget\" data-widget_type=\"icon.default\">\n\t\t\t\t<div class=\"elementor-widget-container\">\n\t\t\t\t\t\t\t<div class=\"elementor-icon-wrapper\">\n\t\t\t<div class=\"elementor-icon\">\n\t\t\t<i aria-hidden=\"true\" class=\"interfaz interfaz-ajustes\"><\/i>\t\t\t<\/div>\n\t\t<\/div>\n\t\t\t\t\t\t<\/div>\n\t\t\t\t<\/div>\n\t\t\t\t<div class=\"elementor-element elementor-element-84dafb8 elementor-widget elementor-widget-heading\" data-id=\"84dafb8\" data-element_type=\"widget\" data-widget_type=\"heading.default\">\n\t\t\t\t<div class=\"elementor-widget-container\">\n\t\t\t\t\t<div class=\"elementor-heading-title elementor-size-default\">Actividade econ\u00f3mica<\/div>\t\t\t\t<\/div>\n\t\t\t\t<\/div>\n\t\t\t\t<div class=\"elementor-element elementor-element-4a4edcb elementor-widget elementor-widget-text-editor\" data-id=\"4a4edcb\" data-element_type=\"widget\" data-widget_type=\"text-editor.default\">\n\t\t\t\t<div class=\"elementor-widget-container\">\n\t\t\t\t\t\t\t\t\t<p>Xeraci\u00f3n de actividade econ\u00f3mica na zona, nalg\u00fans casos coa contrataci\u00f3n directa de servizos<\/p>\t\t\t\t\t\t\t\t<\/div>\n\t\t\t\t<\/div>\n\t\t\t\t<\/div>\n\t\t\t\t\t<\/div>\n\t\t\t\t<\/div>\n\t\t\t\t<\/div>\n\t\t\t\t\t<\/div>\n\t\t\t\t<\/div>\n\t\t\t\t\t<\/div>\n\t\t\t\t<\/div>\n\t\t\t\t<\/div>\n\t\t<div id=\"e-n-tab-content-1992251902\" role=\"tabpanel\" aria-labelledby=\"e-n-tab-title-1992251902\" data-tab-index=\"2\" style=\"--n-tabs-title-order: 2;\" class=\" elementor-element elementor-element-e959ccb e-con-full e-flex e-con e-child\" data-id=\"e959ccb\" data-element_type=\"container\">\n\t\t<div class=\"elementor-element elementor-element-33186c9 e-flex e-con-boxed e-con e-child\" data-id=\"33186c9\" data-element_type=\"container\">\n\t\t\t\t\t<div class=\"e-con-inner\">\n\t\t<div class=\"elementor-element elementor-element-380af7c e-flex e-con-boxed e-con e-child\" data-id=\"380af7c\" data-element_type=\"container\">\n\t\t\t\t\t<div class=\"e-con-inner\">\n\t\t<div class=\"elementor-element elementor-element-62ea9cd e-con-full e-flex e-con e-child\" data-id=\"62ea9cd\" data-element_type=\"container\">\n\t\t<div class=\"elementor-element elementor-element-332c28c e-con-full e-flex e-con e-child\" data-id=\"332c28c\" data-element_type=\"container\">\n\t\t\t\t<div class=\"elementor-element elementor-element-92108c2 elementor-widget elementor-widget-text-editor\" data-id=\"92108c2\" data-element_type=\"widget\" data-widget_type=\"text-editor.default\">\n\t\t\t\t<div class=\"elementor-widget-container\">\n\t\t\t\t\t\t\t\t\t<p>Por mor dos desmantelamentos, trazamos un plan de investimento nas zonas afectadas que prima as tecnolox\u00edas de xeraci\u00f3n m\u00e1is eficientes, menos emisoras e m\u00e1is respectuosas co medio ambiente.<\/p><p>Os plans alternativos ata a data concr\u00e9tanse en:<\/p>\t\t\t\t\t\t\t\t<\/div>\n\t\t\t\t<\/div>\n\t\t\t\t<div class=\"elementor-element elementor-element-90ef556 elementor-widget elementor-widget-spacer\" data-id=\"90ef556\" data-element_type=\"widget\" data-widget_type=\"spacer.default\">\n\t\t\t\t<div class=\"elementor-widget-container\">\n\t\t\t\t\t\t\t<div class=\"elementor-spacer\">\n\t\t\t<div class=\"elementor-spacer-inner\"><\/div>\n\t\t<\/div>\n\t\t\t\t\t\t<\/div>\n\t\t\t\t<\/div>\n\t\t\t\t<\/div>\n\t\t<div class=\"elementor-element elementor-element-fe387b4 grid col-3 e-flex e-con-boxed e-con e-child\" data-id=\"fe387b4\" data-element_type=\"container\" data-settings=\"{&quot;background_background&quot;:&quot;classic&quot;}\">\n\t\t\t\t\t<div class=\"e-con-inner\">\n\t\t<div class=\"elementor-element elementor-element-45382bd e-con-full e-flex e-con e-child\" data-id=\"45382bd\" data-element_type=\"container\">\n\t\t\t\t<div class=\"elementor-element elementor-element-8f1ce0f elementor-widget elementor-widget-image\" data-id=\"8f1ce0f\" data-element_type=\"widget\" data-widget_type=\"image.default\">\n\t\t\t\t<div class=\"elementor-widget-container\">\n\t\t\t\t\t\t\t\t\t\t\t\t\t\t\t<img decoding=\"async\" width=\"329\" height=\"217\" src=\"https:\/\/www.naturgy.com\/\/app\/uploads\/2023\/04\/Larobla.png\" class=\"attachment-large size-large wp-image-69992\" alt=\"\" srcset=\"https:\/\/www.naturgy.com\/\/app\/uploads\/2023\/04\/Larobla.png 329w, https:\/\/www.naturgy.com\/\/app\/uploads\/2023\/04\/Larobla-300x198.png 300w\" sizes=\"(max-width: 329px) 100vw, 329px\" \/>\t\t\t\t\t\t\t\t\t\t\t\t\t\t\t<\/div>\n\t\t\t\t<\/div>\n\t\t\t\t<div class=\"elementor-element elementor-element-2f24ee5 elementor-widget elementor-widget-heading\" data-id=\"2f24ee5\" data-element_type=\"widget\" data-widget_type=\"heading.default\">\n\t\t\t\t<div class=\"elementor-widget-container\">\n\t\t\t\t\t<div class=\"elementor-heading-title elementor-size-default\"><a href=\"https:\/\/www.naturgy.com\/sostenibilidad\/transicion-justa\/la-robla\/\">Localizaci\u00f3n de La Robla (Castela e Le\u00f3n)<\/a><\/div>\t\t\t\t<\/div>\n\t\t\t\t<\/div>\n\t\t\t\t<div class=\"elementor-element elementor-element-e6ed788 elementor-widget elementor-widget-text-editor\" data-id=\"e6ed788\" data-element_type=\"widget\" data-widget_type=\"text-editor.default\">\n\t\t\t\t<div class=\"elementor-widget-container\">\n\t\t\t\t\t\t\t\t\t<ul><li>Desenvolvemento de parques fotovoltaicos e subestaci\u00f3n.<\/li><li>Planta de hidr\u00f3xeno verde xunto con Enag\u00e1s Renovable.<\/li><\/ul>\t\t\t\t\t\t\t\t<\/div>\n\t\t\t\t<\/div>\n\t\t\t\t<\/div>\n\t\t<div class=\"elementor-element elementor-element-2aa9354 e-con-full e-flex e-con e-child\" data-id=\"2aa9354\" data-element_type=\"container\">\n\t\t\t\t<div class=\"elementor-element elementor-element-7358086 elementor-widget elementor-widget-image\" data-id=\"7358086\" data-element_type=\"widget\" data-widget_type=\"image.default\">\n\t\t\t\t<div class=\"elementor-widget-container\">\n\t\t\t\t\t\t\t\t\t\t\t\t\t\t\t<img decoding=\"async\" width=\"331\" height=\"222\" src=\"https:\/\/www.naturgy.com\/\/app\/uploads\/2023\/04\/Meirama.png\" class=\"attachment-large size-large wp-image-69988\" alt=\"\" srcset=\"https:\/\/www.naturgy.com\/\/app\/uploads\/2023\/04\/Meirama.png 331w, https:\/\/www.naturgy.com\/\/app\/uploads\/2023\/04\/Meirama-300x201.png 300w\" sizes=\"(max-width: 331px) 100vw, 331px\" \/>\t\t\t\t\t\t\t\t\t\t\t\t\t\t\t<\/div>\n\t\t\t\t<\/div>\n\t\t\t\t<div class=\"elementor-element elementor-element-b29435d elementor-widget elementor-widget-heading\" data-id=\"b29435d\" data-element_type=\"widget\" data-widget_type=\"heading.default\">\n\t\t\t\t<div class=\"elementor-widget-container\">\n\t\t\t\t\t<div class=\"elementor-heading-title elementor-size-default\"><a href=\"https:\/\/www.naturgy.com\/sostenibilidad\/transicion-justa\/meirama\/\">Localizaci\u00f3n de Meirama (Galicia)<\/a><\/div>\t\t\t\t<\/div>\n\t\t\t\t<\/div>\n\t\t\t\t<div class=\"elementor-element elementor-element-409aaf0 elementor-widget elementor-widget-text-editor\" data-id=\"409aaf0\" data-element_type=\"widget\" data-widget_type=\"text-editor.default\">\n\t\t\t\t<div class=\"elementor-widget-container\">\n\t\t\t\t\t\t\t\t\t<ul><li>Parques E\u00f3licos de Meirama, As Encrobas e nova subestaci\u00f3n, con Declaraci\u00f3n de Impacto Ambiental (DIA) favorable dende novembro e decembro de 2022, respectivamente.<\/li><li>Desenvolvemento de hub de produci\u00f3n de hidr\u00f3xeno verde xunto con Repsol e Reganosa.<\/li><li>Planta de biog\u00e1s xunto con Repsol e Reganosa.<\/li><\/ul>\t\t\t\t\t\t\t\t<\/div>\n\t\t\t\t<\/div>\n\t\t\t\t<\/div>\n\t\t<div class=\"elementor-element elementor-element-f070ea0 e-con-full e-flex e-con e-child\" data-id=\"f070ea0\" data-element_type=\"container\">\n\t\t\t\t<div class=\"elementor-element elementor-element-7313066 elementor-widget elementor-widget-image\" data-id=\"7313066\" data-element_type=\"widget\" data-widget_type=\"image.default\">\n\t\t\t\t<div class=\"elementor-widget-container\">\n\t\t\t\t\t\t\t\t\t\t\t\t\t\t\t<img loading=\"lazy\" decoding=\"async\" width=\"331\" height=\"220\" src=\"https:\/\/www.naturgy.com\/\/app\/uploads\/2023\/04\/Narceaok.jpg\" class=\"attachment-large size-large wp-image-69984\" alt=\"\" srcset=\"https:\/\/www.naturgy.com\/\/app\/uploads\/2023\/04\/Narceaok.jpg 331w, https:\/\/www.naturgy.com\/\/app\/uploads\/2023\/04\/Narceaok-300x199.jpg 300w\" sizes=\"(max-width: 331px) 100vw, 331px\" \/>\t\t\t\t\t\t\t\t\t\t\t\t\t\t\t<\/div>\n\t\t\t\t<\/div>\n\t\t\t\t<div class=\"elementor-element elementor-element-c570ce8 elementor-widget elementor-widget-heading\" data-id=\"c570ce8\" data-element_type=\"widget\" data-widget_type=\"heading.default\">\n\t\t\t\t<div class=\"elementor-widget-container\">\n\t\t\t\t\t<div class=\"elementor-heading-title elementor-size-default\"><a href=\"https:\/\/www.naturgy.com\/sostenibilidad\/transicion-justa\/narcea\/\">Localizaci\u00f3n de Narcea (Asturias)<\/a><\/div>\t\t\t\t<\/div>\n\t\t\t\t<\/div>\n\t\t\t\t<div class=\"elementor-element elementor-element-35a00f0 elementor-widget elementor-widget-text-editor\" data-id=\"35a00f0\" data-element_type=\"widget\" data-widget_type=\"text-editor.default\">\n\t\t\t\t<div class=\"elementor-widget-container\">\n\t\t\t\t\t\t\t\t\t<ul><li>Cesi\u00f3n ao Concello de Tineo do poboado anexo \u00e1 central para dedicalo a fins sociais.<\/li><\/ul>\t\t\t\t\t\t\t\t<\/div>\n\t\t\t\t<\/div>\n\t\t\t\t<\/div>\n\t\t\t\t\t<\/div>\n\t\t\t\t<\/div>\n\t\t\t\t<\/div>\n\t\t\t\t\t<\/div>\n\t\t\t\t<\/div>\n\t\t\t\t\t<\/div>\n\t\t\t\t<\/div>\n\t\t\t\t<\/div>\n\t\t\t\t\t<\/div>\n\t\t<\/div>\n\t\t\t\t\t\t<\/div>\n\t\t\t\t<\/div>\n\t\t\t\t\t<\/div>\n\t\t\t\t<\/div>\n\t\t<div class=\"elementor-element elementor-element-3bca32b9 e-con-full e-flex e-con e-parent\" data-id=\"3bca32b9\" data-element_type=\"container\">\n\t\t\t\t<div class=\"elementor-element elementor-element-343cdb61 elementor-widget elementor-widget-spacer\" data-id=\"343cdb61\" data-element_type=\"widget\" data-widget_type=\"spacer.default\">\n\t\t\t\t<div class=\"elementor-widget-container\">\n\t\t\t\t\t\t\t<div class=\"elementor-spacer\">\n\t\t\t<div class=\"elementor-spacer-inner\"><\/div>\n\t\t<\/div>\n\t\t\t\t\t\t<\/div>\n\t\t\t\t<\/div>\n\t\t\t\t<\/div>\n\t\t\t\t<\/div>\n\t\t","protected":false},"excerpt":{"rendered":"<p>Queremos seguir contribu\u00edndo ao desenvolvemento social e econ\u00f3mico, e para iso buscamos novos usos para as localizaci\u00f3ns As nosas acci\u00f3ns na transici\u00f3n cara a unha actividade baixa en carbono sempre se realizan de forma responsable coa sociedade Nos traballos de desmantelamento consider\u00e1ronse como prioritarios os procedementos de seguridade e as medidas medioambientais que non afecten [&hellip;]<\/p>\n","protected":false},"author":5,"featured_media":0,"parent":40751,"menu_order":6,"comment_status":"closed","ping_status":"closed","template":"","meta":{"_acf_changed":false,"footnotes":""},"class_list":["post-70213","page","type-page","status-publish","hentry"],"acf":[],"_links":{"self":[{"href":"https:\/\/www.naturgy.com\/gl\/wp-json\/wp\/v2\/pages\/70213","targetHints":{"allow":["GET"]}}],"collection":[{"href":"https:\/\/www.naturgy.com\/gl\/wp-json\/wp\/v2\/pages"}],"about":[{"href":"https:\/\/www.naturgy.com\/gl\/wp-json\/wp\/v2\/types\/page"}],"author":[{"embeddable":true,"href":"https:\/\/www.naturgy.com\/gl\/wp-json\/wp\/v2\/users\/5"}],"replies":[{"embeddable":true,"href":"https:\/\/www.naturgy.com\/gl\/wp-json\/wp\/v2\/comments?post=70213"}],"version-history":[{"count":23,"href":"https:\/\/www.naturgy.com\/gl\/wp-json\/wp\/v2\/pages\/70213\/revisions"}],"predecessor-version":[{"id":100876,"href":"https:\/\/www.naturgy.com\/gl\/wp-json\/wp\/v2\/pages\/70213\/revisions\/100876"}],"up":[{"embeddable":true,"href":"https:\/\/www.naturgy.com\/gl\/wp-json\/wp\/v2\/pages\/40751"}],"wp:attachment":[{"href":"https:\/\/www.naturgy.com\/gl\/wp-json\/wp\/v2\/media?parent=70213"}],"curies":[{"name":"wp","href":"https:\/\/api.w.org\/{rel}","templated":true}]}}