{"id":78967,"date":"2023-06-09T10:52:12","date_gmt":"2023-06-09T08:52:12","guid":{"rendered":"https:\/\/www.naturgy.com\/conecenos-naturgy\/o-grupo\/politicas-e-codigos-de-conduta\/codigo-etico\/sistema-interno-de-informacion\/"},"modified":"2023-06-13T15:57:18","modified_gmt":"2023-06-13T13:57:18","slug":"sistema-interno-de-informacion","status":"publish","type":"page","link":"https:\/\/www.naturgy.com\/gl\/conecenos-naturgy\/o-grupo\/politicas-e-codigos-de-conduta\/codigo-etico\/sistema-interno-de-informacion\/","title":{"rendered":"Sistema Interno de Informaci\u00f3n"},"content":{"rendered":"\t\t<div data-elementor-type=\"wp-page\" data-elementor-id=\"78967\" class=\"elementor elementor-78967 elementor-78838\" data-elementor-post-type=\"page\">\n\t\t\t\t<div class=\"elementor-element elementor-element-13960d0e e-flex e-con-boxed e-con e-parent\" data-id=\"13960d0e\" data-element_type=\"container\">\n\t\t\t\t\t<div class=\"e-con-inner\">\n\t\t<div class=\"elementor-element elementor-element-20745529 e-con-full e-flex e-con e-parent\" data-id=\"20745529\" data-element_type=\"container\">\n\t\t\t\t<div class=\"elementor-element elementor-element-7f054458 elementor-widget elementor-widget-shortcode\" data-id=\"7f054458\" data-element_type=\"widget\" data-widget_type=\"shortcode.default\">\n\t\t\t\t<div class=\"elementor-widget-container\">\n\t\t\t\t\t\t\t<div class=\"elementor-shortcode\"><nav aria-label=\"breadcrumbs\" class=\"rank-math-breadcrumb\"><p><span class=\"last\">Comeza<\/span><\/p><\/nav><\/div>\n\t\t\t\t\t\t<\/div>\n\t\t\t\t<\/div>\n\t\t\t\t<div class=\"elementor-element elementor-element-49b2ee9c elementor-widget elementor-widget-heading\" data-id=\"49b2ee9c\" data-element_type=\"widget\" data-widget_type=\"heading.default\">\n\t\t\t\t<div class=\"elementor-widget-container\">\n\t\t\t\t\t<h1 class=\"elementor-heading-title elementor-size-default\">Sistema Interno de Informaci\u00f3n<\/h1>\t\t\t\t<\/div>\n\t\t\t\t<\/div>\n\t\t\t\t<\/div>\n\t\t<div class=\"elementor-element elementor-element-1acf4933 e-con-full e-flex e-con e-parent\" data-id=\"1acf4933\" data-element_type=\"container\">\n\t\t\t\t<div class=\"elementor-element elementor-element-29f1fe6d elementor-widget elementor-widget-spacer\" data-id=\"29f1fe6d\" data-element_type=\"widget\" data-widget_type=\"spacer.default\">\n\t\t\t\t<div class=\"elementor-widget-container\">\n\t\t\t\t\t\t\t<div class=\"elementor-spacer\">\n\t\t\t<div class=\"elementor-spacer-inner\"><\/div>\n\t\t<\/div>\n\t\t\t\t\t\t<\/div>\n\t\t\t\t<\/div>\n\t\t\t\t<div class=\"elementor-element elementor-element-7caae93f elementor-widget elementor-widget-image\" data-id=\"7caae93f\" data-element_type=\"widget\" data-widget_type=\"image.default\">\n\t\t\t\t<div class=\"elementor-widget-container\">\n\t\t\t\t\t\t\t\t\t\t\t\t<figure class=\"wp-caption\">\n\t\t\t\t\t\t\t\t\t\t<img fetchpriority=\"high\" decoding=\"async\" width=\"2048\" height=\"1134\" src=\"https:\/\/www.naturgy.com\/\/app\/uploads\/2023\/06\/N3_Politicas-y-codigos-de-conducta_desktop-4-2048x1134-1.png\" class=\"attachment-full size-full wp-image-78954\" alt=\"\" srcset=\"https:\/\/www.naturgy.com\/\/app\/uploads\/2023\/06\/N3_Politicas-y-codigos-de-conducta_desktop-4-2048x1134-1.png 2048w, https:\/\/www.naturgy.com\/\/app\/uploads\/2023\/06\/N3_Politicas-y-codigos-de-conducta_desktop-4-2048x1134-1-300x166.png 300w, https:\/\/www.naturgy.com\/\/app\/uploads\/2023\/06\/N3_Politicas-y-codigos-de-conducta_desktop-4-2048x1134-1-1024x567.png 1024w, https:\/\/www.naturgy.com\/\/app\/uploads\/2023\/06\/N3_Politicas-y-codigos-de-conducta_desktop-4-2048x1134-1-768x425.png 768w, https:\/\/www.naturgy.com\/\/app\/uploads\/2023\/06\/N3_Politicas-y-codigos-de-conducta_desktop-4-2048x1134-1-1536x851.png 1536w\" sizes=\"(max-width: 2048px) 100vw, 2048px\" \/>\t\t\t\t\t\t\t\t\t\t\t<figcaption class=\"widget-image-caption wp-caption-text\">En cumprimento do establecido na Lei 2\/2023, do 20 de febreiro, reguladora da protecci\u00f3n das persoas que informen sobre infracci\u00f3ns normativas e de loita contra a corrupci\u00f3n, o Consello de Administraci\u00f3n de Naturgy acordou a implantaci\u00f3n do Sistema Interno de Informaci\u00f3n, que integra as distintas canles internas de informaci\u00f3n da Compa\u00f1\u00eda.<\/figcaption>\n\t\t\t\t\t\t\t\t\t\t<\/figure>\n\t\t\t\t\t\t\t\t\t<\/div>\n\t\t\t\t<\/div>\n\t\t\t\t<\/div>\n\t\t<div class=\"elementor-element elementor-element-452f9075 e-con-full e-flex e-con e-parent\" data-id=\"452f9075\" data-element_type=\"container\">\n\t\t\t\t<div class=\"elementor-element elementor-element-1ba2d71f elementor-widget elementor-widget-spacer\" data-id=\"1ba2d71f\" data-element_type=\"widget\" data-widget_type=\"spacer.default\">\n\t\t\t\t<div class=\"elementor-widget-container\">\n\t\t\t\t\t\t\t<div class=\"elementor-spacer\">\n\t\t\t<div class=\"elementor-spacer-inner\"><\/div>\n\t\t<\/div>\n\t\t\t\t\t\t<\/div>\n\t\t\t\t<\/div>\n\t\t\t\t<\/div>\n\t\t\t\t\t<\/div>\n\t\t\t\t<\/div>\n\t\t<div class=\"elementor-element elementor-element-5dad98a2 e-flex e-con-boxed e-con e-parent\" data-id=\"5dad98a2\" data-element_type=\"container\">\n\t\t\t\t\t<div class=\"e-con-inner\">\n\t\t<div class=\"elementor-element elementor-element-5e5e8f1 e-flex e-con-boxed e-con e-parent\" data-id=\"5e5e8f1\" data-element_type=\"container\">\n\t\t\t\t\t<div class=\"e-con-inner\">\n\t\t<div class=\"elementor-element elementor-element-7f30cdab e-con-full e-flex e-con e-parent\" data-id=\"7f30cdab\" data-element_type=\"container\">\n\t\t\t\t<div class=\"elementor-element elementor-element-1731c7ff elementor-widget elementor-widget-heading\" data-id=\"1731c7ff\" data-element_type=\"widget\" data-widget_type=\"heading.default\">\n\t\t\t\t<div class=\"elementor-widget-container\">\n\t\t\t\t\t<div class=\"elementor-heading-title elementor-size-default\">A trav\u00e9s do Sistema Interno de Informaci\u00f3n poderanse presentar <\/div>\t\t\t\t<\/div>\n\t\t\t\t<\/div>\n\t\t\t\t<\/div>\n\t\t\t\t<div class=\"elementor-element elementor-element-58dcdbfb elementor-align-start elementor-icon-list--layout-traditional elementor-list-item-link-full_width elementor-widget elementor-widget-icon-list\" data-id=\"58dcdbfb\" data-element_type=\"widget\" data-widget_type=\"icon-list.default\">\n\t\t\t\t<div class=\"elementor-widget-container\">\n\t\t\t\t\t\t\t<ul class=\"elementor-icon-list-items\">\n\t\t\t\t\t\t\t<li class=\"elementor-icon-list-item\">\n\t\t\t\t\t\t\t\t\t\t\t<span class=\"elementor-icon-list-icon\">\n\t\t\t\t\t\t\t<i aria-hidden=\"true\" class=\"interfaz interfaz-flecha-abajo\"><\/i>\t\t\t\t\t\t<\/span>\n\t\t\t\t\t\t\t\t\t\t<span class=\"elementor-icon-list-text\">Informaci\u00f3ns que afecten o interese xeral, que se obtivesen nun contexto laboral ou profesional, sobre acci\u00f3ns ou omisi\u00f3ns que poidan constitu\u00edr infracci\u00f3ns do dereito da Uni\u00f3n Europea ou infracci\u00f3n penal ou administrativa grave ou moi grave, nos termos que se detallan na Lei 2\/2023, <\/span>\n\t\t\t\t\t\t\t\t\t<\/li>\n\t\t\t\t\t\t\t\t<li class=\"elementor-icon-list-item\">\n\t\t\t\t\t\t\t\t\t\t\t<span class=\"elementor-icon-list-icon\">\n\t\t\t\t\t\t\t<i aria-hidden=\"true\" class=\"interfaz interfaz-flecha-abajo\"><\/i>\t\t\t\t\t\t<\/span>\n\t\t\t\t\t\t\t\t\t\t<span class=\"elementor-icon-list-text\">Calquera outra comunicaci\u00f3n ou informaci\u00f3n f\u00f3ra do \u00e1mbito establecido no artigo 2 da Lei 2\/2023, que poder\u00e1n ser presentadas tanto por empregados do Grupo Naturgy como por calquera terceiro alleo ao Grupo Naturgy, sempre e cando o obxecto das citadas consultas ou denuncias sexa relativo a potenciais incumprimentos de empregados ou terceiros que mante\u00f1an unha relaci\u00f3n con Naturgy.<\/span>\n\t\t\t\t\t\t\t\t\t<\/li>\n\t\t\t\t\t\t<\/ul>\n\t\t\t\t\t\t<\/div>\n\t\t\t\t<\/div>\n\t\t\t\t\t<\/div>\n\t\t\t\t<\/div>\n\t\t\t\t\t<\/div>\n\t\t\t\t<\/div>\n\t\t<div class=\"elementor-element elementor-element-7efd8214 e-flex e-con-boxed e-con e-parent\" data-id=\"7efd8214\" data-element_type=\"container\">\n\t\t\t\t\t<div class=\"e-con-inner\">\n\t\t\t\t<div class=\"elementor-element elementor-element-d3fbaaa elementor-widget elementor-widget-spacer\" data-id=\"d3fbaaa\" data-element_type=\"widget\" data-widget_type=\"spacer.default\">\n\t\t\t\t<div class=\"elementor-widget-container\">\n\t\t\t\t\t\t\t<div class=\"elementor-spacer\">\n\t\t\t<div class=\"elementor-spacer-inner\"><\/div>\n\t\t<\/div>\n\t\t\t\t\t\t<\/div>\n\t\t\t\t<\/div>\n\t\t\t\t<div class=\"elementor-element elementor-element-66bba81c elementor-widget elementor-widget-text-editor\" data-id=\"66bba81c\" data-element_type=\"widget\" data-widget_type=\"text-editor.default\">\n\t\t\t\t<div class=\"elementor-widget-container\">\n\t\t\t\t\t\t\t\t\t<p>Para presentar estas informaci\u00f3ns, disponse dunha aplicaci\u00f3n inform\u00e1tica que permite a comunicaci\u00f3n verbal ou escrita, que cumpre cos criterios de confidencialidade da informaci\u00f3n e a protecci\u00f3n de datos e que permite a presentaci\u00f3n de informaci\u00f3ns de forma an\u00f3nima.<\/p><p>Na seguinte ligaz\u00f3n poder\u00e1 acceder \u00e1 pol\u00edtica do Sistema Interno de Informaci\u00f3n do Grupo Naturgy, aprobada polo Consello de Administraci\u00f3n da Compa\u00f1\u00eda.<\/p><p>\u00a0<\/p>\t\t\t\t\t\t\t\t<\/div>\n\t\t\t\t<\/div>\n\t\t\t\t\t<\/div>\n\t\t\t\t<\/div>\n\t\t<div class=\"elementor-element elementor-element-6bec90e e-con-full e-flex e-con e-parent\" data-id=\"6bec90e\" data-element_type=\"container\">\n\t\t\t\t<div class=\"elementor-element elementor-element-21da252 elementor-view-default elementor-widget elementor-widget-icon\" data-id=\"21da252\" data-element_type=\"widget\" data-widget_type=\"icon.default\">\n\t\t\t\t<div class=\"elementor-widget-container\">\n\t\t\t\t\t\t\t<div class=\"elementor-icon-wrapper\">\n\t\t\t<div class=\"elementor-icon\">\n\t\t\t<i aria-hidden=\"true\" class=\"personas personas-mano-acuerdo\"><\/i>\t\t\t<\/div>\n\t\t<\/div>\n\t\t\t\t\t\t<\/div>\n\t\t\t\t<\/div>\n\t\t\t\t<div class=\"elementor-element elementor-element-fb577f6 has-icon elementor-widget elementor-widget-heading\" data-id=\"fb577f6\" data-element_type=\"widget\" data-widget_type=\"heading.default\">\n\t\t\t\t<div class=\"elementor-widget-container\">\n\t\t\t\t\t<div class=\"elementor-heading-title elementor-size-default\"><a href=\"https:\/\/naturgy.integrityline.com\/setup\" target=\"_blank\" rel=\"noopener\">Acceso ao Sistema Interno de Informaci\u00f3n<\/a><\/div>\t\t\t\t<\/div>\n\t\t\t\t<\/div>\n\t\t\t\t<\/div>\n\t\t<div class=\"elementor-element elementor-element-cde6288 e-flex e-con-boxed e-con e-parent\" data-id=\"cde6288\" data-element_type=\"container\">\n\t\t\t\t\t<div class=\"e-con-inner\">\n\t\t\t\t<div class=\"elementor-element elementor-element-368e549 elementor-widget elementor-widget-spacer\" data-id=\"368e549\" data-element_type=\"widget\" data-widget_type=\"spacer.default\">\n\t\t\t\t<div class=\"elementor-widget-container\">\n\t\t\t\t\t\t\t<div class=\"elementor-spacer\">\n\t\t\t<div class=\"elementor-spacer-inner\"><\/div>\n\t\t<\/div>\n\t\t\t\t\t\t<\/div>\n\t\t\t\t<\/div>\n\t\t\t\t<div class=\"elementor-element elementor-element-7cd4763 elementor-widget elementor-widget-text-editor\" data-id=\"7cd4763\" data-element_type=\"widget\" data-widget_type=\"text-editor.default\">\n\t\t\t\t<div class=\"elementor-widget-container\">\n\t\t\t\t\t\t\t\t\t<p>As\u00ed mesmo, ind\u00edcase que as informaci\u00f3ns \u00e1s que se refire o artigo 2 da Lei poder\u00e1n presentarse tam\u00e9n a trav\u00e9s da canle externa da Autoridade Independente de Protecci\u00f3n do Informante, AAI ou, se \u00e9 o caso, das autoridades ou \u00f3rganos auton\u00f3micos correspondentes, ou a trav\u00e9s da canle externa da Uni\u00f3n Europea.<\/p>\t\t\t\t\t\t\t\t<\/div>\n\t\t\t\t<\/div>\n\t\t\t\t<div class=\"elementor-element elementor-element-7ca37bf9 elementor-widget elementor-widget-spacer\" data-id=\"7ca37bf9\" data-element_type=\"widget\" data-widget_type=\"spacer.default\">\n\t\t\t\t<div class=\"elementor-widget-container\">\n\t\t\t\t\t\t\t<div class=\"elementor-spacer\">\n\t\t\t<div class=\"elementor-spacer-inner\"><\/div>\n\t\t<\/div>\n\t\t\t\t\t\t<\/div>\n\t\t\t\t<\/div>\n\t\t\t\t\t<\/div>\n\t\t\t\t<\/div>\n\t\t<div class=\"elementor-element elementor-element-6da47bc grid col-2 e-flex e-con-boxed e-con e-parent\" data-id=\"6da47bc\" data-element_type=\"container\">\n\t\t\t\t\t<div class=\"e-con-inner\">\n\t\t<div class=\"elementor-element elementor-element-d28661c e-con-full e-flex e-con e-parent\" data-id=\"d28661c\" data-element_type=\"container\" data-settings=\"{&quot;background_background&quot;:&quot;classic&quot;}\">\n\t\t<div class=\"elementor-element elementor-element-a38e7a3 e-con-full e-flex e-con e-parent\" data-id=\"a38e7a3\" data-element_type=\"container\">\n\t\t\t\t<div class=\"elementor-element elementor-element-14bcf4c elementor-widget elementor-widget-heading\" data-id=\"14bcf4c\" data-element_type=\"widget\" data-widget_type=\"heading.default\">\n\t\t\t\t<div class=\"elementor-widget-container\">\n\t\t\t\t\t<div class=\"elementor-heading-title elementor-size-default\">Pol\u00edtica do Sistema Interno de Informaci\u00f3n do Grupo Naturgy \n<\/div>\t\t\t\t<\/div>\n\t\t\t\t<\/div>\n\t\t\t\t<\/div>\n\t\t\t\t<div class=\"elementor-element elementor-element-80e1f86 elementor-widget elementor-widget-image\" data-id=\"80e1f86\" data-element_type=\"widget\" data-widget_type=\"image.default\">\n\t\t\t\t<div class=\"elementor-widget-container\">\n\t\t\t\t\t\t\t\t\t\t\t\t\t\t\t<img decoding=\"async\" width=\"300\" height=\"210\" src=\"https:\/\/www.naturgy.com\/\/app\/uploads\/2023\/06\/politicas-sistema-64886e1f5f05c-1-300x210.jpg\" class=\"attachment-medium size-medium wp-image-79132\" alt=\"\" srcset=\"https:\/\/www.naturgy.com\/\/app\/uploads\/2023\/06\/politicas-sistema-64886e1f5f05c-1-300x210.jpg 300w, https:\/\/www.naturgy.com\/\/app\/uploads\/2023\/06\/politicas-sistema-64886e1f5f05c-1.jpg 500w\" sizes=\"(max-width: 300px) 100vw, 300px\" \/>\t\t\t\t\t\t\t\t\t\t\t\t\t\t\t<\/div>\n\t\t\t\t<\/div>\n\t\t<div class=\"elementor-element elementor-element-469869a e-con-full e-flex e-con e-parent\" data-id=\"469869a\" data-element_type=\"container\">\n\t\t\t\t<div class=\"elementor-element elementor-element-c6f3040 elementor-align-center elementor-widget elementor-widget-button\" data-id=\"c6f3040\" data-element_type=\"widget\" data-widget_type=\"button.default\">\n\t\t\t\t<div class=\"elementor-widget-container\">\n\t\t\t\t\t\t\t\t\t<div class=\"elementor-button-wrapper\">\n\t\t\t\t\t<a class=\"elementor-button elementor-button-link elementor-size-sm\" href=\"https:\/\/stproportalcorporativo.blob.core.windows.net\/uploads\/2023\/06\/Politica-sistema-interno-informacion.pdf\" target=\"_blank\" rel=\"noopener\">\n\t\t\t\t\t\t<span class=\"elementor-button-content-wrapper\">\n\t\t\t\t\t\t\t\t\t<span class=\"elementor-button-text\">Descargar<\/span>\n\t\t\t\t\t<\/span>\n\t\t\t\t\t<\/a>\n\t\t\t\t<\/div>\n\t\t\t\t\t\t\t\t<\/div>\n\t\t\t\t<\/div>\n\t\t\t\t<\/div>\n\t\t\t\t<\/div>\n\t\t\t\t\t<\/div>\n\t\t\t\t<\/div>\n\t\t<div class=\"elementor-element elementor-element-21208ff1 e-con-full e-flex e-con e-parent\" data-id=\"21208ff1\" data-element_type=\"container\">\n\t\t\t\t<div class=\"elementor-element elementor-element-6b1984ec elementor-widget elementor-widget-spacer\" data-id=\"6b1984ec\" data-element_type=\"widget\" data-widget_type=\"spacer.default\">\n\t\t\t\t<div class=\"elementor-widget-container\">\n\t\t\t\t\t\t\t<div class=\"elementor-spacer\">\n\t\t\t<div class=\"elementor-spacer-inner\"><\/div>\n\t\t<\/div>\n\t\t\t\t\t\t<\/div>\n\t\t\t\t<\/div>\n\t\t\t\t<\/div>\n\t\t\t\t<\/div>\n\t\t","protected":false},"excerpt":{"rendered":"<p>En cumprimento do establecido na Lei 2\/2023, do 20 de febreiro, reguladora da protecci\u00f3n das persoas que informen sobre infracci\u00f3ns normativas e de loita contra a corrupci\u00f3n, o Consello de Administraci\u00f3n de Naturgy acordou a implantaci\u00f3n do Sistema Interno de Informaci\u00f3n, que integra as distintas canles internas de informaci\u00f3n da Compa\u00f1\u00eda. A trav\u00e9s do Sistema [&hellip;]<\/p>\n","protected":false},"author":5,"featured_media":0,"parent":39945,"menu_order":0,"comment_status":"closed","ping_status":"closed","template":"","meta":{"_acf_changed":false,"footnotes":""},"class_list":["post-78967","page","type-page","status-publish","hentry"],"acf":[],"_links":{"self":[{"href":"https:\/\/www.naturgy.com\/gl\/wp-json\/wp\/v2\/pages\/78967","targetHints":{"allow":["GET"]}}],"collection":[{"href":"https:\/\/www.naturgy.com\/gl\/wp-json\/wp\/v2\/pages"}],"about":[{"href":"https:\/\/www.naturgy.com\/gl\/wp-json\/wp\/v2\/types\/page"}],"author":[{"embeddable":true,"href":"https:\/\/www.naturgy.com\/gl\/wp-json\/wp\/v2\/users\/5"}],"replies":[{"embeddable":true,"href":"https:\/\/www.naturgy.com\/gl\/wp-json\/wp\/v2\/comments?post=78967"}],"version-history":[{"count":13,"href":"https:\/\/www.naturgy.com\/gl\/wp-json\/wp\/v2\/pages\/78967\/revisions"}],"predecessor-version":[{"id":79165,"href":"https:\/\/www.naturgy.com\/gl\/wp-json\/wp\/v2\/pages\/78967\/revisions\/79165"}],"up":[{"embeddable":true,"href":"https:\/\/www.naturgy.com\/gl\/wp-json\/wp\/v2\/pages\/39945"}],"wp:attachment":[{"href":"https:\/\/www.naturgy.com\/gl\/wp-json\/wp\/v2\/media?parent=78967"}],"curies":[{"name":"wp","href":"https:\/\/api.w.org\/{rel}","templated":true}]}}