{"id":80596,"date":"2023-06-21T13:42:57","date_gmt":"2023-06-21T11:42:57","guid":{"rendered":"https:\/\/www.naturgy.com\/conecenos-naturgy\/o-grupo\/os-nosos-provedores\/cadea-de-subministracion-responsable\/medicion-de-la-huella-de-carbono-en-la-cadena-de-suministro\/"},"modified":"2023-06-30T13:59:12","modified_gmt":"2023-06-30T11:59:12","slug":"medicion-da-pegada-de-carbono-na-cadea-de-subministracion","status":"publish","type":"page","link":"https:\/\/www.naturgy.com\/gl\/conecenos-naturgy\/o-grupo\/os-nosos-provedores\/cadea-de-subministracion-responsable\/medicion-da-pegada-de-carbono-na-cadea-de-subministracion\/","title":{"rendered":"Medici\u00f3n da pegada de carbono na cadea de subministraci\u00f3n"},"content":{"rendered":"\t\t<div data-elementor-type=\"wp-page\" data-elementor-id=\"80596\" class=\"elementor elementor-80596 elementor-80291\" data-elementor-post-type=\"page\">\n\t\t\t\t<div class=\"elementor-element elementor-element-7b192122 e-flex e-con-boxed e-con e-parent\" data-id=\"7b192122\" data-element_type=\"container\">\n\t\t\t\t\t<div class=\"e-con-inner\">\n\t\t<div class=\"elementor-element elementor-element-63ad6576 e-con-full e-flex e-con e-parent\" data-id=\"63ad6576\" data-element_type=\"container\">\n\t\t\t\t<div class=\"elementor-element elementor-element-5315f59e elementor-widget elementor-widget-shortcode\" data-id=\"5315f59e\" data-element_type=\"widget\" data-widget_type=\"shortcode.default\">\n\t\t\t\t<div class=\"elementor-widget-container\">\n\t\t\t\t\t\t\t<div class=\"elementor-shortcode\"><nav aria-label=\"breadcrumbs\" class=\"rank-math-breadcrumb\"><p><span class=\"last\">Comeza<\/span><\/p><\/nav><\/div>\n\t\t\t\t\t\t<\/div>\n\t\t\t\t<\/div>\n\t\t\t\t<div class=\"elementor-element elementor-element-4905732 elementor-widget elementor-widget-heading\" data-id=\"4905732\" data-element_type=\"widget\" data-widget_type=\"heading.default\">\n\t\t\t\t<div class=\"elementor-widget-container\">\n\t\t\t\t\t<h1 class=\"elementor-heading-title elementor-size-default\">Medici\u00f3n da pegada de carbono na cadea de subministraci\u00f3n<\/h1>\t\t\t\t<\/div>\n\t\t\t\t<\/div>\n\t\t\t\t<\/div>\n\t\t<div class=\"elementor-element elementor-element-70b7996f e-con-full e-flex e-con e-parent\" data-id=\"70b7996f\" data-element_type=\"container\">\n\t\t\t\t<div class=\"elementor-element elementor-element-31df6d04 elementor-widget elementor-widget-spacer\" data-id=\"31df6d04\" data-element_type=\"widget\" data-widget_type=\"spacer.default\">\n\t\t\t\t<div class=\"elementor-widget-container\">\n\t\t\t\t\t\t\t<div class=\"elementor-spacer\">\n\t\t\t<div class=\"elementor-spacer-inner\"><\/div>\n\t\t<\/div>\n\t\t\t\t\t\t<\/div>\n\t\t\t\t<\/div>\n\t\t\t\t<div class=\"elementor-element elementor-element-a0034d8 elementor-widget elementor-widget-image\" data-id=\"a0034d8\" data-element_type=\"widget\" data-widget_type=\"image.default\">\n\t\t\t\t<div class=\"elementor-widget-container\">\n\t\t\t\t\t\t\t\t\t\t\t\t<figure class=\"wp-caption\">\n\t\t\t\t\t\t\t\t\t\t<img fetchpriority=\"high\" decoding=\"async\" width=\"2560\" height=\"1378\" src=\"https:\/\/www.naturgy.com\/\/app\/uploads\/2023\/06\/Huella-de-carbono-scaled.jpg\" class=\"attachment-full size-full wp-image-80313\" alt=\"\" srcset=\"https:\/\/www.naturgy.com\/\/app\/uploads\/2023\/06\/Huella-de-carbono-scaled.jpg 2560w, https:\/\/www.naturgy.com\/\/app\/uploads\/2023\/06\/Huella-de-carbono-300x162.jpg 300w, https:\/\/www.naturgy.com\/\/app\/uploads\/2023\/06\/Huella-de-carbono-1024x551.jpg 1024w, https:\/\/www.naturgy.com\/\/app\/uploads\/2023\/06\/Huella-de-carbono-768x414.jpg 768w, https:\/\/www.naturgy.com\/\/app\/uploads\/2023\/06\/Huella-de-carbono-1536x827.jpg 1536w, https:\/\/www.naturgy.com\/\/app\/uploads\/2023\/06\/Huella-de-carbono-2048x1103.jpg 2048w\" sizes=\"(max-width: 2560px) 100vw, 2560px\" \/>\t\t\t\t\t\t\t\t\t\t\t<figcaption class=\"widget-image-caption wp-caption-text\">En materia de sostibilidade ambiental, Naturgy decidiu ir un paso m\u00e1is al\u00e1: dende este ano, un novo criterio nos procesos de compras, inclu\u00edndo unha valoraci\u00f3n progresiva da medici\u00f3n da pegada de carbono dos seus provedores nos procesos de licitaci\u00f3n. Deste xeito, incorpora a xesti\u00f3n da loita fronte ao cambio clim\u00e1tico na avaliaci\u00f3n do desempe\u00f1o das empresas coas que traballa.<\/figcaption>\n\t\t\t\t\t\t\t\t\t\t<\/figure>\n\t\t\t\t\t\t\t\t\t<\/div>\n\t\t\t\t<\/div>\n\t\t\t\t<\/div>\n\t\t<div class=\"elementor-element elementor-element-59f13af9 e-con-full e-flex e-con e-parent\" data-id=\"59f13af9\" data-element_type=\"container\">\n\t\t\t\t<div class=\"elementor-element elementor-element-313e267 elementor-widget elementor-widget-spacer\" data-id=\"313e267\" data-element_type=\"widget\" data-widget_type=\"spacer.default\">\n\t\t\t\t<div class=\"elementor-widget-container\">\n\t\t\t\t\t\t\t<div class=\"elementor-spacer\">\n\t\t\t<div class=\"elementor-spacer-inner\"><\/div>\n\t\t<\/div>\n\t\t\t\t\t\t<\/div>\n\t\t\t\t<\/div>\n\t\t\t\t<\/div>\n\t\t\t\t\t<\/div>\n\t\t\t\t<\/div>\n\t\t<div class=\"elementor-element elementor-element-772748ce e-flex e-con-boxed e-con e-parent\" data-id=\"772748ce\" data-element_type=\"container\">\n\t\t\t\t\t<div class=\"e-con-inner\">\n\t\t\t\t<div class=\"elementor-element elementor-element-673d3704 elementor-widget elementor-widget-heading\" data-id=\"673d3704\" data-element_type=\"widget\" data-widget_type=\"heading.default\">\n\t\t\t\t<div class=\"elementor-widget-container\">\n\t\t\t\t\t<h2 class=\"elementor-heading-title elementor-size-default\">Fases de implantaci\u00f3n<\/h2>\t\t\t\t<\/div>\n\t\t\t\t<\/div>\n\t\t\t\t<div class=\"elementor-element elementor-element-18ac136a elementor-widget elementor-widget-text-editor\" data-id=\"18ac136a\" data-element_type=\"widget\" data-widget_type=\"text-editor.default\">\n\t\t\t\t<div class=\"elementor-widget-container\">\n\t\t\t\t\t\t\t\t\t<p>Na implantaci\u00f3n deste requisito, a compa\u00f1\u00eda estableceu d\u00faas fases:<\/p><ul><li><strong> Nunha primeira, implantada en 2022, d<\/strong>e xeito voluntario os provedores son invitados a inclu\u00edr como parte da s\u00faa oferta t\u00e9cnica un certificado que<br \/>verifique a medici\u00f3n da s\u00faa pegada de carbono por unha entidade acreditada. Esta informaci\u00f3n poder\u00e1 ser valorada<br \/>positivamente por Naturgy na decisi\u00f3n de adxudicaci\u00f3n. A partir de 2023 e para compras cun determinado<br \/>nivel de risco en cambio clim\u00e1tico, a presentaci\u00f3n deste certificado \u00e9 obrigatoria.<\/li><li><strong>Adicionalmente, dende xaneiro de 2022,<\/strong> Naturgy esixe contractualmente que determinados provedores, en funci\u00f3n do seu risco derivado do cambio clim\u00e1tico ou polo importe do contrato polo que licitan, informen anualmente a compa\u00f1\u00eda do seu grao de desempe\u00f1o en materia clim\u00e1tica completando o cuestionario CDP Supply Chain.<\/li><\/ul>\t\t\t\t\t\t\t\t<\/div>\n\t\t\t\t<\/div>\n\t\t\t\t\t<\/div>\n\t\t\t\t<\/div>\n\t\t<div class=\"elementor-element elementor-element-c0d0c93 e-flex e-con-boxed e-con e-parent\" data-id=\"c0d0c93\" data-element_type=\"container\">\n\t\t\t\t\t<div class=\"e-con-inner\">\n\t\t\t\t<div class=\"elementor-element elementor-element-79d5fec elementor-widget elementor-widget-spacer\" data-id=\"79d5fec\" data-element_type=\"widget\" data-widget_type=\"spacer.default\">\n\t\t\t\t<div class=\"elementor-widget-container\">\n\t\t\t\t\t\t\t<div class=\"elementor-spacer\">\n\t\t\t<div class=\"elementor-spacer-inner\"><\/div>\n\t\t<\/div>\n\t\t\t\t\t\t<\/div>\n\t\t\t\t<\/div>\n\t\t\t\t<div class=\"elementor-element elementor-element-9f64c84 elementor-widget elementor-widget-heading\" data-id=\"9f64c84\" data-element_type=\"widget\" data-widget_type=\"heading.default\">\n\t\t\t\t<div class=\"elementor-widget-container\">\n\t\t\t\t\t<h2 class=\"elementor-heading-title elementor-size-default\">Formaci\u00f3n para empregados\n<\/h2>\t\t\t\t<\/div>\n\t\t\t\t<\/div>\n\t\t\t\t<div class=\"elementor-element elementor-element-e2ac905 elementor-widget elementor-widget-text-editor\" data-id=\"e2ac905\" data-element_type=\"widget\" data-widget_type=\"text-editor.default\">\n\t\t\t\t<div class=\"elementor-widget-container\">\n\t\t\t\t\t\t\t\t\t<p>Para asegurar o \u00e9xito desta iniciativa, a participaci\u00f3n do equipo humano implicado no proceso de compras \u00e9 esencial. Para iso, e a trav\u00e9s de sesi\u00f3ns de formaci\u00f3n espec\u00edficas, as persoas involucradas recibiron os co\u00f1ecementos necesarios para entender as novidades que estes cambios introducen no proceso de compras e as s\u00faas implicaci\u00f3ns.<\/p><p>Esta acci\u00f3n formativa espec\u00edfica s\u00famase a outras acci\u00f3ns de formaci\u00f3n e divulgaci\u00f3n de co\u00f1ecemento dirixidas aos empregados que fan parte dos equipos de compras. Estes programas formativos real\u00edzanse de xeito recorrente co obxectivo de garantir a aplicaci\u00f3n efectiva dos principios de sostibilidade entre os compradores da empresa e as partes interesadas internas que participan nas decisi\u00f3ns de compra, co fin de proporcionarlles co\u00f1ecementos esenciais sobre o dese\u00f1o de estratexias sostibles, tendo en conta os posibles impactos na sociedade e o medio ambiente.<br \/><br \/><\/p>\t\t\t\t\t\t\t\t<\/div>\n\t\t\t\t<\/div>\n\t\t\t\t\t<\/div>\n\t\t\t\t<\/div>\n\t\t<div class=\"elementor-element elementor-element-41e0782c e-con-full e-flex e-con e-parent\" data-id=\"41e0782c\" data-element_type=\"container\">\n\t\t\t\t<div class=\"elementor-element elementor-element-275a157c elementor-widget elementor-widget-spacer\" data-id=\"275a157c\" data-element_type=\"widget\" data-widget_type=\"spacer.default\">\n\t\t\t\t<div class=\"elementor-widget-container\">\n\t\t\t\t\t\t\t<div class=\"elementor-spacer\">\n\t\t\t<div class=\"elementor-spacer-inner\"><\/div>\n\t\t<\/div>\n\t\t\t\t\t\t<\/div>\n\t\t\t\t<\/div>\n\t\t\t\t<\/div>\n\t\t<div class=\"elementor-element elementor-element-4c661673 e-con-full e-flex e-con e-parent\" data-id=\"4c661673\" data-element_type=\"container\">\n\t\t\t\t<div class=\"elementor-element elementor-element-181db917 elementor-widget elementor-widget-spacer\" data-id=\"181db917\" data-element_type=\"widget\" data-widget_type=\"spacer.default\">\n\t\t\t\t<div class=\"elementor-widget-container\">\n\t\t\t\t\t\t\t<div class=\"elementor-spacer\">\n\t\t\t<div class=\"elementor-spacer-inner\"><\/div>\n\t\t<\/div>\n\t\t\t\t\t\t<\/div>\n\t\t\t\t<\/div>\n\t\t\t\t<\/div>\n\t\t\t\t<\/div>\n\t\t","protected":false},"excerpt":{"rendered":"<p>En materia de sostibilidade ambiental, Naturgy decidiu ir un paso m\u00e1is al\u00e1: dende este ano, un novo criterio nos procesos de compras, inclu\u00edndo unha valoraci\u00f3n progresiva da medici\u00f3n da pegada de carbono dos seus provedores nos procesos de licitaci\u00f3n. Deste xeito, incorpora a xesti\u00f3n da loita fronte ao cambio clim\u00e1tico na avaliaci\u00f3n do desempe\u00f1o das [&hellip;]<\/p>\n","protected":false},"author":5,"featured_media":0,"parent":40668,"menu_order":0,"comment_status":"closed","ping_status":"closed","template":"","meta":{"_acf_changed":false,"footnotes":""},"class_list":["post-80596","page","type-page","status-publish","hentry"],"acf":[],"_links":{"self":[{"href":"https:\/\/www.naturgy.com\/gl\/wp-json\/wp\/v2\/pages\/80596","targetHints":{"allow":["GET"]}}],"collection":[{"href":"https:\/\/www.naturgy.com\/gl\/wp-json\/wp\/v2\/pages"}],"about":[{"href":"https:\/\/www.naturgy.com\/gl\/wp-json\/wp\/v2\/types\/page"}],"author":[{"embeddable":true,"href":"https:\/\/www.naturgy.com\/gl\/wp-json\/wp\/v2\/users\/5"}],"replies":[{"embeddable":true,"href":"https:\/\/www.naturgy.com\/gl\/wp-json\/wp\/v2\/comments?post=80596"}],"version-history":[{"count":14,"href":"https:\/\/www.naturgy.com\/gl\/wp-json\/wp\/v2\/pages\/80596\/revisions"}],"predecessor-version":[{"id":81491,"href":"https:\/\/www.naturgy.com\/gl\/wp-json\/wp\/v2\/pages\/80596\/revisions\/81491"}],"up":[{"embeddable":true,"href":"https:\/\/www.naturgy.com\/gl\/wp-json\/wp\/v2\/pages\/40668"}],"wp:attachment":[{"href":"https:\/\/www.naturgy.com\/gl\/wp-json\/wp\/v2\/media?parent=80596"}],"curies":[{"name":"wp","href":"https:\/\/api.w.org\/{rel}","templated":true}]}}