{"id":89441,"date":"2023-02-28T07:51:08","date_gmt":"2023-02-28T06:51:08","guid":{"rendered":"https:\/\/www.naturgy.com\/accionistas-e-investidores\/noticias-para-accionistas\/"},"modified":"2023-11-16T14:06:00","modified_gmt":"2023-11-16T13:06:00","slug":"noticias-para-accionistas","status":"publish","type":"page","link":"https:\/\/www.naturgy.com\/gl\/accionistas-e-investidores\/noticias-para-accionistas\/","title":{"rendered":"Noticias para accionistas"},"content":{"rendered":"\t\t<div data-elementor-type=\"wp-page\" data-elementor-id=\"89441\" class=\"elementor elementor-89441 elementor-33285\" data-elementor-post-type=\"page\">\n\t\t\t\t<div class=\"elementor-element elementor-element-109b0045 e-flex e-con-boxed e-con e-parent\" data-id=\"109b0045\" data-element_type=\"container\">\n\t\t\t\t\t<div class=\"e-con-inner\">\n\t\t<div class=\"elementor-element elementor-element-2ac36df1 e-con-full e-flex e-con e-parent\" data-id=\"2ac36df1\" data-element_type=\"container\">\n\t\t\t\t<div class=\"elementor-element elementor-element-643a55c elementor-widget elementor-widget-shortcode\" data-id=\"643a55c\" data-element_type=\"widget\" data-widget_type=\"shortcode.default\">\n\t\t\t\t<div class=\"elementor-widget-container\">\n\t\t\t\t\t\t\t<div class=\"elementor-shortcode\"><nav aria-label=\"breadcrumbs\" class=\"rank-math-breadcrumb\"><p><span class=\"last\">Comeza<\/span><\/p><\/nav><\/div>\n\t\t\t\t\t\t<\/div>\n\t\t\t\t<\/div>\n\t\t\t\t<div class=\"elementor-element elementor-element-516c4728 elementor-widget elementor-widget-heading\" data-id=\"516c4728\" data-element_type=\"widget\" data-widget_type=\"heading.default\">\n\t\t\t\t<div class=\"elementor-widget-container\">\n\t\t\t\t\t<h1 class=\"elementor-heading-title elementor-size-default\">Noticias para accionistas<\/h1>\t\t\t\t<\/div>\n\t\t\t\t<\/div>\n\t\t\t\t<\/div>\n\t\t<div class=\"elementor-element elementor-element-65b0ed73 e-con-full e-flex e-con e-parent\" data-id=\"65b0ed73\" data-element_type=\"container\">\n\t\t\t\t<div class=\"elementor-element elementor-element-2574b51e elementor-widget elementor-widget-spacer\" data-id=\"2574b51e\" data-element_type=\"widget\" data-widget_type=\"spacer.default\">\n\t\t\t\t<div class=\"elementor-widget-container\">\n\t\t\t\t\t\t\t<div class=\"elementor-spacer\">\n\t\t\t<div class=\"elementor-spacer-inner\"><\/div>\n\t\t<\/div>\n\t\t\t\t\t\t<\/div>\n\t\t\t\t<\/div>\n\t\t\t\t<\/div>\n\t\t\t\t\t<\/div>\n\t\t\t\t<\/div>\n\t\t<div class=\"elementor-element elementor-element-3c8abcdf e-flex e-con-boxed e-con e-parent\" data-id=\"3c8abcdf\" data-element_type=\"container\">\n\t\t\t\t\t<div class=\"e-con-inner\">\n\t\t\t\t<div class=\"elementor-element elementor-element-56731c8c elementor-widget elementor-widget-text-editor\" data-id=\"56731c8c\" data-element_type=\"widget\" data-widget_type=\"text-editor.default\">\n\t\t\t\t<div class=\"elementor-widget-container\">\n\t\t\t\t\t\t\t\t\t<p>(*) Campos obligatorios.<\/p>\t\t\t\t\t\t\t\t<\/div>\n\t\t\t\t<\/div>\n\t\t\t\t<div class=\"elementor-element elementor-element-1e053356 elementor-button-align-center elementor-widget elementor-widget-form\" data-id=\"1e053356\" data-element_type=\"widget\" data-settings=\"{&quot;step_next_label&quot;:&quot;Siguiente&quot;,&quot;step_previous_label&quot;:&quot;Anterior&quot;,&quot;step_type&quot;:&quot;number_text&quot;,&quot;step_icon_shape&quot;:&quot;circle&quot;}\" data-widget_type=\"form.default\">\n\t\t\t\t<div class=\"elementor-widget-container\">\n\t\t\t\t\t\t\t<form class=\"elementor-form\" method=\"post\" name=\"Formulario\" aria-label=\"Formulario\">\n\t\t\t<input type=\"hidden\" name=\"post_id\" value=\"89441\"\/>\n\t\t\t<input type=\"hidden\" name=\"form_id\" value=\"1e053356\"\/>\n\t\t\t<input type=\"hidden\" name=\"referer_title\" value=\"\" \/>\n\n\t\t\t\n\t\t\t<div class=\"elementor-form-fields-wrapper elementor-labels-above\">\n\t\t\t\t\t\t\t\t<div class=\"elementor-field-type-email elementor-field-group elementor-column elementor-field-group-field_f9cfc16 elementor-col-50 elementor-field-required elementor-mark-required\">\n\t\t\t\t\t\t\t\t\t\t\t\t<label for=\"form-field-field_f9cfc16\" class=\"elementor-field-label\">\n\t\t\t\t\t\t\t\tCorreo electr\u00f3nico\t\t\t\t\t\t\t<\/label>\n\t\t\t\t\t\t\t\t\t\t\t\t\t\t<input size=\"1\" type=\"email\" name=\"form_fields[field_f9cfc16]\" id=\"form-field-field_f9cfc16\" class=\"elementor-field elementor-size-xs  elementor-field-textual\" required=\"required\">\n\t\t\t\t\t\t\t\t\t\t\t<\/div>\n\t\t\t\t\t\t\t\t<div class=\"elementor-field-type-select elementor-field-group elementor-column elementor-field-group-field_3ac978d elementor-col-50\">\n\t\t\t\t\t\t\t\t\t\t\t\t<label for=\"form-field-field_3ac978d\" class=\"elementor-field-label\">\n\t\t\t\t\t\t\t\tTratamiento\t\t\t\t\t\t\t<\/label>\n\t\t\t\t\t\t\t\t<div class=\"elementor-field elementor-select-wrapper remove-before \">\n\t\t\t<div class=\"select-caret-down-wrapper\">\n\t\t\t\t<i aria-hidden=\"true\" class=\"eicon-caret-down\"><\/i>\t\t\t<\/div>\n\t\t\t<select name=\"form_fields[field_3ac978d]\" id=\"form-field-field_3ac978d\" class=\"elementor-field-textual elementor-size-xs\">\n\t\t\t\t\t\t\t\t\t<option value=\"Sr.\">Sr.<\/option>\n\t\t\t\t\t\t\t\t\t<option value=\"Sra.\">Sra.<\/option>\n\t\t\t\t\t\t\t<\/select>\n\t\t<\/div>\n\t\t\t\t\t\t<\/div>\n\t\t\t\t\t\t\t\t<div class=\"elementor-field-type-text elementor-field-group elementor-column elementor-field-group-field_333193d elementor-col-50 elementor-field-required elementor-mark-required\">\n\t\t\t\t\t\t\t\t\t\t\t\t<label for=\"form-field-field_333193d\" class=\"elementor-field-label\">\n\t\t\t\t\t\t\t\tNome\t\t\t\t\t\t\t<\/label>\n\t\t\t\t\t\t\t\t\t\t\t\t\t\t<input size=\"1\" type=\"text\" name=\"form_fields[field_333193d]\" id=\"form-field-field_333193d\" class=\"elementor-field elementor-size-xs  elementor-field-textual\" required=\"required\">\n\t\t\t\t\t\t\t\t\t\t\t<\/div>\n\t\t\t\t\t\t\t\t<div class=\"elementor-field-type-text elementor-field-group elementor-column elementor-field-group-field_d68b487 elementor-col-50 elementor-field-required elementor-mark-required\">\n\t\t\t\t\t\t\t\t\t\t\t\t<label for=\"form-field-field_d68b487\" class=\"elementor-field-label\">\n\t\t\t\t\t\t\t\tApelido\t\t\t\t\t\t\t<\/label>\n\t\t\t\t\t\t\t\t\t\t\t\t\t\t<input size=\"1\" type=\"text\" name=\"form_fields[field_d68b487]\" id=\"form-field-field_d68b487\" class=\"elementor-field elementor-size-xs  elementor-field-textual\" required=\"required\">\n\t\t\t\t\t\t\t\t\t\t\t<\/div>\n\t\t\t\t\t\t\t\t<div class=\"elementor-field-type-text elementor-field-group elementor-column elementor-field-group-field_d631481 elementor-col-50\">\n\t\t\t\t\t\t\t\t\t\t\t\t<label for=\"form-field-field_d631481\" class=\"elementor-field-label\">\n\t\t\t\t\t\t\t\tDNI\t\t\t\t\t\t\t<\/label>\n\t\t\t\t\t\t\t\t\t\t\t\t\t\t<input size=\"1\" type=\"text\" name=\"form_fields[field_d631481]\" id=\"form-field-field_d631481\" class=\"elementor-field elementor-size-xs  elementor-field-textual\">\n\t\t\t\t\t\t\t\t\t\t\t<\/div>\n\t\t\t\t\t\t\t\t<div class=\"elementor-field-type-text elementor-field-group elementor-column elementor-field-group-field_62d436a elementor-col-50\">\n\t\t\t\t\t\t\t\t\t\t\t\t<label for=\"form-field-field_62d436a\" class=\"elementor-field-label\">\n\t\t\t\t\t\t\t\tCargo\t\t\t\t\t\t\t<\/label>\n\t\t\t\t\t\t\t\t\t\t\t\t\t\t<input size=\"1\" type=\"text\" name=\"form_fields[field_62d436a]\" id=\"form-field-field_62d436a\" class=\"elementor-field elementor-size-xs  elementor-field-textual\">\n\t\t\t\t\t\t\t\t\t\t\t<\/div>\n\t\t\t\t\t\t\t\t<div class=\"elementor-field-type-text elementor-field-group elementor-column elementor-field-group-field_2453944 elementor-col-50\">\n\t\t\t\t\t\t\t\t\t\t\t\t<label for=\"form-field-field_2453944\" class=\"elementor-field-label\">\n\t\t\t\t\t\t\t\tEmpresa\t\t\t\t\t\t\t<\/label>\n\t\t\t\t\t\t\t\t\t\t\t\t\t\t<input size=\"1\" type=\"text\" name=\"form_fields[field_2453944]\" id=\"form-field-field_2453944\" class=\"elementor-field elementor-size-xs  elementor-field-textual\">\n\t\t\t\t\t\t\t\t\t\t\t<\/div>\n\t\t\t\t\t\t\t\t<div class=\"elementor-field-type-tel elementor-field-group elementor-column elementor-field-group-field_76d3725 elementor-col-50\">\n\t\t\t\t\t\t\t\t\t\t\t\t<label for=\"form-field-field_76d3725\" class=\"elementor-field-label\">\n\t\t\t\t\t\t\t\tTel\u00e9fono\t\t\t\t\t\t\t<\/label>\n\t\t\t\t\t\t\t\t<input size=\"1\" type=\"tel\" name=\"form_fields[field_76d3725]\" id=\"form-field-field_76d3725\" class=\"elementor-field elementor-size-xs  elementor-field-textual\" pattern=\"[0-9()#&amp;+*-=.]+\" title=\"Only numbers and phone characters (#, -, *, etc) are accepted.\">\n\n\t\t\t\t\t\t<\/div>\n\t\t\t\t\t\t\t\t<div class=\"elementor-field-type-tel elementor-field-group elementor-column elementor-field-group-field_3380218 elementor-col-50\">\n\t\t\t\t\t\t\t\t\t\t\t\t<label for=\"form-field-field_3380218\" class=\"elementor-field-label\">\n\t\t\t\t\t\t\t\tTel\u00e9fono 2\t\t\t\t\t\t\t<\/label>\n\t\t\t\t\t\t\t\t<input size=\"1\" type=\"tel\" name=\"form_fields[field_3380218]\" id=\"form-field-field_3380218\" class=\"elementor-field elementor-size-xs  elementor-field-textual\" pattern=\"[0-9()#&amp;+*-=.]+\" title=\"Only numbers and phone characters (#, -, *, etc) are accepted.\">\n\n\t\t\t\t\t\t<\/div>\n\t\t\t\t\t\t\t\t<div class=\"elementor-field-type-text elementor-field-group elementor-column elementor-field-group-field_09efde8 elementor-col-50\">\n\t\t\t\t\t\t\t\t\t\t\t\t<label for=\"form-field-field_09efde8\" class=\"elementor-field-label\">\n\t\t\t\t\t\t\t\tDirecci\u00f3n\t\t\t\t\t\t\t<\/label>\n\t\t\t\t\t\t\t\t\t\t\t\t\t\t<input size=\"1\" type=\"text\" name=\"form_fields[field_09efde8]\" id=\"form-field-field_09efde8\" class=\"elementor-field elementor-size-xs  elementor-field-textual\">\n\t\t\t\t\t\t\t\t\t\t\t<\/div>\n\t\t\t\t\t\t\t\t<div class=\"elementor-field-type-text elementor-field-group elementor-column elementor-field-group-field_bb5a95f elementor-col-50 elementor-field-required elementor-mark-required\">\n\t\t\t\t\t\t\t\t\t\t\t\t<label for=\"form-field-field_bb5a95f\" class=\"elementor-field-label\">\n\t\t\t\t\t\t\t\tPoblaci\u00f3n\t\t\t\t\t\t\t<\/label>\n\t\t\t\t\t\t\t\t\t\t\t\t\t\t<input size=\"1\" type=\"text\" name=\"form_fields[field_bb5a95f]\" id=\"form-field-field_bb5a95f\" class=\"elementor-field elementor-size-xs  elementor-field-textual\" required=\"required\">\n\t\t\t\t\t\t\t\t\t\t\t<\/div>\n\t\t\t\t\t\t\t\t<div class=\"elementor-field-type-text elementor-field-group elementor-column elementor-field-group-field_6769b5d elementor-col-50\">\n\t\t\t\t\t\t\t\t\t\t\t\t<label for=\"form-field-field_6769b5d\" class=\"elementor-field-label\">\n\t\t\t\t\t\t\t\tC\u00f3digo Postal\t\t\t\t\t\t\t<\/label>\n\t\t\t\t\t\t\t\t\t\t\t\t\t\t<input size=\"1\" type=\"text\" name=\"form_fields[field_6769b5d]\" id=\"form-field-field_6769b5d\" class=\"elementor-field elementor-size-xs  elementor-field-textual\">\n\t\t\t\t\t\t\t\t\t\t\t<\/div>\n\t\t\t\t\t\t\t\t<div class=\"elementor-field-type-text elementor-field-group elementor-column elementor-field-group-field_b8ad18c elementor-col-50 elementor-field-required elementor-mark-required\">\n\t\t\t\t\t\t\t\t\t\t\t\t<label for=\"form-field-field_b8ad18c\" class=\"elementor-field-label\">\n\t\t\t\t\t\t\t\tProvincia\t\t\t\t\t\t\t<\/label>\n\t\t\t\t\t\t\t\t\t\t\t\t\t\t<input size=\"1\" type=\"text\" name=\"form_fields[field_b8ad18c]\" id=\"form-field-field_b8ad18c\" class=\"elementor-field elementor-size-xs  elementor-field-textual\" required=\"required\">\n\t\t\t\t\t\t\t\t\t\t\t<\/div>\n\t\t\t\t\t\t\t\t<div class=\"elementor-field-type-select elementor-field-group elementor-column elementor-field-group-field_eed4a69 elementor-col-50 elementor-field-required elementor-mark-required\">\n\t\t\t\t\t\t\t\t\t\t\t\t<label for=\"form-field-field_eed4a69\" class=\"elementor-field-label\">\n\t\t\t\t\t\t\t\tPa\u00eds\t\t\t\t\t\t\t<\/label>\n\t\t\t\t\t\t\t\t<div class=\"elementor-field elementor-select-wrapper remove-before \">\n\t\t\t<div class=\"select-caret-down-wrapper\">\n\t\t\t\t<i aria-hidden=\"true\" class=\"eicon-caret-down\"><\/i>\t\t\t<\/div>\n\t\t\t<select name=\"form_fields[field_eed4a69]\" id=\"form-field-field_eed4a69\" class=\"elementor-field-textual elementor-size-xs\" required=\"required\">\n\t\t\t\t\t\t\t\t\t<option value=\"Alema\u00f1a\">Alema\u00f1a<\/option>\n\t\t\t\t\t\t\t\t\t<option value=\"Arxentina\">Arxentina<\/option>\n\t\t\t\t\t\t\t\t\t<option value=\"Australia\">Australia<\/option>\n\t\t\t\t\t\t\t\t\t<option value=\"Austria\">Austria<\/option>\n\t\t\t\t\t\t\t\t\t<option value=\"B\u00e9lxica\">B\u00e9lxica<\/option>\n\t\t\t\t\t\t\t\t\t<option value=\"Brasil\">Brasil<\/option>\n\t\t\t\t\t\t\t\t\t<option value=\"Canad\u00e1\">Canad\u00e1<\/option>\n\t\t\t\t\t\t\t\t\t<option value=\"Chile\">Chile<\/option>\n\t\t\t\t\t\t\t\t\t<option value=\"China\">China<\/option>\n\t\t\t\t\t\t\t\t\t<option value=\"Colombia\">Colombia<\/option>\n\t\t\t\t\t\t\t\t\t<option value=\"Dinamarca\">Dinamarca<\/option>\n\t\t\t\t\t\t\t\t\t<option value=\"Espa\u00f1a\">Espa\u00f1a<\/option>\n\t\t\t\t\t\t\t\t\t<option value=\"Estados Unidos\">Estados Unidos<\/option>\n\t\t\t\t\t\t\t\t\t<option value=\"Finlandia\">Finlandia<\/option>\n\t\t\t\t\t\t\t\t\t<option value=\"Francia\">Francia<\/option>\n\t\t\t\t\t\t\t\t\t<option value=\"Grecia\">Grecia<\/option>\n\t\t\t\t\t\t\t\t\t<option value=\"India\">India<\/option>\n\t\t\t\t\t\t\t\t\t<option value=\"Irlanda\">Irlanda<\/option>\n\t\t\t\t\t\t\t\t\t<option value=\"Israel\">Israel<\/option>\n\t\t\t\t\t\t\t\t\t<option value=\"Italia\">Italia<\/option>\n\t\t\t\t\t\t\t\t\t<option value=\"M\u00e9xico\">M\u00e9xico<\/option>\n\t\t\t\t\t\t\t\t\t<option value=\"Noruega\">Noruega<\/option>\n\t\t\t\t\t\t\t\t\t<option value=\"Panam\u00e1\">Panam\u00e1<\/option>\n\t\t\t\t\t\t\t\t\t<option value=\"Per\u00fa\">Per\u00fa<\/option>\n\t\t\t\t\t\t\t\t\t<option value=\"Polonia \">Polonia <\/option>\n\t\t\t\t\t\t\t\t\t<option value=\"Reino Unido\">Reino Unido<\/option>\n\t\t\t\t\t\t\t\t\t<option value=\"Roman\u00eda\">Roman\u00eda<\/option>\n\t\t\t\t\t\t\t\t\t<option value=\"Rusia\">Rusia<\/option>\n\t\t\t\t\t\t\t\t\t<option value=\"Singapur\">Singapur<\/option>\n\t\t\t\t\t\t\t\t\t<option value=\"Sud\u00e1frica\">Sud\u00e1frica<\/option>\n\t\t\t\t\t\t\t\t\t<option value=\"Suecia\">Suecia<\/option>\n\t\t\t\t\t\t\t\t\t<option value=\"Suiza\">Suiza<\/option>\n\t\t\t\t\t\t\t\t\t<option value=\"Xap\u00f3n\">Xap\u00f3n<\/option>\n\t\t\t\t\t\t\t\t\t<option value=\"Outros\">Outros<\/option>\n\t\t\t\t\t\t\t<\/select>\n\t\t<\/div>\n\t\t\t\t\t\t<\/div>\n\t\t\t\t\t\t\t\t<div class=\"elementor-field-type-recaptcha_v3 elementor-field-group elementor-column elementor-field-group-field_0847199 elementor-col-100 recaptcha_v3-bottomright\">\n\t\t\t\t\t<div class=\"elementor-field\" id=\"form-field-field_0847199\"><div class=\"elementor-g-recaptcha\" data-sitekey=\"6LcnFAYlAAAAAAu20p_Qh5kxLum9tPjwCKgpBK6l\" data-type=\"v3\" data-action=\"Form\" data-badge=\"bottomright\" data-size=\"invisible\"><\/div><\/div>\t\t\t\t<\/div>\n\t\t\t\t\t\t\t\t<div class=\"elementor-field-type-html elementor-field-group elementor-column elementor-field-group-field_2483f43 elementor-col-100\">\n\t\t\t\t\t<h2>Informaci\u00f3n b\u00e1sica sobre protecci\u00f3n de datos persoais<\/h2>\n<p>Los datos facilitados en este formulario ser\u00e1n tratados por Naturgy Energy Group, S.A. con el fin de enviarle notificaciones de inter\u00e9s en su calidad de accionista.\nUsted tiene derecho a acceder, rectificar y suprimir sus datos, limitar y oponerse al tratamiento, a la portabilidad de sus datos, as\u00ed como a no ser objeto de decisiones individuales automatizadas, como se explica en nuestra  <a href=\"https:\/\/www.naturgy.com\/gl\/politica-de-privacidade-accionistas\/\">Pol\u00edtica de Privacidad<\/a>, donde encontrar\u00e1 informaci\u00f3n adicional y detallada sobre Protecci\u00f3n de Datos.<\/p>\t\t\t\t<\/div>\n\t\t\t\t\t\t\t\t<div class=\"elementor-field-group elementor-column elementor-field-type-submit elementor-col-100 e-form__buttons\">\n\t\t\t\t\t<button class=\"elementor-button elementor-size-xs\" type=\"submit\">\n\t\t\t\t\t\t<span class=\"elementor-button-content-wrapper\">\n\t\t\t\t\t\t\t\t\t\t\t\t\t\t\t\t\t\t\t\t\t\t<span class=\"elementor-button-text\">Enviar<\/span>\n\t\t\t\t\t\t\t\t\t\t\t\t\t<\/span>\n\t\t\t\t\t<\/button>\n\t\t\t\t<\/div>\n\t\t\t<\/div>\n\t\t<\/form>\n\t\t\t\t\t\t<\/div>\n\t\t\t\t<\/div>\n\t\t\t\t<div class=\"elementor-element elementor-element-25baab2 elementor-widget elementor-widget-spacer\" data-id=\"25baab2\" data-element_type=\"widget\" data-widget_type=\"spacer.default\">\n\t\t\t\t<div class=\"elementor-widget-container\">\n\t\t\t\t\t\t\t<div class=\"elementor-spacer\">\n\t\t\t<div class=\"elementor-spacer-inner\"><\/div>\n\t\t<\/div>\n\t\t\t\t\t\t<\/div>\n\t\t\t\t<\/div>\n\t\t\t\t\t<\/div>\n\t\t\t\t<\/div>\n\t\t\t\t<\/div>\n\t\t","protected":false},"excerpt":{"rendered":"<p>(*) Campos obligatorios.<\/p>\n","protected":false},"author":5,"featured_media":0,"parent":42963,"menu_order":0,"comment_status":"closed","ping_status":"closed","template":"","meta":{"_acf_changed":false,"footnotes":""},"class_list":["post-89441","page","type-page","status-publish","hentry"],"acf":[],"_links":{"self":[{"href":"https:\/\/www.naturgy.com\/gl\/wp-json\/wp\/v2\/pages\/89441","targetHints":{"allow":["GET"]}}],"collection":[{"href":"https:\/\/www.naturgy.com\/gl\/wp-json\/wp\/v2\/pages"}],"about":[{"href":"https:\/\/www.naturgy.com\/gl\/wp-json\/wp\/v2\/types\/page"}],"author":[{"embeddable":true,"href":"https:\/\/www.naturgy.com\/gl\/wp-json\/wp\/v2\/users\/5"}],"replies":[{"embeddable":true,"href":"https:\/\/www.naturgy.com\/gl\/wp-json\/wp\/v2\/comments?post=89441"}],"version-history":[{"count":10,"href":"https:\/\/www.naturgy.com\/gl\/wp-json\/wp\/v2\/pages\/89441\/revisions"}],"predecessor-version":[{"id":89484,"href":"https:\/\/www.naturgy.com\/gl\/wp-json\/wp\/v2\/pages\/89441\/revisions\/89484"}],"up":[{"embeddable":true,"href":"https:\/\/www.naturgy.com\/gl\/wp-json\/wp\/v2\/pages\/42963"}],"wp:attachment":[{"href":"https:\/\/www.naturgy.com\/gl\/wp-json\/wp\/v2\/media?parent=89441"}],"curies":[{"name":"wp","href":"https:\/\/api.w.org\/{rel}","templated":true}]}}